{"id":9373,"date":"2023-09-17T18:14:24","date_gmt":"2023-09-17T18:14:24","guid":{"rendered":"https:\/\/aflamo.shop\/?post_type=product&#038;p=9373"},"modified":"2026-03-10T10:44:55","modified_gmt":"2026-03-10T10:44:55","slug":"chimenea-electrica-led-aflamo-unique-107-empotrada-de-pared","status":"publish","type":"product","link":"https:\/\/aflamo.shop\/es\/p\/chimenea-electrica-led-aflamo-unique-107-empotrada-de-pared\/","title":{"rendered":"Aflamo Unique 107 &#8211; chimenea el\u00e9ctrica empotrada\/de pared LED"},"content":{"rendered":"<p><iframe title=\"YouTube video player\" src=\"https:\/\/www.youtube.com\/embed\/5_aWbRuIkEU\" width=\"560\" height=\"315\" frameborder=\"0\" allowfullscreen=\"allowfullscreen\"><span style=\"display: inline-block; width: 0px; overflow: hidden; line-height: 0;\" data-mce-type=\"bookmark\" class=\"mce_SELRES_start\">\ufeff<\/span><\/iframe><\/p>\n<h2><strong>Chimenea el\u00e9ctrica LED Unique \u2013 hogar tridimensional, modernidad y funcionalidad<\/strong><\/h2>\n<p><strong>Unique<\/strong> es una chimenea con un hogar tridimensional. El hogar tridimensional hace que las llamas sean visibles desde tres lados, creando la ilusi\u00f3n de que el fuego te rodea por todos lados. Esto convierte a la chimenea en un elemento \u00abvivo\u00bb del espacio, lleno de movimiento y luz, brindando una sensaci\u00f3n de calidez que se extiende por todo el ambiente.<\/p>\n<p>Ideal como punto focal del sal\u00f3n: el dise\u00f1o de tres lados permite instalar la chimenea en una esquina de la habitaci\u00f3n o en el centro de una pared, lo que permite admirar las llamas desde cualquier lado. La chimenea Unique combina metal y vidrio, lo que le confiere elegancia y un aspecto moderno.<\/p>\n<h3><strong>Caracter\u00edsticas del producto<\/strong><\/h3>\n<h4><\/h4>\n<h4><strong>Llama<\/strong><\/h4>\n<ul>\n<li>La chimenea Unique permite personalizar el efecto de la llama. La posibilidad de elegir entre 6 colores diferentes de llama ofrece una amplia gama de atm\u00f3sferas, desde los tradicionales tonos naranjas hasta las llamas modernas y coloridas.<\/li>\n<li>Los colores variables permiten adaptar la chimenea a diferentes ocasiones: una cena rom\u00e1ntica, una noche relajante o una reuni\u00f3n con amigos.<\/li>\n<li>Gracias a 5 niveles de brillo, puedes ajustar la intensidad de la llama seg\u00fan tus necesidades.<\/li>\n<\/ul>\n<p><img fetchpriority=\"high\" decoding=\"async\" class=\"aligncenter wp-image-11033 \" src=\"https:\/\/aflamo.shop\/wp-content\/uploads\/2023\/09\/flames_2x3-1.jpg\" alt=\"\" width=\"462\" height=\"354\" srcset=\"https:\/\/aflamo.shop\/wp-content\/uploads\/2023\/09\/flames_2x3-1.jpg 555w, https:\/\/aflamo.shop\/wp-content\/uploads\/2023\/09\/flames_2x3-1-300x230.jpg 300w\" sizes=\"(max-width: 462px) 100vw, 462px\" \/><\/p>\n<h4><\/h4>\n<h4><strong>Impresionante hogar<\/strong><\/h4>\n<p>Hay dos tipos de hogar disponibles: <strong>troncos de cer\u00e1mica<\/strong> y <strong>cristales<\/strong>.<\/p>\n<ul>\n<li>Los troncos de cer\u00e1mica est\u00e1n dise\u00f1ados para imitar la apariencia de piezas de madera, disponibles en diferentes formas y colores, lo que permite crear composiciones variadas.<\/li>\n<li>Colocados dentro de la chimenea, los troncos de cer\u00e1mica, iluminados desde abajo, crean la ilusi\u00f3n de madera ardiendo, lo que a\u00f1ade autenticidad al fuego.<\/li>\n<\/ul>\n<p><img decoding=\"async\" class=\"aligncenter wp-image-10691 size-full\" src=\"https:\/\/aflamo.shop\/wp-content\/uploads\/2024\/06\/polana_krysztaly-e1603875138523.png\" alt=\"\" width=\"413\" height=\"297\" srcset=\"https:\/\/aflamo.shop\/wp-content\/uploads\/2024\/06\/polana_krysztaly-e1603875138523.png 413w, https:\/\/aflamo.shop\/wp-content\/uploads\/2024\/06\/polana_krysztaly-e1603875138523-300x216.png 300w\" sizes=\"(max-width: 413px) 100vw, 413px\" \/><\/p>\n<p>&nbsp;<\/p>\n<h4><strong>Varias dimensiones disponibles<\/strong><\/h4>\n<p>La chimenea est\u00e1 disponible en varias dimensiones: <strong>107 cm, 127 cm, 153 cm, 165 cm, 183 cm<\/strong>, lo que permite adaptarla perfectamente al tama\u00f1o de la habitaci\u00f3n y a la decoraci\u00f3n interior.<\/p>\n<p><img decoding=\"async\" class=\"aligncenter wp-image-11036 size-full\" src=\"https:\/\/aflamo.shop\/wp-content\/uploads\/2023\/09\/unique_unique2.jpg\" alt=\"\" width=\"492\" height=\"300\" srcset=\"https:\/\/aflamo.shop\/wp-content\/uploads\/2023\/09\/unique_unique2.jpg 492w, https:\/\/aflamo.shop\/wp-content\/uploads\/2023\/09\/unique_unique2-300x183.jpg 300w\" sizes=\"(max-width: 492px) 100vw, 492px\" \/><\/p>\n<h3><strong>Funciones y comodidad de uso<\/strong><\/h3>\n<ul>\n<li><strong>Aplicaci\u00f3n m\u00f3vil:<\/strong> Control total de la chimenea desde el smartphone. La aplicaci\u00f3n dedicada para Android e iOS permite controlar todas las funciones, desde encender hasta ajustar la llama y la iluminaci\u00f3n.<\/li>\n<\/ul>\n<p><img loading=\"lazy\" decoding=\"async\" class=\"aligncenter wp-image-11039 size-full\" src=\"https:\/\/aflamo.shop\/wp-content\/uploads\/2023\/09\/unique_app_unique.jpg\" alt=\"\" width=\"492\" height=\"300\" srcset=\"https:\/\/aflamo.shop\/wp-content\/uploads\/2023\/09\/unique_app_unique.jpg 492w, https:\/\/aflamo.shop\/wp-content\/uploads\/2023\/09\/unique_app_unique-300x183.jpg 300w\" sizes=\"(max-width: 492px) 100vw, 492px\" \/><\/p>\n<h3><\/h3>\n<h3><strong>Calefacci\u00f3n y seguridad<\/strong><\/h3>\n<ul>\n<li><strong>Funci\u00f3n de calefacci\u00f3n:<\/strong> Independiente del efecto de la llama, lo que permite usar la chimenea todo el a\u00f1o. Dos niveles de potencia de calefacci\u00f3n (750\/1500W) y regulaci\u00f3n precisa de la temperatura en el rango de 18-30\u00b0C.<\/li>\n<li><strong>Sistemas avanzados de seguridad:<\/strong> La chimenea est\u00e1 equipada con protecci\u00f3n contra el sobrecalentamiento y un sensor de ventana abierta, lo que garantiza seguridad y comodidad de uso.<\/li>\n<li><strong>Eficiencia t\u00e9rmica:<\/strong> La innovadora funci\u00f3n de emisi\u00f3n de calor permite calentar r\u00e1pidamente la habitaci\u00f3n y mantener una temperatura confortable.<\/li>\n<\/ul>\n<h3><strong>Comodidad y conveniencia<\/strong><\/h3>\n<ul>\n<li><strong>Control remoto:<\/strong> La chimenea Unique est\u00e1 equipada con un control remoto que permite controlar completamente el dispositivo sin necesidad de acercarse a la chimenea.<\/li>\n<li><strong>Temporizador y programador semanal:<\/strong> Se puede configurar el apagado autom\u00e1tico de la chimenea despu\u00e9s de un tiempo determinado. El programador semanal permite planificar el ciclo de funcionamiento de la chimenea para cada d\u00eda de la semana, lo que aumenta la comodidad y el ahorro de energ\u00eda.<\/li>\n<\/ul>\n<h3><strong>Resumen<\/strong><\/h3>\n<p>La chimenea Unique es m\u00e1s que una simple decoraci\u00f3n. Es un dispositivo innovador que combina <strong>tecnolog\u00eda, est\u00e9tica y funcionalidad<\/strong>. Gracias a las numerosas opciones de personalizaci\u00f3n de la llama, las modernas funciones de calefacci\u00f3n y la seguridad en el uso, Unique puede ser tanto un elemento decorativo como una soluci\u00f3n pr\u00e1ctica para calentar una habitaci\u00f3n.<\/p>\n<p>Si sue\u00f1as con la atm\u00f3sfera de una chimenea real sin la necesidad de un hogar tradicional, Unique es la elecci\u00f3n ideal: elegante, vers\u00e1til y f\u00e1cil de instalar. Esta chimenea traer\u00e1 calidez, confort y dise\u00f1o moderno a tu hogar, permiti\u00e9ndote disfrutar de la magia del fuego sin complicaciones.<\/p>\n<ul><strong><\/p>\n<p><a  href=\"https:\/\/aflamo.shop\/wp-content\/uploads\/2023\/09\/UNIQUE_TuyaAPP_EN-PL-DE-IT-ES-FR-CS-SK-NL.pdf\">Manual de usuario y seguridad<\/a><\/p>\n<p><\/strong><\/ul>\n<h3><strong>Dibujos t\u00e9cnicos<\/strong><\/h3>\n<p>&nbsp;<\/p>\n<ul>\n<li><strong>Unique 107<\/strong><\/li>\n<\/ul>\n<p><img loading=\"lazy\" decoding=\"async\" class=\"aligncenter wp-image-3230 size-full\" src=\"https:\/\/aflamo.shop\/wp-content\/uploads\/2023\/05\/unique-107-12.png\" alt=\"\" width=\"1026\" height=\"514\" srcset=\"https:\/\/aflamo.shop\/wp-content\/uploads\/2023\/05\/unique-107-12.png 1026w, https:\/\/aflamo.shop\/wp-content\/uploads\/2023\/05\/unique-107-12-600x301.png 600w, https:\/\/aflamo.shop\/wp-content\/uploads\/2023\/05\/unique-107-12-300x150.png 300w, https:\/\/aflamo.shop\/wp-content\/uploads\/2023\/05\/unique-107-12-1024x513.png 1024w, https:\/\/aflamo.shop\/wp-content\/uploads\/2023\/05\/unique-107-12-768x385.png 768w\" sizes=\"(max-width: 1026px) 100vw, 1026px\" \/><\/p>\n<ul>\n<li><strong>Unique 127<\/strong><\/li>\n<\/ul>\n<p><img loading=\"lazy\" decoding=\"async\" class=\"aligncenter wp-image-3236 size-full\" src=\"https:\/\/aflamo.shop\/wp-content\/uploads\/2023\/05\/unique-127.png\" alt=\"\" width=\"1047\" height=\"497\" srcset=\"https:\/\/aflamo.shop\/wp-content\/uploads\/2023\/05\/unique-127.png 1047w, https:\/\/aflamo.shop\/wp-content\/uploads\/2023\/05\/unique-127-600x285.png 600w, https:\/\/aflamo.shop\/wp-content\/uploads\/2023\/05\/unique-127-300x142.png 300w, https:\/\/aflamo.shop\/wp-content\/uploads\/2023\/05\/unique-127-1024x486.png 1024w, https:\/\/aflamo.shop\/wp-content\/uploads\/2023\/05\/unique-127-768x365.png 768w\" sizes=\"(max-width: 1047px) 100vw, 1047px\" \/><\/p>\n<ul>\n<li><strong>Unique 153<\/strong><\/li>\n<\/ul>\n<p><img loading=\"lazy\" decoding=\"async\" class=\"aligncenter wp-image-3242 size-full\" src=\"https:\/\/aflamo.shop\/wp-content\/uploads\/2023\/05\/unique-153.png\" alt=\"\" width=\"1560\" height=\"657\" srcset=\"https:\/\/aflamo.shop\/wp-content\/uploads\/2023\/05\/unique-153.png 1560w, https:\/\/aflamo.shop\/wp-content\/uploads\/2023\/05\/unique-153-600x253.png 600w, https:\/\/aflamo.shop\/wp-content\/uploads\/2023\/05\/unique-153-300x126.png 300w, https:\/\/aflamo.shop\/wp-content\/uploads\/2023\/05\/unique-153-1024x431.png 1024w, https:\/\/aflamo.shop\/wp-content\/uploads\/2023\/05\/unique-153-768x323.png 768w, https:\/\/aflamo.shop\/wp-content\/uploads\/2023\/05\/unique-153-1536x647.png 1536w\" sizes=\"(max-width: 1560px) 100vw, 1560px\" \/><\/p>\n<ul>\n<li><strong>Unique 165<\/strong><\/li>\n<\/ul>\n<p><img loading=\"lazy\" decoding=\"async\" class=\"aligncenter wp-image-3248 size-full\" src=\"https:\/\/aflamo.shop\/wp-content\/uploads\/2023\/05\/unique-166.png\" alt=\"\" width=\"1563\" height=\"620\" srcset=\"https:\/\/aflamo.shop\/wp-content\/uploads\/2023\/05\/unique-166.png 1563w, https:\/\/aflamo.shop\/wp-content\/uploads\/2023\/05\/unique-166-600x238.png 600w, https:\/\/aflamo.shop\/wp-content\/uploads\/2023\/05\/unique-166-300x119.png 300w, https:\/\/aflamo.shop\/wp-content\/uploads\/2023\/05\/unique-166-1024x406.png 1024w, https:\/\/aflamo.shop\/wp-content\/uploads\/2023\/05\/unique-166-768x305.png 768w, https:\/\/aflamo.shop\/wp-content\/uploads\/2023\/05\/unique-166-1536x609.png 1536w\" sizes=\"(max-width: 1563px) 100vw, 1563px\" \/><\/p>\n<ul>\n<li><strong>Unique 183<\/strong><\/li>\n<\/ul>\n<p><img loading=\"lazy\" decoding=\"async\" class=\"aligncenter wp-image-3254 size-full\" src=\"https:\/\/aflamo.shop\/wp-content\/uploads\/2023\/05\/unique-183-9.png\" alt=\"\" width=\"1611\" height=\"592\" srcset=\"https:\/\/aflamo.shop\/wp-content\/uploads\/2023\/05\/unique-183-9.png 1611w, https:\/\/aflamo.shop\/wp-content\/uploads\/2023\/05\/unique-183-9-600x220.png 600w, https:\/\/aflamo.shop\/wp-content\/uploads\/2023\/05\/unique-183-9-300x110.png 300w, https:\/\/aflamo.shop\/wp-content\/uploads\/2023\/05\/unique-183-9-1024x376.png 1024w, https:\/\/aflamo.shop\/wp-content\/uploads\/2023\/05\/unique-183-9-768x282.png 768w, https:\/\/aflamo.shop\/wp-content\/uploads\/2023\/05\/unique-183-9-1536x564.png 1536w\" sizes=\"(max-width: 1611px) 100vw, 1611px\" \/><\/p>\n<p>&nbsp;<\/p>\n","protected":false},"excerpt":{"rendered":"<p>Productor: Aflamo<\/p>\n<p>GETIN:5908283561988<\/p>\n<p>Chimenea el\u00e9ctrica empotrada\/de pared con funci\u00f3n de calefacci\u00f3n.<\/p>\n<ul>\n<b>Modelo:<\/b><\/p>\n<ul>\n<li><a href=\"https:\/\/aflamo.shop\/es\/p\/aflamo-unique-90-chimenea-electrica-empotrada-de-pared-led\/\">90<\/a><\/li>\n<li><a href=\"https:\/\/aflamo.shop\/es\/p\/chimenea-electrica-led-aflamo-unique-107-empotrada-de-pared\/\">107<\/a><\/li>\n<li><a href=\"https:\/\/aflamo.shop\/es\/p\/chimenea-electrica-led-aflamo-unique-127-empotrada-de-pared\/\">127<\/a><\/li>\n<\/ul>\n<ul>\n<li><a href=\"https:\/\/aflamo.shop\/es\/p\/chimenea-electrica-led-aflamo-unique-153-empotrada-de-pared\/\">153<\/a><\/li>\n<li><a href=\"https:\/\/aflamo.shop\/es\/p\/chimenea-electrica-led-aflamo-unique-165-empotrada-de-pared\/\">165<\/a><\/li>\n<li><a href=\"https:\/\/aflamo.shop\/es\/p\/chimenea-electrica-led-aflamo-unique-183-empotrada-de-pared\/\">183<\/a><\/li>\n<\/ul>\n<p><b>Dimensiones:<\/b> 107 x 43 x 20 cm<\/p>\n","protected":false},"featured_media":20458,"comment_status":"open","ping_status":"closed","template":"","meta":[],"product_brand":[],"product_cat":[678,190,687,198,669,194,193,199],"product_tag":[357],"class_list":{"0":"post-9373","1":"product","2":"type-product","3":"status-publish","4":"has-post-thumbnail","6":"product_cat-aflamo","7":"product_cat-chimeneas-electricas","8":"product_cat-chimeneas-electricas-con-aplicacion-movil","9":"product_cat-chimeneas-electricas-led-con-funcion-de-calefaccion","10":"product_cat-chimeneas-electricas-led-de-pared","11":"product_cat-chimeneas-led-de-tres-lados","12":"product_cat-chimeneas-led-empotradas","13":"product_cat-insertos-electricos-led","14":"product_tag-max-es","16":"first","17":"instock","18":"shipping-taxable","19":"purchasable","20":"product-type-simple"},"yoast_head":"<!-- This site is optimized with the Yoast SEO plugin v27.1.1 - https:\/\/yoast.com\/product\/yoast-seo-wordpress\/ -->\n<title>Aflamo Unique 107 - chimenea el\u00e9ctrica empotrada\/de pared LED - aflamo.shop - distribuidor certificado de aflamo<\/title>\n<meta name=\"description\" content=\"Chimenea \u00fanica: estilo, funcionalidad y calidez. Personalizaci\u00f3n de la llama, funci\u00f3n de calentamiento y dise\u00f1o moderno: la magia del fuego sin complicaciones.\" \/>\n<meta name=\"robots\" content=\"index, follow, max-snippet:-1, max-image-preview:large, max-video-preview:-1\" \/>\n<link rel=\"canonical\" href=\"https:\/\/aflamo.shop\/es\/p\/chimenea-electrica-led-aflamo-unique-107-empotrada-de-pared\/\" \/>\n<meta property=\"og:locale\" content=\"es_ES\" \/>\n<meta property=\"og:type\" content=\"article\" \/>\n<meta property=\"og:title\" content=\"Aflamo Unique 107 - chimenea el\u00e9ctrica empotrada\/de pared LED - aflamo.shop - distribuidor certificado de aflamo\" \/>\n<meta property=\"og:description\" content=\"Chimenea \u00fanica: estilo, funcionalidad y calidez. Personalizaci\u00f3n de la llama, funci\u00f3n de calentamiento y dise\u00f1o moderno: la magia del fuego sin complicaciones.\" \/>\n<meta property=\"og:url\" content=\"https:\/\/aflamo.shop\/es\/p\/chimenea-electrica-led-aflamo-unique-107-empotrada-de-pared\/\" \/>\n<meta property=\"og:site_name\" content=\"aflamo.shop - distribuidor certificado de aflamo\" \/>\n<meta property=\"article:modified_time\" content=\"2026-03-10T10:44:55+00:00\" \/>\n<meta property=\"og:image\" content=\"https:\/\/aflamo.shop\/wp-content\/uploads\/2025\/01\/Unique_ceramic_logs.jpg\" \/>\n\t<meta property=\"og:image:width\" content=\"2048\" \/>\n\t<meta property=\"og:image:height\" content=\"2048\" \/>\n\t<meta property=\"og:image:type\" content=\"image\/jpeg\" \/>\n<meta name=\"twitter:card\" content=\"summary_large_image\" \/>\n<meta name=\"twitter:label1\" content=\"Tiempo de lectura\" \/>\n\t<meta name=\"twitter:data1\" content=\"6 minutos\" \/>\n<script type=\"application\/ld+json\" class=\"yoast-schema-graph\">{\"@context\":\"https:\/\/schema.org\",\"@graph\":[{\"@type\":\"WebPage\",\"@id\":\"https:\/\/aflamo.shop\/es\/p\/chimenea-electrica-led-aflamo-unique-107-empotrada-de-pared\/\",\"url\":\"https:\/\/aflamo.shop\/es\/p\/chimenea-electrica-led-aflamo-unique-107-empotrada-de-pared\/\",\"name\":\"Aflamo Unique 107 - chimenea el\u00e9ctrica empotrada\/de pared LED - aflamo.shop - distribuidor certificado de aflamo\",\"isPartOf\":{\"@id\":\"https:\/\/aflamo.shop\/es\/#website\"},\"primaryImageOfPage\":{\"@id\":\"https:\/\/aflamo.shop\/es\/p\/chimenea-electrica-led-aflamo-unique-107-empotrada-de-pared\/#primaryimage\"},\"image\":{\"@id\":\"https:\/\/aflamo.shop\/es\/p\/chimenea-electrica-led-aflamo-unique-107-empotrada-de-pared\/#primaryimage\"},\"thumbnailUrl\":\"https:\/\/aflamo.shop\/wp-content\/uploads\/2025\/01\/Unique_ceramic_logs.jpg\",\"datePublished\":\"2023-09-17T18:14:24+00:00\",\"dateModified\":\"2026-03-10T10:44:55+00:00\",\"description\":\"Chimenea \u00fanica: estilo, funcionalidad y calidez. Personalizaci\u00f3n de la llama, funci\u00f3n de calentamiento y dise\u00f1o moderno: la magia del fuego sin complicaciones.\",\"breadcrumb\":{\"@id\":\"https:\/\/aflamo.shop\/es\/p\/chimenea-electrica-led-aflamo-unique-107-empotrada-de-pared\/#breadcrumb\"},\"inLanguage\":\"es\",\"potentialAction\":[{\"@type\":\"ReadAction\",\"target\":[\"https:\/\/aflamo.shop\/es\/p\/chimenea-electrica-led-aflamo-unique-107-empotrada-de-pared\/\"]}]},{\"@type\":\"ImageObject\",\"inLanguage\":\"es\",\"@id\":\"https:\/\/aflamo.shop\/es\/p\/chimenea-electrica-led-aflamo-unique-107-empotrada-de-pared\/#primaryimage\",\"url\":\"https:\/\/aflamo.shop\/wp-content\/uploads\/2025\/01\/Unique_ceramic_logs.jpg\",\"contentUrl\":\"https:\/\/aflamo.shop\/wp-content\/uploads\/2025\/01\/Unique_ceramic_logs.jpg\",\"width\":2048,\"height\":2048},{\"@type\":\"BreadcrumbList\",\"@id\":\"https:\/\/aflamo.shop\/es\/p\/chimenea-electrica-led-aflamo-unique-107-empotrada-de-pared\/#breadcrumb\",\"itemListElement\":[{\"@type\":\"ListItem\",\"position\":1,\"name\":\"P\u00e1gina principal\",\"item\":\"https:\/\/aflamo.shop\/es\/\"},{\"@type\":\"ListItem\",\"position\":2,\"name\":\"Tienda\",\"item\":\"https:\/\/aflamo.shop\/tienda\/\"},{\"@type\":\"ListItem\",\"position\":3,\"name\":\"Chimeneas el\u00e9ctricas\",\"item\":\"https:\/\/aflamo.shop\/es\/s\/chimeneas-electricas\/\"},{\"@type\":\"ListItem\",\"position\":4,\"name\":\"Aflamo Unique 107 &#8211; chimenea el\u00e9ctrica empotrada\/de pared LED\"}]},{\"@type\":\"WebSite\",\"@id\":\"https:\/\/aflamo.shop\/es\/#website\",\"url\":\"https:\/\/aflamo.shop\/es\/\",\"name\":\"aflamo.shop - distribuidor certificado de aflamo\",\"description\":\"Kominki elektryczne Aflamo i Emotion Flame z funkcj\u0105 grzania\",\"publisher\":{\"@id\":\"https:\/\/aflamo.shop\/es\/#organization\"},\"potentialAction\":[{\"@type\":\"SearchAction\",\"target\":{\"@type\":\"EntryPoint\",\"urlTemplate\":\"https:\/\/aflamo.shop\/es\/?s={search_term_string}\"},\"query-input\":{\"@type\":\"PropertyValueSpecification\",\"valueRequired\":true,\"valueName\":\"search_term_string\"}}],\"inLanguage\":\"es\"},{\"@type\":\"Organization\",\"@id\":\"https:\/\/aflamo.shop\/es\/#organization\",\"name\":\"aflamo.shop - distribuidor certificado de aflamo\",\"url\":\"https:\/\/aflamo.shop\/es\/\",\"logo\":{\"@type\":\"ImageObject\",\"inLanguage\":\"es\",\"@id\":\"https:\/\/aflamo.shop\/es\/#\/schema\/logo\/image\/\",\"url\":\"https:\/\/aflamo.shop\/wp-content\/uploads\/2019\/10\/logo2.1-1-1.svg\",\"contentUrl\":\"https:\/\/aflamo.shop\/wp-content\/uploads\/2019\/10\/logo2.1-1-1.svg\",\"caption\":\"aflamo.shop - distribuidor certificado de aflamo\"},\"image\":{\"@id\":\"https:\/\/aflamo.shop\/es\/#\/schema\/logo\/image\/\"}}]}<\/script>\n<!-- \/ Yoast SEO plugin. -->","yoast_head_json":{"title":"Aflamo Unique 107 - chimenea el\u00e9ctrica empotrada\/de pared LED - aflamo.shop - distribuidor certificado de aflamo","description":"Chimenea \u00fanica: estilo, funcionalidad y calidez. Personalizaci\u00f3n de la llama, funci\u00f3n de calentamiento y dise\u00f1o moderno: la magia del fuego sin complicaciones.","robots":{"index":"index","follow":"follow","max-snippet":"max-snippet:-1","max-image-preview":"max-image-preview:large","max-video-preview":"max-video-preview:-1"},"canonical":"https:\/\/aflamo.shop\/es\/p\/chimenea-electrica-led-aflamo-unique-107-empotrada-de-pared\/","og_locale":"es_ES","og_type":"article","og_title":"Aflamo Unique 107 - chimenea el\u00e9ctrica empotrada\/de pared LED - aflamo.shop - distribuidor certificado de aflamo","og_description":"Chimenea \u00fanica: estilo, funcionalidad y calidez. Personalizaci\u00f3n de la llama, funci\u00f3n de calentamiento y dise\u00f1o moderno: la magia del fuego sin complicaciones.","og_url":"https:\/\/aflamo.shop\/es\/p\/chimenea-electrica-led-aflamo-unique-107-empotrada-de-pared\/","og_site_name":"aflamo.shop - distribuidor certificado de aflamo","article_modified_time":"2026-03-10T10:44:55+00:00","og_image":[{"width":2048,"height":2048,"url":"https:\/\/aflamo.shop\/wp-content\/uploads\/2025\/01\/Unique_ceramic_logs.jpg","type":"image\/jpeg"}],"twitter_card":"summary_large_image","twitter_misc":{"Tiempo de lectura":"6 minutos"},"schema":{"@context":"https:\/\/schema.org","@graph":[{"@type":"WebPage","@id":"https:\/\/aflamo.shop\/es\/p\/chimenea-electrica-led-aflamo-unique-107-empotrada-de-pared\/","url":"https:\/\/aflamo.shop\/es\/p\/chimenea-electrica-led-aflamo-unique-107-empotrada-de-pared\/","name":"Aflamo Unique 107 - chimenea el\u00e9ctrica empotrada\/de pared LED - aflamo.shop - distribuidor certificado de aflamo","isPartOf":{"@id":"https:\/\/aflamo.shop\/es\/#website"},"primaryImageOfPage":{"@id":"https:\/\/aflamo.shop\/es\/p\/chimenea-electrica-led-aflamo-unique-107-empotrada-de-pared\/#primaryimage"},"image":{"@id":"https:\/\/aflamo.shop\/es\/p\/chimenea-electrica-led-aflamo-unique-107-empotrada-de-pared\/#primaryimage"},"thumbnailUrl":"https:\/\/aflamo.shop\/wp-content\/uploads\/2025\/01\/Unique_ceramic_logs.jpg","datePublished":"2023-09-17T18:14:24+00:00","dateModified":"2026-03-10T10:44:55+00:00","description":"Chimenea \u00fanica: estilo, funcionalidad y calidez. Personalizaci\u00f3n de la llama, funci\u00f3n de calentamiento y dise\u00f1o moderno: la magia del fuego sin complicaciones.","breadcrumb":{"@id":"https:\/\/aflamo.shop\/es\/p\/chimenea-electrica-led-aflamo-unique-107-empotrada-de-pared\/#breadcrumb"},"inLanguage":"es","potentialAction":[{"@type":"ReadAction","target":["https:\/\/aflamo.shop\/es\/p\/chimenea-electrica-led-aflamo-unique-107-empotrada-de-pared\/"]}]},{"@type":"ImageObject","inLanguage":"es","@id":"https:\/\/aflamo.shop\/es\/p\/chimenea-electrica-led-aflamo-unique-107-empotrada-de-pared\/#primaryimage","url":"https:\/\/aflamo.shop\/wp-content\/uploads\/2025\/01\/Unique_ceramic_logs.jpg","contentUrl":"https:\/\/aflamo.shop\/wp-content\/uploads\/2025\/01\/Unique_ceramic_logs.jpg","width":2048,"height":2048},{"@type":"BreadcrumbList","@id":"https:\/\/aflamo.shop\/es\/p\/chimenea-electrica-led-aflamo-unique-107-empotrada-de-pared\/#breadcrumb","itemListElement":[{"@type":"ListItem","position":1,"name":"P\u00e1gina principal","item":"https:\/\/aflamo.shop\/es\/"},{"@type":"ListItem","position":2,"name":"Tienda","item":"https:\/\/aflamo.shop\/tienda\/"},{"@type":"ListItem","position":3,"name":"Chimeneas el\u00e9ctricas","item":"https:\/\/aflamo.shop\/es\/s\/chimeneas-electricas\/"},{"@type":"ListItem","position":4,"name":"Aflamo Unique 107 &#8211; chimenea el\u00e9ctrica empotrada\/de pared LED"}]},{"@type":"WebSite","@id":"https:\/\/aflamo.shop\/es\/#website","url":"https:\/\/aflamo.shop\/es\/","name":"aflamo.shop - distribuidor certificado de aflamo","description":"Kominki elektryczne Aflamo i Emotion Flame z funkcj\u0105 grzania","publisher":{"@id":"https:\/\/aflamo.shop\/es\/#organization"},"potentialAction":[{"@type":"SearchAction","target":{"@type":"EntryPoint","urlTemplate":"https:\/\/aflamo.shop\/es\/?s={search_term_string}"},"query-input":{"@type":"PropertyValueSpecification","valueRequired":true,"valueName":"search_term_string"}}],"inLanguage":"es"},{"@type":"Organization","@id":"https:\/\/aflamo.shop\/es\/#organization","name":"aflamo.shop - distribuidor certificado de aflamo","url":"https:\/\/aflamo.shop\/es\/","logo":{"@type":"ImageObject","inLanguage":"es","@id":"https:\/\/aflamo.shop\/es\/#\/schema\/logo\/image\/","url":"https:\/\/aflamo.shop\/wp-content\/uploads\/2019\/10\/logo2.1-1-1.svg","contentUrl":"https:\/\/aflamo.shop\/wp-content\/uploads\/2019\/10\/logo2.1-1-1.svg","caption":"aflamo.shop - distribuidor certificado de aflamo"},"image":{"@id":"https:\/\/aflamo.shop\/es\/#\/schema\/logo\/image\/"}}]}},"_links":{"self":[{"href":"https:\/\/aflamo.shop\/es\/wp-json\/wp\/v2\/product\/9373","targetHints":{"allow":["GET"]}}],"collection":[{"href":"https:\/\/aflamo.shop\/es\/wp-json\/wp\/v2\/product"}],"about":[{"href":"https:\/\/aflamo.shop\/es\/wp-json\/wp\/v2\/types\/product"}],"replies":[{"embeddable":true,"href":"https:\/\/aflamo.shop\/es\/wp-json\/wp\/v2\/comments?post=9373"}],"wp:featuredmedia":[{"embeddable":true,"href":"https:\/\/aflamo.shop\/es\/wp-json\/wp\/v2\/media\/20458"}],"wp:attachment":[{"href":"https:\/\/aflamo.shop\/es\/wp-json\/wp\/v2\/media?parent=9373"}],"wp:term":[{"taxonomy":"product_brand","embeddable":true,"href":"https:\/\/aflamo.shop\/es\/wp-json\/wp\/v2\/product_brand?post=9373"},{"taxonomy":"product_cat","embeddable":true,"href":"https:\/\/aflamo.shop\/es\/wp-json\/wp\/v2\/product_cat?post=9373"},{"taxonomy":"product_tag","embeddable":true,"href":"https:\/\/aflamo.shop\/es\/wp-json\/wp\/v2\/product_tag?post=9373"}],"curies":[{"name":"wp","href":"https:\/\/api.w.org\/{rel}","templated":true}]}}