{"id":9265,"date":"2023-09-16T19:41:50","date_gmt":"2023-09-16T19:41:50","guid":{"rendered":"https:\/\/aflamo.shop\/?post_type=product&#038;p=9265"},"modified":"2026-03-10T11:33:47","modified_gmt":"2026-03-10T11:33:47","slug":"chimenea-electrica-led-aflamo-pride-s-127-empotrada-de-pared","status":"publish","type":"product","link":"https:\/\/aflamo.shop\/es\/p\/chimenea-electrica-led-aflamo-pride-s-127-empotrada-de-pared\/","title":{"rendered":"Aflamo Pride S 127 &#8211; chimenea el\u00e9ctrica empotrada\/de pared LED"},"content":{"rendered":"<p><iframe title=\"Reproductor de video de YouTube\" src=\"https:\/\/www.youtube.com\/embed\/3T4WXjnasos\" width=\"560\" height=\"315\" frameborder=\"0\" allowfullscreen=\"allowfullscreen\"><span data-mce-type=\"bookmark\" style=\"display: inline-block; width: 0px; overflow: hidden; line-height: 0;\" class=\"mce_SELRES_start\">\ufeff<\/span><span style=\"display: inline-block; width: 0px; overflow: hidden; line-height: 0;\" data-mce-type=\"bookmark\" class=\"mce_SELRES_start\">\ufeff<\/span><\/iframe><br \/>\n&nbsp;<\/p>\n<h1>Pride S \u2013 Elegancia moderna y comodidad en una chimenea<\/h1>\n<p>La chimenea el\u00e9ctrica de pared LED <strong>Pride S<\/strong> es un s\u00edmbolo de estilo moderno y funcionalidad, que transforma cualquier espacio en un ambiente acogedor, lleno de elegancia y sofisticaci\u00f3n. Gracias a su marco delgado y minimalista, se integra perfectamente con cualquier estilo de decoraci\u00f3n, a\u00f1adiendo clase y serenidad al ambiente. Ideal tanto para la sala, el dormitorio como para la oficina, Pride S es no solo un elemento decorativo, sino tambi\u00e9n una fuente de atm\u00f3sfera agradable y relajante.<br \/>\n<strong>\u00a1Su profundidad es de solo 13 cm!<\/strong><\/p>\n<p><img fetchpriority=\"high\" decoding=\"async\" class=\"aligncenter wp-image-3634 size-full\" src=\"https:\/\/aflamo.shop\/wp-content\/uploads\/2023\/05\/pride-s115-28.jpg\" alt=\"\" width=\"2048\" height=\"789\" srcset=\"https:\/\/aflamo.shop\/wp-content\/uploads\/2023\/05\/pride-s115-28.jpg 2048w, https:\/\/aflamo.shop\/wp-content\/uploads\/2023\/05\/pride-s115-28-600x231.jpg 600w, https:\/\/aflamo.shop\/wp-content\/uploads\/2023\/05\/pride-s115-28-300x116.jpg 300w, https:\/\/aflamo.shop\/wp-content\/uploads\/2023\/05\/pride-s115-28-1024x395.jpg 1024w, https:\/\/aflamo.shop\/wp-content\/uploads\/2023\/05\/pride-s115-28-768x296.jpg 768w, https:\/\/aflamo.shop\/wp-content\/uploads\/2023\/05\/pride-s115-28-1536x592.jpg 1536w\" sizes=\"(max-width: 2048px) 100vw, 2048px\" \/><\/p>\n<p>&nbsp;<\/p>\n<p>&nbsp;<\/p>\n<h2>Caracter\u00edsticas de la chimenea:<\/h2>\n<p>Una de las caracter\u00edsticas m\u00e1s \u00fanicas de la chimenea <strong>Pride S<\/strong> es la capacidad de personalizar completamente el efecto de la llama. Puedes ajustar el aspecto del fuego para que se adapte perfectamente al estado de \u00e1nimo, la ocasi\u00f3n o la hora del d\u00eda. Las opciones incluyen:<\/p>\n<ul>\n<li><strong>3 colores de llama:<\/strong> azul fr\u00edo y relajante; naranja c\u00e1lido y acogedor; y rojo rom\u00e1ntico y evocador. Cada color permite crear una atm\u00f3sfera diferente, ideal para cada situaci\u00f3n.<\/li>\n<li><strong>4 niveles de velocidad de la llama<\/strong>, desde una llama suave y sutil hasta un fuego din\u00e1mico e intenso.<\/li>\n<li><strong>5 niveles de brillo de la llama,<\/strong> que permiten ajustar la intensidad de la luz, desde un resplandor suave para relajarse hasta una llama brillante que anima toda la habitaci\u00f3n.<\/li>\n<\/ul>\n<p><img decoding=\"async\" class=\"aligncenter wp-image-8872 size-full\" src=\"https:\/\/aflamo.shop\/wp-content\/uploads\/2023\/08\/flames_unique-nh.jpg\" alt=\"\" width=\"506\" height=\"531\" srcset=\"https:\/\/aflamo.shop\/wp-content\/uploads\/2023\/08\/flames_unique-nh.jpg 506w, https:\/\/aflamo.shop\/wp-content\/uploads\/2023\/08\/flames_unique-nh-286x300.jpg 286w\" sizes=\"(max-width: 506px) 100vw, 506px\" \/><\/p>\n<h2>Elecci\u00f3n del lecho de fuego:<\/h2>\n<p>La chimenea <strong>Pride S<\/strong> tambi\u00e9n destaca por su versatilidad en la elecci\u00f3n del lecho de fuego. El conjunto incluye:<\/p>\n<ul>\n<li><strong>Le\u00f1os tradicionales<\/strong>, perfectos para lograr el efecto de una chimenea cl\u00e1sica aut\u00e9ntica, que recuerda el calor del hogar.<\/li>\n<li><strong>Cristales<\/strong>, elementos modernos y brillantes, que le dan un toque elegante y contempor\u00e1neo.<\/li>\n<li><strong>Piedras<\/strong>, una opci\u00f3n natural para quienes prefieren un efecto m\u00e1s discreto y minimalista.<\/li>\n<\/ul>\n<p><img decoding=\"async\" class=\"aligncenter wp-image-2836 size-full\" src=\"https:\/\/aflamo.shop\/wp-content\/uploads\/2023\/05\/palenisko-majestic.png\" alt=\"\" width=\"515\" height=\"538\" srcset=\"https:\/\/aflamo.shop\/wp-content\/uploads\/2023\/05\/palenisko-majestic.png 515w, https:\/\/aflamo.shop\/wp-content\/uploads\/2023\/05\/palenisko-majestic-287x300.png 287w\" sizes=\"(max-width: 515px) 100vw, 515px\" \/><\/p>\n<p>Estas tres opciones de lecho de fuego te permiten cambiar completamente el estilo de la chimenea, adapt\u00e1ndola al car\u00e1cter del espacio, ya sea que prefieras lo cl\u00e1sico, lo elegante o la sencillez natural.<\/p>\n<ul>\n<li>4 niveles de velocidad de la llama y 5 niveles de brillo: personalizaci\u00f3n completa del efecto de la llama.<\/li>\n<\/ul>\n<h2>Instalaci\u00f3n:<\/h2>\n<p>La chimenea <strong>Pride S<\/strong> ofrece flexibilidad de instalaci\u00f3n, lo que facilita su adaptaci\u00f3n a tu espacio. Puedes elegir entre tres opciones de montaje:<\/p>\n<ul>\n<li><strong>Montaje en la pared<\/strong> \u2013 la chimenea se convierte en el punto focal de la habitaci\u00f3n, atrayendo la atenci\u00f3n y a\u00f1adiendo elegancia.<\/li>\n<li><strong>Montaje parcial en la pared<\/strong> \u2013 ideal para quienes buscan un efecto m\u00e1s sutil e integrado.<\/li>\n<li><strong>Montaje completo en la pared<\/strong> \u2013 la chimenea se fusiona completamente en la pared, creando un aspecto moderno y minimalista que aporta armon\u00eda y coherencia.<\/li>\n<\/ul>\n<p>El conjunto incluye un soporte de montaje, que facilita el proceso de instalaci\u00f3n. Una vez instalada, puedes disfrutar inmediatamente de su apariencia \u00fanica y efectos de luz.<\/p>\n<h2>Comodidad y conveniencia:<\/h2>\n<ul>\n<li><strong>Mando a distancia<\/strong> para gestionar la chimenea f\u00e1cilmente sin necesidad de levantarse.<\/li>\n<li>No requiere ventilaci\u00f3n, evitando la necesidad de abrir ventanas y dejar entrar aire fr\u00edo o ruido del exterior.<\/li>\n<\/ul>\n<h2>Resumen:<\/h2>\n<p><strong>Pride S<\/strong> es una elegante chimenea que combina dise\u00f1o moderno, opciones de personalizaci\u00f3n de la llama y facilidad de uso. Una elecci\u00f3n excelente para quienes desean a\u00f1adir estilo y la atm\u00f3sfera de un aut\u00e9ntico hogar a su espacio, sin la necesidad de una chimenea tradicional.<\/p>\n<ul><strong><\/p>\n<p><a href=\"https:\/\/aflamo.shop\/wp-content\/uploads\/2023\/09\/Pride_EN-PL-DE-IT-ES-FR-CS-SK-NL-5.pdf\">Manual de usuario e informaci\u00f3n de seguridad importante.<\/a><\/p>\n<p><\/strong><\/ul>\n<p>&nbsp;<\/p>\n<h2>Dibujos t\u00e9cnicos<\/h2>\n<p>Pride S 92<\/p>\n<p><img loading=\"lazy\" decoding=\"async\" class=\"alignnone wp-image-3568 size-full\" src=\"https:\/\/aflamo.shop\/wp-content\/uploads\/2023\/05\/kominek-scienny-aflamo-pride-s92.png\" alt=\"\" width=\"662\" height=\"447\" srcset=\"https:\/\/aflamo.shop\/wp-content\/uploads\/2023\/05\/kominek-scienny-aflamo-pride-s92.png 662w, https:\/\/aflamo.shop\/wp-content\/uploads\/2023\/05\/kominek-scienny-aflamo-pride-s92-600x405.png 600w, https:\/\/aflamo.shop\/wp-content\/uploads\/2023\/05\/kominek-scienny-aflamo-pride-s92-300x203.png 300w\" sizes=\"(max-width: 662px) 100vw, 662px\" \/><\/p>\n<p>&nbsp;<\/p>\n<p>&nbsp;<\/p>\n<p>Pride S 115<\/p>\n<p><img loading=\"lazy\" decoding=\"async\" class=\"alignnone wp-image-3598 size-full\" src=\"https:\/\/aflamo.shop\/wp-content\/uploads\/2023\/05\/kominek-scienny-aflamo-pride-s115.png\" alt=\"\" width=\"766\" height=\"447\" srcset=\"https:\/\/aflamo.shop\/wp-content\/uploads\/2023\/05\/kominek-scienny-aflamo-pride-s115.png 766w, https:\/\/aflamo.shop\/wp-content\/uploads\/2023\/05\/kominek-scienny-aflamo-pride-s115-600x350.png 600w, https:\/\/aflamo.shop\/wp-content\/uploads\/2023\/05\/kominek-scienny-aflamo-pride-s115-300x175.png 300w\" sizes=\"(max-width: 766px) 100vw, 766px\" \/><\/p>\n<p>&nbsp;<\/p>\n<p>&nbsp;<\/p>\n<p>Pride S 127<\/p>\n<p><img loading=\"lazy\" decoding=\"async\" class=\"alignnone wp-image-3574 size-full\" src=\"https:\/\/aflamo.shop\/wp-content\/uploads\/2023\/05\/kominek-scienny-aflamo-pride-s127.png\" alt=\"\" width=\"789\" height=\"422\" srcset=\"https:\/\/aflamo.shop\/wp-content\/uploads\/2023\/05\/kominek-scienny-aflamo-pride-s127.png 789w, https:\/\/aflamo.shop\/wp-content\/uploads\/2023\/05\/kominek-scienny-aflamo-pride-s127-600x321.png 600w, https:\/\/aflamo.shop\/wp-content\/uploads\/2023\/05\/kominek-scienny-aflamo-pride-s127-300x160.png 300w, https:\/\/aflamo.shop\/wp-content\/uploads\/2023\/05\/kominek-scienny-aflamo-pride-s127-768x411.png 768w\" sizes=\"(max-width: 789px) 100vw, 789px\" \/><\/p>\n<p>&nbsp;<\/p>\n<p>&nbsp;<\/p>\n<p>Pride S 153<\/p>\n<p>&nbsp;<\/p>\n<p><img loading=\"lazy\" decoding=\"async\" class=\"alignnone wp-image-3580 size-full\" src=\"https:\/\/aflamo.shop\/wp-content\/uploads\/2023\/05\/kominek-scienny-aflamo-pride-s153.png\" alt=\"\" width=\"795\" height=\"346\" srcset=\"https:\/\/aflamo.shop\/wp-content\/uploads\/2023\/05\/kominek-scienny-aflamo-pride-s153.png 795w, https:\/\/aflamo.shop\/wp-content\/uploads\/2023\/05\/kominek-scienny-aflamo-pride-s153-600x261.png 600w, https:\/\/aflamo.shop\/wp-content\/uploads\/2023\/05\/kominek-scienny-aflamo-pride-s153-300x131.png 300w, https:\/\/aflamo.shop\/wp-content\/uploads\/2023\/05\/kominek-scienny-aflamo-pride-s153-768x334.png 768w\" sizes=\"(max-width: 795px) 100vw, 795px\" \/><\/p>\n<p>&nbsp;<\/p>\n<p>Pride S 165<\/p>\n<p>&nbsp;<\/p>\n<p><img loading=\"lazy\" decoding=\"async\" class=\"alignnone wp-image-3586 size-full\" src=\"https:\/\/aflamo.shop\/wp-content\/uploads\/2023\/05\/kominek-scienny-aflamo-pride-s165.png\" alt=\"\" width=\"800\" height=\"352\" srcset=\"https:\/\/aflamo.shop\/wp-content\/uploads\/2023\/05\/kominek-scienny-aflamo-pride-s165.png 800w, https:\/\/aflamo.shop\/wp-content\/uploads\/2023\/05\/kominek-scienny-aflamo-pride-s165-600x264.png 600w, https:\/\/aflamo.shop\/wp-content\/uploads\/2023\/05\/kominek-scienny-aflamo-pride-s165-300x132.png 300w, https:\/\/aflamo.shop\/wp-content\/uploads\/2023\/05\/kominek-scienny-aflamo-pride-s165-768x338.png 768w\" sizes=\"(max-width: 800px) 100vw, 800px\" \/><\/p>\n<p>&nbsp;<\/p>\n<p>Pride S 183<\/p>\n<p>&nbsp;<\/p>\n<p><img loading=\"lazy\" decoding=\"async\" class=\"alignnone wp-image-3592 size-full\" src=\"https:\/\/aflamo.shop\/wp-content\/uploads\/2023\/05\/kominek-scienny-aflamo-pride-s183.png\" alt=\"\" width=\"847\" height=\"332\" srcset=\"https:\/\/aflamo.shop\/wp-content\/uploads\/2023\/05\/kominek-scienny-aflamo-pride-s183.png 847w, https:\/\/aflamo.shop\/wp-content\/uploads\/2023\/05\/kominek-scienny-aflamo-pride-s183-600x235.png 600w, https:\/\/aflamo.shop\/wp-content\/uploads\/2023\/05\/kominek-scienny-aflamo-pride-s183-300x118.png 300w, https:\/\/aflamo.shop\/wp-content\/uploads\/2023\/05\/kominek-scienny-aflamo-pride-s183-768x301.png 768w\" sizes=\"(max-width: 847px) 100vw, 847px\" \/><\/p>\n<p>&nbsp;<\/p>\n<p>&nbsp;<\/p>\n<p>&nbsp;<\/p>\n","protected":false},"excerpt":{"rendered":"<p>Productor:Aflamo<\/p>\n<p>GETIN:5908283561681<\/p>\n<p>Chimenea el\u00e9ctrica empotrada\/de pared, sin funci\u00f3n de calefacci\u00f3n<\/p>\n<ul>\n<b>Modelo:<\/b><\/p>\n<ul>\n<li><a href=\"https:\/\/aflamo.shop\/es\/p\/chimenea-electrica-led-aflamo-pride-s-92-empotrada-de-pared\/\">92<\/a><\/li>\n<li><a href=\"https:\/\/aflamo.shop\/es\/p\/chimenea-electrica-led-aflamo-pride-s-115-empotrada-de-pared\/\">115<\/a><\/li>\n<li><a href=\"https:\/\/aflamo.shop\/es\/p\/chimenea-electrica-led-aflamo-pride-s-127-empotrada-de-pared\/\">127<\/a><\/li>\n<li><a href=\"https:\/\/aflamo.shop\/es\/p\/chimenea-electrica-led-aflamo-pride-s-153-empotrada-de-pared\/\">153<\/a><\/li>\n<li><a href=\"https:\/\/aflamo.shop\/es\/p\/chimenea-electrica-led-aflamo-pride-s-165-empotrada-de-pared\/\">165<\/a><\/li>\n<li><a href=\"https:\/\/aflamo.shop\/es\/p\/chimenea-electrica-led-aflamo-pride-s-183-empotrada-de-pared\/\">183<\/a><\/li>\n<\/ul>\n<p><b>Dimensiones:<\/b> 127 x 42 x 13  cm<\/p>\n","protected":false},"featured_media":3675,"comment_status":"open","ping_status":"closed","template":"","meta":[],"product_brand":[],"product_cat":[678,190,669,193,192,199],"product_tag":[357],"class_list":{"0":"post-9265","1":"product","2":"type-product","3":"status-publish","4":"has-post-thumbnail","6":"product_cat-aflamo","7":"product_cat-chimeneas-electricas","8":"product_cat-chimeneas-electricas-led-de-pared","9":"product_cat-chimeneas-led-empotradas","10":"product_cat-chimeneas-led-sin-calefaccion","11":"product_cat-insertos-electricos-led","12":"product_tag-max-es","14":"first","15":"instock","16":"shipping-taxable","17":"purchasable","18":"product-type-simple"},"yoast_head":"<!-- This site is optimized with the Yoast SEO plugin v27.1.1 - https:\/\/yoast.com\/product\/yoast-seo-wordpress\/ -->\n<title>Aflamo Pride S 127 - chimenea el\u00e9ctrica empotrada\/de pared LED - aflamo.shop - distribuidor certificado de aflamo<\/title>\n<meta name=\"description\" content=\"Chimenea el\u00e9ctrica LED Pride S: estilo moderno, elegancia y comodidad. Dise\u00f1o minimalista, perfecto para cualquier interior, crea un ambiente acogedor.\" \/>\n<meta name=\"robots\" content=\"index, follow, max-snippet:-1, max-image-preview:large, max-video-preview:-1\" \/>\n<link rel=\"canonical\" href=\"https:\/\/aflamo.shop\/es\/p\/chimenea-electrica-led-aflamo-pride-s-127-empotrada-de-pared\/\" \/>\n<meta property=\"og:locale\" content=\"es_ES\" \/>\n<meta property=\"og:type\" content=\"article\" \/>\n<meta property=\"og:title\" content=\"Aflamo Pride S 127 - chimenea el\u00e9ctrica empotrada\/de pared LED - aflamo.shop - distribuidor certificado de aflamo\" \/>\n<meta property=\"og:description\" content=\"Chimenea el\u00e9ctrica LED Pride S: estilo moderno, elegancia y comodidad. Dise\u00f1o minimalista, perfecto para cualquier interior, crea un ambiente acogedor.\" \/>\n<meta property=\"og:url\" content=\"https:\/\/aflamo.shop\/es\/p\/chimenea-electrica-led-aflamo-pride-s-127-empotrada-de-pared\/\" \/>\n<meta property=\"og:site_name\" content=\"aflamo.shop - distribuidor certificado de aflamo\" \/>\n<meta property=\"article:modified_time\" content=\"2026-03-10T11:33:47+00:00\" \/>\n<meta property=\"og:image\" content=\"https:\/\/aflamo.shop\/wp-content\/uploads\/2023\/05\/pride-s165-2_sq.jpg\" \/>\n\t<meta property=\"og:image:width\" content=\"2248\" \/>\n\t<meta property=\"og:image:height\" content=\"2248\" \/>\n\t<meta property=\"og:image:type\" content=\"image\/jpeg\" \/>\n<meta name=\"twitter:card\" content=\"summary_large_image\" \/>\n<meta name=\"twitter:label1\" content=\"Tiempo de lectura\" \/>\n\t<meta name=\"twitter:data1\" content=\"6 minutos\" \/>\n<script type=\"application\/ld+json\" class=\"yoast-schema-graph\">{\"@context\":\"https:\/\/schema.org\",\"@graph\":[{\"@type\":\"WebPage\",\"@id\":\"https:\/\/aflamo.shop\/es\/p\/chimenea-electrica-led-aflamo-pride-s-127-empotrada-de-pared\/\",\"url\":\"https:\/\/aflamo.shop\/es\/p\/chimenea-electrica-led-aflamo-pride-s-127-empotrada-de-pared\/\",\"name\":\"Aflamo Pride S 127 - chimenea el\u00e9ctrica empotrada\/de pared LED - aflamo.shop - distribuidor certificado de aflamo\",\"isPartOf\":{\"@id\":\"https:\/\/aflamo.shop\/es\/#website\"},\"primaryImageOfPage\":{\"@id\":\"https:\/\/aflamo.shop\/es\/p\/chimenea-electrica-led-aflamo-pride-s-127-empotrada-de-pared\/#primaryimage\"},\"image\":{\"@id\":\"https:\/\/aflamo.shop\/es\/p\/chimenea-electrica-led-aflamo-pride-s-127-empotrada-de-pared\/#primaryimage\"},\"thumbnailUrl\":\"https:\/\/aflamo.shop\/wp-content\/uploads\/2023\/05\/pride-s165-2_sq.jpg\",\"datePublished\":\"2023-09-16T19:41:50+00:00\",\"dateModified\":\"2026-03-10T11:33:47+00:00\",\"description\":\"Chimenea el\u00e9ctrica LED Pride S: estilo moderno, elegancia y comodidad. Dise\u00f1o minimalista, perfecto para cualquier interior, crea un ambiente acogedor.\",\"breadcrumb\":{\"@id\":\"https:\/\/aflamo.shop\/es\/p\/chimenea-electrica-led-aflamo-pride-s-127-empotrada-de-pared\/#breadcrumb\"},\"inLanguage\":\"es\",\"potentialAction\":[{\"@type\":\"ReadAction\",\"target\":[\"https:\/\/aflamo.shop\/es\/p\/chimenea-electrica-led-aflamo-pride-s-127-empotrada-de-pared\/\"]}]},{\"@type\":\"ImageObject\",\"inLanguage\":\"es\",\"@id\":\"https:\/\/aflamo.shop\/es\/p\/chimenea-electrica-led-aflamo-pride-s-127-empotrada-de-pared\/#primaryimage\",\"url\":\"https:\/\/aflamo.shop\/wp-content\/uploads\/2023\/05\/pride-s165-2_sq.jpg\",\"contentUrl\":\"https:\/\/aflamo.shop\/wp-content\/uploads\/2023\/05\/pride-s165-2_sq.jpg\",\"width\":2248,\"height\":2248},{\"@type\":\"BreadcrumbList\",\"@id\":\"https:\/\/aflamo.shop\/es\/p\/chimenea-electrica-led-aflamo-pride-s-127-empotrada-de-pared\/#breadcrumb\",\"itemListElement\":[{\"@type\":\"ListItem\",\"position\":1,\"name\":\"P\u00e1gina principal\",\"item\":\"https:\/\/aflamo.shop\/es\/\"},{\"@type\":\"ListItem\",\"position\":2,\"name\":\"Tienda\",\"item\":\"https:\/\/aflamo.shop\/tienda\/\"},{\"@type\":\"ListItem\",\"position\":3,\"name\":\"Chimeneas el\u00e9ctricas\",\"item\":\"https:\/\/aflamo.shop\/es\/s\/chimeneas-electricas\/\"},{\"@type\":\"ListItem\",\"position\":4,\"name\":\"Aflamo Pride S 127 &#8211; chimenea el\u00e9ctrica empotrada\/de pared LED\"}]},{\"@type\":\"WebSite\",\"@id\":\"https:\/\/aflamo.shop\/es\/#website\",\"url\":\"https:\/\/aflamo.shop\/es\/\",\"name\":\"aflamo.shop - distribuidor certificado de aflamo\",\"description\":\"Kominki elektryczne Aflamo i Emotion Flame z funkcj\u0105 grzania\",\"publisher\":{\"@id\":\"https:\/\/aflamo.shop\/es\/#organization\"},\"potentialAction\":[{\"@type\":\"SearchAction\",\"target\":{\"@type\":\"EntryPoint\",\"urlTemplate\":\"https:\/\/aflamo.shop\/es\/?s={search_term_string}\"},\"query-input\":{\"@type\":\"PropertyValueSpecification\",\"valueRequired\":true,\"valueName\":\"search_term_string\"}}],\"inLanguage\":\"es\"},{\"@type\":\"Organization\",\"@id\":\"https:\/\/aflamo.shop\/es\/#organization\",\"name\":\"aflamo.shop - distribuidor certificado de aflamo\",\"url\":\"https:\/\/aflamo.shop\/es\/\",\"logo\":{\"@type\":\"ImageObject\",\"inLanguage\":\"es\",\"@id\":\"https:\/\/aflamo.shop\/es\/#\/schema\/logo\/image\/\",\"url\":\"https:\/\/aflamo.shop\/wp-content\/uploads\/2019\/10\/logo2.1-1-1.svg\",\"contentUrl\":\"https:\/\/aflamo.shop\/wp-content\/uploads\/2019\/10\/logo2.1-1-1.svg\",\"caption\":\"aflamo.shop - distribuidor certificado de aflamo\"},\"image\":{\"@id\":\"https:\/\/aflamo.shop\/es\/#\/schema\/logo\/image\/\"}}]}<\/script>\n<!-- \/ Yoast SEO plugin. -->","yoast_head_json":{"title":"Aflamo Pride S 127 - chimenea el\u00e9ctrica empotrada\/de pared LED - aflamo.shop - distribuidor certificado de aflamo","description":"Chimenea el\u00e9ctrica LED Pride S: estilo moderno, elegancia y comodidad. Dise\u00f1o minimalista, perfecto para cualquier interior, crea un ambiente acogedor.","robots":{"index":"index","follow":"follow","max-snippet":"max-snippet:-1","max-image-preview":"max-image-preview:large","max-video-preview":"max-video-preview:-1"},"canonical":"https:\/\/aflamo.shop\/es\/p\/chimenea-electrica-led-aflamo-pride-s-127-empotrada-de-pared\/","og_locale":"es_ES","og_type":"article","og_title":"Aflamo Pride S 127 - chimenea el\u00e9ctrica empotrada\/de pared LED - aflamo.shop - distribuidor certificado de aflamo","og_description":"Chimenea el\u00e9ctrica LED Pride S: estilo moderno, elegancia y comodidad. Dise\u00f1o minimalista, perfecto para cualquier interior, crea un ambiente acogedor.","og_url":"https:\/\/aflamo.shop\/es\/p\/chimenea-electrica-led-aflamo-pride-s-127-empotrada-de-pared\/","og_site_name":"aflamo.shop - distribuidor certificado de aflamo","article_modified_time":"2026-03-10T11:33:47+00:00","og_image":[{"width":2248,"height":2248,"url":"https:\/\/aflamo.shop\/wp-content\/uploads\/2023\/05\/pride-s165-2_sq.jpg","type":"image\/jpeg"}],"twitter_card":"summary_large_image","twitter_misc":{"Tiempo de lectura":"6 minutos"},"schema":{"@context":"https:\/\/schema.org","@graph":[{"@type":"WebPage","@id":"https:\/\/aflamo.shop\/es\/p\/chimenea-electrica-led-aflamo-pride-s-127-empotrada-de-pared\/","url":"https:\/\/aflamo.shop\/es\/p\/chimenea-electrica-led-aflamo-pride-s-127-empotrada-de-pared\/","name":"Aflamo Pride S 127 - chimenea el\u00e9ctrica empotrada\/de pared LED - aflamo.shop - distribuidor certificado de aflamo","isPartOf":{"@id":"https:\/\/aflamo.shop\/es\/#website"},"primaryImageOfPage":{"@id":"https:\/\/aflamo.shop\/es\/p\/chimenea-electrica-led-aflamo-pride-s-127-empotrada-de-pared\/#primaryimage"},"image":{"@id":"https:\/\/aflamo.shop\/es\/p\/chimenea-electrica-led-aflamo-pride-s-127-empotrada-de-pared\/#primaryimage"},"thumbnailUrl":"https:\/\/aflamo.shop\/wp-content\/uploads\/2023\/05\/pride-s165-2_sq.jpg","datePublished":"2023-09-16T19:41:50+00:00","dateModified":"2026-03-10T11:33:47+00:00","description":"Chimenea el\u00e9ctrica LED Pride S: estilo moderno, elegancia y comodidad. Dise\u00f1o minimalista, perfecto para cualquier interior, crea un ambiente acogedor.","breadcrumb":{"@id":"https:\/\/aflamo.shop\/es\/p\/chimenea-electrica-led-aflamo-pride-s-127-empotrada-de-pared\/#breadcrumb"},"inLanguage":"es","potentialAction":[{"@type":"ReadAction","target":["https:\/\/aflamo.shop\/es\/p\/chimenea-electrica-led-aflamo-pride-s-127-empotrada-de-pared\/"]}]},{"@type":"ImageObject","inLanguage":"es","@id":"https:\/\/aflamo.shop\/es\/p\/chimenea-electrica-led-aflamo-pride-s-127-empotrada-de-pared\/#primaryimage","url":"https:\/\/aflamo.shop\/wp-content\/uploads\/2023\/05\/pride-s165-2_sq.jpg","contentUrl":"https:\/\/aflamo.shop\/wp-content\/uploads\/2023\/05\/pride-s165-2_sq.jpg","width":2248,"height":2248},{"@type":"BreadcrumbList","@id":"https:\/\/aflamo.shop\/es\/p\/chimenea-electrica-led-aflamo-pride-s-127-empotrada-de-pared\/#breadcrumb","itemListElement":[{"@type":"ListItem","position":1,"name":"P\u00e1gina principal","item":"https:\/\/aflamo.shop\/es\/"},{"@type":"ListItem","position":2,"name":"Tienda","item":"https:\/\/aflamo.shop\/tienda\/"},{"@type":"ListItem","position":3,"name":"Chimeneas el\u00e9ctricas","item":"https:\/\/aflamo.shop\/es\/s\/chimeneas-electricas\/"},{"@type":"ListItem","position":4,"name":"Aflamo Pride S 127 &#8211; chimenea el\u00e9ctrica empotrada\/de pared LED"}]},{"@type":"WebSite","@id":"https:\/\/aflamo.shop\/es\/#website","url":"https:\/\/aflamo.shop\/es\/","name":"aflamo.shop - distribuidor certificado de aflamo","description":"Kominki elektryczne Aflamo i Emotion Flame z funkcj\u0105 grzania","publisher":{"@id":"https:\/\/aflamo.shop\/es\/#organization"},"potentialAction":[{"@type":"SearchAction","target":{"@type":"EntryPoint","urlTemplate":"https:\/\/aflamo.shop\/es\/?s={search_term_string}"},"query-input":{"@type":"PropertyValueSpecification","valueRequired":true,"valueName":"search_term_string"}}],"inLanguage":"es"},{"@type":"Organization","@id":"https:\/\/aflamo.shop\/es\/#organization","name":"aflamo.shop - distribuidor certificado de aflamo","url":"https:\/\/aflamo.shop\/es\/","logo":{"@type":"ImageObject","inLanguage":"es","@id":"https:\/\/aflamo.shop\/es\/#\/schema\/logo\/image\/","url":"https:\/\/aflamo.shop\/wp-content\/uploads\/2019\/10\/logo2.1-1-1.svg","contentUrl":"https:\/\/aflamo.shop\/wp-content\/uploads\/2019\/10\/logo2.1-1-1.svg","caption":"aflamo.shop - distribuidor certificado de aflamo"},"image":{"@id":"https:\/\/aflamo.shop\/es\/#\/schema\/logo\/image\/"}}]}},"_links":{"self":[{"href":"https:\/\/aflamo.shop\/es\/wp-json\/wp\/v2\/product\/9265","targetHints":{"allow":["GET"]}}],"collection":[{"href":"https:\/\/aflamo.shop\/es\/wp-json\/wp\/v2\/product"}],"about":[{"href":"https:\/\/aflamo.shop\/es\/wp-json\/wp\/v2\/types\/product"}],"replies":[{"embeddable":true,"href":"https:\/\/aflamo.shop\/es\/wp-json\/wp\/v2\/comments?post=9265"}],"wp:featuredmedia":[{"embeddable":true,"href":"https:\/\/aflamo.shop\/es\/wp-json\/wp\/v2\/media\/3675"}],"wp:attachment":[{"href":"https:\/\/aflamo.shop\/es\/wp-json\/wp\/v2\/media?parent=9265"}],"wp:term":[{"taxonomy":"product_brand","embeddable":true,"href":"https:\/\/aflamo.shop\/es\/wp-json\/wp\/v2\/product_brand?post=9265"},{"taxonomy":"product_cat","embeddable":true,"href":"https:\/\/aflamo.shop\/es\/wp-json\/wp\/v2\/product_cat?post=9265"},{"taxonomy":"product_tag","embeddable":true,"href":"https:\/\/aflamo.shop\/es\/wp-json\/wp\/v2\/product_tag?post=9265"}],"curies":[{"name":"wp","href":"https:\/\/api.w.org\/{rel}","templated":true}]}}