{"id":8965,"date":"2023-09-15T12:00:51","date_gmt":"2023-09-15T12:00:51","guid":{"rendered":"https:\/\/aflamo.shop\/?post_type=product&#038;p=8965"},"modified":"2026-03-10T12:03:56","modified_gmt":"2026-03-10T12:03:56","slug":"chimenea-electrica-led-aflamo-unique-nh-100-empotrada-de-pared","status":"publish","type":"product","link":"https:\/\/aflamo.shop\/es\/p\/chimenea-electrica-led-aflamo-unique-nh-100-empotrada-de-pared\/","title":{"rendered":"Aflamo Unique NH 100 &#8211;  chimenea el\u00e9ctrica empotrada\/de pared LED"},"content":{"rendered":"<p><iframe width=\"560\" height=\"315\" src=\"https:\/\/www.youtube.com\/embed\/hzsjQa8QXro?si=sTEt6GvMiLLc9I4-\" title=\"YouTube video player\" frameborder=\"0\" allow=\"accelerometer; autoplay; clipboard-write; encrypted-media; gyroscope; picture-in-picture; web-share\" referrerpolicy=\"strict-origin-when-cross-origin\" allowfullscreen><\/iframe><\/p>\n<div class=\"flex-shrink-0 flex flex-col relative items-end\">\n<div class=\"pt-0\">\n<div class=\"gizmo-shadow-stroke flex h-8 w-8 items-center justify-center overflow-hidden rounded-full\">\n<div class=\"h-full w-full\">\n<div class=\"gizmo-shadow-stroke overflow-hidden rounded-full\"><\/div>\n<\/div>\n<\/div>\n<\/div>\n<\/div>\n<div class=\"group\/conversation-turn relative flex w-full min-w-0 flex-col agent-turn\">\n<div class=\"flex-col gap-1 md:gap-3\">\n<div class=\"flex max-w-full flex-col flex-grow\">\n<div class=\"min-h-8 text-message flex w-full flex-col items-end gap-2 whitespace-normal break-words [.text-message+&amp;]:mt-5\" dir=\"auto\" data-message-author-role=\"assistant\" data-message-id=\"54d54e75-f83b-4acd-b251-aa1a7dbd0119\" data-message-model-slug=\"gpt-4o\">\n<div class=\"flex w-full flex-col gap-1 empty:hidden first:pt-[3px]\">\n<div class=\"markdown prose w-full break-words dark:prose-invert light\">\n<h3><strong>Chimenea de Pared El\u00e9ctrica LED Unique NH \u2013 Belleza y Realismo en tu Espacio<\/strong><\/h3>\n<p><strong>Chimenea de pared el\u00e9ctrica LED Unique NH<\/strong> es una opci\u00f3n ideal para aquellos que buscan un elemento decorativo impactante sin funci\u00f3n de calefacci\u00f3n. Con un dise\u00f1o moderno y un hogar de tres caras, Unique NH llama la atenci\u00f3n y trae la magia del fuego realista al interior, creando un ambiente \u00fanico.<\/p>\n<h4><strong>Caracter\u00edsticas:<\/strong><\/h4>\n<h4><strong>Efecto de Llama<\/strong><\/h4>\n<p>Unique NH ofrece una amplia gama de posibilidades visuales:<\/p>\n<ul>\n<li><strong>6 colores de llama<\/strong> \u2013 Crea el ambiente adecuado con diferentes tonos de llamas.<\/li>\n<li><strong>11 colores de iluminaci\u00f3n desde arriba y del hogar<\/strong> \u2013 Los efectos de luz enriquecen la magia del fuego.<\/li>\n<\/ul>\n<p><img fetchpriority=\"high\" decoding=\"async\" class=\"aligncenter wp-image-11296 size-full\" src=\"https:\/\/aflamo.shop\/wp-content\/uploads\/2023\/09\/flames_unique-nh_6.jpg\" alt=\"\" width=\"555\" height=\"425\" srcset=\"https:\/\/aflamo.shop\/wp-content\/uploads\/2023\/09\/flames_unique-nh_6.jpg 555w, https:\/\/aflamo.shop\/wp-content\/uploads\/2023\/09\/flames_unique-nh_6-300x230.jpg 300w\" sizes=\"(max-width: 555px) 100vw, 555px\" \/><\/p>\n<p>&nbsp;<\/p>\n<ul>\n<li><strong>2 tipos de hogar<\/strong> \u2013 Incluye troncos y cristales, que se pueden cambiar seg\u00fan el estilo del ambiente.<\/li>\n<li><strong>10 colores de iluminaci\u00f3n del hogar<\/strong> y <strong>5 niveles de brillo<\/strong> \u2013 Personaliza el efecto de la llama seg\u00fan tus preferencias.<\/li>\n<\/ul>\n<p><img decoding=\"async\" class=\"aligncenter wp-image-10691 size-full\" src=\"https:\/\/aflamo.shop\/wp-content\/uploads\/2024\/06\/polana_krysztaly-e1603875138523.png\" alt=\"\" width=\"413\" height=\"297\" srcset=\"https:\/\/aflamo.shop\/wp-content\/uploads\/2024\/06\/polana_krysztaly-e1603875138523.png 413w, https:\/\/aflamo.shop\/wp-content\/uploads\/2024\/06\/polana_krysztaly-e1603875138523-300x216.png 300w\" sizes=\"(max-width: 413px) 100vw, 413px\" \/><\/p>\n<p>&nbsp;<\/p>\n<ul>\n<li><strong>Troncos de cer\u00e1mica<\/strong> \u2013 Una nueva calidad del hogar con troncos de cer\u00e1mica realistas que parecen madera verdadera en llamas. Estos elementos duraderos y est\u00e9ticos a\u00f1aden autenticidad y profundidad al efecto de la llama.<\/li>\n<\/ul>\n<p><img decoding=\"async\" class=\"aligncenter wp-image-8902 size-full\" src=\"https:\/\/aflamo.shop\/wp-content\/uploads\/2023\/08\/Unique_NH_logs_closeup.jpg\" alt=\"\" width=\"492\" height=\"300\" srcset=\"https:\/\/aflamo.shop\/wp-content\/uploads\/2023\/08\/Unique_NH_logs_closeup.jpg 492w, https:\/\/aflamo.shop\/wp-content\/uploads\/2023\/08\/Unique_NH_logs_closeup-300x183.jpg 300w\" sizes=\"(max-width: 492px) 100vw, 492px\" \/><\/p>\n<ul>\n<li><strong>Disponible en varios tama\u00f1os<\/strong> \u2013 Elige el tama\u00f1o adecuado para tu espacio: 100, 120, 140, 160 o 180 cm.<\/li>\n<\/ul>\n<p><img loading=\"lazy\" decoding=\"async\" class=\"aligncenter wp-image-8866 size-full\" src=\"https:\/\/aflamo.shop\/wp-content\/uploads\/2023\/08\/unique_unique-nh.jpg\" alt=\"\" width=\"492\" height=\"300\" srcset=\"https:\/\/aflamo.shop\/wp-content\/uploads\/2023\/08\/unique_unique-nh.jpg 492w, https:\/\/aflamo.shop\/wp-content\/uploads\/2023\/08\/unique_unique-nh-300x183.jpg 300w\" sizes=\"(max-width: 492px) 100vw, 492px\" \/><\/p>\n<h4><strong>Aplicaci\u00f3n M\u00f3vil<\/strong><\/h4>\n<p>La chimenea Unique NH ofrece opciones de control avanzadas:<\/p>\n<ul>\n<li><strong>Aplicaci\u00f3n m\u00f3vil<\/strong> \u2013 Disponible para dispositivos Android e iOS, permite un control completo de las funciones de la chimenea a trav\u00e9s del tel\u00e9fono. Descarga la aplicaci\u00f3n en Google Play o Apple Store buscando \u00abAFLAMO\u00bb.<\/li>\n<li><strong>Comandos de voz<\/strong> \u2013 Encendido y apagado de la chimenea con el asistente Amazon Alexa, para un c\u00f3modo control por voz.<\/li>\n<\/ul>\n<p><img loading=\"lazy\" decoding=\"async\" class=\"aligncenter wp-image-8869 size-full\" src=\"https:\/\/aflamo.shop\/wp-content\/uploads\/2023\/08\/unique_app_unique-nh.jpg\" alt=\"\" width=\"492\" height=\"300\" srcset=\"https:\/\/aflamo.shop\/wp-content\/uploads\/2023\/08\/unique_app_unique-nh.jpg 492w, https:\/\/aflamo.shop\/wp-content\/uploads\/2023\/08\/unique_app_unique-nh-300x183.jpg 300w\" sizes=\"(max-width: 492px) 100vw, 492px\" \/><\/p>\n<h4><strong>Instalaci\u00f3n<\/strong><\/h4>\n<p>La chimenea Unique NH se puede montar de tres maneras:<\/p>\n<ol>\n<li>Empotrada en la pared<\/li>\n<li>Parcialmente empotrada en la pared<\/li>\n<li>Colgada en la pared<\/li>\n<\/ol>\n<h4><strong>Resumen<\/strong><\/h4>\n<p><strong>Chimenea de pared el\u00e9ctrica LED Unique NH<\/strong> es la elecci\u00f3n perfecta para quienes valoran la est\u00e9tica, elegancia y tecnolog\u00edas modernas. El hogar de tres caras, los bordes finos y los troncos de cer\u00e1mica crean un efecto de llama impresionante sin necesidad de calefacci\u00f3n. Con la aplicaci\u00f3n m\u00f3vil y el control de voz, Unique NH es una chimenea que garantiza un control total y un confort excepcional. Es m\u00e1s que una chimenea: es belleza que enriquece el espacio con la magia de las llamas.<\/p>\n<ul><strong><\/p>\n<p><a href=\"https:\/\/aflamo.shop\/wp-content\/uploads\/2023\/09\/UNIQUE-NH_EN-PL-DE-IT-ES-FR-CS-SK-NL.pdf\">Manual de usuario y seguridad<\/a><\/p>\n<p><\/strong><\/ul>\n<p><strong style=\"font-size: 16px;\">Planos T\u00e9cnicos<\/strong><\/p>\n<p>Unique NH 100<\/p>\n<p><img loading=\"lazy\" decoding=\"async\" class=\"aligncenter wp-image-8905 size-full\" src=\"https:\/\/aflamo.shop\/wp-content\/uploads\/2023\/08\/Unique_NH_100.png\" alt=\"\" width=\"1423\" height=\"491\" srcset=\"https:\/\/aflamo.shop\/wp-content\/uploads\/2023\/08\/Unique_NH_100.png 1423w, https:\/\/aflamo.shop\/wp-content\/uploads\/2023\/08\/Unique_NH_100-600x207.png 600w, https:\/\/aflamo.shop\/wp-content\/uploads\/2023\/08\/Unique_NH_100-300x104.png 300w, https:\/\/aflamo.shop\/wp-content\/uploads\/2023\/08\/Unique_NH_100-1024x353.png 1024w, https:\/\/aflamo.shop\/wp-content\/uploads\/2023\/08\/Unique_NH_100-768x265.png 768w\" sizes=\"(max-width: 1423px) 100vw, 1423px\" \/><\/p>\n<p>Unique NH 120<\/p>\n<p><img loading=\"lazy\" decoding=\"async\" class=\"aligncenter wp-image-8908 size-full\" src=\"https:\/\/aflamo.shop\/wp-content\/uploads\/2023\/08\/Unique_NH_120.png\" alt=\"\" width=\"1463\" height=\"454\" srcset=\"https:\/\/aflamo.shop\/wp-content\/uploads\/2023\/08\/Unique_NH_120.png 1463w, https:\/\/aflamo.shop\/wp-content\/uploads\/2023\/08\/Unique_NH_120-600x186.png 600w, https:\/\/aflamo.shop\/wp-content\/uploads\/2023\/08\/Unique_NH_120-300x93.png 300w, https:\/\/aflamo.shop\/wp-content\/uploads\/2023\/08\/Unique_NH_120-1024x318.png 1024w, https:\/\/aflamo.shop\/wp-content\/uploads\/2023\/08\/Unique_NH_120-768x238.png 768w\" sizes=\"(max-width: 1463px) 100vw, 1463px\" \/><\/p>\n<p>Unique NH 140<\/p>\n<p><img loading=\"lazy\" decoding=\"async\" class=\"aligncenter wp-image-8911 size-full\" src=\"https:\/\/aflamo.shop\/wp-content\/uploads\/2023\/08\/Unique_NH_140.png\" alt=\"\" width=\"1534\" height=\"434\" srcset=\"https:\/\/aflamo.shop\/wp-content\/uploads\/2023\/08\/Unique_NH_140.png 1534w, https:\/\/aflamo.shop\/wp-content\/uploads\/2023\/08\/Unique_NH_140-600x170.png 600w, https:\/\/aflamo.shop\/wp-content\/uploads\/2023\/08\/Unique_NH_140-300x85.png 300w, https:\/\/aflamo.shop\/wp-content\/uploads\/2023\/08\/Unique_NH_140-1024x290.png 1024w, https:\/\/aflamo.shop\/wp-content\/uploads\/2023\/08\/Unique_NH_140-768x217.png 768w\" sizes=\"(max-width: 1534px) 100vw, 1534px\" \/><\/p>\n<\/div>\n<\/div>\n<\/div>\n<\/div>\n<\/div>\n<\/div>\n<p>&nbsp;<\/p>\n<p>Unique NH 160<\/p>\n<p>&nbsp;<\/p>\n<p><img loading=\"lazy\" decoding=\"async\" class=\"alignnone wp-image-8914 size-full\" src=\"https:\/\/aflamo.shop\/wp-content\/uploads\/2023\/08\/Unique_NH_160.png\" alt=\"\" width=\"1542\" height=\"399\" srcset=\"https:\/\/aflamo.shop\/wp-content\/uploads\/2023\/08\/Unique_NH_160.png 1542w, https:\/\/aflamo.shop\/wp-content\/uploads\/2023\/08\/Unique_NH_160-600x155.png 600w, https:\/\/aflamo.shop\/wp-content\/uploads\/2023\/08\/Unique_NH_160-300x78.png 300w, https:\/\/aflamo.shop\/wp-content\/uploads\/2023\/08\/Unique_NH_160-1024x265.png 1024w, https:\/\/aflamo.shop\/wp-content\/uploads\/2023\/08\/Unique_NH_160-768x199.png 768w, https:\/\/aflamo.shop\/wp-content\/uploads\/2023\/08\/Unique_NH_160-1536x397.png 1536w\" sizes=\"(max-width: 1542px) 100vw, 1542px\" \/><\/p>\n<p>&nbsp;<\/p>\n<p>Unique NH 180<\/p>\n<p><img loading=\"lazy\" decoding=\"async\" class=\"aligncenter wp-image-8917 size-full\" src=\"https:\/\/aflamo.shop\/wp-content\/uploads\/2023\/08\/Unique_NH_180.png\" alt=\"\" width=\"1559\" height=\"365\" srcset=\"https:\/\/aflamo.shop\/wp-content\/uploads\/2023\/08\/Unique_NH_180.png 1559w, https:\/\/aflamo.shop\/wp-content\/uploads\/2023\/08\/Unique_NH_180-600x140.png 600w, https:\/\/aflamo.shop\/wp-content\/uploads\/2023\/08\/Unique_NH_180-300x70.png 300w, https:\/\/aflamo.shop\/wp-content\/uploads\/2023\/08\/Unique_NH_180-1024x240.png 1024w, https:\/\/aflamo.shop\/wp-content\/uploads\/2023\/08\/Unique_NH_180-768x180.png 768w, https:\/\/aflamo.shop\/wp-content\/uploads\/2023\/08\/Unique_NH_180-1536x360.png 1536w\" sizes=\"(max-width: 1559px) 100vw, 1559px\" \/><\/p>\n<p>&nbsp;<\/p>\n","protected":false},"excerpt":{"rendered":"<p>Productor:Aflamo<\/p>\n<p>GETIN:5908283562398<\/p>\n<p>Chimenea el\u00e9ctrica empotrada\/de pared sin funci\u00f3n de calefacci\u00f3n<\/span><\/p>\n<ul>\n<b>Modelo:<\/b><\/p>\n<ul>\n<li><a href=\"https:\/\/aflamo.shop\/es\/p\/aflamo-unique-nh-80-chimenea-electrica-empotrada-de-pared-led\/\">80<\/a><\/li>\n<li><a href=\"https:\/\/aflamo.shop\/es\/p\/chimenea-electrica-led-aflamo-unique-nh-100-empotrada-de-pared\/\">100<\/a><\/li>\n<li><a href=\"https:\/\/aflamo.shop\/es\/p\/chimenea-electrica-led-aflamo-unique-nh-120-empotrada-de-pared\/\">120<\/a><\/li>\n<li><a href=\"https:\/\/aflamo.shop\/es\/p\/chimenea-electrica-led-aflamo-unique-nh-140-empotrada-de-pared\/\">140<\/a><\/li>\n<li><a href=\"https:\/\/aflamo.shop\/es\/p\/chimenea-electrica-led-aflamo-unique-nh-160-empotrada-de-pared\/\">160<\/a><\/li>\n<\/ul>\n<ul>\n<li><a href=\"https:\/\/aflamo.shop\/es\/p\/chimenea-electrica-led-aflamo-unique-nh-180-empotrada-de-pared\/\">180<\/a><\/li>\n<\/ul>\n<p><b>Dimensiones:<\/b> 100 x 46 x 23 cm<\/p>\n","protected":false},"featured_media":8877,"comment_status":"open","ping_status":"closed","template":"","meta":[],"product_brand":[],"product_cat":[678,190,687,669,194,193,192,199],"product_tag":[],"class_list":{"0":"post-8965","1":"product","2":"type-product","3":"status-publish","4":"has-post-thumbnail","6":"product_cat-aflamo","7":"product_cat-chimeneas-electricas","8":"product_cat-chimeneas-electricas-con-aplicacion-movil","9":"product_cat-chimeneas-electricas-led-de-pared","10":"product_cat-chimeneas-led-de-tres-lados","11":"product_cat-chimeneas-led-empotradas","12":"product_cat-chimeneas-led-sin-calefaccion","13":"product_cat-insertos-electricos-led","15":"first","16":"instock","17":"shipping-taxable","18":"purchasable","19":"product-type-simple"},"yoast_head":"<!-- This site is optimized with the Yoast SEO plugin v27.1.1 - https:\/\/yoast.com\/product\/yoast-seo-wordpress\/ -->\n<title>Aflamo Unique NH 100 - chimenea el\u00e9ctrica empotrada\/de pared LED - aflamo.shop - distribuidor certificado de aflamo<\/title>\n<meta name=\"description\" content=\"Chimenea LED NH \u00fanica: caja de fuego de tres lados, marcos delgados y le\u00f1os de cer\u00e1mica. Tecnolog\u00eda moderna, control m\u00f3vil y efecto fuego sin calefacci\u00f3n.\" \/>\n<meta name=\"robots\" content=\"index, follow, max-snippet:-1, max-image-preview:large, max-video-preview:-1\" \/>\n<link rel=\"canonical\" href=\"https:\/\/aflamo.shop\/es\/p\/chimenea-electrica-led-aflamo-unique-nh-100-empotrada-de-pared\/\" \/>\n<meta property=\"og:locale\" content=\"es_ES\" \/>\n<meta property=\"og:type\" content=\"article\" \/>\n<meta property=\"og:title\" content=\"Aflamo Unique NH 100 - chimenea el\u00e9ctrica empotrada\/de pared LED - aflamo.shop - distribuidor certificado de aflamo\" \/>\n<meta property=\"og:description\" content=\"Chimenea LED NH \u00fanica: caja de fuego de tres lados, marcos delgados y le\u00f1os de cer\u00e1mica. Tecnolog\u00eda moderna, control m\u00f3vil y efecto fuego sin calefacci\u00f3n.\" \/>\n<meta property=\"og:url\" content=\"https:\/\/aflamo.shop\/es\/p\/chimenea-electrica-led-aflamo-unique-nh-100-empotrada-de-pared\/\" \/>\n<meta property=\"og:site_name\" content=\"aflamo.shop - distribuidor certificado de aflamo\" \/>\n<meta property=\"article:modified_time\" content=\"2026-03-10T12:03:56+00:00\" \/>\n<meta property=\"og:image\" content=\"https:\/\/aflamo.shop\/wp-content\/uploads\/2023\/08\/Unique_NH_front_1_sq.jpg\" \/>\n\t<meta property=\"og:image:width\" content=\"2248\" \/>\n\t<meta property=\"og:image:height\" content=\"2248\" \/>\n\t<meta property=\"og:image:type\" content=\"image\/jpeg\" \/>\n<meta name=\"twitter:card\" content=\"summary_large_image\" \/>\n<meta name=\"twitter:label1\" content=\"Tiempo de lectura\" \/>\n\t<meta name=\"twitter:data1\" content=\"5 minutos\" \/>\n<script type=\"application\/ld+json\" class=\"yoast-schema-graph\">{\"@context\":\"https:\/\/schema.org\",\"@graph\":[{\"@type\":\"WebPage\",\"@id\":\"https:\/\/aflamo.shop\/es\/p\/chimenea-electrica-led-aflamo-unique-nh-100-empotrada-de-pared\/\",\"url\":\"https:\/\/aflamo.shop\/es\/p\/chimenea-electrica-led-aflamo-unique-nh-100-empotrada-de-pared\/\",\"name\":\"Aflamo Unique NH 100 - chimenea el\u00e9ctrica empotrada\/de pared LED - aflamo.shop - distribuidor certificado de aflamo\",\"isPartOf\":{\"@id\":\"https:\/\/aflamo.shop\/es\/#website\"},\"primaryImageOfPage\":{\"@id\":\"https:\/\/aflamo.shop\/es\/p\/chimenea-electrica-led-aflamo-unique-nh-100-empotrada-de-pared\/#primaryimage\"},\"image\":{\"@id\":\"https:\/\/aflamo.shop\/es\/p\/chimenea-electrica-led-aflamo-unique-nh-100-empotrada-de-pared\/#primaryimage\"},\"thumbnailUrl\":\"https:\/\/aflamo.shop\/wp-content\/uploads\/2023\/08\/Unique_NH_front_1_sq.jpg\",\"datePublished\":\"2023-09-15T12:00:51+00:00\",\"dateModified\":\"2026-03-10T12:03:56+00:00\",\"description\":\"Chimenea LED NH \u00fanica: caja de fuego de tres lados, marcos delgados y le\u00f1os de cer\u00e1mica. Tecnolog\u00eda moderna, control m\u00f3vil y efecto fuego sin calefacci\u00f3n.\",\"breadcrumb\":{\"@id\":\"https:\/\/aflamo.shop\/es\/p\/chimenea-electrica-led-aflamo-unique-nh-100-empotrada-de-pared\/#breadcrumb\"},\"inLanguage\":\"es\",\"potentialAction\":[{\"@type\":\"ReadAction\",\"target\":[\"https:\/\/aflamo.shop\/es\/p\/chimenea-electrica-led-aflamo-unique-nh-100-empotrada-de-pared\/\"]}]},{\"@type\":\"ImageObject\",\"inLanguage\":\"es\",\"@id\":\"https:\/\/aflamo.shop\/es\/p\/chimenea-electrica-led-aflamo-unique-nh-100-empotrada-de-pared\/#primaryimage\",\"url\":\"https:\/\/aflamo.shop\/wp-content\/uploads\/2023\/08\/Unique_NH_front_1_sq.jpg\",\"contentUrl\":\"https:\/\/aflamo.shop\/wp-content\/uploads\/2023\/08\/Unique_NH_front_1_sq.jpg\",\"width\":2248,\"height\":2248},{\"@type\":\"BreadcrumbList\",\"@id\":\"https:\/\/aflamo.shop\/es\/p\/chimenea-electrica-led-aflamo-unique-nh-100-empotrada-de-pared\/#breadcrumb\",\"itemListElement\":[{\"@type\":\"ListItem\",\"position\":1,\"name\":\"P\u00e1gina principal\",\"item\":\"https:\/\/aflamo.shop\/es\/\"},{\"@type\":\"ListItem\",\"position\":2,\"name\":\"Tienda\",\"item\":\"https:\/\/aflamo.shop\/tienda\/\"},{\"@type\":\"ListItem\",\"position\":3,\"name\":\"Chimeneas el\u00e9ctricas\",\"item\":\"https:\/\/aflamo.shop\/es\/s\/chimeneas-electricas\/\"},{\"@type\":\"ListItem\",\"position\":4,\"name\":\"Aflamo Unique NH 100 &#8211; chimenea el\u00e9ctrica empotrada\/de pared LED\"}]},{\"@type\":\"WebSite\",\"@id\":\"https:\/\/aflamo.shop\/es\/#website\",\"url\":\"https:\/\/aflamo.shop\/es\/\",\"name\":\"aflamo.shop - distribuidor certificado de aflamo\",\"description\":\"Kominki elektryczne Aflamo i Emotion Flame z funkcj\u0105 grzania\",\"publisher\":{\"@id\":\"https:\/\/aflamo.shop\/es\/#organization\"},\"potentialAction\":[{\"@type\":\"SearchAction\",\"target\":{\"@type\":\"EntryPoint\",\"urlTemplate\":\"https:\/\/aflamo.shop\/es\/?s={search_term_string}\"},\"query-input\":{\"@type\":\"PropertyValueSpecification\",\"valueRequired\":true,\"valueName\":\"search_term_string\"}}],\"inLanguage\":\"es\"},{\"@type\":\"Organization\",\"@id\":\"https:\/\/aflamo.shop\/es\/#organization\",\"name\":\"aflamo.shop - distribuidor certificado de aflamo\",\"url\":\"https:\/\/aflamo.shop\/es\/\",\"logo\":{\"@type\":\"ImageObject\",\"inLanguage\":\"es\",\"@id\":\"https:\/\/aflamo.shop\/es\/#\/schema\/logo\/image\/\",\"url\":\"https:\/\/aflamo.shop\/wp-content\/uploads\/2019\/10\/logo2.1-1-1.svg\",\"contentUrl\":\"https:\/\/aflamo.shop\/wp-content\/uploads\/2019\/10\/logo2.1-1-1.svg\",\"caption\":\"aflamo.shop - distribuidor certificado de aflamo\"},\"image\":{\"@id\":\"https:\/\/aflamo.shop\/es\/#\/schema\/logo\/image\/\"}}]}<\/script>\n<!-- \/ Yoast SEO plugin. -->","yoast_head_json":{"title":"Aflamo Unique NH 100 - chimenea el\u00e9ctrica empotrada\/de pared LED - aflamo.shop - distribuidor certificado de aflamo","description":"Chimenea LED NH \u00fanica: caja de fuego de tres lados, marcos delgados y le\u00f1os de cer\u00e1mica. Tecnolog\u00eda moderna, control m\u00f3vil y efecto fuego sin calefacci\u00f3n.","robots":{"index":"index","follow":"follow","max-snippet":"max-snippet:-1","max-image-preview":"max-image-preview:large","max-video-preview":"max-video-preview:-1"},"canonical":"https:\/\/aflamo.shop\/es\/p\/chimenea-electrica-led-aflamo-unique-nh-100-empotrada-de-pared\/","og_locale":"es_ES","og_type":"article","og_title":"Aflamo Unique NH 100 - chimenea el\u00e9ctrica empotrada\/de pared LED - aflamo.shop - distribuidor certificado de aflamo","og_description":"Chimenea LED NH \u00fanica: caja de fuego de tres lados, marcos delgados y le\u00f1os de cer\u00e1mica. Tecnolog\u00eda moderna, control m\u00f3vil y efecto fuego sin calefacci\u00f3n.","og_url":"https:\/\/aflamo.shop\/es\/p\/chimenea-electrica-led-aflamo-unique-nh-100-empotrada-de-pared\/","og_site_name":"aflamo.shop - distribuidor certificado de aflamo","article_modified_time":"2026-03-10T12:03:56+00:00","og_image":[{"width":2248,"height":2248,"url":"https:\/\/aflamo.shop\/wp-content\/uploads\/2023\/08\/Unique_NH_front_1_sq.jpg","type":"image\/jpeg"}],"twitter_card":"summary_large_image","twitter_misc":{"Tiempo de lectura":"5 minutos"},"schema":{"@context":"https:\/\/schema.org","@graph":[{"@type":"WebPage","@id":"https:\/\/aflamo.shop\/es\/p\/chimenea-electrica-led-aflamo-unique-nh-100-empotrada-de-pared\/","url":"https:\/\/aflamo.shop\/es\/p\/chimenea-electrica-led-aflamo-unique-nh-100-empotrada-de-pared\/","name":"Aflamo Unique NH 100 - chimenea el\u00e9ctrica empotrada\/de pared LED - aflamo.shop - distribuidor certificado de aflamo","isPartOf":{"@id":"https:\/\/aflamo.shop\/es\/#website"},"primaryImageOfPage":{"@id":"https:\/\/aflamo.shop\/es\/p\/chimenea-electrica-led-aflamo-unique-nh-100-empotrada-de-pared\/#primaryimage"},"image":{"@id":"https:\/\/aflamo.shop\/es\/p\/chimenea-electrica-led-aflamo-unique-nh-100-empotrada-de-pared\/#primaryimage"},"thumbnailUrl":"https:\/\/aflamo.shop\/wp-content\/uploads\/2023\/08\/Unique_NH_front_1_sq.jpg","datePublished":"2023-09-15T12:00:51+00:00","dateModified":"2026-03-10T12:03:56+00:00","description":"Chimenea LED NH \u00fanica: caja de fuego de tres lados, marcos delgados y le\u00f1os de cer\u00e1mica. Tecnolog\u00eda moderna, control m\u00f3vil y efecto fuego sin calefacci\u00f3n.","breadcrumb":{"@id":"https:\/\/aflamo.shop\/es\/p\/chimenea-electrica-led-aflamo-unique-nh-100-empotrada-de-pared\/#breadcrumb"},"inLanguage":"es","potentialAction":[{"@type":"ReadAction","target":["https:\/\/aflamo.shop\/es\/p\/chimenea-electrica-led-aflamo-unique-nh-100-empotrada-de-pared\/"]}]},{"@type":"ImageObject","inLanguage":"es","@id":"https:\/\/aflamo.shop\/es\/p\/chimenea-electrica-led-aflamo-unique-nh-100-empotrada-de-pared\/#primaryimage","url":"https:\/\/aflamo.shop\/wp-content\/uploads\/2023\/08\/Unique_NH_front_1_sq.jpg","contentUrl":"https:\/\/aflamo.shop\/wp-content\/uploads\/2023\/08\/Unique_NH_front_1_sq.jpg","width":2248,"height":2248},{"@type":"BreadcrumbList","@id":"https:\/\/aflamo.shop\/es\/p\/chimenea-electrica-led-aflamo-unique-nh-100-empotrada-de-pared\/#breadcrumb","itemListElement":[{"@type":"ListItem","position":1,"name":"P\u00e1gina principal","item":"https:\/\/aflamo.shop\/es\/"},{"@type":"ListItem","position":2,"name":"Tienda","item":"https:\/\/aflamo.shop\/tienda\/"},{"@type":"ListItem","position":3,"name":"Chimeneas el\u00e9ctricas","item":"https:\/\/aflamo.shop\/es\/s\/chimeneas-electricas\/"},{"@type":"ListItem","position":4,"name":"Aflamo Unique NH 100 &#8211; chimenea el\u00e9ctrica empotrada\/de pared LED"}]},{"@type":"WebSite","@id":"https:\/\/aflamo.shop\/es\/#website","url":"https:\/\/aflamo.shop\/es\/","name":"aflamo.shop - distribuidor certificado de aflamo","description":"Kominki elektryczne Aflamo i Emotion Flame z funkcj\u0105 grzania","publisher":{"@id":"https:\/\/aflamo.shop\/es\/#organization"},"potentialAction":[{"@type":"SearchAction","target":{"@type":"EntryPoint","urlTemplate":"https:\/\/aflamo.shop\/es\/?s={search_term_string}"},"query-input":{"@type":"PropertyValueSpecification","valueRequired":true,"valueName":"search_term_string"}}],"inLanguage":"es"},{"@type":"Organization","@id":"https:\/\/aflamo.shop\/es\/#organization","name":"aflamo.shop - distribuidor certificado de aflamo","url":"https:\/\/aflamo.shop\/es\/","logo":{"@type":"ImageObject","inLanguage":"es","@id":"https:\/\/aflamo.shop\/es\/#\/schema\/logo\/image\/","url":"https:\/\/aflamo.shop\/wp-content\/uploads\/2019\/10\/logo2.1-1-1.svg","contentUrl":"https:\/\/aflamo.shop\/wp-content\/uploads\/2019\/10\/logo2.1-1-1.svg","caption":"aflamo.shop - distribuidor certificado de aflamo"},"image":{"@id":"https:\/\/aflamo.shop\/es\/#\/schema\/logo\/image\/"}}]}},"_links":{"self":[{"href":"https:\/\/aflamo.shop\/es\/wp-json\/wp\/v2\/product\/8965","targetHints":{"allow":["GET"]}}],"collection":[{"href":"https:\/\/aflamo.shop\/es\/wp-json\/wp\/v2\/product"}],"about":[{"href":"https:\/\/aflamo.shop\/es\/wp-json\/wp\/v2\/types\/product"}],"replies":[{"embeddable":true,"href":"https:\/\/aflamo.shop\/es\/wp-json\/wp\/v2\/comments?post=8965"}],"wp:featuredmedia":[{"embeddable":true,"href":"https:\/\/aflamo.shop\/es\/wp-json\/wp\/v2\/media\/8877"}],"wp:attachment":[{"href":"https:\/\/aflamo.shop\/es\/wp-json\/wp\/v2\/media?parent=8965"}],"wp:term":[{"taxonomy":"product_brand","embeddable":true,"href":"https:\/\/aflamo.shop\/es\/wp-json\/wp\/v2\/product_brand?post=8965"},{"taxonomy":"product_cat","embeddable":true,"href":"https:\/\/aflamo.shop\/es\/wp-json\/wp\/v2\/product_cat?post=8965"},{"taxonomy":"product_tag","embeddable":true,"href":"https:\/\/aflamo.shop\/es\/wp-json\/wp\/v2\/product_tag?post=8965"}],"curies":[{"name":"wp","href":"https:\/\/api.w.org\/{rel}","templated":true}]}}