{"id":8497,"date":"2023-05-21T15:37:28","date_gmt":"2023-05-21T15:37:28","guid":{"rendered":"https:\/\/aflamo.shop\/p\/inserto-electrico-led-aflamo-80-pro\/"},"modified":"2026-03-10T13:21:57","modified_gmt":"2026-03-10T13:21:57","slug":"inserto-electrico-led-aflamo-80-pro","status":"publish","type":"product","link":"https:\/\/aflamo.shop\/es\/p\/inserto-electrico-led-aflamo-80-pro\/","title":{"rendered":"Inserto el\u00e9ctrico LED Aflamo 80 PRO"},"content":{"rendered":"<p><iframe title=\"YouTube video player\" src=\"https:\/\/www.youtube.com\/embed\/VvBdOtan1kA\" width=\"560\" height=\"315\" frameborder=\"0\" allowfullscreen=\"allowfullscreen\"><\/iframe><\/p>\n<h6><\/h6>\n<p>&nbsp;<\/p>\n<h3><\/h3>\n<h3 style=\"text-align: left;\"><strong>Caracter\u00edsticas de la chimenea <\/strong><\/h3>\n<h3 style=\"text-align: left;\"><\/h3>\n<h3 style=\"text-align: left;\"><\/h3>\n<p>&nbsp;<\/p>\n<ol>\n<li>Realista de la llama y de ahorro de energ\u00eda en la tecnolog\u00eda LED PRO<\/li>\n<li>3 colores, 4 niveles de brillo<\/li>\n<li>3 tipos de camas Ember incluyen: troncos, cristales y piedras.<\/li>\n<li>calentar 750\/1500 W<\/li>\n<li>Regulaci\u00f3n de la temperatura w zakresie: 18 do 30\u00b0C<\/li>\n<li>Control remoto<\/li>\n<li>sensor de ventana abierta<\/li>\n<li>Llama independiente de la funci\u00f3n de calefacci\u00f3n<\/li>\n<li>protecci\u00f3n contra sobrecalentamiento<\/li>\n<\/ol>\n<p>&nbsp;<\/p>\n<h3 style=\"text-align: left;\"><strong>Instalaci\u00f3n<\/strong><\/h3>\n<p>&nbsp;<\/p>\n<p style=\"text-align: left;\">La chimenea se puede montar de tres maneras<\/p>\n<p style=\"text-align: left;\"><img fetchpriority=\"high\" decoding=\"async\" class=\"aligncenter wp-image-2581 size-full\" src=\"https:\/\/aflamo.shop\/wp-content\/uploads\/2023\/05\/zamontuj-jak-chcesz-1.png\" alt=\"\" width=\"1159\" height=\"368\" srcset=\"https:\/\/aflamo.shop\/wp-content\/uploads\/2023\/05\/zamontuj-jak-chcesz-1.png 1159w, https:\/\/aflamo.shop\/wp-content\/uploads\/2023\/05\/zamontuj-jak-chcesz-1-600x191.png 600w, https:\/\/aflamo.shop\/wp-content\/uploads\/2023\/05\/zamontuj-jak-chcesz-1-300x95.png 300w, https:\/\/aflamo.shop\/wp-content\/uploads\/2023\/05\/zamontuj-jak-chcesz-1-1024x325.png 1024w, https:\/\/aflamo.shop\/wp-content\/uploads\/2023\/05\/zamontuj-jak-chcesz-1-768x244.png 768w\" sizes=\"(max-width: 1159px) 100vw, 1159px\" \/><\/p>\n<h3><\/h3>\n<p>&nbsp;<\/p>\n<h3 style=\"text-align: left;\"><strong>Fuego<\/strong><\/h3>\n<p>&nbsp;<\/p>\n<p>La llama tiene:<\/p>\n<p><strong>3<\/strong>\u00a0colores<br \/>\n<strong><span class=\"digit\">4\u00a0<\/span><\/strong><span class=\"digit\">niveles de brillo<\/span><\/p>\n<p style=\"text-align: left;\"><img decoding=\"async\" class=\"wp-image-2842 size-full alignright\" src=\"https:\/\/aflamo.shop\/wp-content\/uploads\/2023\/05\/plomien-majestic.png\" alt=\"\" width=\"510\" height=\"533\" srcset=\"https:\/\/aflamo.shop\/wp-content\/uploads\/2023\/05\/plomien-majestic.png 510w, https:\/\/aflamo.shop\/wp-content\/uploads\/2023\/05\/plomien-majestic-287x300.png 287w\" sizes=\"(max-width: 510px) 100vw, 510px\" \/><\/p>\n<h3><\/h3>\n<h3><\/h3>\n<p>&nbsp;<\/p>\n<h3 style=\"text-align: left;\"><strong>lecho de brasas<\/strong><\/h3>\n<p>&nbsp;<\/p>\n<h3 style=\"text-align: left;\"><img decoding=\"async\" class=\"alignright wp-image-2836 size-full\" src=\"https:\/\/aflamo.shop\/wp-content\/uploads\/2023\/05\/palenisko-majestic.png\" alt=\"\" width=\"515\" height=\"538\" srcset=\"https:\/\/aflamo.shop\/wp-content\/uploads\/2023\/05\/palenisko-majestic.png 515w, https:\/\/aflamo.shop\/wp-content\/uploads\/2023\/05\/palenisko-majestic-287x300.png 287w\" sizes=\"(max-width: 515px) 100vw, 515px\" \/><\/h3>\n<p style=\"text-align: left;\"><span class=\"digit\"><strong>3<\/strong>\u00a0tipos de camas Ember incluyen: troncos, cristales y piedras.<br \/>\n<strong>3<\/strong>\u00a0colores de iluminaci\u00f3n del hogar.<br \/>\n<strong>5<\/strong>\u00a0niveles de brillo.<\/span><\/p>\n<h3><\/h3>\n<p>&nbsp;<\/p>\n<h3 style=\"text-align: left;\"><strong>Calefacci\u00f3n<\/strong><\/h3>\n<p>&nbsp;<\/p>\n<p style=\"text-align: left;\">La funci\u00f3n de calefacci\u00f3n es independiente del efecto de la llama. Puede encender o apagar la calefacci\u00f3n en cualquier momento, lo que le permite relajarse junto a la chimenea durante todo el a\u00f1o.<\/p>\n<ul style=\"text-align: left;\">\n<li>2 niveles de potencia de calefacci\u00f3n (750\/1500W)<\/li>\n<li>El termostato permite alcanzar y mantener la temperatura confortable entre 18 y 30 grados.<\/li>\n<li>protecci\u00f3n contra sobrecalentamiento<\/li>\n<li>sensor de ventana abierta<\/li>\n<\/ul>\n<p>&nbsp;<\/p>\n<h3 style=\"text-align: left;\"><strong>Comodidad y conveniencia<\/strong><\/h3>\n<p>&nbsp;<\/p>\n<p style=\"text-align: left;\">Una chimenea el\u00e9ctrica es, ante todo, relajaci\u00f3n.<\/p>\n<div class=\"feature\">\n<ul style=\"text-align: left;\">\n<li>La chimenea se controla con un mando a distancia.<\/li>\n<li>Gracias a la innovadora funci\u00f3n de calefacci\u00f3n con escape, puede calentar la habitaci\u00f3n muy r\u00e1pidamente y mantener constantemente una temperatura determinada.<\/li>\n<li>El interruptor\/temporizador de encendido\/apagado permite que la chimenea se apague autom\u00e1ticamente. Todo lo que tiene que hacer es configurar la hora correcta y no tiene que preocuparse de que el dispositivo est\u00e9 encendido todo el tiempo.<\/li>\n<\/ul>\n<p>&nbsp;<\/p>\n<h3><strong>Datos t\u00e9cnicos<\/strong><\/h3>\n<\/div>\n<p>&nbsp;<\/p>\n<table width=\"548\" cellspacing=\"0\" cellpadding=\"2\">\n<colgroup>\n<col width=\"216\" \/>\n<col width=\"324\" \/><\/colgroup>\n<tbody>\n<tr>\n<td width=\"216\">\n<table width=\"548\" cellspacing=\"0\" cellpadding=\"2\">\n<colgroup>\n<col width=\"216\" \/>\n<col width=\"324\" \/><\/colgroup>\n<tbody>\n<tr>\n<td width=\"216\">M\u00e9todos de montaje<\/td>\n<td width=\"324\">incorporado \/ Instalar la chimenea en una pared<\/td>\n<\/tr>\n<tr>\n<td width=\"216\">Caracter\u00edstica \u00fanica<\/td>\n<td width=\"324\">gran frente negro<\/td>\n<\/tr>\n<tr>\n<td width=\"216\">efecto llama<\/td>\n<td width=\"324\">LED<\/td>\n<\/tr>\n<tr>\n<td width=\"216\">Aplicaci\u00f3n movil<\/td>\n<td width=\"324\">no<\/td>\n<\/tr>\n<tr>\n<td width=\"216\">Control remoto<\/td>\n<td width=\"324\">si<\/td>\n<\/tr>\n<tr>\n<td width=\"216\">Color \/ acabado<\/td>\n<td width=\"324\">metal, vidrio, negro<\/td>\n<\/tr>\n<tr>\n<td width=\"216\">Interruptor de tiempo (temporizador)<\/td>\n<td width=\"324\">si<\/td>\n<\/tr>\n<tr>\n<td width=\"216\">Temporizador semanal<\/td>\n<td width=\"324\">si<\/td>\n<\/tr>\n<tr>\n<td width=\"216\">Funci\u00f3n de calefacci\u00f3n<\/td>\n<td width=\"324\">si<\/td>\n<\/tr>\n<tr>\n<td width=\"216\">Llama independiente de la funci\u00f3n de calefacci\u00f3n<\/td>\n<td width=\"324\">si<\/td>\n<\/tr>\n<tr>\n<td width=\"216\">Poder de calefacci\u00f3n<\/td>\n<td width=\"324\">750 \/ 1500 W<\/td>\n<\/tr>\n<tr>\n<td width=\"216\">Regulaci\u00f3n de la temperatura<\/td>\n<td width=\"324\">de 18 a 30\u00b0C<\/td>\n<\/tr>\n<tr>\n<td width=\"216\">protecci\u00f3n contra sobrecalentamiento<\/td>\n<td width=\"324\">si<\/td>\n<\/tr>\n<tr>\n<td width=\"216\">Termostato<\/td>\n<td width=\"324\">si<\/td>\n<\/tr>\n<tr>\n<td width=\"216\">Colores de llama:<\/p>\n<p>&nbsp;<\/p>\n<p>lecho de brasas:<\/td>\n<td width=\"324\">3 colores de la llama<br \/>\n4 niveles de brillo3 tipos de hogar incluidos: troncos, cristales, piedras.<br \/>\n10 colores de la iluminaci\u00f3n para el flamebox.<br \/>\nHogares de 5 niveles de brillo<\/td>\n<\/tr>\n<tr>\n<td width=\"216\">Garantizar<\/td>\n<td width=\"324\">2 a\u00f1os<\/td>\n<\/tr>\n<tr>\n<td width=\"216\">Longitud del cable de alimentaci\u00f3n<\/td>\n<td width=\"324\">1,8 m<\/td>\n<\/tr>\n<tr>\n<td width=\"216\">Tensi\u00f3n<\/td>\n<td width=\"324\">220 V<\/td>\n<\/tr>\n<\/tbody>\n<\/table>\n<\/td>\n<\/tr>\n<\/tbody>\n<\/table>\n<div class=\"feature\">\n<ul><strong><\/p>\n<p><a href=\"https:\/\/aflamo.shop\/wp-content\/uploads\/2023\/05\/Aflamo-LED-50-70-80-PRO-manual-3-1.pdf\">Manual de usuario e informaci\u00f3n de seguridad importante.<\/a><\/p>\n<p><\/strong><\/ul>\n<h6 style=\"text-align: left;\"><strong>Dibujos tecnicos<\/strong><\/h6>\n<p>&nbsp;<\/p>\n<p>Inserto el\u00e9ctrico LED Aflamo 80 PRO<\/p>\n<p><img loading=\"lazy\" decoding=\"async\" class=\"alignnone wp-image-4107 size-full\" src=\"https:\/\/aflamo.shop\/wp-content\/uploads\/2023\/05\/LED_80_PRO.png\" alt=\"\" width=\"884\" height=\"643\" srcset=\"https:\/\/aflamo.shop\/wp-content\/uploads\/2023\/05\/LED_80_PRO.png 884w, https:\/\/aflamo.shop\/wp-content\/uploads\/2023\/05\/LED_80_PRO-600x436.png 600w, https:\/\/aflamo.shop\/wp-content\/uploads\/2023\/05\/LED_80_PRO-300x218.png 300w, https:\/\/aflamo.shop\/wp-content\/uploads\/2023\/05\/LED_80_PRO-768x559.png 768w\" sizes=\"(max-width: 884px) 100vw, 884px\" \/><\/p>\n<p>&nbsp;<\/p>\n<p>&nbsp;<\/p>\n<\/div>\n","protected":false},"excerpt":{"rendered":"<p>Productor:Aflamo<\/p>\n<p>GETIN:5908283560653<\/p>\n<p>para empotrar\/colgar en la pared, con funci\u00f3n de calefacci\u00f3n<\/p>\n<p>Dimensiones: 77 x 63 x 14 cm<\/p>\n","protected":false},"featured_media":4046,"comment_status":"open","ping_status":"closed","template":"","meta":[],"product_brand":[],"product_cat":[678,190,198,193,199],"product_tag":[],"class_list":{"0":"post-8497","1":"product","2":"type-product","3":"status-publish","4":"has-post-thumbnail","6":"product_cat-aflamo","7":"product_cat-chimeneas-electricas","8":"product_cat-chimeneas-electricas-led-con-funcion-de-calefaccion","9":"product_cat-chimeneas-led-empotradas","10":"product_cat-insertos-electricos-led","12":"first","13":"instock","14":"shipping-taxable","15":"purchasable","16":"product-type-simple"},"yoast_head":"<!-- This site is optimized with the Yoast SEO plugin v27.4 - https:\/\/yoast.com\/product\/yoast-seo-wordpress\/ -->\n<title>Inserto el\u00e9ctrico LED Aflamo 80 PRO - aflamo.shop - distribuidor certificado de aflamo<\/title>\n<meta name=\"robots\" content=\"index, follow, max-snippet:-1, max-image-preview:large, max-video-preview:-1\" \/>\n<link rel=\"canonical\" href=\"https:\/\/aflamo.shop\/es\/p\/inserto-electrico-led-aflamo-80-pro\/\" \/>\n<meta property=\"og:locale\" content=\"es_ES\" \/>\n<meta property=\"og:type\" content=\"article\" \/>\n<meta property=\"og:title\" content=\"Inserto el\u00e9ctrico LED Aflamo 80 PRO - aflamo.shop - distribuidor certificado de aflamo\" \/>\n<meta property=\"og:description\" content=\"Productor:Aflamo GETIN:5908283560653 para empotrar\/colgar en la pared, con funci\u00f3n de calefacci\u00f3n Dimensiones: 77 x 63 x 14 cm\" \/>\n<meta property=\"og:url\" content=\"https:\/\/aflamo.shop\/es\/p\/inserto-electrico-led-aflamo-80-pro\/\" \/>\n<meta property=\"og:site_name\" content=\"aflamo.shop - distribuidor certificado de aflamo\" \/>\n<meta property=\"article:modified_time\" content=\"2026-03-10T13:21:57+00:00\" \/>\n<meta property=\"og:image\" content=\"https:\/\/aflamo.shop\/wp-content\/uploads\/2023\/05\/aflamo-led-80-pro_sq.jpg\" \/>\n\t<meta property=\"og:image:width\" content=\"2248\" \/>\n\t<meta property=\"og:image:height\" content=\"2248\" \/>\n\t<meta property=\"og:image:type\" content=\"image\/jpeg\" \/>\n<meta name=\"twitter:card\" content=\"summary_large_image\" \/>\n<meta name=\"twitter:label1\" content=\"Tiempo de lectura\" \/>\n\t<meta name=\"twitter:data1\" content=\"4 minutos\" \/>\n<script type=\"application\/ld+json\" class=\"yoast-schema-graph\">{\"@context\":\"https:\\\/\\\/schema.org\",\"@graph\":[{\"@type\":\"WebPage\",\"@id\":\"https:\\\/\\\/aflamo.shop\\\/es\\\/p\\\/inserto-electrico-led-aflamo-80-pro\\\/\",\"url\":\"https:\\\/\\\/aflamo.shop\\\/es\\\/p\\\/inserto-electrico-led-aflamo-80-pro\\\/\",\"name\":\"Inserto el\u00e9ctrico LED Aflamo 80 PRO - aflamo.shop - distribuidor certificado de aflamo\",\"isPartOf\":{\"@id\":\"https:\\\/\\\/aflamo.shop\\\/es\\\/#website\"},\"primaryImageOfPage\":{\"@id\":\"https:\\\/\\\/aflamo.shop\\\/es\\\/p\\\/inserto-electrico-led-aflamo-80-pro\\\/#primaryimage\"},\"image\":{\"@id\":\"https:\\\/\\\/aflamo.shop\\\/es\\\/p\\\/inserto-electrico-led-aflamo-80-pro\\\/#primaryimage\"},\"thumbnailUrl\":\"https:\\\/\\\/aflamo.shop\\\/wp-content\\\/uploads\\\/2023\\\/05\\\/aflamo-led-80-pro_sq.jpg\",\"datePublished\":\"2023-05-21T15:37:28+00:00\",\"dateModified\":\"2026-03-10T13:21:57+00:00\",\"breadcrumb\":{\"@id\":\"https:\\\/\\\/aflamo.shop\\\/es\\\/p\\\/inserto-electrico-led-aflamo-80-pro\\\/#breadcrumb\"},\"inLanguage\":\"es\",\"potentialAction\":[{\"@type\":\"ReadAction\",\"target\":[\"https:\\\/\\\/aflamo.shop\\\/es\\\/p\\\/inserto-electrico-led-aflamo-80-pro\\\/\"]}]},{\"@type\":\"ImageObject\",\"inLanguage\":\"es\",\"@id\":\"https:\\\/\\\/aflamo.shop\\\/es\\\/p\\\/inserto-electrico-led-aflamo-80-pro\\\/#primaryimage\",\"url\":\"https:\\\/\\\/aflamo.shop\\\/wp-content\\\/uploads\\\/2023\\\/05\\\/aflamo-led-80-pro_sq.jpg\",\"contentUrl\":\"https:\\\/\\\/aflamo.shop\\\/wp-content\\\/uploads\\\/2023\\\/05\\\/aflamo-led-80-pro_sq.jpg\",\"width\":2248,\"height\":2248},{\"@type\":\"BreadcrumbList\",\"@id\":\"https:\\\/\\\/aflamo.shop\\\/es\\\/p\\\/inserto-electrico-led-aflamo-80-pro\\\/#breadcrumb\",\"itemListElement\":[{\"@type\":\"ListItem\",\"position\":1,\"name\":\"P\u00e1gina principal\",\"item\":\"https:\\\/\\\/aflamo.shop\\\/es\\\/\"},{\"@type\":\"ListItem\",\"position\":2,\"name\":\"Tienda\",\"item\":\"https:\\\/\\\/aflamo.shop\\\/tienda\\\/\"},{\"@type\":\"ListItem\",\"position\":3,\"name\":\"Chimeneas el\u00e9ctricas\",\"item\":\"https:\\\/\\\/aflamo.shop\\\/es\\\/s\\\/chimeneas-electricas\\\/\"},{\"@type\":\"ListItem\",\"position\":4,\"name\":\"Inserto el\u00e9ctrico LED Aflamo 80 PRO\"}]},{\"@type\":\"WebSite\",\"@id\":\"https:\\\/\\\/aflamo.shop\\\/es\\\/#website\",\"url\":\"https:\\\/\\\/aflamo.shop\\\/es\\\/\",\"name\":\"aflamo.shop - distribuidor certificado de aflamo\",\"description\":\"Kominki elektryczne Aflamo i Emotion Flame z funkcj\u0105 grzania\",\"publisher\":{\"@id\":\"https:\\\/\\\/aflamo.shop\\\/es\\\/#organization\"},\"potentialAction\":[{\"@type\":\"SearchAction\",\"target\":{\"@type\":\"EntryPoint\",\"urlTemplate\":\"https:\\\/\\\/aflamo.shop\\\/es\\\/?s={search_term_string}\"},\"query-input\":{\"@type\":\"PropertyValueSpecification\",\"valueRequired\":true,\"valueName\":\"search_term_string\"}}],\"inLanguage\":\"es\"},{\"@type\":\"Organization\",\"@id\":\"https:\\\/\\\/aflamo.shop\\\/es\\\/#organization\",\"name\":\"aflamo.shop - distribuidor certificado de aflamo\",\"url\":\"https:\\\/\\\/aflamo.shop\\\/es\\\/\",\"logo\":{\"@type\":\"ImageObject\",\"inLanguage\":\"es\",\"@id\":\"https:\\\/\\\/aflamo.shop\\\/es\\\/#\\\/schema\\\/logo\\\/image\\\/\",\"url\":\"https:\\\/\\\/aflamo.shop\\\/wp-content\\\/uploads\\\/2019\\\/10\\\/logo2.1-1-1.svg\",\"contentUrl\":\"https:\\\/\\\/aflamo.shop\\\/wp-content\\\/uploads\\\/2019\\\/10\\\/logo2.1-1-1.svg\",\"caption\":\"aflamo.shop - distribuidor certificado de aflamo\"},\"image\":{\"@id\":\"https:\\\/\\\/aflamo.shop\\\/es\\\/#\\\/schema\\\/logo\\\/image\\\/\"}}]}<\/script>\n<!-- \/ Yoast SEO plugin. -->","yoast_head_json":{"title":"Inserto el\u00e9ctrico LED Aflamo 80 PRO - aflamo.shop - distribuidor certificado de aflamo","robots":{"index":"index","follow":"follow","max-snippet":"max-snippet:-1","max-image-preview":"max-image-preview:large","max-video-preview":"max-video-preview:-1"},"canonical":"https:\/\/aflamo.shop\/es\/p\/inserto-electrico-led-aflamo-80-pro\/","og_locale":"es_ES","og_type":"article","og_title":"Inserto el\u00e9ctrico LED Aflamo 80 PRO - aflamo.shop - distribuidor certificado de aflamo","og_description":"Productor:Aflamo GETIN:5908283560653 para empotrar\/colgar en la pared, con funci\u00f3n de calefacci\u00f3n Dimensiones: 77 x 63 x 14 cm","og_url":"https:\/\/aflamo.shop\/es\/p\/inserto-electrico-led-aflamo-80-pro\/","og_site_name":"aflamo.shop - distribuidor certificado de aflamo","article_modified_time":"2026-03-10T13:21:57+00:00","og_image":[{"width":2248,"height":2248,"url":"https:\/\/aflamo.shop\/wp-content\/uploads\/2023\/05\/aflamo-led-80-pro_sq.jpg","type":"image\/jpeg"}],"twitter_card":"summary_large_image","twitter_misc":{"Tiempo de lectura":"4 minutos"},"schema":{"@context":"https:\/\/schema.org","@graph":[{"@type":"WebPage","@id":"https:\/\/aflamo.shop\/es\/p\/inserto-electrico-led-aflamo-80-pro\/","url":"https:\/\/aflamo.shop\/es\/p\/inserto-electrico-led-aflamo-80-pro\/","name":"Inserto el\u00e9ctrico LED Aflamo 80 PRO - aflamo.shop - distribuidor certificado de aflamo","isPartOf":{"@id":"https:\/\/aflamo.shop\/es\/#website"},"primaryImageOfPage":{"@id":"https:\/\/aflamo.shop\/es\/p\/inserto-electrico-led-aflamo-80-pro\/#primaryimage"},"image":{"@id":"https:\/\/aflamo.shop\/es\/p\/inserto-electrico-led-aflamo-80-pro\/#primaryimage"},"thumbnailUrl":"https:\/\/aflamo.shop\/wp-content\/uploads\/2023\/05\/aflamo-led-80-pro_sq.jpg","datePublished":"2023-05-21T15:37:28+00:00","dateModified":"2026-03-10T13:21:57+00:00","breadcrumb":{"@id":"https:\/\/aflamo.shop\/es\/p\/inserto-electrico-led-aflamo-80-pro\/#breadcrumb"},"inLanguage":"es","potentialAction":[{"@type":"ReadAction","target":["https:\/\/aflamo.shop\/es\/p\/inserto-electrico-led-aflamo-80-pro\/"]}]},{"@type":"ImageObject","inLanguage":"es","@id":"https:\/\/aflamo.shop\/es\/p\/inserto-electrico-led-aflamo-80-pro\/#primaryimage","url":"https:\/\/aflamo.shop\/wp-content\/uploads\/2023\/05\/aflamo-led-80-pro_sq.jpg","contentUrl":"https:\/\/aflamo.shop\/wp-content\/uploads\/2023\/05\/aflamo-led-80-pro_sq.jpg","width":2248,"height":2248},{"@type":"BreadcrumbList","@id":"https:\/\/aflamo.shop\/es\/p\/inserto-electrico-led-aflamo-80-pro\/#breadcrumb","itemListElement":[{"@type":"ListItem","position":1,"name":"P\u00e1gina principal","item":"https:\/\/aflamo.shop\/es\/"},{"@type":"ListItem","position":2,"name":"Tienda","item":"https:\/\/aflamo.shop\/tienda\/"},{"@type":"ListItem","position":3,"name":"Chimeneas el\u00e9ctricas","item":"https:\/\/aflamo.shop\/es\/s\/chimeneas-electricas\/"},{"@type":"ListItem","position":4,"name":"Inserto el\u00e9ctrico LED Aflamo 80 PRO"}]},{"@type":"WebSite","@id":"https:\/\/aflamo.shop\/es\/#website","url":"https:\/\/aflamo.shop\/es\/","name":"aflamo.shop - distribuidor certificado de aflamo","description":"Kominki elektryczne Aflamo i Emotion Flame z funkcj\u0105 grzania","publisher":{"@id":"https:\/\/aflamo.shop\/es\/#organization"},"potentialAction":[{"@type":"SearchAction","target":{"@type":"EntryPoint","urlTemplate":"https:\/\/aflamo.shop\/es\/?s={search_term_string}"},"query-input":{"@type":"PropertyValueSpecification","valueRequired":true,"valueName":"search_term_string"}}],"inLanguage":"es"},{"@type":"Organization","@id":"https:\/\/aflamo.shop\/es\/#organization","name":"aflamo.shop - distribuidor certificado de aflamo","url":"https:\/\/aflamo.shop\/es\/","logo":{"@type":"ImageObject","inLanguage":"es","@id":"https:\/\/aflamo.shop\/es\/#\/schema\/logo\/image\/","url":"https:\/\/aflamo.shop\/wp-content\/uploads\/2019\/10\/logo2.1-1-1.svg","contentUrl":"https:\/\/aflamo.shop\/wp-content\/uploads\/2019\/10\/logo2.1-1-1.svg","caption":"aflamo.shop - distribuidor certificado de aflamo"},"image":{"@id":"https:\/\/aflamo.shop\/es\/#\/schema\/logo\/image\/"}}]}},"_links":{"self":[{"href":"https:\/\/aflamo.shop\/es\/wp-json\/wp\/v2\/product\/8497","targetHints":{"allow":["GET"]}}],"collection":[{"href":"https:\/\/aflamo.shop\/es\/wp-json\/wp\/v2\/product"}],"about":[{"href":"https:\/\/aflamo.shop\/es\/wp-json\/wp\/v2\/types\/product"}],"replies":[{"embeddable":true,"href":"https:\/\/aflamo.shop\/es\/wp-json\/wp\/v2\/comments?post=8497"}],"wp:featuredmedia":[{"embeddable":true,"href":"https:\/\/aflamo.shop\/es\/wp-json\/wp\/v2\/media\/4046"}],"wp:attachment":[{"href":"https:\/\/aflamo.shop\/es\/wp-json\/wp\/v2\/media?parent=8497"}],"wp:term":[{"taxonomy":"product_brand","embeddable":true,"href":"https:\/\/aflamo.shop\/es\/wp-json\/wp\/v2\/product_brand?post=8497"},{"taxonomy":"product_cat","embeddable":true,"href":"https:\/\/aflamo.shop\/es\/wp-json\/wp\/v2\/product_cat?post=8497"},{"taxonomy":"product_tag","embeddable":true,"href":"https:\/\/aflamo.shop\/es\/wp-json\/wp\/v2\/product_tag?post=8497"}],"curies":[{"name":"wp","href":"https:\/\/api.w.org\/{rel}","templated":true}]}}