{"id":8428,"date":"2023-05-30T07:36:24","date_gmt":"2023-05-30T07:36:24","guid":{"rendered":"https:\/\/aflamo.shop\/p\/inserto-electrico-aflamo-led-90-classic\/"},"modified":"2026-03-10T13:05:28","modified_gmt":"2026-03-10T13:05:28","slug":"inserto-electrico-aflamo-led-90-classic","status":"publish","type":"product","link":"https:\/\/aflamo.shop\/es\/p\/inserto-electrico-aflamo-led-90-classic\/","title":{"rendered":"Inserto el\u00e9ctrico Aflamo LED 90 Classic"},"content":{"rendered":"<h3><\/h3>\n<h3><\/h3>\n<h3><strong>Caracter\u00edsticas de la chimenea<br \/>\n<\/strong><\/h3>\n<p>&nbsp;<\/p>\n<p><strong>Inserto el\u00e9ctrico LED 90 Classic\u00a0\u00a0\u00a0\u00a0\u00a0\u00a0\u00a0<\/strong><strong> <img fetchpriority=\"high\" decoding=\"async\" class=\"alignright wp-image-4525 \" src=\"https:\/\/aflamo.shop\/wp-content\/uploads\/2023\/05\/led_60_classic_cyf-300x183.jpg\" alt=\"\" width=\"356\" height=\"217\" srcset=\"https:\/\/aflamo.shop\/wp-content\/uploads\/2023\/05\/led_60_classic_cyf-300x183.jpg 300w, https:\/\/aflamo.shop\/wp-content\/uploads\/2023\/05\/led_60_classic_cyf.jpg 492w\" sizes=\"(max-width: 356px) 100vw, 356px\" \/>\u00a0\u00a0\u00a0\u00a0\u00a0\u00a0\u00a0\u00a0\u00a0\u00a0\u00a0\u00a0\u00a0\u00a0\u00a0\u00a0\u00a0\u00a0\u00a0\u00a0\u00a0\u00a0\u00a0\u00a0\u00a0\u00a0<\/strong><\/p>\n<ol class=\"numlist\">\n<li>3 colores de la llama (amarillo, naranja, amarillo \u2013 naranja), 5 niveles de brillo de la llama<\/li>\n<li>Realista de la llama y de ahorro de energ\u00eda en la tecnolog\u00eda LED<\/li>\n<li>2 niveles de potencia de calefacci\u00f3n: 900W \/ 1800W<\/li>\n<li>El control de temperatura en el intervalo de 10 a 30 grados<\/li>\n<li>Control remoto<\/li>\n<li>sensor de ventana abierta<\/li>\n<li>protecci\u00f3n contra sobrecalentamiento<\/li>\n<li>Llama independiente de la funci\u00f3n de calefacci\u00f3n<\/li>\n<\/ol>\n<h3><\/h3>\n<p>&nbsp;<\/p>\n<h3><\/h3>\n<h3><strong>Calefacci\u00f3n<\/strong><\/h3>\n<p>&nbsp;<\/p>\n<p>La llama es independiente de la calefacci\u00f3n, lo que hace posible su uso durante todo el a\u00f1o, incluso en d\u00edas calurosos.<br \/>\nSe puede activar la calefacci\u00f3n de encendido y apagado en cualquier momento.<\/p>\n<ul>\n<li>sensor ventana abierta se apagar\u00e1 el calentamiento cuando se detecta una ca\u00edda repentina de la temperatura.<\/li>\n<li>El calentador tiene 2 niveles de potencia de calentamiento 900-1800W<\/li>\n<li>El control de temperatura en el intervalo de 10 a 30 grados.<\/li>\n<\/ul>\n<h3><\/h3>\n<h3><\/h3>\n<h3><strong>La seguridad<\/strong><\/h3>\n<p>&nbsp;<\/p>\n<div class=\"col-12 col-md-6 cecha-col naprzemienne-txt naprzemienne-opis\">\n<ul>\n<li>El vidrio de la chimenea no se calienta, lo que hace que sea seguro para los ni\u00f1os y los animales.<\/li>\n<li>Sensor de seguridad se desactivar\u00e1 la calefacci\u00f3n si el escape de aire caliente est\u00e1 cubierto.<\/li>\n<\/ul>\n<\/div>\n<h3><\/h3>\n<h3><\/h3>\n<h3><strong>Comodidad y conveniencia<\/strong><\/h3>\n<p>&nbsp;<\/p>\n<div class=\"col-12 col-md-6 cecha-col naprzemienne-txt naprzemienne-opis\">\n<ul>\n<li>El control remoto permite para la conmutaci\u00f3n entre las funciones de forma remota. Utilizarla convenientemente sin levantarse de su sof\u00e1.<\/li>\n<\/ul>\n<\/div>\n<div class=\"col-12 col-md-6 cecha-col naprzemienne-txt naprzemienne-opis\">\n<ul>\n<li>Temporizador apaga autom\u00e1ticamente la chimenea. Configurarlo y olvidarse de todo. Usted no tiene que preocuparse de que la chimenea puede estar funcionando toda la noche si se queda dormido.<\/li>\n<\/ul>\n<\/div>\n<div class=\"col-12 col-md-6 cecha-col naprzemienne-txt naprzemienne-opis\">\n<ul>\n<li>La funci\u00f3n de calefacci\u00f3n con escape le permite calentar instant\u00e1neamente la habitaci\u00f3n y mantener una temperatura agradable.<\/li>\n<\/ul>\n<\/div>\n<h3><\/h3>\n<p>&nbsp;<\/p>\n<h3><strong>Datos t\u00e9cnicos<\/strong><\/h3>\n<p>&nbsp;<\/p>\n<table width=\"548\" cellspacing=\"0\" cellpadding=\"2\">\n<tbody>\n<tr>\n<td width=\"216\">efecto llama<\/td>\n<td width=\"324\">LED<\/td>\n<\/tr>\n<tr>\n<td width=\"216\">Aplicaci\u00f3n movil<\/td>\n<td width=\"324\">no<\/td>\n<\/tr>\n<tr>\n<td width=\"216\">Control remoto<\/td>\n<td width=\"324\">si<\/td>\n<\/tr>\n<tr>\n<td width=\"216\">Color \/ acabado<\/td>\n<td width=\"324\">negro<\/td>\n<\/tr>\n<tr>\n<td width=\"216\">Interruptor de tiempo (temporizador)<\/td>\n<td width=\"324\">si<\/td>\n<\/tr>\n<tr>\n<td width=\"216\">Temporizador semanal<\/td>\n<td width=\"324\">si<\/td>\n<\/tr>\n<tr>\n<td width=\"216\">Funci\u00f3n de calefacci\u00f3n<\/td>\n<td width=\"324\">si<\/td>\n<\/tr>\n<tr>\n<td width=\"216\">Llama independiente de la funci\u00f3n de calefacci\u00f3n<\/td>\n<td width=\"324\">si<\/td>\n<\/tr>\n<tr>\n<td width=\"216\">Poder de calefacci\u00f3n<\/td>\n<td width=\"324\">900 \/ 1800 W<\/td>\n<\/tr>\n<tr>\n<td width=\"216\">Regulaci\u00f3n de la temperatura<\/td>\n<td width=\"324\">de 10 a 30\u00b0C<\/td>\n<\/tr>\n<tr>\n<td width=\"216\">protecci\u00f3n contra sobrecalentamiento<\/td>\n<td width=\"324\">si<\/td>\n<\/tr>\n<tr>\n<td width=\"216\">Termostato<\/td>\n<td width=\"324\">si<\/td>\n<\/tr>\n<tr>\n<td width=\"216\">Fuego<\/p>\n<p>lecho de brasas<\/td>\n<td width=\"324\">1 llama color naranja<\/p>\n<p>Troncos<\/td>\n<\/tr>\n<tr>\n<td width=\"216\">Garantizar<\/td>\n<td width=\"324\">2 a\u00f1os<\/td>\n<\/tr>\n<tr>\n<td width=\"216\">Longitud del cable de alimentaci\u00f3n<\/td>\n<td width=\"324\">1,8 m<\/td>\n<\/tr>\n<tr>\n<td width=\"216\">Tensi\u00f3n<\/td>\n<td width=\"324\">220 V<\/td>\n<\/tr>\n<\/tbody>\n<\/table>\n<p>&nbsp;<\/p>\n<ul><strong><\/p>\n<p><a href=\"https:\/\/aflamo.shop\/wp-content\/uploads\/2023\/05\/Aflamo-LED-90-100-130-CLASSIC-manual.pdf\">Manual de usuario e informaci\u00f3n de seguridad importante.<\/a><\/p>\n<p><\/strong><\/ul>\n<h6><strong>Dibujo t\u00e9cnico<\/strong><\/h6>\n<p>&nbsp;<\/p>\n<p>&nbsp;<\/p>\n<p><img decoding=\"async\" class=\"alignnone wp-image-6180 size-full\" src=\"https:\/\/aflamo.shop\/wp-content\/uploads\/2023\/05\/LED_90.png\" alt=\"\" width=\"952\" height=\"738\" srcset=\"https:\/\/aflamo.shop\/wp-content\/uploads\/2023\/05\/LED_90.png 952w, https:\/\/aflamo.shop\/wp-content\/uploads\/2023\/05\/LED_90-600x465.png 600w, https:\/\/aflamo.shop\/wp-content\/uploads\/2023\/05\/LED_90-300x233.png 300w, https:\/\/aflamo.shop\/wp-content\/uploads\/2023\/05\/LED_90-768x595.png 768w\" sizes=\"(max-width: 952px) 100vw, 952px\" \/><\/p>\n<p>&nbsp;<\/p>\n","protected":false},"excerpt":{"rendered":"<p>Productor:Aflamo<\/p>\n<p>GETIN:5908283560561<\/p>\n<p>Dimensiones: 89 x 67 x 18 cm<\/p>\n","protected":false},"featured_media":6153,"comment_status":"open","ping_status":"closed","template":"","meta":[],"product_brand":[],"product_cat":[678,190,199],"product_tag":[],"class_list":{"0":"post-8428","1":"product","2":"type-product","3":"status-publish","4":"has-post-thumbnail","6":"product_cat-aflamo","7":"product_cat-chimeneas-electricas","8":"product_cat-insertos-electricos-led","10":"first","11":"instock","12":"shipping-taxable","13":"purchasable","14":"product-type-simple"},"yoast_head":"<!-- This site is optimized with the Yoast SEO plugin v27.4 - https:\/\/yoast.com\/product\/yoast-seo-wordpress\/ -->\n<title>Inserto el\u00e9ctrico Aflamo LED 90 Classic - aflamo.shop - distribuidor certificado de aflamo<\/title>\n<meta name=\"description\" content=\"El inserto de chimenea el\u00e9ctrica LED Aflamo LED Classic es una combinaci\u00f3n armoniosa de est\u00e9tica, funcionalidad y seguridad en el hogar.\" \/>\n<meta name=\"robots\" content=\"index, follow, max-snippet:-1, max-image-preview:large, max-video-preview:-1\" \/>\n<link rel=\"canonical\" href=\"https:\/\/aflamo.shop\/es\/p\/inserto-electrico-aflamo-led-90-classic\/\" \/>\n<meta property=\"og:locale\" content=\"es_ES\" \/>\n<meta property=\"og:type\" content=\"article\" \/>\n<meta property=\"og:title\" content=\"Inserto el\u00e9ctrico Aflamo LED 90 Classic - aflamo.shop - distribuidor certificado de aflamo\" \/>\n<meta property=\"og:description\" content=\"El inserto de chimenea el\u00e9ctrica LED Aflamo LED Classic es una combinaci\u00f3n armoniosa de est\u00e9tica, funcionalidad y seguridad en el hogar.\" \/>\n<meta property=\"og:url\" content=\"https:\/\/aflamo.shop\/es\/p\/inserto-electrico-aflamo-led-90-classic\/\" \/>\n<meta property=\"og:site_name\" content=\"aflamo.shop - distribuidor certificado de aflamo\" \/>\n<meta property=\"article:modified_time\" content=\"2026-03-10T13:05:28+00:00\" \/>\n<meta property=\"og:image\" content=\"https:\/\/aflamo.shop\/wp-content\/uploads\/2023\/05\/aflamo-led-90_sq-1.jpg\" \/>\n\t<meta property=\"og:image:width\" content=\"1399\" \/>\n\t<meta property=\"og:image:height\" content=\"1399\" \/>\n\t<meta property=\"og:image:type\" content=\"image\/jpeg\" \/>\n<meta name=\"twitter:card\" content=\"summary_large_image\" \/>\n<meta name=\"twitter:label1\" content=\"Tiempo de lectura\" \/>\n\t<meta name=\"twitter:data1\" content=\"3 minutos\" \/>\n<script type=\"application\/ld+json\" class=\"yoast-schema-graph\">{\"@context\":\"https:\\\/\\\/schema.org\",\"@graph\":[{\"@type\":\"WebPage\",\"@id\":\"https:\\\/\\\/aflamo.shop\\\/es\\\/p\\\/inserto-electrico-aflamo-led-90-classic\\\/\",\"url\":\"https:\\\/\\\/aflamo.shop\\\/es\\\/p\\\/inserto-electrico-aflamo-led-90-classic\\\/\",\"name\":\"Inserto el\u00e9ctrico Aflamo LED 90 Classic - aflamo.shop - distribuidor certificado de aflamo\",\"isPartOf\":{\"@id\":\"https:\\\/\\\/aflamo.shop\\\/es\\\/#website\"},\"primaryImageOfPage\":{\"@id\":\"https:\\\/\\\/aflamo.shop\\\/es\\\/p\\\/inserto-electrico-aflamo-led-90-classic\\\/#primaryimage\"},\"image\":{\"@id\":\"https:\\\/\\\/aflamo.shop\\\/es\\\/p\\\/inserto-electrico-aflamo-led-90-classic\\\/#primaryimage\"},\"thumbnailUrl\":\"https:\\\/\\\/aflamo.shop\\\/wp-content\\\/uploads\\\/2023\\\/05\\\/aflamo-led-90_sq-1.jpg\",\"datePublished\":\"2023-05-30T07:36:24+00:00\",\"dateModified\":\"2026-03-10T13:05:28+00:00\",\"description\":\"El inserto de chimenea el\u00e9ctrica LED Aflamo LED Classic es una combinaci\u00f3n armoniosa de est\u00e9tica, funcionalidad y seguridad en el hogar.\",\"breadcrumb\":{\"@id\":\"https:\\\/\\\/aflamo.shop\\\/es\\\/p\\\/inserto-electrico-aflamo-led-90-classic\\\/#breadcrumb\"},\"inLanguage\":\"es\",\"potentialAction\":[{\"@type\":\"ReadAction\",\"target\":[\"https:\\\/\\\/aflamo.shop\\\/es\\\/p\\\/inserto-electrico-aflamo-led-90-classic\\\/\"]}]},{\"@type\":\"ImageObject\",\"inLanguage\":\"es\",\"@id\":\"https:\\\/\\\/aflamo.shop\\\/es\\\/p\\\/inserto-electrico-aflamo-led-90-classic\\\/#primaryimage\",\"url\":\"https:\\\/\\\/aflamo.shop\\\/wp-content\\\/uploads\\\/2023\\\/05\\\/aflamo-led-90_sq-1.jpg\",\"contentUrl\":\"https:\\\/\\\/aflamo.shop\\\/wp-content\\\/uploads\\\/2023\\\/05\\\/aflamo-led-90_sq-1.jpg\",\"width\":1399,\"height\":1399},{\"@type\":\"BreadcrumbList\",\"@id\":\"https:\\\/\\\/aflamo.shop\\\/es\\\/p\\\/inserto-electrico-aflamo-led-90-classic\\\/#breadcrumb\",\"itemListElement\":[{\"@type\":\"ListItem\",\"position\":1,\"name\":\"P\u00e1gina principal\",\"item\":\"https:\\\/\\\/aflamo.shop\\\/es\\\/\"},{\"@type\":\"ListItem\",\"position\":2,\"name\":\"Tienda\",\"item\":\"https:\\\/\\\/aflamo.shop\\\/tienda\\\/\"},{\"@type\":\"ListItem\",\"position\":3,\"name\":\"Chimeneas el\u00e9ctricas\",\"item\":\"https:\\\/\\\/aflamo.shop\\\/es\\\/s\\\/chimeneas-electricas\\\/\"},{\"@type\":\"ListItem\",\"position\":4,\"name\":\"Inserto el\u00e9ctrico Aflamo LED 90 Classic\"}]},{\"@type\":\"WebSite\",\"@id\":\"https:\\\/\\\/aflamo.shop\\\/es\\\/#website\",\"url\":\"https:\\\/\\\/aflamo.shop\\\/es\\\/\",\"name\":\"aflamo.shop - distribuidor certificado de aflamo\",\"description\":\"Kominki elektryczne Aflamo i Emotion Flame z funkcj\u0105 grzania\",\"publisher\":{\"@id\":\"https:\\\/\\\/aflamo.shop\\\/es\\\/#organization\"},\"potentialAction\":[{\"@type\":\"SearchAction\",\"target\":{\"@type\":\"EntryPoint\",\"urlTemplate\":\"https:\\\/\\\/aflamo.shop\\\/es\\\/?s={search_term_string}\"},\"query-input\":{\"@type\":\"PropertyValueSpecification\",\"valueRequired\":true,\"valueName\":\"search_term_string\"}}],\"inLanguage\":\"es\"},{\"@type\":\"Organization\",\"@id\":\"https:\\\/\\\/aflamo.shop\\\/es\\\/#organization\",\"name\":\"aflamo.shop - distribuidor certificado de aflamo\",\"url\":\"https:\\\/\\\/aflamo.shop\\\/es\\\/\",\"logo\":{\"@type\":\"ImageObject\",\"inLanguage\":\"es\",\"@id\":\"https:\\\/\\\/aflamo.shop\\\/es\\\/#\\\/schema\\\/logo\\\/image\\\/\",\"url\":\"https:\\\/\\\/aflamo.shop\\\/wp-content\\\/uploads\\\/2019\\\/10\\\/logo2.1-1-1.svg\",\"contentUrl\":\"https:\\\/\\\/aflamo.shop\\\/wp-content\\\/uploads\\\/2019\\\/10\\\/logo2.1-1-1.svg\",\"caption\":\"aflamo.shop - distribuidor certificado de aflamo\"},\"image\":{\"@id\":\"https:\\\/\\\/aflamo.shop\\\/es\\\/#\\\/schema\\\/logo\\\/image\\\/\"}}]}<\/script>\n<!-- \/ Yoast SEO plugin. -->","yoast_head_json":{"title":"Inserto el\u00e9ctrico Aflamo LED 90 Classic - aflamo.shop - distribuidor certificado de aflamo","description":"El inserto de chimenea el\u00e9ctrica LED Aflamo LED Classic es una combinaci\u00f3n armoniosa de est\u00e9tica, funcionalidad y seguridad en el hogar.","robots":{"index":"index","follow":"follow","max-snippet":"max-snippet:-1","max-image-preview":"max-image-preview:large","max-video-preview":"max-video-preview:-1"},"canonical":"https:\/\/aflamo.shop\/es\/p\/inserto-electrico-aflamo-led-90-classic\/","og_locale":"es_ES","og_type":"article","og_title":"Inserto el\u00e9ctrico Aflamo LED 90 Classic - aflamo.shop - distribuidor certificado de aflamo","og_description":"El inserto de chimenea el\u00e9ctrica LED Aflamo LED Classic es una combinaci\u00f3n armoniosa de est\u00e9tica, funcionalidad y seguridad en el hogar.","og_url":"https:\/\/aflamo.shop\/es\/p\/inserto-electrico-aflamo-led-90-classic\/","og_site_name":"aflamo.shop - distribuidor certificado de aflamo","article_modified_time":"2026-03-10T13:05:28+00:00","og_image":[{"width":1399,"height":1399,"url":"https:\/\/aflamo.shop\/wp-content\/uploads\/2023\/05\/aflamo-led-90_sq-1.jpg","type":"image\/jpeg"}],"twitter_card":"summary_large_image","twitter_misc":{"Tiempo de lectura":"3 minutos"},"schema":{"@context":"https:\/\/schema.org","@graph":[{"@type":"WebPage","@id":"https:\/\/aflamo.shop\/es\/p\/inserto-electrico-aflamo-led-90-classic\/","url":"https:\/\/aflamo.shop\/es\/p\/inserto-electrico-aflamo-led-90-classic\/","name":"Inserto el\u00e9ctrico Aflamo LED 90 Classic - aflamo.shop - distribuidor certificado de aflamo","isPartOf":{"@id":"https:\/\/aflamo.shop\/es\/#website"},"primaryImageOfPage":{"@id":"https:\/\/aflamo.shop\/es\/p\/inserto-electrico-aflamo-led-90-classic\/#primaryimage"},"image":{"@id":"https:\/\/aflamo.shop\/es\/p\/inserto-electrico-aflamo-led-90-classic\/#primaryimage"},"thumbnailUrl":"https:\/\/aflamo.shop\/wp-content\/uploads\/2023\/05\/aflamo-led-90_sq-1.jpg","datePublished":"2023-05-30T07:36:24+00:00","dateModified":"2026-03-10T13:05:28+00:00","description":"El inserto de chimenea el\u00e9ctrica LED Aflamo LED Classic es una combinaci\u00f3n armoniosa de est\u00e9tica, funcionalidad y seguridad en el hogar.","breadcrumb":{"@id":"https:\/\/aflamo.shop\/es\/p\/inserto-electrico-aflamo-led-90-classic\/#breadcrumb"},"inLanguage":"es","potentialAction":[{"@type":"ReadAction","target":["https:\/\/aflamo.shop\/es\/p\/inserto-electrico-aflamo-led-90-classic\/"]}]},{"@type":"ImageObject","inLanguage":"es","@id":"https:\/\/aflamo.shop\/es\/p\/inserto-electrico-aflamo-led-90-classic\/#primaryimage","url":"https:\/\/aflamo.shop\/wp-content\/uploads\/2023\/05\/aflamo-led-90_sq-1.jpg","contentUrl":"https:\/\/aflamo.shop\/wp-content\/uploads\/2023\/05\/aflamo-led-90_sq-1.jpg","width":1399,"height":1399},{"@type":"BreadcrumbList","@id":"https:\/\/aflamo.shop\/es\/p\/inserto-electrico-aflamo-led-90-classic\/#breadcrumb","itemListElement":[{"@type":"ListItem","position":1,"name":"P\u00e1gina principal","item":"https:\/\/aflamo.shop\/es\/"},{"@type":"ListItem","position":2,"name":"Tienda","item":"https:\/\/aflamo.shop\/tienda\/"},{"@type":"ListItem","position":3,"name":"Chimeneas el\u00e9ctricas","item":"https:\/\/aflamo.shop\/es\/s\/chimeneas-electricas\/"},{"@type":"ListItem","position":4,"name":"Inserto el\u00e9ctrico Aflamo LED 90 Classic"}]},{"@type":"WebSite","@id":"https:\/\/aflamo.shop\/es\/#website","url":"https:\/\/aflamo.shop\/es\/","name":"aflamo.shop - distribuidor certificado de aflamo","description":"Kominki elektryczne Aflamo i Emotion Flame z funkcj\u0105 grzania","publisher":{"@id":"https:\/\/aflamo.shop\/es\/#organization"},"potentialAction":[{"@type":"SearchAction","target":{"@type":"EntryPoint","urlTemplate":"https:\/\/aflamo.shop\/es\/?s={search_term_string}"},"query-input":{"@type":"PropertyValueSpecification","valueRequired":true,"valueName":"search_term_string"}}],"inLanguage":"es"},{"@type":"Organization","@id":"https:\/\/aflamo.shop\/es\/#organization","name":"aflamo.shop - distribuidor certificado de aflamo","url":"https:\/\/aflamo.shop\/es\/","logo":{"@type":"ImageObject","inLanguage":"es","@id":"https:\/\/aflamo.shop\/es\/#\/schema\/logo\/image\/","url":"https:\/\/aflamo.shop\/wp-content\/uploads\/2019\/10\/logo2.1-1-1.svg","contentUrl":"https:\/\/aflamo.shop\/wp-content\/uploads\/2019\/10\/logo2.1-1-1.svg","caption":"aflamo.shop - distribuidor certificado de aflamo"},"image":{"@id":"https:\/\/aflamo.shop\/es\/#\/schema\/logo\/image\/"}}]}},"_links":{"self":[{"href":"https:\/\/aflamo.shop\/es\/wp-json\/wp\/v2\/product\/8428","targetHints":{"allow":["GET"]}}],"collection":[{"href":"https:\/\/aflamo.shop\/es\/wp-json\/wp\/v2\/product"}],"about":[{"href":"https:\/\/aflamo.shop\/es\/wp-json\/wp\/v2\/types\/product"}],"replies":[{"embeddable":true,"href":"https:\/\/aflamo.shop\/es\/wp-json\/wp\/v2\/comments?post=8428"}],"wp:featuredmedia":[{"embeddable":true,"href":"https:\/\/aflamo.shop\/es\/wp-json\/wp\/v2\/media\/6153"}],"wp:attachment":[{"href":"https:\/\/aflamo.shop\/es\/wp-json\/wp\/v2\/media?parent=8428"}],"wp:term":[{"taxonomy":"product_brand","embeddable":true,"href":"https:\/\/aflamo.shop\/es\/wp-json\/wp\/v2\/product_brand?post=8428"},{"taxonomy":"product_cat","embeddable":true,"href":"https:\/\/aflamo.shop\/es\/wp-json\/wp\/v2\/product_cat?post=8428"},{"taxonomy":"product_tag","embeddable":true,"href":"https:\/\/aflamo.shop\/es\/wp-json\/wp\/v2\/product_tag?post=8428"}],"curies":[{"name":"wp","href":"https:\/\/api.w.org\/{rel}","templated":true}]}}