{"id":8417,"date":"2023-05-30T12:26:51","date_gmt":"2023-05-30T12:26:51","guid":{"rendered":"https:\/\/aflamo.shop\/p\/chimenea-independiente-led-aflamo-hoover\/"},"modified":"2026-03-10T13:02:31","modified_gmt":"2026-03-10T13:02:31","slug":"chimenea-independiente-led-aflamo-hoover","status":"publish","type":"product","link":"https:\/\/aflamo.shop\/es\/p\/chimenea-independiente-led-aflamo-hoover\/","title":{"rendered":"Chimenea independiente LED Aflamo Hoover"},"content":{"rendered":"<h3><\/h3>\n<h3><strong>Caracter\u00edsticas de la chimenea<img fetchpriority=\"high\" decoding=\"async\" class=\"alignright wp-image-6948 \" src=\"https:\/\/aflamo.shop\/wp-content\/uploads\/2023\/05\/hoover-1-195x300.jpg\" alt=\"\" width=\"264\" height=\"406\" srcset=\"https:\/\/aflamo.shop\/wp-content\/uploads\/2023\/05\/hoover-1-195x300.jpg 195w, https:\/\/aflamo.shop\/wp-content\/uploads\/2023\/05\/hoover-1-600x923.jpg 600w, https:\/\/aflamo.shop\/wp-content\/uploads\/2023\/05\/hoover-1.jpg 666w\" sizes=\"(max-width: 264px) 100vw, 264px\" \/><br \/>\n<\/strong><\/h3>\n<p>&nbsp;<\/p>\n<ul>\n<li>Chimenea de pie, estufa<\/li>\n<li>Carcasa de acero negro<\/li>\n<\/ul>\n<h3><\/h3>\n<p>&nbsp;<\/p>\n<h3><strong>Calefacci\u00f3n<\/strong><\/h3>\n<p>&nbsp;<\/p>\n<p>La llama es independiente de la calefacci\u00f3n, lo que hace posible su uso durante todo el a\u00f1o, incluso en d\u00edas calurosos.<br \/>\nSe puede activar la calefacci\u00f3n de encendido y apagado en cualquier momento.<\/p>\n<ul>\n<li>2 niveles de potencia de calefacci\u00f3n: 900W \/ 1950W<\/li>\n<li>protecci\u00f3n contra sobrecalentamiento<\/li>\n<\/ul>\n<h3><\/h3>\n<h3><\/h3>\n<h3 class=\"col-12 col-md-6 cecha-col naprzemienne-txt naprzemienne-opis\"><strong>Control<\/strong><\/h3>\n<div class=\"col-12 col-md-6 cecha-col naprzemienne-txt naprzemienne-opis\">\n<strong>Control por botones en la chimenea:<\/strong><\/p>\n<ul>\n<li>Encendido\/apagado de la chimenea<\/li>\n<li>Encendido\/apagado de calefacci\u00f3n<\/li>\n<li>Selecci\u00f3n del nivel de potencia de calefacci\u00f3n<\/li>\n<\/ul>\n<\/div>\n<h3><\/h3>\n<h3><\/h3>\n<p>&nbsp;<\/p>\n<h3><strong>Datos t\u00e9cnicos<\/strong><\/h3>\n<p>&nbsp;<\/p>\n<table width=\"548\" cellspacing=\"0\" cellpadding=\"2\">\n<tbody>\n<tr>\n<td width=\"216\">efecto llama<\/td>\n<td width=\"324\">LED<\/td>\n<\/tr>\n<tr>\n<td width=\"216\">Aplicaci\u00f3n movil<\/td>\n<td width=\"324\">no<\/td>\n<\/tr>\n<tr>\n<td width=\"216\">Control remoto<\/td>\n<td width=\"324\">no<\/td>\n<\/tr>\n<tr>\n<td width=\"216\">Color \/ acabado<\/td>\n<td width=\"324\">negro<\/td>\n<\/tr>\n<tr>\n<td width=\"216\">Interruptor de tiempo (temporizador)<\/td>\n<td width=\"324\">no<\/td>\n<\/tr>\n<tr>\n<td width=\"216\">Temporizador semanal<\/td>\n<td width=\"324\">no<\/td>\n<\/tr>\n<tr>\n<td width=\"216\">Funci\u00f3n de calefacci\u00f3n<\/td>\n<td width=\"324\">si<\/td>\n<\/tr>\n<tr>\n<td width=\"216\">Llama independiente de la funci\u00f3n de calefacci\u00f3n<\/td>\n<td width=\"324\">si<\/td>\n<\/tr>\n<tr>\n<td width=\"216\">Poder de calefacci\u00f3n<\/td>\n<td width=\"324\">900 \/ 1950 W<\/td>\n<\/tr>\n<tr>\n<td width=\"216\">Regulaci\u00f3n de la temperatura<\/td>\n<td width=\"324\">&#8211;<\/td>\n<\/tr>\n<tr>\n<td width=\"216\">protecci\u00f3n contra sobrecalentamiento<\/td>\n<td width=\"324\">&#8211;<\/td>\n<\/tr>\n<tr>\n<td width=\"216\">Termostato<\/td>\n<td width=\"324\">&#8211;<\/td>\n<\/tr>\n<tr>\n<td width=\"216\">Fuego<\/p>\n<p>lecho de brasas<\/td>\n<td width=\"324\">1 llama color naranja<\/p>\n<p>Troncos<\/td>\n<\/tr>\n<tr>\n<td width=\"216\">Garantizar<\/td>\n<td width=\"324\">2 a\u00f1os<\/td>\n<\/tr>\n<tr>\n<td width=\"216\">Longitud del cable de alimentaci\u00f3n<\/td>\n<td width=\"324\">1,8 m<\/td>\n<\/tr>\n<tr>\n<td width=\"216\">Tensi\u00f3n<\/td>\n<td width=\"324\">220 V<\/td>\n<\/tr>\n<\/tbody>\n<\/table>\n<p>&nbsp;<\/p>\n<ul><strong><\/p>\n<p><a href=\"https:\/\/aflamo.shop\/wp-content\/uploads\/2023\/05\/Hoover_EN-PL-NL-2.pdf\">Manual de usuario e informaci\u00f3n de seguridad importante.<\/a><\/p>\n<p><\/strong><\/ul>\n<h6><strong>Dibujo t\u00e9cnico<\/strong><\/h6>\n<p>&nbsp;<\/p>\n<p><img decoding=\"async\" class=\"alignnone wp-image-6942 size-full\" src=\"https:\/\/aflamo.shop\/wp-content\/uploads\/2023\/05\/hoover-4.jpg\" alt=\"\" width=\"656\" height=\"775\" srcset=\"https:\/\/aflamo.shop\/wp-content\/uploads\/2023\/05\/hoover-4.jpg 656w, https:\/\/aflamo.shop\/wp-content\/uploads\/2023\/05\/hoover-4-600x709.jpg 600w, https:\/\/aflamo.shop\/wp-content\/uploads\/2023\/05\/hoover-4-254x300.jpg 254w\" sizes=\"(max-width: 656px) 100vw, 656px\" \/><\/p>\n<p>&nbsp;<\/p>\n<p>&nbsp;<\/p>\n","protected":false},"excerpt":{"rendered":"<p>Productor:Aflamo<\/p>\n<p>GETIN:5908283561384<\/p>\n<p>Dimensiones:\u00a0\u00a0 42 x 57 x 26 cm<\/p>\n","protected":false},"featured_media":6977,"comment_status":"closed","ping_status":"closed","template":"","meta":[],"product_brand":[],"product_cat":[678,190,195],"product_tag":[],"class_list":{"0":"post-8417","1":"product","2":"type-product","3":"status-publish","4":"has-post-thumbnail","6":"product_cat-aflamo","7":"product_cat-chimeneas-electricas","8":"product_cat-chimeneas-led-portatiles","10":"first","11":"instock","12":"shipping-taxable","13":"purchasable","14":"product-type-simple"},"yoast_head":"<!-- This site is optimized with the Yoast SEO plugin v27.1.1 - https:\/\/yoast.com\/product\/yoast-seo-wordpress\/ -->\n<title>Chimenea independiente LED Aflamo Hoover - aflamo.shop - distribuidor certificado de aflamo<\/title>\n<meta name=\"robots\" content=\"index, follow, max-snippet:-1, max-image-preview:large, max-video-preview:-1\" \/>\n<link rel=\"canonical\" href=\"https:\/\/aflamo.shop\/es\/p\/chimenea-independiente-led-aflamo-hoover\/\" \/>\n<meta property=\"og:locale\" content=\"es_ES\" \/>\n<meta property=\"og:type\" content=\"article\" \/>\n<meta property=\"og:title\" content=\"Chimenea independiente LED Aflamo Hoover - aflamo.shop - distribuidor certificado de aflamo\" \/>\n<meta property=\"og:description\" content=\"Productor:Aflamo GETIN:5908283561384 Dimensiones:\u00a0\u00a0 42 x 57 x 26 cm\" \/>\n<meta property=\"og:url\" content=\"https:\/\/aflamo.shop\/es\/p\/chimenea-independiente-led-aflamo-hoover\/\" \/>\n<meta property=\"og:site_name\" content=\"aflamo.shop - distribuidor certificado de aflamo\" \/>\n<meta property=\"article:modified_time\" content=\"2026-03-10T13:02:31+00:00\" \/>\n<meta property=\"og:image\" content=\"https:\/\/aflamo.shop\/wp-content\/uploads\/2023\/05\/hoover-6_sq.jpg\" \/>\n\t<meta property=\"og:image:width\" content=\"1224\" \/>\n\t<meta property=\"og:image:height\" content=\"1224\" \/>\n\t<meta property=\"og:image:type\" content=\"image\/jpeg\" \/>\n<meta name=\"twitter:card\" content=\"summary_large_image\" \/>\n<meta name=\"twitter:label1\" content=\"Tiempo de lectura\" \/>\n\t<meta name=\"twitter:data1\" content=\"2 minutos\" \/>\n<script type=\"application\/ld+json\" class=\"yoast-schema-graph\">{\"@context\":\"https:\/\/schema.org\",\"@graph\":[{\"@type\":\"WebPage\",\"@id\":\"https:\/\/aflamo.shop\/es\/p\/chimenea-independiente-led-aflamo-hoover\/\",\"url\":\"https:\/\/aflamo.shop\/es\/p\/chimenea-independiente-led-aflamo-hoover\/\",\"name\":\"Chimenea independiente LED Aflamo Hoover - aflamo.shop - distribuidor certificado de aflamo\",\"isPartOf\":{\"@id\":\"https:\/\/aflamo.shop\/es\/#website\"},\"primaryImageOfPage\":{\"@id\":\"https:\/\/aflamo.shop\/es\/p\/chimenea-independiente-led-aflamo-hoover\/#primaryimage\"},\"image\":{\"@id\":\"https:\/\/aflamo.shop\/es\/p\/chimenea-independiente-led-aflamo-hoover\/#primaryimage\"},\"thumbnailUrl\":\"https:\/\/aflamo.shop\/wp-content\/uploads\/2023\/05\/hoover-6_sq.jpg\",\"datePublished\":\"2023-05-30T12:26:51+00:00\",\"dateModified\":\"2026-03-10T13:02:31+00:00\",\"breadcrumb\":{\"@id\":\"https:\/\/aflamo.shop\/es\/p\/chimenea-independiente-led-aflamo-hoover\/#breadcrumb\"},\"inLanguage\":\"es\",\"potentialAction\":[{\"@type\":\"ReadAction\",\"target\":[\"https:\/\/aflamo.shop\/es\/p\/chimenea-independiente-led-aflamo-hoover\/\"]}]},{\"@type\":\"ImageObject\",\"inLanguage\":\"es\",\"@id\":\"https:\/\/aflamo.shop\/es\/p\/chimenea-independiente-led-aflamo-hoover\/#primaryimage\",\"url\":\"https:\/\/aflamo.shop\/wp-content\/uploads\/2023\/05\/hoover-6_sq.jpg\",\"contentUrl\":\"https:\/\/aflamo.shop\/wp-content\/uploads\/2023\/05\/hoover-6_sq.jpg\",\"width\":1224,\"height\":1224},{\"@type\":\"BreadcrumbList\",\"@id\":\"https:\/\/aflamo.shop\/es\/p\/chimenea-independiente-led-aflamo-hoover\/#breadcrumb\",\"itemListElement\":[{\"@type\":\"ListItem\",\"position\":1,\"name\":\"P\u00e1gina principal\",\"item\":\"https:\/\/aflamo.shop\/es\/\"},{\"@type\":\"ListItem\",\"position\":2,\"name\":\"Tienda\",\"item\":\"https:\/\/aflamo.shop\/tienda\/\"},{\"@type\":\"ListItem\",\"position\":3,\"name\":\"Chimeneas el\u00e9ctricas\",\"item\":\"https:\/\/aflamo.shop\/es\/s\/chimeneas-electricas\/\"},{\"@type\":\"ListItem\",\"position\":4,\"name\":\"Chimenea independiente LED Aflamo Hoover\"}]},{\"@type\":\"WebSite\",\"@id\":\"https:\/\/aflamo.shop\/es\/#website\",\"url\":\"https:\/\/aflamo.shop\/es\/\",\"name\":\"aflamo.shop - distribuidor certificado de aflamo\",\"description\":\"Kominki elektryczne Aflamo i Emotion Flame z funkcj\u0105 grzania\",\"publisher\":{\"@id\":\"https:\/\/aflamo.shop\/es\/#organization\"},\"potentialAction\":[{\"@type\":\"SearchAction\",\"target\":{\"@type\":\"EntryPoint\",\"urlTemplate\":\"https:\/\/aflamo.shop\/es\/?s={search_term_string}\"},\"query-input\":{\"@type\":\"PropertyValueSpecification\",\"valueRequired\":true,\"valueName\":\"search_term_string\"}}],\"inLanguage\":\"es\"},{\"@type\":\"Organization\",\"@id\":\"https:\/\/aflamo.shop\/es\/#organization\",\"name\":\"aflamo.shop - distribuidor certificado de aflamo\",\"url\":\"https:\/\/aflamo.shop\/es\/\",\"logo\":{\"@type\":\"ImageObject\",\"inLanguage\":\"es\",\"@id\":\"https:\/\/aflamo.shop\/es\/#\/schema\/logo\/image\/\",\"url\":\"https:\/\/aflamo.shop\/wp-content\/uploads\/2019\/10\/logo2.1-1-1.svg\",\"contentUrl\":\"https:\/\/aflamo.shop\/wp-content\/uploads\/2019\/10\/logo2.1-1-1.svg\",\"caption\":\"aflamo.shop - distribuidor certificado de aflamo\"},\"image\":{\"@id\":\"https:\/\/aflamo.shop\/es\/#\/schema\/logo\/image\/\"}}]}<\/script>\n<!-- \/ Yoast SEO plugin. -->","yoast_head_json":{"title":"Chimenea independiente LED Aflamo Hoover - aflamo.shop - distribuidor certificado de aflamo","robots":{"index":"index","follow":"follow","max-snippet":"max-snippet:-1","max-image-preview":"max-image-preview:large","max-video-preview":"max-video-preview:-1"},"canonical":"https:\/\/aflamo.shop\/es\/p\/chimenea-independiente-led-aflamo-hoover\/","og_locale":"es_ES","og_type":"article","og_title":"Chimenea independiente LED Aflamo Hoover - aflamo.shop - distribuidor certificado de aflamo","og_description":"Productor:Aflamo GETIN:5908283561384 Dimensiones:\u00a0\u00a0 42 x 57 x 26 cm","og_url":"https:\/\/aflamo.shop\/es\/p\/chimenea-independiente-led-aflamo-hoover\/","og_site_name":"aflamo.shop - distribuidor certificado de aflamo","article_modified_time":"2026-03-10T13:02:31+00:00","og_image":[{"width":1224,"height":1224,"url":"https:\/\/aflamo.shop\/wp-content\/uploads\/2023\/05\/hoover-6_sq.jpg","type":"image\/jpeg"}],"twitter_card":"summary_large_image","twitter_misc":{"Tiempo de lectura":"2 minutos"},"schema":{"@context":"https:\/\/schema.org","@graph":[{"@type":"WebPage","@id":"https:\/\/aflamo.shop\/es\/p\/chimenea-independiente-led-aflamo-hoover\/","url":"https:\/\/aflamo.shop\/es\/p\/chimenea-independiente-led-aflamo-hoover\/","name":"Chimenea independiente LED Aflamo Hoover - aflamo.shop - distribuidor certificado de aflamo","isPartOf":{"@id":"https:\/\/aflamo.shop\/es\/#website"},"primaryImageOfPage":{"@id":"https:\/\/aflamo.shop\/es\/p\/chimenea-independiente-led-aflamo-hoover\/#primaryimage"},"image":{"@id":"https:\/\/aflamo.shop\/es\/p\/chimenea-independiente-led-aflamo-hoover\/#primaryimage"},"thumbnailUrl":"https:\/\/aflamo.shop\/wp-content\/uploads\/2023\/05\/hoover-6_sq.jpg","datePublished":"2023-05-30T12:26:51+00:00","dateModified":"2026-03-10T13:02:31+00:00","breadcrumb":{"@id":"https:\/\/aflamo.shop\/es\/p\/chimenea-independiente-led-aflamo-hoover\/#breadcrumb"},"inLanguage":"es","potentialAction":[{"@type":"ReadAction","target":["https:\/\/aflamo.shop\/es\/p\/chimenea-independiente-led-aflamo-hoover\/"]}]},{"@type":"ImageObject","inLanguage":"es","@id":"https:\/\/aflamo.shop\/es\/p\/chimenea-independiente-led-aflamo-hoover\/#primaryimage","url":"https:\/\/aflamo.shop\/wp-content\/uploads\/2023\/05\/hoover-6_sq.jpg","contentUrl":"https:\/\/aflamo.shop\/wp-content\/uploads\/2023\/05\/hoover-6_sq.jpg","width":1224,"height":1224},{"@type":"BreadcrumbList","@id":"https:\/\/aflamo.shop\/es\/p\/chimenea-independiente-led-aflamo-hoover\/#breadcrumb","itemListElement":[{"@type":"ListItem","position":1,"name":"P\u00e1gina principal","item":"https:\/\/aflamo.shop\/es\/"},{"@type":"ListItem","position":2,"name":"Tienda","item":"https:\/\/aflamo.shop\/tienda\/"},{"@type":"ListItem","position":3,"name":"Chimeneas el\u00e9ctricas","item":"https:\/\/aflamo.shop\/es\/s\/chimeneas-electricas\/"},{"@type":"ListItem","position":4,"name":"Chimenea independiente LED Aflamo Hoover"}]},{"@type":"WebSite","@id":"https:\/\/aflamo.shop\/es\/#website","url":"https:\/\/aflamo.shop\/es\/","name":"aflamo.shop - distribuidor certificado de aflamo","description":"Kominki elektryczne Aflamo i Emotion Flame z funkcj\u0105 grzania","publisher":{"@id":"https:\/\/aflamo.shop\/es\/#organization"},"potentialAction":[{"@type":"SearchAction","target":{"@type":"EntryPoint","urlTemplate":"https:\/\/aflamo.shop\/es\/?s={search_term_string}"},"query-input":{"@type":"PropertyValueSpecification","valueRequired":true,"valueName":"search_term_string"}}],"inLanguage":"es"},{"@type":"Organization","@id":"https:\/\/aflamo.shop\/es\/#organization","name":"aflamo.shop - distribuidor certificado de aflamo","url":"https:\/\/aflamo.shop\/es\/","logo":{"@type":"ImageObject","inLanguage":"es","@id":"https:\/\/aflamo.shop\/es\/#\/schema\/logo\/image\/","url":"https:\/\/aflamo.shop\/wp-content\/uploads\/2019\/10\/logo2.1-1-1.svg","contentUrl":"https:\/\/aflamo.shop\/wp-content\/uploads\/2019\/10\/logo2.1-1-1.svg","caption":"aflamo.shop - distribuidor certificado de aflamo"},"image":{"@id":"https:\/\/aflamo.shop\/es\/#\/schema\/logo\/image\/"}}]}},"_links":{"self":[{"href":"https:\/\/aflamo.shop\/es\/wp-json\/wp\/v2\/product\/8417","targetHints":{"allow":["GET"]}}],"collection":[{"href":"https:\/\/aflamo.shop\/es\/wp-json\/wp\/v2\/product"}],"about":[{"href":"https:\/\/aflamo.shop\/es\/wp-json\/wp\/v2\/types\/product"}],"replies":[{"embeddable":true,"href":"https:\/\/aflamo.shop\/es\/wp-json\/wp\/v2\/comments?post=8417"}],"wp:featuredmedia":[{"embeddable":true,"href":"https:\/\/aflamo.shop\/es\/wp-json\/wp\/v2\/media\/6977"}],"wp:attachment":[{"href":"https:\/\/aflamo.shop\/es\/wp-json\/wp\/v2\/media?parent=8417"}],"wp:term":[{"taxonomy":"product_brand","embeddable":true,"href":"https:\/\/aflamo.shop\/es\/wp-json\/wp\/v2\/product_brand?post=8417"},{"taxonomy":"product_cat","embeddable":true,"href":"https:\/\/aflamo.shop\/es\/wp-json\/wp\/v2\/product_cat?post=8417"},{"taxonomy":"product_tag","embeddable":true,"href":"https:\/\/aflamo.shop\/es\/wp-json\/wp\/v2\/product_tag?post=8417"}],"curies":[{"name":"wp","href":"https:\/\/api.w.org\/{rel}","templated":true}]}}