{"id":8375,"date":"2023-06-14T11:41:21","date_gmt":"2023-06-14T11:41:21","guid":{"rendered":"https:\/\/aflamo.shop\/p\/biochimenea-aflamo-poker-blanco\/"},"modified":"2026-03-10T12:26:53","modified_gmt":"2026-03-10T12:26:53","slug":"biochimenea-aflamo-poker-blanco","status":"publish","type":"product","link":"https:\/\/aflamo.shop\/es\/p\/biochimenea-aflamo-poker-blanco\/","title":{"rendered":"Biochimenea Aflamo Poker blanco"},"content":{"rendered":"<h3><strong>Caracter\u00edsticas de la chimenea<img fetchpriority=\"high\" decoding=\"async\" class=\"alignright wp-image-7515 \" src=\"https:\/\/aflamo.shop\/wp-content\/uploads\/2023\/06\/Poker_white__right_LM_BIO-300x300.jpg\" alt=\"\" width=\"383\" height=\"383\" srcset=\"https:\/\/aflamo.shop\/wp-content\/uploads\/2023\/06\/Poker_white__right_LM_BIO-300x300.jpg 300w, https:\/\/aflamo.shop\/wp-content\/uploads\/2023\/06\/Poker_white__right_LM_BIO-100x100.jpg 100w, https:\/\/aflamo.shop\/wp-content\/uploads\/2023\/06\/Poker_white__right_LM_BIO-600x600.jpg 600w, https:\/\/aflamo.shop\/wp-content\/uploads\/2023\/06\/Poker_white__right_LM_BIO-1024x1024.jpg 1024w, https:\/\/aflamo.shop\/wp-content\/uploads\/2023\/06\/Poker_white__right_LM_BIO-150x150.jpg 150w, https:\/\/aflamo.shop\/wp-content\/uploads\/2023\/06\/Poker_white__right_LM_BIO-768x768.jpg 768w, https:\/\/aflamo.shop\/wp-content\/uploads\/2023\/06\/Poker_white__right_LM_BIO-1536x1536.jpg 1536w, https:\/\/aflamo.shop\/wp-content\/uploads\/2023\/06\/Poker_white__right_LM_BIO-2048x2048.jpg 2048w\" sizes=\"(max-width: 383px) 100vw, 383px\" \/><\/strong><\/h3>\n<p>&nbsp;<\/p>\n<p>Las biochimeneas Poker combinan modernidad y cl\u00e1sicos. Son adecuados tanto para una sala de estar moderna como para una oficina o un interior extravagante. Puede organizar f\u00e1cilmente cualquier habitaci\u00f3n con ellos.\n<\/p>\n<p>La chimenea est\u00e1 disponible en los siguientes colores: hormig\u00f3n, blanco, roble y nogal.<\/p>\n<p>&nbsp;<\/p>\n<div class=\"more-info\">\n<div class=\"tab-content\">\n<section id=\"idTab1\" class=\"page-product-box\">\n<div class=\"rte\">\n<div class=\"row\">\n<div id=\"\" class=\"col-xs-12 col-sm-6 \">\n<div id=\"\" class=\"eds-on-scroll eds-scroll-visible animated fadeInUp duration2\">\n<div id=\"\" class=\"eds-on-scroll eds-scroll-visible animated fadeInUp duration2\"><\/div>\n<div class=\"row\">\n<div id=\"\" class=\"col-xs-12 col-sm-6 \">\n<div id=\"\" class=\"eds-on-scroll eds-scroll-visible animated fadeInUp duration2\">\n<p>&nbsp;<\/p>\n<p>&nbsp;<\/p>\n<h3><\/h3>\n<h3><\/h3>\n<h3><\/h3>\n<h3><strong>Contribuci\u00f3n<\/strong><\/h3>\n<p>&nbsp;<\/p>\n<ul>\n<li>Color: negro mate<\/li>\n<li>enteramente de acero<\/li>\n<li>pintado con resistente a la alta temperatura y da\u00f1os en la pintura<\/li>\n<\/ul>\n<p><strong>Quemador<img decoding=\"async\" class=\"alignright wp-image-7489 \" src=\"https:\/\/aflamo.shop\/wp-content\/uploads\/2023\/06\/BIO_50_front-248x300.jpg\" alt=\"\" width=\"355\" height=\"430\" srcset=\"https:\/\/aflamo.shop\/wp-content\/uploads\/2023\/06\/BIO_50_front-248x300.jpg 248w, https:\/\/aflamo.shop\/wp-content\/uploads\/2023\/06\/BIO_50_front-600x725.jpg 600w, https:\/\/aflamo.shop\/wp-content\/uploads\/2023\/06\/BIO_50_front-847x1024.jpg 847w, https:\/\/aflamo.shop\/wp-content\/uploads\/2023\/06\/BIO_50_front-768x928.jpg 768w, https:\/\/aflamo.shop\/wp-content\/uploads\/2023\/06\/BIO_50_front-1271x1536.jpg 1271w, https:\/\/aflamo.shop\/wp-content\/uploads\/2023\/06\/BIO_50_front.jpg 1486w\" sizes=\"(max-width: 355px) 100vw, 355px\" \/><\/strong><\/p>\n<\/div>\n<\/div>\n<\/div>\n<ul>\n<li>seguro con certificado TUV<\/li>\n<li>Dise\u00f1o refinado asegura una combusti\u00f3n incluso a trav\u00e9s de toda la anchura<\/li>\n<li>el cartucho de cer\u00e1mica reduce el riesgo de derrame bio-combustible<\/li>\n<li>de acero inoxidable<\/li>\n<li>quemador de ancho 30,5 cm<\/li>\n<li>la anchura de la l\u00ednea de fuego 22 cm<\/li>\n<li>capacidad 0,9 litro<\/li>\n<li>tiempo de combusti\u00f3n 1,5h<\/li>\n<\/ul>\n<p>&nbsp;<\/p>\n<h3><strong>Equipo<\/strong><\/h3>\n<p>&nbsp;<\/p>\n<ul>\n<li style=\"list-style-type: none;\">\n<ul>\n<li>contribuci\u00f3n incorporado<\/li>\n<li>quemador con certificado TUV<\/li>\n<li>embudo para biocombustible<\/li>\n<li>accesorios de montaje<\/li>\n<\/ul>\n<\/li>\n<\/ul>\n<h3><\/h3>\n<h3><\/h3>\n<ul><strong><\/p>\n<p><a href=\"https:\/\/aflamo.shop\/wp-content\/uploads\/2023\/06\/BIO_manual_EN-PL-DE-FR.pdf\">Manual de usuario e informaci\u00f3n de seguridad importante.<\/a><\/p>\n<p><\/strong><\/ul>\n<h3><strong>Dibujos tecnicos<\/strong><\/h3>\n<\/div>\n<\/div>\n<p>&nbsp;<\/p>\n<p>&nbsp;<\/p>\n<\/div>\n<\/div>\n<\/section>\n<\/div>\n<\/div>\n<p><img decoding=\"async\" class=\"alignnone wp-image-7495 size-full\" src=\"https:\/\/aflamo.shop\/wp-content\/uploads\/2023\/06\/Poker-900x842-1.png\" alt=\"\" width=\"900\" height=\"842\" srcset=\"https:\/\/aflamo.shop\/wp-content\/uploads\/2023\/06\/Poker-900x842-1.png 900w, https:\/\/aflamo.shop\/wp-content\/uploads\/2023\/06\/Poker-900x842-1-600x561.png 600w, https:\/\/aflamo.shop\/wp-content\/uploads\/2023\/06\/Poker-900x842-1-300x281.png 300w, https:\/\/aflamo.shop\/wp-content\/uploads\/2023\/06\/Poker-900x842-1-768x719.png 768w\" sizes=\"(max-width: 900px) 100vw, 900px\" \/><\/p>\n<p>&nbsp;<\/p>\n<p><strong>\u00a0<\/strong><\/p>\n<p>&nbsp;<\/p>\n<p>&nbsp;<\/p>\n<p><strong>\u00a0<\/strong><\/p>\n<p>&nbsp;<\/p>\n","protected":false},"excerpt":{"rendered":"<p>Productor:Aflamo<\/p>\n<p>GETIN:5908283562527<\/p>\n<p><b>Colores disponibles:<\/b><\/p>\n<ul>\n<li class=\"kp-szary\"><a href=\"https:\/\/aflamo.shop\/es\/p\/biochimenea-aflamo-poker-concreto\/\">Concreto<\/a><\/li>\n<li class=\"kp-bialy\"><a href=\"https:\/\/aflamo.shop\/es\/p\/biochimenea-aflamo-poker-blanco\/\">Blanco<\/a><\/li>\n<\/ul>\n<p>Dimensiones: 74x88x20<\/p>\n","protected":false},"featured_media":22164,"comment_status":"open","ping_status":"closed","template":"","meta":[],"product_brand":[],"product_cat":[678,201,200],"product_tag":[],"class_list":{"0":"post-8375","1":"product","2":"type-product","3":"status-publish","4":"has-post-thumbnail","6":"product_cat-aflamo","7":"product_cat-biochimeneas-con-carcasa","8":"product_cat-chimeneas-de-bioetanol","10":"first","11":"instock","12":"shipping-taxable","13":"purchasable","14":"product-type-simple"},"yoast_head":"<!-- This site is optimized with the Yoast SEO plugin v27.1.1 - https:\/\/yoast.com\/product\/yoast-seo-wordpress\/ -->\n<title>Biochimenea Aflamo Poker blanco - aflamo.shop - distribuidor certificado de aflamo<\/title>\n<meta name=\"robots\" content=\"index, follow, max-snippet:-1, max-image-preview:large, max-video-preview:-1\" \/>\n<link rel=\"canonical\" href=\"https:\/\/aflamo.shop\/es\/p\/biochimenea-aflamo-poker-blanco\/\" \/>\n<meta property=\"og:locale\" content=\"es_ES\" \/>\n<meta property=\"og:type\" content=\"article\" \/>\n<meta property=\"og:title\" content=\"Biochimenea Aflamo Poker blanco - aflamo.shop - distribuidor certificado de aflamo\" \/>\n<meta property=\"og:description\" content=\"Productor:Aflamo GETIN:5908283562527 Colores disponibles:  Concreto Blanco    Dimensiones: 74x88x20\" \/>\n<meta property=\"og:url\" content=\"https:\/\/aflamo.shop\/es\/p\/biochimenea-aflamo-poker-blanco\/\" \/>\n<meta property=\"og:site_name\" content=\"aflamo.shop - distribuidor certificado de aflamo\" \/>\n<meta property=\"article:modified_time\" content=\"2026-03-10T12:26:53+00:00\" \/>\n<meta property=\"og:image\" content=\"https:\/\/aflamo.shop\/wp-content\/uploads\/2023\/06\/Projekt-bez-nazwy32.png\" \/>\n\t<meta property=\"og:image:width\" content=\"2048\" \/>\n\t<meta property=\"og:image:height\" content=\"2048\" \/>\n\t<meta property=\"og:image:type\" content=\"image\/png\" \/>\n<meta name=\"twitter:card\" content=\"summary_large_image\" \/>\n<meta name=\"twitter:label1\" content=\"Tiempo de lectura\" \/>\n\t<meta name=\"twitter:data1\" content=\"2 minutos\" \/>\n<script type=\"application\/ld+json\" class=\"yoast-schema-graph\">{\"@context\":\"https:\/\/schema.org\",\"@graph\":[{\"@type\":\"WebPage\",\"@id\":\"https:\/\/aflamo.shop\/es\/p\/biochimenea-aflamo-poker-blanco\/\",\"url\":\"https:\/\/aflamo.shop\/es\/p\/biochimenea-aflamo-poker-blanco\/\",\"name\":\"Biochimenea Aflamo Poker blanco - aflamo.shop - distribuidor certificado de aflamo\",\"isPartOf\":{\"@id\":\"https:\/\/aflamo.shop\/es\/#website\"},\"primaryImageOfPage\":{\"@id\":\"https:\/\/aflamo.shop\/es\/p\/biochimenea-aflamo-poker-blanco\/#primaryimage\"},\"image\":{\"@id\":\"https:\/\/aflamo.shop\/es\/p\/biochimenea-aflamo-poker-blanco\/#primaryimage\"},\"thumbnailUrl\":\"https:\/\/aflamo.shop\/wp-content\/uploads\/2023\/06\/Projekt-bez-nazwy32.png\",\"datePublished\":\"2023-06-14T11:41:21+00:00\",\"dateModified\":\"2026-03-10T12:26:53+00:00\",\"breadcrumb\":{\"@id\":\"https:\/\/aflamo.shop\/es\/p\/biochimenea-aflamo-poker-blanco\/#breadcrumb\"},\"inLanguage\":\"es\",\"potentialAction\":[{\"@type\":\"ReadAction\",\"target\":[\"https:\/\/aflamo.shop\/es\/p\/biochimenea-aflamo-poker-blanco\/\"]}]},{\"@type\":\"ImageObject\",\"inLanguage\":\"es\",\"@id\":\"https:\/\/aflamo.shop\/es\/p\/biochimenea-aflamo-poker-blanco\/#primaryimage\",\"url\":\"https:\/\/aflamo.shop\/wp-content\/uploads\/2023\/06\/Projekt-bez-nazwy32.png\",\"contentUrl\":\"https:\/\/aflamo.shop\/wp-content\/uploads\/2023\/06\/Projekt-bez-nazwy32.png\",\"width\":2048,\"height\":2048},{\"@type\":\"BreadcrumbList\",\"@id\":\"https:\/\/aflamo.shop\/es\/p\/biochimenea-aflamo-poker-blanco\/#breadcrumb\",\"itemListElement\":[{\"@type\":\"ListItem\",\"position\":1,\"name\":\"P\u00e1gina principal\",\"item\":\"https:\/\/aflamo.shop\/es\/\"},{\"@type\":\"ListItem\",\"position\":2,\"name\":\"Tienda\",\"item\":\"https:\/\/aflamo.shop\/tienda\/\"},{\"@type\":\"ListItem\",\"position\":3,\"name\":\"Chimeneas de bioetanol\",\"item\":\"https:\/\/aflamo.shop\/es\/s\/chimeneas-de-bioetanol\/\"},{\"@type\":\"ListItem\",\"position\":4,\"name\":\"Biochimenea Aflamo Poker blanco\"}]},{\"@type\":\"WebSite\",\"@id\":\"https:\/\/aflamo.shop\/es\/#website\",\"url\":\"https:\/\/aflamo.shop\/es\/\",\"name\":\"aflamo.shop - distribuidor certificado de aflamo\",\"description\":\"Kominki elektryczne Aflamo i Emotion Flame z funkcj\u0105 grzania\",\"publisher\":{\"@id\":\"https:\/\/aflamo.shop\/es\/#organization\"},\"potentialAction\":[{\"@type\":\"SearchAction\",\"target\":{\"@type\":\"EntryPoint\",\"urlTemplate\":\"https:\/\/aflamo.shop\/es\/?s={search_term_string}\"},\"query-input\":{\"@type\":\"PropertyValueSpecification\",\"valueRequired\":true,\"valueName\":\"search_term_string\"}}],\"inLanguage\":\"es\"},{\"@type\":\"Organization\",\"@id\":\"https:\/\/aflamo.shop\/es\/#organization\",\"name\":\"aflamo.shop - distribuidor certificado de aflamo\",\"url\":\"https:\/\/aflamo.shop\/es\/\",\"logo\":{\"@type\":\"ImageObject\",\"inLanguage\":\"es\",\"@id\":\"https:\/\/aflamo.shop\/es\/#\/schema\/logo\/image\/\",\"url\":\"https:\/\/aflamo.shop\/wp-content\/uploads\/2019\/10\/logo2.1-1-1.svg\",\"contentUrl\":\"https:\/\/aflamo.shop\/wp-content\/uploads\/2019\/10\/logo2.1-1-1.svg\",\"caption\":\"aflamo.shop - distribuidor certificado de aflamo\"},\"image\":{\"@id\":\"https:\/\/aflamo.shop\/es\/#\/schema\/logo\/image\/\"}}]}<\/script>\n<!-- \/ Yoast SEO plugin. -->","yoast_head_json":{"title":"Biochimenea Aflamo Poker blanco - aflamo.shop - distribuidor certificado de aflamo","robots":{"index":"index","follow":"follow","max-snippet":"max-snippet:-1","max-image-preview":"max-image-preview:large","max-video-preview":"max-video-preview:-1"},"canonical":"https:\/\/aflamo.shop\/es\/p\/biochimenea-aflamo-poker-blanco\/","og_locale":"es_ES","og_type":"article","og_title":"Biochimenea Aflamo Poker blanco - aflamo.shop - distribuidor certificado de aflamo","og_description":"Productor:Aflamo GETIN:5908283562527 Colores disponibles:  Concreto Blanco    Dimensiones: 74x88x20","og_url":"https:\/\/aflamo.shop\/es\/p\/biochimenea-aflamo-poker-blanco\/","og_site_name":"aflamo.shop - distribuidor certificado de aflamo","article_modified_time":"2026-03-10T12:26:53+00:00","og_image":[{"width":2048,"height":2048,"url":"https:\/\/aflamo.shop\/wp-content\/uploads\/2023\/06\/Projekt-bez-nazwy32.png","type":"image\/png"}],"twitter_card":"summary_large_image","twitter_misc":{"Tiempo de lectura":"2 minutos"},"schema":{"@context":"https:\/\/schema.org","@graph":[{"@type":"WebPage","@id":"https:\/\/aflamo.shop\/es\/p\/biochimenea-aflamo-poker-blanco\/","url":"https:\/\/aflamo.shop\/es\/p\/biochimenea-aflamo-poker-blanco\/","name":"Biochimenea Aflamo Poker blanco - aflamo.shop - distribuidor certificado de aflamo","isPartOf":{"@id":"https:\/\/aflamo.shop\/es\/#website"},"primaryImageOfPage":{"@id":"https:\/\/aflamo.shop\/es\/p\/biochimenea-aflamo-poker-blanco\/#primaryimage"},"image":{"@id":"https:\/\/aflamo.shop\/es\/p\/biochimenea-aflamo-poker-blanco\/#primaryimage"},"thumbnailUrl":"https:\/\/aflamo.shop\/wp-content\/uploads\/2023\/06\/Projekt-bez-nazwy32.png","datePublished":"2023-06-14T11:41:21+00:00","dateModified":"2026-03-10T12:26:53+00:00","breadcrumb":{"@id":"https:\/\/aflamo.shop\/es\/p\/biochimenea-aflamo-poker-blanco\/#breadcrumb"},"inLanguage":"es","potentialAction":[{"@type":"ReadAction","target":["https:\/\/aflamo.shop\/es\/p\/biochimenea-aflamo-poker-blanco\/"]}]},{"@type":"ImageObject","inLanguage":"es","@id":"https:\/\/aflamo.shop\/es\/p\/biochimenea-aflamo-poker-blanco\/#primaryimage","url":"https:\/\/aflamo.shop\/wp-content\/uploads\/2023\/06\/Projekt-bez-nazwy32.png","contentUrl":"https:\/\/aflamo.shop\/wp-content\/uploads\/2023\/06\/Projekt-bez-nazwy32.png","width":2048,"height":2048},{"@type":"BreadcrumbList","@id":"https:\/\/aflamo.shop\/es\/p\/biochimenea-aflamo-poker-blanco\/#breadcrumb","itemListElement":[{"@type":"ListItem","position":1,"name":"P\u00e1gina principal","item":"https:\/\/aflamo.shop\/es\/"},{"@type":"ListItem","position":2,"name":"Tienda","item":"https:\/\/aflamo.shop\/tienda\/"},{"@type":"ListItem","position":3,"name":"Chimeneas de bioetanol","item":"https:\/\/aflamo.shop\/es\/s\/chimeneas-de-bioetanol\/"},{"@type":"ListItem","position":4,"name":"Biochimenea Aflamo Poker blanco"}]},{"@type":"WebSite","@id":"https:\/\/aflamo.shop\/es\/#website","url":"https:\/\/aflamo.shop\/es\/","name":"aflamo.shop - distribuidor certificado de aflamo","description":"Kominki elektryczne Aflamo i Emotion Flame z funkcj\u0105 grzania","publisher":{"@id":"https:\/\/aflamo.shop\/es\/#organization"},"potentialAction":[{"@type":"SearchAction","target":{"@type":"EntryPoint","urlTemplate":"https:\/\/aflamo.shop\/es\/?s={search_term_string}"},"query-input":{"@type":"PropertyValueSpecification","valueRequired":true,"valueName":"search_term_string"}}],"inLanguage":"es"},{"@type":"Organization","@id":"https:\/\/aflamo.shop\/es\/#organization","name":"aflamo.shop - distribuidor certificado de aflamo","url":"https:\/\/aflamo.shop\/es\/","logo":{"@type":"ImageObject","inLanguage":"es","@id":"https:\/\/aflamo.shop\/es\/#\/schema\/logo\/image\/","url":"https:\/\/aflamo.shop\/wp-content\/uploads\/2019\/10\/logo2.1-1-1.svg","contentUrl":"https:\/\/aflamo.shop\/wp-content\/uploads\/2019\/10\/logo2.1-1-1.svg","caption":"aflamo.shop - distribuidor certificado de aflamo"},"image":{"@id":"https:\/\/aflamo.shop\/es\/#\/schema\/logo\/image\/"}}]}},"_links":{"self":[{"href":"https:\/\/aflamo.shop\/es\/wp-json\/wp\/v2\/product\/8375","targetHints":{"allow":["GET"]}}],"collection":[{"href":"https:\/\/aflamo.shop\/es\/wp-json\/wp\/v2\/product"}],"about":[{"href":"https:\/\/aflamo.shop\/es\/wp-json\/wp\/v2\/types\/product"}],"replies":[{"embeddable":true,"href":"https:\/\/aflamo.shop\/es\/wp-json\/wp\/v2\/comments?post=8375"}],"wp:featuredmedia":[{"embeddable":true,"href":"https:\/\/aflamo.shop\/es\/wp-json\/wp\/v2\/media\/22164"}],"wp:attachment":[{"href":"https:\/\/aflamo.shop\/es\/wp-json\/wp\/v2\/media?parent=8375"}],"wp:term":[{"taxonomy":"product_brand","embeddable":true,"href":"https:\/\/aflamo.shop\/es\/wp-json\/wp\/v2\/product_brand?post=8375"},{"taxonomy":"product_cat","embeddable":true,"href":"https:\/\/aflamo.shop\/es\/wp-json\/wp\/v2\/product_cat?post=8375"},{"taxonomy":"product_tag","embeddable":true,"href":"https:\/\/aflamo.shop\/es\/wp-json\/wp\/v2\/product_tag?post=8375"}],"curies":[{"name":"wp","href":"https:\/\/api.w.org\/{rel}","templated":true}]}}