{"id":8365,"date":"2023-06-14T13:00:51","date_gmt":"2023-06-14T13:00:51","guid":{"rendered":"https:\/\/aflamo.shop\/p\/biochimenea-aflamo-rivia-nuez\/"},"modified":"2026-03-10T12:17:15","modified_gmt":"2026-03-10T12:17:15","slug":"biochimenea-aflamo-rivia-nuez","status":"publish","type":"product","link":"https:\/\/aflamo.shop\/es\/p\/biochimenea-aflamo-rivia-nuez\/","title":{"rendered":"Biochimenea Aflamo Rivia nuez"},"content":{"rendered":"<h3><strong>Caracter\u00edsticas de la chimenea <img fetchpriority=\"high\" decoding=\"async\" class=\"alignright wp-image-7746 \" src=\"https:\/\/aflamo.shop\/wp-content\/uploads\/2023\/06\/unique_rivia_bio-300x183.jpg\" alt=\"\" width=\"536\" height=\"327\" srcset=\"https:\/\/aflamo.shop\/wp-content\/uploads\/2023\/06\/unique_rivia_bio-300x183.jpg 300w, https:\/\/aflamo.shop\/wp-content\/uploads\/2023\/06\/unique_rivia_bio.jpg 492w\" sizes=\"(max-width: 536px) 100vw, 536px\" \/><\/strong><\/h3>\n<p>&nbsp;<\/p>\n<p>Biochimeneas Rivia tiene un frente interesante, hay flores en \u00e9l y las columnas llevan rayas talladas en madera.<\/p>\n<p>La chimenea est\u00e1 disponible en los colores: blanco y nogal.<\/p>\n<p>&nbsp;<\/p>\n<div class=\"more-info\">\n<div class=\"tab-content\">\n<section id=\"idTab1\" class=\"page-product-box\">\n<div class=\"rte\">\n<div class=\"row\">\n<div id=\"\" class=\"col-xs-12 col-sm-6 \">\n<div id=\"\" class=\"eds-on-scroll eds-scroll-visible animated fadeInUp duration2\">\n<div id=\"\" class=\"eds-on-scroll eds-scroll-visible animated fadeInUp duration2\"><\/div>\n<div class=\"row\">\n<div id=\"\" class=\"col-xs-12 col-sm-6 \">\n<div id=\"\" class=\"eds-on-scroll eds-scroll-visible animated fadeInUp duration2\">\n<p>&nbsp;<\/p>\n<p>&nbsp;<\/p>\n<h3><\/h3>\n<h3><\/h3>\n<h3><strong>Contribuci\u00f3n<\/strong><\/h3>\n<p>&nbsp;<\/p>\n<ul>\n<li>Color: negro mate<\/li>\n<li>enteramente de acero<\/li>\n<li>pintado con resistente a la alta temperatura y da\u00f1os en la pintura<\/li>\n<\/ul>\n<p><strong>Quemador<img decoding=\"async\" class=\"alignright wp-image-7163 \" src=\"https:\/\/aflamo.shop\/wp-content\/uploads\/2023\/05\/aflamo-bio-60-2_sq-1-300x300.jpg\" alt=\"\" width=\"401\" height=\"401\" srcset=\"https:\/\/aflamo.shop\/wp-content\/uploads\/2023\/05\/aflamo-bio-60-2_sq-1-300x300.jpg 300w, https:\/\/aflamo.shop\/wp-content\/uploads\/2023\/05\/aflamo-bio-60-2_sq-1-100x100.jpg 100w, https:\/\/aflamo.shop\/wp-content\/uploads\/2023\/05\/aflamo-bio-60-2_sq-1-600x600.jpg 600w, https:\/\/aflamo.shop\/wp-content\/uploads\/2023\/05\/aflamo-bio-60-2_sq-1-1024x1024.jpg 1024w, https:\/\/aflamo.shop\/wp-content\/uploads\/2023\/05\/aflamo-bio-60-2_sq-1-150x150.jpg 150w, https:\/\/aflamo.shop\/wp-content\/uploads\/2023\/05\/aflamo-bio-60-2_sq-1-768x768.jpg 768w, https:\/\/aflamo.shop\/wp-content\/uploads\/2023\/05\/aflamo-bio-60-2_sq-1.jpg 1388w\" sizes=\"(max-width: 401px) 100vw, 401px\" \/><\/strong><\/p>\n<\/div>\n<\/div>\n<\/div>\n<ul>\n<li>seguro con certificado TUV<\/li>\n<li>Dise\u00f1o refinado asegura una combusti\u00f3n incluso a trav\u00e9s de toda la anchura<\/li>\n<li>el cartucho de cer\u00e1mica reduce el riesgo de derrame bio-combustible<\/li>\n<li>de acero inoxidable<\/li>\n<li>quemador de ancho 30,5 cm<\/li>\n<li>la anchura de la l\u00ednea de fuego 22 cm<\/li>\n<li>capacidad 0,9 litro<\/li>\n<li>tiempo de combusti\u00f3n 1,5h<\/li>\n<\/ul>\n<p>&nbsp;<\/p>\n<h3><strong>Equipo<\/strong><\/h3>\n<p>&nbsp;<\/p>\n<ul>\n<li style=\"list-style-type: none;\">\n<ul>\n<li>contribuci\u00f3n incorporado<\/li>\n<li>quemador con certificado TUV<\/li>\n<li>embudo para biocombustible<\/li>\n<li>accesorios de montaje<\/li>\n<\/ul>\n<\/li>\n<\/ul>\n<h3><\/h3>\n<h3><\/h3>\n<ul><strong><\/p>\n<p><a href=\"https:\/\/aflamo.shop\/wp-content\/uploads\/2023\/06\/BIO_manual_EN-PL-DE-FR.pdf\">Manual de usuario e informaci\u00f3n de seguridad importante.<\/a><\/p>\n<p><\/strong><\/ul>\n<h3><strong>Dibujos tecnicos<\/strong><\/h3>\n<p>&nbsp;<\/p>\n<\/div>\n<p>&nbsp;<\/p>\n<\/div>\n<\/div>\n<\/div>\n<\/section>\n<\/div>\n<p><img decoding=\"async\" class=\"alignnone wp-image-4949 size-full\" src=\"https:\/\/aflamo.shop\/wp-content\/uploads\/2023\/05\/riviera-dab-2.jpg\" alt=\"\" width=\"1581\" height=\"745\" srcset=\"https:\/\/aflamo.shop\/wp-content\/uploads\/2023\/05\/riviera-dab-2.jpg 1581w, https:\/\/aflamo.shop\/wp-content\/uploads\/2023\/05\/riviera-dab-2-600x283.jpg 600w, https:\/\/aflamo.shop\/wp-content\/uploads\/2023\/05\/riviera-dab-2-300x141.jpg 300w, https:\/\/aflamo.shop\/wp-content\/uploads\/2023\/05\/riviera-dab-2-1024x483.jpg 1024w, https:\/\/aflamo.shop\/wp-content\/uploads\/2023\/05\/riviera-dab-2-768x362.jpg 768w, https:\/\/aflamo.shop\/wp-content\/uploads\/2023\/05\/riviera-dab-2-1536x724.jpg 1536w\" sizes=\"(max-width: 1581px) 100vw, 1581px\" \/><\/p>\n<div class=\"tab-content\">\n<section id=\"idTab1\" class=\"page-product-box\">\n<div class=\"rte\">\n<div class=\"row\">\n<p>&nbsp;<\/p>\n<\/div>\n<p>&nbsp;<\/p>\n<div class=\"row\">\n<p>&nbsp;<\/p>\n<\/div>\n<\/div>\n<\/section>\n<\/div>\n<\/div>\n<p>&nbsp;<\/p>\n<p>&nbsp;<\/p>\n<p><strong>\u00a0<\/strong><\/p>\n<p>&nbsp;<\/p>\n<p>&nbsp;<\/p>\n<p><strong>\u00a0<\/strong><\/p>\n<p>&nbsp;<\/p>\n","protected":false},"excerpt":{"rendered":"<p>Productor:Aflamo<\/p>\n<p>GETIN:5908283562589<\/p>\n<p><b>Colores disponibles:<\/b><\/p>\n<ul>\n<li class=\"kp-bialy\"><a href=\"https:\/\/aflamo.shop\/es\/p\/biochimenea-aflamo-rivia-blanco\/\">Blanco<\/a><\/li>\n<li class=\"kp-orzech\"><a href=\"https:\/\/aflamo.shop\/es\/p\/biochimenea-aflamo-rivia-nuez\/\">Nuez<\/a><\/li>\n<ul>\n<p>Dimensiones:102&#215;96,4&#215;29 cm<\/p>\n","protected":false},"featured_media":7758,"comment_status":"closed","ping_status":"closed","template":"","meta":[],"product_brand":[],"product_cat":[678,201,200],"product_tag":[],"class_list":{"0":"post-8365","1":"product","2":"type-product","3":"status-publish","4":"has-post-thumbnail","6":"product_cat-aflamo","7":"product_cat-biochimeneas-con-carcasa","8":"product_cat-chimeneas-de-bioetanol","10":"first","11":"outofstock","12":"shipping-taxable","13":"purchasable","14":"product-type-simple"},"yoast_head":"<!-- This site is optimized with the Yoast SEO plugin v27.4 - https:\/\/yoast.com\/product\/yoast-seo-wordpress\/ -->\n<title>Biochimenea Aflamo Rivia nuez - aflamo.shop - distribuidor certificado de aflamo<\/title>\n<meta name=\"robots\" content=\"index, follow, max-snippet:-1, max-image-preview:large, max-video-preview:-1\" \/>\n<link rel=\"canonical\" href=\"https:\/\/aflamo.shop\/es\/p\/biochimenea-aflamo-rivia-nuez\/\" \/>\n<meta property=\"og:locale\" content=\"es_ES\" \/>\n<meta property=\"og:type\" content=\"article\" \/>\n<meta property=\"og:title\" content=\"Biochimenea Aflamo Rivia nuez - aflamo.shop - distribuidor certificado de aflamo\" \/>\n<meta property=\"og:description\" content=\"Productor:Aflamo GETIN:5908283562589 Colores disponibles:  Blanco Nuez   Dimensiones:102x96,4x29 cm\" \/>\n<meta property=\"og:url\" content=\"https:\/\/aflamo.shop\/es\/p\/biochimenea-aflamo-rivia-nuez\/\" \/>\n<meta property=\"og:site_name\" content=\"aflamo.shop - distribuidor certificado de aflamo\" \/>\n<meta property=\"article:modified_time\" content=\"2026-03-10T12:17:15+00:00\" \/>\n<meta property=\"og:image\" content=\"https:\/\/aflamo.shop\/wp-content\/uploads\/2023\/06\/Rivia_walnut_front_BIO_sq-e1772014437818.jpg\" \/>\n\t<meta property=\"og:image:width\" content=\"2248\" \/>\n\t<meta property=\"og:image:height\" content=\"2248\" \/>\n\t<meta property=\"og:image:type\" content=\"image\/jpeg\" \/>\n<meta name=\"twitter:card\" content=\"summary_large_image\" \/>\n<meta name=\"twitter:label1\" content=\"Tiempo de lectura\" \/>\n\t<meta name=\"twitter:data1\" content=\"2 minutos\" \/>\n<script type=\"application\/ld+json\" class=\"yoast-schema-graph\">{\"@context\":\"https:\\\/\\\/schema.org\",\"@graph\":[{\"@type\":\"WebPage\",\"@id\":\"https:\\\/\\\/aflamo.shop\\\/es\\\/p\\\/biochimenea-aflamo-rivia-nuez\\\/\",\"url\":\"https:\\\/\\\/aflamo.shop\\\/es\\\/p\\\/biochimenea-aflamo-rivia-nuez\\\/\",\"name\":\"Biochimenea Aflamo Rivia nuez - aflamo.shop - distribuidor certificado de aflamo\",\"isPartOf\":{\"@id\":\"https:\\\/\\\/aflamo.shop\\\/es\\\/#website\"},\"primaryImageOfPage\":{\"@id\":\"https:\\\/\\\/aflamo.shop\\\/es\\\/p\\\/biochimenea-aflamo-rivia-nuez\\\/#primaryimage\"},\"image\":{\"@id\":\"https:\\\/\\\/aflamo.shop\\\/es\\\/p\\\/biochimenea-aflamo-rivia-nuez\\\/#primaryimage\"},\"thumbnailUrl\":\"https:\\\/\\\/aflamo.shop\\\/wp-content\\\/uploads\\\/2023\\\/06\\\/Rivia_walnut_front_BIO_sq-e1772014437818.jpg\",\"datePublished\":\"2023-06-14T13:00:51+00:00\",\"dateModified\":\"2026-03-10T12:17:15+00:00\",\"breadcrumb\":{\"@id\":\"https:\\\/\\\/aflamo.shop\\\/es\\\/p\\\/biochimenea-aflamo-rivia-nuez\\\/#breadcrumb\"},\"inLanguage\":\"es\",\"potentialAction\":[{\"@type\":\"ReadAction\",\"target\":[\"https:\\\/\\\/aflamo.shop\\\/es\\\/p\\\/biochimenea-aflamo-rivia-nuez\\\/\"]}]},{\"@type\":\"ImageObject\",\"inLanguage\":\"es\",\"@id\":\"https:\\\/\\\/aflamo.shop\\\/es\\\/p\\\/biochimenea-aflamo-rivia-nuez\\\/#primaryimage\",\"url\":\"https:\\\/\\\/aflamo.shop\\\/wp-content\\\/uploads\\\/2023\\\/06\\\/Rivia_walnut_front_BIO_sq-e1772014437818.jpg\",\"contentUrl\":\"https:\\\/\\\/aflamo.shop\\\/wp-content\\\/uploads\\\/2023\\\/06\\\/Rivia_walnut_front_BIO_sq-e1772014437818.jpg\",\"width\":2248,\"height\":2248},{\"@type\":\"BreadcrumbList\",\"@id\":\"https:\\\/\\\/aflamo.shop\\\/es\\\/p\\\/biochimenea-aflamo-rivia-nuez\\\/#breadcrumb\",\"itemListElement\":[{\"@type\":\"ListItem\",\"position\":1,\"name\":\"P\u00e1gina principal\",\"item\":\"https:\\\/\\\/aflamo.shop\\\/es\\\/\"},{\"@type\":\"ListItem\",\"position\":2,\"name\":\"Tienda\",\"item\":\"https:\\\/\\\/aflamo.shop\\\/tienda\\\/\"},{\"@type\":\"ListItem\",\"position\":3,\"name\":\"Chimeneas de bioetanol\",\"item\":\"https:\\\/\\\/aflamo.shop\\\/es\\\/s\\\/chimeneas-de-bioetanol\\\/\"},{\"@type\":\"ListItem\",\"position\":4,\"name\":\"Biochimenea Aflamo Rivia nuez\"}]},{\"@type\":\"WebSite\",\"@id\":\"https:\\\/\\\/aflamo.shop\\\/es\\\/#website\",\"url\":\"https:\\\/\\\/aflamo.shop\\\/es\\\/\",\"name\":\"aflamo.shop - distribuidor certificado de aflamo\",\"description\":\"Kominki elektryczne Aflamo i Emotion Flame z funkcj\u0105 grzania\",\"publisher\":{\"@id\":\"https:\\\/\\\/aflamo.shop\\\/es\\\/#organization\"},\"potentialAction\":[{\"@type\":\"SearchAction\",\"target\":{\"@type\":\"EntryPoint\",\"urlTemplate\":\"https:\\\/\\\/aflamo.shop\\\/es\\\/?s={search_term_string}\"},\"query-input\":{\"@type\":\"PropertyValueSpecification\",\"valueRequired\":true,\"valueName\":\"search_term_string\"}}],\"inLanguage\":\"es\"},{\"@type\":\"Organization\",\"@id\":\"https:\\\/\\\/aflamo.shop\\\/es\\\/#organization\",\"name\":\"aflamo.shop - distribuidor certificado de aflamo\",\"url\":\"https:\\\/\\\/aflamo.shop\\\/es\\\/\",\"logo\":{\"@type\":\"ImageObject\",\"inLanguage\":\"es\",\"@id\":\"https:\\\/\\\/aflamo.shop\\\/es\\\/#\\\/schema\\\/logo\\\/image\\\/\",\"url\":\"https:\\\/\\\/aflamo.shop\\\/wp-content\\\/uploads\\\/2019\\\/10\\\/logo2.1-1-1.svg\",\"contentUrl\":\"https:\\\/\\\/aflamo.shop\\\/wp-content\\\/uploads\\\/2019\\\/10\\\/logo2.1-1-1.svg\",\"caption\":\"aflamo.shop - distribuidor certificado de aflamo\"},\"image\":{\"@id\":\"https:\\\/\\\/aflamo.shop\\\/es\\\/#\\\/schema\\\/logo\\\/image\\\/\"}}]}<\/script>\n<!-- \/ Yoast SEO plugin. -->","yoast_head_json":{"title":"Biochimenea Aflamo Rivia nuez - aflamo.shop - distribuidor certificado de aflamo","robots":{"index":"index","follow":"follow","max-snippet":"max-snippet:-1","max-image-preview":"max-image-preview:large","max-video-preview":"max-video-preview:-1"},"canonical":"https:\/\/aflamo.shop\/es\/p\/biochimenea-aflamo-rivia-nuez\/","og_locale":"es_ES","og_type":"article","og_title":"Biochimenea Aflamo Rivia nuez - aflamo.shop - distribuidor certificado de aflamo","og_description":"Productor:Aflamo GETIN:5908283562589 Colores disponibles:  Blanco Nuez   Dimensiones:102x96,4x29 cm","og_url":"https:\/\/aflamo.shop\/es\/p\/biochimenea-aflamo-rivia-nuez\/","og_site_name":"aflamo.shop - distribuidor certificado de aflamo","article_modified_time":"2026-03-10T12:17:15+00:00","og_image":[{"width":2248,"height":2248,"url":"https:\/\/aflamo.shop\/wp-content\/uploads\/2023\/06\/Rivia_walnut_front_BIO_sq-e1772014437818.jpg","type":"image\/jpeg"}],"twitter_card":"summary_large_image","twitter_misc":{"Tiempo de lectura":"2 minutos"},"schema":{"@context":"https:\/\/schema.org","@graph":[{"@type":"WebPage","@id":"https:\/\/aflamo.shop\/es\/p\/biochimenea-aflamo-rivia-nuez\/","url":"https:\/\/aflamo.shop\/es\/p\/biochimenea-aflamo-rivia-nuez\/","name":"Biochimenea Aflamo Rivia nuez - aflamo.shop - distribuidor certificado de aflamo","isPartOf":{"@id":"https:\/\/aflamo.shop\/es\/#website"},"primaryImageOfPage":{"@id":"https:\/\/aflamo.shop\/es\/p\/biochimenea-aflamo-rivia-nuez\/#primaryimage"},"image":{"@id":"https:\/\/aflamo.shop\/es\/p\/biochimenea-aflamo-rivia-nuez\/#primaryimage"},"thumbnailUrl":"https:\/\/aflamo.shop\/wp-content\/uploads\/2023\/06\/Rivia_walnut_front_BIO_sq-e1772014437818.jpg","datePublished":"2023-06-14T13:00:51+00:00","dateModified":"2026-03-10T12:17:15+00:00","breadcrumb":{"@id":"https:\/\/aflamo.shop\/es\/p\/biochimenea-aflamo-rivia-nuez\/#breadcrumb"},"inLanguage":"es","potentialAction":[{"@type":"ReadAction","target":["https:\/\/aflamo.shop\/es\/p\/biochimenea-aflamo-rivia-nuez\/"]}]},{"@type":"ImageObject","inLanguage":"es","@id":"https:\/\/aflamo.shop\/es\/p\/biochimenea-aflamo-rivia-nuez\/#primaryimage","url":"https:\/\/aflamo.shop\/wp-content\/uploads\/2023\/06\/Rivia_walnut_front_BIO_sq-e1772014437818.jpg","contentUrl":"https:\/\/aflamo.shop\/wp-content\/uploads\/2023\/06\/Rivia_walnut_front_BIO_sq-e1772014437818.jpg","width":2248,"height":2248},{"@type":"BreadcrumbList","@id":"https:\/\/aflamo.shop\/es\/p\/biochimenea-aflamo-rivia-nuez\/#breadcrumb","itemListElement":[{"@type":"ListItem","position":1,"name":"P\u00e1gina principal","item":"https:\/\/aflamo.shop\/es\/"},{"@type":"ListItem","position":2,"name":"Tienda","item":"https:\/\/aflamo.shop\/tienda\/"},{"@type":"ListItem","position":3,"name":"Chimeneas de bioetanol","item":"https:\/\/aflamo.shop\/es\/s\/chimeneas-de-bioetanol\/"},{"@type":"ListItem","position":4,"name":"Biochimenea Aflamo Rivia nuez"}]},{"@type":"WebSite","@id":"https:\/\/aflamo.shop\/es\/#website","url":"https:\/\/aflamo.shop\/es\/","name":"aflamo.shop - distribuidor certificado de aflamo","description":"Kominki elektryczne Aflamo i Emotion Flame z funkcj\u0105 grzania","publisher":{"@id":"https:\/\/aflamo.shop\/es\/#organization"},"potentialAction":[{"@type":"SearchAction","target":{"@type":"EntryPoint","urlTemplate":"https:\/\/aflamo.shop\/es\/?s={search_term_string}"},"query-input":{"@type":"PropertyValueSpecification","valueRequired":true,"valueName":"search_term_string"}}],"inLanguage":"es"},{"@type":"Organization","@id":"https:\/\/aflamo.shop\/es\/#organization","name":"aflamo.shop - distribuidor certificado de aflamo","url":"https:\/\/aflamo.shop\/es\/","logo":{"@type":"ImageObject","inLanguage":"es","@id":"https:\/\/aflamo.shop\/es\/#\/schema\/logo\/image\/","url":"https:\/\/aflamo.shop\/wp-content\/uploads\/2019\/10\/logo2.1-1-1.svg","contentUrl":"https:\/\/aflamo.shop\/wp-content\/uploads\/2019\/10\/logo2.1-1-1.svg","caption":"aflamo.shop - distribuidor certificado de aflamo"},"image":{"@id":"https:\/\/aflamo.shop\/es\/#\/schema\/logo\/image\/"}}]}},"_links":{"self":[{"href":"https:\/\/aflamo.shop\/es\/wp-json\/wp\/v2\/product\/8365","targetHints":{"allow":["GET"]}}],"collection":[{"href":"https:\/\/aflamo.shop\/es\/wp-json\/wp\/v2\/product"}],"about":[{"href":"https:\/\/aflamo.shop\/es\/wp-json\/wp\/v2\/types\/product"}],"replies":[{"embeddable":true,"href":"https:\/\/aflamo.shop\/es\/wp-json\/wp\/v2\/comments?post=8365"}],"wp:featuredmedia":[{"embeddable":true,"href":"https:\/\/aflamo.shop\/es\/wp-json\/wp\/v2\/media\/7758"}],"wp:attachment":[{"href":"https:\/\/aflamo.shop\/es\/wp-json\/wp\/v2\/media?parent=8365"}],"wp:term":[{"taxonomy":"product_brand","embeddable":true,"href":"https:\/\/aflamo.shop\/es\/wp-json\/wp\/v2\/product_brand?post=8365"},{"taxonomy":"product_cat","embeddable":true,"href":"https:\/\/aflamo.shop\/es\/wp-json\/wp\/v2\/product_cat?post=8365"},{"taxonomy":"product_tag","embeddable":true,"href":"https:\/\/aflamo.shop\/es\/wp-json\/wp\/v2\/product_tag?post=8365"}],"curies":[{"name":"wp","href":"https:\/\/api.w.org\/{rel}","templated":true}]}}