{"id":27170,"date":"2024-05-11T13:36:23","date_gmt":"2024-05-11T13:36:23","guid":{"rendered":"https:\/\/aflamo.shop\/p\/aflamo-honos-155-biochimenea-de-pared-empotrada\/"},"modified":"2026-03-10T11:56:08","modified_gmt":"2026-03-10T11:56:08","slug":"aflamo-honos-155-biochimenea-de-pared-empotrada","status":"publish","type":"product","link":"https:\/\/aflamo.shop\/es\/p\/aflamo-honos-155-biochimenea-de-pared-empotrada\/","title":{"rendered":"Aflamo Honos 155 &#8211; biochimenea de pared\/empotrada"},"content":{"rendered":"<h3><strong>Caracter\u00edsticas de la Chimenea<\/strong><\/h3>\n<p>&nbsp;<\/p>\n<p><b>Honos<\/b> es una chimenea de pared con un dise\u00f1o minimalista. Pura elegancia, sin adornos innecesarios. Honos llenar\u00e1 tu interior y har\u00e1 que otros accesorios sean innecesarios.<\/p>\n<p>Ahora puedes disfrutar de la belleza de una llama real en cualquier habitaci\u00f3n.<\/p>\n<div class=\"more-info\">\n<div class=\"tab-content\">\n<section id=\"idTab1\" class=\"page-product-box\">\n<div class=\"rte\">\n<div class=\"row\">\n<div id=\"\" class=\"col-xs-12 col-sm-6 \">\n<div id=\"\" class=\"eds-on-scroll eds-scroll-visible animated fadeInUp duration2\">\n<ul>\n<li>Biochimenea de pared<\/li>\n<li>Dise\u00f1o \u00fanico y moderno<\/li>\n<li>Fabricaci\u00f3n de la m\u00e1s alta calidad<\/li>\n<li>Quemador seguro con certificaci\u00f3n T\u00dcV Aprobado<\/li>\n<\/ul>\n<p>&nbsp;<\/p>\n<h6><strong>Carcasa<\/strong><\/h6>\n<ul>\n<li>Color: Negro Mate<\/li>\n<li>Completamente de acero<\/li>\n<li>M\u00e1xima calidad gracias a sus esquinas soldadas y pulidas<\/li>\n<li>Pintado con pintura resistente a altas temperaturas y a los da\u00f1os<\/li>\n<\/ul>\n<h6><\/h6>\n<h6><strong>Quemador<\/strong><\/h6>\n<\/div>\n<p>El quemador de esta biochimenea es de acero inoxidable. Cuenta con un elemento absorbente en su interior, lo que garantiza un uso seguro y elimina el riesgo de derrames incontrolados de biocombustible.<\/p>\n<p>Cada juego completo incluye un extintor especial, que permite extinguir las llamas de la biochimenea de forma f\u00e1cil y r\u00e1pida en cualquier momento.<\/p>\n<div id=\"\" class=\"eds-on-scroll eds-scroll-visible animated fadeInUp duration2\">\n<ul>\n<li>Certificado de seguridad T\u00dcV<\/li>\n<li>Su dise\u00f1o refinado garantiza una combusti\u00f3n uniforme en todo el ancho<\/li>\n<li>El inserto de cer\u00e1mica reduce el riesgo de derrames de biocombustible<\/li>\n<li>Fabricado en acero inoxidable<\/li>\n<li>2 quemadores de 53&#8243;<\/li>\n<li>Capacidad: 2 x 0,75 litros<\/li>\n<li>Tiempo de combusti\u00f3n: 1 hora y 20 minutos<\/li>\n<\/ul>\n<div class=\"flex flex-grow flex-col\" gap-3\">\n<div class=\"min-h-[20px] flex flex-col items-start gap-3 overflow-x-auto whitespace-pre-wrap break-words\">\n<div class=\"markdown prose w-full break-words dark:prose-invert light\">\n<p>La chimenea de bioetanol de pared Honos es un elemento \u00fanico y elegante que aporta no solo la m\u00e1gica imagen de un fuego ardiente, sino tambi\u00e9n una est\u00e9tica minimalista.<\/p>\n<p>Honos es una chimenea de bioetanol de pared cuya simplicidad realza el estilo moderno de un interior. Su dise\u00f1o minimalista la convierte no solo en una fuente de calor, sino tambi\u00e9n en una obra de arte independiente que atrae la mirada y crea un punto focal \u00fanico en la estancia. Sin a\u00f1adidos ni adornos innecesarios, Honos irradia elegancia y estilo cl\u00e1sico.<\/p>\n<p>La elegancia de Honos reside en su forma pura. Reducida a lo esencial, esta chimenea de bioetanol permite que la llama se convierta en la estrella de la decoraci\u00f3n. Al eliminar decoraciones innecesarias, Honos Llena el interior de una aut\u00e9ntica luminosidad y crea una atm\u00f3sfera de paz y relajaci\u00f3n. Es m\u00e1s que una simple fuente de luz o calor: es una invitaci\u00f3n a la contemplaci\u00f3n y un momento de respiro.<\/p>\n<p>La chimenea de bioetanol Honos permite disfrutar de la belleza de una llama real en cualquier estancia. Sin necesidad de instalaciones complicadas ni conexi\u00f3n a tuber\u00edas de gas, Honos ofrece total libertad para colocarla en cualquier lugar que necesite un toque especial. Ya sea un sal\u00f3n, un dormitorio o una sala de relax, Honos aporta un aura \u00fanica de calidez y magia al espacio.<\/p>\n<p>En resumen, la chimenea de bioetanol de pared Honos es la quintaesencia del minimalismo y la elegancia. Su dise\u00f1o sencillo realza la exquisita imagen de un fuego ardiente, que se convierte en el punto focal de cualquier interior. Honos no es solo una chimenea de bioetanol; es un toque art\u00edstico que crea una atm\u00f3sfera \u00fanica, haciendo especiales los momentos cotidianos. Tambi\u00e9n disponible en versi\u00f3n de cristal.<\/p>\n<\/div>\n<ul><strong><\/p>\n<p><a href=\"https:\/\/aflamo.shop\/wp-content\/uploads\/2024\/09\/bio_manual_EN-PL-DE-FR-ES-IT-5.pdf\">Manual de usuario<\/a><\/p>\n<p><a href=\"https:\/\/aflamo.shop\/wp-content\/uploads\/2024\/09\/Juno_Honos_manual_EN-PL-DE-FR-ES-IT-2.pdf\">Instrucciones de instalaci\u00f3n de la biochimenea<\/a><\/p>\n<p><a href=\"https:\/\/aflamo.shop\/wp-content\/uploads\/2024\/09\/Safety_instructions_EN-PL-DE-IT-ES-FR-CS-SK-NL-5.pdf\">Informaci\u00f3n importante sobre seguridad<\/a><\/p>\n<p><\/strong><\/ul>\n<h3><strong>Informaci\u00f3n t\u00e9cnica Dibujo<\/strong><\/h3>\n<\/p>\n<p><strong>Honos 65<\/strong><\/p>\n<ul>\n<li>Quemador 28<\/li>\n<li>Capacidad 0,35 litros<\/li>\n<li>Tiempo de combusti\u00f3n 1 hora<\/li>\n<\/ul>\n<p><img fetchpriority=\"high\" decoding=\"async\" class=\"wp-image-10527 aligncenter\" src=\"https:\/\/aflamo.shop\/wp-content\/uploads\/2024\/05\/Honos_65-900x839-1.png\" alt=\"\" width=\"652\" height=\"608\" srcset=\"https:\/\/aflamo.shop\/wp-content\/uploads\/2024\/05\/Honos_65-900x839-1.png 900w, https:\/\/aflamo.shop\/wp-content\/uploads\/2024\/05\/Honos_65-900x839-1-600x559.png 600w, https:\/\/aflamo.shop\/wp-content\/uploads\/2024\/05\/Honos_65-900x839-1-300x280.png 300w, https:\/\/aflamo.shop\/wp-content\/uploads\/2024\/05\/Honos_65-900x839-1-768x716.png 768w\" sizes=\"(max-width: 652px) 100vw, 652px\" \/><\/p>\n<p><strong>Honos 90<\/strong><\/p>\n<ul>\n<li>Quemador 53<\/li>\n<li>Capacidad 0,75 litros<\/li>\n<li>Tiempo de combusti\u00f3n 1 hora y 20 minutos<\/li>\n<\/ul>\n<p><img decoding=\"async\" class=\"wp-image-10530 aligncenter\" src=\"https:\/\/aflamo.shop\/wp-content\/uploads\/2024\/05\/Honos_90-900x726-1.png\" alt=\"\" width=\"652\" height=\"526\" srcset=\"https:\/\/aflamo.shop\/wp-content\/uploads\/2024\/05\/Honos_90-900x726-1.png 900w, https:\/\/aflamo.shop\/wp-content\/uploads\/2024\/05\/Honos_90-900x726-1-600x484.png 600w, https:\/\/aflamo.shop\/wp-content\/uploads\/2024\/05\/Honos_90-900x726-1-300x242.png 300w, https:\/\/aflamo.shop\/wp-content\/uploads\/2024\/05\/Honos_90-900x726-1-768x620.png 768w\" sizes=\"(max-width: 652px) 100vw, 652px\" \/><\/p>\n<p><strong>Honos 125<\/strong><\/p>\n<ul>\n<li>Quemador 80<\/li>\n<li>Capacidad: 1,24 litros<\/li>\n<li>Tiempo de combusti\u00f3n: 75 minutos<\/li>\n<\/ul>\n<p><img\nHonos 155\n\n\n<ul>\n<li>2 quemadores 53<\/li>\n<li>Capacidad: 2 x 0,75 litros<\/li>\n<li>Tiempo de combusti\u00f3n: 1 h 20 min<\/li>\n<\/ul>\n<p><img decoding=\"async\" class=\"wp-image-10536 aligncenter\" src=\"https:\/\/aflamo.shop\/wp-content\/uploads\/2024\/05\/Honos_155-900x555-1.png\" alt=\"\" width=\"652\" height=\"402\" srcset=\"https:\/\/aflamo.shop\/wp-content\/uploads\/2024\/05\/Honos_155-900x555-1.png 900w, https:\/\/aflamo.shop\/wp-content\/uploads\/2024\/05\/Honos_155-900x555-1-600x370.png 600w, https:\/\/aflamo.shop\/wp-content\/uploads\/2024\/05\/Honos_155-900x555-1-300x185.png 300w, https:\/\/aflamo.shop\/wp-content\/uploads\/2024\/05\/Honos_155-900x555-1-768x474.png 768w\" sizes=\"(max-width: 652px) 100vw, 652px\" \/><\/p>\n<p><strong>Honos 185<\/strong><\/p>\n<ul>\n<li>2 quemadores 80<\/li>\n<li>Capacidad: 2 x 1,24 litros<\/li>\n<li>Tiempo de combusti\u00f3n: 75 min<\/li>\n<\/ul>\n<p><img loading=\"lazy\" decoding=\"async\" class=\"wp-image-10539 aligncenter\" src=\"https:\/\/aflamo.shop\/wp-content\/uploads\/2024\/05\/Honos_185-900x508-1.png\" alt=\"\" width=\"652\" height=\"368\" srcset=\"https:\/\/aflamo.shop\/wp-content\/uploads\/2024\/05\/Honos_185-900x508-1.png 900w, https:\/\/aflamo.shop\/wp-content\/uploads\/2024\/05\/Honos_185-900x508-1-600x339.png 600w, https:\/\/aflamo.shop\/wp-content\/uploads\/2024\/05\/Honos_185-900x508-1-300x169.png 300w, https:\/\/aflamo.shop\/wp-content\/uploads\/2024\/05\/Honos_185-900x508-1-768x433.png 768w\" sizes=\"(max-width: 652px) 100vw, 652px\" \/><\/p>\n<p>&nbsp;<\/p>\n<\/div>\n<\/div>\n<\/div>\n<\/div>\n<\/div>\n<\/div>\n<\/section>\n<\/div>\n<\/div>\n","protected":false},"excerpt":{"rendered":"<p>Fabricante: Aflamo<\/p>\n<p>ENTRAR: 05908283562701<\/p>\n<p><b>Modelo:<\/b><\/p>\n<ul>\n<li><a href=\"https:\/\/aflamo.shop\/es\/?post_type=product&#038;p=27207\">65<\/a><\/li>\n<li><a href=\"https:\/\/aflamo.shop\/es\/p\/aflamo-honos-90-biochimenea-de-pared-empotrada\/\">90<\/a><\/li>\n<li><a href=\"https:\/\/aflamo.shop\/es\/p\/aflamo-honos-125-biochimenea-de-pared-empotrada\/\">125<\/a><\/li>\n<li><a href=\"https:\/\/aflamo.shop\/es\/p\/aflamo-honos-155-biochimenea-de-pared-empotrada\/\">155<\/a><\/li>\n<li><a href=\"https:\/\/aflamo.shop\/es\/p\/aflamo-honos-185-biochimenea-de-pared-empotrada\/\">185<\/a><\/li>\n<\/ul>\n<p><a href=\"https:\/\/aflamo.shop\/es\/p\/aflamo-honos-155-con-cristal-biochimenea-mural-empotrada\/\"><b>Modelos con vidrio:<\/b><\/a><\/p>\n<p><b>Dimensiones:<\/b> 155 x 45 x 15 cm<b><\/p>\n","protected":false},"featured_media":11205,"comment_status":"open","ping_status":"closed","template":"","meta":[],"product_brand":[],"product_cat":[678,200,936],"product_tag":[],"class_list":{"0":"post-27170","1":"product","2":"type-product","3":"status-publish","4":"has-post-thumbnail","6":"product_cat-aflamo","7":"product_cat-chimeneas-de-bioetanol","8":"product_cat-pared","10":"first","11":"instock","12":"shipping-taxable","13":"purchasable","14":"product-type-simple"},"yoast_head":"<!-- This site is optimized with the Yoast SEO plugin v27.4 - https:\/\/yoast.com\/product\/yoast-seo-wordpress\/ -->\n<title>Aflamo Honos 155 - biochimenea de pared\/empotrada - aflamo.shop - distribuidor certificado de aflamo<\/title>\n<meta name=\"description\" content=\"La biochimenea de pared Honos: minimalismo y elegancia. Su dise\u00f1o sencillo realza el fuego, creando un punto focal en el interior. Tambi\u00e9n disponible con panel de cristal.\" \/>\n<meta name=\"robots\" content=\"index, follow, max-snippet:-1, max-image-preview:large, max-video-preview:-1\" \/>\n<link rel=\"canonical\" href=\"https:\/\/aflamo.shop\/es\/p\/aflamo-honos-155-biochimenea-de-pared-empotrada\/\" \/>\n<meta property=\"og:locale\" content=\"es_ES\" \/>\n<meta property=\"og:type\" content=\"article\" \/>\n<meta property=\"og:title\" content=\"Aflamo Honos 155 - biochimenea de pared\/empotrada - aflamo.shop - distribuidor certificado de aflamo\" \/>\n<meta property=\"og:description\" content=\"La biochimenea de pared Honos: minimalismo y elegancia. Su dise\u00f1o sencillo realza el fuego, creando un punto focal en el interior. Tambi\u00e9n disponible con panel de cristal.\" \/>\n<meta property=\"og:url\" content=\"https:\/\/aflamo.shop\/es\/p\/aflamo-honos-155-biochimenea-de-pared-empotrada\/\" \/>\n<meta property=\"og:site_name\" content=\"aflamo.shop - distribuidor certificado de aflamo\" \/>\n<meta property=\"article:modified_time\" content=\"2026-03-10T11:56:08+00:00\" \/>\n<meta property=\"og:image\" content=\"https:\/\/aflamo.shop\/wp-content\/uploads\/2024\/05\/Honos_front_flame-pra.jpg\" \/>\n\t<meta property=\"og:image:width\" content=\"260\" \/>\n\t<meta property=\"og:image:height\" content=\"200\" \/>\n\t<meta property=\"og:image:type\" content=\"image\/jpeg\" \/>\n<meta name=\"twitter:card\" content=\"summary_large_image\" \/>\n<meta name=\"twitter:label1\" content=\"Tiempo de lectura\" \/>\n\t<meta name=\"twitter:data1\" content=\"5 minutos\" \/>\n<script type=\"application\/ld+json\" class=\"yoast-schema-graph\">{\"@context\":\"https:\\\/\\\/schema.org\",\"@graph\":[{\"@type\":\"WebPage\",\"@id\":\"https:\\\/\\\/aflamo.shop\\\/es\\\/p\\\/aflamo-honos-155-biochimenea-de-pared-empotrada\\\/\",\"url\":\"https:\\\/\\\/aflamo.shop\\\/es\\\/p\\\/aflamo-honos-155-biochimenea-de-pared-empotrada\\\/\",\"name\":\"Aflamo Honos 155 - biochimenea de pared\\\/empotrada - aflamo.shop - distribuidor certificado de aflamo\",\"isPartOf\":{\"@id\":\"https:\\\/\\\/aflamo.shop\\\/es\\\/#website\"},\"primaryImageOfPage\":{\"@id\":\"https:\\\/\\\/aflamo.shop\\\/es\\\/p\\\/aflamo-honos-155-biochimenea-de-pared-empotrada\\\/#primaryimage\"},\"image\":{\"@id\":\"https:\\\/\\\/aflamo.shop\\\/es\\\/p\\\/aflamo-honos-155-biochimenea-de-pared-empotrada\\\/#primaryimage\"},\"thumbnailUrl\":\"https:\\\/\\\/aflamo.shop\\\/wp-content\\\/uploads\\\/2024\\\/05\\\/Honos_front_flame-pra.jpg\",\"datePublished\":\"2024-05-11T13:36:23+00:00\",\"dateModified\":\"2026-03-10T11:56:08+00:00\",\"description\":\"La biochimenea de pared Honos: minimalismo y elegancia. Su dise\u00f1o sencillo realza el fuego, creando un punto focal en el interior. Tambi\u00e9n disponible con panel de cristal.\",\"breadcrumb\":{\"@id\":\"https:\\\/\\\/aflamo.shop\\\/es\\\/p\\\/aflamo-honos-155-biochimenea-de-pared-empotrada\\\/#breadcrumb\"},\"inLanguage\":\"es\",\"potentialAction\":[{\"@type\":\"ReadAction\",\"target\":[\"https:\\\/\\\/aflamo.shop\\\/es\\\/p\\\/aflamo-honos-155-biochimenea-de-pared-empotrada\\\/\"]}]},{\"@type\":\"ImageObject\",\"inLanguage\":\"es\",\"@id\":\"https:\\\/\\\/aflamo.shop\\\/es\\\/p\\\/aflamo-honos-155-biochimenea-de-pared-empotrada\\\/#primaryimage\",\"url\":\"https:\\\/\\\/aflamo.shop\\\/wp-content\\\/uploads\\\/2024\\\/05\\\/Honos_front_flame-pra.jpg\",\"contentUrl\":\"https:\\\/\\\/aflamo.shop\\\/wp-content\\\/uploads\\\/2024\\\/05\\\/Honos_front_flame-pra.jpg\",\"width\":260,\"height\":200},{\"@type\":\"BreadcrumbList\",\"@id\":\"https:\\\/\\\/aflamo.shop\\\/es\\\/p\\\/aflamo-honos-155-biochimenea-de-pared-empotrada\\\/#breadcrumb\",\"itemListElement\":[{\"@type\":\"ListItem\",\"position\":1,\"name\":\"P\u00e1gina principal\",\"item\":\"https:\\\/\\\/aflamo.shop\\\/es\\\/\"},{\"@type\":\"ListItem\",\"position\":2,\"name\":\"Tienda\",\"item\":\"https:\\\/\\\/aflamo.shop\\\/tienda\\\/\"},{\"@type\":\"ListItem\",\"position\":3,\"name\":\"Chimeneas de bioetanol\",\"item\":\"https:\\\/\\\/aflamo.shop\\\/es\\\/s\\\/chimeneas-de-bioetanol\\\/\"},{\"@type\":\"ListItem\",\"position\":4,\"name\":\"Aflamo Honos 155 &#8211; biochimenea de pared\\\/empotrada\"}]},{\"@type\":\"WebSite\",\"@id\":\"https:\\\/\\\/aflamo.shop\\\/es\\\/#website\",\"url\":\"https:\\\/\\\/aflamo.shop\\\/es\\\/\",\"name\":\"aflamo.shop - distribuidor certificado de aflamo\",\"description\":\"Kominki elektryczne Aflamo i Emotion Flame z funkcj\u0105 grzania\",\"publisher\":{\"@id\":\"https:\\\/\\\/aflamo.shop\\\/es\\\/#organization\"},\"potentialAction\":[{\"@type\":\"SearchAction\",\"target\":{\"@type\":\"EntryPoint\",\"urlTemplate\":\"https:\\\/\\\/aflamo.shop\\\/es\\\/?s={search_term_string}\"},\"query-input\":{\"@type\":\"PropertyValueSpecification\",\"valueRequired\":true,\"valueName\":\"search_term_string\"}}],\"inLanguage\":\"es\"},{\"@type\":\"Organization\",\"@id\":\"https:\\\/\\\/aflamo.shop\\\/es\\\/#organization\",\"name\":\"aflamo.shop - distribuidor certificado de aflamo\",\"url\":\"https:\\\/\\\/aflamo.shop\\\/es\\\/\",\"logo\":{\"@type\":\"ImageObject\",\"inLanguage\":\"es\",\"@id\":\"https:\\\/\\\/aflamo.shop\\\/es\\\/#\\\/schema\\\/logo\\\/image\\\/\",\"url\":\"https:\\\/\\\/aflamo.shop\\\/wp-content\\\/uploads\\\/2019\\\/10\\\/logo2.1-1-1.svg\",\"contentUrl\":\"https:\\\/\\\/aflamo.shop\\\/wp-content\\\/uploads\\\/2019\\\/10\\\/logo2.1-1-1.svg\",\"caption\":\"aflamo.shop - distribuidor certificado de aflamo\"},\"image\":{\"@id\":\"https:\\\/\\\/aflamo.shop\\\/es\\\/#\\\/schema\\\/logo\\\/image\\\/\"}}]}<\/script>\n<!-- \/ Yoast SEO plugin. -->","yoast_head_json":{"title":"Aflamo Honos 155 - biochimenea de pared\/empotrada - aflamo.shop - distribuidor certificado de aflamo","description":"La biochimenea de pared Honos: minimalismo y elegancia. Su dise\u00f1o sencillo realza el fuego, creando un punto focal en el interior. Tambi\u00e9n disponible con panel de cristal.","robots":{"index":"index","follow":"follow","max-snippet":"max-snippet:-1","max-image-preview":"max-image-preview:large","max-video-preview":"max-video-preview:-1"},"canonical":"https:\/\/aflamo.shop\/es\/p\/aflamo-honos-155-biochimenea-de-pared-empotrada\/","og_locale":"es_ES","og_type":"article","og_title":"Aflamo Honos 155 - biochimenea de pared\/empotrada - aflamo.shop - distribuidor certificado de aflamo","og_description":"La biochimenea de pared Honos: minimalismo y elegancia. Su dise\u00f1o sencillo realza el fuego, creando un punto focal en el interior. Tambi\u00e9n disponible con panel de cristal.","og_url":"https:\/\/aflamo.shop\/es\/p\/aflamo-honos-155-biochimenea-de-pared-empotrada\/","og_site_name":"aflamo.shop - distribuidor certificado de aflamo","article_modified_time":"2026-03-10T11:56:08+00:00","og_image":[{"width":260,"height":200,"url":"https:\/\/aflamo.shop\/wp-content\/uploads\/2024\/05\/Honos_front_flame-pra.jpg","type":"image\/jpeg"}],"twitter_card":"summary_large_image","twitter_misc":{"Tiempo de lectura":"5 minutos"},"schema":{"@context":"https:\/\/schema.org","@graph":[{"@type":"WebPage","@id":"https:\/\/aflamo.shop\/es\/p\/aflamo-honos-155-biochimenea-de-pared-empotrada\/","url":"https:\/\/aflamo.shop\/es\/p\/aflamo-honos-155-biochimenea-de-pared-empotrada\/","name":"Aflamo Honos 155 - biochimenea de pared\/empotrada - aflamo.shop - distribuidor certificado de aflamo","isPartOf":{"@id":"https:\/\/aflamo.shop\/es\/#website"},"primaryImageOfPage":{"@id":"https:\/\/aflamo.shop\/es\/p\/aflamo-honos-155-biochimenea-de-pared-empotrada\/#primaryimage"},"image":{"@id":"https:\/\/aflamo.shop\/es\/p\/aflamo-honos-155-biochimenea-de-pared-empotrada\/#primaryimage"},"thumbnailUrl":"https:\/\/aflamo.shop\/wp-content\/uploads\/2024\/05\/Honos_front_flame-pra.jpg","datePublished":"2024-05-11T13:36:23+00:00","dateModified":"2026-03-10T11:56:08+00:00","description":"La biochimenea de pared Honos: minimalismo y elegancia. Su dise\u00f1o sencillo realza el fuego, creando un punto focal en el interior. Tambi\u00e9n disponible con panel de cristal.","breadcrumb":{"@id":"https:\/\/aflamo.shop\/es\/p\/aflamo-honos-155-biochimenea-de-pared-empotrada\/#breadcrumb"},"inLanguage":"es","potentialAction":[{"@type":"ReadAction","target":["https:\/\/aflamo.shop\/es\/p\/aflamo-honos-155-biochimenea-de-pared-empotrada\/"]}]},{"@type":"ImageObject","inLanguage":"es","@id":"https:\/\/aflamo.shop\/es\/p\/aflamo-honos-155-biochimenea-de-pared-empotrada\/#primaryimage","url":"https:\/\/aflamo.shop\/wp-content\/uploads\/2024\/05\/Honos_front_flame-pra.jpg","contentUrl":"https:\/\/aflamo.shop\/wp-content\/uploads\/2024\/05\/Honos_front_flame-pra.jpg","width":260,"height":200},{"@type":"BreadcrumbList","@id":"https:\/\/aflamo.shop\/es\/p\/aflamo-honos-155-biochimenea-de-pared-empotrada\/#breadcrumb","itemListElement":[{"@type":"ListItem","position":1,"name":"P\u00e1gina principal","item":"https:\/\/aflamo.shop\/es\/"},{"@type":"ListItem","position":2,"name":"Tienda","item":"https:\/\/aflamo.shop\/tienda\/"},{"@type":"ListItem","position":3,"name":"Chimeneas de bioetanol","item":"https:\/\/aflamo.shop\/es\/s\/chimeneas-de-bioetanol\/"},{"@type":"ListItem","position":4,"name":"Aflamo Honos 155 &#8211; biochimenea de pared\/empotrada"}]},{"@type":"WebSite","@id":"https:\/\/aflamo.shop\/es\/#website","url":"https:\/\/aflamo.shop\/es\/","name":"aflamo.shop - distribuidor certificado de aflamo","description":"Kominki elektryczne Aflamo i Emotion Flame z funkcj\u0105 grzania","publisher":{"@id":"https:\/\/aflamo.shop\/es\/#organization"},"potentialAction":[{"@type":"SearchAction","target":{"@type":"EntryPoint","urlTemplate":"https:\/\/aflamo.shop\/es\/?s={search_term_string}"},"query-input":{"@type":"PropertyValueSpecification","valueRequired":true,"valueName":"search_term_string"}}],"inLanguage":"es"},{"@type":"Organization","@id":"https:\/\/aflamo.shop\/es\/#organization","name":"aflamo.shop - distribuidor certificado de aflamo","url":"https:\/\/aflamo.shop\/es\/","logo":{"@type":"ImageObject","inLanguage":"es","@id":"https:\/\/aflamo.shop\/es\/#\/schema\/logo\/image\/","url":"https:\/\/aflamo.shop\/wp-content\/uploads\/2019\/10\/logo2.1-1-1.svg","contentUrl":"https:\/\/aflamo.shop\/wp-content\/uploads\/2019\/10\/logo2.1-1-1.svg","caption":"aflamo.shop - distribuidor certificado de aflamo"},"image":{"@id":"https:\/\/aflamo.shop\/es\/#\/schema\/logo\/image\/"}}]}},"_links":{"self":[{"href":"https:\/\/aflamo.shop\/es\/wp-json\/wp\/v2\/product\/27170","targetHints":{"allow":["GET"]}}],"collection":[{"href":"https:\/\/aflamo.shop\/es\/wp-json\/wp\/v2\/product"}],"about":[{"href":"https:\/\/aflamo.shop\/es\/wp-json\/wp\/v2\/types\/product"}],"replies":[{"embeddable":true,"href":"https:\/\/aflamo.shop\/es\/wp-json\/wp\/v2\/comments?post=27170"}],"wp:featuredmedia":[{"embeddable":true,"href":"https:\/\/aflamo.shop\/es\/wp-json\/wp\/v2\/media\/11205"}],"wp:attachment":[{"href":"https:\/\/aflamo.shop\/es\/wp-json\/wp\/v2\/media?parent=27170"}],"wp:term":[{"taxonomy":"product_brand","embeddable":true,"href":"https:\/\/aflamo.shop\/es\/wp-json\/wp\/v2\/product_brand?post=27170"},{"taxonomy":"product_cat","embeddable":true,"href":"https:\/\/aflamo.shop\/es\/wp-json\/wp\/v2\/product_cat?post=27170"},{"taxonomy":"product_tag","embeddable":true,"href":"https:\/\/aflamo.shop\/es\/wp-json\/wp\/v2\/product_tag?post=27170"}],"curies":[{"name":"wp","href":"https:\/\/api.w.org\/{rel}","templated":true}]}}