{"id":21350,"date":"2026-01-12T09:36:46","date_gmt":"2026-01-12T09:36:46","guid":{"rendered":"https:\/\/aflamo.shop\/?post_type=product&#038;p=21350"},"modified":"2026-03-05T14:16:43","modified_gmt":"2026-03-05T14:16:43","slug":"emotion-flame-solis-120-chimenea-electrica-empotrada","status":"publish","type":"product","link":"https:\/\/aflamo.shop\/es\/p\/emotion-flame-solis-120-chimenea-electrica-empotrada\/","title":{"rendered":"Emotion Flame Solis 120 &#8211; chimenea el\u00e9ctrica empotrada"},"content":{"rendered":"<p style=\"text-align: left;\"><iframe title=\"Reproductor de v\u00eddeo de YouTube\" src=\"https:\/\/www.youtube.com\/embed\/bktpg8g8tsI?si=HJdIH5x8fgOUEMhG\" width=\"560\" height=\"315\" frameborder=\"0\" allowfullscreen=\"allowfullscreen\"><\/iframe><\/p>\n<p><!-- SEO: Product Description for WooCommerce --><\/p>\n<h1>Chimenea el\u00e9ctrica LED Solis &#8211; chimenea panor\u00e1mica de 3 caras<\/h1>\n<p>La chimenea <strong>el\u00e9ctrica LED Solis<\/strong> es una chimenea el\u00e9ctrica moderna y panor\u00e1mica<br \/>\ncon visi\u00f3n del fuego por tres lados, dise\u00f1ada para interiores modernos de casas y pisos.<br \/>\nCombina un efecto de llama LED realista, calefacci\u00f3n de bajo consumo y un alto nivel de seguridad.<\/p>\n<p>Gracias a su dise\u00f1o empotrado (encastrado), la chimenea Solis es ideal como<br \/>\npunto focal de un sal\u00f3n, comedor o zona de estar di\u00e1fana.<br \/>\nLa visi\u00f3n panor\u00e1mica del fuego garantiza una exposici\u00f3n perfecta de las llamas, independientemente de la colocaci\u00f3n de los muebles.<\/p>\n<p><img fetchpriority=\"high\" decoding=\"async\" class=\"alignnone wp-image-21381 size-large\" src=\"https:\/\/aflamo.shop\/wp-content\/uploads\/2026\/01\/ES-SOLIS-Niska-wysokosc-1024x1024.png\" alt=\"\" width=\"1024\" height=\"1024\" srcset=\"https:\/\/aflamo.shop\/wp-content\/uploads\/2026\/01\/ES-SOLIS-Niska-wysokosc-1024x1024.png 1024w, https:\/\/aflamo.shop\/wp-content\/uploads\/2026\/01\/ES-SOLIS-Niska-wysokosc-300x300.png 300w, https:\/\/aflamo.shop\/wp-content\/uploads\/2026\/01\/ES-SOLIS-Niska-wysokosc-100x100.png 100w, https:\/\/aflamo.shop\/wp-content\/uploads\/2026\/01\/ES-SOLIS-Niska-wysokosc-600x600.png 600w, https:\/\/aflamo.shop\/wp-content\/uploads\/2026\/01\/ES-SOLIS-Niska-wysokosc-150x150.png 150w, https:\/\/aflamo.shop\/wp-content\/uploads\/2026\/01\/ES-SOLIS-Niska-wysokosc-768x768.png 768w, https:\/\/aflamo.shop\/wp-content\/uploads\/2026\/01\/ES-SOLIS-Niska-wysokosc.png 1200w\" sizes=\"(max-width: 1024px) 100vw, 1024px\" \/><\/p>\n<p>&nbsp;<\/p>\n<h2>Caracter\u00edsticas principales de la chimenea el\u00e9ctrica Solis<\/h2>\n<h3>Chimenea el\u00e9ctrica moderna para casa y piso<\/h3>\n<p>La chimenea LED Solis utiliza tecnolog\u00eda LED avanzada, que ofrece una amplia personalizaci\u00f3n del efecto del fuego:<\/p>\n<ul>\n<li>5 niveles de brillo de la llama<\/li>\n<li>15 colores LED (llama, hogar, iluminaci\u00f3n)<\/li>\n<li>3 velocidades de llama<\/li>\n<\/ul>\n<p>Esto permite crear el ambiente ideal, desde la sutil luz relajante de<br \/>\nhasta el efecto din\u00e1mico y realista del hogar.<\/p>\n<h3>Control total y comodidad de uso<\/h3>\n<p>Controlar la chimenea el\u00e9ctrica Solis es r\u00e1pido e intuitivo:<\/p>\n<ul>\n<li>mando a distancia<\/li>\n<li>panel t\u00e1ctil<\/li>\n<li>aplicaci\u00f3n m\u00f3vil<\/li>\n<\/ul>\n<p>Un <strong>temporizador<\/strong> incorporado <strong>(0,5-8 horas)<\/strong> permite programar el apagado autom\u00e1tico,<br \/>\n, lo que aumenta el confort y reduce el consumo de energ\u00eda.<\/p>\n<h3>Efecto de fuego realista sin humo ni cenizas<\/h3>\n<p>El hogar de la chimenea LED Solis est\u00e1 equipado con:<\/p>\n<ul>\n<li>cristales realistas<\/li>\n<li>troncos decorativos estilo driftwood<\/li>\n<li>efecto de sonido de un fuego crepitante<\/li>\n<\/ul>\n<p>Tambi\u00e9n est\u00e1 disponible un <strong>modo de s\u00f3lo llama (sin calefacci\u00f3n)<\/strong>,<br \/>\nideal para su uso durante todo el a\u00f1o, incluso en verano.<\/p>\n<p><img decoding=\"async\" class=\"alignnone wp-image-21387 size-large\" src=\"https:\/\/aflamo.shop\/wp-content\/uploads\/2026\/01\/ES-SOLIS-Sterowanie-1024x1024.png\" alt=\"\" width=\"1024\" height=\"1024\" srcset=\"https:\/\/aflamo.shop\/wp-content\/uploads\/2026\/01\/ES-SOLIS-Sterowanie-1024x1024.png 1024w, https:\/\/aflamo.shop\/wp-content\/uploads\/2026\/01\/ES-SOLIS-Sterowanie-300x300.png 300w, https:\/\/aflamo.shop\/wp-content\/uploads\/2026\/01\/ES-SOLIS-Sterowanie-100x100.png 100w, https:\/\/aflamo.shop\/wp-content\/uploads\/2026\/01\/ES-SOLIS-Sterowanie-600x600.png 600w, https:\/\/aflamo.shop\/wp-content\/uploads\/2026\/01\/ES-SOLIS-Sterowanie-150x150.png 150w, https:\/\/aflamo.shop\/wp-content\/uploads\/2026\/01\/ES-SOLIS-Sterowanie-768x768.png 768w, https:\/\/aflamo.shop\/wp-content\/uploads\/2026\/01\/ES-SOLIS-Sterowanie.png 1200w\" sizes=\"(max-width: 1024px) 100vw, 1024px\" \/><\/p>\n<p>&nbsp;<\/p>\n<h2>Calefacci\u00f3n el\u00e9ctrica eficiente y silenciosa<\/h2>\n<p>La chimenea el\u00e9ctrica Solis ofrece dos modos de potencia calor\u00edfica:<\/p>\n<ul>\n<li>750 W &#8211; modo bajo<\/li>\n<li>1500 W &#8211; modo alto<\/li>\n<\/ul>\n<p>El silencioso sistema de calefacci\u00f3n puede recalentar eficazmente habitaciones<br \/>\nde <strong>20-30 m\u00b2<\/strong>.<br \/>\nEl control de la temperatura en el rango de <strong>20-30 \u00b0C<\/strong> proporciona confort t\u00e9rmico<br \/>\nsin resecar el aire.<\/p>\n<p><img decoding=\"async\" class=\"alignnone wp-image-21369 size-large\" src=\"https:\/\/aflamo.shop\/wp-content\/uploads\/2026\/01\/ES-SOLIS-Funkcjonalnosc-1024x1024.png\" alt=\"\" width=\"1024\" height=\"1024\" srcset=\"https:\/\/aflamo.shop\/wp-content\/uploads\/2026\/01\/ES-SOLIS-Funkcjonalnosc-1024x1024.png 1024w, https:\/\/aflamo.shop\/wp-content\/uploads\/2026\/01\/ES-SOLIS-Funkcjonalnosc-300x300.png 300w, https:\/\/aflamo.shop\/wp-content\/uploads\/2026\/01\/ES-SOLIS-Funkcjonalnosc-100x100.png 100w, https:\/\/aflamo.shop\/wp-content\/uploads\/2026\/01\/ES-SOLIS-Funkcjonalnosc-600x600.png 600w, https:\/\/aflamo.shop\/wp-content\/uploads\/2026\/01\/ES-SOLIS-Funkcjonalnosc-150x150.png 150w, https:\/\/aflamo.shop\/wp-content\/uploads\/2026\/01\/ES-SOLIS-Funkcjonalnosc-768x768.png 768w, https:\/\/aflamo.shop\/wp-content\/uploads\/2026\/01\/ES-SOLIS-Funkcjonalnosc.png 1200w\" sizes=\"(max-width: 1024px) 100vw, 1024px\" \/><\/p>\n<p>&nbsp;<\/p>\n<h2>Una chimenea el\u00e9ctrica segura para toda la familia<\/h2>\n<p>La chimenea Solis se ha dise\u00f1ado pensando en la m\u00e1xima seguridad:<\/p>\n<ul>\n<li>control parental<\/li>\n<li>protecci\u00f3n t\u00e9rmica autom\u00e1tica<\/li>\n<li>cristal frontal templado<\/li>\n<li>cable de alimentaci\u00f3n 180 cm<\/li>\n<\/ul>\n<p>La unidad funciona a <strong>220-240 V \/ 50 Hz<\/strong><br \/>\ny se suministra en un embalaje certificado <strong>ISTA-3A<\/strong>,<br \/>\npara un transporte seguro.<\/p>\n<p><img loading=\"lazy\" decoding=\"async\" class=\"alignnone wp-image-21375 size-large\" src=\"https:\/\/aflamo.shop\/wp-content\/uploads\/2026\/01\/ES-SOLIS-Wymiary-1024x1024.png\" alt=\"\" width=\"1024\" height=\"1024\" srcset=\"https:\/\/aflamo.shop\/wp-content\/uploads\/2026\/01\/ES-SOLIS-Wymiary-1024x1024.png 1024w, https:\/\/aflamo.shop\/wp-content\/uploads\/2026\/01\/ES-SOLIS-Wymiary-300x300.png 300w, https:\/\/aflamo.shop\/wp-content\/uploads\/2026\/01\/ES-SOLIS-Wymiary-100x100.png 100w, https:\/\/aflamo.shop\/wp-content\/uploads\/2026\/01\/ES-SOLIS-Wymiary-600x600.png 600w, https:\/\/aflamo.shop\/wp-content\/uploads\/2026\/01\/ES-SOLIS-Wymiary-150x150.png 150w, https:\/\/aflamo.shop\/wp-content\/uploads\/2026\/01\/ES-SOLIS-Wymiary-768x768.png 768w, https:\/\/aflamo.shop\/wp-content\/uploads\/2026\/01\/ES-SOLIS-Wymiary.png 1200w\" sizes=\"(max-width: 1024px) 100vw, 1024px\" \/><\/p>\n<p>&nbsp;<\/p>\n<h2>\u00bfPor qu\u00e9 elegir una chimenea el\u00e9ctrica LED Solis?<\/h2>\n<ul>\n<li>\u2714 Chimenea el\u00e9ctrica panor\u00e1mica de 3 caras<\/li>\n<li>\u2714 moderna chimenea empotrada<\/li>\n<li>\u2714 calefacci\u00f3n LED de bajo consumo<\/li>\n<li>\u2714 chimenea segura para casa y piso<\/li>\n<li>\u2714 efecto de fuego realista sin humo ni holl\u00edn<\/li>\n<\/ul>\n<ul><strong><\/p>\n<p><a href=\"https:\/\/aflamo.shop\/wp-content\/uploads\/2026\/01\/EF-S__Solis_EN-PL-DE-IT-ES-FR-CS-SK-NL.pdf\">Instrucci\u00f3n<\/a><\/p>\n<p><a href=\"https:\/\/aflamo.shop\/wp-content\/uploads\/2026\/01\/Sheet_Solis_PL.pdf\">Especificaci\u00f3n<\/a><\/p>\n<p><\/strong><\/ul>\n<h2>Dibujos t\u00e9cnicos<\/h2>\n<p>&nbsp;<\/p>\n<p><strong>Sol\u00eds 90<\/strong><\/p>\n<p><img loading=\"lazy\" decoding=\"async\" class=\"alignnone wp-image-21342 size-large\" src=\"https:\/\/aflamo.shop\/wp-content\/uploads\/2026\/01\/EF-S90_dimensions-1024x603.png\" alt=\"\" width=\"1024\" height=\"603\" srcset=\"https:\/\/aflamo.shop\/wp-content\/uploads\/2026\/01\/EF-S90_dimensions-1024x603.png 1024w, https:\/\/aflamo.shop\/wp-content\/uploads\/2026\/01\/EF-S90_dimensions-600x353.png 600w, https:\/\/aflamo.shop\/wp-content\/uploads\/2026\/01\/EF-S90_dimensions-300x177.png 300w, https:\/\/aflamo.shop\/wp-content\/uploads\/2026\/01\/EF-S90_dimensions-768x452.png 768w, https:\/\/aflamo.shop\/wp-content\/uploads\/2026\/01\/EF-S90_dimensions-1536x904.png 1536w, https:\/\/aflamo.shop\/wp-content\/uploads\/2026\/01\/EF-S90_dimensions.png 1878w\" sizes=\"(max-width: 1024px) 100vw, 1024px\" \/><\/p>\n<p><strong>Sol\u00eds 120<\/strong><\/p>\n<p><img loading=\"lazy\" decoding=\"async\" class=\"alignnone wp-image-21336 size-large\" src=\"https:\/\/aflamo.shop\/wp-content\/uploads\/2026\/01\/EF-S120_dimensions-1024x514.png\" alt=\"\" width=\"1024\" height=\"514\" srcset=\"https:\/\/aflamo.shop\/wp-content\/uploads\/2026\/01\/EF-S120_dimensions-1024x514.png 1024w, https:\/\/aflamo.shop\/wp-content\/uploads\/2026\/01\/EF-S120_dimensions-600x301.png 600w, https:\/\/aflamo.shop\/wp-content\/uploads\/2026\/01\/EF-S120_dimensions-300x151.png 300w, https:\/\/aflamo.shop\/wp-content\/uploads\/2026\/01\/EF-S120_dimensions-768x386.png 768w, https:\/\/aflamo.shop\/wp-content\/uploads\/2026\/01\/EF-S120_dimensions-1536x771.png 1536w, https:\/\/aflamo.shop\/wp-content\/uploads\/2026\/01\/EF-S120_dimensions-2048x1028.png 2048w\" sizes=\"(max-width: 1024px) 100vw, 1024px\" \/><\/p>\n<p>&nbsp;<\/p>\n<p><strong>Sol\u00eds 150<\/strong><\/p>\n<p>&nbsp;<\/p>\n<p><img loading=\"lazy\" decoding=\"async\" class=\"alignnone wp-image-21330 size-large\" src=\"https:\/\/aflamo.shop\/wp-content\/uploads\/2026\/01\/EF-S150_dimensions-1024x453.png\" alt=\"\" width=\"1024\" height=\"453\" srcset=\"https:\/\/aflamo.shop\/wp-content\/uploads\/2026\/01\/EF-S150_dimensions-1024x453.png 1024w, https:\/\/aflamo.shop\/wp-content\/uploads\/2026\/01\/EF-S150_dimensions-600x265.png 600w, https:\/\/aflamo.shop\/wp-content\/uploads\/2026\/01\/EF-S150_dimensions-300x133.png 300w, https:\/\/aflamo.shop\/wp-content\/uploads\/2026\/01\/EF-S150_dimensions-768x340.png 768w, https:\/\/aflamo.shop\/wp-content\/uploads\/2026\/01\/EF-S150_dimensions-1536x679.png 1536w, https:\/\/aflamo.shop\/wp-content\/uploads\/2026\/01\/EF-S150_dimensions-2048x906.png 2048w\" sizes=\"(max-width: 1024px) 100vw, 1024px\" \/><\/p>\n<p><strong>Sol\u00eds 180<\/strong><\/p>\n<p>&nbsp;<\/p>\n<p><img loading=\"lazy\" decoding=\"async\" class=\"alignnone wp-image-21324 size-large\" src=\"https:\/\/aflamo.shop\/wp-content\/uploads\/2026\/01\/EF-S180_dimensions-1024x401.png\" alt=\"\" width=\"1024\" height=\"401\" srcset=\"https:\/\/aflamo.shop\/wp-content\/uploads\/2026\/01\/EF-S180_dimensions-1024x401.png 1024w, https:\/\/aflamo.shop\/wp-content\/uploads\/2026\/01\/EF-S180_dimensions-600x235.png 600w, https:\/\/aflamo.shop\/wp-content\/uploads\/2026\/01\/EF-S180_dimensions-300x117.png 300w, https:\/\/aflamo.shop\/wp-content\/uploads\/2026\/01\/EF-S180_dimensions-768x301.png 768w, https:\/\/aflamo.shop\/wp-content\/uploads\/2026\/01\/EF-S180_dimensions-1536x601.png 1536w, https:\/\/aflamo.shop\/wp-content\/uploads\/2026\/01\/EF-S180_dimensions.png 2003w\" sizes=\"(max-width: 1024px) 100vw, 1024px\" \/><\/p>\n","protected":false},"excerpt":{"rendered":"<p>Marca: Emotion Flame<\/p>\n<p>Producto disponible a partir de: 14.01.2026<\/p>\n<p>Chimenea el\u00e9ctrica empotrada<\/p>\n<p><b>Modelos:<\/b><\/p>\n<ul>\n<li><a href=\"https:\/\/aflamo.shop\/es\/p\/cemotion-flame-solis-90-chimenea-electrica-empotrada\">90<\/a><\/li>\n<li><a href=\"https:\/\/aflamo.shop\/es\/p\/emotion-flame-solis-120-chimenea-electrica-empotrada\/\">120<\/a><\/li>\n<li><a href=\"https:\/\/aflamo.shop\/es\/p\/emotion-flame-solis-150-chimenea-electrica-empotrada\/\">150<\/a><\/li>\n<li><a href=\"https:\/\/aflamo.shop\/es\/p\/emotion-flame-solis-180-chimenea-electrica-empotrada\/\">180<\/a><\/li>\n<\/ul>\n<p><b>Dimensiones:<\/b> 120x46x30 cm<\/p>\n","protected":false},"featured_media":21281,"comment_status":"open","ping_status":"closed","template":"","meta":[],"product_brand":[],"product_cat":[1181,1180,1179,1182],"product_tag":[],"class_list":{"0":"post-21350","1":"product","2":"type-product","3":"status-publish","4":"has-post-thumbnail","6":"product_cat-chimeneas-electricas-emotion-flame-con-funcion-de-calefaccion","7":"product_cat-chimeneas-electricas-empotradas-emotion-flame","8":"product_cat-emotion-flame","9":"product_cat-insertos-electricos-emotion-flame","11":"first","12":"instock","13":"shipping-taxable","14":"purchasable","15":"product-type-simple"},"yoast_head":"<!-- This site is optimized with the Yoast SEO plugin v27.4 - https:\/\/yoast.com\/product\/yoast-seo-wordpress\/ -->\n<title>Emotion Flame Solis 120 - chimenea el\u00e9ctrica empotrada - aflamo.shop - distribuidor certificado de aflamo<\/title>\n<meta name=\"description\" content=\"La Llama Emotion Solis es una combinaci\u00f3n de estilo y tecnolog\u00eda moderna. Proporciona un efecto de fuego realista y un agradable calor a los pocos instantes de encenderse.\" \/>\n<meta name=\"robots\" content=\"index, follow, max-snippet:-1, max-image-preview:large, max-video-preview:-1\" \/>\n<link rel=\"canonical\" href=\"https:\/\/aflamo.shop\/es\/p\/emotion-flame-solis-120-chimenea-electrica-empotrada\/\" \/>\n<meta property=\"og:locale\" content=\"es_ES\" \/>\n<meta property=\"og:type\" content=\"article\" \/>\n<meta property=\"og:title\" content=\"Emotion Flame Solis 120 - chimenea el\u00e9ctrica empotrada - aflamo.shop - distribuidor certificado de aflamo\" \/>\n<meta property=\"og:description\" content=\"La Llama Emotion Solis es una combinaci\u00f3n de estilo y tecnolog\u00eda moderna. Proporciona un efecto de fuego realista y un agradable calor a los pocos instantes de encenderse.\" \/>\n<meta property=\"og:url\" content=\"https:\/\/aflamo.shop\/es\/p\/emotion-flame-solis-120-chimenea-electrica-empotrada\/\" \/>\n<meta property=\"og:site_name\" content=\"aflamo.shop - distribuidor certificado de aflamo\" \/>\n<meta property=\"article:modified_time\" content=\"2026-03-05T14:16:43+00:00\" \/>\n<meta property=\"og:image\" content=\"https:\/\/aflamo.shop\/wp-content\/uploads\/2026\/01\/Solis_front_1_main-e1770992972943.jpg\" \/>\n\t<meta property=\"og:image:width\" content=\"2048\" \/>\n\t<meta property=\"og:image:height\" content=\"2048\" \/>\n\t<meta property=\"og:image:type\" content=\"image\/jpeg\" \/>\n<meta name=\"twitter:card\" content=\"summary_large_image\" \/>\n<meta name=\"twitter:label1\" content=\"Tiempo de lectura\" \/>\n\t<meta name=\"twitter:data1\" content=\"5 minutos\" \/>\n<script type=\"application\/ld+json\" class=\"yoast-schema-graph\">{\"@context\":\"https:\\\/\\\/schema.org\",\"@graph\":[{\"@type\":\"WebPage\",\"@id\":\"https:\\\/\\\/aflamo.shop\\\/es\\\/p\\\/emotion-flame-solis-120-chimenea-electrica-empotrada\\\/\",\"url\":\"https:\\\/\\\/aflamo.shop\\\/es\\\/p\\\/emotion-flame-solis-120-chimenea-electrica-empotrada\\\/\",\"name\":\"Emotion Flame Solis 120 - chimenea el\u00e9ctrica empotrada - aflamo.shop - distribuidor certificado de aflamo\",\"isPartOf\":{\"@id\":\"https:\\\/\\\/aflamo.shop\\\/es\\\/#website\"},\"primaryImageOfPage\":{\"@id\":\"https:\\\/\\\/aflamo.shop\\\/es\\\/p\\\/emotion-flame-solis-120-chimenea-electrica-empotrada\\\/#primaryimage\"},\"image\":{\"@id\":\"https:\\\/\\\/aflamo.shop\\\/es\\\/p\\\/emotion-flame-solis-120-chimenea-electrica-empotrada\\\/#primaryimage\"},\"thumbnailUrl\":\"https:\\\/\\\/aflamo.shop\\\/wp-content\\\/uploads\\\/2026\\\/01\\\/Solis_front_1_main-e1770992972943.jpg\",\"datePublished\":\"2026-01-12T09:36:46+00:00\",\"dateModified\":\"2026-03-05T14:16:43+00:00\",\"description\":\"La Llama Emotion Solis es una combinaci\u00f3n de estilo y tecnolog\u00eda moderna. Proporciona un efecto de fuego realista y un agradable calor a los pocos instantes de encenderse.\",\"breadcrumb\":{\"@id\":\"https:\\\/\\\/aflamo.shop\\\/es\\\/p\\\/emotion-flame-solis-120-chimenea-electrica-empotrada\\\/#breadcrumb\"},\"inLanguage\":\"es\",\"potentialAction\":[{\"@type\":\"ReadAction\",\"target\":[\"https:\\\/\\\/aflamo.shop\\\/es\\\/p\\\/emotion-flame-solis-120-chimenea-electrica-empotrada\\\/\"]}]},{\"@type\":\"ImageObject\",\"inLanguage\":\"es\",\"@id\":\"https:\\\/\\\/aflamo.shop\\\/es\\\/p\\\/emotion-flame-solis-120-chimenea-electrica-empotrada\\\/#primaryimage\",\"url\":\"https:\\\/\\\/aflamo.shop\\\/wp-content\\\/uploads\\\/2026\\\/01\\\/Solis_front_1_main-e1770992972943.jpg\",\"contentUrl\":\"https:\\\/\\\/aflamo.shop\\\/wp-content\\\/uploads\\\/2026\\\/01\\\/Solis_front_1_main-e1770992972943.jpg\",\"width\":2048,\"height\":2048},{\"@type\":\"BreadcrumbList\",\"@id\":\"https:\\\/\\\/aflamo.shop\\\/es\\\/p\\\/emotion-flame-solis-120-chimenea-electrica-empotrada\\\/#breadcrumb\",\"itemListElement\":[{\"@type\":\"ListItem\",\"position\":1,\"name\":\"P\u00e1gina principal\",\"item\":\"https:\\\/\\\/aflamo.shop\\\/es\\\/\"},{\"@type\":\"ListItem\",\"position\":2,\"name\":\"Tienda\",\"item\":\"https:\\\/\\\/aflamo.shop\\\/tienda\\\/\"},{\"@type\":\"ListItem\",\"position\":3,\"name\":\"Chimeneas el\u00e9ctricas\",\"item\":\"https:\\\/\\\/aflamo.shop\\\/es\\\/s\\\/chimeneas-electricas\\\/\"},{\"@type\":\"ListItem\",\"position\":4,\"name\":\"Emotion Flame\",\"item\":\"https:\\\/\\\/aflamo.shop\\\/es\\\/s\\\/chimeneas-electricas\\\/emotion-flame\\\/\"},{\"@type\":\"ListItem\",\"position\":5,\"name\":\"Emotion Flame Solis 120 &#8211; chimenea el\u00e9ctrica empotrada\"}]},{\"@type\":\"WebSite\",\"@id\":\"https:\\\/\\\/aflamo.shop\\\/es\\\/#website\",\"url\":\"https:\\\/\\\/aflamo.shop\\\/es\\\/\",\"name\":\"aflamo.shop - distribuidor certificado de aflamo\",\"description\":\"Kominki elektryczne Aflamo i Emotion Flame z funkcj\u0105 grzania\",\"publisher\":{\"@id\":\"https:\\\/\\\/aflamo.shop\\\/es\\\/#organization\"},\"potentialAction\":[{\"@type\":\"SearchAction\",\"target\":{\"@type\":\"EntryPoint\",\"urlTemplate\":\"https:\\\/\\\/aflamo.shop\\\/es\\\/?s={search_term_string}\"},\"query-input\":{\"@type\":\"PropertyValueSpecification\",\"valueRequired\":true,\"valueName\":\"search_term_string\"}}],\"inLanguage\":\"es\"},{\"@type\":\"Organization\",\"@id\":\"https:\\\/\\\/aflamo.shop\\\/es\\\/#organization\",\"name\":\"aflamo.shop - distribuidor certificado de aflamo\",\"url\":\"https:\\\/\\\/aflamo.shop\\\/es\\\/\",\"logo\":{\"@type\":\"ImageObject\",\"inLanguage\":\"es\",\"@id\":\"https:\\\/\\\/aflamo.shop\\\/es\\\/#\\\/schema\\\/logo\\\/image\\\/\",\"url\":\"https:\\\/\\\/aflamo.shop\\\/wp-content\\\/uploads\\\/2019\\\/10\\\/logo2.1-1-1.svg\",\"contentUrl\":\"https:\\\/\\\/aflamo.shop\\\/wp-content\\\/uploads\\\/2019\\\/10\\\/logo2.1-1-1.svg\",\"caption\":\"aflamo.shop - distribuidor certificado de aflamo\"},\"image\":{\"@id\":\"https:\\\/\\\/aflamo.shop\\\/es\\\/#\\\/schema\\\/logo\\\/image\\\/\"}}]}<\/script>\n<!-- \/ Yoast SEO plugin. -->","yoast_head_json":{"title":"Emotion Flame Solis 120 - chimenea el\u00e9ctrica empotrada - aflamo.shop - distribuidor certificado de aflamo","description":"La Llama Emotion Solis es una combinaci\u00f3n de estilo y tecnolog\u00eda moderna. Proporciona un efecto de fuego realista y un agradable calor a los pocos instantes de encenderse.","robots":{"index":"index","follow":"follow","max-snippet":"max-snippet:-1","max-image-preview":"max-image-preview:large","max-video-preview":"max-video-preview:-1"},"canonical":"https:\/\/aflamo.shop\/es\/p\/emotion-flame-solis-120-chimenea-electrica-empotrada\/","og_locale":"es_ES","og_type":"article","og_title":"Emotion Flame Solis 120 - chimenea el\u00e9ctrica empotrada - aflamo.shop - distribuidor certificado de aflamo","og_description":"La Llama Emotion Solis es una combinaci\u00f3n de estilo y tecnolog\u00eda moderna. Proporciona un efecto de fuego realista y un agradable calor a los pocos instantes de encenderse.","og_url":"https:\/\/aflamo.shop\/es\/p\/emotion-flame-solis-120-chimenea-electrica-empotrada\/","og_site_name":"aflamo.shop - distribuidor certificado de aflamo","article_modified_time":"2026-03-05T14:16:43+00:00","og_image":[{"width":2048,"height":2048,"url":"https:\/\/aflamo.shop\/wp-content\/uploads\/2026\/01\/Solis_front_1_main-e1770992972943.jpg","type":"image\/jpeg"}],"twitter_card":"summary_large_image","twitter_misc":{"Tiempo de lectura":"5 minutos"},"schema":{"@context":"https:\/\/schema.org","@graph":[{"@type":"WebPage","@id":"https:\/\/aflamo.shop\/es\/p\/emotion-flame-solis-120-chimenea-electrica-empotrada\/","url":"https:\/\/aflamo.shop\/es\/p\/emotion-flame-solis-120-chimenea-electrica-empotrada\/","name":"Emotion Flame Solis 120 - chimenea el\u00e9ctrica empotrada - aflamo.shop - distribuidor certificado de aflamo","isPartOf":{"@id":"https:\/\/aflamo.shop\/es\/#website"},"primaryImageOfPage":{"@id":"https:\/\/aflamo.shop\/es\/p\/emotion-flame-solis-120-chimenea-electrica-empotrada\/#primaryimage"},"image":{"@id":"https:\/\/aflamo.shop\/es\/p\/emotion-flame-solis-120-chimenea-electrica-empotrada\/#primaryimage"},"thumbnailUrl":"https:\/\/aflamo.shop\/wp-content\/uploads\/2026\/01\/Solis_front_1_main-e1770992972943.jpg","datePublished":"2026-01-12T09:36:46+00:00","dateModified":"2026-03-05T14:16:43+00:00","description":"La Llama Emotion Solis es una combinaci\u00f3n de estilo y tecnolog\u00eda moderna. Proporciona un efecto de fuego realista y un agradable calor a los pocos instantes de encenderse.","breadcrumb":{"@id":"https:\/\/aflamo.shop\/es\/p\/emotion-flame-solis-120-chimenea-electrica-empotrada\/#breadcrumb"},"inLanguage":"es","potentialAction":[{"@type":"ReadAction","target":["https:\/\/aflamo.shop\/es\/p\/emotion-flame-solis-120-chimenea-electrica-empotrada\/"]}]},{"@type":"ImageObject","inLanguage":"es","@id":"https:\/\/aflamo.shop\/es\/p\/emotion-flame-solis-120-chimenea-electrica-empotrada\/#primaryimage","url":"https:\/\/aflamo.shop\/wp-content\/uploads\/2026\/01\/Solis_front_1_main-e1770992972943.jpg","contentUrl":"https:\/\/aflamo.shop\/wp-content\/uploads\/2026\/01\/Solis_front_1_main-e1770992972943.jpg","width":2048,"height":2048},{"@type":"BreadcrumbList","@id":"https:\/\/aflamo.shop\/es\/p\/emotion-flame-solis-120-chimenea-electrica-empotrada\/#breadcrumb","itemListElement":[{"@type":"ListItem","position":1,"name":"P\u00e1gina principal","item":"https:\/\/aflamo.shop\/es\/"},{"@type":"ListItem","position":2,"name":"Tienda","item":"https:\/\/aflamo.shop\/tienda\/"},{"@type":"ListItem","position":3,"name":"Chimeneas el\u00e9ctricas","item":"https:\/\/aflamo.shop\/es\/s\/chimeneas-electricas\/"},{"@type":"ListItem","position":4,"name":"Emotion Flame","item":"https:\/\/aflamo.shop\/es\/s\/chimeneas-electricas\/emotion-flame\/"},{"@type":"ListItem","position":5,"name":"Emotion Flame Solis 120 &#8211; chimenea el\u00e9ctrica empotrada"}]},{"@type":"WebSite","@id":"https:\/\/aflamo.shop\/es\/#website","url":"https:\/\/aflamo.shop\/es\/","name":"aflamo.shop - distribuidor certificado de aflamo","description":"Kominki elektryczne Aflamo i Emotion Flame z funkcj\u0105 grzania","publisher":{"@id":"https:\/\/aflamo.shop\/es\/#organization"},"potentialAction":[{"@type":"SearchAction","target":{"@type":"EntryPoint","urlTemplate":"https:\/\/aflamo.shop\/es\/?s={search_term_string}"},"query-input":{"@type":"PropertyValueSpecification","valueRequired":true,"valueName":"search_term_string"}}],"inLanguage":"es"},{"@type":"Organization","@id":"https:\/\/aflamo.shop\/es\/#organization","name":"aflamo.shop - distribuidor certificado de aflamo","url":"https:\/\/aflamo.shop\/es\/","logo":{"@type":"ImageObject","inLanguage":"es","@id":"https:\/\/aflamo.shop\/es\/#\/schema\/logo\/image\/","url":"https:\/\/aflamo.shop\/wp-content\/uploads\/2019\/10\/logo2.1-1-1.svg","contentUrl":"https:\/\/aflamo.shop\/wp-content\/uploads\/2019\/10\/logo2.1-1-1.svg","caption":"aflamo.shop - distribuidor certificado de aflamo"},"image":{"@id":"https:\/\/aflamo.shop\/es\/#\/schema\/logo\/image\/"}}]}},"_links":{"self":[{"href":"https:\/\/aflamo.shop\/es\/wp-json\/wp\/v2\/product\/21350","targetHints":{"allow":["GET"]}}],"collection":[{"href":"https:\/\/aflamo.shop\/es\/wp-json\/wp\/v2\/product"}],"about":[{"href":"https:\/\/aflamo.shop\/es\/wp-json\/wp\/v2\/types\/product"}],"replies":[{"embeddable":true,"href":"https:\/\/aflamo.shop\/es\/wp-json\/wp\/v2\/comments?post=21350"}],"wp:featuredmedia":[{"embeddable":true,"href":"https:\/\/aflamo.shop\/es\/wp-json\/wp\/v2\/media\/21281"}],"wp:attachment":[{"href":"https:\/\/aflamo.shop\/es\/wp-json\/wp\/v2\/media?parent=21350"}],"wp:term":[{"taxonomy":"product_brand","embeddable":true,"href":"https:\/\/aflamo.shop\/es\/wp-json\/wp\/v2\/product_brand?post=21350"},{"taxonomy":"product_cat","embeddable":true,"href":"https:\/\/aflamo.shop\/es\/wp-json\/wp\/v2\/product_cat?post=21350"},{"taxonomy":"product_tag","embeddable":true,"href":"https:\/\/aflamo.shop\/es\/wp-json\/wp\/v2\/product_tag?post=21350"}],"curies":[{"name":"wp","href":"https:\/\/api.w.org\/{rel}","templated":true}]}}