{"id":21107,"date":"2025-12-08T12:38:38","date_gmt":"2025-12-08T12:38:38","guid":{"rendered":"https:\/\/aflamo.shop\/?post_type=product&#038;p=21107"},"modified":"2026-03-06T09:49:41","modified_gmt":"2026-03-06T09:49:41","slug":"aflamo-juno-79-biochimenea-de-pared-empotrada","status":"publish","type":"product","link":"https:\/\/aflamo.shop\/es\/p\/aflamo-juno-79-biochimenea-de-pared-empotrada\/","title":{"rendered":"Aflamo Juno 79 &#8211; biochimenea de pared\/empotrada"},"content":{"rendered":"<h3><strong>Caracter\u00edsticas de la chimenea<\/strong><\/h3>\n<p>&nbsp;<\/p>\n<p>Juno una chimenea de pared con un dise\u00f1o minimalista. Pura elegancia, sin adornos innecesarios. Juno complementar\u00e1 tu interior y eliminar\u00e1 la necesidad de otros accesorios.  <\/p>\n<p>Ahora puedes disfrutar de la belleza de una llama real en cualquier habitaci\u00f3n.<\/p>\n<div class=\"more-info\">\n<div class=\"tab-content\">\n<section id=\"idTab1\" class=\"page-product-box\">\n<div class=\"rte\">\n<div class=\"row\">\n<div id=\"\" class=\"col-xs-12 col-sm-6 \">\n<div id=\"\" class=\"eds-on-scroll eds-scroll-visible animated fadeInUp duration2\">\n<ul>\n<li>Biochimenea mural<\/li>\n<li>Dise\u00f1o \u00fanico y moderno<\/li>\n<li>Mano de obra de primera calidad<\/li>\n<li>Quemador de seguridad con certificaci\u00f3n TUV<\/li>\n<\/ul>\n<p><img fetchpriority=\"high\" decoding=\"async\" class=\"wp-image-21139 aligncenter\" src=\"https:\/\/aflamo.shop\/wp-content\/uploads\/2025\/12\/Juno_front_flame-1540.jpg\" alt=\"\" width=\"801\" height=\"258\" srcset=\"https:\/\/aflamo.shop\/wp-content\/uploads\/2025\/12\/Juno_front_flame-1540.jpg 540w, https:\/\/aflamo.shop\/wp-content\/uploads\/2025\/12\/Juno_front_flame-1540-300x97.jpg 300w\" sizes=\"(max-width: 801px) 100vw, 801px\" \/><\/p>\n<p>&nbsp;<\/p>\n<h6><strong>Vivienda  <\/strong><\/h6>\n<p>&nbsp;<\/p>\n<ul>\n<li>color: negro mate<\/li>\n<li>totalmente de acero<\/li>\n<li>calidad superior gracias a las esquinas soldadas y rectificadas<\/li>\n<li>pintados con pintura resistente al calor y a los da\u00f1os<\/li>\n<\/ul>\n<h6><\/h6>\n<h6><strong>Quemador<\/strong><\/h6>\n<\/div>\n<p>El quemador utilizado en esta biochimenea es de acero inoxidable. Tiene un elemento absorbente en su interior que garantiza un uso seguro y elimina el riesgo de derrame incontrolado de biocombustible.<br \/>\n<iframe title=\"Reproductor de v\u00eddeo de YouTube\" src=\"https:\/\/www.youtube.com\/embed\/N2BoGvvJ2xo?si=Jvh9PvtIAf8vpwzH\" width=\"560\" height=\"315\" frameborder=\"0\" allowfullscreen=\"allowfullscreen\"><\/iframe><br \/>\nCon cada juego completo se incluye un extintor especial, que permite apagar las llamas de la biochimenea f\u00e1cil y r\u00e1pidamente en cualquier momento.<\/p>\n<div id=\"\" class=\"eds-on-scroll eds-scroll-visible animated fadeInUp duration2\">\n<ul style=\"font-weight: 400;\">\n<li>caja fuerte con certificado TUV<\/li>\n<li>El dise\u00f1o sofisticado garantiza una combusti\u00f3n uniforme en toda la anchura<\/li>\n<li>el inserto cer\u00e1mico reduce el riesgo de derrame de biocombustible<\/li>\n<li>de acero inoxidable<\/li>\n<\/ul>\n<p>&nbsp;<\/p>\n<div class=\"flex flex-grow flex-col gap-3\">\n<div class=\"min-h-[20px] flex flex-col items-start gap-3 overflow-x-auto whitespace-pre-wrap break-words\">\n<div class=\"markdown prose w-full break-words dark:prose-invert light\">\n<p>La biochimenea de pared llamada Juno es una pieza \u00fanica y elegante que aporta no s\u00f3lo la visi\u00f3n m\u00e1gica de un fuego encendido a un espacio, sino tambi\u00e9n una est\u00e9tica minimalista.<\/p>\n<p>Juno es una biochimenea mural que acent\u00faa el estilo interior moderno con su sencillez. Su dise\u00f1o minimalista la convierte no s\u00f3lo en una fuente de calor, sino tambi\u00e9n en una obra de arte independiente que llama la atenci\u00f3n y crea un punto focal \u00fanico en la habitaci\u00f3n. Sin a\u00f1adidos ni ornamentos superfluos, Juno irradia elegancia y clase.  <\/p>\n<p>La elegancia de Juno reside en su forma pura. Reducida a los elementos esenciales, esta biochimenea permite que la llama se convierta en la estrella de la decoraci\u00f3n. Al negarse a s\u00ed misma la decoraci\u00f3n innecesaria, Juno llena el interior de aut\u00e9ntico resplandor e introduce una atm\u00f3sfera de calma y relajaci\u00f3n. M\u00e1s que una simple fuente de luz o calor, es una invitaci\u00f3n a la contemplaci\u00f3n y a un momento de descanso.   <\/p>\n<p>El uso de la biochimenea Juno ofrece la posibilidad de disfrutar de la belleza de una llama real en cualquier habitaci\u00f3n. Sin necesidad de complicadas instalaciones ni conexi\u00f3n a tuber\u00edas de gas, Juno te da total libertad para colocarla en cualquier lugar que necesite un acento \u00fanico. Ya sea en el sal\u00f3n, el dormitorio o la sala de estar, Juno aporta un aura \u00fanica de calidez y magia al espacio.  <\/p>\n<p>En resumen, la biochimenea mural Juno es la quintaesencia del minimalismo y la elegancia. Su dise\u00f1o sencillo resalta la vista \u00fanica de un fuego encendido, que se convierte en el punto focal de cualquier interior. Juno no es s\u00f3lo una biochimenea, es un acento art\u00edstico que crea una atm\u00f3sfera \u00fanica, haciendo especiales los momentos cotidianos. Tambi\u00e9n est\u00e1 disponible en una variante de cristal.   <\/p>\n<ul><strong><\/p>\n<p><a href=\"https:\/\/aflamo.shop\/wp-content\/uploads\/2024\/09\/bio_manual_EN-PL-DE-FR-ES-IT-5.pdf\">Instrucciones de uso<\/a><\/p>\n<p><a href=\"https:\/\/aflamo.shop\/wp-content\/uploads\/2024\/09\/Juno_Honos_glass_installation_EN-PL-DE-FR-ES-IT-4.pdf\"><br \/>\ninstrucciones de instalaci\u00f3n del acristalamiento<\/a><\/p>\n<p><a href=\"https:\/\/aflamo.shop\/wp-content\/uploads\/2024\/09\/Juno_Honos_manual_EN-PL-DE-FR-ES-IT-2.pdf\">Instrucciones de instalaci\u00f3n de la biochimenea<\/a><\/p>\n<p><a href=\"https:\/\/aflamo.shop\/wp-content\/uploads\/2024\/09\/Safety_instructions_EN-PL-DE-IT-ES-FR-CS-SK-NL-5.pdf\">Informaci\u00f3n de seguridad<\/a><\/p>\n<p><\/strong><\/ul>\n<\/div>\n<h3><strong>Dibujo t\u00e9cnico<\/strong><\/h3>\n<p>&nbsp;<\/p>\n<p><strong>Juno 54 <\/strong><\/p>\n<ul>\n<li>Quemador 28<\/li>\n<li>capacidad 0,35 litros<\/li>\n<li>tiempo de combusti\u00f3n 1h<\/li>\n<\/ul>\n<p><img decoding=\"async\" class=\"wp-image-20970 size-full aligncenter\" src=\"https:\/\/aflamo.shop\/wp-content\/uploads\/2025\/12\/Juno_54-900x728-1.png\" alt=\"\" width=\"900\" height=\"728\" srcset=\"https:\/\/aflamo.shop\/wp-content\/uploads\/2025\/12\/Juno_54-900x728-1.png 900w, https:\/\/aflamo.shop\/wp-content\/uploads\/2025\/12\/Juno_54-900x728-1-600x485.png 600w, https:\/\/aflamo.shop\/wp-content\/uploads\/2025\/12\/Juno_54-900x728-1-300x243.png 300w, https:\/\/aflamo.shop\/wp-content\/uploads\/2025\/12\/Juno_54-900x728-1-768x621.png 768w\" sizes=\"(max-width: 900px) 100vw, 900px\" \/><\/p>\n<p>&nbsp;<\/p>\n<p><strong>Juno 79 <\/strong><\/p>\n<ul>\n<li>Quemador 53<\/li>\n<li>capacidad 0,75 litros<\/li>\n<li>tiempo de combusti\u00f3n 1h 20min<\/li>\n<\/ul>\n<p><img decoding=\"async\" class=\"aligncenter wp-image-20976 size-full\" src=\"https:\/\/aflamo.shop\/wp-content\/uploads\/2025\/12\/Juno_79-900x621-1.png\" alt=\"\" width=\"900\" height=\"621\" srcset=\"https:\/\/aflamo.shop\/wp-content\/uploads\/2025\/12\/Juno_79-900x621-1.png 900w, https:\/\/aflamo.shop\/wp-content\/uploads\/2025\/12\/Juno_79-900x621-1-600x414.png 600w, https:\/\/aflamo.shop\/wp-content\/uploads\/2025\/12\/Juno_79-900x621-1-300x207.png 300w, https:\/\/aflamo.shop\/wp-content\/uploads\/2025\/12\/Juno_79-900x621-1-768x530.png 768w\" sizes=\"(max-width: 900px) 100vw, 900px\" \/><\/p>\n<p>&nbsp;<\/p>\n<p><strong>Juno 114<\/strong><\/p>\n<ul>\n<li>Quemador 80<\/li>\n<li>capacidad 1,24 litros<\/li>\n<li>tiempo de combusti\u00f3n 75min<\/li>\n<\/ul>\n<p>&nbsp;<\/p>\n<p><img loading=\"lazy\" decoding=\"async\" class=\"aligncenter wp-image-20982 size-full\" src=\"https:\/\/aflamo.shop\/wp-content\/uploads\/2025\/12\/Juno_114-900x553-1.png\" alt=\"\" width=\"900\" height=\"553\" srcset=\"https:\/\/aflamo.shop\/wp-content\/uploads\/2025\/12\/Juno_114-900x553-1.png 900w, https:\/\/aflamo.shop\/wp-content\/uploads\/2025\/12\/Juno_114-900x553-1-600x369.png 600w, https:\/\/aflamo.shop\/wp-content\/uploads\/2025\/12\/Juno_114-900x553-1-300x184.png 300w, https:\/\/aflamo.shop\/wp-content\/uploads\/2025\/12\/Juno_114-900x553-1-768x472.png 768w\" sizes=\"(max-width: 900px) 100vw, 900px\" \/><\/p>\n<p>&nbsp;<\/p>\n<p><strong>Juno 144 <\/strong><\/p>\n<ul>\n<li>2 x Quemador 53<\/li>\n<li>capacidad 2 x 0,75 litros<\/li>\n<li>tiempo de combusti\u00f3n 1h 20min<\/li>\n<\/ul>\n<p><img loading=\"lazy\" decoding=\"async\" class=\"aligncenter wp-image-20988 size-full\" src=\"https:\/\/aflamo.shop\/wp-content\/uploads\/2025\/12\/Juno_144-900x465-1.png\" alt=\"\" width=\"900\" height=\"465\" srcset=\"https:\/\/aflamo.shop\/wp-content\/uploads\/2025\/12\/Juno_144-900x465-1.png 900w, https:\/\/aflamo.shop\/wp-content\/uploads\/2025\/12\/Juno_144-900x465-1-600x310.png 600w, https:\/\/aflamo.shop\/wp-content\/uploads\/2025\/12\/Juno_144-900x465-1-300x155.png 300w, https:\/\/aflamo.shop\/wp-content\/uploads\/2025\/12\/Juno_144-900x465-1-768x397.png 768w\" sizes=\"(max-width: 900px) 100vw, 900px\" \/><\/p>\n<p>&nbsp;<\/p>\n<p><strong>Juno 174 <\/strong><\/p>\n<ul>\n<li>2 x Quemador 80<\/li>\n<li>capacidad 2 x 1,24 litros<\/li>\n<li>tiempo de combusti\u00f3n 75min<\/li>\n<\/ul>\n<p><img loading=\"lazy\" decoding=\"async\" class=\"aligncenter wp-image-20994 size-full\" src=\"https:\/\/aflamo.shop\/wp-content\/uploads\/2025\/12\/Juno_174-900x421-1.png\" alt=\"\" width=\"900\" height=\"421\" srcset=\"https:\/\/aflamo.shop\/wp-content\/uploads\/2025\/12\/Juno_174-900x421-1.png 900w, https:\/\/aflamo.shop\/wp-content\/uploads\/2025\/12\/Juno_174-900x421-1-600x281.png 600w, https:\/\/aflamo.shop\/wp-content\/uploads\/2025\/12\/Juno_174-900x421-1-300x140.png 300w, https:\/\/aflamo.shop\/wp-content\/uploads\/2025\/12\/Juno_174-900x421-1-768x359.png 768w\" sizes=\"(max-width: 900px) 100vw, 900px\" \/><\/p>\n<p>&nbsp;<\/p>\n<\/div>\n<\/div>\n<\/div>\n<\/div>\n<\/div>\n<\/div>\n<\/section>\n<\/div>\n<\/div>\n","protected":false},"excerpt":{"rendered":"<p>Marca: Aflamo<\/p>\n<p>GETIN: 5908283563548<\/p>\n<p>Biochimenea de pared\/para colgar en la pared<\/p>\n<p><b>Model:<\/b><\/p>\n<ul>\n<li><a href=\"https:\/\/aflamo.shop\/es\/p\/aflamo-juno-54-biochimenea-de-pared-empotrada\/\">54<\/a><\/li>\n<li><a href=\"https:\/\/aflamo.shop\/es\/p\/aflamo-juno-79-biochimenea-de-pared-empotrada\/\">79<\/a><\/li>\n<li><a href=\"https:\/\/aflamo.shop\/es\/p\/aflamo-juno-114-biochimenea-de-pared-empotrada\/\">114<\/a><\/li>\n<li><a href=\"https:\/\/aflamo.shop\/es\/p\/aflamo-juno-144-biochimenea-de-pared-empotrada\/\">144<\/a><\/li>\n<li><a href=\"https:\/\/aflamo.shop\/es\/p\/aflamo-juno-174-biochimenea-de-pared-empotrada\/\">174<\/a><\/li>\n<\/ul>\n<p><a href=\"https:\/\/aflamo.shop\/es\/p\/aflamo-juno-79-con-cristal-chimenea-mural-empotrada\/\"><b>Ver Juno con cristal<\/b><\/a><\/p>\n<p><b>Dimensiones:<\/b> 79 x 29 x 12 cm<\/b><\/p>\n","protected":false},"featured_media":21193,"comment_status":"open","ping_status":"closed","template":"","meta":[],"product_brand":[],"product_cat":[678,200,936],"product_tag":[],"class_list":{"0":"post-21107","1":"product","2":"type-product","3":"status-publish","4":"has-post-thumbnail","6":"product_cat-aflamo","7":"product_cat-chimeneas-de-bioetanol","8":"product_cat-pared","10":"first","11":"outofstock","12":"shipping-taxable","13":"purchasable","14":"product-type-simple"},"yoast_head":"<!-- This site is optimized with the Yoast SEO plugin v27.1.1 - https:\/\/yoast.com\/product\/yoast-seo-wordpress\/ -->\n<title>Aflamo Juno 79 - biochimenea de pared\/empotrada - aflamo.shop - distribuidor certificado de aflamo<\/title>\n<meta name=\"description\" content=\"Biochimenea mural Juno: minimalismo y elegancia. Un dise\u00f1o sencillo y una hermosa vista del fuego crean un ambiente especial en tu interior. Tambi\u00e9n disponible con cristal.\" \/>\n<meta name=\"robots\" content=\"index, follow, max-snippet:-1, max-image-preview:large, max-video-preview:-1\" \/>\n<link rel=\"canonical\" href=\"https:\/\/aflamo.shop\/es\/p\/aflamo-juno-79-biochimenea-de-pared-empotrada\/\" \/>\n<meta property=\"og:locale\" content=\"es_ES\" \/>\n<meta property=\"og:type\" content=\"article\" \/>\n<meta property=\"og:title\" content=\"Aflamo Juno 79 - biochimenea de pared\/empotrada - aflamo.shop - distribuidor certificado de aflamo\" \/>\n<meta property=\"og:description\" content=\"Biochimenea mural Juno: minimalismo y elegancia. Un dise\u00f1o sencillo y una hermosa vista del fuego crean un ambiente especial en tu interior. Tambi\u00e9n disponible con cristal.\" \/>\n<meta property=\"og:url\" content=\"https:\/\/aflamo.shop\/es\/p\/aflamo-juno-79-biochimenea-de-pared-empotrada\/\" \/>\n<meta property=\"og:site_name\" content=\"aflamo.shop - distribuidor certificado de aflamo\" \/>\n<meta property=\"article:modified_time\" content=\"2026-03-06T09:49:41+00:00\" \/>\n<meta property=\"og:image\" content=\"https:\/\/aflamo.shop\/wp-content\/uploads\/2025\/12\/Projekt-bez-nazwy20.png\" \/>\n\t<meta property=\"og:image:width\" content=\"2048\" \/>\n\t<meta property=\"og:image:height\" content=\"660\" \/>\n\t<meta property=\"og:image:type\" content=\"image\/png\" \/>\n<meta name=\"twitter:card\" content=\"summary_large_image\" \/>\n<meta name=\"twitter:label1\" content=\"Tiempo de lectura\" \/>\n\t<meta name=\"twitter:data1\" content=\"5 minutos\" \/>\n<script type=\"application\/ld+json\" class=\"yoast-schema-graph\">{\"@context\":\"https:\/\/schema.org\",\"@graph\":[{\"@type\":\"WebPage\",\"@id\":\"https:\/\/aflamo.shop\/es\/p\/aflamo-juno-79-biochimenea-de-pared-empotrada\/\",\"url\":\"https:\/\/aflamo.shop\/es\/p\/aflamo-juno-79-biochimenea-de-pared-empotrada\/\",\"name\":\"Aflamo Juno 79 - biochimenea de pared\/empotrada - aflamo.shop - distribuidor certificado de aflamo\",\"isPartOf\":{\"@id\":\"https:\/\/aflamo.shop\/es\/#website\"},\"primaryImageOfPage\":{\"@id\":\"https:\/\/aflamo.shop\/es\/p\/aflamo-juno-79-biochimenea-de-pared-empotrada\/#primaryimage\"},\"image\":{\"@id\":\"https:\/\/aflamo.shop\/es\/p\/aflamo-juno-79-biochimenea-de-pared-empotrada\/#primaryimage\"},\"thumbnailUrl\":\"https:\/\/aflamo.shop\/wp-content\/uploads\/2025\/12\/Projekt-bez-nazwy20.png\",\"datePublished\":\"2025-12-08T12:38:38+00:00\",\"dateModified\":\"2026-03-06T09:49:41+00:00\",\"description\":\"Biochimenea mural Juno: minimalismo y elegancia. Un dise\u00f1o sencillo y una hermosa vista del fuego crean un ambiente especial en tu interior. Tambi\u00e9n disponible con cristal.\",\"breadcrumb\":{\"@id\":\"https:\/\/aflamo.shop\/es\/p\/aflamo-juno-79-biochimenea-de-pared-empotrada\/#breadcrumb\"},\"inLanguage\":\"es\",\"potentialAction\":[{\"@type\":\"ReadAction\",\"target\":[\"https:\/\/aflamo.shop\/es\/p\/aflamo-juno-79-biochimenea-de-pared-empotrada\/\"]}]},{\"@type\":\"ImageObject\",\"inLanguage\":\"es\",\"@id\":\"https:\/\/aflamo.shop\/es\/p\/aflamo-juno-79-biochimenea-de-pared-empotrada\/#primaryimage\",\"url\":\"https:\/\/aflamo.shop\/wp-content\/uploads\/2025\/12\/Projekt-bez-nazwy20.png\",\"contentUrl\":\"https:\/\/aflamo.shop\/wp-content\/uploads\/2025\/12\/Projekt-bez-nazwy20.png\",\"width\":2048,\"height\":660},{\"@type\":\"BreadcrumbList\",\"@id\":\"https:\/\/aflamo.shop\/es\/p\/aflamo-juno-79-biochimenea-de-pared-empotrada\/#breadcrumb\",\"itemListElement\":[{\"@type\":\"ListItem\",\"position\":1,\"name\":\"P\u00e1gina principal\",\"item\":\"https:\/\/aflamo.shop\/es\/\"},{\"@type\":\"ListItem\",\"position\":2,\"name\":\"Tienda\",\"item\":\"https:\/\/aflamo.shop\/tienda\/\"},{\"@type\":\"ListItem\",\"position\":3,\"name\":\"Chimeneas de bioetanol\",\"item\":\"https:\/\/aflamo.shop\/es\/s\/chimeneas-de-bioetanol\/\"},{\"@type\":\"ListItem\",\"position\":4,\"name\":\"Aflamo Juno 79 &#8211; biochimenea de pared\/empotrada\"}]},{\"@type\":\"WebSite\",\"@id\":\"https:\/\/aflamo.shop\/es\/#website\",\"url\":\"https:\/\/aflamo.shop\/es\/\",\"name\":\"aflamo.shop - distribuidor certificado de aflamo\",\"description\":\"Kominki elektryczne Aflamo i Emotion Flame z funkcj\u0105 grzania\",\"publisher\":{\"@id\":\"https:\/\/aflamo.shop\/es\/#organization\"},\"potentialAction\":[{\"@type\":\"SearchAction\",\"target\":{\"@type\":\"EntryPoint\",\"urlTemplate\":\"https:\/\/aflamo.shop\/es\/?s={search_term_string}\"},\"query-input\":{\"@type\":\"PropertyValueSpecification\",\"valueRequired\":true,\"valueName\":\"search_term_string\"}}],\"inLanguage\":\"es\"},{\"@type\":\"Organization\",\"@id\":\"https:\/\/aflamo.shop\/es\/#organization\",\"name\":\"aflamo.shop - distribuidor certificado de aflamo\",\"url\":\"https:\/\/aflamo.shop\/es\/\",\"logo\":{\"@type\":\"ImageObject\",\"inLanguage\":\"es\",\"@id\":\"https:\/\/aflamo.shop\/es\/#\/schema\/logo\/image\/\",\"url\":\"https:\/\/aflamo.shop\/wp-content\/uploads\/2019\/10\/logo2.1-1-1.svg\",\"contentUrl\":\"https:\/\/aflamo.shop\/wp-content\/uploads\/2019\/10\/logo2.1-1-1.svg\",\"caption\":\"aflamo.shop - distribuidor certificado de aflamo\"},\"image\":{\"@id\":\"https:\/\/aflamo.shop\/es\/#\/schema\/logo\/image\/\"}}]}<\/script>\n<!-- \/ Yoast SEO plugin. -->","yoast_head_json":{"title":"Aflamo Juno 79 - biochimenea de pared\/empotrada - aflamo.shop - distribuidor certificado de aflamo","description":"Biochimenea mural Juno: minimalismo y elegancia. Un dise\u00f1o sencillo y una hermosa vista del fuego crean un ambiente especial en tu interior. Tambi\u00e9n disponible con cristal.","robots":{"index":"index","follow":"follow","max-snippet":"max-snippet:-1","max-image-preview":"max-image-preview:large","max-video-preview":"max-video-preview:-1"},"canonical":"https:\/\/aflamo.shop\/es\/p\/aflamo-juno-79-biochimenea-de-pared-empotrada\/","og_locale":"es_ES","og_type":"article","og_title":"Aflamo Juno 79 - biochimenea de pared\/empotrada - aflamo.shop - distribuidor certificado de aflamo","og_description":"Biochimenea mural Juno: minimalismo y elegancia. Un dise\u00f1o sencillo y una hermosa vista del fuego crean un ambiente especial en tu interior. Tambi\u00e9n disponible con cristal.","og_url":"https:\/\/aflamo.shop\/es\/p\/aflamo-juno-79-biochimenea-de-pared-empotrada\/","og_site_name":"aflamo.shop - distribuidor certificado de aflamo","article_modified_time":"2026-03-06T09:49:41+00:00","og_image":[{"width":2048,"height":660,"url":"https:\/\/aflamo.shop\/wp-content\/uploads\/2025\/12\/Projekt-bez-nazwy20.png","type":"image\/png"}],"twitter_card":"summary_large_image","twitter_misc":{"Tiempo de lectura":"5 minutos"},"schema":{"@context":"https:\/\/schema.org","@graph":[{"@type":"WebPage","@id":"https:\/\/aflamo.shop\/es\/p\/aflamo-juno-79-biochimenea-de-pared-empotrada\/","url":"https:\/\/aflamo.shop\/es\/p\/aflamo-juno-79-biochimenea-de-pared-empotrada\/","name":"Aflamo Juno 79 - biochimenea de pared\/empotrada - aflamo.shop - distribuidor certificado de aflamo","isPartOf":{"@id":"https:\/\/aflamo.shop\/es\/#website"},"primaryImageOfPage":{"@id":"https:\/\/aflamo.shop\/es\/p\/aflamo-juno-79-biochimenea-de-pared-empotrada\/#primaryimage"},"image":{"@id":"https:\/\/aflamo.shop\/es\/p\/aflamo-juno-79-biochimenea-de-pared-empotrada\/#primaryimage"},"thumbnailUrl":"https:\/\/aflamo.shop\/wp-content\/uploads\/2025\/12\/Projekt-bez-nazwy20.png","datePublished":"2025-12-08T12:38:38+00:00","dateModified":"2026-03-06T09:49:41+00:00","description":"Biochimenea mural Juno: minimalismo y elegancia. Un dise\u00f1o sencillo y una hermosa vista del fuego crean un ambiente especial en tu interior. Tambi\u00e9n disponible con cristal.","breadcrumb":{"@id":"https:\/\/aflamo.shop\/es\/p\/aflamo-juno-79-biochimenea-de-pared-empotrada\/#breadcrumb"},"inLanguage":"es","potentialAction":[{"@type":"ReadAction","target":["https:\/\/aflamo.shop\/es\/p\/aflamo-juno-79-biochimenea-de-pared-empotrada\/"]}]},{"@type":"ImageObject","inLanguage":"es","@id":"https:\/\/aflamo.shop\/es\/p\/aflamo-juno-79-biochimenea-de-pared-empotrada\/#primaryimage","url":"https:\/\/aflamo.shop\/wp-content\/uploads\/2025\/12\/Projekt-bez-nazwy20.png","contentUrl":"https:\/\/aflamo.shop\/wp-content\/uploads\/2025\/12\/Projekt-bez-nazwy20.png","width":2048,"height":660},{"@type":"BreadcrumbList","@id":"https:\/\/aflamo.shop\/es\/p\/aflamo-juno-79-biochimenea-de-pared-empotrada\/#breadcrumb","itemListElement":[{"@type":"ListItem","position":1,"name":"P\u00e1gina principal","item":"https:\/\/aflamo.shop\/es\/"},{"@type":"ListItem","position":2,"name":"Tienda","item":"https:\/\/aflamo.shop\/tienda\/"},{"@type":"ListItem","position":3,"name":"Chimeneas de bioetanol","item":"https:\/\/aflamo.shop\/es\/s\/chimeneas-de-bioetanol\/"},{"@type":"ListItem","position":4,"name":"Aflamo Juno 79 &#8211; biochimenea de pared\/empotrada"}]},{"@type":"WebSite","@id":"https:\/\/aflamo.shop\/es\/#website","url":"https:\/\/aflamo.shop\/es\/","name":"aflamo.shop - distribuidor certificado de aflamo","description":"Kominki elektryczne Aflamo i Emotion Flame z funkcj\u0105 grzania","publisher":{"@id":"https:\/\/aflamo.shop\/es\/#organization"},"potentialAction":[{"@type":"SearchAction","target":{"@type":"EntryPoint","urlTemplate":"https:\/\/aflamo.shop\/es\/?s={search_term_string}"},"query-input":{"@type":"PropertyValueSpecification","valueRequired":true,"valueName":"search_term_string"}}],"inLanguage":"es"},{"@type":"Organization","@id":"https:\/\/aflamo.shop\/es\/#organization","name":"aflamo.shop - distribuidor certificado de aflamo","url":"https:\/\/aflamo.shop\/es\/","logo":{"@type":"ImageObject","inLanguage":"es","@id":"https:\/\/aflamo.shop\/es\/#\/schema\/logo\/image\/","url":"https:\/\/aflamo.shop\/wp-content\/uploads\/2019\/10\/logo2.1-1-1.svg","contentUrl":"https:\/\/aflamo.shop\/wp-content\/uploads\/2019\/10\/logo2.1-1-1.svg","caption":"aflamo.shop - distribuidor certificado de aflamo"},"image":{"@id":"https:\/\/aflamo.shop\/es\/#\/schema\/logo\/image\/"}}]}},"_links":{"self":[{"href":"https:\/\/aflamo.shop\/es\/wp-json\/wp\/v2\/product\/21107","targetHints":{"allow":["GET"]}}],"collection":[{"href":"https:\/\/aflamo.shop\/es\/wp-json\/wp\/v2\/product"}],"about":[{"href":"https:\/\/aflamo.shop\/es\/wp-json\/wp\/v2\/types\/product"}],"replies":[{"embeddable":true,"href":"https:\/\/aflamo.shop\/es\/wp-json\/wp\/v2\/comments?post=21107"}],"wp:featuredmedia":[{"embeddable":true,"href":"https:\/\/aflamo.shop\/es\/wp-json\/wp\/v2\/media\/21193"}],"wp:attachment":[{"href":"https:\/\/aflamo.shop\/es\/wp-json\/wp\/v2\/media?parent=21107"}],"wp:term":[{"taxonomy":"product_brand","embeddable":true,"href":"https:\/\/aflamo.shop\/es\/wp-json\/wp\/v2\/product_brand?post=21107"},{"taxonomy":"product_cat","embeddable":true,"href":"https:\/\/aflamo.shop\/es\/wp-json\/wp\/v2\/product_cat?post=21107"},{"taxonomy":"product_tag","embeddable":true,"href":"https:\/\/aflamo.shop\/es\/wp-json\/wp\/v2\/product_tag?post=21107"}],"curies":[{"name":"wp","href":"https:\/\/api.w.org\/{rel}","templated":true}]}}