{"id":18605,"date":"2025-04-16T08:12:35","date_gmt":"2025-04-16T08:12:35","guid":{"rendered":"https:\/\/aflamo.shop\/p\/aflamo-lares-80-biochimenea-de-pared-empotrada\/"},"modified":"2026-03-06T12:11:52","modified_gmt":"2026-03-06T12:11:52","slug":"aflamo-lares-80-biochimenea-de-pared-empotrada","status":"publish","type":"product","link":"https:\/\/aflamo.shop\/es\/p\/aflamo-lares-80-biochimenea-de-pared-empotrada\/","title":{"rendered":"Aflamo Lares 80 &#8211; biochimenea de pared empotrada"},"content":{"rendered":"<section>\n<h2><strong>Biochimenea de pared Lares: modernidad, estilo y seguridad en uno<\/strong><\/h2>\n<p><img fetchpriority=\"high\" decoding=\"async\" class=\"aligncenter wp-image-15656 size-full\" src=\"https:\/\/aflamo.shop\/wp-content\/uploads\/2025\/04\/Lares_aranzacja.jpg\" alt=\"\" width=\"2048\" height=\"1448\" srcset=\"https:\/\/aflamo.shop\/wp-content\/uploads\/2025\/04\/Lares_aranzacja.jpg 2048w, https:\/\/aflamo.shop\/wp-content\/uploads\/2025\/04\/Lares_aranzacja-600x424.jpg 600w, https:\/\/aflamo.shop\/wp-content\/uploads\/2025\/04\/Lares_aranzacja-300x212.jpg 300w, https:\/\/aflamo.shop\/wp-content\/uploads\/2025\/04\/Lares_aranzacja-1024x724.jpg 1024w, https:\/\/aflamo.shop\/wp-content\/uploads\/2025\/04\/Lares_aranzacja-768x543.jpg 768w, https:\/\/aflamo.shop\/wp-content\/uploads\/2025\/04\/Lares_aranzacja-1536x1086.jpg 1536w\" sizes=\"(max-width: 2048px) 100vw, 2048px\" \/><\/p>\n<h2>Caracter\u00edsticas \u00fanicas y dise\u00f1o moderno.<\/h2>\n<p><strong>La biochimenea de pared Lares<\/strong> es un modelo empotrable de tres caras que combina a la perfecci\u00f3n elegancia y funcionalidad.<br \/>\nSu dise\u00f1o \u00fanico convierte el fuego en el elemento central de cualquier interior, visible desde tres lados gracias al vidrio templado. Esta soluci\u00f3n fue creada para los amantes del dise\u00f1o moderno que valoran tanto la est\u00e9tica como la calidez del hogar.<\/p>\n<p>La forma \u00fanica de la biochimenea permite crear un ambiente acogedor y exclusivo, ideal para relajarse por la noche o reunirse con los seres queridos.<br \/>\nLares se adapta perfectamente a diversos estilos de interior, desde el minimalista hasta el industrial.<\/p>\n<p>Gracias a un montaje sencillo y un funcionamiento intuitivo, <strong>Lares es una biochimenea <\/strong>de pared que satisfar\u00e1 las expectativas de los usuarios m\u00e1s exigentes.<\/p>\n<p><img decoding=\"async\" class=\"aligncenter wp-image-15662 size-full\" src=\"https:\/\/aflamo.shop\/wp-content\/uploads\/2025\/04\/Lares_right.jpg\" alt=\"\" width=\"1101\" height=\"996\" srcset=\"https:\/\/aflamo.shop\/wp-content\/uploads\/2025\/04\/Lares_right.jpg 1101w, https:\/\/aflamo.shop\/wp-content\/uploads\/2025\/04\/Lares_right-600x543.jpg 600w, https:\/\/aflamo.shop\/wp-content\/uploads\/2025\/04\/Lares_right-300x271.jpg 300w, https:\/\/aflamo.shop\/wp-content\/uploads\/2025\/04\/Lares_right-1024x926.jpg 1024w, https:\/\/aflamo.shop\/wp-content\/uploads\/2025\/04\/Lares_right-768x695.jpg 768w\" sizes=\"(max-width: 1101px) 100vw, 1101px\" \/><\/p>\n<h2>Salud y seguridad: cuidando lo m\u00e1s valioso<\/h2>\n<p>La seguridad del usuario fue clave a la hora de dise\u00f1ar la biochimenea Lares.<br \/>\nEl vidrio templado de tres lados proporciona protecci\u00f3n adicional contra las llamas, lo que es especialmente importante en hogares donde viven ni\u00f1os o mascotas.<br \/>\nEsto significa que usted puede disfrutar de la belleza del fuego natural sin preocuparse por el peligro.<\/p>\n<p>El quemador de acero inoxidable est\u00e1 equipado con un inserto absorbente que evita derrames accidentales de biocombustible y garantiza una combusti\u00f3n estable. Adem\u00e1s, el juego incluye <strong>un apagador<\/strong> que permite apagar la llama de forma r\u00e1pida y segura en cualquier momento.<\/p>\n<p><img decoding=\"async\" class=\"aligncenter wp-image-15668 size-full\" src=\"https:\/\/aflamo.shop\/wp-content\/uploads\/2025\/04\/Lares_right_flame-600x434-1.jpg\" alt=\"\" width=\"600\" height=\"434\" srcset=\"https:\/\/aflamo.shop\/wp-content\/uploads\/2025\/04\/Lares_right_flame-600x434-1.jpg 600w, https:\/\/aflamo.shop\/wp-content\/uploads\/2025\/04\/Lares_right_flame-600x434-1-300x217.jpg 300w\" sizes=\"(max-width: 600px) 100vw, 600px\" \/><\/p>\n<h2>El conjunto incluye:<\/h2>\n<ul>\n<li>Biochimenea Lares<\/li>\n<li>Quemador de acero inoxidable con inserto absorbente<\/li>\n<li>Extintor de incendios<\/li>\n<li>Embudo de recarga de biocombustible<\/li>\n<li>Instrucciones de funcionamiento y montaje<\/li>\n<\/ul>\n<h2>Elige estilo, seguridad y comodidad<\/h2>\n<p>Lares es la soluci\u00f3n perfecta para quienes buscan soluciones de calefacci\u00f3n modernas y seguras.<br \/>\nSi sue\u00f1a con un ambiente \u00fanico en su hogar, sin humos, sin chimenea y sin un montaje complicado, esta biochimenea cumplir\u00e1 sus expectativas.<\/p>\n<p>&nbsp;<\/p>\n<ul><strong><\/p>\n<p><a href=\"https:\/\/aflamo.shop\/wp-content\/uploads\/2025\/04\/bio_manual_EN-PL-DE-FR-ES-IT-6.pdf\">Instrucci\u00f3n<\/a><\/p>\n<p><a href=\"https:\/\/aflamo.shop\/wp-content\/uploads\/2025\/04\/Safety_instructions_EN-PL-DE-IT-ES-FR-CS-SK-NL-6.pdf\">Seguridad<\/a><\/p>\n<p><\/strong><\/ul>\n<\/section>\n<h2>Dibujos t\u00e9cnicos<\/h2>\n<ul>\n<li style=\"list-style-type: none;\">\n<ul>\n<li>Lares 60<\/li>\n<\/ul>\n<\/li>\n<\/ul>\n<p><img loading=\"lazy\" decoding=\"async\" class=\"aligncenter wp-image-15638 size-full\" src=\"https:\/\/aflamo.shop\/wp-content\/uploads\/2025\/04\/Lares_60.png\" alt=\"\" width=\"717\" height=\"1071\" srcset=\"https:\/\/aflamo.shop\/wp-content\/uploads\/2025\/04\/Lares_60.png 717w, https:\/\/aflamo.shop\/wp-content\/uploads\/2025\/04\/Lares_60-600x896.png 600w, https:\/\/aflamo.shop\/wp-content\/uploads\/2025\/04\/Lares_60-201x300.png 201w, https:\/\/aflamo.shop\/wp-content\/uploads\/2025\/04\/Lares_60-686x1024.png 686w\" sizes=\"(max-width: 717px) 100vw, 717px\" \/><\/p>\n<ul>\n<li style=\"list-style-type: none;\">\n<ul>\n<li>Lares 80<\/li>\n<\/ul>\n<\/li>\n<\/ul>\n<p><img loading=\"lazy\" decoding=\"async\" class=\"aligncenter wp-image-15644 size-full\" src=\"https:\/\/aflamo.shop\/wp-content\/uploads\/2025\/04\/Lares_80.png\" alt=\"\" width=\"649\" height=\"1047\" srcset=\"https:\/\/aflamo.shop\/wp-content\/uploads\/2025\/04\/Lares_80.png 649w, https:\/\/aflamo.shop\/wp-content\/uploads\/2025\/04\/Lares_80-600x968.png 600w, https:\/\/aflamo.shop\/wp-content\/uploads\/2025\/04\/Lares_80-186x300.png 186w, https:\/\/aflamo.shop\/wp-content\/uploads\/2025\/04\/Lares_80-635x1024.png 635w\" sizes=\"(max-width: 649px) 100vw, 649px\" \/><\/p>\n<ul>\n<li style=\"list-style-type: none;\">\n<ul>\n<li>Lares 100<\/li>\n<\/ul>\n<\/li>\n<\/ul>\n<p><img loading=\"lazy\" decoding=\"async\" class=\"aligncenter wp-image-15650 size-full\" src=\"https:\/\/aflamo.shop\/wp-content\/uploads\/2025\/04\/Lares_100.png\" alt=\"\" width=\"719\" height=\"819\" srcset=\"https:\/\/aflamo.shop\/wp-content\/uploads\/2025\/04\/Lares_100.png 719w, https:\/\/aflamo.shop\/wp-content\/uploads\/2025\/04\/Lares_100-600x683.png 600w, https:\/\/aflamo.shop\/wp-content\/uploads\/2025\/04\/Lares_100-263x300.png 263w\" sizes=\"(max-width: 719px) 100vw, 719px\" \/><\/p>\n","protected":false},"excerpt":{"rendered":"<p>Fabricante: Aflamo<\/p>\n<p>GETIN: 5908283563098<\/p>\n<p><b>Modelo:<\/b><\/p>\n<ul>\n<li><a href=\"https:\/\/aflamo.shop\/es\/p\/aflamo-lares-60-biochimenea-de-pared-empotrada\/\">60<\/a><\/li>\n<li><a href=\"https:\/\/aflamo.shop\/es\/p\/aflamo-lares-80-biochimenea-de-pared-empotrada\/\">80<\/a><\/li>\n<li><a href=\"https:\/\/aflamo.shop\/es\/p\/aflamo-lares-100-biochimenea-de-pared-empotrada\/\">100<\/a><\/li>\n<\/ul>\n<p>Dimensiones: 80 x 50 x 30 cm<\/p>\n","protected":false},"featured_media":22455,"comment_status":"open","ping_status":"closed","template":"","meta":[],"product_brand":[],"product_cat":[678,200,936,202],"product_tag":[],"class_list":{"0":"post-18605","1":"product","2":"type-product","3":"status-publish","4":"has-post-thumbnail","6":"product_cat-aflamo","7":"product_cat-chimeneas-de-bioetanol","8":"product_cat-pared","9":"product_cat-quemadores","11":"first","12":"instock","13":"shipping-taxable","14":"purchasable","15":"product-type-simple"},"yoast_head":"<!-- This site is optimized with the Yoast SEO plugin v27.1.1 - https:\/\/yoast.com\/product\/yoast-seo-wordpress\/ -->\n<title>Aflamo Lares 80 - biochimenea de pared empotrada - aflamo.shop - distribuidor certificado de aflamo<\/title>\n<meta name=\"description\" content=\"Su dise\u00f1o \u00fanico convierte el fuego en el elemento central de cualquier interior, visible desde tres lados gracias al cristal templado.\" \/>\n<meta name=\"robots\" content=\"index, follow, max-snippet:-1, max-image-preview:large, max-video-preview:-1\" \/>\n<link rel=\"canonical\" href=\"https:\/\/aflamo.shop\/es\/p\/aflamo-lares-80-biochimenea-de-pared-empotrada\/\" \/>\n<meta property=\"og:locale\" content=\"es_ES\" \/>\n<meta property=\"og:type\" content=\"article\" \/>\n<meta property=\"og:title\" content=\"Aflamo Lares 80 - biochimenea de pared empotrada - aflamo.shop - distribuidor certificado de aflamo\" \/>\n<meta property=\"og:description\" content=\"Su dise\u00f1o \u00fanico convierte el fuego en el elemento central de cualquier interior, visible desde tres lados gracias al cristal templado.\" \/>\n<meta property=\"og:url\" content=\"https:\/\/aflamo.shop\/es\/p\/aflamo-lares-80-biochimenea-de-pared-empotrada\/\" \/>\n<meta property=\"og:site_name\" content=\"aflamo.shop - distribuidor certificado de aflamo\" \/>\n<meta property=\"article:modified_time\" content=\"2026-03-06T12:11:52+00:00\" \/>\n<meta property=\"og:image\" content=\"https:\/\/aflamo.shop\/wp-content\/uploads\/2025\/04\/Projekt-bez-nazwy82.png\" \/>\n\t<meta property=\"og:image:width\" content=\"2048\" \/>\n\t<meta property=\"og:image:height\" content=\"669\" \/>\n\t<meta property=\"og:image:type\" content=\"image\/png\" \/>\n<meta name=\"twitter:card\" content=\"summary_large_image\" \/>\n<meta name=\"twitter:label1\" content=\"Tiempo de lectura\" \/>\n\t<meta name=\"twitter:data1\" content=\"4 minutos\" \/>\n<script type=\"application\/ld+json\" class=\"yoast-schema-graph\">{\"@context\":\"https:\/\/schema.org\",\"@graph\":[{\"@type\":\"WebPage\",\"@id\":\"https:\/\/aflamo.shop\/es\/p\/aflamo-lares-80-biochimenea-de-pared-empotrada\/\",\"url\":\"https:\/\/aflamo.shop\/es\/p\/aflamo-lares-80-biochimenea-de-pared-empotrada\/\",\"name\":\"Aflamo Lares 80 - biochimenea de pared empotrada - aflamo.shop - distribuidor certificado de aflamo\",\"isPartOf\":{\"@id\":\"https:\/\/aflamo.shop\/es\/#website\"},\"primaryImageOfPage\":{\"@id\":\"https:\/\/aflamo.shop\/es\/p\/aflamo-lares-80-biochimenea-de-pared-empotrada\/#primaryimage\"},\"image\":{\"@id\":\"https:\/\/aflamo.shop\/es\/p\/aflamo-lares-80-biochimenea-de-pared-empotrada\/#primaryimage\"},\"thumbnailUrl\":\"https:\/\/aflamo.shop\/wp-content\/uploads\/2025\/04\/Projekt-bez-nazwy82.png\",\"datePublished\":\"2025-04-16T08:12:35+00:00\",\"dateModified\":\"2026-03-06T12:11:52+00:00\",\"description\":\"Su dise\u00f1o \u00fanico convierte el fuego en el elemento central de cualquier interior, visible desde tres lados gracias al cristal templado.\",\"breadcrumb\":{\"@id\":\"https:\/\/aflamo.shop\/es\/p\/aflamo-lares-80-biochimenea-de-pared-empotrada\/#breadcrumb\"},\"inLanguage\":\"es\",\"potentialAction\":[{\"@type\":\"ReadAction\",\"target\":[\"https:\/\/aflamo.shop\/es\/p\/aflamo-lares-80-biochimenea-de-pared-empotrada\/\"]}]},{\"@type\":\"ImageObject\",\"inLanguage\":\"es\",\"@id\":\"https:\/\/aflamo.shop\/es\/p\/aflamo-lares-80-biochimenea-de-pared-empotrada\/#primaryimage\",\"url\":\"https:\/\/aflamo.shop\/wp-content\/uploads\/2025\/04\/Projekt-bez-nazwy82.png\",\"contentUrl\":\"https:\/\/aflamo.shop\/wp-content\/uploads\/2025\/04\/Projekt-bez-nazwy82.png\",\"width\":2048,\"height\":669},{\"@type\":\"BreadcrumbList\",\"@id\":\"https:\/\/aflamo.shop\/es\/p\/aflamo-lares-80-biochimenea-de-pared-empotrada\/#breadcrumb\",\"itemListElement\":[{\"@type\":\"ListItem\",\"position\":1,\"name\":\"P\u00e1gina principal\",\"item\":\"https:\/\/aflamo.shop\/es\/\"},{\"@type\":\"ListItem\",\"position\":2,\"name\":\"Tienda\",\"item\":\"https:\/\/aflamo.shop\/tienda\/\"},{\"@type\":\"ListItem\",\"position\":3,\"name\":\"Aflamo\",\"item\":\"https:\/\/aflamo.shop\/es\/s\/aflamo\/\"},{\"@type\":\"ListItem\",\"position\":4,\"name\":\"Aflamo Lares 80 &#8211; biochimenea de pared empotrada\"}]},{\"@type\":\"WebSite\",\"@id\":\"https:\/\/aflamo.shop\/es\/#website\",\"url\":\"https:\/\/aflamo.shop\/es\/\",\"name\":\"aflamo.shop - distribuidor certificado de aflamo\",\"description\":\"Kominki elektryczne Aflamo i Emotion Flame z funkcj\u0105 grzania\",\"publisher\":{\"@id\":\"https:\/\/aflamo.shop\/es\/#organization\"},\"potentialAction\":[{\"@type\":\"SearchAction\",\"target\":{\"@type\":\"EntryPoint\",\"urlTemplate\":\"https:\/\/aflamo.shop\/es\/?s={search_term_string}\"},\"query-input\":{\"@type\":\"PropertyValueSpecification\",\"valueRequired\":true,\"valueName\":\"search_term_string\"}}],\"inLanguage\":\"es\"},{\"@type\":\"Organization\",\"@id\":\"https:\/\/aflamo.shop\/es\/#organization\",\"name\":\"aflamo.shop - distribuidor certificado de aflamo\",\"url\":\"https:\/\/aflamo.shop\/es\/\",\"logo\":{\"@type\":\"ImageObject\",\"inLanguage\":\"es\",\"@id\":\"https:\/\/aflamo.shop\/es\/#\/schema\/logo\/image\/\",\"url\":\"https:\/\/aflamo.shop\/wp-content\/uploads\/2019\/10\/logo2.1-1-1.svg\",\"contentUrl\":\"https:\/\/aflamo.shop\/wp-content\/uploads\/2019\/10\/logo2.1-1-1.svg\",\"caption\":\"aflamo.shop - distribuidor certificado de aflamo\"},\"image\":{\"@id\":\"https:\/\/aflamo.shop\/es\/#\/schema\/logo\/image\/\"}}]}<\/script>\n<!-- \/ Yoast SEO plugin. -->","yoast_head_json":{"title":"Aflamo Lares 80 - biochimenea de pared empotrada - aflamo.shop - distribuidor certificado de aflamo","description":"Su dise\u00f1o \u00fanico convierte el fuego en el elemento central de cualquier interior, visible desde tres lados gracias al cristal templado.","robots":{"index":"index","follow":"follow","max-snippet":"max-snippet:-1","max-image-preview":"max-image-preview:large","max-video-preview":"max-video-preview:-1"},"canonical":"https:\/\/aflamo.shop\/es\/p\/aflamo-lares-80-biochimenea-de-pared-empotrada\/","og_locale":"es_ES","og_type":"article","og_title":"Aflamo Lares 80 - biochimenea de pared empotrada - aflamo.shop - distribuidor certificado de aflamo","og_description":"Su dise\u00f1o \u00fanico convierte el fuego en el elemento central de cualquier interior, visible desde tres lados gracias al cristal templado.","og_url":"https:\/\/aflamo.shop\/es\/p\/aflamo-lares-80-biochimenea-de-pared-empotrada\/","og_site_name":"aflamo.shop - distribuidor certificado de aflamo","article_modified_time":"2026-03-06T12:11:52+00:00","og_image":[{"width":2048,"height":669,"url":"https:\/\/aflamo.shop\/wp-content\/uploads\/2025\/04\/Projekt-bez-nazwy82.png","type":"image\/png"}],"twitter_card":"summary_large_image","twitter_misc":{"Tiempo de lectura":"4 minutos"},"schema":{"@context":"https:\/\/schema.org","@graph":[{"@type":"WebPage","@id":"https:\/\/aflamo.shop\/es\/p\/aflamo-lares-80-biochimenea-de-pared-empotrada\/","url":"https:\/\/aflamo.shop\/es\/p\/aflamo-lares-80-biochimenea-de-pared-empotrada\/","name":"Aflamo Lares 80 - biochimenea de pared empotrada - aflamo.shop - distribuidor certificado de aflamo","isPartOf":{"@id":"https:\/\/aflamo.shop\/es\/#website"},"primaryImageOfPage":{"@id":"https:\/\/aflamo.shop\/es\/p\/aflamo-lares-80-biochimenea-de-pared-empotrada\/#primaryimage"},"image":{"@id":"https:\/\/aflamo.shop\/es\/p\/aflamo-lares-80-biochimenea-de-pared-empotrada\/#primaryimage"},"thumbnailUrl":"https:\/\/aflamo.shop\/wp-content\/uploads\/2025\/04\/Projekt-bez-nazwy82.png","datePublished":"2025-04-16T08:12:35+00:00","dateModified":"2026-03-06T12:11:52+00:00","description":"Su dise\u00f1o \u00fanico convierte el fuego en el elemento central de cualquier interior, visible desde tres lados gracias al cristal templado.","breadcrumb":{"@id":"https:\/\/aflamo.shop\/es\/p\/aflamo-lares-80-biochimenea-de-pared-empotrada\/#breadcrumb"},"inLanguage":"es","potentialAction":[{"@type":"ReadAction","target":["https:\/\/aflamo.shop\/es\/p\/aflamo-lares-80-biochimenea-de-pared-empotrada\/"]}]},{"@type":"ImageObject","inLanguage":"es","@id":"https:\/\/aflamo.shop\/es\/p\/aflamo-lares-80-biochimenea-de-pared-empotrada\/#primaryimage","url":"https:\/\/aflamo.shop\/wp-content\/uploads\/2025\/04\/Projekt-bez-nazwy82.png","contentUrl":"https:\/\/aflamo.shop\/wp-content\/uploads\/2025\/04\/Projekt-bez-nazwy82.png","width":2048,"height":669},{"@type":"BreadcrumbList","@id":"https:\/\/aflamo.shop\/es\/p\/aflamo-lares-80-biochimenea-de-pared-empotrada\/#breadcrumb","itemListElement":[{"@type":"ListItem","position":1,"name":"P\u00e1gina principal","item":"https:\/\/aflamo.shop\/es\/"},{"@type":"ListItem","position":2,"name":"Tienda","item":"https:\/\/aflamo.shop\/tienda\/"},{"@type":"ListItem","position":3,"name":"Aflamo","item":"https:\/\/aflamo.shop\/es\/s\/aflamo\/"},{"@type":"ListItem","position":4,"name":"Aflamo Lares 80 &#8211; biochimenea de pared empotrada"}]},{"@type":"WebSite","@id":"https:\/\/aflamo.shop\/es\/#website","url":"https:\/\/aflamo.shop\/es\/","name":"aflamo.shop - distribuidor certificado de aflamo","description":"Kominki elektryczne Aflamo i Emotion Flame z funkcj\u0105 grzania","publisher":{"@id":"https:\/\/aflamo.shop\/es\/#organization"},"potentialAction":[{"@type":"SearchAction","target":{"@type":"EntryPoint","urlTemplate":"https:\/\/aflamo.shop\/es\/?s={search_term_string}"},"query-input":{"@type":"PropertyValueSpecification","valueRequired":true,"valueName":"search_term_string"}}],"inLanguage":"es"},{"@type":"Organization","@id":"https:\/\/aflamo.shop\/es\/#organization","name":"aflamo.shop - distribuidor certificado de aflamo","url":"https:\/\/aflamo.shop\/es\/","logo":{"@type":"ImageObject","inLanguage":"es","@id":"https:\/\/aflamo.shop\/es\/#\/schema\/logo\/image\/","url":"https:\/\/aflamo.shop\/wp-content\/uploads\/2019\/10\/logo2.1-1-1.svg","contentUrl":"https:\/\/aflamo.shop\/wp-content\/uploads\/2019\/10\/logo2.1-1-1.svg","caption":"aflamo.shop - distribuidor certificado de aflamo"},"image":{"@id":"https:\/\/aflamo.shop\/es\/#\/schema\/logo\/image\/"}}]}},"_links":{"self":[{"href":"https:\/\/aflamo.shop\/es\/wp-json\/wp\/v2\/product\/18605","targetHints":{"allow":["GET"]}}],"collection":[{"href":"https:\/\/aflamo.shop\/es\/wp-json\/wp\/v2\/product"}],"about":[{"href":"https:\/\/aflamo.shop\/es\/wp-json\/wp\/v2\/types\/product"}],"replies":[{"embeddable":true,"href":"https:\/\/aflamo.shop\/es\/wp-json\/wp\/v2\/comments?post=18605"}],"wp:featuredmedia":[{"embeddable":true,"href":"https:\/\/aflamo.shop\/es\/wp-json\/wp\/v2\/media\/22455"}],"wp:attachment":[{"href":"https:\/\/aflamo.shop\/es\/wp-json\/wp\/v2\/media?parent=18605"}],"wp:term":[{"taxonomy":"product_brand","embeddable":true,"href":"https:\/\/aflamo.shop\/es\/wp-json\/wp\/v2\/product_brand?post=18605"},{"taxonomy":"product_cat","embeddable":true,"href":"https:\/\/aflamo.shop\/es\/wp-json\/wp\/v2\/product_cat?post=18605"},{"taxonomy":"product_tag","embeddable":true,"href":"https:\/\/aflamo.shop\/es\/wp-json\/wp\/v2\/product_tag?post=18605"}],"curies":[{"name":"wp","href":"https:\/\/api.w.org\/{rel}","templated":true}]}}