{"id":13095,"date":"2025-02-12T15:06:39","date_gmt":"2025-02-12T15:06:39","guid":{"rendered":"https:\/\/aflamo.shop\/p\/aflamo-tower46-chimenea-electrica-led-independiente\/"},"modified":"2026-03-06T12:35:13","modified_gmt":"2026-03-06T12:35:13","slug":"aflamo-tower-stand-46-chimenea-electrica-led-independiente","status":"publish","type":"product","link":"https:\/\/aflamo.shop\/es\/p\/aflamo-tower-stand-46-chimenea-electrica-led-independiente\/","title":{"rendered":"Aflamo Tower + Stand 46 &#8211; chimenea el\u00e9ctrica LED independiente"},"content":{"rendered":"<p><iframe title=\"Reproductor de video de YouTube\" src=\"https:\/\/www.youtube.com\/embed\/Nij8-MAriBQ?si=9pY8ZR4mNM3n5jnA\" width=\"560\" height=\"315\" frameborder=\"0\" allowfullscreen=\"allowfullscreen\"><\/iframe><\/p>\n<header>\n<h2><strong>Chimenea el\u00e9ctrica independiente Tower + Stand \u2013 calor moderno y un ambiente excepcional<\/strong><\/h2>\n<p>Este conjunto crea una chimenea independiente funcional y moderna que puedes colocar en cualquier habitaci\u00f3n para disfrutar de la magia de las llamas.<\/p>\n<p><img fetchpriority=\"high\" decoding=\"async\" class=\"aligncenter\" src=\"https:\/\/aflamo.shop\/wp-content\/uploads\/2025\/02\/Tower_front_stand_no-logs490.jpg\" alt=\"Chimenea Tower\" width=\"327\" height=\"490\" \/><\/p>\n<\/header>\n<section>\n<h2>Fuego tridimensional: \u00a1siente la diferencia!<\/h2>\n<p>La chimenea el\u00e9ctrica <strong>Tower<\/strong> combina elegancia, tecnolog\u00eda moderna y un ambiente acogedor. Gracias al realista efecto de llama <strong>AFLAMO PLUS<\/strong> y al lecho de brasas incandescentes, tu sal\u00f3n brillar\u00e1 con el resplandor m\u00e1gico del fuego, <strong>sin humo, holl\u00edn ni limpieza!<\/strong><\/p>\n<p><img decoding=\"async\" class=\"aligncenter\" src=\"https:\/\/aflamo.shop\/wp-content\/uploads\/2025\/02\/unique_flame_tower.jpg\" alt=\"Llamas tridimensionales\" width=\"492\" height=\"300\" \/><\/p>\n<\/section>\n<section>\n<h2>Troncos semitransparentes: un efecto impresionante de madera incandescente<\/h2>\n<p>Sum\u00e9rgete en una atm\u00f3sfera \u00fanica con <strong>troncos semitransparentes<\/strong>, que crean la ilusi\u00f3n de madera ardiendo naturalmente. El efecto no solo es realista, sino tambi\u00e9n visualmente atractivo y acogedor.<\/p>\n<p><img decoding=\"async\" class=\"aligncenter\" src=\"https:\/\/aflamo.shop\/wp-content\/uploads\/2025\/02\/unique_logs_tower-1.jpg\" alt=\"Troncos incandescentes\" width=\"492\" height=\"300\" \/><\/p>\n<\/section>\n<section>\n<h2>Sonido de le\u00f1a crepitante: una experiencia envolvente<\/h2>\n<p>El <strong>altavoz incorporado<\/strong> emite el sonido de la le\u00f1a crepitando, creando un ambiente a\u00fan m\u00e1s aut\u00e9ntico. Perfecto para quienes buscan el <strong>m\u00e1ximo realismo<\/strong> y confort.<\/p>\n<p><img loading=\"lazy\" decoding=\"async\" class=\"aligncenter\" src=\"https:\/\/aflamo.shop\/wp-content\/uploads\/2025\/02\/unique_sound_tower.jpg\" alt=\"Sonido de fuego\" width=\"492\" height=\"300\" \/><\/p>\n<\/section>\n<section>\n<h2>Control moderno: comodidad al alcance de tu mano<\/h2>\n<p>Con la aplicaci\u00f3n m\u00f3vil (<strong>Android e iOS<\/strong>), tienes control total de la chimenea desde tu tel\u00e9fono. Tambi\u00e9n puedes manejarla <strong>por voz<\/strong> con <strong>Amazon Alexa<\/strong>!<\/p>\n<p><img loading=\"lazy\" decoding=\"async\" class=\"aligncenter\" src=\"https:\/\/aflamo.shop\/wp-content\/uploads\/2025\/02\/unique_app_tower.jpg\" alt=\"Control por app\" width=\"492\" height=\"300\" \/><\/p>\n<\/section>\n<section>\n<h2>Diversos tama\u00f1os: elige el que mejor se adapte<\/h2>\n<p>La chimenea <strong>Tower<\/strong> est\u00e1 disponible en varios tama\u00f1os:<\/p>\n<ul>\n<li>\u2714 46 cm<\/li>\n<li>\u2714 56 cm<\/li>\n<li>\u2714 61 cm<\/li>\n<li>\u2714 71 cm<\/li>\n<li>\u2714 76 cm<\/li>\n<\/ul>\n<p><img loading=\"lazy\" decoding=\"async\" class=\"aligncenter\" src=\"https:\/\/aflamo.shop\/wp-content\/uploads\/2025\/02\/unique_tower.jpg\" alt=\"Tama\u00f1os de chimenea\" width=\"492\" height=\"300\" \/><\/p>\n<\/section>\n<section>\n<h2>El efecto de fuego m\u00e1s realista<\/h2>\n<p>Siente el calor y la magia del fuego ajustando su apariencia a tu gusto:<\/p>\n<ul>\n<li>6 colores de llama<\/li>\n<li>5 niveles de brillo<\/li>\n<li>3 velocidades de la llama<\/li>\n<\/ul>\n<p><img loading=\"lazy\" decoding=\"async\" class=\"aligncenter\" src=\"https:\/\/aflamo.shop\/wp-content\/uploads\/2025\/02\/Tower_flame_colors.jpg\" alt=\"Colores de llama\" width=\"637\" height=\"418\" \/><\/p>\n<p>&nbsp;<\/p>\n<\/section>\n<section>\n<h2>Comodidad sin esfuerzo<\/h2>\n<ul>\n<li><strong>Mando a distancia<\/strong> \u2013 cambia los ajustes sin levantarte del sof\u00e1<\/li>\n<li><strong>Temporizador \/ apagado autom\u00e1tico<\/strong> \u2013 se apaga cuando lo necesitas<\/li>\n<li><strong>Funci\u00f3n de calefacci\u00f3n con ventilaci\u00f3n<\/strong> \u2013 calienta de forma r\u00e1pida y eficaz<\/li>\n<\/ul>\n<p>No necesitas preocuparte por la ventilaci\u00f3n, el humo o la contaminaci\u00f3n: <strong>la chimenea el\u00e9ctrica funciona sin emisiones ni residuos.<\/strong><\/p>\n<\/section>\n<section>\n<h2>Disfruta de la chimenea todo el a\u00f1o<\/h2>\n<p>Gracias a la <strong>funci\u00f3n de llama independiente<\/strong>, puedes disfrutar del efecto fuego incluso en verano, sin activar la calefacci\u00f3n.<\/p>\n<\/section>\n<section>\n<h2>Ecol\u00f3gica y segura<\/h2>\n<ul>\n<li>Sin emisiones de <strong>CO\u2082<\/strong> ni contaminaci\u00f3n \u2013 energ\u00eda limpia<\/li>\n<li>Sin holl\u00edn ni cenizas \u2013 olv\u00eddate de la suciedad<\/li>\n<li><strong>Cristal fr\u00edo al tacto<\/strong> \u2013 seguro para ni\u00f1os y mascotas<\/li>\n<li><strong>Sensor de seguridad<\/strong> \u2013 apaga la calefacci\u00f3n si detecta obstrucci\u00f3n en la salida de aire<\/li>\n<\/ul>\n<\/section>\n<section>\n<h2>Eficiente y econ\u00f3mica<\/h2>\n<ul>\n<li><strong>Tecnolog\u00eda LED<\/strong> \u2013 el costo del efecto de llama es de solo <strong>1-2 c\u00e9ntimos\/hora<\/strong><\/li>\n<li><strong>Calefacci\u00f3n eficiente<\/strong> \u2013 2 niveles de potencia y termostato (18-30\u00b0C)<\/li>\n<\/ul>\n<\/section>\n<footer>\n<h2>Chimenea Tower \u2013 \u00a1elegancia, tecnolog\u00eda y calidez en tu hogar!<\/h2>\n<p>La <strong>chimenea el\u00e9ctrica Tower<\/strong> es la soluci\u00f3n ideal para quienes valoran una <strong>atm\u00f3sfera acogedora, tecnolog\u00eda moderna y comodidad<\/strong>. Crea un ambiente \u00fanico en tu hogar, \u00a1sin complicaciones!<\/p>\n<ul><strong><\/p>\n<p><a href=\"https:\/\/aflamo.shop\/wp-content\/uploads\/2025\/02\/Tower_EN-PL-DE-IT-ES-FR-CS-SK-NL-1-skompresowany.pdf\">Manual de usuario y seguridad<\/a><\/p>\n<p><\/strong><\/ul>\n<\/footer>\n<section>\n<h2>Dibujos t\u00e9cnicos<\/h2>\n<p>Tower + Stand 46<\/p>\n<p><img loading=\"lazy\" decoding=\"async\" class=\"aligncenter\" src=\"https:\/\/aflamo.shop\/wp-content\/uploads\/2025\/02\/Tower_Stand_46.png\" alt=\"Dibujo t\u00e9cnico 46 cm\" width=\"749\" height=\"1019\" \/><\/p>\n<p>Tower + Stand 56<\/p>\n<p><img loading=\"lazy\" decoding=\"async\" class=\"aligncenter\" src=\"https:\/\/aflamo.shop\/wp-content\/uploads\/2025\/02\/Tower_Stand_56.png\" alt=\"Dibujo t\u00e9cnico 56 cm\" width=\"947\" height=\"1027\" \/><\/p>\n<p>Tower + Stand 61<\/p>\n<p><img loading=\"lazy\" decoding=\"async\" class=\"aligncenter\" src=\"https:\/\/aflamo.shop\/wp-content\/uploads\/2025\/02\/Tower_Stand_61.png\" alt=\"Dibujo t\u00e9cnico 61 cm\" width=\"1023\" height=\"1099\" \/><\/p>\n<p>Tower + Stand 71<\/p>\n<p><img loading=\"lazy\" decoding=\"async\" class=\"aligncenter\" src=\"https:\/\/aflamo.shop\/wp-content\/uploads\/2025\/02\/Tower_Stand_76.png\" alt=\"Dibujo t\u00e9cnico 71 cm\" width=\"1075\" height=\"1149\" \/><\/p>\n<p>Tower + Stand 76<\/p>\n<\/section>\n","protected":false},"excerpt":{"rendered":"<p>Fabricante: Aflamo<\/p>\n<p>GETIN: 5908283563258<\/p>\n<p>Chimenea el\u00e9ctrica LED independiente<\/p>\n<p><a href=\"https:\/\/aflamo.shop\/es\/p\/aflamo-tower-46-chimenea-electrica-led-independiente\/\">Ver: Tower<\/a><\/p>\n<p><b>Modelo:<\/b><\/p>\n<ul>\n<li><a href=\"https:\/\/aflamo.shop\/es\/p\/aflamo-tower-stand-46-chimenea-electrica-led-independiente\/\">46<\/a><\/li>\n<li><a href=\"https:\/\/aflamo.shop\/es\/p\/aflamo-tower-stand-56-chimenea-electrica-led-independiente\/\">56<\/a><\/li>\n<li><a href=\"https:\/\/aflamo.shop\/es\/p\/aflamo-tower-stand-61-chimenea-electrica-led-independiente\/\">61<\/a><\/li>\n<li><a href=\"https:\/\/aflamo.shop\/es\/p\/aflamo-tower-stand-71-chimenea-electrica-led-independiente\/\">71<\/a><\/li>\n<li><a href=\"https:\/\/aflamo.shop\/es\/p\/aflamo-tower-stand-76-chimenea-electrica-led-independiente\/\">76<\/a><\/li>\n<\/ul>\n<p><b>Dimensiones:<\/b>46x92x31 cm<\/p>\n","protected":false},"featured_media":22388,"comment_status":"open","ping_status":"closed","template":"","meta":[],"product_brand":[],"product_cat":[678,190,687,689,195],"product_tag":[],"class_list":{"0":"post-13095","1":"product","2":"type-product","3":"status-publish","4":"has-post-thumbnail","6":"product_cat-aflamo","7":"product_cat-chimeneas-electricas","8":"product_cat-chimeneas-electricas-con-aplicacion-movil","9":"product_cat-chimeneas-electricas-con-sonido","10":"product_cat-chimeneas-led-portatiles","12":"first","13":"instock","14":"shipping-taxable","15":"purchasable","16":"product-type-simple"},"yoast_head":"<!-- This site is optimized with the Yoast SEO plugin v27.1.1 - https:\/\/yoast.com\/product\/yoast-seo-wordpress\/ -->\n<title>Aflamo Tower + Stand 46 - chimenea el\u00e9ctrica LED independiente - aflamo.shop - distribuidor certificado de aflamo<\/title>\n<meta name=\"description\" content=\"Chimenea el\u00e9ctrica de Tower: \u00a1elegancia, tecnolog\u00eda y comodidad en tu hogar! \u00a1Crea una atm\u00f3sfera \u00fanica en tu hogar, sin concesiones!\" \/>\n<meta name=\"robots\" content=\"index, follow, max-snippet:-1, max-image-preview:large, max-video-preview:-1\" \/>\n<link rel=\"canonical\" href=\"https:\/\/aflamo.shop\/es\/p\/aflamo-tower-stand-46-chimenea-electrica-led-independiente\/\" \/>\n<meta property=\"og:locale\" content=\"es_ES\" \/>\n<meta property=\"og:type\" content=\"article\" \/>\n<meta property=\"og:title\" content=\"Aflamo Tower + Stand 46 - chimenea el\u00e9ctrica LED independiente - aflamo.shop - distribuidor certificado de aflamo\" \/>\n<meta property=\"og:description\" content=\"Chimenea el\u00e9ctrica de Tower: \u00a1elegancia, tecnolog\u00eda y comodidad en tu hogar! \u00a1Crea una atm\u00f3sfera \u00fanica en tu hogar, sin concesiones!\" \/>\n<meta property=\"og:url\" content=\"https:\/\/aflamo.shop\/es\/p\/aflamo-tower-stand-46-chimenea-electrica-led-independiente\/\" \/>\n<meta property=\"og:site_name\" content=\"aflamo.shop - distribuidor certificado de aflamo\" \/>\n<meta property=\"article:modified_time\" content=\"2026-03-06T12:35:13+00:00\" \/>\n<meta property=\"og:image\" content=\"https:\/\/aflamo.shop\/wp-content\/uploads\/2025\/02\/Projekt-bez-nazwy68.png\" \/>\n\t<meta property=\"og:image:width\" content=\"2048\" \/>\n\t<meta property=\"og:image:height\" content=\"2048\" \/>\n\t<meta property=\"og:image:type\" content=\"image\/png\" \/>\n<meta name=\"twitter:card\" content=\"summary_large_image\" \/>\n<meta name=\"twitter:label1\" content=\"Tiempo de lectura\" \/>\n\t<meta name=\"twitter:data1\" content=\"6 minutos\" \/>\n<script type=\"application\/ld+json\" class=\"yoast-schema-graph\">{\"@context\":\"https:\/\/schema.org\",\"@graph\":[{\"@type\":\"WebPage\",\"@id\":\"https:\/\/aflamo.shop\/es\/p\/aflamo-tower-stand-46-chimenea-electrica-led-independiente\/\",\"url\":\"https:\/\/aflamo.shop\/es\/p\/aflamo-tower-stand-46-chimenea-electrica-led-independiente\/\",\"name\":\"Aflamo Tower + Stand 46 - chimenea el\u00e9ctrica LED independiente - aflamo.shop - distribuidor certificado de aflamo\",\"isPartOf\":{\"@id\":\"https:\/\/aflamo.shop\/es\/#website\"},\"primaryImageOfPage\":{\"@id\":\"https:\/\/aflamo.shop\/es\/p\/aflamo-tower-stand-46-chimenea-electrica-led-independiente\/#primaryimage\"},\"image\":{\"@id\":\"https:\/\/aflamo.shop\/es\/p\/aflamo-tower-stand-46-chimenea-electrica-led-independiente\/#primaryimage\"},\"thumbnailUrl\":\"https:\/\/aflamo.shop\/wp-content\/uploads\/2025\/02\/Projekt-bez-nazwy68.png\",\"datePublished\":\"2025-02-12T15:06:39+00:00\",\"dateModified\":\"2026-03-06T12:35:13+00:00\",\"description\":\"Chimenea el\u00e9ctrica de Tower: \u00a1elegancia, tecnolog\u00eda y comodidad en tu hogar! \u00a1Crea una atm\u00f3sfera \u00fanica en tu hogar, sin concesiones!\",\"breadcrumb\":{\"@id\":\"https:\/\/aflamo.shop\/es\/p\/aflamo-tower-stand-46-chimenea-electrica-led-independiente\/#breadcrumb\"},\"inLanguage\":\"es\",\"potentialAction\":[{\"@type\":\"ReadAction\",\"target\":[\"https:\/\/aflamo.shop\/es\/p\/aflamo-tower-stand-46-chimenea-electrica-led-independiente\/\"]}]},{\"@type\":\"ImageObject\",\"inLanguage\":\"es\",\"@id\":\"https:\/\/aflamo.shop\/es\/p\/aflamo-tower-stand-46-chimenea-electrica-led-independiente\/#primaryimage\",\"url\":\"https:\/\/aflamo.shop\/wp-content\/uploads\/2025\/02\/Projekt-bez-nazwy68.png\",\"contentUrl\":\"https:\/\/aflamo.shop\/wp-content\/uploads\/2025\/02\/Projekt-bez-nazwy68.png\",\"width\":2048,\"height\":2048},{\"@type\":\"BreadcrumbList\",\"@id\":\"https:\/\/aflamo.shop\/es\/p\/aflamo-tower-stand-46-chimenea-electrica-led-independiente\/#breadcrumb\",\"itemListElement\":[{\"@type\":\"ListItem\",\"position\":1,\"name\":\"P\u00e1gina principal\",\"item\":\"https:\/\/aflamo.shop\/es\/\"},{\"@type\":\"ListItem\",\"position\":2,\"name\":\"Tienda\",\"item\":\"https:\/\/aflamo.shop\/tienda\/\"},{\"@type\":\"ListItem\",\"position\":3,\"name\":\"Aflamo\",\"item\":\"https:\/\/aflamo.shop\/es\/s\/aflamo\/\"},{\"@type\":\"ListItem\",\"position\":4,\"name\":\"Aflamo Tower + Stand 46 &#8211; chimenea el\u00e9ctrica LED independiente\"}]},{\"@type\":\"WebSite\",\"@id\":\"https:\/\/aflamo.shop\/es\/#website\",\"url\":\"https:\/\/aflamo.shop\/es\/\",\"name\":\"aflamo.shop - distribuidor certificado de aflamo\",\"description\":\"Kominki elektryczne Aflamo i Emotion Flame z funkcj\u0105 grzania\",\"publisher\":{\"@id\":\"https:\/\/aflamo.shop\/es\/#organization\"},\"potentialAction\":[{\"@type\":\"SearchAction\",\"target\":{\"@type\":\"EntryPoint\",\"urlTemplate\":\"https:\/\/aflamo.shop\/es\/?s={search_term_string}\"},\"query-input\":{\"@type\":\"PropertyValueSpecification\",\"valueRequired\":true,\"valueName\":\"search_term_string\"}}],\"inLanguage\":\"es\"},{\"@type\":\"Organization\",\"@id\":\"https:\/\/aflamo.shop\/es\/#organization\",\"name\":\"aflamo.shop - distribuidor certificado de aflamo\",\"url\":\"https:\/\/aflamo.shop\/es\/\",\"logo\":{\"@type\":\"ImageObject\",\"inLanguage\":\"es\",\"@id\":\"https:\/\/aflamo.shop\/es\/#\/schema\/logo\/image\/\",\"url\":\"https:\/\/aflamo.shop\/wp-content\/uploads\/2019\/10\/logo2.1-1-1.svg\",\"contentUrl\":\"https:\/\/aflamo.shop\/wp-content\/uploads\/2019\/10\/logo2.1-1-1.svg\",\"caption\":\"aflamo.shop - distribuidor certificado de aflamo\"},\"image\":{\"@id\":\"https:\/\/aflamo.shop\/es\/#\/schema\/logo\/image\/\"}}]}<\/script>\n<!-- \/ Yoast SEO plugin. -->","yoast_head_json":{"title":"Aflamo Tower + Stand 46 - chimenea el\u00e9ctrica LED independiente - aflamo.shop - distribuidor certificado de aflamo","description":"Chimenea el\u00e9ctrica de Tower: \u00a1elegancia, tecnolog\u00eda y comodidad en tu hogar! \u00a1Crea una atm\u00f3sfera \u00fanica en tu hogar, sin concesiones!","robots":{"index":"index","follow":"follow","max-snippet":"max-snippet:-1","max-image-preview":"max-image-preview:large","max-video-preview":"max-video-preview:-1"},"canonical":"https:\/\/aflamo.shop\/es\/p\/aflamo-tower-stand-46-chimenea-electrica-led-independiente\/","og_locale":"es_ES","og_type":"article","og_title":"Aflamo Tower + Stand 46 - chimenea el\u00e9ctrica LED independiente - aflamo.shop - distribuidor certificado de aflamo","og_description":"Chimenea el\u00e9ctrica de Tower: \u00a1elegancia, tecnolog\u00eda y comodidad en tu hogar! \u00a1Crea una atm\u00f3sfera \u00fanica en tu hogar, sin concesiones!","og_url":"https:\/\/aflamo.shop\/es\/p\/aflamo-tower-stand-46-chimenea-electrica-led-independiente\/","og_site_name":"aflamo.shop - distribuidor certificado de aflamo","article_modified_time":"2026-03-06T12:35:13+00:00","og_image":[{"width":2048,"height":2048,"url":"https:\/\/aflamo.shop\/wp-content\/uploads\/2025\/02\/Projekt-bez-nazwy68.png","type":"image\/png"}],"twitter_card":"summary_large_image","twitter_misc":{"Tiempo de lectura":"6 minutos"},"schema":{"@context":"https:\/\/schema.org","@graph":[{"@type":"WebPage","@id":"https:\/\/aflamo.shop\/es\/p\/aflamo-tower-stand-46-chimenea-electrica-led-independiente\/","url":"https:\/\/aflamo.shop\/es\/p\/aflamo-tower-stand-46-chimenea-electrica-led-independiente\/","name":"Aflamo Tower + Stand 46 - chimenea el\u00e9ctrica LED independiente - aflamo.shop - distribuidor certificado de aflamo","isPartOf":{"@id":"https:\/\/aflamo.shop\/es\/#website"},"primaryImageOfPage":{"@id":"https:\/\/aflamo.shop\/es\/p\/aflamo-tower-stand-46-chimenea-electrica-led-independiente\/#primaryimage"},"image":{"@id":"https:\/\/aflamo.shop\/es\/p\/aflamo-tower-stand-46-chimenea-electrica-led-independiente\/#primaryimage"},"thumbnailUrl":"https:\/\/aflamo.shop\/wp-content\/uploads\/2025\/02\/Projekt-bez-nazwy68.png","datePublished":"2025-02-12T15:06:39+00:00","dateModified":"2026-03-06T12:35:13+00:00","description":"Chimenea el\u00e9ctrica de Tower: \u00a1elegancia, tecnolog\u00eda y comodidad en tu hogar! \u00a1Crea una atm\u00f3sfera \u00fanica en tu hogar, sin concesiones!","breadcrumb":{"@id":"https:\/\/aflamo.shop\/es\/p\/aflamo-tower-stand-46-chimenea-electrica-led-independiente\/#breadcrumb"},"inLanguage":"es","potentialAction":[{"@type":"ReadAction","target":["https:\/\/aflamo.shop\/es\/p\/aflamo-tower-stand-46-chimenea-electrica-led-independiente\/"]}]},{"@type":"ImageObject","inLanguage":"es","@id":"https:\/\/aflamo.shop\/es\/p\/aflamo-tower-stand-46-chimenea-electrica-led-independiente\/#primaryimage","url":"https:\/\/aflamo.shop\/wp-content\/uploads\/2025\/02\/Projekt-bez-nazwy68.png","contentUrl":"https:\/\/aflamo.shop\/wp-content\/uploads\/2025\/02\/Projekt-bez-nazwy68.png","width":2048,"height":2048},{"@type":"BreadcrumbList","@id":"https:\/\/aflamo.shop\/es\/p\/aflamo-tower-stand-46-chimenea-electrica-led-independiente\/#breadcrumb","itemListElement":[{"@type":"ListItem","position":1,"name":"P\u00e1gina principal","item":"https:\/\/aflamo.shop\/es\/"},{"@type":"ListItem","position":2,"name":"Tienda","item":"https:\/\/aflamo.shop\/tienda\/"},{"@type":"ListItem","position":3,"name":"Aflamo","item":"https:\/\/aflamo.shop\/es\/s\/aflamo\/"},{"@type":"ListItem","position":4,"name":"Aflamo Tower + Stand 46 &#8211; chimenea el\u00e9ctrica LED independiente"}]},{"@type":"WebSite","@id":"https:\/\/aflamo.shop\/es\/#website","url":"https:\/\/aflamo.shop\/es\/","name":"aflamo.shop - distribuidor certificado de aflamo","description":"Kominki elektryczne Aflamo i Emotion Flame z funkcj\u0105 grzania","publisher":{"@id":"https:\/\/aflamo.shop\/es\/#organization"},"potentialAction":[{"@type":"SearchAction","target":{"@type":"EntryPoint","urlTemplate":"https:\/\/aflamo.shop\/es\/?s={search_term_string}"},"query-input":{"@type":"PropertyValueSpecification","valueRequired":true,"valueName":"search_term_string"}}],"inLanguage":"es"},{"@type":"Organization","@id":"https:\/\/aflamo.shop\/es\/#organization","name":"aflamo.shop - distribuidor certificado de aflamo","url":"https:\/\/aflamo.shop\/es\/","logo":{"@type":"ImageObject","inLanguage":"es","@id":"https:\/\/aflamo.shop\/es\/#\/schema\/logo\/image\/","url":"https:\/\/aflamo.shop\/wp-content\/uploads\/2019\/10\/logo2.1-1-1.svg","contentUrl":"https:\/\/aflamo.shop\/wp-content\/uploads\/2019\/10\/logo2.1-1-1.svg","caption":"aflamo.shop - distribuidor certificado de aflamo"},"image":{"@id":"https:\/\/aflamo.shop\/es\/#\/schema\/logo\/image\/"}}]}},"_links":{"self":[{"href":"https:\/\/aflamo.shop\/es\/wp-json\/wp\/v2\/product\/13095","targetHints":{"allow":["GET"]}}],"collection":[{"href":"https:\/\/aflamo.shop\/es\/wp-json\/wp\/v2\/product"}],"about":[{"href":"https:\/\/aflamo.shop\/es\/wp-json\/wp\/v2\/types\/product"}],"replies":[{"embeddable":true,"href":"https:\/\/aflamo.shop\/es\/wp-json\/wp\/v2\/comments?post=13095"}],"wp:featuredmedia":[{"embeddable":true,"href":"https:\/\/aflamo.shop\/es\/wp-json\/wp\/v2\/media\/22388"}],"wp:attachment":[{"href":"https:\/\/aflamo.shop\/es\/wp-json\/wp\/v2\/media?parent=13095"}],"wp:term":[{"taxonomy":"product_brand","embeddable":true,"href":"https:\/\/aflamo.shop\/es\/wp-json\/wp\/v2\/product_brand?post=13095"},{"taxonomy":"product_cat","embeddable":true,"href":"https:\/\/aflamo.shop\/es\/wp-json\/wp\/v2\/product_cat?post=13095"},{"taxonomy":"product_tag","embeddable":true,"href":"https:\/\/aflamo.shop\/es\/wp-json\/wp\/v2\/product_tag?post=13095"}],"curies":[{"name":"wp","href":"https:\/\/api.w.org\/{rel}","templated":true}]}}