{"id":11835,"date":"2024-12-03T08:36:36","date_gmt":"2024-12-03T08:36:36","guid":{"rendered":"https:\/\/aflamo.shop\/?post_type=product&#038;p=11835"},"modified":"2026-03-06T13:14:15","modified_gmt":"2026-03-06T13:14:15","slug":"aflamo-royal-3d-180-chimenea-electrica-led-empotrada","status":"publish","type":"product","link":"https:\/\/aflamo.shop\/es\/p\/aflamo-royal-3d-180-chimenea-electrica-led-empotrada\/","title":{"rendered":"Aflamo Royal 3D 180 &#8211; chimenea el\u00e9ctrica LED empotrada"},"content":{"rendered":"<p><iframe title=\"Reproductor de video de YouTube\" src=\"https:\/\/www.youtube.com\/embed\/GsNIRhA3ecI?si=7zd_qsR3LD0dUTSy\" width=\"560\" height=\"315\" frameborder=\"0\" allowfullscreen=\"allowfullscreen\"><span data-mce-type=\"bookmark\" style=\"display: inline-block; width: 0px; overflow: hidden; line-height: 0;\" class=\"mce_SELRES_start\">\ufeff<\/span><span data-mce-type=\"bookmark\" style=\"display: inline-block; width: 0px; overflow: hidden; line-height: 0;\" class=\"mce_SELRES_start\">\ufeff<\/span><\/iframe><\/p>\n<div class=\"row drow unique\">\n<div class=\"col-xs-12 col-sm-6\">\n<h3><strong>Calidad tridimensional de la llama: siente la diferencia<\/strong><\/h3>\n<p>Descubre el <strong>Royal 3D<\/strong>, una elegante chimenea que lleva la magia de una aut\u00e9ntica hoguera a tu hogar. Gracias a la tecnolog\u00eda <strong>AFLAMO PLUS<\/strong>, el efecto realista de las llamas tridimensionales y el lecho incandescente brindan un brillo inigualable y calidez que crean la atm\u00f3sfera perfecta para relajarte.<\/p>\n<ul>\n<li style=\"list-style-type: none;\">\n<ul>\n<li><strong>3 colores de llama<\/strong> \u2013 adapta a tu estado de \u00e1nimo.<\/li>\n<li><strong>13 colores de iluminaci\u00f3n del lecho de brasas<\/strong> \u2013 para un ambiente \u00fanico.<\/li>\n<\/ul>\n<\/li>\n<\/ul>\n<p><img fetchpriority=\"high\" decoding=\"async\" class=\"aligncenter wp-image-11547 size-full\" src=\"https:\/\/aflamo.shop\/wp-content\/uploads\/2024\/11\/unique_flame_superb-3d-\u2014-kopia.jpg\" alt=\"Efecto de llama Superb 3D\" width=\"492\" height=\"300\" srcset=\"https:\/\/aflamo.shop\/wp-content\/uploads\/2024\/11\/unique_flame_superb-3d-\u2014-kopia.jpg 492w, https:\/\/aflamo.shop\/wp-content\/uploads\/2024\/11\/unique_flame_superb-3d-\u2014-kopia-300x183.jpg 300w\" sizes=\"(max-width: 492px) 100vw, 492px\" \/><\/p>\n<h4><strong>Hogar impresionante \u2013 troncos semitransparentes<\/strong><\/h4>\n<p>La chimenea <strong>Royal<\/strong> <strong>3D<\/strong> incluye troncos semitransparentes que parecen madera ardiendo, a\u00f1adiendo un toque a\u00fan m\u00e1s realista.<\/p>\n<ul>\n<li>El acabado natural asegura que la chimenea se integre perfectamente en cualquier estilo de decoraci\u00f3n, desde el cl\u00e1sico hasta el moderno.<\/li>\n<li>No es solo un dispositivo de calefacci\u00f3n, sino tambi\u00e9n una decoraci\u00f3n impresionante que sorprender\u00e1 a tus invitados.<\/li>\n<\/ul>\n<p><img decoding=\"async\" class=\"aligncenter wp-image-11550 size-full\" src=\"https:\/\/aflamo.shop\/wp-content\/uploads\/2024\/11\/unique_logs_royal-pro-\u2014-kopia.jpg\" alt=\"Hogar Superb 3D\" width=\"492\" height=\"300\" srcset=\"https:\/\/aflamo.shop\/wp-content\/uploads\/2024\/11\/unique_logs_royal-pro-\u2014-kopia.jpg 492w, https:\/\/aflamo.shop\/wp-content\/uploads\/2024\/11\/unique_logs_royal-pro-\u2014-kopia-300x183.jpg 300w\" sizes=\"(max-width: 492px) 100vw, 492px\" \/><\/p>\n<h4><strong>Experiencia realista: sonido de madera crepitante<\/strong><\/h4>\n<p>La atm\u00f3sfera \u00fanica de la chimenea se ve reforzada por los <strong>aut\u00e9nticos sonidos de madera crepitante<\/strong> emitidos por el altavoz integrado.<\/p>\n<ul>\n<li>Crea un ambiente acogedor, ideal para noches con un libro, una pel\u00edcula o en compa\u00f1\u00eda de tus seres queridos.<\/li>\n<li>La combinaci\u00f3n de sonido, luz y calor ofrece una experiencia de relajaci\u00f3n completa que no tiene comparaci\u00f3n.<\/li>\n<\/ul>\n<p><img decoding=\"async\" class=\"aligncenter wp-image-11819 size-full\" src=\"https:\/\/aflamo.shop\/wp-content\/uploads\/2024\/12\/unique_sound_royal-3d.jpg\" alt=\"\" width=\"492\" height=\"300\" srcset=\"https:\/\/aflamo.shop\/wp-content\/uploads\/2024\/12\/unique_sound_royal-3d.jpg 492w, https:\/\/aflamo.shop\/wp-content\/uploads\/2024\/12\/unique_sound_royal-3d-300x183.jpg 300w\" sizes=\"(max-width: 492px) 100vw, 492px\" \/><\/p>\n<p>&nbsp;<\/p>\n<h4><strong>Control de la chimenea \u2013 aplicaci\u00f3n m\u00f3vil<\/strong><\/h4>\n<p>\u00a1Todas las funciones de la chimenea est\u00e1n disponibles en tu smartphone!<\/p>\n<ul>\n<li>Modifica la configuraci\u00f3n de la llama, el brillo, los colores y la calefacci\u00f3n desde la aplicaci\u00f3n para Android e iOS.<\/li>\n<li><strong>Comandos de voz<\/strong> con el asistente de Amazon Alexa para una operaci\u00f3n a\u00fan m\u00e1s f\u00e1cil.<\/li>\n<li>Es una soluci\u00f3n moderna que combina estilo y funcionalidad.<\/li>\n<\/ul>\n<p><img loading=\"lazy\" decoding=\"async\" class=\"aligncenter wp-image-11807 size-full\" src=\"https:\/\/aflamo.shop\/wp-content\/uploads\/2024\/12\/unique_app_royal-3d.jpg\" alt=\"\" width=\"492\" height=\"300\" srcset=\"https:\/\/aflamo.shop\/wp-content\/uploads\/2024\/12\/unique_app_royal-3d.jpg 492w, https:\/\/aflamo.shop\/wp-content\/uploads\/2024\/12\/unique_app_royal-3d-300x183.jpg 300w\" sizes=\"(max-width: 492px) 100vw, 492px\" \/><\/p>\n<p>&nbsp;<\/p>\n<h4><strong>Diversas opciones \u2013 adapta la chimenea a tus necesidades<\/strong><\/h4>\n<p><strong>Royal\u00a0 3D<\/strong> est\u00e1 disponible en varios tama\u00f1os: <strong>100, 120, 140, 160, 180 cm<\/strong>, lo que garantiza que se ajuste perfectamente a cualquier espacio.<\/p>\n<p><img loading=\"lazy\" decoding=\"async\" class=\"aligncenter wp-image-11816 size-full\" src=\"https:\/\/aflamo.shop\/wp-content\/uploads\/2024\/12\/unique_royal-3d.jpg\" alt=\"\" width=\"492\" height=\"300\" srcset=\"https:\/\/aflamo.shop\/wp-content\/uploads\/2024\/12\/unique_royal-3d.jpg 492w, https:\/\/aflamo.shop\/wp-content\/uploads\/2024\/12\/unique_royal-3d-300x183.jpg 300w\" sizes=\"(max-width: 492px) 100vw, 492px\" \/><\/p>\n<p>&nbsp;<\/p>\n<h4><strong>F\u00e1cil instalaci\u00f3n y manejo \u2013 simplicidad en el d\u00eda a d\u00eda<\/strong><\/h4>\n<p>La instalaci\u00f3n de la chimenea <strong>Royal\u00a03D<\/strong> se realiza en unos pocos pasos:<\/p>\n<ol>\n<li>Prepara el lugar.<\/li>\n<li>Instala la chimenea.<\/li>\n<li>Enciende el dispositivo y disfruta de la hermosa vista de las llamas.<\/li>\n<\/ol>\n<p>Adem\u00e1s, la chimenea no requiere mantenimiento. No necesitas cortar madera, limpiar cenizas ni preocuparte por conductos de ventilaci\u00f3n: es la soluci\u00f3n ideal para hogares modernos.<\/p>\n<p><img loading=\"lazy\" decoding=\"async\" class=\"aligncenter wp-image-11780 size-full\" src=\"https:\/\/aflamo.shop\/wp-content\/uploads\/2024\/12\/Royal-3D_room-shot.jpg\" alt=\"\" width=\"2048\" height=\"1152\" srcset=\"https:\/\/aflamo.shop\/wp-content\/uploads\/2024\/12\/Royal-3D_room-shot.jpg 2048w, https:\/\/aflamo.shop\/wp-content\/uploads\/2024\/12\/Royal-3D_room-shot-600x338.jpg 600w, https:\/\/aflamo.shop\/wp-content\/uploads\/2024\/12\/Royal-3D_room-shot-300x169.jpg 300w, https:\/\/aflamo.shop\/wp-content\/uploads\/2024\/12\/Royal-3D_room-shot-1024x576.jpg 1024w, https:\/\/aflamo.shop\/wp-content\/uploads\/2024\/12\/Royal-3D_room-shot-768x432.jpg 768w, https:\/\/aflamo.shop\/wp-content\/uploads\/2024\/12\/Royal-3D_room-shot-1536x864.jpg 1536w\" sizes=\"(max-width: 2048px) 100vw, 2048px\" \/><\/p>\n<p>&nbsp;<\/p>\n<h4><strong>Hogar y llama \u2013 la combinaci\u00f3n perfecta<\/strong><\/h4>\n<ul>\n<li><strong>Llama:<\/strong> 15 colores, 5 niveles de brillo y 3 velocidades de animaci\u00f3n \u2013 elige el efecto que mejor se adapte a tu estado de \u00e1nimo.<\/li>\n<\/ul>\n<p><img loading=\"lazy\" decoding=\"async\" class=\"aligncenter wp-image-11774 size-full\" src=\"https:\/\/aflamo.shop\/wp-content\/uploads\/2024\/12\/Royal-3D_flame_colors.jpg\" alt=\"\" width=\"637\" height=\"418\" srcset=\"https:\/\/aflamo.shop\/wp-content\/uploads\/2024\/12\/Royal-3D_flame_colors.jpg 637w, https:\/\/aflamo.shop\/wp-content\/uploads\/2024\/12\/Royal-3D_flame_colors-600x394.jpg 600w, https:\/\/aflamo.shop\/wp-content\/uploads\/2024\/12\/Royal-3D_flame_colors-300x197.jpg 300w\" sizes=\"(max-width: 637px) 100vw, 637px\" \/><\/p>\n<p>&nbsp;<\/p>\n<ul>\n<li><strong>Hogar:<\/strong> El conjunto incluye dos opciones: troncos para un aspecto cl\u00e1sico y cristales para una elegancia moderna.<\/li>\n<li><strong>13 colores de iluminaci\u00f3n del lecho de brasas<\/strong> y <strong>5 niveles de brillo.<\/strong><\/li>\n<\/ul>\n<p><img loading=\"lazy\" decoding=\"async\" class=\"aligncenter wp-image-10691 size-full\" src=\"https:\/\/aflamo.shop\/wp-content\/uploads\/2024\/06\/polana_krysztaly-e1603875138523.png\" alt=\"Hogar Superb 3D\" width=\"413\" height=\"297\" srcset=\"https:\/\/aflamo.shop\/wp-content\/uploads\/2024\/06\/polana_krysztaly-e1603875138523.png 413w, https:\/\/aflamo.shop\/wp-content\/uploads\/2024\/06\/polana_krysztaly-e1603875138523-300x216.png 300w\" sizes=\"(max-width: 413px) 100vw, 413px\" \/><\/p>\n<h4><strong>\u00a1\u00dasala durante todo el a\u00f1o!<\/strong><\/h4>\n<p>La llama funciona de manera independiente de la funci\u00f3n de calefacci\u00f3n, lo que te permite disfrutar de la vista de las llamas incluso en verano. Activa la calefacci\u00f3n solo cuando sea necesario: es la soluci\u00f3n ideal para cualquier estaci\u00f3n del a\u00f1o.<\/p>\n<h4><strong>Salud y seguridad<\/strong><\/h4>\n<ul>\n<li>La chimenea es ecol\u00f3gica: no emite di\u00f3xido de carbono ni holl\u00edn.<\/li>\n<li>El vidrio permanece fr\u00edo \u2013 seguro para ni\u00f1os y mascotas.<\/li>\n<li>Un sensor integrado apagar\u00e1 la calefacci\u00f3n si la salida de calor est\u00e1 obstruida.<\/li>\n<\/ul>\n<h4><strong>Econ\u00f3mica y eficiente<\/strong><\/h4>\n<ul>\n<li>El costo del efecto de llama es de solo 1-2 c\u00e9ntimos por hora gracias a la tecnolog\u00eda LED.<\/li>\n<li>Dos niveles de potencia de calefacci\u00f3n y un termostato aseguran una temperatura \u00f3ptima entre 20-30\u00b0C.<\/li>\n<\/ul>\n<ul><strong><\/p>\n<p><a href=\"https:\/\/aflamo.shop\/wp-content\/uploads\/2024\/12\/Royal-3D_EN-PL-DE-IT-ES-FR-CS-SK-NL-3.pdf\">Manual de usuario y seguridad<\/a><\/p>\n<p><\/strong><\/ul>\n<h4><strong>Dibujos T\u00e9cnicos<\/strong><\/h4>\n<p><b>Royal 3D 100<\/b><\/p>\n<p><img loading=\"lazy\" decoding=\"async\" class=\"aligncenter wp-image-11756 size-full\" src=\"https:\/\/aflamo.shop\/wp-content\/uploads\/2024\/12\/Royal_3D_100-\u2014-kopia.png\" alt=\"\" width=\"889\" height=\"545\" srcset=\"https:\/\/aflamo.shop\/wp-content\/uploads\/2024\/12\/Royal_3D_100-\u2014-kopia.png 889w, https:\/\/aflamo.shop\/wp-content\/uploads\/2024\/12\/Royal_3D_100-\u2014-kopia-600x368.png 600w, https:\/\/aflamo.shop\/wp-content\/uploads\/2024\/12\/Royal_3D_100-\u2014-kopia-300x184.png 300w, https:\/\/aflamo.shop\/wp-content\/uploads\/2024\/12\/Royal_3D_100-\u2014-kopia-768x471.png 768w\" sizes=\"(max-width: 889px) 100vw, 889px\" \/><\/p>\n<p>&nbsp;<\/p>\n<p><b>Royal\u00a03D 120<\/b><\/p>\n<p><img loading=\"lazy\" decoding=\"async\" class=\"aligncenter wp-image-11764 size-full\" src=\"https:\/\/aflamo.shop\/wp-content\/uploads\/2024\/12\/Royal_3D_120.png\" alt=\"\" width=\"1006\" height=\"580\" srcset=\"https:\/\/aflamo.shop\/wp-content\/uploads\/2024\/12\/Royal_3D_120.png 1006w, https:\/\/aflamo.shop\/wp-content\/uploads\/2024\/12\/Royal_3D_120-600x346.png 600w, https:\/\/aflamo.shop\/wp-content\/uploads\/2024\/12\/Royal_3D_120-300x173.png 300w, https:\/\/aflamo.shop\/wp-content\/uploads\/2024\/12\/Royal_3D_120-768x443.png 768w\" sizes=\"(max-width: 1006px) 100vw, 1006px\" \/><\/p>\n<p>&nbsp;<\/p>\n<p><b>Royal\u00a03D 140<\/b><\/p>\n<p><img loading=\"lazy\" decoding=\"async\" class=\"aligncenter wp-image-11765 size-full\" src=\"https:\/\/aflamo.shop\/wp-content\/uploads\/2024\/12\/Royal_3D_140.png\" alt=\"\" width=\"980\" height=\"538\" srcset=\"https:\/\/aflamo.shop\/wp-content\/uploads\/2024\/12\/Royal_3D_140.png 980w, https:\/\/aflamo.shop\/wp-content\/uploads\/2024\/12\/Royal_3D_140-600x329.png 600w, https:\/\/aflamo.shop\/wp-content\/uploads\/2024\/12\/Royal_3D_140-300x165.png 300w, https:\/\/aflamo.shop\/wp-content\/uploads\/2024\/12\/Royal_3D_140-768x422.png 768w\" sizes=\"(max-width: 980px) 100vw, 980px\" \/><\/p>\n<p>&nbsp;<\/p>\n<p><b>Royal\u00a03D 160<\/b><\/p>\n<p><img loading=\"lazy\" decoding=\"async\" class=\"aligncenter wp-image-11768 size-full\" src=\"https:\/\/aflamo.shop\/wp-content\/uploads\/2024\/12\/Royal_3D_160.png\" alt=\"\" width=\"969\" height=\"485\" srcset=\"https:\/\/aflamo.shop\/wp-content\/uploads\/2024\/12\/Royal_3D_160.png 969w, https:\/\/aflamo.shop\/wp-content\/uploads\/2024\/12\/Royal_3D_160-600x300.png 600w, https:\/\/aflamo.shop\/wp-content\/uploads\/2024\/12\/Royal_3D_160-300x150.png 300w, https:\/\/aflamo.shop\/wp-content\/uploads\/2024\/12\/Royal_3D_160-768x384.png 768w\" sizes=\"(max-width: 969px) 100vw, 969px\" \/><\/p>\n<p>&nbsp;<\/p>\n<p><b>Royal\u00a03D 180<\/b><\/p>\n<p><img loading=\"lazy\" decoding=\"async\" class=\"aligncenter wp-image-11771 size-full\" src=\"https:\/\/aflamo.shop\/wp-content\/uploads\/2024\/12\/Royal_3D_180.png\" alt=\"\" width=\"967\" height=\"444\" srcset=\"https:\/\/aflamo.shop\/wp-content\/uploads\/2024\/12\/Royal_3D_180.png 967w, https:\/\/aflamo.shop\/wp-content\/uploads\/2024\/12\/Royal_3D_180-600x275.png 600w, https:\/\/aflamo.shop\/wp-content\/uploads\/2024\/12\/Royal_3D_180-300x138.png 300w, https:\/\/aflamo.shop\/wp-content\/uploads\/2024\/12\/Royal_3D_180-768x353.png 768w\" sizes=\"(max-width: 967px) 100vw, 967px\" \/><\/p>\n<p>&nbsp;<\/p>\n<\/div>\n<\/div>\n","protected":false},"excerpt":{"rendered":"<p>Productor: Aflamo<\/p>\n<p>GETIN: 5908283562909\t<\/p>\n<p>Chimenea el\u00e9ctrica empotrada<\/p>\n<p><b>Modelo:<\/b><\/p>\n<ul>\n<li><a href=\"https:\/\/aflamo.shop\/es\/p\/aflamo-royal-3d-100-chimenea-electrica-led-empotrada\/\">100<\/a><\/li>\n<li><a href=\"https:\/\/aflamo.shop\/es\/p\/aflamo-royal-3d-120-chimenea-electrica-led-empotrada\/\">120<\/a><\/li>\n<li><a href=\"https:\/\/aflamo.shop\/es\/p\/aflamo-royal-3d-140-chimenea-electrica-led-empotrada\/\">140<\/a><\/li>\n<li><a href=\"https:\/\/aflamo.shop\/es\/p\/aflamo-royal-3d-160-chimenea-electrica-led-empotrada\/\">160<\/a><\/li>\n<li><a href=\"https:\/\/aflamo.shop\/es\/p\/aflamo-royal-3d-180-chimenea-electrica-led-empotrada\/\">180<\/a><\/li>\n<\/ul>\n<p><b>Dimensiones:<\/b> 180 x 48 x 22 cm<\/p>\n","protected":false},"featured_media":11785,"comment_status":"open","ping_status":"closed","template":"","meta":[],"product_brand":[],"product_cat":[678,190,687,689,198,193,199],"product_tag":[],"class_list":{"0":"post-11835","1":"product","2":"type-product","3":"status-publish","4":"has-post-thumbnail","6":"product_cat-aflamo","7":"product_cat-chimeneas-electricas","8":"product_cat-chimeneas-electricas-con-aplicacion-movil","9":"product_cat-chimeneas-electricas-con-sonido","10":"product_cat-chimeneas-electricas-led-con-funcion-de-calefaccion","11":"product_cat-chimeneas-led-empotradas","12":"product_cat-insertos-electricos-led","14":"first","15":"instock","16":"shipping-taxable","17":"purchasable","18":"product-type-simple"},"yoast_head":"<!-- This site is optimized with the Yoast SEO plugin v27.1.1 - https:\/\/yoast.com\/product\/yoast-seo-wordpress\/ -->\n<title>Aflamo Royal 3D 180 - chimenea el\u00e9ctrica LED empotrada - aflamo.shop - distribuidor certificado de aflamo<\/title>\n<meta name=\"description\" content=\"Chimenea Royal 3D: un efecto de fuego realista en tu hogar. La tecnolog\u00eda AFLAMO PLUS, las llamas tridimensionales y el hogar resplandeciente crean una atm\u00f3sfera extraordinaria.\" \/>\n<meta name=\"robots\" content=\"index, follow, max-snippet:-1, max-image-preview:large, max-video-preview:-1\" \/>\n<link rel=\"canonical\" href=\"https:\/\/aflamo.shop\/es\/p\/aflamo-royal-3d-180-chimenea-electrica-led-empotrada\/\" \/>\n<meta property=\"og:locale\" content=\"es_ES\" \/>\n<meta property=\"og:type\" content=\"article\" \/>\n<meta property=\"og:title\" content=\"Aflamo Royal 3D 180 - chimenea el\u00e9ctrica LED empotrada - aflamo.shop - distribuidor certificado de aflamo\" \/>\n<meta property=\"og:description\" content=\"Chimenea Royal 3D: un efecto de fuego realista en tu hogar. La tecnolog\u00eda AFLAMO PLUS, las llamas tridimensionales y el hogar resplandeciente crean una atm\u00f3sfera extraordinaria.\" \/>\n<meta property=\"og:url\" content=\"https:\/\/aflamo.shop\/es\/p\/aflamo-royal-3d-180-chimenea-electrica-led-empotrada\/\" \/>\n<meta property=\"og:site_name\" content=\"aflamo.shop - distribuidor certificado de aflamo\" \/>\n<meta property=\"article:modified_time\" content=\"2026-03-06T13:14:15+00:00\" \/>\n<meta property=\"og:image\" content=\"https:\/\/aflamo.shop\/wp-content\/uploads\/2024\/12\/Royal-3D-100_front_04.jpg\" \/>\n\t<meta property=\"og:image:width\" content=\"2048\" \/>\n\t<meta property=\"og:image:height\" content=\"2048\" \/>\n\t<meta property=\"og:image:type\" content=\"image\/jpeg\" \/>\n<meta name=\"twitter:card\" content=\"summary_large_image\" \/>\n<meta name=\"twitter:label1\" content=\"Tiempo de lectura\" \/>\n\t<meta name=\"twitter:data1\" content=\"7 minutos\" \/>\n<script type=\"application\/ld+json\" class=\"yoast-schema-graph\">{\"@context\":\"https:\/\/schema.org\",\"@graph\":[{\"@type\":\"WebPage\",\"@id\":\"https:\/\/aflamo.shop\/es\/p\/aflamo-royal-3d-180-chimenea-electrica-led-empotrada\/\",\"url\":\"https:\/\/aflamo.shop\/es\/p\/aflamo-royal-3d-180-chimenea-electrica-led-empotrada\/\",\"name\":\"Aflamo Royal 3D 180 - chimenea el\u00e9ctrica LED empotrada - aflamo.shop - distribuidor certificado de aflamo\",\"isPartOf\":{\"@id\":\"https:\/\/aflamo.shop\/es\/#website\"},\"primaryImageOfPage\":{\"@id\":\"https:\/\/aflamo.shop\/es\/p\/aflamo-royal-3d-180-chimenea-electrica-led-empotrada\/#primaryimage\"},\"image\":{\"@id\":\"https:\/\/aflamo.shop\/es\/p\/aflamo-royal-3d-180-chimenea-electrica-led-empotrada\/#primaryimage\"},\"thumbnailUrl\":\"https:\/\/aflamo.shop\/wp-content\/uploads\/2024\/12\/Royal-3D-100_front_04.jpg\",\"datePublished\":\"2024-12-03T08:36:36+00:00\",\"dateModified\":\"2026-03-06T13:14:15+00:00\",\"description\":\"Chimenea Royal 3D: un efecto de fuego realista en tu hogar. La tecnolog\u00eda AFLAMO PLUS, las llamas tridimensionales y el hogar resplandeciente crean una atm\u00f3sfera extraordinaria.\",\"breadcrumb\":{\"@id\":\"https:\/\/aflamo.shop\/es\/p\/aflamo-royal-3d-180-chimenea-electrica-led-empotrada\/#breadcrumb\"},\"inLanguage\":\"es\",\"potentialAction\":[{\"@type\":\"ReadAction\",\"target\":[\"https:\/\/aflamo.shop\/es\/p\/aflamo-royal-3d-180-chimenea-electrica-led-empotrada\/\"]}]},{\"@type\":\"ImageObject\",\"inLanguage\":\"es\",\"@id\":\"https:\/\/aflamo.shop\/es\/p\/aflamo-royal-3d-180-chimenea-electrica-led-empotrada\/#primaryimage\",\"url\":\"https:\/\/aflamo.shop\/wp-content\/uploads\/2024\/12\/Royal-3D-100_front_04.jpg\",\"contentUrl\":\"https:\/\/aflamo.shop\/wp-content\/uploads\/2024\/12\/Royal-3D-100_front_04.jpg\",\"width\":2048,\"height\":2048},{\"@type\":\"BreadcrumbList\",\"@id\":\"https:\/\/aflamo.shop\/es\/p\/aflamo-royal-3d-180-chimenea-electrica-led-empotrada\/#breadcrumb\",\"itemListElement\":[{\"@type\":\"ListItem\",\"position\":1,\"name\":\"P\u00e1gina principal\",\"item\":\"https:\/\/aflamo.shop\/es\/\"},{\"@type\":\"ListItem\",\"position\":2,\"name\":\"Tienda\",\"item\":\"https:\/\/aflamo.shop\/tienda\/\"},{\"@type\":\"ListItem\",\"position\":3,\"name\":\"Chimeneas el\u00e9ctricas\",\"item\":\"https:\/\/aflamo.shop\/es\/s\/chimeneas-electricas\/\"},{\"@type\":\"ListItem\",\"position\":4,\"name\":\"Aflamo Royal 3D 180 &#8211; chimenea el\u00e9ctrica LED empotrada\"}]},{\"@type\":\"WebSite\",\"@id\":\"https:\/\/aflamo.shop\/es\/#website\",\"url\":\"https:\/\/aflamo.shop\/es\/\",\"name\":\"aflamo.shop - distribuidor certificado de aflamo\",\"description\":\"Kominki elektryczne Aflamo i Emotion Flame z funkcj\u0105 grzania\",\"publisher\":{\"@id\":\"https:\/\/aflamo.shop\/es\/#organization\"},\"potentialAction\":[{\"@type\":\"SearchAction\",\"target\":{\"@type\":\"EntryPoint\",\"urlTemplate\":\"https:\/\/aflamo.shop\/es\/?s={search_term_string}\"},\"query-input\":{\"@type\":\"PropertyValueSpecification\",\"valueRequired\":true,\"valueName\":\"search_term_string\"}}],\"inLanguage\":\"es\"},{\"@type\":\"Organization\",\"@id\":\"https:\/\/aflamo.shop\/es\/#organization\",\"name\":\"aflamo.shop - distribuidor certificado de aflamo\",\"url\":\"https:\/\/aflamo.shop\/es\/\",\"logo\":{\"@type\":\"ImageObject\",\"inLanguage\":\"es\",\"@id\":\"https:\/\/aflamo.shop\/es\/#\/schema\/logo\/image\/\",\"url\":\"https:\/\/aflamo.shop\/wp-content\/uploads\/2019\/10\/logo2.1-1-1.svg\",\"contentUrl\":\"https:\/\/aflamo.shop\/wp-content\/uploads\/2019\/10\/logo2.1-1-1.svg\",\"caption\":\"aflamo.shop - distribuidor certificado de aflamo\"},\"image\":{\"@id\":\"https:\/\/aflamo.shop\/es\/#\/schema\/logo\/image\/\"}}]}<\/script>\n<!-- \/ Yoast SEO plugin. -->","yoast_head_json":{"title":"Aflamo Royal 3D 180 - chimenea el\u00e9ctrica LED empotrada - aflamo.shop - distribuidor certificado de aflamo","description":"Chimenea Royal 3D: un efecto de fuego realista en tu hogar. La tecnolog\u00eda AFLAMO PLUS, las llamas tridimensionales y el hogar resplandeciente crean una atm\u00f3sfera extraordinaria.","robots":{"index":"index","follow":"follow","max-snippet":"max-snippet:-1","max-image-preview":"max-image-preview:large","max-video-preview":"max-video-preview:-1"},"canonical":"https:\/\/aflamo.shop\/es\/p\/aflamo-royal-3d-180-chimenea-electrica-led-empotrada\/","og_locale":"es_ES","og_type":"article","og_title":"Aflamo Royal 3D 180 - chimenea el\u00e9ctrica LED empotrada - aflamo.shop - distribuidor certificado de aflamo","og_description":"Chimenea Royal 3D: un efecto de fuego realista en tu hogar. La tecnolog\u00eda AFLAMO PLUS, las llamas tridimensionales y el hogar resplandeciente crean una atm\u00f3sfera extraordinaria.","og_url":"https:\/\/aflamo.shop\/es\/p\/aflamo-royal-3d-180-chimenea-electrica-led-empotrada\/","og_site_name":"aflamo.shop - distribuidor certificado de aflamo","article_modified_time":"2026-03-06T13:14:15+00:00","og_image":[{"width":2048,"height":2048,"url":"https:\/\/aflamo.shop\/wp-content\/uploads\/2024\/12\/Royal-3D-100_front_04.jpg","type":"image\/jpeg"}],"twitter_card":"summary_large_image","twitter_misc":{"Tiempo de lectura":"7 minutos"},"schema":{"@context":"https:\/\/schema.org","@graph":[{"@type":"WebPage","@id":"https:\/\/aflamo.shop\/es\/p\/aflamo-royal-3d-180-chimenea-electrica-led-empotrada\/","url":"https:\/\/aflamo.shop\/es\/p\/aflamo-royal-3d-180-chimenea-electrica-led-empotrada\/","name":"Aflamo Royal 3D 180 - chimenea el\u00e9ctrica LED empotrada - aflamo.shop - distribuidor certificado de aflamo","isPartOf":{"@id":"https:\/\/aflamo.shop\/es\/#website"},"primaryImageOfPage":{"@id":"https:\/\/aflamo.shop\/es\/p\/aflamo-royal-3d-180-chimenea-electrica-led-empotrada\/#primaryimage"},"image":{"@id":"https:\/\/aflamo.shop\/es\/p\/aflamo-royal-3d-180-chimenea-electrica-led-empotrada\/#primaryimage"},"thumbnailUrl":"https:\/\/aflamo.shop\/wp-content\/uploads\/2024\/12\/Royal-3D-100_front_04.jpg","datePublished":"2024-12-03T08:36:36+00:00","dateModified":"2026-03-06T13:14:15+00:00","description":"Chimenea Royal 3D: un efecto de fuego realista en tu hogar. La tecnolog\u00eda AFLAMO PLUS, las llamas tridimensionales y el hogar resplandeciente crean una atm\u00f3sfera extraordinaria.","breadcrumb":{"@id":"https:\/\/aflamo.shop\/es\/p\/aflamo-royal-3d-180-chimenea-electrica-led-empotrada\/#breadcrumb"},"inLanguage":"es","potentialAction":[{"@type":"ReadAction","target":["https:\/\/aflamo.shop\/es\/p\/aflamo-royal-3d-180-chimenea-electrica-led-empotrada\/"]}]},{"@type":"ImageObject","inLanguage":"es","@id":"https:\/\/aflamo.shop\/es\/p\/aflamo-royal-3d-180-chimenea-electrica-led-empotrada\/#primaryimage","url":"https:\/\/aflamo.shop\/wp-content\/uploads\/2024\/12\/Royal-3D-100_front_04.jpg","contentUrl":"https:\/\/aflamo.shop\/wp-content\/uploads\/2024\/12\/Royal-3D-100_front_04.jpg","width":2048,"height":2048},{"@type":"BreadcrumbList","@id":"https:\/\/aflamo.shop\/es\/p\/aflamo-royal-3d-180-chimenea-electrica-led-empotrada\/#breadcrumb","itemListElement":[{"@type":"ListItem","position":1,"name":"P\u00e1gina principal","item":"https:\/\/aflamo.shop\/es\/"},{"@type":"ListItem","position":2,"name":"Tienda","item":"https:\/\/aflamo.shop\/tienda\/"},{"@type":"ListItem","position":3,"name":"Chimeneas el\u00e9ctricas","item":"https:\/\/aflamo.shop\/es\/s\/chimeneas-electricas\/"},{"@type":"ListItem","position":4,"name":"Aflamo Royal 3D 180 &#8211; chimenea el\u00e9ctrica LED empotrada"}]},{"@type":"WebSite","@id":"https:\/\/aflamo.shop\/es\/#website","url":"https:\/\/aflamo.shop\/es\/","name":"aflamo.shop - distribuidor certificado de aflamo","description":"Kominki elektryczne Aflamo i Emotion Flame z funkcj\u0105 grzania","publisher":{"@id":"https:\/\/aflamo.shop\/es\/#organization"},"potentialAction":[{"@type":"SearchAction","target":{"@type":"EntryPoint","urlTemplate":"https:\/\/aflamo.shop\/es\/?s={search_term_string}"},"query-input":{"@type":"PropertyValueSpecification","valueRequired":true,"valueName":"search_term_string"}}],"inLanguage":"es"},{"@type":"Organization","@id":"https:\/\/aflamo.shop\/es\/#organization","name":"aflamo.shop - distribuidor certificado de aflamo","url":"https:\/\/aflamo.shop\/es\/","logo":{"@type":"ImageObject","inLanguage":"es","@id":"https:\/\/aflamo.shop\/es\/#\/schema\/logo\/image\/","url":"https:\/\/aflamo.shop\/wp-content\/uploads\/2019\/10\/logo2.1-1-1.svg","contentUrl":"https:\/\/aflamo.shop\/wp-content\/uploads\/2019\/10\/logo2.1-1-1.svg","caption":"aflamo.shop - distribuidor certificado de aflamo"},"image":{"@id":"https:\/\/aflamo.shop\/es\/#\/schema\/logo\/image\/"}}]}},"_links":{"self":[{"href":"https:\/\/aflamo.shop\/es\/wp-json\/wp\/v2\/product\/11835","targetHints":{"allow":["GET"]}}],"collection":[{"href":"https:\/\/aflamo.shop\/es\/wp-json\/wp\/v2\/product"}],"about":[{"href":"https:\/\/aflamo.shop\/es\/wp-json\/wp\/v2\/types\/product"}],"replies":[{"embeddable":true,"href":"https:\/\/aflamo.shop\/es\/wp-json\/wp\/v2\/comments?post=11835"}],"wp:featuredmedia":[{"embeddable":true,"href":"https:\/\/aflamo.shop\/es\/wp-json\/wp\/v2\/media\/11785"}],"wp:attachment":[{"href":"https:\/\/aflamo.shop\/es\/wp-json\/wp\/v2\/media?parent=11835"}],"wp:term":[{"taxonomy":"product_brand","embeddable":true,"href":"https:\/\/aflamo.shop\/es\/wp-json\/wp\/v2\/product_brand?post=11835"},{"taxonomy":"product_cat","embeddable":true,"href":"https:\/\/aflamo.shop\/es\/wp-json\/wp\/v2\/product_cat?post=11835"},{"taxonomy":"product_tag","embeddable":true,"href":"https:\/\/aflamo.shop\/es\/wp-json\/wp\/v2\/product_tag?post=11835"}],"curies":[{"name":"wp","href":"https:\/\/api.w.org\/{rel}","templated":true}]}}