{"id":11723,"date":"2024-11-28T14:29:09","date_gmt":"2024-11-28T14:29:09","guid":{"rendered":"https:\/\/aflamo.shop\/p\/aflamo-superb-3d-140\/"},"modified":"2026-03-06T13:20:37","modified_gmt":"2026-03-06T13:20:37","slug":"aflamo-superb-3d-140-chimenea-electrica-led-empotrada","status":"publish","type":"product","link":"https:\/\/aflamo.shop\/es\/p\/aflamo-superb-3d-140-chimenea-electrica-led-empotrada\/","title":{"rendered":"Aflamo Superb 3D 140 &#8211; chimenea el\u00e9ctrica LED empotrada"},"content":{"rendered":"<p><iframe width=\"560\" height=\"315\" src=\"https:\/\/www.youtube.com\/embed\/LclbyIMXF9M?si=BBB1gSTgz8QbIRmd\" title=\"YouTube video player\" frameborder=\"0\" allow=\"accelerometer; autoplay; clipboard-write; encrypted-media; gyroscope; picture-in-picture; web-share\" referrerpolicy=\"strict-origin-when-cross-origin\" allowfullscreen><\/iframe><\/p>\n<div class=\"col-xs-12 col-sm-6\">\n<h3>Superb 3D \u2013 Una chimenea moderna con efecto de llama realista<\/h3>\n<h4><strong>Calidad tridimensional de la llama: siente la diferencia<\/strong><\/h4>\n<p>Introduce la verdadera magia del fuego en tu hogar con <strong>Superb 3D<\/strong>. Gracias a la tecnolog\u00eda <strong>AFLAMO PLUS<\/strong>, esta chimenea ofrece un efecto tridimensional incre\u00edble de llamas y brasas que parecen un fuego real.<\/p>\n<ul>\n<li><strong>15 colores de llama<\/strong> y <strong>15 tonos de iluminaci\u00f3n del lecho de brasas<\/strong> para crear la atm\u00f3sfera perfecta para tu estado de \u00e1nimo.<\/li>\n<li>El brillo sutil y el juego realista de luces aportan calidez y un ambiente \u00fanico a tu espacio.<\/li>\n<\/ul>\n<p><img fetchpriority=\"high\" decoding=\"async\" class=\"aligncenter wp-image-11547 size-full\" src=\"https:\/\/aflamo.shop\/wp-content\/uploads\/2024\/11\/unique_flame_superb-3d-\u2014-kopia.jpg\" alt=\"Efecto de llama Superb 3D\" width=\"492\" height=\"300\" srcset=\"https:\/\/aflamo.shop\/wp-content\/uploads\/2024\/11\/unique_flame_superb-3d-\u2014-kopia.jpg 492w, https:\/\/aflamo.shop\/wp-content\/uploads\/2024\/11\/unique_flame_superb-3d-\u2014-kopia-300x183.jpg 300w\" sizes=\"(max-width: 492px) 100vw, 492px\" \/><\/p>\n<h4><strong>Hogar impresionante \u2013 Troncos semitransparentes<\/strong><\/h4>\n<p>La chimenea <strong>Superb 3D<\/strong> incluye troncos semitransparentes que parecen madera ardiendo, a\u00f1adiendo m\u00e1s realismo.<\/p>\n<ul>\n<li>El acabado natural garantiza que la chimenea se integre perfectamente en cualquier estilo de decoraci\u00f3n, desde el cl\u00e1sico hasta el moderno.<\/li>\n<li>No es solo un dispositivo de calefacci\u00f3n, sino tambi\u00e9n una decoraci\u00f3n impactante que sorprender\u00e1 a tus invitados.<\/li>\n<\/ul>\n<p><img decoding=\"async\" class=\"aligncenter wp-image-11550 size-full\" src=\"https:\/\/aflamo.shop\/wp-content\/uploads\/2024\/11\/unique_logs_royal-pro-\u2014-kopia.jpg\" alt=\"Hogar Superb 3D\" width=\"492\" height=\"300\" srcset=\"https:\/\/aflamo.shop\/wp-content\/uploads\/2024\/11\/unique_logs_royal-pro-\u2014-kopia.jpg 492w, https:\/\/aflamo.shop\/wp-content\/uploads\/2024\/11\/unique_logs_royal-pro-\u2014-kopia-300x183.jpg 300w\" sizes=\"(max-width: 492px) 100vw, 492px\" \/><\/p>\n<h4><strong>Experiencia realista \u2013 Sonido de madera crepitante<\/strong><\/h4>\n<p>La atm\u00f3sfera \u00fanica de la chimenea se complementa con <strong>sonidos aut\u00e9nticos de madera crepitante<\/strong> emitidos por el altavoz integrado.<\/p>\n<ul>\n<li>Crea un ambiente acogedor, perfecto para noches con un libro, una pel\u00edcula o en compa\u00f1\u00eda de tus seres queridos.<\/li>\n<li>La combinaci\u00f3n de sonido, luz y calor ofrece una experiencia completa de relajaci\u00f3n incomparable.<\/li>\n<\/ul>\n<p><img decoding=\"async\" class=\"aligncenter wp-image-11553 size-full\" src=\"https:\/\/aflamo.shop\/wp-content\/uploads\/2024\/11\/unique_sound_superb-3d-\u2014-kopia.jpg\" alt=\"Sonido de madera crepitante Superb 3D\" width=\"492\" height=\"300\" srcset=\"https:\/\/aflamo.shop\/wp-content\/uploads\/2024\/11\/unique_sound_superb-3d-\u2014-kopia.jpg 492w, https:\/\/aflamo.shop\/wp-content\/uploads\/2024\/11\/unique_sound_superb-3d-\u2014-kopia-300x183.jpg 300w\" sizes=\"(max-width: 492px) 100vw, 492px\" \/><\/p>\n<h4><strong>Control de la chimenea \u2013 Aplicaci\u00f3n m\u00f3vil<\/strong><\/h4>\n<p>\u00a1Todas las funciones de la chimenea est\u00e1n disponibles en tu smartphone!<\/p>\n<ul>\n<li>Cambia los ajustes de la llama, brillo, colores y calefacci\u00f3n desde la aplicaci\u00f3n para Android e iOS.<\/li>\n<li><strong>Comandos de voz<\/strong> con el asistente de Amazon Alexa hacen que el manejo sea a\u00fan m\u00e1s sencillo.<\/li>\n<li>Es una soluci\u00f3n moderna que combina estilo con funcionalidad.<\/li>\n<\/ul>\n<p><img loading=\"lazy\" decoding=\"async\" class=\"aligncenter wp-image-11544 size-full\" src=\"https:\/\/aflamo.shop\/wp-content\/uploads\/2024\/11\/unique_app_superb-3d-\u2014-kopia.jpg\" alt=\"Control de la chimenea Superb 3D\" width=\"492\" height=\"300\" srcset=\"https:\/\/aflamo.shop\/wp-content\/uploads\/2024\/11\/unique_app_superb-3d-\u2014-kopia.jpg 492w, https:\/\/aflamo.shop\/wp-content\/uploads\/2024\/11\/unique_app_superb-3d-\u2014-kopia-300x183.jpg 300w\" sizes=\"(max-width: 492px) 100vw, 492px\" \/><\/p>\n<h4><strong>Diversas opciones \u2013 Adapta la chimenea a tus necesidades<\/strong><\/h4>\n<p><strong>Superb 3D<\/strong> est\u00e1 disponible en varios tama\u00f1os: <strong>80, 100, 120, 140, 160 cm<\/strong>, por lo que encaja perfectamente en cualquier espacio.<\/p>\n<p><img loading=\"lazy\" decoding=\"async\" class=\"aligncenter wp-image-11484 size-full\" src=\"https:\/\/aflamo.shop\/wp-content\/uploads\/2024\/11\/unique_superb-3d-\u2014-kopia.jpg\" alt=\"Opciones de Superb 3D\" width=\"492\" height=\"300\" srcset=\"https:\/\/aflamo.shop\/wp-content\/uploads\/2024\/11\/unique_superb-3d-\u2014-kopia.jpg 492w, https:\/\/aflamo.shop\/wp-content\/uploads\/2024\/11\/unique_superb-3d-\u2014-kopia-300x183.jpg 300w\" sizes=\"(max-width: 492px) 100vw, 492px\" \/><\/p>\n<h4><strong>Instalaci\u00f3n y manejo sencillo \u2013 Simplicidad cotidiana<\/strong><\/h4>\n<p>La instalaci\u00f3n de la chimenea <strong>Superb 3D<\/strong> es cuesti\u00f3n de unos pocos pasos:<\/p>\n<ol>\n<li>Prepara el lugar.<\/li>\n<li>Instala la chimenea.<\/li>\n<li>Enciende el dispositivo y disfruta de la hermosa vista de las llamas.<\/li>\n<\/ol>\n<p>Adem\u00e1s, la chimenea no requiere mantenimiento. No necesitas cortar le\u00f1a, limpiar cenizas ni preocuparte por conductos de chimenea: es la soluci\u00f3n ideal para hogares modernos.<\/p>\n<p><img loading=\"lazy\" decoding=\"async\" class=\"aligncenter wp-image-11520 size-full\" src=\"https:\/\/aflamo.shop\/wp-content\/uploads\/2024\/11\/Superb-3D_room-shot-1-\u2014-kopia-\u2014-kopia.jpg\" alt=\"Instalaci\u00f3n sencilla de la chimenea Superb 3D\" width=\"2048\" height=\"1152\" srcset=\"https:\/\/aflamo.shop\/wp-content\/uploads\/2024\/11\/Superb-3D_room-shot-1-\u2014-kopia-\u2014-kopia.jpg 2048w, https:\/\/aflamo.shop\/wp-content\/uploads\/2024\/11\/Superb-3D_room-shot-1-\u2014-kopia-\u2014-kopia-600x338.jpg 600w, https:\/\/aflamo.shop\/wp-content\/uploads\/2024\/11\/Superb-3D_room-shot-1-\u2014-kopia-\u2014-kopia-300x169.jpg 300w, https:\/\/aflamo.shop\/wp-content\/uploads\/2024\/11\/Superb-3D_room-shot-1-\u2014-kopia-\u2014-kopia-1024x576.jpg 1024w, https:\/\/aflamo.shop\/wp-content\/uploads\/2024\/11\/Superb-3D_room-shot-1-\u2014-kopia-\u2014-kopia-768x432.jpg 768w, https:\/\/aflamo.shop\/wp-content\/uploads\/2024\/11\/Superb-3D_room-shot-1-\u2014-kopia-\u2014-kopia-1536x864.jpg 1536w\" sizes=\"(max-width: 2048px) 100vw, 2048px\" \/><\/p>\n<h4><strong>Hogar y llama \u2013 Combinaci\u00f3n perfecta<\/strong><\/h4>\n<ul>\n<li><strong>Llama:<\/strong> 15 colores, 5 niveles de brillo y 3 velocidades de animaci\u00f3n \u2013 elige el efecto que mejor se adapte a tu estado de \u00e1nimo.<\/li>\n<\/ul>\n<p><img loading=\"lazy\" decoding=\"async\" class=\"aligncenter wp-image-11514 size-full\" src=\"https:\/\/aflamo.shop\/wp-content\/uploads\/2024\/11\/Superb-3D_flame_colors.jpg\" alt=\"Colores de la llama Superb 3D\" width=\"637\" height=\"418\" srcset=\"https:\/\/aflamo.shop\/wp-content\/uploads\/2024\/11\/Superb-3D_flame_colors.jpg 637w, https:\/\/aflamo.shop\/wp-content\/uploads\/2024\/11\/Superb-3D_flame_colors-600x394.jpg 600w, https:\/\/aflamo.shop\/wp-content\/uploads\/2024\/11\/Superb-3D_flame_colors-300x197.jpg 300w\" sizes=\"(max-width: 637px) 100vw, 637px\" \/><\/p>\n<ul>\n<li><strong>Hogar:<\/strong> Incluye dos variantes \u2013 troncos para un aspecto cl\u00e1sico y cristales para una elegancia moderna.<\/li>\n<\/ul>\n<p><img loading=\"lazy\" decoding=\"async\" class=\"aligncenter wp-image-10691 size-full\" src=\"https:\/\/aflamo.shop\/wp-content\/uploads\/2024\/06\/polana_krysztaly-e1603875138523.png\" alt=\"Hogar Superb 3D\" width=\"413\" height=\"297\" srcset=\"https:\/\/aflamo.shop\/wp-content\/uploads\/2024\/06\/polana_krysztaly-e1603875138523.png 413w, https:\/\/aflamo.shop\/wp-content\/uploads\/2024\/06\/polana_krysztaly-e1603875138523-300x216.png 300w\" sizes=\"(max-width: 413px) 100vw, 413px\" \/><\/p>\n<h4><strong>\u00a1\u00dasala todo el a\u00f1o!<\/strong><\/h4>\n<p>La llama funciona de manera independiente de la funci\u00f3n de calefacci\u00f3n, lo que te permite disfrutar de la vista del fuego incluso en verano. Activa la calefacci\u00f3n solo cuando sea necesario: es una soluci\u00f3n ideal para cualquier estaci\u00f3n.<\/p>\n<h4><strong>Salud y seguridad<\/strong><\/h4>\n<ul>\n<li>La chimenea es ecol\u00f3gica: no emite di\u00f3xido de carbono ni holl\u00edn.<\/li>\n<li>El vidrio permanece fr\u00edo \u2013 seguro para ni\u00f1os y mascotas.<\/li>\n<li>Un sensor integrado apagar\u00e1 la calefacci\u00f3n en caso de obstrucci\u00f3n del conducto de salida de calor.<\/li>\n<\/ul>\n<h4><strong>Econ\u00f3mica y eficiente<\/strong><\/h4>\n<ul>\n<li>El costo del efecto de llama es de solo 1-2 c\u00e9ntimos por hora gracias a la tecnolog\u00eda LED.<\/li>\n<li>Dos niveles de potencia de calefacci\u00f3n y un termostato garantizan una temperatura \u00f3ptima entre 20-30\u00b0C.<\/li>\n<\/ul>\n<ul><strong><\/p>\n<p><a href=\"https:\/\/aflamo.shop\/wp-content\/uploads\/2024\/11\/Superb-3D_EN-PL-DE-IT-ES-FR-CS-SK-NL-1.pdf\">Manual de usuario y seguridad<\/a><\/p>\n<p><\/strong><\/ul>\n<h4><strong>Dibujos t\u00e9cnicos<\/strong><\/h4>\n<p><b>Superb 3D 80<\/b><\/p>\n<p><img loading=\"lazy\" decoding=\"async\" class=\"wp-image-11490 size-full aligncenter\" src=\"https:\/\/aflamo.shop\/wp-content\/uploads\/2024\/11\/Superb_3D_80-\u2014-kopia-\u2014-kopia-\u2014-kopia-\u2014-kopia.png\" alt=\"\" width=\"717\" height=\"637\" srcset=\"https:\/\/aflamo.shop\/wp-content\/uploads\/2024\/11\/Superb_3D_80-\u2014-kopia-\u2014-kopia-\u2014-kopia-\u2014-kopia.png 717w, https:\/\/aflamo.shop\/wp-content\/uploads\/2024\/11\/Superb_3D_80-\u2014-kopia-\u2014-kopia-\u2014-kopia-\u2014-kopia-600x533.png 600w, https:\/\/aflamo.shop\/wp-content\/uploads\/2024\/11\/Superb_3D_80-\u2014-kopia-\u2014-kopia-\u2014-kopia-\u2014-kopia-300x267.png 300w\" sizes=\"(max-width: 717px) 100vw, 717px\" \/><\/p>\n<p><b>Superb 3D 100<\/b><\/p>\n<p><img loading=\"lazy\" decoding=\"async\" class=\"aligncenter wp-image-11493 size-full\" src=\"https:\/\/aflamo.shop\/wp-content\/uploads\/2024\/11\/Superb_3D_100-\u2014-kopia-\u2014-kopia-\u2014-kopia-\u2014-kopia.png\" alt=\"\" width=\"795\" height=\"619\" srcset=\"https:\/\/aflamo.shop\/wp-content\/uploads\/2024\/11\/Superb_3D_100-\u2014-kopia-\u2014-kopia-\u2014-kopia-\u2014-kopia.png 795w, https:\/\/aflamo.shop\/wp-content\/uploads\/2024\/11\/Superb_3D_100-\u2014-kopia-\u2014-kopia-\u2014-kopia-\u2014-kopia-600x467.png 600w, https:\/\/aflamo.shop\/wp-content\/uploads\/2024\/11\/Superb_3D_100-\u2014-kopia-\u2014-kopia-\u2014-kopia-\u2014-kopia-300x234.png 300w, https:\/\/aflamo.shop\/wp-content\/uploads\/2024\/11\/Superb_3D_100-\u2014-kopia-\u2014-kopia-\u2014-kopia-\u2014-kopia-768x598.png 768w\" sizes=\"(max-width: 795px) 100vw, 795px\" \/><\/p>\n<p><b>Superb 3D 120<\/b><\/p>\n<p><img loading=\"lazy\" decoding=\"async\" class=\"aligncenter wp-image-11496 size-full\" src=\"https:\/\/aflamo.shop\/wp-content\/uploads\/2024\/11\/Superb_3D_120-\u2014-kopia-\u2014-kopia-\u2014-kopia-\u2014-kopia.png\" alt=\"\" width=\"1057\" height=\"735\" srcset=\"https:\/\/aflamo.shop\/wp-content\/uploads\/2024\/11\/Superb_3D_120-\u2014-kopia-\u2014-kopia-\u2014-kopia-\u2014-kopia.png 1057w, https:\/\/aflamo.shop\/wp-content\/uploads\/2024\/11\/Superb_3D_120-\u2014-kopia-\u2014-kopia-\u2014-kopia-\u2014-kopia-600x417.png 600w, https:\/\/aflamo.shop\/wp-content\/uploads\/2024\/11\/Superb_3D_120-\u2014-kopia-\u2014-kopia-\u2014-kopia-\u2014-kopia-300x209.png 300w, https:\/\/aflamo.shop\/wp-content\/uploads\/2024\/11\/Superb_3D_120-\u2014-kopia-\u2014-kopia-\u2014-kopia-\u2014-kopia-1024x712.png 1024w, https:\/\/aflamo.shop\/wp-content\/uploads\/2024\/11\/Superb_3D_120-\u2014-kopia-\u2014-kopia-\u2014-kopia-\u2014-kopia-768x534.png 768w\" sizes=\"(max-width: 1057px) 100vw, 1057px\" \/><\/p>\n<p><b>Superb 3D 140<\/b><\/p>\n<p><img loading=\"lazy\" decoding=\"async\" class=\"aligncenter wp-image-11499 size-full\" src=\"https:\/\/aflamo.shop\/wp-content\/uploads\/2024\/11\/Superb_3D_140-\u2014-kopia-\u2014-kopia-\u2014-kopia-\u2014-kopia.png\" alt=\"\" width=\"1001\" height=\"629\" srcset=\"https:\/\/aflamo.shop\/wp-content\/uploads\/2024\/11\/Superb_3D_140-\u2014-kopia-\u2014-kopia-\u2014-kopia-\u2014-kopia.png 1001w, https:\/\/aflamo.shop\/wp-content\/uploads\/2024\/11\/Superb_3D_140-\u2014-kopia-\u2014-kopia-\u2014-kopia-\u2014-kopia-600x377.png 600w, https:\/\/aflamo.shop\/wp-content\/uploads\/2024\/11\/Superb_3D_140-\u2014-kopia-\u2014-kopia-\u2014-kopia-\u2014-kopia-300x189.png 300w, https:\/\/aflamo.shop\/wp-content\/uploads\/2024\/11\/Superb_3D_140-\u2014-kopia-\u2014-kopia-\u2014-kopia-\u2014-kopia-768x483.png 768w\" sizes=\"(max-width: 1001px) 100vw, 1001px\" \/><\/p>\n<p><b>Superb 3D 160<\/b><\/p>\n<p><img decoding=\"async\" class=\"alignnone wp-image-11502 size-full\" src=\"https:\/\/aflamo.shop\/wp-content\/uploads\/2024\n\n<\/p>\n","protected":false},"excerpt":{"rendered":"<p>Productor: Aflamo<\/p>\n<p>GETIN: 5908283563401<\/p>\n<p>Chimenea el\u00e9ctrica LED empotrable<\/p>\n<p><b>Modelo:<\/b><\/p>\n<ul>\n<li><a href=\"https:\/\/aflamo.shop\/es\/p\/aflamo-superb-3d-80-chimenea-electrica-led-empotrada\/\">80<\/a><\/li>\n<li><a href=\"https:\/\/aflamo.shop\/es\/p\/aflamo-superb-3d-100-chimenea-electrica-led-empotrada\/\">100<\/a><\/li>\n<li><a href=\"https:\/\/aflamo.shop\/es\/p\/aflamo-superb-3d-120-chimenea-electrica-led-empotrada\/\">120<\/a><\/li>\n<li><a href=\"https:\/\/aflamo.shop\/es\/p\/aflamo-superb-3d-140-chimenea-electrica-led-empotrada\/\">140<\/a><\/li>\n<li><a href=\"https:\/\/aflamo.shop\/es\/p\/aflamo-superb-3d-160-chimenea-electrica-led-empotrada\/\">160<\/a><\/li>\n<\/ul>\n<p><b>Dimensiones:<\/b> 140 x 65 x 35 cm<\/p>\n","protected":false},"featured_media":11483,"comment_status":"open","ping_status":"closed","template":"","meta":[],"product_brand":[],"product_cat":[678,190,687,689,194,193,199],"product_tag":[],"class_list":{"0":"post-11723","1":"product","2":"type-product","3":"status-publish","4":"has-post-thumbnail","6":"product_cat-aflamo","7":"product_cat-chimeneas-electricas","8":"product_cat-chimeneas-electricas-con-aplicacion-movil","9":"product_cat-chimeneas-electricas-con-sonido","10":"product_cat-chimeneas-led-de-tres-lados","11":"product_cat-chimeneas-led-empotradas","12":"product_cat-insertos-electricos-led","14":"first","15":"instock","16":"shipping-taxable","17":"purchasable","18":"product-type-simple"},"yoast_head":"<!-- This site is optimized with the Yoast SEO plugin v27.1.1 - https:\/\/yoast.com\/product\/yoast-seo-wordpress\/ -->\n<title>Aflamo Superb 3D 140 - chimenea el\u00e9ctrica LED empotrada - aflamo.shop - distribuidor certificado de aflamo<\/title>\n<meta name=\"description\" content=\"Suberb 3D: una chimenea moderna con un efecto de llama realista. Tecnolog\u00eda AFLAMO PLUS, fuego tridimensional y una chimenea resplandeciente en tu hogar.\" \/>\n<meta name=\"robots\" content=\"index, follow, max-snippet:-1, max-image-preview:large, max-video-preview:-1\" \/>\n<link rel=\"canonical\" href=\"https:\/\/aflamo.shop\/es\/p\/aflamo-superb-3d-140-chimenea-electrica-led-empotrada\/\" \/>\n<meta property=\"og:locale\" content=\"es_ES\" \/>\n<meta property=\"og:type\" content=\"article\" \/>\n<meta property=\"og:title\" content=\"Aflamo Superb 3D 140 - chimenea el\u00e9ctrica LED empotrada - aflamo.shop - distribuidor certificado de aflamo\" \/>\n<meta property=\"og:description\" content=\"Suberb 3D: una chimenea moderna con un efecto de llama realista. Tecnolog\u00eda AFLAMO PLUS, fuego tridimensional y una chimenea resplandeciente en tu hogar.\" \/>\n<meta property=\"og:url\" content=\"https:\/\/aflamo.shop\/es\/p\/aflamo-superb-3d-140-chimenea-electrica-led-empotrada\/\" \/>\n<meta property=\"og:site_name\" content=\"aflamo.shop - distribuidor certificado de aflamo\" \/>\n<meta property=\"article:modified_time\" content=\"2026-03-06T13:20:37+00:00\" \/>\n<meta property=\"og:image\" content=\"https:\/\/aflamo.shop\/wp-content\/uploads\/2024\/11\/Superb-3D-1.jpg\" \/>\n\t<meta property=\"og:image:width\" content=\"2048\" \/>\n\t<meta property=\"og:image:height\" content=\"2048\" \/>\n\t<meta property=\"og:image:type\" content=\"image\/jpeg\" \/>\n<meta name=\"twitter:card\" content=\"summary_large_image\" \/>\n<meta name=\"twitter:label1\" content=\"Tiempo de lectura\" \/>\n\t<meta name=\"twitter:data1\" content=\"6 minutos\" \/>\n<script type=\"application\/ld+json\" class=\"yoast-schema-graph\">{\"@context\":\"https:\/\/schema.org\",\"@graph\":[{\"@type\":\"WebPage\",\"@id\":\"https:\/\/aflamo.shop\/es\/p\/aflamo-superb-3d-140-chimenea-electrica-led-empotrada\/\",\"url\":\"https:\/\/aflamo.shop\/es\/p\/aflamo-superb-3d-140-chimenea-electrica-led-empotrada\/\",\"name\":\"Aflamo Superb 3D 140 - chimenea el\u00e9ctrica LED empotrada - aflamo.shop - distribuidor certificado de aflamo\",\"isPartOf\":{\"@id\":\"https:\/\/aflamo.shop\/es\/#website\"},\"primaryImageOfPage\":{\"@id\":\"https:\/\/aflamo.shop\/es\/p\/aflamo-superb-3d-140-chimenea-electrica-led-empotrada\/#primaryimage\"},\"image\":{\"@id\":\"https:\/\/aflamo.shop\/es\/p\/aflamo-superb-3d-140-chimenea-electrica-led-empotrada\/#primaryimage\"},\"thumbnailUrl\":\"https:\/\/aflamo.shop\/wp-content\/uploads\/2024\/11\/Superb-3D-1.jpg\",\"datePublished\":\"2024-11-28T14:29:09+00:00\",\"dateModified\":\"2026-03-06T13:20:37+00:00\",\"description\":\"Suberb 3D: una chimenea moderna con un efecto de llama realista. Tecnolog\u00eda AFLAMO PLUS, fuego tridimensional y una chimenea resplandeciente en tu hogar.\",\"breadcrumb\":{\"@id\":\"https:\/\/aflamo.shop\/es\/p\/aflamo-superb-3d-140-chimenea-electrica-led-empotrada\/#breadcrumb\"},\"inLanguage\":\"es\",\"potentialAction\":[{\"@type\":\"ReadAction\",\"target\":[\"https:\/\/aflamo.shop\/es\/p\/aflamo-superb-3d-140-chimenea-electrica-led-empotrada\/\"]}]},{\"@type\":\"ImageObject\",\"inLanguage\":\"es\",\"@id\":\"https:\/\/aflamo.shop\/es\/p\/aflamo-superb-3d-140-chimenea-electrica-led-empotrada\/#primaryimage\",\"url\":\"https:\/\/aflamo.shop\/wp-content\/uploads\/2024\/11\/Superb-3D-1.jpg\",\"contentUrl\":\"https:\/\/aflamo.shop\/wp-content\/uploads\/2024\/11\/Superb-3D-1.jpg\",\"width\":2048,\"height\":2048},{\"@type\":\"BreadcrumbList\",\"@id\":\"https:\/\/aflamo.shop\/es\/p\/aflamo-superb-3d-140-chimenea-electrica-led-empotrada\/#breadcrumb\",\"itemListElement\":[{\"@type\":\"ListItem\",\"position\":1,\"name\":\"P\u00e1gina principal\",\"item\":\"https:\/\/aflamo.shop\/es\/\"},{\"@type\":\"ListItem\",\"position\":2,\"name\":\"Tienda\",\"item\":\"https:\/\/aflamo.shop\/tienda\/\"},{\"@type\":\"ListItem\",\"position\":3,\"name\":\"Chimeneas el\u00e9ctricas\",\"item\":\"https:\/\/aflamo.shop\/es\/s\/chimeneas-electricas\/\"},{\"@type\":\"ListItem\",\"position\":4,\"name\":\"Aflamo Superb 3D 140 &#8211; chimenea el\u00e9ctrica LED empotrada\"}]},{\"@type\":\"WebSite\",\"@id\":\"https:\/\/aflamo.shop\/es\/#website\",\"url\":\"https:\/\/aflamo.shop\/es\/\",\"name\":\"aflamo.shop - distribuidor certificado de aflamo\",\"description\":\"Kominki elektryczne Aflamo i Emotion Flame z funkcj\u0105 grzania\",\"publisher\":{\"@id\":\"https:\/\/aflamo.shop\/es\/#organization\"},\"potentialAction\":[{\"@type\":\"SearchAction\",\"target\":{\"@type\":\"EntryPoint\",\"urlTemplate\":\"https:\/\/aflamo.shop\/es\/?s={search_term_string}\"},\"query-input\":{\"@type\":\"PropertyValueSpecification\",\"valueRequired\":true,\"valueName\":\"search_term_string\"}}],\"inLanguage\":\"es\"},{\"@type\":\"Organization\",\"@id\":\"https:\/\/aflamo.shop\/es\/#organization\",\"name\":\"aflamo.shop - distribuidor certificado de aflamo\",\"url\":\"https:\/\/aflamo.shop\/es\/\",\"logo\":{\"@type\":\"ImageObject\",\"inLanguage\":\"es\",\"@id\":\"https:\/\/aflamo.shop\/es\/#\/schema\/logo\/image\/\",\"url\":\"https:\/\/aflamo.shop\/wp-content\/uploads\/2019\/10\/logo2.1-1-1.svg\",\"contentUrl\":\"https:\/\/aflamo.shop\/wp-content\/uploads\/2019\/10\/logo2.1-1-1.svg\",\"caption\":\"aflamo.shop - distribuidor certificado de aflamo\"},\"image\":{\"@id\":\"https:\/\/aflamo.shop\/es\/#\/schema\/logo\/image\/\"}}]}<\/script>\n<!-- \/ Yoast SEO plugin. -->","yoast_head_json":{"title":"Aflamo Superb 3D 140 - chimenea el\u00e9ctrica LED empotrada - aflamo.shop - distribuidor certificado de aflamo","description":"Suberb 3D: una chimenea moderna con un efecto de llama realista. Tecnolog\u00eda AFLAMO PLUS, fuego tridimensional y una chimenea resplandeciente en tu hogar.","robots":{"index":"index","follow":"follow","max-snippet":"max-snippet:-1","max-image-preview":"max-image-preview:large","max-video-preview":"max-video-preview:-1"},"canonical":"https:\/\/aflamo.shop\/es\/p\/aflamo-superb-3d-140-chimenea-electrica-led-empotrada\/","og_locale":"es_ES","og_type":"article","og_title":"Aflamo Superb 3D 140 - chimenea el\u00e9ctrica LED empotrada - aflamo.shop - distribuidor certificado de aflamo","og_description":"Suberb 3D: una chimenea moderna con un efecto de llama realista. Tecnolog\u00eda AFLAMO PLUS, fuego tridimensional y una chimenea resplandeciente en tu hogar.","og_url":"https:\/\/aflamo.shop\/es\/p\/aflamo-superb-3d-140-chimenea-electrica-led-empotrada\/","og_site_name":"aflamo.shop - distribuidor certificado de aflamo","article_modified_time":"2026-03-06T13:20:37+00:00","og_image":[{"width":2048,"height":2048,"url":"https:\/\/aflamo.shop\/wp-content\/uploads\/2024\/11\/Superb-3D-1.jpg","type":"image\/jpeg"}],"twitter_card":"summary_large_image","twitter_misc":{"Tiempo de lectura":"6 minutos"},"schema":{"@context":"https:\/\/schema.org","@graph":[{"@type":"WebPage","@id":"https:\/\/aflamo.shop\/es\/p\/aflamo-superb-3d-140-chimenea-electrica-led-empotrada\/","url":"https:\/\/aflamo.shop\/es\/p\/aflamo-superb-3d-140-chimenea-electrica-led-empotrada\/","name":"Aflamo Superb 3D 140 - chimenea el\u00e9ctrica LED empotrada - aflamo.shop - distribuidor certificado de aflamo","isPartOf":{"@id":"https:\/\/aflamo.shop\/es\/#website"},"primaryImageOfPage":{"@id":"https:\/\/aflamo.shop\/es\/p\/aflamo-superb-3d-140-chimenea-electrica-led-empotrada\/#primaryimage"},"image":{"@id":"https:\/\/aflamo.shop\/es\/p\/aflamo-superb-3d-140-chimenea-electrica-led-empotrada\/#primaryimage"},"thumbnailUrl":"https:\/\/aflamo.shop\/wp-content\/uploads\/2024\/11\/Superb-3D-1.jpg","datePublished":"2024-11-28T14:29:09+00:00","dateModified":"2026-03-06T13:20:37+00:00","description":"Suberb 3D: una chimenea moderna con un efecto de llama realista. Tecnolog\u00eda AFLAMO PLUS, fuego tridimensional y una chimenea resplandeciente en tu hogar.","breadcrumb":{"@id":"https:\/\/aflamo.shop\/es\/p\/aflamo-superb-3d-140-chimenea-electrica-led-empotrada\/#breadcrumb"},"inLanguage":"es","potentialAction":[{"@type":"ReadAction","target":["https:\/\/aflamo.shop\/es\/p\/aflamo-superb-3d-140-chimenea-electrica-led-empotrada\/"]}]},{"@type":"ImageObject","inLanguage":"es","@id":"https:\/\/aflamo.shop\/es\/p\/aflamo-superb-3d-140-chimenea-electrica-led-empotrada\/#primaryimage","url":"https:\/\/aflamo.shop\/wp-content\/uploads\/2024\/11\/Superb-3D-1.jpg","contentUrl":"https:\/\/aflamo.shop\/wp-content\/uploads\/2024\/11\/Superb-3D-1.jpg","width":2048,"height":2048},{"@type":"BreadcrumbList","@id":"https:\/\/aflamo.shop\/es\/p\/aflamo-superb-3d-140-chimenea-electrica-led-empotrada\/#breadcrumb","itemListElement":[{"@type":"ListItem","position":1,"name":"P\u00e1gina principal","item":"https:\/\/aflamo.shop\/es\/"},{"@type":"ListItem","position":2,"name":"Tienda","item":"https:\/\/aflamo.shop\/tienda\/"},{"@type":"ListItem","position":3,"name":"Chimeneas el\u00e9ctricas","item":"https:\/\/aflamo.shop\/es\/s\/chimeneas-electricas\/"},{"@type":"ListItem","position":4,"name":"Aflamo Superb 3D 140 &#8211; chimenea el\u00e9ctrica LED empotrada"}]},{"@type":"WebSite","@id":"https:\/\/aflamo.shop\/es\/#website","url":"https:\/\/aflamo.shop\/es\/","name":"aflamo.shop - distribuidor certificado de aflamo","description":"Kominki elektryczne Aflamo i Emotion Flame z funkcj\u0105 grzania","publisher":{"@id":"https:\/\/aflamo.shop\/es\/#organization"},"potentialAction":[{"@type":"SearchAction","target":{"@type":"EntryPoint","urlTemplate":"https:\/\/aflamo.shop\/es\/?s={search_term_string}"},"query-input":{"@type":"PropertyValueSpecification","valueRequired":true,"valueName":"search_term_string"}}],"inLanguage":"es"},{"@type":"Organization","@id":"https:\/\/aflamo.shop\/es\/#organization","name":"aflamo.shop - distribuidor certificado de aflamo","url":"https:\/\/aflamo.shop\/es\/","logo":{"@type":"ImageObject","inLanguage":"es","@id":"https:\/\/aflamo.shop\/es\/#\/schema\/logo\/image\/","url":"https:\/\/aflamo.shop\/wp-content\/uploads\/2019\/10\/logo2.1-1-1.svg","contentUrl":"https:\/\/aflamo.shop\/wp-content\/uploads\/2019\/10\/logo2.1-1-1.svg","caption":"aflamo.shop - distribuidor certificado de aflamo"},"image":{"@id":"https:\/\/aflamo.shop\/es\/#\/schema\/logo\/image\/"}}]}},"_links":{"self":[{"href":"https:\/\/aflamo.shop\/es\/wp-json\/wp\/v2\/product\/11723","targetHints":{"allow":["GET"]}}],"collection":[{"href":"https:\/\/aflamo.shop\/es\/wp-json\/wp\/v2\/product"}],"about":[{"href":"https:\/\/aflamo.shop\/es\/wp-json\/wp\/v2\/types\/product"}],"replies":[{"embeddable":true,"href":"https:\/\/aflamo.shop\/es\/wp-json\/wp\/v2\/comments?post=11723"}],"wp:featuredmedia":[{"embeddable":true,"href":"https:\/\/aflamo.shop\/es\/wp-json\/wp\/v2\/media\/11483"}],"wp:attachment":[{"href":"https:\/\/aflamo.shop\/es\/wp-json\/wp\/v2\/media?parent=11723"}],"wp:term":[{"taxonomy":"product_brand","embeddable":true,"href":"https:\/\/aflamo.shop\/es\/wp-json\/wp\/v2\/product_brand?post=11723"},{"taxonomy":"product_cat","embeddable":true,"href":"https:\/\/aflamo.shop\/es\/wp-json\/wp\/v2\/product_cat?post=11723"},{"taxonomy":"product_tag","embeddable":true,"href":"https:\/\/aflamo.shop\/es\/wp-json\/wp\/v2\/product_tag?post=11723"}],"curies":[{"name":"wp","href":"https:\/\/api.w.org\/{rel}","templated":true}]}}