{"id":11465,"date":"2024-11-08T12:35:04","date_gmt":"2024-11-08T12:35:04","guid":{"rendered":"https:\/\/aflamo.shop\/p\/inserto-3d-aflamo-modelo-60x100\/"},"modified":"2026-04-03T07:53:04","modified_gmt":"2026-04-03T07:53:04","slug":"inserto-3d-aflamo-modelo-60x100","status":"publish","type":"product","link":"https:\/\/aflamo.shop\/es\/p\/inserto-3d-aflamo-modelo-60x100\/","title":{"rendered":"Inserto 3D Aflamo modelo 60&#215;100"},"content":{"rendered":"<p><iframe title=\"Reproductor de video de YouTube\" src=\"https:\/\/www.youtube.com\/embed\/NmP5C1chSAk?si=DJSHFVvXYyBcucx9\" width=\"560\" height=\"315\" frameborder=\"0\"><span data-mce-type=\"bookmark\" style=\"display: inline-block; width: 0px; overflow: hidden; line-height: 0;\" class=\"mce_SELRES_start\">\ufeff<\/span><\/iframe><\/p>\n<h3>Inserto de Chimenea AFLAMO 3D \u2013 La Magia Tridimensional de la Llama<\/h3>\n<p><strong>Inserto de chimenea AFLAMO 3D<\/strong> es una excelente manera de introducir en tu hogar la atm\u00f3sfera de una chimenea real sin necesidad de usar madera. El excepcional y realista efecto de llama <strong>AFLAMO PLUS<\/strong> y el hogar incandescente crean una vista tridimensional impresionante, que aporta calidez y un brillo acogedor al ambiente.<\/p>\n<h4><strong>Caracter\u00edsticas del Producto:<\/strong><\/h4>\n<ul>\n<li><strong>Calidad tridimensional de la llama<\/strong> \u2013 \u00a1Siente la diferencia! Elige entre <strong>3 colores de llama<\/strong> y <strong>13 colores de iluminaci\u00f3n del hogar<\/strong> para adaptarse perfectamente a tu estado de \u00e1nimo.<\/li>\n<\/ul>\n<p><img fetchpriority=\"high\" decoding=\"async\" src=\"https:\/\/kominek-elektryczny.com.pl\/img\/cms\/unique_flame_insert-3d.jpg\" alt=\"Efecto de llama 3D\" width=\"459\" height=\"280\" \/><\/p>\n<ul>\n<li><strong>Hogar impresionante<\/strong> \u2013 El conjunto incluye troncos semitransparentes que imitan perfectamente la madera ardiente.<\/li>\n<\/ul>\n<p><img decoding=\"async\" src=\"https:\/\/kominek-elektryczny.com.pl\/img\/cms\/unique_logs_royal-pro.jpg\" alt=\"Troncos semitransparentes\" width=\"462\" height=\"282\" \/><\/p>\n<ul>\n<li><strong>Sonido de madera quem\u00e1ndose<\/strong> \u2013 Un altavoz integrado reproduce el sonido del crepitar del fuego, creando una atm\u00f3sfera a\u00fan m\u00e1s realista.<\/li>\n<\/ul>\n<p><img decoding=\"async\" src=\"https:\/\/kominek-elektryczny.com.pl\/img\/cms\/unique_sound_insert-3d.jpg\" alt=\"Sonido de madera quem\u00e1ndose\" width=\"467\" height=\"285\" \/><\/p>\n<h4><strong>Control M\u00f3vil y por Voz:<\/strong><\/h4>\n<ul>\n<li><strong>Aplicaci\u00f3n m\u00f3vil<\/strong> \u2013 Todas las funciones de la chimenea est\u00e1n disponibles en dispositivos Android e iOS. Enciende, apaga o ajusta la chimenea desde el tel\u00e9fono descargando la aplicaci\u00f3n \u00abAFLAMO\u00bb de Google Play o Apple Store.<\/li>\n<li><strong>Comandos de voz con Amazon Alexa<\/strong> \u2013 Enciende y apaga la chimenea con simples comandos de voz.<\/li>\n<\/ul>\n<p><img loading=\"lazy\" decoding=\"async\" src=\"https:\/\/kominek-elektryczny.com.pl\/img\/cms\/unique_app_insert-3d.jpg\" alt=\"Aplicaci\u00f3n m\u00f3vil\" width=\"492\" height=\"300\" \/><\/p>\n<h4><strong>Dimensiones Disponibles:<\/strong><\/h4>\n<p>Adapta la chimenea a tu espacio eligiendo el tama\u00f1o adecuado:<\/p>\n<p><img loading=\"lazy\" decoding=\"async\" src=\"https:\/\/kominek-elektryczny.com.pl\/img\/cms\/unique_insert-3d.jpg\" alt=\"Dimensiones disponibles\" width=\"492\" height=\"300\" \/><\/p>\n<ul>\n<li>60 x 45 x 20 cm<\/li>\n<li>75 x 45 x 20 cm<\/li>\n<li>90 x 45 x 20 cm<\/li>\n<li>40 x 60 x 20 cm<\/li>\n<li>60 x 60 x 20 cm<\/li>\n<li>80 x 60 x 20 cm<\/li>\n<li>100 x 60 x 20 cm<\/li>\n<\/ul>\n<h4><strong>Hogar y Llama \u2013 El Efecto de Fuego M\u00e1s Realista<\/strong><\/h4>\n<p><strong>Llama:<\/strong><\/p>\n<ul>\n<li>3 colores de llama<\/li>\n<li>5 niveles de brillo<\/li>\n<li>5 velocidades de la llama<\/li>\n<\/ul>\n<p><img loading=\"lazy\" decoding=\"async\" src=\"https:\/\/kominek-elektryczny.com.pl\/img\/cms\/Royal-3D_flame_colors.jpg\" alt=\"Colores de la llama\" width=\"416\" height=\"273\" \/><\/p>\n<p><strong>Hogar:<\/strong><\/p>\n<ul>\n<li>2 tipos de hogar incluidos: troncos y cristales<\/li>\n<li>13 colores de iluminaci\u00f3n del hogar<\/li>\n<li>5 niveles de brillo<\/li>\n<\/ul>\n<p><img loading=\"lazy\" decoding=\"async\" src=\"https:\/\/kominek-elektryczny.com.pl\/img\/cms\/polana_krysztaly-e1603875138523.png\" alt=\"Hogar - Troncos y Cristales\" width=\"413\" height=\"297\" \/><\/p>\n<h4><strong>Comodidad y Conveniencia:<\/strong><\/h4>\n<ul>\n<li><strong>Mando a distancia<\/strong> \u2013 Cambia las configuraciones de la chimenea desde el sof\u00e1.<\/li>\n<li><strong>Temporizador<\/strong> \u2013 Apagado autom\u00e1tico de la chimenea para mayor comodidad y seguridad.<\/li>\n<li><strong>Funci\u00f3n de calefacci\u00f3n con ventilador<\/strong> \u2013 Calentamiento r\u00e1pido y mantenimiento de una temperatura confortable sin necesidad de ventilaci\u00f3n adicional.<\/li>\n<li><strong>Uso durante todo el a\u00f1o<\/strong> \u2013 Disfruta del efecto de llama independientemente de la \u00e9poca del a\u00f1o, con o sin calefacci\u00f3n, seg\u00fan tus necesidades.<\/li>\n<\/ul>\n<h4><strong>Facilidad de Uso:<\/strong><\/h4>\n<p>Olv\u00eddate del almacenamiento de le\u00f1a, la limpieza de cenizas y el humo. Simplemente enciende la chimenea y disfruta de la belleza del fuego sin esfuerzo.<\/p>\n<h4><strong>Seguridad y Ecolog\u00eda:<\/strong><\/h4>\n<ul>\n<li><strong>Vidrio fr\u00edo<\/strong> \u2013 Seguro para ni\u00f1os y mascotas, no se calienta.<\/li>\n<li><strong>Sensor de seguridad del calefactor<\/strong> \u2013 Apagado autom\u00e1tico cuando la salida de aire est\u00e1 bloqueada.<\/li>\n<li><strong>Opci\u00f3n ecol\u00f3gica<\/strong> \u2013 Sin emisiones de CO\u2082 ni sustancias nocivas, sin contaminaci\u00f3n con holl\u00edn y cenizas.<\/li>\n<\/ul>\n<h4><strong>Ahorro de Energ\u00eda y Calefacci\u00f3n Eficiente:<\/strong><\/h4>\n<ul>\n<li><strong>Tecnolog\u00eda LED<\/strong> \u2013 Bajo costo del efecto de llama, solo 1-2 c\u00e9ntimos por hora.<\/li>\n<li><strong>Sensor de ventana abierta<\/strong> \u2013 Apagado autom\u00e1tico de la calefacci\u00f3n en caso de ca\u00edda repentina de temperatura.<\/li>\n<li><strong>Termostato<\/strong> \u2013 Configuraci\u00f3n de la temperatura entre 18 y 30\u00b0C, con dos niveles de potencia de calefacci\u00f3n.<\/li>\n<\/ul>\n<p><strong>Inserto de Chimenea AFLAMO 3D<\/strong> es una combinaci\u00f3n de dise\u00f1o moderno, funcionalidad y comodidad de uso. Con sus avanzadas funciones de control y sus efectos extremadamente realistas de llama y sonido de madera quem\u00e1ndose, es la elecci\u00f3n perfecta para quienes desean introducir la magia del fuego en su hogar de una manera totalmente controlada y segura.<\/p>\n<ul><strong><\/p>\n<p><a href=\"https:\/\/aflamo.shop\/wp-content\/uploads\/2024\/11\/Insert-3D_EN-PL-DE-IT-ES-FR-CS-SK-NL-2.pdf\">Manual de usuario de seguridad<\/a><\/p>\n<p><\/strong><\/ul>\n<h4><strong>Dibujos T\u00e9cnicos<\/strong><\/h4>\n<ul>\n<li style=\"list-style-type: none;\">\n<ul>Inserto 3D modelo 60&#215;45<\/ul>\n<\/li>\n<\/ul>\n<p><img loading=\"lazy\" decoding=\"async\" class=\"aligncenter wp-image-11333 size-full\" src=\"https:\/\/aflamo.shop\/wp-content\/uploads\/2024\/11\/3D_45x60.png\" alt=\"\" width=\"941\" height=\"640\" srcset=\"https:\/\/aflamo.shop\/wp-content\/uploads\/2024\/11\/3D_45x60.png 941w, https:\/\/aflamo.shop\/wp-content\/uploads\/2024\/11\/3D_45x60-600x408.png 600w, https:\/\/aflamo.shop\/wp-content\/uploads\/2024\/11\/3D_45x60-300x204.png 300w, https:\/\/aflamo.shop\/wp-content\/uploads\/2024\/11\/3D_45x60-768x522.png 768w\" sizes=\"(max-width: 941px) 100vw, 941px\" \/><\/p>\n<p>&nbsp;<\/p>\n<ul>\n<li style=\"list-style-type: none;\">\n<ul>Inserto 3D modelo 75&#215;45<\/ul>\n<\/li>\n<\/ul>\n<p><img loading=\"lazy\" decoding=\"async\" class=\"aligncenter wp-image-11336 size-full\" src=\"https:\/\/aflamo.shop\/wp-content\/uploads\/2024\/11\/3D_45x75.png\" alt=\"\" width=\"974\" height=\"598\" srcset=\"https:\/\/aflamo.shop\/wp-content\/uploads\/2024\/11\/3D_45x75.png 974w, https:\/\/aflamo.shop\/wp-content\/uploads\/2024\/11\/3D_45x75-600x368.png 600w, https:\/\/aflamo.shop\/wp-content\/uploads\/2024\/11\/3D_45x75-300x184.png 300w, https:\/\/aflamo.shop\/wp-content\/uploads\/2024\/11\/3D_45x75-768x472.png 768w\" sizes=\"(max-width: 974px) 100vw, 974px\" \/><\/p>\n<ul>\n<li style=\"list-style-type: none;\">\n<ul>Inserto 3D modelo 90&#215;45<\/ul>\n<\/li>\n<\/ul>\n<p><img loading=\"lazy\" decoding=\"async\" class=\"aligncenter wp-image-11339 size-full\" src=\"https:\/\/aflamo.shop\/wp-content\/uploads\/2024\/11\/3D_45x90.png\" alt=\"\" width=\"1014\" height=\"567\" srcset=\"https:\/\/aflamo.shop\/wp-content\/uploads\/2024\/11\/3D_45x90.png 1014w, https:\/\/aflamo.shop\/wp-content\/uploads\/2024\/11\/3D_45x90-600x336.png 600w, https:\/\/aflamo.shop\/wp-content\/uploads\/2024\/11\/3D_45x90-300x168.png 300w, https:\/\/aflamo.shop\/wp-content\/uploads\/2024\/11\/3D_45x90-768x429.png 768w\" sizes=\"(max-width: 1014px) 100vw, 1014px\" \/><\/p>\n<ul>\n<li style=\"list-style-type: none;\">\n<ul>Inserto 3D modelo 60&#215;40<\/ul>\n<\/li>\n<\/ul>\n<p><img loading=\"lazy\" decoding=\"async\" class=\"alignnone wp-image-11342 size-full\" src=\"https:\/\/aflamo.shop\/wp-content\/uploads\/2024\/11\/3D_60x40.png\" alt=\"\" width=\"712\" height=\"687\" srcset=\"https:\/\/aflamo.shop\/wp-content\/uploads\/2024\/11\/3D_60x40.png 712w, https:\/\/aflamo.shop\/wp-content\/uploads\/2024\/11\/3D_60x40-600x579.png 600w, https:\/\/aflamo.shop\/wp-content\/uploads\/2024\/11\/3D_60x40-300x289.png 300w\" sizes=\"(max-width: 712px) 100vw, 712px\" \/><\/p>\n<ul>\n<li style=\"list-style-type: none;\">\n<ul>Inserto 3D modelo 60&#215;60<\/ul>\n<\/li>\n<\/ul>\n<p><img loading=\"lazy\" decoding=\"async\" class=\"aligncenter wp-image-11345 size-full\" src=\"https:\/\/aflamo.shop\/wp-content\/uploads\/2024\/11\/3D_60x60.png\" alt=\"\" width=\"891\" height=\"705\" srcset=\"https:\/\/aflamo.shop\/wp-content\/uploads\/2024\/11\/3D_60x60.png 891w, https:\/\/aflamo.shop\/wp-content\/uploads\/2024\/11\/3D_60x60-600x475.png 600w, https:\/\/aflamo.shop\/wp-content\/uploads\/2024\/11\/3D_60x60-300x237.png 300w, https:\/\/aflamo.shop\/wp-content\/uploads\/2024\/11\/3D_60x60-768x608.png 768w\" sizes=\"(max-width: 891px) 100vw, 891px\" \/><\/p>\n<ul>\n<li style=\"list-style-type: none;\">\n<ul>Inserto 3D modelo 80&#215;60<\/ul>\n<\/li>\n<\/ul>\n<p><img loading=\"lazy\" decoding=\"async\" class=\"aligncenter wp-image-11348 size-full\" src=\"https:\/\/aflamo.shop\/wp-content\/uploads\/2024\/11\/3D_60x80.png\" alt=\"\" width=\"985\" height=\"678\" srcset=\"https:\/\/aflamo.shop\/wp-content\/uploads\/2024\/11\/3D_60x80.png 985w, https:\/\/aflamo.shop\/wp-content\/uploads\/2024\/11\/3D_60x80-600x413.png 600w, https:\/\/aflamo.shop\/wp-content\/uploads\/2024\/11\/3D_60x80-300x206.png 300w, https:\/\/aflamo.shop\/wp-content\/uploads\/2024\/11\/3D_60x80-768x529.png 768w\" sizes=\"(max-width: 985px) 100vw, 985px\" \/><\/p>\n<ul>Inserto 3D modelo 100&#215;60<\/ul>\n<p><img loading=\"lazy\" decoding=\"async\" class=\"aligncenter wp-image-11351 size-full\" src=\"https:\/\/aflamo.shop\/wp-content\/uploads\/2024\/11\/3D_60x100.png\" alt=\"\" width=\"1016\" height=\"620\" srcset=\"https:\/\/aflamo.shop\/wp-content\/uploads\/2024\/11\/3D_60x100.png 1016w, https:\/\/aflamo.shop\/wp-content\/uploads\/2024\/11\/3D_60x100-600x366.png 600w, https:\/\/aflamo.shop\/wp-content\/uploads\/2024\/11\/3D_60x100-300x183.png 300w, https:\/\/aflamo.shop\/wp-content\/uploads\/2024\/11\/3D_60x100-768x469.png 768w\" sizes=\"(max-width: 1016px) 100vw, 1016px\" \/><\/p>\n","protected":false},"excerpt":{"rendered":"<p>Produttore: Aflamo<\/p>\n<p>GETIN: 5908283563494<\/p>\n<p>Per integrato<\/p>\n<p><b>Modello:<\/b><\/p>\n<ul>\n<li><a href=\"https:\/\/aflamo.shop\/es\/p\/modello-inserto-aflamo-3d-45x60\/\">45&#215;60<\/a><\/li>\n<li><a href=\"https:\/\/aflamo.shop\/es\/p\/modello-inserto-aflamo-3d-45x75\/\">45&#215;75<\/a><\/li>\n<li><a href=\"https:\/\/aflamo.shop\/es\/p\/modello-inserto-aflamo-3d-45x90\/>45&#215;90<\/a><\/li>\n<\/ul>\n<ul>\n<li><a href=\"https:\/\/aflamo.shop\/es\/p\/modello-inserto-aflamo-3d-60x100\/\">60&#215;100<\/a><\/li>\n<li><a href=\"https:\/\/aflamo.shop\/es\/p\/modello-inserto-aflamo-3d-60x40\/\">60&#215;40<\/a><\/li>\n<li><a href=\"https:\/\/aflamo.shop\/es\/p\/modello-inserto-aflamo-3d-60x60\/\">60&#215;60<\/a><\/li>\n<\/ul>\n<ul>\n<li><a href=\"https:\/\/aflamo.shop\/es\/p\/modello-inserto-aflamo-3d-60x80\/\">60&#215;80<\/a><\/li>\n<\/ul>\n<p><b>Dimensioni:<\/b> 100x60x20cm<\/p>\n","protected":false},"featured_media":11323,"comment_status":"open","ping_status":"closed","template":"","meta":[],"product_brand":[],"product_cat":[678,190,687,689,198,193,199],"product_tag":[],"class_list":{"0":"post-11465","1":"product","2":"type-product","3":"status-publish","4":"has-post-thumbnail","6":"product_cat-aflamo","7":"product_cat-chimeneas-electricas","8":"product_cat-chimeneas-electricas-con-aplicacion-movil","9":"product_cat-chimeneas-electricas-con-sonido","10":"product_cat-chimeneas-electricas-led-con-funcion-de-calefaccion","11":"product_cat-chimeneas-led-empotradas","12":"product_cat-insertos-electricos-led","14":"first","15":"instock","16":"shipping-taxable","17":"purchasable","18":"product-type-simple"},"yoast_head":"<!-- This site is optimized with the Yoast SEO plugin v27.4 - https:\/\/yoast.com\/product\/yoast-seo-wordpress\/ -->\n<title>Inserto 3D Aflamo modelo 60x100 - aflamo.shop - distribuidor certificado de aflamo<\/title>\n<meta name=\"description\" content=\"Inserto de chimenea 3D AFLAMO: efecto de llama realista y caja de fuego brillante. La tecnolog\u00eda AFLAMO PLUS crea magia de fuego tridimensional en tu hogar.\" \/>\n<meta name=\"robots\" content=\"index, follow, max-snippet:-1, max-image-preview:large, max-video-preview:-1\" \/>\n<link rel=\"canonical\" href=\"https:\/\/aflamo.shop\/es\/p\/inserto-3d-aflamo-modelo-60x100\/\" \/>\n<meta property=\"og:locale\" content=\"es_ES\" \/>\n<meta property=\"og:type\" content=\"article\" \/>\n<meta property=\"og:title\" content=\"Inserto 3D Aflamo modelo 60x100 - aflamo.shop - distribuidor certificado de aflamo\" \/>\n<meta property=\"og:description\" content=\"Inserto de chimenea 3D AFLAMO: efecto de llama realista y caja de fuego brillante. La tecnolog\u00eda AFLAMO PLUS crea magia de fuego tridimensional en tu hogar.\" \/>\n<meta property=\"og:url\" content=\"https:\/\/aflamo.shop\/es\/p\/inserto-3d-aflamo-modelo-60x100\/\" \/>\n<meta property=\"og:site_name\" content=\"aflamo.shop - distribuidor certificado de aflamo\" \/>\n<meta property=\"article:modified_time\" content=\"2026-04-03T07:53:04+00:00\" \/>\n<meta property=\"og:image\" content=\"https:\/\/aflamo.shop\/wp-content\/uploads\/2024\/11\/INSERT-3D-45x75_front_01.jpg\" \/>\n\t<meta property=\"og:image:width\" content=\"2048\" \/>\n\t<meta property=\"og:image:height\" content=\"2048\" \/>\n\t<meta property=\"og:image:type\" content=\"image\/jpeg\" \/>\n<meta name=\"twitter:card\" content=\"summary_large_image\" \/>\n<meta name=\"twitter:label1\" content=\"Tiempo de lectura\" \/>\n\t<meta name=\"twitter:data1\" content=\"7 minutos\" \/>\n<script type=\"application\/ld+json\" class=\"yoast-schema-graph\">{\"@context\":\"https:\\\/\\\/schema.org\",\"@graph\":[{\"@type\":\"WebPage\",\"@id\":\"https:\\\/\\\/aflamo.shop\\\/es\\\/p\\\/inserto-3d-aflamo-modelo-60x100\\\/\",\"url\":\"https:\\\/\\\/aflamo.shop\\\/es\\\/p\\\/inserto-3d-aflamo-modelo-60x100\\\/\",\"name\":\"Inserto 3D Aflamo modelo 60x100 - aflamo.shop - distribuidor certificado de aflamo\",\"isPartOf\":{\"@id\":\"https:\\\/\\\/aflamo.shop\\\/es\\\/#website\"},\"primaryImageOfPage\":{\"@id\":\"https:\\\/\\\/aflamo.shop\\\/es\\\/p\\\/inserto-3d-aflamo-modelo-60x100\\\/#primaryimage\"},\"image\":{\"@id\":\"https:\\\/\\\/aflamo.shop\\\/es\\\/p\\\/inserto-3d-aflamo-modelo-60x100\\\/#primaryimage\"},\"thumbnailUrl\":\"https:\\\/\\\/aflamo.shop\\\/wp-content\\\/uploads\\\/2024\\\/11\\\/INSERT-3D-45x75_front_01.jpg\",\"datePublished\":\"2024-11-08T12:35:04+00:00\",\"dateModified\":\"2026-04-03T07:53:04+00:00\",\"description\":\"Inserto de chimenea 3D AFLAMO: efecto de llama realista y caja de fuego brillante. La tecnolog\u00eda AFLAMO PLUS crea magia de fuego tridimensional en tu hogar.\",\"breadcrumb\":{\"@id\":\"https:\\\/\\\/aflamo.shop\\\/es\\\/p\\\/inserto-3d-aflamo-modelo-60x100\\\/#breadcrumb\"},\"inLanguage\":\"es\",\"potentialAction\":[{\"@type\":\"ReadAction\",\"target\":[\"https:\\\/\\\/aflamo.shop\\\/es\\\/p\\\/inserto-3d-aflamo-modelo-60x100\\\/\"]}]},{\"@type\":\"ImageObject\",\"inLanguage\":\"es\",\"@id\":\"https:\\\/\\\/aflamo.shop\\\/es\\\/p\\\/inserto-3d-aflamo-modelo-60x100\\\/#primaryimage\",\"url\":\"https:\\\/\\\/aflamo.shop\\\/wp-content\\\/uploads\\\/2024\\\/11\\\/INSERT-3D-45x75_front_01.jpg\",\"contentUrl\":\"https:\\\/\\\/aflamo.shop\\\/wp-content\\\/uploads\\\/2024\\\/11\\\/INSERT-3D-45x75_front_01.jpg\",\"width\":2048,\"height\":2048},{\"@type\":\"BreadcrumbList\",\"@id\":\"https:\\\/\\\/aflamo.shop\\\/es\\\/p\\\/inserto-3d-aflamo-modelo-60x100\\\/#breadcrumb\",\"itemListElement\":[{\"@type\":\"ListItem\",\"position\":1,\"name\":\"P\u00e1gina principal\",\"item\":\"https:\\\/\\\/aflamo.shop\\\/es\\\/\"},{\"@type\":\"ListItem\",\"position\":2,\"name\":\"Tienda\",\"item\":\"https:\\\/\\\/aflamo.shop\\\/tienda\\\/\"},{\"@type\":\"ListItem\",\"position\":3,\"name\":\"Chimeneas el\u00e9ctricas\",\"item\":\"https:\\\/\\\/aflamo.shop\\\/es\\\/s\\\/chimeneas-electricas\\\/\"},{\"@type\":\"ListItem\",\"position\":4,\"name\":\"Inserto 3D Aflamo modelo 60&#215;100\"}]},{\"@type\":\"WebSite\",\"@id\":\"https:\\\/\\\/aflamo.shop\\\/es\\\/#website\",\"url\":\"https:\\\/\\\/aflamo.shop\\\/es\\\/\",\"name\":\"aflamo.shop - distribuidor certificado de aflamo\",\"description\":\"Kominki elektryczne Aflamo i Emotion Flame z funkcj\u0105 grzania\",\"publisher\":{\"@id\":\"https:\\\/\\\/aflamo.shop\\\/es\\\/#organization\"},\"potentialAction\":[{\"@type\":\"SearchAction\",\"target\":{\"@type\":\"EntryPoint\",\"urlTemplate\":\"https:\\\/\\\/aflamo.shop\\\/es\\\/?s={search_term_string}\"},\"query-input\":{\"@type\":\"PropertyValueSpecification\",\"valueRequired\":true,\"valueName\":\"search_term_string\"}}],\"inLanguage\":\"es\"},{\"@type\":\"Organization\",\"@id\":\"https:\\\/\\\/aflamo.shop\\\/es\\\/#organization\",\"name\":\"aflamo.shop - distribuidor certificado de aflamo\",\"url\":\"https:\\\/\\\/aflamo.shop\\\/es\\\/\",\"logo\":{\"@type\":\"ImageObject\",\"inLanguage\":\"es\",\"@id\":\"https:\\\/\\\/aflamo.shop\\\/es\\\/#\\\/schema\\\/logo\\\/image\\\/\",\"url\":\"https:\\\/\\\/aflamo.shop\\\/wp-content\\\/uploads\\\/2019\\\/10\\\/logo2.1-1-1.svg\",\"contentUrl\":\"https:\\\/\\\/aflamo.shop\\\/wp-content\\\/uploads\\\/2019\\\/10\\\/logo2.1-1-1.svg\",\"caption\":\"aflamo.shop - distribuidor certificado de aflamo\"},\"image\":{\"@id\":\"https:\\\/\\\/aflamo.shop\\\/es\\\/#\\\/schema\\\/logo\\\/image\\\/\"}}]}<\/script>\n<!-- \/ Yoast SEO plugin. -->","yoast_head_json":{"title":"Inserto 3D Aflamo modelo 60x100 - aflamo.shop - distribuidor certificado de aflamo","description":"Inserto de chimenea 3D AFLAMO: efecto de llama realista y caja de fuego brillante. La tecnolog\u00eda AFLAMO PLUS crea magia de fuego tridimensional en tu hogar.","robots":{"index":"index","follow":"follow","max-snippet":"max-snippet:-1","max-image-preview":"max-image-preview:large","max-video-preview":"max-video-preview:-1"},"canonical":"https:\/\/aflamo.shop\/es\/p\/inserto-3d-aflamo-modelo-60x100\/","og_locale":"es_ES","og_type":"article","og_title":"Inserto 3D Aflamo modelo 60x100 - aflamo.shop - distribuidor certificado de aflamo","og_description":"Inserto de chimenea 3D AFLAMO: efecto de llama realista y caja de fuego brillante. La tecnolog\u00eda AFLAMO PLUS crea magia de fuego tridimensional en tu hogar.","og_url":"https:\/\/aflamo.shop\/es\/p\/inserto-3d-aflamo-modelo-60x100\/","og_site_name":"aflamo.shop - distribuidor certificado de aflamo","article_modified_time":"2026-04-03T07:53:04+00:00","og_image":[{"width":2048,"height":2048,"url":"https:\/\/aflamo.shop\/wp-content\/uploads\/2024\/11\/INSERT-3D-45x75_front_01.jpg","type":"image\/jpeg"}],"twitter_card":"summary_large_image","twitter_misc":{"Tiempo de lectura":"7 minutos"},"schema":{"@context":"https:\/\/schema.org","@graph":[{"@type":"WebPage","@id":"https:\/\/aflamo.shop\/es\/p\/inserto-3d-aflamo-modelo-60x100\/","url":"https:\/\/aflamo.shop\/es\/p\/inserto-3d-aflamo-modelo-60x100\/","name":"Inserto 3D Aflamo modelo 60x100 - aflamo.shop - distribuidor certificado de aflamo","isPartOf":{"@id":"https:\/\/aflamo.shop\/es\/#website"},"primaryImageOfPage":{"@id":"https:\/\/aflamo.shop\/es\/p\/inserto-3d-aflamo-modelo-60x100\/#primaryimage"},"image":{"@id":"https:\/\/aflamo.shop\/es\/p\/inserto-3d-aflamo-modelo-60x100\/#primaryimage"},"thumbnailUrl":"https:\/\/aflamo.shop\/wp-content\/uploads\/2024\/11\/INSERT-3D-45x75_front_01.jpg","datePublished":"2024-11-08T12:35:04+00:00","dateModified":"2026-04-03T07:53:04+00:00","description":"Inserto de chimenea 3D AFLAMO: efecto de llama realista y caja de fuego brillante. La tecnolog\u00eda AFLAMO PLUS crea magia de fuego tridimensional en tu hogar.","breadcrumb":{"@id":"https:\/\/aflamo.shop\/es\/p\/inserto-3d-aflamo-modelo-60x100\/#breadcrumb"},"inLanguage":"es","potentialAction":[{"@type":"ReadAction","target":["https:\/\/aflamo.shop\/es\/p\/inserto-3d-aflamo-modelo-60x100\/"]}]},{"@type":"ImageObject","inLanguage":"es","@id":"https:\/\/aflamo.shop\/es\/p\/inserto-3d-aflamo-modelo-60x100\/#primaryimage","url":"https:\/\/aflamo.shop\/wp-content\/uploads\/2024\/11\/INSERT-3D-45x75_front_01.jpg","contentUrl":"https:\/\/aflamo.shop\/wp-content\/uploads\/2024\/11\/INSERT-3D-45x75_front_01.jpg","width":2048,"height":2048},{"@type":"BreadcrumbList","@id":"https:\/\/aflamo.shop\/es\/p\/inserto-3d-aflamo-modelo-60x100\/#breadcrumb","itemListElement":[{"@type":"ListItem","position":1,"name":"P\u00e1gina principal","item":"https:\/\/aflamo.shop\/es\/"},{"@type":"ListItem","position":2,"name":"Tienda","item":"https:\/\/aflamo.shop\/tienda\/"},{"@type":"ListItem","position":3,"name":"Chimeneas el\u00e9ctricas","item":"https:\/\/aflamo.shop\/es\/s\/chimeneas-electricas\/"},{"@type":"ListItem","position":4,"name":"Inserto 3D Aflamo modelo 60&#215;100"}]},{"@type":"WebSite","@id":"https:\/\/aflamo.shop\/es\/#website","url":"https:\/\/aflamo.shop\/es\/","name":"aflamo.shop - distribuidor certificado de aflamo","description":"Kominki elektryczne Aflamo i Emotion Flame z funkcj\u0105 grzania","publisher":{"@id":"https:\/\/aflamo.shop\/es\/#organization"},"potentialAction":[{"@type":"SearchAction","target":{"@type":"EntryPoint","urlTemplate":"https:\/\/aflamo.shop\/es\/?s={search_term_string}"},"query-input":{"@type":"PropertyValueSpecification","valueRequired":true,"valueName":"search_term_string"}}],"inLanguage":"es"},{"@type":"Organization","@id":"https:\/\/aflamo.shop\/es\/#organization","name":"aflamo.shop - distribuidor certificado de aflamo","url":"https:\/\/aflamo.shop\/es\/","logo":{"@type":"ImageObject","inLanguage":"es","@id":"https:\/\/aflamo.shop\/es\/#\/schema\/logo\/image\/","url":"https:\/\/aflamo.shop\/wp-content\/uploads\/2019\/10\/logo2.1-1-1.svg","contentUrl":"https:\/\/aflamo.shop\/wp-content\/uploads\/2019\/10\/logo2.1-1-1.svg","caption":"aflamo.shop - distribuidor certificado de aflamo"},"image":{"@id":"https:\/\/aflamo.shop\/es\/#\/schema\/logo\/image\/"}}]}},"_links":{"self":[{"href":"https:\/\/aflamo.shop\/es\/wp-json\/wp\/v2\/product\/11465","targetHints":{"allow":["GET"]}}],"collection":[{"href":"https:\/\/aflamo.shop\/es\/wp-json\/wp\/v2\/product"}],"about":[{"href":"https:\/\/aflamo.shop\/es\/wp-json\/wp\/v2\/types\/product"}],"replies":[{"embeddable":true,"href":"https:\/\/aflamo.shop\/es\/wp-json\/wp\/v2\/comments?post=11465"}],"wp:featuredmedia":[{"embeddable":true,"href":"https:\/\/aflamo.shop\/es\/wp-json\/wp\/v2\/media\/11323"}],"wp:attachment":[{"href":"https:\/\/aflamo.shop\/es\/wp-json\/wp\/v2\/media?parent=11465"}],"wp:term":[{"taxonomy":"product_brand","embeddable":true,"href":"https:\/\/aflamo.shop\/es\/wp-json\/wp\/v2\/product_brand?post=11465"},{"taxonomy":"product_cat","embeddable":true,"href":"https:\/\/aflamo.shop\/es\/wp-json\/wp\/v2\/product_cat?post=11465"},{"taxonomy":"product_tag","embeddable":true,"href":"https:\/\/aflamo.shop\/es\/wp-json\/wp\/v2\/product_tag?post=11465"}],"curies":[{"name":"wp","href":"https:\/\/api.w.org\/{rel}","templated":true}]}}