{"id":10342,"date":"2023-09-28T10:37:51","date_gmt":"2023-09-28T10:37:51","guid":{"rendered":"https:\/\/aflamo.shop\/p\/chimenea-electrica-aflamo-dame-negra\/"},"modified":"2026-03-10T10:10:29","modified_gmt":"2026-03-10T10:10:29","slug":"chimenea-electrica-aflamo-dame-negra-led-de-pared-empotrada-con-funcion-de-calefaccion","status":"publish","type":"product","link":"https:\/\/aflamo.shop\/es\/p\/chimenea-electrica-aflamo-dame-negra-led-de-pared-empotrada-con-funcion-de-calefaccion\/","title":{"rendered":"Aflamo Dame negra &#8211; Chimenea el\u00e9ctrica LED de pared\/empotrada con funci\u00f3n de calefacci\u00f3n"},"content":{"rendered":"<p><iframe title=\"Reproductor de video de YouTube\" src=\"https:\/\/www.youtube.com\/embed\/pcFJI3Lg2cw?si=U5TPiJshVTzytwTN\" width=\"560\" height=\"315\" frameborder=\"0\" allowfullscreen=\"allowfullscreen\"><\/iframe><\/p>\n<h3><strong>Chimenea El\u00e9ctrica LED Dame \u2013 Modernidad y Elegancia en Tu Hogar<\/strong><\/h3>\n<p>La <strong>chimenea el\u00e9ctrica LED Dame<\/strong> es una elecci\u00f3n \u00fanica para quienes desean combinar dise\u00f1o moderno, funcionalidad y comodidad. Esta chimenea vertical y de pared, con su hogar de tres lados, se convertir\u00e1 en el punto focal de cualquier ambiente, ofreciendo calor y una atm\u00f3sfera inconfundible.<\/p>\n<h4><strong>Caracter\u00edsticas del Producto:<\/strong><\/h4>\n<h4><strong>Efecto de Llama y Hogar:<\/strong><\/h4>\n<ul>\n<li><strong>7 colores de llama<\/strong>: Ajusta la iluminaci\u00f3n seg\u00fan tu estado de \u00e1nimo.<\/li>\n<li><strong>13 colores de retroiluminaci\u00f3n del hogar<\/strong>: Diversos efectos de iluminaci\u00f3n que aportan profundidad y encanto.<\/li>\n<li><strong>5 niveles de brillo<\/strong>: Desde un resplandor suave hasta llamas intensas.<\/li>\n<\/ul>\n<p><img fetchpriority=\"high\" decoding=\"async\" class=\"aligncenter wp-image-11269 size-full\" src=\"https:\/\/aflamo.shop\/wp-content\/uploads\/2023\/09\/flames_2x3-1-1-1.jpg\" alt=\"Efecto de llama\" width=\"555\" height=\"425\" srcset=\"https:\/\/aflamo.shop\/wp-content\/uploads\/2023\/09\/flames_2x3-1-1-1.jpg 555w, https:\/\/aflamo.shop\/wp-content\/uploads\/2023\/09\/flames_2x3-1-1-1-300x230.jpg 300w\" sizes=\"(max-width: 555px) 100vw, 555px\" \/><\/p>\n<ul>\n<li><strong>2 tipos de hogar incluidos<\/strong>: Troncos y cristales \u2013 elige el estilo que mejor se adapte a tu espacio.<\/li>\n<\/ul>\n<p><img decoding=\"async\" class=\"aligncenter wp-image-10691 size-full\" src=\"https:\/\/aflamo.shop\/wp-content\/uploads\/2024\/06\/polana_krysztaly-e1603875138523.png\" alt=\"Hogar - Troncos y Cristales\" width=\"413\" height=\"297\" srcset=\"https:\/\/aflamo.shop\/wp-content\/uploads\/2024\/06\/polana_krysztaly-e1603875138523.png 413w, https:\/\/aflamo.shop\/wp-content\/uploads\/2024\/06\/polana_krysztaly-e1603875138523-300x216.png 300w\" sizes=\"(max-width: 413px) 100vw, 413px\" \/><\/p>\n<ul>\n<li><strong>Hogar de tres lados<\/strong>: Permite disfrutar de la vista de las llamas desde diferentes \u00e1ngulos, creando una atm\u00f3sfera acogedora y elegante.<\/li>\n<li><strong>Troncos de cer\u00e1mica<\/strong>: Realistas, duraderos y est\u00e9ticamente bellos, a\u00f1aden autenticidad al aspecto de la chimenea.<\/li>\n<\/ul>\n<p><img decoding=\"async\" class=\"aligncenter wp-image-8902 size-full\" src=\"https:\/\/aflamo.shop\/wp-content\/uploads\/2023\/08\/Unique_NH_logs_closeup.jpg\" alt=\"Troncos de cer\u00e1mica\" width=\"492\" height=\"300\" srcset=\"https:\/\/aflamo.shop\/wp-content\/uploads\/2023\/08\/Unique_NH_logs_closeup.jpg 492w, https:\/\/aflamo.shop\/wp-content\/uploads\/2023\/08\/Unique_NH_logs_closeup-300x183.jpg 300w\" sizes=\"(max-width: 492px) 100vw, 492px\" \/><\/p>\n<ul>\n<li><strong>Colores disponibles<\/strong>: Elegancia cl\u00e1sica en negro y frescura moderna en blanco.<\/li>\n<\/ul>\n<p><img loading=\"lazy\" decoding=\"async\" class=\"aligncenter wp-image-9921 size-full\" src=\"https:\/\/aflamo.shop\/wp-content\/uploads\/2023\/09\/unique_Dame_black-white.jpg\" alt=\"Colores disponibles\" width=\"700\" height=\"700\" srcset=\"https:\/\/aflamo.shop\/wp-content\/uploads\/2023\/09\/unique_Dame_black-white.jpg 700w, https:\/\/aflamo.shop\/wp-content\/uploads\/2023\/09\/unique_Dame_black-white-300x300.jpg 300w, https:\/\/aflamo.shop\/wp-content\/uploads\/2023\/09\/unique_Dame_black-white-100x100.jpg 100w, https:\/\/aflamo.shop\/wp-content\/uploads\/2023\/09\/unique_Dame_black-white-600x600.jpg 600w, https:\/\/aflamo.shop\/wp-content\/uploads\/2023\/09\/unique_Dame_black-white-150x150.jpg 150w\" sizes=\"(max-width: 700px) 100vw, 700px\" \/><\/p>\n<h4><strong>F\u00e1cil Instalaci\u00f3n:<\/strong><\/h4>\n<ol>\n<li>Coloca el soporte en la pared.<\/li>\n<li>Cuelga la chimenea.<\/li>\n<li>Disfruta de su atm\u00f3sfera \u00fanica en cualquier momento.<\/li>\n<\/ol>\n<h4><strong>Funciones de Calefacci\u00f3n:<\/strong><\/h4>\n<ul>\n<li><strong>Dos niveles de potencia de calefacci\u00f3n<\/strong>: 750W y 1500W, para un m\u00e1ximo confort t\u00e9rmico.<\/li>\n<li><strong>Termostato digital<\/strong>: Ajuste de la temperatura de 18\u00b0C a 27\u00b0C.<\/li>\n<li><strong>Sensor de ventana abierta<\/strong>: Apagado autom\u00e1tico al detectar una ca\u00edda de temperatura por apertura de una ventana.<\/li>\n<li><strong>Protecci\u00f3n contra sobrecalentamiento<\/strong>: Garantiza un uso seguro.<\/li>\n<\/ul>\n<h4><strong>Comodidad y Facilidad de Uso:<\/strong><\/h4>\n<ul>\n<li><strong>Mando a distancia<\/strong>: Control c\u00f3modo de la chimenea desde cualquier punto de la habitaci\u00f3n.<\/li>\n<li><strong>Funci\u00f3n de temporizador<\/strong>: Programa el apagado autom\u00e1tico para ahorrar energ\u00eda.<\/li>\n<li><strong>Programador semanal<\/strong>: Personaliza el funcionamiento de la chimenea seg\u00fan tu horario.<\/li>\n<\/ul>\n<h3><strong>Resumen<\/strong><\/h3>\n<p>La chimenea el\u00e9ctrica LED <strong>Dame<\/strong> es una perfecta combinaci\u00f3n de estilo, comodidad y seguridad. Gracias a su <strong>hogar de tres lados<\/strong> y a los <strong>troncos de cer\u00e1mica<\/strong>, aporta a tu espacio una atm\u00f3sfera \u00fanica y elegante. Ideal para quienes desean darle a su hogar un toque de modernidad sin renunciar al calor y la acogida. Es la manera perfecta de crear un ambiente m\u00e1gico y c\u00e1lido en cualquier hogar.<\/p>\n<ul><strong><\/p>\n<p><a href=\"https:\/\/aflamo.shop\/wp-content\/uploads\/2023\/09\/DAME_EN-PL-DE-IT-ES-FR-CS-SK-NL-1.pdf\">Manual de usuario y seguridad<\/a><\/p>\n<p><\/strong><\/ul>\n<h3><strong>Dibujo T\u00e9cnico:<\/strong><\/h3>\n<p><img loading=\"lazy\" decoding=\"async\" class=\"alignnone wp-image-9852 size-full\" src=\"https:\/\/aflamo.shop\/wp-content\/uploads\/2023\/09\/Dame.png\" alt=\"Dibujo T\u00e9cnico\" width=\"939\" height=\"827\" srcset=\"https:\/\/aflamo.shop\/wp-content\/uploads\/2023\/09\/Dame.png 939w, https:\/\/aflamo.shop\/wp-content\/uploads\/2023\/09\/Dame-600x528.png 600w, https:\/\/aflamo.shop\/wp-content\/uploads\/2023\/09\/Dame-300x264.png 300w, https:\/\/aflamo.shop\/wp-content\/uploads\/2023\/09\/Dame-768x676.png 768w\" sizes=\"(max-width: 939px) 100vw, 939px\" \/><\/p>\n","protected":false},"excerpt":{"rendered":"<p>Productor: Aflamo<\/p>\n<p>GETIN: 5908283562459<\/p>\n<p\/>\n<p>Chimenea el\u00e9ctrica de pared<\/p>\n<p><b>Colores disponibles:<\/b><\/p>\n<ul>\n<li class=\"kp-bialy\"><a href=\"https:\/\/aflamo.shop\/es\/p\/chimenea-electrica-aflamo-dame-blanco-led-de-pared-empotrada-con-funcion-de-calefaccion\/\">Blanco<\/a><\/li>\n<li class=\"kp-czarny\"><a href=\"hhttps:\/\/aflamo.shop\/es\/p\/chimenea-electrica-aflamo-dame-negra-led-de-pared-empotrada-con-funcion-de-calefaccion\/\">Negra<\/a><\/li>\n<\/ul>\n<p><b>Dimensiones:<\/b> 90x 45 x 16 cm<\/p>\n","protected":false},"featured_media":22370,"comment_status":"open","ping_status":"closed","template":"","meta":[],"product_brand":[],"product_cat":[678,190,198,669,194,193],"product_tag":[],"class_list":{"0":"post-10342","1":"product","2":"type-product","3":"status-publish","4":"has-post-thumbnail","6":"product_cat-aflamo","7":"product_cat-chimeneas-electricas","8":"product_cat-chimeneas-electricas-led-con-funcion-de-calefaccion","9":"product_cat-chimeneas-electricas-led-de-pared","10":"product_cat-chimeneas-led-de-tres-lados","11":"product_cat-chimeneas-led-empotradas","13":"first","14":"instock","15":"shipping-taxable","16":"purchasable","17":"product-type-simple"},"yoast_head":"<!-- This site is optimized with the Yoast SEO plugin v27.1.1 - https:\/\/yoast.com\/product\/yoast-seo-wordpress\/ -->\n<title>Aflamo Dame negra - Chimenea el\u00e9ctrica LED de pared\/empotrada con funci\u00f3n de calefacci\u00f3n - aflamo.shop - distribuidor certificado de aflamo<\/title>\n<meta name=\"description\" content=\"Chimenea el\u00e9ctrica LED Dame: estilo, comodidad y seguridad. El brasero de tres lados con le\u00f1os de cer\u00e1mica crea un ambiente c\u00e1lido y elegante en su hogar.\" \/>\n<meta name=\"robots\" content=\"index, follow, max-snippet:-1, max-image-preview:large, max-video-preview:-1\" \/>\n<link rel=\"canonical\" href=\"https:\/\/aflamo.shop\/es\/p\/chimenea-electrica-aflamo-dame-negra-led-de-pared-empotrada-con-funcion-de-calefaccion\/\" \/>\n<meta property=\"og:locale\" content=\"es_ES\" \/>\n<meta property=\"og:type\" content=\"article\" \/>\n<meta property=\"og:title\" content=\"Aflamo Dame negra - Chimenea el\u00e9ctrica LED de pared\/empotrada con funci\u00f3n de calefacci\u00f3n - aflamo.shop - distribuidor certificado de aflamo\" \/>\n<meta property=\"og:description\" content=\"Chimenea el\u00e9ctrica LED Dame: estilo, comodidad y seguridad. El brasero de tres lados con le\u00f1os de cer\u00e1mica crea un ambiente c\u00e1lido y elegante en su hogar.\" \/>\n<meta property=\"og:url\" content=\"https:\/\/aflamo.shop\/es\/p\/chimenea-electrica-aflamo-dame-negra-led-de-pared-empotrada-con-funcion-de-calefaccion\/\" \/>\n<meta property=\"og:site_name\" content=\"aflamo.shop - distribuidor certificado de aflamo\" \/>\n<meta property=\"article:modified_time\" content=\"2026-03-10T10:10:29+00:00\" \/>\n<meta property=\"og:image\" content=\"https:\/\/aflamo.shop\/wp-content\/uploads\/2023\/09\/Projekt-bez-nazwy65.png\" \/>\n\t<meta property=\"og:image:width\" content=\"2048\" \/>\n\t<meta property=\"og:image:height\" content=\"2048\" \/>\n\t<meta property=\"og:image:type\" content=\"image\/png\" \/>\n<meta name=\"twitter:card\" content=\"summary_large_image\" \/>\n<meta name=\"twitter:label1\" content=\"Tiempo de lectura\" \/>\n\t<meta name=\"twitter:data1\" content=\"4 minutos\" \/>\n<script type=\"application\/ld+json\" class=\"yoast-schema-graph\">{\"@context\":\"https:\/\/schema.org\",\"@graph\":[{\"@type\":\"WebPage\",\"@id\":\"https:\/\/aflamo.shop\/es\/p\/chimenea-electrica-aflamo-dame-negra-led-de-pared-empotrada-con-funcion-de-calefaccion\/\",\"url\":\"https:\/\/aflamo.shop\/es\/p\/chimenea-electrica-aflamo-dame-negra-led-de-pared-empotrada-con-funcion-de-calefaccion\/\",\"name\":\"Aflamo Dame negra - Chimenea el\u00e9ctrica LED de pared\/empotrada con funci\u00f3n de calefacci\u00f3n - aflamo.shop - distribuidor certificado de aflamo\",\"isPartOf\":{\"@id\":\"https:\/\/aflamo.shop\/es\/#website\"},\"primaryImageOfPage\":{\"@id\":\"https:\/\/aflamo.shop\/es\/p\/chimenea-electrica-aflamo-dame-negra-led-de-pared-empotrada-con-funcion-de-calefaccion\/#primaryimage\"},\"image\":{\"@id\":\"https:\/\/aflamo.shop\/es\/p\/chimenea-electrica-aflamo-dame-negra-led-de-pared-empotrada-con-funcion-de-calefaccion\/#primaryimage\"},\"thumbnailUrl\":\"https:\/\/aflamo.shop\/wp-content\/uploads\/2023\/09\/Projekt-bez-nazwy65.png\",\"datePublished\":\"2023-09-28T10:37:51+00:00\",\"dateModified\":\"2026-03-10T10:10:29+00:00\",\"description\":\"Chimenea el\u00e9ctrica LED Dame: estilo, comodidad y seguridad. El brasero de tres lados con le\u00f1os de cer\u00e1mica crea un ambiente c\u00e1lido y elegante en su hogar.\",\"breadcrumb\":{\"@id\":\"https:\/\/aflamo.shop\/es\/p\/chimenea-electrica-aflamo-dame-negra-led-de-pared-empotrada-con-funcion-de-calefaccion\/#breadcrumb\"},\"inLanguage\":\"es\",\"potentialAction\":[{\"@type\":\"ReadAction\",\"target\":[\"https:\/\/aflamo.shop\/es\/p\/chimenea-electrica-aflamo-dame-negra-led-de-pared-empotrada-con-funcion-de-calefaccion\/\"]}]},{\"@type\":\"ImageObject\",\"inLanguage\":\"es\",\"@id\":\"https:\/\/aflamo.shop\/es\/p\/chimenea-electrica-aflamo-dame-negra-led-de-pared-empotrada-con-funcion-de-calefaccion\/#primaryimage\",\"url\":\"https:\/\/aflamo.shop\/wp-content\/uploads\/2023\/09\/Projekt-bez-nazwy65.png\",\"contentUrl\":\"https:\/\/aflamo.shop\/wp-content\/uploads\/2023\/09\/Projekt-bez-nazwy65.png\",\"width\":2048,\"height\":2048},{\"@type\":\"BreadcrumbList\",\"@id\":\"https:\/\/aflamo.shop\/es\/p\/chimenea-electrica-aflamo-dame-negra-led-de-pared-empotrada-con-funcion-de-calefaccion\/#breadcrumb\",\"itemListElement\":[{\"@type\":\"ListItem\",\"position\":1,\"name\":\"P\u00e1gina principal\",\"item\":\"https:\/\/aflamo.shop\/es\/\"},{\"@type\":\"ListItem\",\"position\":2,\"name\":\"Tienda\",\"item\":\"https:\/\/aflamo.shop\/tienda\/\"},{\"@type\":\"ListItem\",\"position\":3,\"name\":\"Chimeneas el\u00e9ctricas\",\"item\":\"https:\/\/aflamo.shop\/es\/s\/chimeneas-electricas\/\"},{\"@type\":\"ListItem\",\"position\":4,\"name\":\"Aflamo Dame negra &#8211; Chimenea el\u00e9ctrica LED de pared\/empotrada con funci\u00f3n de calefacci\u00f3n\"}]},{\"@type\":\"WebSite\",\"@id\":\"https:\/\/aflamo.shop\/es\/#website\",\"url\":\"https:\/\/aflamo.shop\/es\/\",\"name\":\"aflamo.shop - distribuidor certificado de aflamo\",\"description\":\"Kominki elektryczne Aflamo i Emotion Flame z funkcj\u0105 grzania\",\"publisher\":{\"@id\":\"https:\/\/aflamo.shop\/es\/#organization\"},\"potentialAction\":[{\"@type\":\"SearchAction\",\"target\":{\"@type\":\"EntryPoint\",\"urlTemplate\":\"https:\/\/aflamo.shop\/es\/?s={search_term_string}\"},\"query-input\":{\"@type\":\"PropertyValueSpecification\",\"valueRequired\":true,\"valueName\":\"search_term_string\"}}],\"inLanguage\":\"es\"},{\"@type\":\"Organization\",\"@id\":\"https:\/\/aflamo.shop\/es\/#organization\",\"name\":\"aflamo.shop - distribuidor certificado de aflamo\",\"url\":\"https:\/\/aflamo.shop\/es\/\",\"logo\":{\"@type\":\"ImageObject\",\"inLanguage\":\"es\",\"@id\":\"https:\/\/aflamo.shop\/es\/#\/schema\/logo\/image\/\",\"url\":\"https:\/\/aflamo.shop\/wp-content\/uploads\/2019\/10\/logo2.1-1-1.svg\",\"contentUrl\":\"https:\/\/aflamo.shop\/wp-content\/uploads\/2019\/10\/logo2.1-1-1.svg\",\"caption\":\"aflamo.shop - distribuidor certificado de aflamo\"},\"image\":{\"@id\":\"https:\/\/aflamo.shop\/es\/#\/schema\/logo\/image\/\"}}]}<\/script>\n<!-- \/ Yoast SEO plugin. -->","yoast_head_json":{"title":"Aflamo Dame negra - Chimenea el\u00e9ctrica LED de pared\/empotrada con funci\u00f3n de calefacci\u00f3n - aflamo.shop - distribuidor certificado de aflamo","description":"Chimenea el\u00e9ctrica LED Dame: estilo, comodidad y seguridad. El brasero de tres lados con le\u00f1os de cer\u00e1mica crea un ambiente c\u00e1lido y elegante en su hogar.","robots":{"index":"index","follow":"follow","max-snippet":"max-snippet:-1","max-image-preview":"max-image-preview:large","max-video-preview":"max-video-preview:-1"},"canonical":"https:\/\/aflamo.shop\/es\/p\/chimenea-electrica-aflamo-dame-negra-led-de-pared-empotrada-con-funcion-de-calefaccion\/","og_locale":"es_ES","og_type":"article","og_title":"Aflamo Dame negra - Chimenea el\u00e9ctrica LED de pared\/empotrada con funci\u00f3n de calefacci\u00f3n - aflamo.shop - distribuidor certificado de aflamo","og_description":"Chimenea el\u00e9ctrica LED Dame: estilo, comodidad y seguridad. El brasero de tres lados con le\u00f1os de cer\u00e1mica crea un ambiente c\u00e1lido y elegante en su hogar.","og_url":"https:\/\/aflamo.shop\/es\/p\/chimenea-electrica-aflamo-dame-negra-led-de-pared-empotrada-con-funcion-de-calefaccion\/","og_site_name":"aflamo.shop - distribuidor certificado de aflamo","article_modified_time":"2026-03-10T10:10:29+00:00","og_image":[{"width":2048,"height":2048,"url":"https:\/\/aflamo.shop\/wp-content\/uploads\/2023\/09\/Projekt-bez-nazwy65.png","type":"image\/png"}],"twitter_card":"summary_large_image","twitter_misc":{"Tiempo de lectura":"4 minutos"},"schema":{"@context":"https:\/\/schema.org","@graph":[{"@type":"WebPage","@id":"https:\/\/aflamo.shop\/es\/p\/chimenea-electrica-aflamo-dame-negra-led-de-pared-empotrada-con-funcion-de-calefaccion\/","url":"https:\/\/aflamo.shop\/es\/p\/chimenea-electrica-aflamo-dame-negra-led-de-pared-empotrada-con-funcion-de-calefaccion\/","name":"Aflamo Dame negra - Chimenea el\u00e9ctrica LED de pared\/empotrada con funci\u00f3n de calefacci\u00f3n - aflamo.shop - distribuidor certificado de aflamo","isPartOf":{"@id":"https:\/\/aflamo.shop\/es\/#website"},"primaryImageOfPage":{"@id":"https:\/\/aflamo.shop\/es\/p\/chimenea-electrica-aflamo-dame-negra-led-de-pared-empotrada-con-funcion-de-calefaccion\/#primaryimage"},"image":{"@id":"https:\/\/aflamo.shop\/es\/p\/chimenea-electrica-aflamo-dame-negra-led-de-pared-empotrada-con-funcion-de-calefaccion\/#primaryimage"},"thumbnailUrl":"https:\/\/aflamo.shop\/wp-content\/uploads\/2023\/09\/Projekt-bez-nazwy65.png","datePublished":"2023-09-28T10:37:51+00:00","dateModified":"2026-03-10T10:10:29+00:00","description":"Chimenea el\u00e9ctrica LED Dame: estilo, comodidad y seguridad. El brasero de tres lados con le\u00f1os de cer\u00e1mica crea un ambiente c\u00e1lido y elegante en su hogar.","breadcrumb":{"@id":"https:\/\/aflamo.shop\/es\/p\/chimenea-electrica-aflamo-dame-negra-led-de-pared-empotrada-con-funcion-de-calefaccion\/#breadcrumb"},"inLanguage":"es","potentialAction":[{"@type":"ReadAction","target":["https:\/\/aflamo.shop\/es\/p\/chimenea-electrica-aflamo-dame-negra-led-de-pared-empotrada-con-funcion-de-calefaccion\/"]}]},{"@type":"ImageObject","inLanguage":"es","@id":"https:\/\/aflamo.shop\/es\/p\/chimenea-electrica-aflamo-dame-negra-led-de-pared-empotrada-con-funcion-de-calefaccion\/#primaryimage","url":"https:\/\/aflamo.shop\/wp-content\/uploads\/2023\/09\/Projekt-bez-nazwy65.png","contentUrl":"https:\/\/aflamo.shop\/wp-content\/uploads\/2023\/09\/Projekt-bez-nazwy65.png","width":2048,"height":2048},{"@type":"BreadcrumbList","@id":"https:\/\/aflamo.shop\/es\/p\/chimenea-electrica-aflamo-dame-negra-led-de-pared-empotrada-con-funcion-de-calefaccion\/#breadcrumb","itemListElement":[{"@type":"ListItem","position":1,"name":"P\u00e1gina principal","item":"https:\/\/aflamo.shop\/es\/"},{"@type":"ListItem","position":2,"name":"Tienda","item":"https:\/\/aflamo.shop\/tienda\/"},{"@type":"ListItem","position":3,"name":"Chimeneas el\u00e9ctricas","item":"https:\/\/aflamo.shop\/es\/s\/chimeneas-electricas\/"},{"@type":"ListItem","position":4,"name":"Aflamo Dame negra &#8211; Chimenea el\u00e9ctrica LED de pared\/empotrada con funci\u00f3n de calefacci\u00f3n"}]},{"@type":"WebSite","@id":"https:\/\/aflamo.shop\/es\/#website","url":"https:\/\/aflamo.shop\/es\/","name":"aflamo.shop - distribuidor certificado de aflamo","description":"Kominki elektryczne Aflamo i Emotion Flame z funkcj\u0105 grzania","publisher":{"@id":"https:\/\/aflamo.shop\/es\/#organization"},"potentialAction":[{"@type":"SearchAction","target":{"@type":"EntryPoint","urlTemplate":"https:\/\/aflamo.shop\/es\/?s={search_term_string}"},"query-input":{"@type":"PropertyValueSpecification","valueRequired":true,"valueName":"search_term_string"}}],"inLanguage":"es"},{"@type":"Organization","@id":"https:\/\/aflamo.shop\/es\/#organization","name":"aflamo.shop - distribuidor certificado de aflamo","url":"https:\/\/aflamo.shop\/es\/","logo":{"@type":"ImageObject","inLanguage":"es","@id":"https:\/\/aflamo.shop\/es\/#\/schema\/logo\/image\/","url":"https:\/\/aflamo.shop\/wp-content\/uploads\/2019\/10\/logo2.1-1-1.svg","contentUrl":"https:\/\/aflamo.shop\/wp-content\/uploads\/2019\/10\/logo2.1-1-1.svg","caption":"aflamo.shop - distribuidor certificado de aflamo"},"image":{"@id":"https:\/\/aflamo.shop\/es\/#\/schema\/logo\/image\/"}}]}},"_links":{"self":[{"href":"https:\/\/aflamo.shop\/es\/wp-json\/wp\/v2\/product\/10342","targetHints":{"allow":["GET"]}}],"collection":[{"href":"https:\/\/aflamo.shop\/es\/wp-json\/wp\/v2\/product"}],"about":[{"href":"https:\/\/aflamo.shop\/es\/wp-json\/wp\/v2\/types\/product"}],"replies":[{"embeddable":true,"href":"https:\/\/aflamo.shop\/es\/wp-json\/wp\/v2\/comments?post=10342"}],"wp:featuredmedia":[{"embeddable":true,"href":"https:\/\/aflamo.shop\/es\/wp-json\/wp\/v2\/media\/22370"}],"wp:attachment":[{"href":"https:\/\/aflamo.shop\/es\/wp-json\/wp\/v2\/media?parent=10342"}],"wp:term":[{"taxonomy":"product_brand","embeddable":true,"href":"https:\/\/aflamo.shop\/es\/wp-json\/wp\/v2\/product_brand?post=10342"},{"taxonomy":"product_cat","embeddable":true,"href":"https:\/\/aflamo.shop\/es\/wp-json\/wp\/v2\/product_cat?post=10342"},{"taxonomy":"product_tag","embeddable":true,"href":"https:\/\/aflamo.shop\/es\/wp-json\/wp\/v2\/product_tag?post=10342"}],"curies":[{"name":"wp","href":"https:\/\/api.w.org\/{rel}","templated":true}]}}