{"id":8669,"date":"2023-03-16T19:42:04","date_gmt":"2023-03-16T19:42:04","guid":{"rendered":"https:\/\/aflamo.shop\/reclamaciones-y-devoluciones\/"},"modified":"2026-04-24T08:25:17","modified_gmt":"2026-04-24T08:25:17","slug":"reclamaciones-y-devoluciones","status":"publish","type":"page","link":"https:\/\/aflamo.shop\/es\/reclamaciones-y-devoluciones\/","title":{"rendered":"Reclamaciones y devoluciones"},"content":{"rendered":"\t\t<div data-elementor-type=\"wp-page\" data-elementor-id=\"8669\" class=\"elementor elementor-8669 elementor-1074\" wpc-filter-elementor-widget=\"1\">\n\t\t\t\t\t\t<section class=\"elementor-section elementor-top-section elementor-element elementor-element-b72a0d1 elementor-section-boxed elementor-section-height-default elementor-section-height-default\" data-id=\"b72a0d1\" data-element_type=\"section\" data-e-type=\"section\">\n\t\t\t\t\t\t<div class=\"elementor-container elementor-column-gap-default\">\n\t\t\t\t\t<div class=\"elementor-column elementor-col-100 elementor-top-column elementor-element elementor-element-02c21e8\" data-id=\"02c21e8\" data-element_type=\"column\" data-e-type=\"column\">\n\t\t\t<div class=\"elementor-widget-wrap elementor-element-populated\">\n\t\t\t\t\t\t<div class=\"elementor-element elementor-element-e33ea6a elementor-widget-divider--view-line elementor-widget elementor-widget-divider\" data-id=\"e33ea6a\" data-element_type=\"widget\" data-e-type=\"widget\" data-widget_type=\"divider.default\">\n\t\t\t\t\t\t\t<div class=\"elementor-divider\">\n\t\t\t<span class=\"elementor-divider-separator\">\n\t\t\t\t\t\t<\/span>\n\t\t<\/div>\n\t\t\t\t\t\t<\/div>\n\t\t\t\t<div class=\"elementor-element elementor-element-87561cc elementor-widget elementor-widget-heading\" data-id=\"87561cc\" data-element_type=\"widget\" data-e-type=\"widget\" data-widget_type=\"heading.default\">\n\t\t\t\t\t<h2 class=\"elementor-heading-title elementor-size-default\">Reclamaciones y devoluciones<\/h2>\t\t\t\t<\/div>\n\t\t\t\t<div class=\"elementor-element elementor-element-c80c6d5 elementor-widget__width-initial elementor-widget elementor-widget-text-editor\" data-id=\"c80c6d5\" data-element_type=\"widget\" data-e-type=\"widget\" data-widget_type=\"text-editor.default\">\n\t\t\t\t\t\t\t\t\t<h2>Garant\u00eda y reclamaciones<\/h2>\n<p>Todas nuestras chimeneas est\u00e1n cubiertas por una garant\u00eda del fabricante de 2 a\u00f1os.<br \/>Si el producto que nos compr\u00f3 ha dejado de funcionar, use la opci\u00f3n de queja. P\u00f3ngase en contacto con nosotros mediante el formulario de contacto disponible en la pesta\u00f1a Contacto o por correo electr\u00f3nico: info@aflamo.shop.<br \/>En la notificaci\u00f3n, describa el problema, adjunte un video que muestre el defecto y el comprobante de compra.<\/p>\n\t\t\t\t\t\t\t\t<\/div>\n\t\t\t\t\t<\/div>\n\t\t<\/div>\n\t\t\t\t\t<\/div>\n\t\t<\/section>\n\t\t\t\t<\/div>\n\t\t","protected":false},"excerpt":{"rendered":"<p>Reclamaciones y devoluciones Garant\u00eda y reclamaciones Todas nuestras chimeneas est\u00e1n cubiertas por una garant\u00eda del fabricante de 2 a\u00f1os.Si el producto que nos compr\u00f3 ha dejado de funcionar, use la opci\u00f3n de queja. P\u00f3ngase en contacto con nosotros mediante el formulario de contacto disponible en la pesta\u00f1a Contacto o por correo electr\u00f3nico: info@aflamo.shop.En la notificaci\u00f3n, [&hellip;]<\/p>\n","protected":false},"author":1,"featured_media":0,"parent":0,"menu_order":0,"comment_status":"closed","ping_status":"closed","template":"","meta":{"footnotes":""},"class_list":["post-8669","page","type-page","status-publish","hentry"],"blocksy_meta":[],"yoast_head":"<!-- This site is optimized with the Yoast SEO plugin v27.4 - https:\/\/yoast.com\/product\/yoast-seo-wordpress\/ -->\n<title>Reclamaciones y devoluciones - aflamo.shop - distribuidor certificado de aflamo<\/title>\n<meta name=\"robots\" content=\"index, follow, max-snippet:-1, max-image-preview:large, max-video-preview:-1\" \/>\n<link rel=\"canonical\" href=\"https:\/\/aflamo.shop\/es\/reclamaciones-y-devoluciones\/\" \/>\n<meta property=\"og:locale\" content=\"es_ES\" \/>\n<meta property=\"og:type\" content=\"article\" \/>\n<meta property=\"og:title\" content=\"Reclamaciones y devoluciones - aflamo.shop - distribuidor certificado de aflamo\" \/>\n<meta property=\"og:description\" content=\"Reclamaciones y devoluciones Garant\u00eda y reclamaciones Todas nuestras chimeneas est\u00e1n cubiertas por una garant\u00eda del fabricante de 2 a\u00f1os.Si el producto que nos compr\u00f3 ha dejado de funcionar, use la opci\u00f3n de queja. P\u00f3ngase en contacto con nosotros mediante el formulario de contacto disponible en la pesta\u00f1a Contacto o por correo electr\u00f3nico: info@aflamo.shop.En la notificaci\u00f3n, [&hellip;]\" \/>\n<meta property=\"og:url\" content=\"https:\/\/aflamo.shop\/es\/reclamaciones-y-devoluciones\/\" \/>\n<meta property=\"og:site_name\" content=\"aflamo.shop - distribuidor certificado de aflamo\" \/>\n<meta property=\"article:modified_time\" content=\"2026-04-24T08:25:17+00:00\" \/>\n<meta name=\"twitter:card\" content=\"summary_large_image\" \/>\n<meta name=\"twitter:label1\" content=\"Tiempo de lectura\" \/>\n\t<meta name=\"twitter:data1\" content=\"1 minuto\" \/>\n<script type=\"application\/ld+json\" class=\"yoast-schema-graph\">{\"@context\":\"https:\\\/\\\/schema.org\",\"@graph\":[{\"@type\":\"WebPage\",\"@id\":\"https:\\\/\\\/aflamo.shop\\\/es\\\/reclamaciones-y-devoluciones\\\/\",\"url\":\"https:\\\/\\\/aflamo.shop\\\/es\\\/reclamaciones-y-devoluciones\\\/\",\"name\":\"Reclamaciones y devoluciones - aflamo.shop - distribuidor certificado de aflamo\",\"isPartOf\":{\"@id\":\"https:\\\/\\\/aflamo.shop\\\/es\\\/#website\"},\"datePublished\":\"2023-03-16T19:42:04+00:00\",\"dateModified\":\"2026-04-24T08:25:17+00:00\",\"breadcrumb\":{\"@id\":\"https:\\\/\\\/aflamo.shop\\\/es\\\/reclamaciones-y-devoluciones\\\/#breadcrumb\"},\"inLanguage\":\"es\",\"potentialAction\":[{\"@type\":\"ReadAction\",\"target\":[\"https:\\\/\\\/aflamo.shop\\\/es\\\/reclamaciones-y-devoluciones\\\/\"]}]},{\"@type\":\"BreadcrumbList\",\"@id\":\"https:\\\/\\\/aflamo.shop\\\/es\\\/reclamaciones-y-devoluciones\\\/#breadcrumb\",\"itemListElement\":[{\"@type\":\"ListItem\",\"position\":1,\"name\":\"P\u00e1gina principal\",\"item\":\"https:\\\/\\\/aflamo.shop\\\/es\\\/\"},{\"@type\":\"ListItem\",\"position\":2,\"name\":\"Reclamaciones y devoluciones\"}]},{\"@type\":\"WebSite\",\"@id\":\"https:\\\/\\\/aflamo.shop\\\/es\\\/#website\",\"url\":\"https:\\\/\\\/aflamo.shop\\\/es\\\/\",\"name\":\"aflamo.shop - distribuidor certificado de aflamo\",\"description\":\"Kominki elektryczne Aflamo i Emotion Flame z funkcj\u0105 grzania\",\"publisher\":{\"@id\":\"https:\\\/\\\/aflamo.shop\\\/es\\\/#organization\"},\"potentialAction\":[{\"@type\":\"SearchAction\",\"target\":{\"@type\":\"EntryPoint\",\"urlTemplate\":\"https:\\\/\\\/aflamo.shop\\\/es\\\/?s={search_term_string}\"},\"query-input\":{\"@type\":\"PropertyValueSpecification\",\"valueRequired\":true,\"valueName\":\"search_term_string\"}}],\"inLanguage\":\"es\"},{\"@type\":\"Organization\",\"@id\":\"https:\\\/\\\/aflamo.shop\\\/es\\\/#organization\",\"name\":\"aflamo.shop - distribuidor certificado de aflamo\",\"url\":\"https:\\\/\\\/aflamo.shop\\\/es\\\/\",\"logo\":{\"@type\":\"ImageObject\",\"inLanguage\":\"es\",\"@id\":\"https:\\\/\\\/aflamo.shop\\\/es\\\/#\\\/schema\\\/logo\\\/image\\\/\",\"url\":\"https:\\\/\\\/aflamo.shop\\\/wp-content\\\/uploads\\\/2019\\\/10\\\/logo2.1-1-1.svg\",\"contentUrl\":\"https:\\\/\\\/aflamo.shop\\\/wp-content\\\/uploads\\\/2019\\\/10\\\/logo2.1-1-1.svg\",\"caption\":\"aflamo.shop - distribuidor certificado de aflamo\"},\"image\":{\"@id\":\"https:\\\/\\\/aflamo.shop\\\/es\\\/#\\\/schema\\\/logo\\\/image\\\/\"}}]}<\/script>\n<!-- \/ Yoast SEO plugin. -->","yoast_head_json":{"title":"Reclamaciones y devoluciones - aflamo.shop - distribuidor certificado de aflamo","robots":{"index":"index","follow":"follow","max-snippet":"max-snippet:-1","max-image-preview":"max-image-preview:large","max-video-preview":"max-video-preview:-1"},"canonical":"https:\/\/aflamo.shop\/es\/reclamaciones-y-devoluciones\/","og_locale":"es_ES","og_type":"article","og_title":"Reclamaciones y devoluciones - aflamo.shop - distribuidor certificado de aflamo","og_description":"Reclamaciones y devoluciones Garant\u00eda y reclamaciones Todas nuestras chimeneas est\u00e1n cubiertas por una garant\u00eda del fabricante de 2 a\u00f1os.Si el producto que nos compr\u00f3 ha dejado de funcionar, use la opci\u00f3n de queja. P\u00f3ngase en contacto con nosotros mediante el formulario de contacto disponible en la pesta\u00f1a Contacto o por correo electr\u00f3nico: info@aflamo.shop.En la notificaci\u00f3n, [&hellip;]","og_url":"https:\/\/aflamo.shop\/es\/reclamaciones-y-devoluciones\/","og_site_name":"aflamo.shop - distribuidor certificado de aflamo","article_modified_time":"2026-04-24T08:25:17+00:00","twitter_card":"summary_large_image","twitter_misc":{"Tiempo de lectura":"1 minuto"},"schema":{"@context":"https:\/\/schema.org","@graph":[{"@type":"WebPage","@id":"https:\/\/aflamo.shop\/es\/reclamaciones-y-devoluciones\/","url":"https:\/\/aflamo.shop\/es\/reclamaciones-y-devoluciones\/","name":"Reclamaciones y devoluciones - aflamo.shop - distribuidor certificado de aflamo","isPartOf":{"@id":"https:\/\/aflamo.shop\/es\/#website"},"datePublished":"2023-03-16T19:42:04+00:00","dateModified":"2026-04-24T08:25:17+00:00","breadcrumb":{"@id":"https:\/\/aflamo.shop\/es\/reclamaciones-y-devoluciones\/#breadcrumb"},"inLanguage":"es","potentialAction":[{"@type":"ReadAction","target":["https:\/\/aflamo.shop\/es\/reclamaciones-y-devoluciones\/"]}]},{"@type":"BreadcrumbList","@id":"https:\/\/aflamo.shop\/es\/reclamaciones-y-devoluciones\/#breadcrumb","itemListElement":[{"@type":"ListItem","position":1,"name":"P\u00e1gina principal","item":"https:\/\/aflamo.shop\/es\/"},{"@type":"ListItem","position":2,"name":"Reclamaciones y devoluciones"}]},{"@type":"WebSite","@id":"https:\/\/aflamo.shop\/es\/#website","url":"https:\/\/aflamo.shop\/es\/","name":"aflamo.shop - distribuidor certificado de aflamo","description":"Kominki elektryczne Aflamo i Emotion Flame z funkcj\u0105 grzania","publisher":{"@id":"https:\/\/aflamo.shop\/es\/#organization"},"potentialAction":[{"@type":"SearchAction","target":{"@type":"EntryPoint","urlTemplate":"https:\/\/aflamo.shop\/es\/?s={search_term_string}"},"query-input":{"@type":"PropertyValueSpecification","valueRequired":true,"valueName":"search_term_string"}}],"inLanguage":"es"},{"@type":"Organization","@id":"https:\/\/aflamo.shop\/es\/#organization","name":"aflamo.shop - distribuidor certificado de aflamo","url":"https:\/\/aflamo.shop\/es\/","logo":{"@type":"ImageObject","inLanguage":"es","@id":"https:\/\/aflamo.shop\/es\/#\/schema\/logo\/image\/","url":"https:\/\/aflamo.shop\/wp-content\/uploads\/2019\/10\/logo2.1-1-1.svg","contentUrl":"https:\/\/aflamo.shop\/wp-content\/uploads\/2019\/10\/logo2.1-1-1.svg","caption":"aflamo.shop - distribuidor certificado de aflamo"},"image":{"@id":"https:\/\/aflamo.shop\/es\/#\/schema\/logo\/image\/"}}]}},"_links":{"self":[{"href":"https:\/\/aflamo.shop\/es\/wp-json\/wp\/v2\/pages\/8669","targetHints":{"allow":["GET"]}}],"collection":[{"href":"https:\/\/aflamo.shop\/es\/wp-json\/wp\/v2\/pages"}],"about":[{"href":"https:\/\/aflamo.shop\/es\/wp-json\/wp\/v2\/types\/page"}],"author":[{"embeddable":true,"href":"https:\/\/aflamo.shop\/es\/wp-json\/wp\/v2\/users\/1"}],"replies":[{"embeddable":true,"href":"https:\/\/aflamo.shop\/es\/wp-json\/wp\/v2\/comments?post=8669"}],"version-history":[{"count":20,"href":"https:\/\/aflamo.shop\/es\/wp-json\/wp\/v2\/pages\/8669\/revisions"}],"predecessor-version":[{"id":28623,"href":"https:\/\/aflamo.shop\/es\/wp-json\/wp\/v2\/pages\/8669\/revisions\/28623"}],"wp:attachment":[{"href":"https:\/\/aflamo.shop\/es\/wp-json\/wp\/v2\/media?parent=8669"}],"curies":[{"name":"wp","href":"https:\/\/api.w.org\/{rel}","templated":true}]}}