{"id":8655,"date":"2021-04-21T21:34:52","date_gmt":"2021-04-21T21:34:52","guid":{"rendered":"https:\/\/aflamo.shop\/carrito\/"},"modified":"2024-01-29T13:19:34","modified_gmt":"2024-01-29T13:19:34","slug":"carrito","status":"publish","type":"page","link":"https:\/\/aflamo.shop\/es\/carrito\/","title":{"rendered":"Carrito"},"content":{"rendered":"\t\t<div data-elementor-type=\"wp-page\" data-elementor-id=\"8655\" class=\"elementor elementor-8655 elementor-69\">\n\t\t\t\t\t\t<section class=\"elementor-section elementor-top-section elementor-element elementor-element-7d51acb6 elementor-section-boxed elementor-section-height-default elementor-section-height-default\" data-id=\"7d51acb6\" data-element_type=\"section\" data-e-type=\"section\">\n\t\t\t\t\t\t<div class=\"elementor-container elementor-column-gap-default\">\n\t\t\t\t\t<div class=\"elementor-column elementor-col-100 elementor-top-column elementor-element elementor-element-41263ad\" data-id=\"41263ad\" data-element_type=\"column\" data-e-type=\"column\">\n\t\t\t<div class=\"elementor-widget-wrap elementor-element-populated\">\n\t\t\t\t\t\t<div class=\"elementor-element elementor-element-151eacf elementor-widget-divider--view-line elementor-widget elementor-widget-divider\" data-id=\"151eacf\" data-element_type=\"widget\" data-e-type=\"widget\" data-widget_type=\"divider.default\">\n\t\t\t\t\t\t\t<div class=\"elementor-divider\">\n\t\t\t<span class=\"elementor-divider-separator\">\n\t\t\t\t\t\t<\/span>\n\t\t<\/div>\n\t\t\t\t\t\t<\/div>\n\t\t\t\t<div class=\"elementor-element elementor-element-ddbe79a elementor-widget elementor-widget-heading\" data-id=\"ddbe79a\" data-element_type=\"widget\" data-e-type=\"widget\" data-widget_type=\"heading.default\">\n\t\t\t\t\t<h2 class=\"elementor-heading-title elementor-size-default\">Koszyk<\/h2>\t\t\t\t<\/div>\n\t\t\t\t<div class=\"elementor-element elementor-element-26a6abd5 elementor-widget elementor-widget-text-editor\" data-id=\"26a6abd5\" data-element_type=\"widget\" data-e-type=\"widget\" data-widget_type=\"text-editor.default\">\n\t\t\t\t\t\t\t\t\t\n\t\t\t\t\t\t\t\t<\/div>\n\t\t\t\t\t<\/div>\n\t\t<\/div>\n\t\t\t\t\t<\/div>\n\t\t<\/section>\n\t\t\t\t<section class=\"elementor-section elementor-top-section elementor-element elementor-element-2baa39f elementor-section-boxed elementor-section-height-default elementor-section-height-default\" data-id=\"2baa39f\" data-element_type=\"section\" data-e-type=\"section\">\n\t\t\t\t\t\t<div class=\"elementor-container elementor-column-gap-default\">\n\t\t\t\t\t<div class=\"elementor-column elementor-col-50 elementor-top-column elementor-element elementor-element-ced5bf4\" data-id=\"ced5bf4\" data-element_type=\"column\" data-e-type=\"column\">\n\t\t\t<div class=\"elementor-widget-wrap\">\n\t\t\t\t\t\t\t<\/div>\n\t\t<\/div>\n\t\t\t\t<div class=\"elementor-column elementor-col-50 elementor-top-column elementor-element elementor-element-87f9f42\" data-id=\"87f9f42\" data-element_type=\"column\" data-e-type=\"column\">\n\t\t\t<div class=\"elementor-widget-wrap elementor-element-populated\">\n\t\t\t\t\t\t<div class=\"elementor-element elementor-element-149fec0 elementor-widget elementor-widget-text-editor\" data-id=\"149fec0\" data-element_type=\"widget\" data-e-type=\"widget\" data-widget_type=\"text-editor.default\">\n\t\t\t\t\t\t\t\t\t<h3><strong>Los costos de env\u00edo se presentar\u00e1n en el siguiente paso.<\/strong><\/h3><h3><strong>El tiempo estimado de entrega es de 10 a 12 d\u00edas.<\/strong><\/h3>\t\t\t\t\t\t\t\t<\/div>\n\t\t\t\t\t<\/div>\n\t\t<\/div>\n\t\t\t\t\t<\/div>\n\t\t<\/section>\n\t\t\t\t<\/div>\n\t\t","protected":false},"excerpt":{"rendered":"<p>Los costos de env\u00edo se presentar\u00e1n en el siguiente paso. El tiempo estimado de entrega es de 10 a 12 d\u00edas.<\/p>\n","protected":false},"author":1,"featured_media":0,"parent":0,"menu_order":0,"comment_status":"closed","ping_status":"closed","template":"elementor_header_footer","meta":{"footnotes":""},"class_list":["post-8655","page","type-page","status-publish","hentry"],"blocksy_meta":[],"yoast_head":"<!-- This site is optimized with the Yoast SEO plugin v27.1.1 - https:\/\/yoast.com\/product\/yoast-seo-wordpress\/ -->\n<title>Carrito - aflamo.shop - distribuidor certificado de aflamo<\/title>\n<meta name=\"robots\" content=\"index, follow, max-snippet:-1, max-image-preview:large, max-video-preview:-1\" \/>\n<link rel=\"canonical\" href=\"https:\/\/aflamo.shop\/es\/carrito\/\" \/>\n<meta property=\"og:locale\" content=\"es_ES\" \/>\n<meta property=\"og:type\" content=\"article\" \/>\n<meta property=\"og:title\" content=\"Carrito - aflamo.shop - distribuidor certificado de aflamo\" \/>\n<meta property=\"og:description\" content=\"Los costos de env\u00edo se presentar\u00e1n en el siguiente paso. El tiempo estimado de entrega es de 10 a 12 d\u00edas.\" \/>\n<meta property=\"og:url\" content=\"https:\/\/aflamo.shop\/es\/carrito\/\" \/>\n<meta property=\"og:site_name\" content=\"aflamo.shop - distribuidor certificado de aflamo\" \/>\n<meta property=\"article:modified_time\" content=\"2024-01-29T13:19:34+00:00\" \/>\n<meta name=\"twitter:card\" content=\"summary_large_image\" \/>\n<meta name=\"twitter:label1\" content=\"Tiempo de lectura\" \/>\n\t<meta name=\"twitter:data1\" content=\"1 minuto\" \/>\n<script type=\"application\/ld+json\" class=\"yoast-schema-graph\">{\"@context\":\"https:\/\/schema.org\",\"@graph\":[{\"@type\":\"WebPage\",\"@id\":\"https:\/\/aflamo.shop\/es\/carrito\/\",\"url\":\"https:\/\/aflamo.shop\/es\/carrito\/\",\"name\":\"Carrito - aflamo.shop - distribuidor certificado de aflamo\",\"isPartOf\":{\"@id\":\"https:\/\/aflamo.shop\/es\/#website\"},\"datePublished\":\"2021-04-21T21:34:52+00:00\",\"dateModified\":\"2024-01-29T13:19:34+00:00\",\"breadcrumb\":{\"@id\":\"https:\/\/aflamo.shop\/es\/carrito\/#breadcrumb\"},\"inLanguage\":\"es\",\"potentialAction\":[{\"@type\":\"ReadAction\",\"target\":[\"https:\/\/aflamo.shop\/es\/carrito\/\"]}]},{\"@type\":\"BreadcrumbList\",\"@id\":\"https:\/\/aflamo.shop\/es\/carrito\/#breadcrumb\",\"itemListElement\":[{\"@type\":\"ListItem\",\"position\":1,\"name\":\"P\u00e1gina principal\",\"item\":\"https:\/\/aflamo.shop\/es\/\"},{\"@type\":\"ListItem\",\"position\":2,\"name\":\"Carrito\"}]},{\"@type\":\"WebSite\",\"@id\":\"https:\/\/aflamo.shop\/es\/#website\",\"url\":\"https:\/\/aflamo.shop\/es\/\",\"name\":\"aflamo.shop - distribuidor certificado de aflamo\",\"description\":\"Kominki elektryczne Aflamo i Emotion Flame z funkcj\u0105 grzania\",\"publisher\":{\"@id\":\"https:\/\/aflamo.shop\/es\/#organization\"},\"potentialAction\":[{\"@type\":\"SearchAction\",\"target\":{\"@type\":\"EntryPoint\",\"urlTemplate\":\"https:\/\/aflamo.shop\/es\/?s={search_term_string}\"},\"query-input\":{\"@type\":\"PropertyValueSpecification\",\"valueRequired\":true,\"valueName\":\"search_term_string\"}}],\"inLanguage\":\"es\"},{\"@type\":\"Organization\",\"@id\":\"https:\/\/aflamo.shop\/es\/#organization\",\"name\":\"aflamo.shop - distribuidor certificado de aflamo\",\"url\":\"https:\/\/aflamo.shop\/es\/\",\"logo\":{\"@type\":\"ImageObject\",\"inLanguage\":\"es\",\"@id\":\"https:\/\/aflamo.shop\/es\/#\/schema\/logo\/image\/\",\"url\":\"https:\/\/aflamo.shop\/wp-content\/uploads\/2019\/10\/logo2.1-1-1.svg\",\"contentUrl\":\"https:\/\/aflamo.shop\/wp-content\/uploads\/2019\/10\/logo2.1-1-1.svg\",\"caption\":\"aflamo.shop - distribuidor certificado de aflamo\"},\"image\":{\"@id\":\"https:\/\/aflamo.shop\/es\/#\/schema\/logo\/image\/\"}}]}<\/script>\n<!-- \/ Yoast SEO plugin. -->","yoast_head_json":{"title":"Carrito - aflamo.shop - distribuidor certificado de aflamo","robots":{"index":"index","follow":"follow","max-snippet":"max-snippet:-1","max-image-preview":"max-image-preview:large","max-video-preview":"max-video-preview:-1"},"canonical":"https:\/\/aflamo.shop\/es\/carrito\/","og_locale":"es_ES","og_type":"article","og_title":"Carrito - aflamo.shop - distribuidor certificado de aflamo","og_description":"Los costos de env\u00edo se presentar\u00e1n en el siguiente paso. El tiempo estimado de entrega es de 10 a 12 d\u00edas.","og_url":"https:\/\/aflamo.shop\/es\/carrito\/","og_site_name":"aflamo.shop - distribuidor certificado de aflamo","article_modified_time":"2024-01-29T13:19:34+00:00","twitter_card":"summary_large_image","twitter_misc":{"Tiempo de lectura":"1 minuto"},"schema":{"@context":"https:\/\/schema.org","@graph":[{"@type":"WebPage","@id":"https:\/\/aflamo.shop\/es\/carrito\/","url":"https:\/\/aflamo.shop\/es\/carrito\/","name":"Carrito - aflamo.shop - distribuidor certificado de aflamo","isPartOf":{"@id":"https:\/\/aflamo.shop\/es\/#website"},"datePublished":"2021-04-21T21:34:52+00:00","dateModified":"2024-01-29T13:19:34+00:00","breadcrumb":{"@id":"https:\/\/aflamo.shop\/es\/carrito\/#breadcrumb"},"inLanguage":"es","potentialAction":[{"@type":"ReadAction","target":["https:\/\/aflamo.shop\/es\/carrito\/"]}]},{"@type":"BreadcrumbList","@id":"https:\/\/aflamo.shop\/es\/carrito\/#breadcrumb","itemListElement":[{"@type":"ListItem","position":1,"name":"P\u00e1gina principal","item":"https:\/\/aflamo.shop\/es\/"},{"@type":"ListItem","position":2,"name":"Carrito"}]},{"@type":"WebSite","@id":"https:\/\/aflamo.shop\/es\/#website","url":"https:\/\/aflamo.shop\/es\/","name":"aflamo.shop - distribuidor certificado de aflamo","description":"Kominki elektryczne Aflamo i Emotion Flame z funkcj\u0105 grzania","publisher":{"@id":"https:\/\/aflamo.shop\/es\/#organization"},"potentialAction":[{"@type":"SearchAction","target":{"@type":"EntryPoint","urlTemplate":"https:\/\/aflamo.shop\/es\/?s={search_term_string}"},"query-input":{"@type":"PropertyValueSpecification","valueRequired":true,"valueName":"search_term_string"}}],"inLanguage":"es"},{"@type":"Organization","@id":"https:\/\/aflamo.shop\/es\/#organization","name":"aflamo.shop - distribuidor certificado de aflamo","url":"https:\/\/aflamo.shop\/es\/","logo":{"@type":"ImageObject","inLanguage":"es","@id":"https:\/\/aflamo.shop\/es\/#\/schema\/logo\/image\/","url":"https:\/\/aflamo.shop\/wp-content\/uploads\/2019\/10\/logo2.1-1-1.svg","contentUrl":"https:\/\/aflamo.shop\/wp-content\/uploads\/2019\/10\/logo2.1-1-1.svg","caption":"aflamo.shop - distribuidor certificado de aflamo"},"image":{"@id":"https:\/\/aflamo.shop\/es\/#\/schema\/logo\/image\/"}}]}},"_links":{"self":[{"href":"https:\/\/aflamo.shop\/es\/wp-json\/wp\/v2\/pages\/8655","targetHints":{"allow":["GET"]}}],"collection":[{"href":"https:\/\/aflamo.shop\/es\/wp-json\/wp\/v2\/pages"}],"about":[{"href":"https:\/\/aflamo.shop\/es\/wp-json\/wp\/v2\/types\/page"}],"author":[{"embeddable":true,"href":"https:\/\/aflamo.shop\/es\/wp-json\/wp\/v2\/users\/1"}],"replies":[{"embeddable":true,"href":"https:\/\/aflamo.shop\/es\/wp-json\/wp\/v2\/comments?post=8655"}],"version-history":[{"count":4,"href":"https:\/\/aflamo.shop\/es\/wp-json\/wp\/v2\/pages\/8655\/revisions"}],"predecessor-version":[{"id":10305,"href":"https:\/\/aflamo.shop\/es\/wp-json\/wp\/v2\/pages\/8655\/revisions\/10305"}],"wp:attachment":[{"href":"https:\/\/aflamo.shop\/es\/wp-json\/wp\/v2\/media?parent=8655"}],"curies":[{"name":"wp","href":"https:\/\/api.w.org\/{rel}","templated":true}]}}