{"id":27858,"date":"2025-01-14T12:02:20","date_gmt":"2025-01-14T12:02:20","guid":{"rendered":"https:\/\/aflamo.shop\/?post_type=product&#038;p=27858"},"modified":"2026-04-17T11:12:30","modified_gmt":"2026-04-17T11:12:30","slug":"aflamo-unique-nh-80-wall-built-in-led-electric-fireplace","status":"publish","type":"product","link":"https:\/\/aflamo.shop\/en\/p\/aflamo-unique-nh-80-wall-built-in-led-electric-fireplace\/","title":{"rendered":"Aflamo Unique NH 80 &#8211; wall\/built-in LED electric fireplace"},"content":{"rendered":"<p><iframe title=\"Lecteur vid\u00e9o YouTube\" src=\"https:\/\/www.youtube.com\/embed\/GMbhnINRFgQ?si=QRU0VohPHxMJXQIv\" width=\"560\" height=\"315\" frameborder=\"0\" allowfullscreen=\"allowfullscreen\"><span data-mce-type=\"bookmark\" style=\"display: inline-block; width: 0px; overflow: hidden; line-height: 0;\" class=\"mce_SELRES_start\"><\/span><\/iframe><\/p>\n<div class=\"flex-shrink-0 flex flex-col relative items-end\">\n<div class=\"pt-0\">\n<div class=\"gizmo-shadow-stroke flex h-8 w-8 items-center justify-center overflow-hidden rounded-full\">\n<div class=\"h-full w-full\">\n<div class=\"gizmo-shadow-stroke overflow-hidden rounded-full\"><\/div>\n<\/div>\n<\/div>\n<\/div>\n<\/div>\n<div class=\"group\/conversation-turn relative flex w-full min-w-0 flex-col agent-turn\">\n<div class=\"flex-col gap-1 md:gap-3\">\n<div class=\"flex max-w-full flex-col flex-grow\">\n<div class=\"min-h-8 text-message flex w-full flex-col items-end gap-2 whitespace-normal break-words [.text-message+&amp;]:mt-5\" dir=\"auto\" data-message-author-role=\"assistant\" data-message-id=\"54d54e75-f83b-4acd-b251-aa1a7dbd0119\" data-message-model-slug=\"gpt-4o\">\n<div class=\"flex w-full flex-col gap-1 empty:hidden first:pt-[3px]\">\n<div class=\"markdown prose w-full break-words dark:prose-invert light\">\n<h3><strong>Chemin\u00e9e murale \u00e9lectrique \u00e0 LED Unique NH \u2013 Beaut\u00e9 et r\u00e9alisme dans votre int\u00e9rieur<\/strong><\/h3>\n<p><strong>Le foyer mural \u00e9lectrique LED Unique NH<\/strong> est un choix parfait pour ceux qui recherchent un \u00e9l\u00e9ment d\u00e9coratif accrocheur sans fonction de chauffage. Gr\u00e2ce \u00e0 son design moderne et \u00e0 son foyer \u00e0 trois c\u00f4t\u00e9s, Unique NH attire l&#8217;attention et introduit la magie d&#8217;un feu r\u00e9aliste \u00e0 l&#8217;int\u00e9rieur, cr\u00e9ant une atmosph\u00e8re unique.<\/p>\n<h4><strong>Caract\u00e9ristiques :<\/strong><\/h4>\n<h4><strong>Effet de flamme<\/strong><\/h4>\n<p>Unique NH offre une gamme compl\u00e8te de possibilit\u00e9s visuelles :<\/p>\n<ul>\n<li><strong>6 couleurs de flammes <\/strong>\u2013 Cr\u00e9ez la bonne ambiance avec diff\u00e9rentes couleurs de flammes.<\/li>\n<li><strong>11 couleurs d\u2019\u00e9clairage du dessus et du foyer<\/strong> \u2013 Des effets d\u2019\u00e9clairage am\u00e9lior\u00e9s mettent en valeur la magie du feu.<\/li>\n<\/ul>\n<p><img fetchpriority=\"high\" decoding=\"async\" class=\"aligncenter wp-image-11296 size-full\" src=\"https:\/\/aflamo.shop\/wp-content\/uploads\/2023\/09\/flames_unique-nh_6.jpg\" alt=\"\" width=\"555\" height=\"425\" srcset=\"https:\/\/aflamo.shop\/wp-content\/uploads\/2023\/09\/flames_unique-nh_6.jpg 555w, https:\/\/aflamo.shop\/wp-content\/uploads\/2023\/09\/flames_unique-nh_6-300x230.jpg 300w\" sizes=\"(max-width: 555px) 100vw, 555px\" \/><\/p>\n<p>&nbsp;<\/p>\n<ul>\n<li><strong>2 types de foyer<\/strong> \u2013 L\u2019ensemble comprend des b\u00fbches et des cristaux qui peuvent \u00eatre chang\u00e9s en fonction du style de l\u2019int\u00e9rieur.<\/li>\n<li><strong>10 couleurs d\u2019\u00e9clairage du foyer<\/strong> et <strong>5 niveaux de luminosit\u00e9<\/strong> \u2013 Personnalisez l\u2019effet du feu selon vos pr\u00e9f\u00e9rences.<\/li>\n<\/ul>\n<p><img decoding=\"async\" class=\"aligncenter wp-image-10691 size-full\" src=\"https:\/\/aflamo.shop\/wp-content\/uploads\/2024\/06\/polana_krysztaly-e1603875138523.png\" alt=\"\" width=\"413\" height=\"297\" srcset=\"https:\/\/aflamo.shop\/wp-content\/uploads\/2024\/06\/polana_krysztaly-e1603875138523.png 413w, https:\/\/aflamo.shop\/wp-content\/uploads\/2024\/06\/polana_krysztaly-e1603875138523-300x216.png 300w\" sizes=\"(max-width: 413px) 100vw, 413px\" \/><\/p>\n<p>&nbsp;<\/p>\n<ul>\n<li><strong>B\u00fbches en c\u00e9ramique<\/strong> \u2013 Une nouvelle qualit\u00e9 de chemin\u00e9e gr\u00e2ce \u00e0 des b\u00fbches en c\u00e9ramique r\u00e9alistes qui ressemblent \u00e0 du vrai bois dans le feu. Ces \u00e9l\u00e9ments durables et esth\u00e9tiques ajoutent de l\u2019authenticit\u00e9 et de la profondeur \u00e0 l\u2019effet de flamme. <\/li>\n<\/ul>\n<p><img decoding=\"async\" class=\"aligncenter wp-image-8902 size-full\" src=\"https:\/\/aflamo.shop\/wp-content\/uploads\/2023\/08\/Unique_NH_logs_closeup.jpg\" alt=\"\" width=\"492\" height=\"300\" srcset=\"https:\/\/aflamo.shop\/wp-content\/uploads\/2023\/08\/Unique_NH_logs_closeup.jpg 492w, https:\/\/aflamo.shop\/wp-content\/uploads\/2023\/08\/Unique_NH_logs_closeup-300x183.jpg 300w\" sizes=\"(max-width: 492px) 100vw, 492px\" \/><\/p>\n<ul>\n<li><strong>Disponible en plusieurs tailles<\/strong> \u2013 Choisissez la taille qui convient \u00e0 votre int\u00e9rieur : 100, 120, 140, 160 ou 180 cm.<\/li>\n<\/ul>\n<p><img loading=\"lazy\" decoding=\"async\" class=\"aligncenter wp-image-8866 size-full\" src=\"https:\/\/aflamo.shop\/wp-content\/uploads\/2023\/08\/unique_unique-nh.jpg\" alt=\"\" width=\"492\" height=\"300\" srcset=\"https:\/\/aflamo.shop\/wp-content\/uploads\/2023\/08\/unique_unique-nh.jpg 492w, https:\/\/aflamo.shop\/wp-content\/uploads\/2023\/08\/unique_unique-nh-300x183.jpg 300w\" sizes=\"(max-width: 492px) 100vw, 492px\" \/><\/p>\n<h4><strong>Application mobile <\/strong><\/h4>\n<p><iframe width=\"560\" height=\"315\" src=\"https:\/\/www.youtube.com\/embed\/H9frj9fGZnY?si=YHNoy3_uQ_P_q10N\" title=\"Lecteur vid\u00e9o YouTube\" frameborder=\"0\" allow=\"accelerometer; autoplay; clipboard-write; encrypted-media; gyroscope; picture-in-picture; web-share\" referrerpolicy=\"strict-origin-when-cross-origin\" allowfullscreen=\"\"><\/iframe><br \/>\nLe foyer Unique NH offre des options de contr\u00f4le modernes :<\/p>\n<ul>\n<li><strong>Application mobile <\/strong>\u2013 Disponible pour les appareils Android et iOS, offre un contr\u00f4le total sur les fonctions du foyer via votre t\u00e9l\u00e9phone. L&#8217;application peut \u00eatre t\u00e9l\u00e9charg\u00e9e depuis Google Play ou Apple Store en recherchant &#8220;AFLAMO &#8220;. <\/li>\n<li><strong>Commandes vocales <\/strong>\u2013 Allumez et \u00e9teignez votre chemin\u00e9e \u00e0 l\u2019aide d\u2019Amazon Alexa pour un contr\u00f4le vocal pratique.<\/li>\n<\/ul>\n<p><img loading=\"lazy\" decoding=\"async\" class=\"aligncenter wp-image-8869 size-full\" src=\"https:\/\/aflamo.shop\/wp-content\/uploads\/2023\/08\/unique_app_unique-nh.jpg\" alt=\"\" width=\"492\" height=\"300\" srcset=\"https:\/\/aflamo.shop\/wp-content\/uploads\/2023\/08\/unique_app_unique-nh.jpg 492w, https:\/\/aflamo.shop\/wp-content\/uploads\/2023\/08\/unique_app_unique-nh-300x183.jpg 300w\" sizes=\"(max-width: 492px) 100vw, 492px\" \/><\/p>\n<h4><strong>Installation<\/strong><\/h4>\n<p>Le foyer Unique NH peut \u00eatre install\u00e9 de trois mani\u00e8res :<\/p>\n<ol>\n<li>Pour l&#8217;encastrement<\/li>\n<li>Partiellement int\u00e9gr\u00e9 au mur<\/li>\n<li>Accroch\u00e9 au mur<\/li>\n<\/ol>\n<h4><strong>R\u00e9sum\u00e9<\/strong><\/h4>\n<p><strong>Le foyer mural \u00e9lectrique LED Unique NH <\/strong>est le choix parfait pour les personnes qui appr\u00e9cient l&#8217;esth\u00e9tique, l&#8217;\u00e9l\u00e9gance et les technologies modernes. Le foyer \u00e0 trois c\u00f4t\u00e9s, les cadres fins et les b\u00fbches en c\u00e9r<br \/>\nUnique NH fireplaces create an impressive fire effect without the need for heating. Thanks to the mobile app and voice control, Unique NH offers complete control and exceptional ease of use. It&#8217;s more than just a fireplace \u2013 it&#8217;s a beautiful addition that enriches your interior with the magic of flames. <\/p>\n<ul>\n<strong><\/p>\n<p><a href=\"https:\/\/aflamo.shop\/wp-content\/uploads\/2023\/09\/UNIQUE-NH_TuyaAPP_EN-PL-DE-IT-ES-FR-CS-SK-NL.pdf\">Instructions for use and safety<\/a><\/p>\n<p><\/strong>\n<\/ul>\n<p><strong style=\"font-size: 16px;\">Technical drawings<\/strong><br \/>\nSingle NH 80<\/p>\n<p><img loading=\"lazy\" decoding=\"async\" class=\"aligncenter wp-image-12563 size-full\" src=\"https:\/\/aflamo.shop\/wp-content\/uploads\/2025\/01\/unique-80-nh.png\" alt=\"\" width=\"1430\" height=\"820\" srcset=\"https:\/\/aflamo.shop\/wp-content\/uploads\/2025\/01\/unique-80-nh.png 1430w, https:\/\/aflamo.shop\/wp-content\/uploads\/2025\/01\/unique-80-nh-600x344.png 600w, https:\/\/aflamo.shop\/wp-content\/uploads\/2025\/01\/unique-80-nh-300x172.png 300w, https:\/\/aflamo.shop\/wp-content\/uploads\/2025\/01\/unique-80-nh-1024x587.png 1024w, https:\/\/aflamo.shop\/wp-content\/uploads\/2025\/01\/unique-80-nh-768x440.png 768w\" sizes=\"(max-width: 1430px) 100vw, 1430px\" \/><br \/>\nSingle NH 100<\/p>\n<p><img loading=\"lazy\" decoding=\"async\" class=\"aligncenter wp-image-8905 size-full\" src=\"https:\/\/aflamo.shop\/wp-content\/uploads\/2023\/08\/Unique_NH_100.png\" alt=\"\" width=\"1423\" height=\"491\" srcset=\"https:\/\/aflamo.shop\/wp-content\/uploads\/2023\/08\/Unique_NH_100.png 1423w, https:\/\/aflamo.shop\/wp-content\/uploads\/2023\/08\/Unique_NH_100-600x207.png 600w, https:\/\/aflamo.shop\/wp-content\/uploads\/2023\/08\/Unique_NH_100-300x104.png 300w, https:\/\/aflamo.shop\/wp-content\/uploads\/2023\/08\/Unique_NH_100-1024x353.png 1024w, https:\/\/aflamo.shop\/wp-content\/uploads\/2023\/08\/Unique_NH_100-768x265.png 768w\" sizes=\"(max-width: 1423px) 100vw, 1423px\" \/><\/p>\n<p>Single NH 120<\/p>\n<p><img loading=\"lazy\" decoding=\"async\" class=\"aligncenter wp-image-8908 size-full\" src=\"https:\/\/aflamo.shop\/wp-content\/uploads\/2023\/08\/Unique_NH_120.png\" alt=\"\" width=\"1463\" height=\"454\" srcset=\"https:\/\/aflamo.shop\/wp-content\/uploads\/2023\/08\/Unique_NH_120.png 1463w, https:\/\/aflamo.shop\/wp-content\/uploads\/2023\/08\/Unique_NH_120-600x186.png 600w, https:\/\/aflamo.shop\/wp-content\/uploads\/2023\/08\/Unique_NH_120-300x93.png 300w, https:\/\/aflamo.shop\/wp-content\/uploads\/2023\/08\/Unique_NH_120-1024x318.png 1024w, https:\/\/aflamo.shop\/wp-content\/uploads\/2023\/08\/Unique_NH_120-768x238.png 768w\" sizes=\"(max-width: 1463px) 100vw, 1463px\" \/><\/p>\n<p>Single NH 140<\/p>\n<p><img loading=\"lazy\" decoding=\"async\" class=\"aligncenter wp-image-8911 size-full\" src=\"https:\/\/aflamo.shop\/wp-content\/uploads\/2023\/08\/Unique_NH_140.png\" alt=\"\" width=\"1534\" height=\"434\" srcset=\"https:\/\/aflamo.shop\/wp-content\/uploads\/2023\/08\/Unique_NH_140.png 1534w, https:\/\/aflamo.shop\/wp-content\/uploads\/2023\/08\/Unique_NH_140-600x170.png 600w, https:\/\/aflamo.shop\/wp-content\/uploads\/2023\/08\/Unique_NH_140-300x85.png 300w, https:\/\/aflamo.shop\/wp-content\/uploads\/2023\/08\/Unique_NH_140-1024x290.png 1024w, https:\/\/aflamo.shop\/wp-content\/uploads\/2023\/08\/Unique_NH_140-768x217.png 768w\" sizes=\"(max-width: 1534px) 100vw, 1534px\" \/><\/p>\n<\/div>\n<\/div>\n<\/div>\n<\/div>\n<\/div>\n<\/div>\n<p>&nbsp;<\/p>\n<p>Single NH 160<\/p>\n<p>&nbsp;<\/p>\n<p><img loading=\"lazy\" decoding=\"async\" class=\"alignnone wp-image-8914 size-full\" src=\"https:\/\/aflamo.shop\/wp-content\/uploads\/2023\/08\/Unique_NH_160.png\" alt=\"\" width=\"1542\" height=\"399\" srcset=\"https:\/\/aflamo.shop\/wp-content\/uploads\/2023\/08\/Unique_NH_160.png 1542w, https:\/\/aflamo.shop\/wp-content\/uploads\/2023\/08\/Unique_NH_160-600x155.png 600w, https:\/\/aflamo.shop\/wp-content\/uploads\/2023\/08\/Unique_NH_160-300x78.png 300w, https:\/\/aflamo.shop\/wp-content\/uploads\/2023\/08\/Unique_NH_160-1024x265.png 1024w, https:\/\/aflamo.shop\/wp-content\/uploads\/2023\/08\/Unique_NH_160-768x199.png 768w, https:\/\/aflamo.shop\/wp-content\/uploads\/2023\/08\/Unique_NH_160-1536x397.png 1536w\" sizes=\"(max-width: 1542px) 100vw, 1542px\" \/><\/p>\n<p>&nbsp;<\/p>\n<p>Single NH 180<\/p>\n<p><img loading=\"lazy\" decoding=\"async\" class=\"aligncenter wp-image-8917 size-full\" src=\"https:\/\/aflamo.shop\/wp-content\/uploads\/2023\/08\/Unique_NH_180.png\" alt=\"\" width=\"1559\" height=\"365\" srcset=\"https:\/\/aflamo.shop\/wp-content\/uploads\/2023\/08\/Unique_NH_180.png 1559w, https:\/\/aflamo.shop\/wp-content\/uploads\/2023\/08\/Unique_NH_180-600x140.png 600w, https:\/\/aflamo.shop\/wp-content\/uploads\/2023\/08\/Unique_NH_180-300x70.png 300w, https:\/\/aflamo.shop\/wp-content\/uploads\/2023\/08\/Unique_NH_180-1024x240.png 1024w, https:\/\/aflamo.shop\/wp-content\/uploads\/2023\/08\/Unique_NH_180-768x180.png 768w, https:\/\/aflamo.shop\/wp-content\/uploads\/2023\/08\/Unique_NH_180-1536x360.png 1536w\" sizes=\"(max-width: 1559px) 100vw, 1559px\" \/><\/p>\n<p>&nbsp;<\/p>\n","protected":false},"excerpt":{"rendered":"<p>Manufacturer: Aflamo<\/p>\n<p>GETIN:5908283562398<\/p>\n<p>Recessed\/wall-mounted electric fireplace without heating function.<\/p>\n<p><b>Model:<\/b><\/p>\n<ul>\n<li><a href=\"https:\/\/aflamo.shop\/en\/p\/aflamo-unique-nh-80-wall-built-in-led-electric-fireplace\/\">80<\/a><\/li>\n<li><a href=\"https:\/\/aflamo.shop\/en\/p\/aflamo-unique-nh-100-wall-built-in-led-electric-fireplace\/\">100<\/a><\/li>\n<li><a href=\"https:\/\/aflamo.shop\/en\/p\/aflamo-unique-nh-120-wall-built-in-led-electric-fireplace\/\">120<\/a><\/li>\n<\/ul>\n<ul>\n<li><a href=\"https:\/\/aflamo.shop\/en\/p\/aflamo-unique-nh-140-wall-built-in-led-electric-fireplace\/\">140<\/a><\/li>\n<li><a href=\"https:\/\/aflamo.shop\/en\/p\/aflamo-unique-nh-160-wall-built-in-led-electric-fireplace\/\">160<\/a><\/li>\n<li><a href=\"https:\/\/aflamo.shop\/en\/p\/aflamo-unique-nh-180-wall-built-in-led-electric-fireplace\/\">180<\/a><\/li>\n<\/ul>\n<p><b>Dimensions <\/b>: 80 x 46 x 23 cm<\/p>\n","protected":false},"featured_media":15764,"comment_status":"open","ping_status":"closed","template":"","meta":[],"product_brand":[],"product_cat":[705,711,721,706,716,717,713,714],"product_tag":[],"class_list":{"0":"post-27858","1":"product","2":"type-product","3":"status-publish","4":"has-post-thumbnail","6":"product_cat-aflamo-en","7":"product_cat-electric-fireplaces","8":"product_cat-electric-fireplaces-inserts","9":"product_cat-electric-fireplaces-with-a-mobile-app","10":"product_cat-electric-fireplaces-without-heating-function","11":"product_cat-three-sided-electric-fireplaces","12":"product_cat-wall-fireplaces","13":"product_cat-wall-mounted-en","15":"first","16":"instock","17":"shipping-taxable","18":"purchasable","19":"product-type-simple"},"yoast_head":"<!-- This site is optimized with the Yoast SEO plugin v27.4 - https:\/\/yoast.com\/product\/yoast-seo-wordpress\/ -->\n<title>Aflamo Unique NH 80 - wall\/built-in LED electric fireplace - aflamo.shop-certified aflamo dealer<\/title>\n<meta name=\"robots\" content=\"index, follow, max-snippet:-1, max-image-preview:large, max-video-preview:-1\" \/>\n<link rel=\"canonical\" href=\"https:\/\/aflamo.shop\/en\/p\/aflamo-unique-nh-80-wall-built-in-led-electric-fireplace\/\" \/>\n<meta property=\"og:locale\" content=\"en_US\" \/>\n<meta property=\"og:type\" content=\"article\" \/>\n<meta property=\"og:title\" content=\"Aflamo Unique NH 80 - wall\/built-in LED electric fireplace - aflamo.shop-certified aflamo dealer\" \/>\n<meta property=\"og:description\" content=\"Manufacturer: Aflamo GETIN:5908283562398 Recessed\/wall-mounted electric fireplace without heating function. Model:  80 100 120    140  160  180   Dimensions : 80 x 46 x 23 cm\" \/>\n<meta property=\"og:url\" content=\"https:\/\/aflamo.shop\/en\/p\/aflamo-unique-nh-80-wall-built-in-led-electric-fireplace\/\" \/>\n<meta property=\"og:site_name\" content=\"aflamo.shop-certified aflamo dealer\" \/>\n<meta property=\"article:modified_time\" content=\"2026-04-17T11:12:30+00:00\" \/>\n<meta property=\"og:image\" content=\"https:\/\/aflamo.shop\/wp-content\/uploads\/2023\/08\/Unique_NH_front_1_sq.jpg\" \/>\n\t<meta property=\"og:image:width\" content=\"2248\" \/>\n\t<meta property=\"og:image:height\" content=\"2248\" \/>\n\t<meta property=\"og:image:type\" content=\"image\/jpeg\" \/>\n<meta name=\"twitter:card\" content=\"summary_large_image\" \/>\n<meta name=\"twitter:label1\" content=\"Est. reading time\" \/>\n\t<meta name=\"twitter:data1\" content=\"5 minutes\" \/>\n<script type=\"application\/ld+json\" class=\"yoast-schema-graph\">{\"@context\":\"https:\\\/\\\/schema.org\",\"@graph\":[{\"@type\":\"WebPage\",\"@id\":\"https:\\\/\\\/aflamo.shop\\\/en\\\/p\\\/aflamo-unique-nh-80-wall-built-in-led-electric-fireplace\\\/\",\"url\":\"https:\\\/\\\/aflamo.shop\\\/en\\\/p\\\/aflamo-unique-nh-80-wall-built-in-led-electric-fireplace\\\/\",\"name\":\"Aflamo Unique NH 80 - wall\\\/built-in LED electric fireplace - aflamo.shop-certified aflamo dealer\",\"isPartOf\":{\"@id\":\"https:\\\/\\\/aflamo.shop\\\/en\\\/#website\"},\"primaryImageOfPage\":{\"@id\":\"https:\\\/\\\/aflamo.shop\\\/en\\\/p\\\/aflamo-unique-nh-80-wall-built-in-led-electric-fireplace\\\/#primaryimage\"},\"image\":{\"@id\":\"https:\\\/\\\/aflamo.shop\\\/en\\\/p\\\/aflamo-unique-nh-80-wall-built-in-led-electric-fireplace\\\/#primaryimage\"},\"thumbnailUrl\":\"https:\\\/\\\/aflamo.shop\\\/wp-content\\\/uploads\\\/2023\\\/08\\\/Unique_NH_front_1_sq.jpg\",\"datePublished\":\"2025-01-14T12:02:20+00:00\",\"dateModified\":\"2026-04-17T11:12:30+00:00\",\"breadcrumb\":{\"@id\":\"https:\\\/\\\/aflamo.shop\\\/en\\\/p\\\/aflamo-unique-nh-80-wall-built-in-led-electric-fireplace\\\/#breadcrumb\"},\"inLanguage\":\"en-US\",\"potentialAction\":[{\"@type\":\"ReadAction\",\"target\":[\"https:\\\/\\\/aflamo.shop\\\/en\\\/p\\\/aflamo-unique-nh-80-wall-built-in-led-electric-fireplace\\\/\"]}]},{\"@type\":\"ImageObject\",\"inLanguage\":\"en-US\",\"@id\":\"https:\\\/\\\/aflamo.shop\\\/en\\\/p\\\/aflamo-unique-nh-80-wall-built-in-led-electric-fireplace\\\/#primaryimage\",\"url\":\"https:\\\/\\\/aflamo.shop\\\/wp-content\\\/uploads\\\/2023\\\/08\\\/Unique_NH_front_1_sq.jpg\",\"contentUrl\":\"https:\\\/\\\/aflamo.shop\\\/wp-content\\\/uploads\\\/2023\\\/08\\\/Unique_NH_front_1_sq.jpg\",\"width\":2248,\"height\":2248},{\"@type\":\"BreadcrumbList\",\"@id\":\"https:\\\/\\\/aflamo.shop\\\/en\\\/p\\\/aflamo-unique-nh-80-wall-built-in-led-electric-fireplace\\\/#breadcrumb\",\"itemListElement\":[{\"@type\":\"ListItem\",\"position\":1,\"name\":\"Homepage\",\"item\":\"https:\\\/\\\/aflamo.shop\\\/en\\\/\"},{\"@type\":\"ListItem\",\"position\":2,\"name\":\"Store\",\"item\":\"https:\\\/\\\/aflamo.shop\\\/en\\\/shop\\\/\"},{\"@type\":\"ListItem\",\"position\":3,\"name\":\"Electric fireplaces\",\"item\":\"https:\\\/\\\/aflamo.shop\\\/en\\\/s\\\/electric-fireplaces\\\/\"},{\"@type\":\"ListItem\",\"position\":4,\"name\":\"Aflamo Unique NH 80 &#8211; wall\\\/built-in LED electric fireplace\"}]},{\"@type\":\"WebSite\",\"@id\":\"https:\\\/\\\/aflamo.shop\\\/en\\\/#website\",\"url\":\"https:\\\/\\\/aflamo.shop\\\/en\\\/\",\"name\":\"aflamo.shop-certified aflamo dealer\",\"description\":\"Kominki elektryczne Aflamo i Emotion Flame z funkcj\u0105 grzania\",\"publisher\":{\"@id\":\"https:\\\/\\\/aflamo.shop\\\/en\\\/#organization\"},\"potentialAction\":[{\"@type\":\"SearchAction\",\"target\":{\"@type\":\"EntryPoint\",\"urlTemplate\":\"https:\\\/\\\/aflamo.shop\\\/en\\\/?s={search_term_string}\"},\"query-input\":{\"@type\":\"PropertyValueSpecification\",\"valueRequired\":true,\"valueName\":\"search_term_string\"}}],\"inLanguage\":\"en-US\"},{\"@type\":\"Organization\",\"@id\":\"https:\\\/\\\/aflamo.shop\\\/en\\\/#organization\",\"name\":\"aflamo.shop-certified aflamo dealer\",\"url\":\"https:\\\/\\\/aflamo.shop\\\/en\\\/\",\"logo\":{\"@type\":\"ImageObject\",\"inLanguage\":\"en-US\",\"@id\":\"https:\\\/\\\/aflamo.shop\\\/en\\\/#\\\/schema\\\/logo\\\/image\\\/\",\"url\":\"https:\\\/\\\/aflamo.shop\\\/wp-content\\\/uploads\\\/2019\\\/10\\\/logo2.1-1-1.svg\",\"contentUrl\":\"https:\\\/\\\/aflamo.shop\\\/wp-content\\\/uploads\\\/2019\\\/10\\\/logo2.1-1-1.svg\",\"caption\":\"aflamo.shop-certified aflamo dealer\"},\"image\":{\"@id\":\"https:\\\/\\\/aflamo.shop\\\/en\\\/#\\\/schema\\\/logo\\\/image\\\/\"}}]}<\/script>\n<!-- \/ Yoast SEO plugin. -->","yoast_head_json":{"title":"Aflamo Unique NH 80 - wall\/built-in LED electric fireplace - aflamo.shop-certified aflamo dealer","robots":{"index":"index","follow":"follow","max-snippet":"max-snippet:-1","max-image-preview":"max-image-preview:large","max-video-preview":"max-video-preview:-1"},"canonical":"https:\/\/aflamo.shop\/en\/p\/aflamo-unique-nh-80-wall-built-in-led-electric-fireplace\/","og_locale":"en_US","og_type":"article","og_title":"Aflamo Unique NH 80 - wall\/built-in LED electric fireplace - aflamo.shop-certified aflamo dealer","og_description":"Manufacturer: Aflamo GETIN:5908283562398 Recessed\/wall-mounted electric fireplace without heating function. Model:  80 100 120    140  160  180   Dimensions : 80 x 46 x 23 cm","og_url":"https:\/\/aflamo.shop\/en\/p\/aflamo-unique-nh-80-wall-built-in-led-electric-fireplace\/","og_site_name":"aflamo.shop-certified aflamo dealer","article_modified_time":"2026-04-17T11:12:30+00:00","og_image":[{"width":2248,"height":2248,"url":"https:\/\/aflamo.shop\/wp-content\/uploads\/2023\/08\/Unique_NH_front_1_sq.jpg","type":"image\/jpeg"}],"twitter_card":"summary_large_image","twitter_misc":{"Est. reading time":"5 minutes"},"schema":{"@context":"https:\/\/schema.org","@graph":[{"@type":"WebPage","@id":"https:\/\/aflamo.shop\/en\/p\/aflamo-unique-nh-80-wall-built-in-led-electric-fireplace\/","url":"https:\/\/aflamo.shop\/en\/p\/aflamo-unique-nh-80-wall-built-in-led-electric-fireplace\/","name":"Aflamo Unique NH 80 - wall\/built-in LED electric fireplace - aflamo.shop-certified aflamo dealer","isPartOf":{"@id":"https:\/\/aflamo.shop\/en\/#website"},"primaryImageOfPage":{"@id":"https:\/\/aflamo.shop\/en\/p\/aflamo-unique-nh-80-wall-built-in-led-electric-fireplace\/#primaryimage"},"image":{"@id":"https:\/\/aflamo.shop\/en\/p\/aflamo-unique-nh-80-wall-built-in-led-electric-fireplace\/#primaryimage"},"thumbnailUrl":"https:\/\/aflamo.shop\/wp-content\/uploads\/2023\/08\/Unique_NH_front_1_sq.jpg","datePublished":"2025-01-14T12:02:20+00:00","dateModified":"2026-04-17T11:12:30+00:00","breadcrumb":{"@id":"https:\/\/aflamo.shop\/en\/p\/aflamo-unique-nh-80-wall-built-in-led-electric-fireplace\/#breadcrumb"},"inLanguage":"en-US","potentialAction":[{"@type":"ReadAction","target":["https:\/\/aflamo.shop\/en\/p\/aflamo-unique-nh-80-wall-built-in-led-electric-fireplace\/"]}]},{"@type":"ImageObject","inLanguage":"en-US","@id":"https:\/\/aflamo.shop\/en\/p\/aflamo-unique-nh-80-wall-built-in-led-electric-fireplace\/#primaryimage","url":"https:\/\/aflamo.shop\/wp-content\/uploads\/2023\/08\/Unique_NH_front_1_sq.jpg","contentUrl":"https:\/\/aflamo.shop\/wp-content\/uploads\/2023\/08\/Unique_NH_front_1_sq.jpg","width":2248,"height":2248},{"@type":"BreadcrumbList","@id":"https:\/\/aflamo.shop\/en\/p\/aflamo-unique-nh-80-wall-built-in-led-electric-fireplace\/#breadcrumb","itemListElement":[{"@type":"ListItem","position":1,"name":"Homepage","item":"https:\/\/aflamo.shop\/en\/"},{"@type":"ListItem","position":2,"name":"Store","item":"https:\/\/aflamo.shop\/en\/shop\/"},{"@type":"ListItem","position":3,"name":"Electric fireplaces","item":"https:\/\/aflamo.shop\/en\/s\/electric-fireplaces\/"},{"@type":"ListItem","position":4,"name":"Aflamo Unique NH 80 &#8211; wall\/built-in LED electric fireplace"}]},{"@type":"WebSite","@id":"https:\/\/aflamo.shop\/en\/#website","url":"https:\/\/aflamo.shop\/en\/","name":"aflamo.shop-certified aflamo dealer","description":"Kominki elektryczne Aflamo i Emotion Flame z funkcj\u0105 grzania","publisher":{"@id":"https:\/\/aflamo.shop\/en\/#organization"},"potentialAction":[{"@type":"SearchAction","target":{"@type":"EntryPoint","urlTemplate":"https:\/\/aflamo.shop\/en\/?s={search_term_string}"},"query-input":{"@type":"PropertyValueSpecification","valueRequired":true,"valueName":"search_term_string"}}],"inLanguage":"en-US"},{"@type":"Organization","@id":"https:\/\/aflamo.shop\/en\/#organization","name":"aflamo.shop-certified aflamo dealer","url":"https:\/\/aflamo.shop\/en\/","logo":{"@type":"ImageObject","inLanguage":"en-US","@id":"https:\/\/aflamo.shop\/en\/#\/schema\/logo\/image\/","url":"https:\/\/aflamo.shop\/wp-content\/uploads\/2019\/10\/logo2.1-1-1.svg","contentUrl":"https:\/\/aflamo.shop\/wp-content\/uploads\/2019\/10\/logo2.1-1-1.svg","caption":"aflamo.shop-certified aflamo dealer"},"image":{"@id":"https:\/\/aflamo.shop\/en\/#\/schema\/logo\/image\/"}}]}},"_links":{"self":[{"href":"https:\/\/aflamo.shop\/en\/wp-json\/wp\/v2\/product\/27858","targetHints":{"allow":["GET"]}}],"collection":[{"href":"https:\/\/aflamo.shop\/en\/wp-json\/wp\/v2\/product"}],"about":[{"href":"https:\/\/aflamo.shop\/en\/wp-json\/wp\/v2\/types\/product"}],"replies":[{"embeddable":true,"href":"https:\/\/aflamo.shop\/en\/wp-json\/wp\/v2\/comments?post=27858"}],"wp:featuredmedia":[{"embeddable":true,"href":"https:\/\/aflamo.shop\/en\/wp-json\/wp\/v2\/media\/15764"}],"wp:attachment":[{"href":"https:\/\/aflamo.shop\/en\/wp-json\/wp\/v2\/media?parent=27858"}],"wp:term":[{"taxonomy":"product_brand","embeddable":true,"href":"https:\/\/aflamo.shop\/en\/wp-json\/wp\/v2\/product_brand?post=27858"},{"taxonomy":"product_cat","embeddable":true,"href":"https:\/\/aflamo.shop\/en\/wp-json\/wp\/v2\/product_cat?post=27858"},{"taxonomy":"product_tag","embeddable":true,"href":"https:\/\/aflamo.shop\/en\/wp-json\/wp\/v2\/product_tag?post=27858"}],"curies":[{"name":"wp","href":"https:\/\/api.w.org\/{rel}","templated":true}]}}