{"id":15792,"date":"2023-09-16T15:02:19","date_gmt":"2023-09-16T15:02:19","guid":{"rendered":"https:\/\/aflamo.shop\/p\/aflamo-royal-42-wall-built-in-led-electric-fireplace\/"},"modified":"2026-04-22T12:25:11","modified_gmt":"2026-04-22T12:25:11","slug":"aflamo-royal-42-wall-built-in-led-electric-fireplace","status":"publish","type":"product","link":"https:\/\/aflamo.shop\/en\/p\/aflamo-royal-42-wall-built-in-led-electric-fireplace\/","title":{"rendered":"Aflamo Royal 42 &#8211; wall\/built-in LED electric fireplace"},"content":{"rendered":"<p style=\"text-align: center;\"><iframe title=\"YouTube video player\" src=\"https:\/\/www.youtube.com\/embed\/f2DyPqOBHS4\" width=\"560\" height=\"315\" frameborder=\"0\" allowfullscreen=\"allowfullscreen\"><\/iframe><\/p>\n<h2><strong>Royal LED Electric Fireplace \u2013 Elegance and Comfort in a Modern Style<\/strong><\/h2>\n<p><strong>The Royal LED electric fireplace <\/strong>is an expression of modern design and functionality, which enriches the interior with warmth and a unique atmosphere. Minimalist, thin frames subtly emphasize the flame area, creating an elegant visual effect that harmoniously harmonizes with any style of arrangement. <\/p>\n<p><strong>Characteristics<\/strong><\/p>\n<p>The Royal fireplace offers a full range of advanced features that allow you to adjust its operation to your individual needs:<\/p>\n<p><strong>Variety of Flame Effects<\/strong><\/p>\n<p>Create the perfect atmosphere by choosing from a variety of flame settings:<\/p>\n<ul>\n<li><strong>6 flame colours: <\/strong>from cool to warm shades, so you can easily match the atmosphere to your mood.<\/li>\n<li><strong>3 flame speed levels: <\/strong>adjust the fire dynamics \u2013 from gentle, soothing flames to intense flickering.<\/li>\n<li><strong>5 flame brightness levels:<\/strong> adjust the light intensity, from a subtle glow to a striking flame.<\/li>\n<\/ul>\n<p style=\"text-align: center;\"><img fetchpriority=\"high\" decoding=\"async\" class=\"aligncenter wp-image-11269 size-full\" src=\"https:\/\/aflamo.shop\/wp-content\/uploads\/2023\/09\/flames_2x3-1-1-1.jpg\" alt=\"\" width=\"555\" height=\"425\" srcset=\"https:\/\/aflamo.shop\/wp-content\/uploads\/2023\/09\/flames_2x3-1-1-1.jpg 555w, https:\/\/aflamo.shop\/wp-content\/uploads\/2023\/09\/flames_2x3-1-1-1-300x230.jpg 300w\" sizes=\"(max-width: 555px) 100vw, 555px\" \/><\/p>\n<p><strong>Versatile Fireplace<\/strong><\/p>\n<p>Royal offers two different firebox styles so you can personalize the look of your fireplace:<\/p>\n<ul>\n<li><strong>Traditional logs: <\/strong>add a classic, cozy character.<\/li>\n<li><strong>Crystals:<\/strong> an elegant, modern accent for minimalist interiors.<\/li>\n<\/ul>\n<p style=\"text-align: center;\"><img decoding=\"async\" class=\"aligncenter wp-image-10691 size-full\" src=\"https:\/\/aflamo.shop\/wp-content\/uploads\/2024\/06\/polana_krysztaly-e1603875138523.png\" alt=\"\" width=\"413\" height=\"297\" srcset=\"https:\/\/aflamo.shop\/wp-content\/uploads\/2024\/06\/polana_krysztaly-e1603875138523.png 413w, https:\/\/aflamo.shop\/wp-content\/uploads\/2024\/06\/polana_krysztaly-e1603875138523-300x216.png 300w\" sizes=\"(max-width: 413px) 100vw, 413px\" \/><\/p>\n<p>Additionally, <strong>10 colours of the firebox illumination <\/strong>and 5 brightness levels allow for even greater personalisation and emphasis of the interior style.<\/p>\n<p><strong>Simple Installation<\/strong><\/p>\n<p>The Royal fireplace offers flexible installation options:<\/p>\n<ol>\n<li><strong>Wall mounting <\/strong>\u2013 the fireplace becomes the focal point of the arrangement.<\/li>\n<li><strong>Partially built into the wall \u2013<\/strong> for a subtler, more integrated effect.<\/li>\n<li><strong>Fully built into the wall <\/strong>\u2013 perfect for a modern, minimalist look.<\/li>\n<\/ol>\n<p>The set includes a<strong> mounting hanger<\/strong> that makes the installation process easier.<\/p>\n<p><strong>Heating<\/strong><\/p>\n<ul>\n<li><strong>2 Heating levels:<\/strong> choosing between two power modes (750\/1500W) allows you to precisely adjust the heat to the conditions and preferences.<\/li>\n<li><strong>Open window sensor: <\/strong>intelligent protection that automatically turns off the fireplace when a window is opened, increasing safety and energy efficiency.<\/li>\n<li><strong>Digital thermostat:<\/strong> provides precise temperature control between 18-30\u00b0C, allowing you to achieve optimal thermal comfort.<\/li>\n<li><strong>Control panel and remote control:<\/strong> easy operation of all functions, including flame intensity and color, using the convenient remote control.<\/li>\n<\/ul>\n<p><strong>Comfort all year round<\/strong><\/p>\n<p>The heating function is independent of the flame effect, meaning you can use the fireplace and enjoy the visual effect of fire all year round. Additionally, <strong>the timer <\/strong>and <strong>weekly programmer<\/strong> allow you to program the fireplace to operate according to your schedule. <\/p>\n<p><strong>The Royal LED fireplac<\/strong>e is a perfect combination of elegance, comfort and modern technology. Thanks to the possibility of flame regulation, various fire options and advanced safety and control functions, Royal not only introduces the magical atmosphere of a campfire to the interior, but also becomes a unique decorative element. <\/p>\n<div class=\"feature\">\n<ul><strong><\/p>\n<p><a href=\"https:\/\/aflamo.shop\/wp-content\/uploads\/2023\/09\/ROYAL_EN-PL-DE-IT-ES-FR-CS-SK-NL-3.pdf\">Operating instructions and safety<\/a><\/p>\n<p><\/strong><\/ul>\n<p style=\"text-align: left;\"><strong>Technical drawings<\/strong><\/p>\n<p>Royal 42<\/p>\n<p style=\"text-align: center;\"><img decoding=\"async\" class=\"aligncenter wp-image-2617 size-full\" src=\"https:\/\/aflamo.shop\/wp-content\/uploads\/2023\/05\/royal-42-7-1.jpg\" alt=\"\" width=\"1244\" height=\"731\" srcset=\"https:\/\/aflamo.shop\/wp-content\/uploads\/2023\/05\/royal-42-7-1.jpg 1244w, https:\/\/aflamo.shop\/wp-content\/uploads\/2023\/05\/royal-42-7-1-600x353.jpg 600w, https:\/\/aflamo.shop\/wp-content\/uploads\/2023\/05\/royal-42-7-1-300x176.jpg 300w, https:\/\/aflamo.shop\/wp-content\/uploads\/2023\/05\/royal-42-7-1-1024x602.jpg 1024w, https:\/\/aflamo.shop\/wp-content\/uploads\/2023\/05\/royal-42-7-1-768x451.jpg 768w\" sizes=\"(max-width: 1244px) 100vw, 1244px\" \/><\/p>\n<p>Royal 50<\/p>\n<p style=\"text-align: center;\"><img loading=\"lazy\" decoding=\"async\" class=\"aligncenter wp-image-2648 size-full\" src=\"https:\/\/aflamo.shop\/wp-content\/uploads\/2023\/05\/royal-50-9-1.jpg\" alt=\"\" width=\"1332\" height=\"699\" srcset=\"https:\/\/aflamo.shop\/wp-content\/uploads\/2023\/05\/royal-50-9-1.jpg 1332w, https:\/\/aflamo.shop\/wp-content\/uploads\/2023\/05\/royal-50-9-1-600x315.jpg 600w, https:\/\/aflamo.shop\/wp-content\/uploads\/2023\/05\/royal-50-9-1-300x157.jpg 300w, https:\/\/aflamo.shop\/wp-content\/uploads\/2023\/05\/royal-50-9-1-1024x537.jpg 1024w, https:\/\/aflamo.shop\/wp-content\/uploads\/2023\/05\/royal-50-9-1-768x403.jpg 768w\" sizes=\"(max-width: 1332px) 100vw, 1332px\" \/><\/p>\n<p>Royal 60<\/p>\n<p style=\"text-align: center;\"><img loading=\"lazy\" decoding=\"async\" class=\"aligncenter wp-image-2654 size-full\" src=\"https:\/\/aflamo.shop\/wp-content\/uploads\/2023\/05\/royal-60-7-1.jpg\" alt=\"\" width=\"1369\" height=\"634\" srcset=\"https:\/\/aflamo.shop\/wp-content\/uploads\/2023\/05\/royal-60-7-1.jpg 1369w, https:\/\/aflamo.shop\/wp-content\/uploads\/2023\/05\/royal-60-7-1-600x278.jpg 600w, https:\/\/aflamo.shop\/wp-content\/uploads\/2023\/05\/royal-60-7-1-300x139.jpg 300w, https:\/\/aflamo.shop\/wp-content\/uploads\/2023\/05\/royal-60-7-1-1024x474.jpg 1024w, https:\/\/aflamo.shop\/wp-content\/uploads\/2023\/05\/royal-60-7-1-768x356.jpg 768w\" sizes=\"(max-width: 1369px) 100vw, 1369px\" \/><\/p>\n<p>Royal 65<\/p>\n<p style=\"text-align: center;\"><img loading=\"lazy\" decoding=\"async\" class=\"aligncenter wp-image-2660 size-full\" src=\"https:\/\/aflamo.shop\/wp-content\/uploads\/2023\/05\/royal-65-5-1.jpg\" alt=\"\" width=\"1346\" height=\"594\" srcset=\"https:\/\/aflamo.shop\/wp-content\/uploads\/2023\/05\/royal-65-5-1.jpg 1346w, https:\/\/aflamo.shop\/wp-content\/uploads\/2023\/05\/royal-65-5-1-600x265.jpg 600w, https:\/\/aflamo.shop\/wp-content\/uploads\/2023\/05\/royal-65-5-1-300x132.jpg 300w, https:\/\/aflamo.shop\/wp-content\/uploads\/2023\/05\/royal-65-5-1-1024x452.jpg 1024w, https:\/\/aflamo.shop\/wp-content\/uploads\/2023\/05\/royal-65-5-1-768x339.jpg 768w\" sizes=\"(max-width: 1346px) 100vw, 1346px\" \/><\/p>\n<p>Royal 72<\/p>\n<p style=\"text-align: center;\"><img loading=\"lazy\" decoding=\"async\" class=\"alignnone wp-image-2666 size-full\" src=\"https:\/\/aflamo.shop\/wp-content\/uploads\/2023\/05\/royal-72-7-1.jpg\" alt=\"\" width=\"1414\" height=\"573\" srcset=\"https:\/\/aflamo.shop\/wp-content\/uploads\/2023\/05\/royal-72-7-1.jpg 1414w, https:\/\/aflamo.shop\/wp-content\/uploads\/2023\/05\/royal-72-7-1-600x243.jpg 600w, https:\/\/aflamo.shop\/wp-content\/uploads\/2023\/05\/royal-72-7-1-300x122.jpg 300w, https:\/\/aflamo.shop\/wp-content\/uploads\/2023\/05\/royal-72-7-1-1024x415.jpg 1024w, https:\/\/aflamo.shop\/wp-content\/uploads\/2023\/05\/royal-72-7-1-768x311.jpg 768w\" sizes=\"(max-width: 1414px) 100vw, 1414px\" \/><\/p>\n<\/div>\n","protected":false},"excerpt":{"rendered":"<p>Manufacturer: Aflamo<\/p>\n<p>GETIN: 5908283560363\t<\/p>\n<p>Electric fireplace for built-in\/wall-mounting with heating function.<\/p>\n<p><b>Model:<\/b><\/p>\n<ul>\n<li><a href=\"https:\/\/aflamo.shop\/en\/p\/aflamo-royal-42-wall-built-in-led-electric-fireplace\/\">42<\/a><\/li>\n<li><a href=\"https:\/\/aflamo.shop\/en\/p\/aflamo-royal-50-wall-built-in-led-electric-fireplace\/\">50<\/a><\/li>\n<li><a href=\"https:\/\/aflamo.shop\/en\/p\/aflamo-royal-60-wall-built-in-led-electric-fireplace\/\">60<\/a><\/li>\n<li><a href=\"https:\/\/aflamo.shop\/en\/p\/aflamo-royal-65-wall-built-in-led-electric-fireplace\/\">65<\/a><\/li>\n<li><a href=\"https:\/\/aflamo.shop\/en\/p\/aflamo-royal-72-wall-built-in-led-electric-fireplace\/\">72<\/a><\/li>\n<\/ul>\n<p><b>Dimensions: <\/b>106x43x15 cm<\/p>\n","protected":false},"featured_media":2728,"comment_status":"open","ping_status":"closed","template":"","meta":[],"product_brand":[],"product_cat":[705,711,721,715,713,714],"product_tag":[744],"class_list":{"0":"post-15792","1":"product","2":"type-product","3":"status-publish","4":"has-post-thumbnail","6":"product_cat-aflamo-en","7":"product_cat-electric-fireplaces","8":"product_cat-electric-fireplaces-inserts","9":"product_cat-electric-fireplaces-with-heating-function","10":"product_cat-wall-fireplaces","11":"product_cat-wall-mounted-en","12":"product_tag-max-en","14":"first","15":"instock","16":"shipping-taxable","17":"purchasable","18":"product-type-simple"},"yoast_head":"<!-- This site is optimized with the Yoast SEO plugin v27.4 - https:\/\/yoast.com\/product\/yoast-seo-wordpress\/ -->\n<title>Aflamo Royal 42 - wall\/built-in LED electric fireplace - aflamo.shop-certified aflamo dealer<\/title>\n<meta name=\"description\" content=\"Kominek LED Royal \u2013 elegancja, komfort i nowoczesne technologie. Regulacja p\u0142omienia, opcje paleniska i funkcje bezpiecze\u0144stwa tworz\u0105 magiczn\u0105 atmosfer\u0119\" \/>\n<meta name=\"robots\" content=\"index, follow, max-snippet:-1, max-image-preview:large, max-video-preview:-1\" \/>\n<link rel=\"canonical\" href=\"https:\/\/aflamo.shop\/en\/p\/aflamo-royal-42-wall-built-in-led-electric-fireplace\/\" \/>\n<meta property=\"og:locale\" content=\"en_US\" \/>\n<meta property=\"og:type\" content=\"article\" \/>\n<meta property=\"og:title\" content=\"Aflamo Royal 42 - wall\/built-in LED electric fireplace - aflamo.shop-certified aflamo dealer\" \/>\n<meta property=\"og:description\" content=\"Kominek LED Royal \u2013 elegancja, komfort i nowoczesne technologie. Regulacja p\u0142omienia, opcje paleniska i funkcje bezpiecze\u0144stwa tworz\u0105 magiczn\u0105 atmosfer\u0119\" \/>\n<meta property=\"og:url\" content=\"https:\/\/aflamo.shop\/en\/p\/aflamo-royal-42-wall-built-in-led-electric-fireplace\/\" \/>\n<meta property=\"og:site_name\" content=\"aflamo.shop-certified aflamo dealer\" \/>\n<meta property=\"article:modified_time\" content=\"2026-04-22T12:25:11+00:00\" \/>\n<meta property=\"og:image\" content=\"https:\/\/aflamo.shop\/wp-content\/uploads\/2023\/05\/royal-60-2_sq-1.jpg\" \/>\n\t<meta property=\"og:image:width\" content=\"2248\" \/>\n\t<meta property=\"og:image:height\" content=\"2248\" \/>\n\t<meta property=\"og:image:type\" content=\"image\/jpeg\" \/>\n<meta name=\"twitter:card\" content=\"summary_large_image\" \/>\n<meta name=\"twitter:label1\" content=\"Est. reading time\" \/>\n\t<meta name=\"twitter:data1\" content=\"5 minutes\" \/>\n<script type=\"application\/ld+json\" class=\"yoast-schema-graph\">{\"@context\":\"https:\\\/\\\/schema.org\",\"@graph\":[{\"@type\":\"WebPage\",\"@id\":\"https:\\\/\\\/aflamo.shop\\\/en\\\/p\\\/aflamo-royal-42-wall-built-in-led-electric-fireplace\\\/\",\"url\":\"https:\\\/\\\/aflamo.shop\\\/en\\\/p\\\/aflamo-royal-42-wall-built-in-led-electric-fireplace\\\/\",\"name\":\"Aflamo Royal 42 - wall\\\/built-in LED electric fireplace - aflamo.shop-certified aflamo dealer\",\"isPartOf\":{\"@id\":\"https:\\\/\\\/aflamo.shop\\\/en\\\/#website\"},\"primaryImageOfPage\":{\"@id\":\"https:\\\/\\\/aflamo.shop\\\/en\\\/p\\\/aflamo-royal-42-wall-built-in-led-electric-fireplace\\\/#primaryimage\"},\"image\":{\"@id\":\"https:\\\/\\\/aflamo.shop\\\/en\\\/p\\\/aflamo-royal-42-wall-built-in-led-electric-fireplace\\\/#primaryimage\"},\"thumbnailUrl\":\"https:\\\/\\\/aflamo.shop\\\/wp-content\\\/uploads\\\/2023\\\/05\\\/royal-60-2_sq-1.jpg\",\"datePublished\":\"2023-09-16T15:02:19+00:00\",\"dateModified\":\"2026-04-22T12:25:11+00:00\",\"description\":\"Kominek LED Royal \u2013 elegancja, komfort i nowoczesne technologie. Regulacja p\u0142omienia, opcje paleniska i funkcje bezpiecze\u0144stwa tworz\u0105 magiczn\u0105 atmosfer\u0119\",\"breadcrumb\":{\"@id\":\"https:\\\/\\\/aflamo.shop\\\/en\\\/p\\\/aflamo-royal-42-wall-built-in-led-electric-fireplace\\\/#breadcrumb\"},\"inLanguage\":\"en-US\",\"potentialAction\":[{\"@type\":\"ReadAction\",\"target\":[\"https:\\\/\\\/aflamo.shop\\\/en\\\/p\\\/aflamo-royal-42-wall-built-in-led-electric-fireplace\\\/\"]}]},{\"@type\":\"ImageObject\",\"inLanguage\":\"en-US\",\"@id\":\"https:\\\/\\\/aflamo.shop\\\/en\\\/p\\\/aflamo-royal-42-wall-built-in-led-electric-fireplace\\\/#primaryimage\",\"url\":\"https:\\\/\\\/aflamo.shop\\\/wp-content\\\/uploads\\\/2023\\\/05\\\/royal-60-2_sq-1.jpg\",\"contentUrl\":\"https:\\\/\\\/aflamo.shop\\\/wp-content\\\/uploads\\\/2023\\\/05\\\/royal-60-2_sq-1.jpg\",\"width\":2248,\"height\":2248},{\"@type\":\"BreadcrumbList\",\"@id\":\"https:\\\/\\\/aflamo.shop\\\/en\\\/p\\\/aflamo-royal-42-wall-built-in-led-electric-fireplace\\\/#breadcrumb\",\"itemListElement\":[{\"@type\":\"ListItem\",\"position\":1,\"name\":\"Homepage\",\"item\":\"https:\\\/\\\/aflamo.shop\\\/en\\\/\"},{\"@type\":\"ListItem\",\"position\":2,\"name\":\"Store\",\"item\":\"https:\\\/\\\/aflamo.shop\\\/en\\\/shop\\\/\"},{\"@type\":\"ListItem\",\"position\":3,\"name\":\"Electric fireplaces\",\"item\":\"https:\\\/\\\/aflamo.shop\\\/en\\\/s\\\/electric-fireplaces\\\/\"},{\"@type\":\"ListItem\",\"position\":4,\"name\":\"Aflamo Royal 42 &#8211; wall\\\/built-in LED electric fireplace\"}]},{\"@type\":\"WebSite\",\"@id\":\"https:\\\/\\\/aflamo.shop\\\/en\\\/#website\",\"url\":\"https:\\\/\\\/aflamo.shop\\\/en\\\/\",\"name\":\"aflamo.shop-certified aflamo dealer\",\"description\":\"Kominki elektryczne Aflamo i Emotion Flame z funkcj\u0105 grzania\",\"publisher\":{\"@id\":\"https:\\\/\\\/aflamo.shop\\\/en\\\/#organization\"},\"potentialAction\":[{\"@type\":\"SearchAction\",\"target\":{\"@type\":\"EntryPoint\",\"urlTemplate\":\"https:\\\/\\\/aflamo.shop\\\/en\\\/?s={search_term_string}\"},\"query-input\":{\"@type\":\"PropertyValueSpecification\",\"valueRequired\":true,\"valueName\":\"search_term_string\"}}],\"inLanguage\":\"en-US\"},{\"@type\":\"Organization\",\"@id\":\"https:\\\/\\\/aflamo.shop\\\/en\\\/#organization\",\"name\":\"aflamo.shop-certified aflamo dealer\",\"url\":\"https:\\\/\\\/aflamo.shop\\\/en\\\/\",\"logo\":{\"@type\":\"ImageObject\",\"inLanguage\":\"en-US\",\"@id\":\"https:\\\/\\\/aflamo.shop\\\/en\\\/#\\\/schema\\\/logo\\\/image\\\/\",\"url\":\"https:\\\/\\\/aflamo.shop\\\/wp-content\\\/uploads\\\/2019\\\/10\\\/logo2.1-1-1.svg\",\"contentUrl\":\"https:\\\/\\\/aflamo.shop\\\/wp-content\\\/uploads\\\/2019\\\/10\\\/logo2.1-1-1.svg\",\"caption\":\"aflamo.shop-certified aflamo dealer\"},\"image\":{\"@id\":\"https:\\\/\\\/aflamo.shop\\\/en\\\/#\\\/schema\\\/logo\\\/image\\\/\"}}]}<\/script>\n<!-- \/ Yoast SEO plugin. -->","yoast_head_json":{"title":"Aflamo Royal 42 - wall\/built-in LED electric fireplace - aflamo.shop-certified aflamo dealer","description":"Kominek LED Royal \u2013 elegancja, komfort i nowoczesne technologie. Regulacja p\u0142omienia, opcje paleniska i funkcje bezpiecze\u0144stwa tworz\u0105 magiczn\u0105 atmosfer\u0119","robots":{"index":"index","follow":"follow","max-snippet":"max-snippet:-1","max-image-preview":"max-image-preview:large","max-video-preview":"max-video-preview:-1"},"canonical":"https:\/\/aflamo.shop\/en\/p\/aflamo-royal-42-wall-built-in-led-electric-fireplace\/","og_locale":"en_US","og_type":"article","og_title":"Aflamo Royal 42 - wall\/built-in LED electric fireplace - aflamo.shop-certified aflamo dealer","og_description":"Kominek LED Royal \u2013 elegancja, komfort i nowoczesne technologie. Regulacja p\u0142omienia, opcje paleniska i funkcje bezpiecze\u0144stwa tworz\u0105 magiczn\u0105 atmosfer\u0119","og_url":"https:\/\/aflamo.shop\/en\/p\/aflamo-royal-42-wall-built-in-led-electric-fireplace\/","og_site_name":"aflamo.shop-certified aflamo dealer","article_modified_time":"2026-04-22T12:25:11+00:00","og_image":[{"width":2248,"height":2248,"url":"https:\/\/aflamo.shop\/wp-content\/uploads\/2023\/05\/royal-60-2_sq-1.jpg","type":"image\/jpeg"}],"twitter_card":"summary_large_image","twitter_misc":{"Est. reading time":"5 minutes"},"schema":{"@context":"https:\/\/schema.org","@graph":[{"@type":"WebPage","@id":"https:\/\/aflamo.shop\/en\/p\/aflamo-royal-42-wall-built-in-led-electric-fireplace\/","url":"https:\/\/aflamo.shop\/en\/p\/aflamo-royal-42-wall-built-in-led-electric-fireplace\/","name":"Aflamo Royal 42 - wall\/built-in LED electric fireplace - aflamo.shop-certified aflamo dealer","isPartOf":{"@id":"https:\/\/aflamo.shop\/en\/#website"},"primaryImageOfPage":{"@id":"https:\/\/aflamo.shop\/en\/p\/aflamo-royal-42-wall-built-in-led-electric-fireplace\/#primaryimage"},"image":{"@id":"https:\/\/aflamo.shop\/en\/p\/aflamo-royal-42-wall-built-in-led-electric-fireplace\/#primaryimage"},"thumbnailUrl":"https:\/\/aflamo.shop\/wp-content\/uploads\/2023\/05\/royal-60-2_sq-1.jpg","datePublished":"2023-09-16T15:02:19+00:00","dateModified":"2026-04-22T12:25:11+00:00","description":"Kominek LED Royal \u2013 elegancja, komfort i nowoczesne technologie. Regulacja p\u0142omienia, opcje paleniska i funkcje bezpiecze\u0144stwa tworz\u0105 magiczn\u0105 atmosfer\u0119","breadcrumb":{"@id":"https:\/\/aflamo.shop\/en\/p\/aflamo-royal-42-wall-built-in-led-electric-fireplace\/#breadcrumb"},"inLanguage":"en-US","potentialAction":[{"@type":"ReadAction","target":["https:\/\/aflamo.shop\/en\/p\/aflamo-royal-42-wall-built-in-led-electric-fireplace\/"]}]},{"@type":"ImageObject","inLanguage":"en-US","@id":"https:\/\/aflamo.shop\/en\/p\/aflamo-royal-42-wall-built-in-led-electric-fireplace\/#primaryimage","url":"https:\/\/aflamo.shop\/wp-content\/uploads\/2023\/05\/royal-60-2_sq-1.jpg","contentUrl":"https:\/\/aflamo.shop\/wp-content\/uploads\/2023\/05\/royal-60-2_sq-1.jpg","width":2248,"height":2248},{"@type":"BreadcrumbList","@id":"https:\/\/aflamo.shop\/en\/p\/aflamo-royal-42-wall-built-in-led-electric-fireplace\/#breadcrumb","itemListElement":[{"@type":"ListItem","position":1,"name":"Homepage","item":"https:\/\/aflamo.shop\/en\/"},{"@type":"ListItem","position":2,"name":"Store","item":"https:\/\/aflamo.shop\/en\/shop\/"},{"@type":"ListItem","position":3,"name":"Electric fireplaces","item":"https:\/\/aflamo.shop\/en\/s\/electric-fireplaces\/"},{"@type":"ListItem","position":4,"name":"Aflamo Royal 42 &#8211; wall\/built-in LED electric fireplace"}]},{"@type":"WebSite","@id":"https:\/\/aflamo.shop\/en\/#website","url":"https:\/\/aflamo.shop\/en\/","name":"aflamo.shop-certified aflamo dealer","description":"Kominki elektryczne Aflamo i Emotion Flame z funkcj\u0105 grzania","publisher":{"@id":"https:\/\/aflamo.shop\/en\/#organization"},"potentialAction":[{"@type":"SearchAction","target":{"@type":"EntryPoint","urlTemplate":"https:\/\/aflamo.shop\/en\/?s={search_term_string}"},"query-input":{"@type":"PropertyValueSpecification","valueRequired":true,"valueName":"search_term_string"}}],"inLanguage":"en-US"},{"@type":"Organization","@id":"https:\/\/aflamo.shop\/en\/#organization","name":"aflamo.shop-certified aflamo dealer","url":"https:\/\/aflamo.shop\/en\/","logo":{"@type":"ImageObject","inLanguage":"en-US","@id":"https:\/\/aflamo.shop\/en\/#\/schema\/logo\/image\/","url":"https:\/\/aflamo.shop\/wp-content\/uploads\/2019\/10\/logo2.1-1-1.svg","contentUrl":"https:\/\/aflamo.shop\/wp-content\/uploads\/2019\/10\/logo2.1-1-1.svg","caption":"aflamo.shop-certified aflamo dealer"},"image":{"@id":"https:\/\/aflamo.shop\/en\/#\/schema\/logo\/image\/"}}]}},"_links":{"self":[{"href":"https:\/\/aflamo.shop\/en\/wp-json\/wp\/v2\/product\/15792","targetHints":{"allow":["GET"]}}],"collection":[{"href":"https:\/\/aflamo.shop\/en\/wp-json\/wp\/v2\/product"}],"about":[{"href":"https:\/\/aflamo.shop\/en\/wp-json\/wp\/v2\/types\/product"}],"replies":[{"embeddable":true,"href":"https:\/\/aflamo.shop\/en\/wp-json\/wp\/v2\/comments?post=15792"}],"wp:featuredmedia":[{"embeddable":true,"href":"https:\/\/aflamo.shop\/en\/wp-json\/wp\/v2\/media\/2728"}],"wp:attachment":[{"href":"https:\/\/aflamo.shop\/en\/wp-json\/wp\/v2\/media?parent=15792"}],"wp:term":[{"taxonomy":"product_brand","embeddable":true,"href":"https:\/\/aflamo.shop\/en\/wp-json\/wp\/v2\/product_brand?post=15792"},{"taxonomy":"product_cat","embeddable":true,"href":"https:\/\/aflamo.shop\/en\/wp-json\/wp\/v2\/product_cat?post=15792"},{"taxonomy":"product_tag","embeddable":true,"href":"https:\/\/aflamo.shop\/en\/wp-json\/wp\/v2\/product_tag?post=15792"}],"curies":[{"name":"wp","href":"https:\/\/api.w.org\/{rel}","templated":true}]}}