{"id":18544,"date":"2025-04-16T08:09:25","date_gmt":"2025-04-16T08:09:25","guid":{"rendered":"https:\/\/aflamo.shop\/p\/aflamo-lares-100-einbau-biokamin\/"},"modified":"2025-04-16T08:09:25","modified_gmt":"2025-04-16T08:09:25","slug":"aflamo-lares-100-einbau-biokamin","status":"publish","type":"product","link":"https:\/\/aflamo.shop\/de\/p\/aflamo-lares-100-einbau-biokamin\/","title":{"rendered":"Aflamo Lares 100 &#8211; Einbau-Biokamin"},"content":{"rendered":"<section>\n<h2><strong>Lares Wand-Biokamin \u2013 Modernit\u00e4t, Stil und Sicherheit in einem<\/strong><\/h2>\n<p><img fetchpriority=\"high\" decoding=\"async\" class=\"aligncenter wp-image-15656 size-full\" src=\"https:\/\/aflamo.shop\/wp-content\/uploads\/2025\/04\/Lares_aranzacja.jpg\" alt=\"\" width=\"2048\" height=\"1448\" srcset=\"https:\/\/aflamo.shop\/wp-content\/uploads\/2025\/04\/Lares_aranzacja.jpg 2048w, https:\/\/aflamo.shop\/wp-content\/uploads\/2025\/04\/Lares_aranzacja-600x424.jpg 600w, https:\/\/aflamo.shop\/wp-content\/uploads\/2025\/04\/Lares_aranzacja-300x212.jpg 300w, https:\/\/aflamo.shop\/wp-content\/uploads\/2025\/04\/Lares_aranzacja-1024x724.jpg 1024w, https:\/\/aflamo.shop\/wp-content\/uploads\/2025\/04\/Lares_aranzacja-768x543.jpg 768w, https:\/\/aflamo.shop\/wp-content\/uploads\/2025\/04\/Lares_aranzacja-1536x1086.jpg 1536w\" sizes=\"(max-width: 2048px) 100vw, 2048px\" \/><\/p>\n<h2>Einzigartige Funktionen und modernes Design<\/h2>\n<p><strong>Der wandmontierte Biokamin Lares<\/strong> ist ein dreiseitiges Einbaumodell, das Eleganz und Funktionalit\u00e4t perfekt vereint.<br \/>\nSein einzigartiges Design macht das Feuer zum zentralen Element jedes Interieurs und ist dank des geh\u00e4rteten Glases von drei Seiten sichtbar.<br \/>\nDiese L\u00f6sung wurde f\u00fcr Liebhaber modernen Designs geschaffen, die sowohl Wert auf \u00c4sthetik als auch auf die W\u00e4rme eines Zuhauses legen.<\/p>\n<p>Durch die einzigartige Form des Biokamins k\u00f6nnen Sie eine gem\u00fctliche und dennoch exklusive Atmosph\u00e4re schaffen \u2013 ideal f\u00fcr entspannte Abende oder Treffen mit Ihren Lieben.<br \/>\nLares passt perfekt zu verschiedenen Einrichtungsstilen \u2013 von minimalistisch bis industriell.<\/p>\n<p>Dank der einfachen Montage und intuitiven Bedienung ist Lares ein<strong> wandmontierter Biokamin<\/strong>, der selbst die Erwartungen der anspruchsvollsten Benutzer erf\u00fcllt.<\/p>\n<p><img decoding=\"async\" class=\"aligncenter wp-image-15662 size-full\" src=\"https:\/\/aflamo.shop\/wp-content\/uploads\/2025\/04\/Lares_right.jpg\" alt=\"\" width=\"1101\" height=\"996\" srcset=\"https:\/\/aflamo.shop\/wp-content\/uploads\/2025\/04\/Lares_right.jpg 1101w, https:\/\/aflamo.shop\/wp-content\/uploads\/2025\/04\/Lares_right-600x543.jpg 600w, https:\/\/aflamo.shop\/wp-content\/uploads\/2025\/04\/Lares_right-300x271.jpg 300w, https:\/\/aflamo.shop\/wp-content\/uploads\/2025\/04\/Lares_right-1024x926.jpg 1024w, https:\/\/aflamo.shop\/wp-content\/uploads\/2025\/04\/Lares_right-768x695.jpg 768w\" sizes=\"(max-width: 1101px) 100vw, 1101px\" \/><\/p>\n<h2>Gesundheit und Sicherheit \u2013 Sorge f\u00fcr das Wertvollste<\/h2>\n<p>Bei der Entwicklung des Lares-Biokamins stand die Sicherheit des Benutzers im Mittelpunkt.<br \/>\nDreiseitig geh\u00e4rtetes Glas bietet zus\u00e4tzlichen Schutz vor Flammen, was besonders in H\u00e4usern wichtig ist, in denen Kinder oder Haustiere leben.<br \/>\nDies bedeutet, dass Sie die Sch\u00f6nheit des nat\u00fcrlichen Feuers genie\u00dfen k\u00f6nnen, ohne sich um Gefahren sorgen zu m\u00fcssen.<\/p>\n<p>Der Edelstahlbrenner ist mit einem saugf\u00e4higen Einsatz ausgestattet, der ein versehentliches Versch\u00fctten von Biokraftstoff verhindert und eine stabile Verbrennung gew\u00e4hrleistet.<br \/>\nZus\u00e4tzlich ist im Set ein <strong>Feuerl\u00f6scher <\/strong>enthalten, mit dem Sie die Flamme jederzeit schnell und sicher l\u00f6schen k\u00f6nnen.<\/p>\n<p><img decoding=\"async\" class=\"aligncenter wp-image-15668 size-full\" src=\"https:\/\/aflamo.shop\/wp-content\/uploads\/2025\/04\/Lares_right_flame-600x434-1.jpg\" alt=\"\" width=\"600\" height=\"434\" srcset=\"https:\/\/aflamo.shop\/wp-content\/uploads\/2025\/04\/Lares_right_flame-600x434-1.jpg 600w, https:\/\/aflamo.shop\/wp-content\/uploads\/2025\/04\/Lares_right_flame-600x434-1-300x217.jpg 300w\" sizes=\"(max-width: 600px) 100vw, 600px\" \/><\/p>\n<h2>Das Set beinhaltet:<\/h2>\n<ul>\n<li>Biokamin Lares<\/li>\n<li>Edelstahlbrenner mit absorbierendem Einsatz<\/li>\n<li>Feuerl\u00f6scher<\/li>\n<li>Biokraftstoff-Nachf\u00fclltrichter<\/li>\n<li>Bedienungs- und Montageanleitung<\/li>\n<\/ul>\n<h2>W\u00e4hlen Sie Stil, Sicherheit und Komfort<\/h2>\n<p>Lares ist die perfekte L\u00f6sung f\u00fcr Menschen, die nach modernen und sicheren Heizl\u00f6sungen suchen.<br \/>\nWenn Sie von einer einzigartigen Atmosph\u00e4re in Ihrem Zuhause tr\u00e4umen \u2013 ohne Rauch, Schornstein und aufwendige Montage \u2013 wird dieser Biokamin Ihre Erwartungen erf\u00fcllen.<\/p>\n<p>&nbsp;<\/p>\n<\/section>\n<h2>Technische Zeichnungen<\/h2>\n<ul>\n<li style=\"list-style-type: none;\">\n<ul>\n<li>Lares 60<\/li>\n<\/ul>\n<\/li>\n<\/ul>\n<p><img loading=\"lazy\" decoding=\"async\" class=\"aligncenter wp-image-15638 size-full\" src=\"https:\/\/aflamo.shop\/wp-content\/uploads\/2025\/04\/Lares_60.png\" alt=\"\" width=\"717\" height=\"1071\" srcset=\"https:\/\/aflamo.shop\/wp-content\/uploads\/2025\/04\/Lares_60.png 717w, https:\/\/aflamo.shop\/wp-content\/uploads\/2025\/04\/Lares_60-600x896.png 600w, https:\/\/aflamo.shop\/wp-content\/uploads\/2025\/04\/Lares_60-201x300.png 201w, https:\/\/aflamo.shop\/wp-content\/uploads\/2025\/04\/Lares_60-686x1024.png 686w\" sizes=\"(max-width: 717px) 100vw, 717px\" \/><\/p>\n<ul>\n<li style=\"list-style-type: none;\">\n<ul>\n<li>Lares 80<\/li>\n<\/ul>\n<\/li>\n<\/ul>\n<p><img loading=\"lazy\" decoding=\"async\" class=\"aligncenter wp-image-15644 size-full\" src=\"https:\/\/aflamo.shop\/wp-content\/uploads\/2025\/04\/Lares_80.png\" alt=\"\" width=\"649\" height=\"1047\" srcset=\"https:\/\/aflamo.shop\/wp-content\/uploads\/2025\/04\/Lares_80.png 649w, https:\/\/aflamo.shop\/wp-content\/uploads\/2025\/04\/Lares_80-600x968.png 600w, https:\/\/aflamo.shop\/wp-content\/uploads\/2025\/04\/Lares_80-186x300.png 186w, https:\/\/aflamo.shop\/wp-content\/uploads\/2025\/04\/Lares_80-635x1024.png 635w\" sizes=\"(max-width: 649px) 100vw, 649px\" \/><\/p>\n<ul>\n<li style=\"list-style-type: none;\">\n<ul>\n<li>Lares 100<\/li>\n<\/ul>\n<\/li>\n<\/ul>\n<p><img loading=\"lazy\" decoding=\"async\" class=\"aligncenter wp-image-15650 size-full\" src=\"https:\/\/aflamo.shop\/wp-content\/uploads\/2025\/04\/Lares_100.png\" alt=\"\" width=\"719\" height=\"819\" srcset=\"https:\/\/aflamo.shop\/wp-content\/uploads\/2025\/04\/Lares_100.png 719w, https:\/\/aflamo.shop\/wp-content\/uploads\/2025\/04\/Lares_100-600x683.png 600w, https:\/\/aflamo.shop\/wp-content\/uploads\/2025\/04\/Lares_100-263x300.png 263w\" sizes=\"(max-width: 719px) 100vw, 719px\" \/><\/p>\n","protected":false},"excerpt":{"rendered":"<p>Hersteller: Aflamo<\/p>\n<p><b>Modell:<\/b><\/p>\n<ul>\n<li><a href=\"https:\/\/aflamo.shop\/de\/p\/aflamo-lares-60-einbau-biokamin\/\">60<\/a><\/li>\n<li><a href=\"https:\/\/aflamo.shop\/de\/p\/aflamo-lares-80-einbau-biokamin\/\">80<\/a><\/li>\n<li><a href=\"https:\/\/aflamo.shop\/de\/p\/aflamo-lares-100-einbau-biokamin\/\">100<\/a><\/li>\n<\/ul>\n<p><a href=\"https:\/\/aflamo.shop\/wp-content\/uploads\/2025\/04\/bio_manual_EN-PL-DE-FR-ES-IT-6.pdf\">Anweisung<\/a><\/p>\n<p><a href=\"https:\/\/aflamo.shop\/wp-content\/uploads\/2025\/04\/Safety_instructions_EN-PL-DE-IT-ES-FR-CS-SK-NL-6.pdf\">Sicherheit<\/a><\/p>\n<p>Abmessungen: 100x51x31 cm<\/p>\n","protected":false},"featured_media":22453,"comment_status":"open","ping_status":"closed","template":"","meta":[],"product_brand":[],"product_cat":[799,1030,991,869],"product_tag":[],"class_list":{"0":"post-18544","1":"product","2":"type-product","3":"status-publish","4":"has-post-thumbnail","6":"product_cat-aflamo-de","7":"product_cat-biobrenner-und-einsatze","8":"product_cat-ethanol-kamin","9":"product_cat-wand","11":"first","12":"instock","13":"shipping-taxable","14":"purchasable","15":"product-type-simple"},"yoast_head":"<!-- This site is optimized with the Yoast SEO plugin v27.1.1 - https:\/\/yoast.com\/product\/yoast-seo-wordpress\/ -->\n<title>Aflamo Lares 100 - Einbau-Biokamin - aflamo.shop-zertifizierter aflamo-H\u00e4ndler<\/title>\n<meta name=\"robots\" content=\"index, follow, max-snippet:-1, max-image-preview:large, max-video-preview:-1\" \/>\n<link rel=\"canonical\" href=\"https:\/\/aflamo.shop\/de\/p\/aflamo-lares-100-einbau-biokamin\/\" \/>\n<meta property=\"og:locale\" content=\"de_DE\" \/>\n<meta property=\"og:type\" content=\"article\" \/>\n<meta property=\"og:title\" content=\"Aflamo Lares 100 - Einbau-Biokamin - aflamo.shop-zertifizierter aflamo-H\u00e4ndler\" \/>\n<meta property=\"og:description\" content=\"Hersteller: Aflamo Modell: 60 80 100  Anweisung Sicherheit Abmessungen: 100x51x31 cm\" \/>\n<meta property=\"og:url\" content=\"https:\/\/aflamo.shop\/de\/p\/aflamo-lares-100-einbau-biokamin\/\" \/>\n<meta property=\"og:site_name\" content=\"aflamo.shop-zertifizierter aflamo-H\u00e4ndler\" \/>\n<meta property=\"og:image\" content=\"https:\/\/aflamo.shop\/wp-content\/uploads\/2025\/04\/Lares_right_flame-600x434-1.jpg\" \/>\n\t<meta property=\"og:image:width\" content=\"600\" \/>\n\t<meta property=\"og:image:height\" content=\"434\" \/>\n\t<meta property=\"og:image:type\" content=\"image\/jpeg\" \/>\n<meta name=\"twitter:card\" content=\"summary_large_image\" \/>\n<meta name=\"twitter:label1\" content=\"Gesch\u00e4tzte Lesezeit\" \/>\n\t<meta name=\"twitter:data1\" content=\"2\u00a0Minuten\" \/>\n<script type=\"application\/ld+json\" class=\"yoast-schema-graph\">{\"@context\":\"https:\/\/schema.org\",\"@graph\":[{\"@type\":\"WebPage\",\"@id\":\"https:\/\/aflamo.shop\/de\/p\/aflamo-lares-100-einbau-biokamin\/\",\"url\":\"https:\/\/aflamo.shop\/de\/p\/aflamo-lares-100-einbau-biokamin\/\",\"name\":\"Aflamo Lares 100 - Einbau-Biokamin - aflamo.shop-zertifizierter aflamo-H\u00e4ndler\",\"isPartOf\":{\"@id\":\"https:\/\/aflamo.shop\/de\/#website\"},\"primaryImageOfPage\":{\"@id\":\"https:\/\/aflamo.shop\/de\/p\/aflamo-lares-100-einbau-biokamin\/#primaryimage\"},\"image\":{\"@id\":\"https:\/\/aflamo.shop\/de\/p\/aflamo-lares-100-einbau-biokamin\/#primaryimage\"},\"thumbnailUrl\":\"https:\/\/aflamo.shop\/wp-content\/uploads\/2025\/04\/Projekt-bez-nazwy82.png\",\"datePublished\":\"2025-04-16T08:09:25+00:00\",\"breadcrumb\":{\"@id\":\"https:\/\/aflamo.shop\/de\/p\/aflamo-lares-100-einbau-biokamin\/#breadcrumb\"},\"inLanguage\":\"de\",\"potentialAction\":[{\"@type\":\"ReadAction\",\"target\":[\"https:\/\/aflamo.shop\/de\/p\/aflamo-lares-100-einbau-biokamin\/\"]}]},{\"@type\":\"ImageObject\",\"inLanguage\":\"de\",\"@id\":\"https:\/\/aflamo.shop\/de\/p\/aflamo-lares-100-einbau-biokamin\/#primaryimage\",\"url\":\"https:\/\/aflamo.shop\/wp-content\/uploads\/2025\/04\/Projekt-bez-nazwy82.png\",\"contentUrl\":\"https:\/\/aflamo.shop\/wp-content\/uploads\/2025\/04\/Projekt-bez-nazwy82.png\",\"width\":2048,\"height\":669},{\"@type\":\"BreadcrumbList\",\"@id\":\"https:\/\/aflamo.shop\/de\/p\/aflamo-lares-100-einbau-biokamin\/#breadcrumb\",\"itemListElement\":[{\"@type\":\"ListItem\",\"position\":1,\"name\":\"Strona g\u0142\u00f3wna\",\"item\":\"https:\/\/aflamo.shop\/de\/startseite\/\"},{\"@type\":\"ListItem\",\"position\":2,\"name\":\"Shop\",\"item\":\"https:\/\/aflamo.shop\/shop\/\"},{\"@type\":\"ListItem\",\"position\":3,\"name\":\"Aflamo\",\"item\":\"https:\/\/aflamo.shop\/de\/s\/aflamo-de\/\"},{\"@type\":\"ListItem\",\"position\":4,\"name\":\"Aflamo Lares 100 &#8211; Einbau-Biokamin\"}]},{\"@type\":\"WebSite\",\"@id\":\"https:\/\/aflamo.shop\/de\/#website\",\"url\":\"https:\/\/aflamo.shop\/de\/\",\"name\":\"aflamo.shop-zertifizierter aflamo-H\u00e4ndler\",\"description\":\"Kominki elektryczne Aflamo i Emotion Flame z funkcj\u0105 grzania\",\"potentialAction\":[{\"@type\":\"SearchAction\",\"target\":{\"@type\":\"EntryPoint\",\"urlTemplate\":\"https:\/\/aflamo.shop\/de\/?s={search_term_string}\"},\"query-input\":{\"@type\":\"PropertyValueSpecification\",\"valueRequired\":true,\"valueName\":\"search_term_string\"}}],\"inLanguage\":\"de\"}]}<\/script>\n<!-- \/ Yoast SEO plugin. -->","yoast_head_json":{"title":"Aflamo Lares 100 - Einbau-Biokamin - aflamo.shop-zertifizierter aflamo-H\u00e4ndler","robots":{"index":"index","follow":"follow","max-snippet":"max-snippet:-1","max-image-preview":"max-image-preview:large","max-video-preview":"max-video-preview:-1"},"canonical":"https:\/\/aflamo.shop\/de\/p\/aflamo-lares-100-einbau-biokamin\/","og_locale":"de_DE","og_type":"article","og_title":"Aflamo Lares 100 - Einbau-Biokamin - aflamo.shop-zertifizierter aflamo-H\u00e4ndler","og_description":"Hersteller: Aflamo Modell: 60 80 100  Anweisung Sicherheit Abmessungen: 100x51x31 cm","og_url":"https:\/\/aflamo.shop\/de\/p\/aflamo-lares-100-einbau-biokamin\/","og_site_name":"aflamo.shop-zertifizierter aflamo-H\u00e4ndler","og_image":[{"width":600,"height":434,"url":"https:\/\/aflamo.shop\/wp-content\/uploads\/2025\/04\/Lares_right_flame-600x434-1.jpg","type":"image\/jpeg"}],"twitter_card":"summary_large_image","twitter_misc":{"Gesch\u00e4tzte Lesezeit":"2\u00a0Minuten"},"schema":{"@context":"https:\/\/schema.org","@graph":[{"@type":"WebPage","@id":"https:\/\/aflamo.shop\/de\/p\/aflamo-lares-100-einbau-biokamin\/","url":"https:\/\/aflamo.shop\/de\/p\/aflamo-lares-100-einbau-biokamin\/","name":"Aflamo Lares 100 - Einbau-Biokamin - aflamo.shop-zertifizierter aflamo-H\u00e4ndler","isPartOf":{"@id":"https:\/\/aflamo.shop\/de\/#website"},"primaryImageOfPage":{"@id":"https:\/\/aflamo.shop\/de\/p\/aflamo-lares-100-einbau-biokamin\/#primaryimage"},"image":{"@id":"https:\/\/aflamo.shop\/de\/p\/aflamo-lares-100-einbau-biokamin\/#primaryimage"},"thumbnailUrl":"https:\/\/aflamo.shop\/wp-content\/uploads\/2025\/04\/Projekt-bez-nazwy82.png","datePublished":"2025-04-16T08:09:25+00:00","breadcrumb":{"@id":"https:\/\/aflamo.shop\/de\/p\/aflamo-lares-100-einbau-biokamin\/#breadcrumb"},"inLanguage":"de","potentialAction":[{"@type":"ReadAction","target":["https:\/\/aflamo.shop\/de\/p\/aflamo-lares-100-einbau-biokamin\/"]}]},{"@type":"ImageObject","inLanguage":"de","@id":"https:\/\/aflamo.shop\/de\/p\/aflamo-lares-100-einbau-biokamin\/#primaryimage","url":"https:\/\/aflamo.shop\/wp-content\/uploads\/2025\/04\/Projekt-bez-nazwy82.png","contentUrl":"https:\/\/aflamo.shop\/wp-content\/uploads\/2025\/04\/Projekt-bez-nazwy82.png","width":2048,"height":669},{"@type":"BreadcrumbList","@id":"https:\/\/aflamo.shop\/de\/p\/aflamo-lares-100-einbau-biokamin\/#breadcrumb","itemListElement":[{"@type":"ListItem","position":1,"name":"Strona g\u0142\u00f3wna","item":"https:\/\/aflamo.shop\/de\/startseite\/"},{"@type":"ListItem","position":2,"name":"Shop","item":"https:\/\/aflamo.shop\/shop\/"},{"@type":"ListItem","position":3,"name":"Aflamo","item":"https:\/\/aflamo.shop\/de\/s\/aflamo-de\/"},{"@type":"ListItem","position":4,"name":"Aflamo Lares 100 &#8211; Einbau-Biokamin"}]},{"@type":"WebSite","@id":"https:\/\/aflamo.shop\/de\/#website","url":"https:\/\/aflamo.shop\/de\/","name":"aflamo.shop-zertifizierter aflamo-H\u00e4ndler","description":"Kominki elektryczne Aflamo i Emotion Flame z funkcj\u0105 grzania","potentialAction":[{"@type":"SearchAction","target":{"@type":"EntryPoint","urlTemplate":"https:\/\/aflamo.shop\/de\/?s={search_term_string}"},"query-input":{"@type":"PropertyValueSpecification","valueRequired":true,"valueName":"search_term_string"}}],"inLanguage":"de"}]}},"_links":{"self":[{"href":"https:\/\/aflamo.shop\/de\/wp-json\/wp\/v2\/product\/18544","targetHints":{"allow":["GET"]}}],"collection":[{"href":"https:\/\/aflamo.shop\/de\/wp-json\/wp\/v2\/product"}],"about":[{"href":"https:\/\/aflamo.shop\/de\/wp-json\/wp\/v2\/types\/product"}],"replies":[{"embeddable":true,"href":"https:\/\/aflamo.shop\/de\/wp-json\/wp\/v2\/comments?post=18544"}],"wp:featuredmedia":[{"embeddable":true,"href":"https:\/\/aflamo.shop\/de\/wp-json\/wp\/v2\/media\/22453"}],"wp:attachment":[{"href":"https:\/\/aflamo.shop\/de\/wp-json\/wp\/v2\/media?parent=18544"}],"wp:term":[{"taxonomy":"product_brand","embeddable":true,"href":"https:\/\/aflamo.shop\/de\/wp-json\/wp\/v2\/product_brand?post=18544"},{"taxonomy":"product_cat","embeddable":true,"href":"https:\/\/aflamo.shop\/de\/wp-json\/wp\/v2\/product_cat?post=18544"},{"taxonomy":"product_tag","embeddable":true,"href":"https:\/\/aflamo.shop\/de\/wp-json\/wp\/v2\/product_tag?post=18544"}],"curies":[{"name":"wp","href":"https:\/\/api.w.org\/{rel}","templated":true}]}}