{"id":18527,"date":"2025-05-14T09:56:26","date_gmt":"2025-05-14T09:56:26","guid":{"rendered":"https:\/\/aflamo.shop\/p\/aflamo-milos-white-60-freistehender-elektrokamin\/"},"modified":"2026-02-10T12:05:27","modified_gmt":"2026-02-10T12:05:27","slug":"aflamo-milos-white-60-freistehender-elektrokamin","status":"publish","type":"product","link":"https:\/\/aflamo.shop\/de\/p\/aflamo-milos-white-60-freistehender-elektrokamin\/","title":{"rendered":"Aflamo Milos White 60 &#8211; freistehender Elektrokamin"},"content":{"rendered":"<p><iframe title=\"YouTube-Video-Player\" src=\"https:\/\/www.youtube.com\/embed\/pWOb88Z8_do?si=3RCahxAuhGZJui9n\" width=\"560\" height=\"315\" frameborder=\"0\" allowfullscreen=\"allowfullscreen\"><span data-mce-type=\"bookmark\" style=\"display: inline-block; width: 0px; overflow: hidden; line-height: 0;\" class=\"mce_SELRES_start\"><\/span><\/iframe><\/p>\n<section class=\"product-description\">\n<h1><\/h1>\n<h1>Freistehender Elektrokamin Milos \u2013 Modernit\u00e4t, Stil und W\u00e4rme in Ihrem Zuhause<\/h1>\n<p><strong>Bringen Sie die Magie des Feuers in Ihr Zuhause, ohne Rauch, Asche und Verantwortung!<\/strong><br \/>\nDer freistehende elektrische Kamin Milos ist eine Kombination aus moderner Technologie, elegantem Design und unglaublichem Realismus. Mit seiner Hilfe schaffen Sie eine gem\u00fctliche Atmosph\u00e4re in Ihrem Wohnzimmer, Schlafzimmer oder B\u00fcro \u2013 \u00fcberall dort, wo Sie die W\u00e4rme und den Schein des Feuers sp\u00fcren m\u00f6chten. <\/p>\n<h2>\ud83c\udfa8 W\u00e4hlen Sie Ihren Stil<\/h2>\n<ul>\n<li><strong>Verf\u00fcgbare Geh\u00e4usefarben:<\/strong> Schwarz, Wei\u00df<\/li>\n<li><strong>Gr\u00f6\u00dfenvarianten<\/strong>: 40 \u00d7 110 \u00d7 25 cm, 60 \u00d7 110 \u00d7 25 cm<\/li>\n<li><strong>Material<\/strong>: pulverbeschichtetes Metall<\/li>\n<\/ul>\n<p><img fetchpriority=\"high\" decoding=\"async\" class=\"aligncenter wp-image-17838 size-full\" src=\"https:\/\/aflamo.shop\/wp-content\/uploads\/2025\/05\/unique_milos.jpg\" alt=\"\" width=\"492\" height=\"300\" srcset=\"https:\/\/aflamo.shop\/wp-content\/uploads\/2025\/05\/unique_milos.jpg 492w, https:\/\/aflamo.shop\/wp-content\/uploads\/2025\/05\/unique_milos-300x183.jpg 300w\" sizes=\"(max-width: 492px) 100vw, 492px\" \/><\/p>\n<h2>\ud83d\udd25 Echter Lagerfeuereffekt \u2013 AFLAMO 3D dreidimensionale Flamme<\/h2>\n<p>Dank des <strong>AFLAMO PLUS 3D<\/strong>-Einsatzes \u00fcberzeugt der Elektrokamin Milos mit einem \u00e4u\u00dferst realistischen Flammenbild. Die durchscheinenden Holzscheite und die gl\u00fchende Feuerstelle lassen die Flammen echt aussehen. <\/p>\n<p><img decoding=\"async\" class=\"aligncenter wp-image-17826 size-full\" src=\"https:\/\/aflamo.shop\/wp-content\/uploads\/2025\/05\/unique_flame_insert-3d-1.jpg\" alt=\"\" width=\"492\" height=\"300\" srcset=\"https:\/\/aflamo.shop\/wp-content\/uploads\/2025\/05\/unique_flame_insert-3d-1.jpg 492w, https:\/\/aflamo.shop\/wp-content\/uploads\/2025\/05\/unique_flame_insert-3d-1-300x183.jpg 300w\" sizes=\"(max-width: 492px) 100vw, 492px\" \/><\/p>\n<ul>\n<li>3 Flammenfarben<\/li>\n<li>5 Helligkeitsstufen<\/li>\n<li>5 Flammengeschwindigkeiten<\/li>\n<\/ul>\n<p><img decoding=\"async\" class=\"aligncenter wp-image-17814 size-full\" src=\"https:\/\/aflamo.shop\/wp-content\/uploads\/2025\/05\/Royal-3D_flame_colors-1.jpg\" alt=\"\" width=\"637\" height=\"418\" srcset=\"https:\/\/aflamo.shop\/wp-content\/uploads\/2025\/05\/Royal-3D_flame_colors-1.jpg 637w, https:\/\/aflamo.shop\/wp-content\/uploads\/2025\/05\/Royal-3D_flame_colors-1-600x394.jpg 600w, https:\/\/aflamo.shop\/wp-content\/uploads\/2025\/05\/Royal-3D_flame_colors-1-300x197.jpg 300w\" sizes=\"(max-width: 637px) 100vw, 637px\" \/><\/p>\n<ul>\n<li>13 Farben f\u00fcr die Beleuchtung des Kamins<\/li>\n<li>2 Arten von Feuerstellen enthalten: Holzscheite und Kristalle<\/li>\n<\/ul>\n<p><img loading=\"lazy\" decoding=\"async\" class=\"aligncenter wp-image-17808 size-full\" src=\"https:\/\/aflamo.shop\/wp-content\/uploads\/2025\/05\/polana_krysztaly-e1603875138523-1.png\" alt=\"\" width=\"413\" height=\"297\" srcset=\"https:\/\/aflamo.shop\/wp-content\/uploads\/2025\/05\/polana_krysztaly-e1603875138523-1.png 413w, https:\/\/aflamo.shop\/wp-content\/uploads\/2025\/05\/polana_krysztaly-e1603875138523-1-300x216.png 300w\" sizes=\"(max-width: 413px) 100vw, 413px\" \/><\/p>\n<ul>\n<li>Der Kamin Milos wird mit halbtransparenten Holzscheiten geliefert, die den Eindruck von gl\u00fchendem Holz vermitteln.<\/li>\n<\/ul>\n<p><img loading=\"lazy\" decoding=\"async\" class=\"aligncenter wp-image-17832 size-full\" src=\"https:\/\/aflamo.shop\/wp-content\/uploads\/2025\/05\/unique_logs_royal-pro-1.jpg\" alt=\"\" width=\"492\" height=\"300\" srcset=\"https:\/\/aflamo.shop\/wp-content\/uploads\/2025\/05\/unique_logs_royal-pro-1.jpg 492w, https:\/\/aflamo.shop\/wp-content\/uploads\/2025\/05\/unique_logs_royal-pro-1-300x183.jpg 300w\" sizes=\"(max-width: 492px) 100vw, 492px\" \/><\/p>\n<p>&nbsp;<\/p>\n<\/section>\n<h2><\/h2>\n<section class=\"product-description\">\n<h2>\ud83c\udfb6 Entspannen Sie sich beim Klang des Feuers<\/h2>\n<p>Schlie\u00dfen Sie die Augen und entspannen Sie sich beim <strong>authentischen Klang knisternden Holzes<\/strong>. Der eingebaute Lautsprecher entf\u00fchrt Sie direkt in die Welt der Entspannung und der W\u00e4rme Ihres Zuhauses. <\/p>\n<p><img loading=\"lazy\" decoding=\"async\" class=\"aligncenter wp-image-17954 size-full\" src=\"https:\/\/aflamo.shop\/wp-content\/uploads\/2025\/05\/unique_sound_milos-white.jpg\" alt=\"\" width=\"492\" height=\"300\" srcset=\"https:\/\/aflamo.shop\/wp-content\/uploads\/2025\/05\/unique_sound_milos-white.jpg 492w, https:\/\/aflamo.shop\/wp-content\/uploads\/2025\/05\/unique_sound_milos-white-300x183.jpg 300w\" sizes=\"(max-width: 492px) 100vw, 492px\" \/><\/p>\n<\/section>\n<p>&nbsp;<\/p>\n<section class=\"product-description\">\n<h2>\ud83d\udcf1 Intelligente Steuerung \u2013 mobil und per Sprache<\/h2>\n<ul>\n<li>Support per mobiler App (Android und iOS)<\/li>\n<li>Sprachsteuerung mit Amazon Alexa<\/li>\n<li>Fernbedienung enthalten<\/li>\n<\/ul>\n<p><img loading=\"lazy\" decoding=\"async\" class=\"aligncenter wp-image-17948 size-full\" src=\"https:\/\/aflamo.shop\/wp-content\/uploads\/2025\/05\/unique_app_milos-white.jpg\" alt=\"\" width=\"492\" height=\"300\" srcset=\"https:\/\/aflamo.shop\/wp-content\/uploads\/2025\/05\/unique_app_milos-white.jpg 492w, https:\/\/aflamo.shop\/wp-content\/uploads\/2025\/05\/unique_app_milos-white-300x183.jpg 300w\" sizes=\"(max-width: 492px) 100vw, 492px\" \/><\/p>\n<p>&nbsp;<\/p>\n<h2>\u2668\ufe0f Heizfunktion \u2013 W\u00e4rme, wenn Sie sie brauchen<\/h2>\n<ul>\n<li>2 Heizleistungsstufen<\/li>\n<li>Thermostat mit Temperaturbereich: 18\u201330\u00b0C<\/li>\n<li>Timer \/ Sleep-Timer<\/li>\n<li>Warmluftgebl\u00e4se<\/li>\n<li>Fenster-offen-Sensor (Energieeinsparung)<\/li>\n<li>Keine Bel\u00fcftung erforderlich \u2013 kein Rauch oder Schmutz<\/li>\n<\/ul>\n<h2>\ud83d\udca1 Komfort das ganze Jahr \u00fcber<\/h2>\n<p><strong>Die Flamme funktioniert unabh\u00e4ngig von der Heizfunktion<\/strong>, sodass Sie den Kamin auch an w\u00e4rmeren Tagen nutzen k\u00f6nnen. Genie\u00dfen Sie die Atmosph\u00e4re das ganze Jahr \u00fcber! <\/p>\n<h2>\ud83c\udf3f \u00d6kologisch und sicher<\/h2>\n<ul>\n<li>Keine CO\u2082-Emissionen oder Schadstoffe<\/li>\n<li>Kein Rauch, Staub oder Asche<\/li>\n<li>Das Glas erhitzt sich nicht \u2013 sicher f\u00fcr Kinder und Tiere<\/li>\n<li>Eingebauter Heizk\u00f6rper-Sicherheitssensor<\/li>\n<\/ul>\n<h2>\ud83d\udce6 Das Set beinhaltet:<\/h2>\n<ul>\n<li>Elektrokamin Milos<\/li>\n<li>Fernsteuerung<\/li>\n<li>Kaminbesteck (Holzscheit + Kristalle)<\/li>\n<li>Montagezubeh\u00f6r<\/li>\n<li>Gebrauchsanweisung<\/li>\n<li>Styroporprofile zum Transportschutz<\/li>\n<\/ul>\n<h2>\ud83d\udcb0 Wirtschaft und Ersparnisse<\/h2>\n<p><strong>LED-Technologie = geringe Betriebskosten <\/strong>\u2013 nur 1-2 Cent pro Stunde Flammeneffekt! Der Kamin ist au\u00dferdem mit einem Fenster-offen-Sensor ausgestattet, der die Heizung automatisch abschaltet, wenn die Temperatur sinkt.. <\/p>\n<h2>\ud83d\udd25 Zusammenfassung<\/h2>\n<p><strong>Der freistehende Elektrokamin Milos<\/strong> ist die perfekte L\u00f6sung f\u00fcr Menschen, die Komfort, \u00c4sthetik und \u00d6kologie kombinieren m\u00f6chten. W\u00e4hlen Sie die Farbe und Gr\u00f6\u00dfe, die am besten zu Ihrer Inneneinrichtung passt \u2013 und genie\u00dfen Sie ein Feuer, das keine Unordnung verursacht! <\/p>\n<\/section>\n<h2>Technische Zeichnungen<\/h2>\n<p>&nbsp;<\/p>\n<p><b>Milos 40 Black<\/b><\/p>\n<p><img loading=\"lazy\" decoding=\"async\" class=\"aligncenter wp-image-17892 size-full\" src=\"https:\/\/aflamo.shop\/wp-content\/uploads\/2025\/05\/Milos_40.png\" alt=\"\" width=\"1012\" height=\"1059\" srcset=\"https:\/\/aflamo.shop\/wp-content\/uploads\/2025\/05\/Milos_40.png 1012w, https:\/\/aflamo.shop\/wp-content\/uploads\/2025\/05\/Milos_40-600x628.png 600w, https:\/\/aflamo.shop\/wp-content\/uploads\/2025\/05\/Milos_40-287x300.png 287w, https:\/\/aflamo.shop\/wp-content\/uploads\/2025\/05\/Milos_40-979x1024.png 979w, https:\/\/aflamo.shop\/wp-content\/uploads\/2025\/05\/Milos_40-768x804.png 768w\" sizes=\"(max-width: 1012px) 100vw, 1012px\" \/><\/p>\n<p><b>Milos 60<\/b><\/p>\n<p><img loading=\"lazy\" decoding=\"async\" class=\"aligncenter wp-image-17886 size-full\" src=\"https:\/\/aflamo.shop\/wp-content\/uploads\/2025\/05\/Milos_60.png\" alt=\"\" width=\"1088\" height=\"963\" srcset=\"https:\/\/aflamo.shop\/wp-content\/uploads\/2025\/05\/Milos_60.png 1088w, https:\/\/aflamo.shop\/wp-content\/uploads\/2025\/05\/Milos_60-600x531.png 600w, https:\/\/aflamo.shop\/wp-content\/uploads\/2025\/05\/Milos_60-300x266.png 300w, https:\/\/aflamo.shop\/wp-content\/uploads\/2025\/05\/Milos_60-1024x906.png 1024w, https:\/\/aflamo.shop\/wp-content\/uploads\/2025\/05\/Milos_60-768x680.png 768w\" sizes=\"(max-width: 1088px) 100vw, 1088px\" \/><\/p>\n","protected":false},"excerpt":{"rendered":"<p> Hersteller: Aflamo<\/p>\n<p> Freistehender elektrischer Kamin<\/p>\n<p><b>Modell:<\/b><\/p>\n<ul>\n<li><a href=\"https:\/\/aflamo.shop\/de\/p\/aflamo-milos-black-40-freistehender-elektrokamin\/\">40<\/a><\/li>\n<li><a href=\"https:\/\/aflamo.shop\/de\/p\/aflamo-milos-black-60-freistehender-elektrokamin\/\">60<\/a><\/li>\n<\/ul>\n<p><b>Farben:<\/b><\/p>\n<ul>\n<li><a href=\"https:\/\/aflamo.shop\/de\/p\/aflamo-milos-black-60-freistehender-elektrokamin\/\">Black<\/a><\/li>\n<li><a href=\"https:\/\/aflamo.shop\/de\/p\/aflamo-milos-white-60-freistehender-elektrokamin\/\">White<\/a><\/li>\n<\/ul>\n<p><a href=\"https:\/\/aflamo.shop\/wp-content\/uploads\/2025\/05\/Milos.pdf\">Anleitung zur Geh\u00e4usemontage<\/a><\/p>\n<p><a href=\"https:\/\/aflamo.shop\/wp-content\/uploads\/2024\/11\/Insert-3D_EN-PL-DE-IT-ES-FR-CS-SK-NL-2.pdf\">Unterweisung und Sicherheit<\/a><\/p>\n<p><b>Ma\u00dfe: B 60 x H 110 x T 25cm   <b><\/p>\n","protected":false},"featured_media":17963,"comment_status":"open","ping_status":"closed","template":"","meta":[],"product_brand":[],"product_cat":[799,800,806,805,802,834],"product_tag":[],"class_list":{"0":"post-18527","1":"product","2":"type-product","3":"status-publish","4":"has-post-thumbnail","6":"product_cat-aflamo-de","7":"product_cat-elektrische-kamine","8":"product_cat-elektrische-kamine-mit-mobiler-app","9":"product_cat-elektrische-kamine-mit-sound","10":"product_cat-led-elektrokamine-mit-heizfunktion","11":"product_cat-freistehende-led-kamine","13":"first","14":"instock","15":"shipping-taxable","16":"purchasable","17":"product-type-simple"},"yoast_head":"<!-- This site is optimized with the Yoast SEO plugin v27.1.1 - https:\/\/yoast.com\/product\/yoast-seo-wordpress\/ -->\n<title>Aflamo Milos White 60 - freistehender Elektrokamin - aflamo.shop-zertifizierter aflamo-H\u00e4ndler<\/title>\n<meta name=\"robots\" content=\"index, follow, max-snippet:-1, max-image-preview:large, max-video-preview:-1\" \/>\n<link rel=\"canonical\" href=\"https:\/\/aflamo.shop\/de\/p\/aflamo-milos-white-60-freistehender-elektrokamin\/\" \/>\n<meta property=\"og:locale\" content=\"de_DE\" \/>\n<meta property=\"og:type\" content=\"article\" \/>\n<meta property=\"og:title\" content=\"Aflamo Milos White 60 - freistehender Elektrokamin - aflamo.shop-zertifizierter aflamo-H\u00e4ndler\" \/>\n<meta property=\"og:description\" content=\"Hersteller: Aflamo  Freistehender elektrischer Kamin Modell:   40     60    Farben:   Black     White     Anleitung zur Geh\u00e4usemontage Unterweisung und Sicherheit Ma\u00dfe: B 60 x H 110 x T 25cm\" \/>\n<meta property=\"og:url\" content=\"https:\/\/aflamo.shop\/de\/p\/aflamo-milos-white-60-freistehender-elektrokamin\/\" \/>\n<meta property=\"og:site_name\" content=\"aflamo.shop-zertifizierter aflamo-H\u00e4ndler\" \/>\n<meta property=\"article:modified_time\" content=\"2026-02-10T12:05:27+00:00\" \/>\n<meta property=\"og:image\" content=\"https:\/\/aflamo.shop\/wp-content\/uploads\/2025\/05\/Milos_40_White_front_1-1.jpg\" \/>\n\t<meta property=\"og:image:width\" content=\"2048\" \/>\n\t<meta property=\"og:image:height\" content=\"2048\" \/>\n\t<meta property=\"og:image:type\" content=\"image\/jpeg\" \/>\n<meta name=\"twitter:card\" content=\"summary_large_image\" \/>\n<meta name=\"twitter:label1\" content=\"Gesch\u00e4tzte Lesezeit\" \/>\n\t<meta name=\"twitter:data1\" content=\"5\u00a0Minuten\" \/>\n<script type=\"application\/ld+json\" class=\"yoast-schema-graph\">{\"@context\":\"https:\/\/schema.org\",\"@graph\":[{\"@type\":\"WebPage\",\"@id\":\"https:\/\/aflamo.shop\/de\/p\/aflamo-milos-white-60-freistehender-elektrokamin\/\",\"url\":\"https:\/\/aflamo.shop\/de\/p\/aflamo-milos-white-60-freistehender-elektrokamin\/\",\"name\":\"Aflamo Milos White 60 - freistehender Elektrokamin - aflamo.shop-zertifizierter aflamo-H\u00e4ndler\",\"isPartOf\":{\"@id\":\"https:\/\/aflamo.shop\/de\/#website\"},\"primaryImageOfPage\":{\"@id\":\"https:\/\/aflamo.shop\/de\/p\/aflamo-milos-white-60-freistehender-elektrokamin\/#primaryimage\"},\"image\":{\"@id\":\"https:\/\/aflamo.shop\/de\/p\/aflamo-milos-white-60-freistehender-elektrokamin\/#primaryimage\"},\"thumbnailUrl\":\"https:\/\/aflamo.shop\/wp-content\/uploads\/2025\/05\/Milos_40_White_front_1-1.jpg\",\"datePublished\":\"2025-05-14T09:56:26+00:00\",\"dateModified\":\"2026-02-10T12:05:27+00:00\",\"breadcrumb\":{\"@id\":\"https:\/\/aflamo.shop\/de\/p\/aflamo-milos-white-60-freistehender-elektrokamin\/#breadcrumb\"},\"inLanguage\":\"de\",\"potentialAction\":[{\"@type\":\"ReadAction\",\"target\":[\"https:\/\/aflamo.shop\/de\/p\/aflamo-milos-white-60-freistehender-elektrokamin\/\"]}]},{\"@type\":\"ImageObject\",\"inLanguage\":\"de\",\"@id\":\"https:\/\/aflamo.shop\/de\/p\/aflamo-milos-white-60-freistehender-elektrokamin\/#primaryimage\",\"url\":\"https:\/\/aflamo.shop\/wp-content\/uploads\/2025\/05\/Milos_40_White_front_1-1.jpg\",\"contentUrl\":\"https:\/\/aflamo.shop\/wp-content\/uploads\/2025\/05\/Milos_40_White_front_1-1.jpg\",\"width\":2048,\"height\":2048},{\"@type\":\"BreadcrumbList\",\"@id\":\"https:\/\/aflamo.shop\/de\/p\/aflamo-milos-white-60-freistehender-elektrokamin\/#breadcrumb\",\"itemListElement\":[{\"@type\":\"ListItem\",\"position\":1,\"name\":\"Strona g\u0142\u00f3wna\",\"item\":\"https:\/\/aflamo.shop\/de\/startseite\/\"},{\"@type\":\"ListItem\",\"position\":2,\"name\":\"Shop\",\"item\":\"https:\/\/aflamo.shop\/shop\/\"},{\"@type\":\"ListItem\",\"position\":3,\"name\":\"Aflamo\",\"item\":\"https:\/\/aflamo.shop\/de\/s\/aflamo-de\/\"},{\"@type\":\"ListItem\",\"position\":4,\"name\":\"Aflamo Milos White 60 &#8211; freistehender Elektrokamin\"}]},{\"@type\":\"WebSite\",\"@id\":\"https:\/\/aflamo.shop\/de\/#website\",\"url\":\"https:\/\/aflamo.shop\/de\/\",\"name\":\"aflamo.shop-zertifizierter aflamo-H\u00e4ndler\",\"description\":\"Kominki elektryczne Aflamo i Emotion Flame z funkcj\u0105 grzania\",\"potentialAction\":[{\"@type\":\"SearchAction\",\"target\":{\"@type\":\"EntryPoint\",\"urlTemplate\":\"https:\/\/aflamo.shop\/de\/?s={search_term_string}\"},\"query-input\":{\"@type\":\"PropertyValueSpecification\",\"valueRequired\":true,\"valueName\":\"search_term_string\"}}],\"inLanguage\":\"de\"}]}<\/script>\n<!-- \/ Yoast SEO plugin. -->","yoast_head_json":{"title":"Aflamo Milos White 60 - freistehender Elektrokamin - aflamo.shop-zertifizierter aflamo-H\u00e4ndler","robots":{"index":"index","follow":"follow","max-snippet":"max-snippet:-1","max-image-preview":"max-image-preview:large","max-video-preview":"max-video-preview:-1"},"canonical":"https:\/\/aflamo.shop\/de\/p\/aflamo-milos-white-60-freistehender-elektrokamin\/","og_locale":"de_DE","og_type":"article","og_title":"Aflamo Milos White 60 - freistehender Elektrokamin - aflamo.shop-zertifizierter aflamo-H\u00e4ndler","og_description":"Hersteller: Aflamo  Freistehender elektrischer Kamin Modell:   40     60    Farben:   Black     White     Anleitung zur Geh\u00e4usemontage Unterweisung und Sicherheit Ma\u00dfe: B 60 x H 110 x T 25cm","og_url":"https:\/\/aflamo.shop\/de\/p\/aflamo-milos-white-60-freistehender-elektrokamin\/","og_site_name":"aflamo.shop-zertifizierter aflamo-H\u00e4ndler","article_modified_time":"2026-02-10T12:05:27+00:00","og_image":[{"width":2048,"height":2048,"url":"https:\/\/aflamo.shop\/wp-content\/uploads\/2025\/05\/Milos_40_White_front_1-1.jpg","type":"image\/jpeg"}],"twitter_card":"summary_large_image","twitter_misc":{"Gesch\u00e4tzte Lesezeit":"5\u00a0Minuten"},"schema":{"@context":"https:\/\/schema.org","@graph":[{"@type":"WebPage","@id":"https:\/\/aflamo.shop\/de\/p\/aflamo-milos-white-60-freistehender-elektrokamin\/","url":"https:\/\/aflamo.shop\/de\/p\/aflamo-milos-white-60-freistehender-elektrokamin\/","name":"Aflamo Milos White 60 - freistehender Elektrokamin - aflamo.shop-zertifizierter aflamo-H\u00e4ndler","isPartOf":{"@id":"https:\/\/aflamo.shop\/de\/#website"},"primaryImageOfPage":{"@id":"https:\/\/aflamo.shop\/de\/p\/aflamo-milos-white-60-freistehender-elektrokamin\/#primaryimage"},"image":{"@id":"https:\/\/aflamo.shop\/de\/p\/aflamo-milos-white-60-freistehender-elektrokamin\/#primaryimage"},"thumbnailUrl":"https:\/\/aflamo.shop\/wp-content\/uploads\/2025\/05\/Milos_40_White_front_1-1.jpg","datePublished":"2025-05-14T09:56:26+00:00","dateModified":"2026-02-10T12:05:27+00:00","breadcrumb":{"@id":"https:\/\/aflamo.shop\/de\/p\/aflamo-milos-white-60-freistehender-elektrokamin\/#breadcrumb"},"inLanguage":"de","potentialAction":[{"@type":"ReadAction","target":["https:\/\/aflamo.shop\/de\/p\/aflamo-milos-white-60-freistehender-elektrokamin\/"]}]},{"@type":"ImageObject","inLanguage":"de","@id":"https:\/\/aflamo.shop\/de\/p\/aflamo-milos-white-60-freistehender-elektrokamin\/#primaryimage","url":"https:\/\/aflamo.shop\/wp-content\/uploads\/2025\/05\/Milos_40_White_front_1-1.jpg","contentUrl":"https:\/\/aflamo.shop\/wp-content\/uploads\/2025\/05\/Milos_40_White_front_1-1.jpg","width":2048,"height":2048},{"@type":"BreadcrumbList","@id":"https:\/\/aflamo.shop\/de\/p\/aflamo-milos-white-60-freistehender-elektrokamin\/#breadcrumb","itemListElement":[{"@type":"ListItem","position":1,"name":"Strona g\u0142\u00f3wna","item":"https:\/\/aflamo.shop\/de\/startseite\/"},{"@type":"ListItem","position":2,"name":"Shop","item":"https:\/\/aflamo.shop\/shop\/"},{"@type":"ListItem","position":3,"name":"Aflamo","item":"https:\/\/aflamo.shop\/de\/s\/aflamo-de\/"},{"@type":"ListItem","position":4,"name":"Aflamo Milos White 60 &#8211; freistehender Elektrokamin"}]},{"@type":"WebSite","@id":"https:\/\/aflamo.shop\/de\/#website","url":"https:\/\/aflamo.shop\/de\/","name":"aflamo.shop-zertifizierter aflamo-H\u00e4ndler","description":"Kominki elektryczne Aflamo i Emotion Flame z funkcj\u0105 grzania","potentialAction":[{"@type":"SearchAction","target":{"@type":"EntryPoint","urlTemplate":"https:\/\/aflamo.shop\/de\/?s={search_term_string}"},"query-input":{"@type":"PropertyValueSpecification","valueRequired":true,"valueName":"search_term_string"}}],"inLanguage":"de"}]}},"_links":{"self":[{"href":"https:\/\/aflamo.shop\/de\/wp-json\/wp\/v2\/product\/18527","targetHints":{"allow":["GET"]}}],"collection":[{"href":"https:\/\/aflamo.shop\/de\/wp-json\/wp\/v2\/product"}],"about":[{"href":"https:\/\/aflamo.shop\/de\/wp-json\/wp\/v2\/types\/product"}],"replies":[{"embeddable":true,"href":"https:\/\/aflamo.shop\/de\/wp-json\/wp\/v2\/comments?post=18527"}],"wp:featuredmedia":[{"embeddable":true,"href":"https:\/\/aflamo.shop\/de\/wp-json\/wp\/v2\/media\/17963"}],"wp:attachment":[{"href":"https:\/\/aflamo.shop\/de\/wp-json\/wp\/v2\/media?parent=18527"}],"wp:term":[{"taxonomy":"product_brand","embeddable":true,"href":"https:\/\/aflamo.shop\/de\/wp-json\/wp\/v2\/product_brand?post=18527"},{"taxonomy":"product_cat","embeddable":true,"href":"https:\/\/aflamo.shop\/de\/wp-json\/wp\/v2\/product_cat?post=18527"},{"taxonomy":"product_tag","embeddable":true,"href":"https:\/\/aflamo.shop\/de\/wp-json\/wp\/v2\/product_tag?post=18527"}],"curies":[{"name":"wp","href":"https:\/\/api.w.org\/{rel}","templated":true}]}}