{"id":18524,"date":"2025-05-19T11:18:55","date_gmt":"2025-05-19T11:18:55","guid":{"rendered":"https:\/\/aflamo.shop\/p\/aflamo-textel-weiss-freistehender-elektrokamin\/"},"modified":"2025-06-06T08:55:47","modified_gmt":"2025-06-06T08:55:47","slug":"aflamo-texel-weiss-freistehender-elektrokamin","status":"publish","type":"product","link":"https:\/\/aflamo.shop\/de\/p\/aflamo-texel-weiss-freistehender-elektrokamin\/","title":{"rendered":"Aflamo Texel wei\u00df &#8211; freistehender Elektrokamin"},"content":{"rendered":"<p><iframe title=\"YouTube-Video-Player\" src=\"https:\/\/www.youtube.com\/embed\/ifq3oziZr8M?si=NawC3dFiCsR94AVP\" width=\"560\" height=\"315\" frameborder=\"0\" allowfullscreen=\"allowfullscreen\"><span data-mce-type=\"bookmark\" style=\"display: inline-block; width: 0px; overflow: hidden; line-height: 0;\" class=\"mce_SELRES_start\"><\/span><span data-mce-type=\"bookmark\" style=\"display: inline-block; width: 0px; overflow: hidden; line-height: 0;\" class=\"mce_SELRES_start\"><\/span><\/iframe><\/p>\n<div class=\"product-description\">\n<h1>Freistehender Elektrokamin Texel \u2013 Modernit\u00e4t und Gem\u00fctlichkeit in einem<\/h1>\n<p>Suchen Sie nach einer stilvollen und funktionalen M\u00f6glichkeit, ein stimmungsvolles Interieur zu schaffen?<br \/>\n<strong>Der freistehende Elektrokamin Texel <\/strong>ist die perfekte L\u00f6sung f\u00fcr alle, die von einem Kaminfeuer zu Hause ohne den \u00c4rger mit Brennstoff und Rauch tr\u00e4umen.<br \/>\nErh\u00e4ltlich in zwei Farbvarianten \u2013 <strong>Schwarz <\/strong>und <strong>Wei\u00df <\/strong>\u2013 k\u00f6nnen Sie es problemlos an Ihre Inneneinrichtung anpassen!<\/p>\n<h2>Minimalistisches Design \u2013 Metallgeh\u00e4use in zwei Farben<\/h2>\n<p>Das Geh\u00e4use des Kamins Texel besteht vollst\u00e4ndig aus langlebigem, pulverbeschichtetem Metall. Sie haben die Wahl zwischen klassischen<br \/>\n<strong>Schwarz <\/strong>oder elegantes <strong>Wei\u00df <\/strong>\u2013 w\u00e4hlen Sie die Farbe, die am besten zu Ihrem Stil passt.<\/p>\n<p><img fetchpriority=\"high\" decoding=\"async\" class=\"aligncenter wp-image-18316 size-full\" src=\"https:\/\/aflamo.shop\/wp-content\/uploads\/2025\/05\/unique_texel.jpg\" alt=\"Freistehender Elektrokamin Texel in der Wohnzimmereinrichtung - Schwarze Version\" width=\"492\" height=\"300\" srcset=\"https:\/\/aflamo.shop\/wp-content\/uploads\/2025\/05\/unique_texel.jpg 492w, https:\/\/aflamo.shop\/wp-content\/uploads\/2025\/05\/unique_texel-300x183.jpg 300w\" sizes=\"(max-width: 492px) 100vw, 492px\" \/><\/p>\n<h2>Dreidimensional flammeneffekt \u2013 also echtes Feuer<\/h2>\n<p>Das Modell Texel mit <strong>Tower 46<\/strong>-Einsatz bietet dank der <strong>AFLAMO PLUS<\/strong>-Technologie eine atemberaubende, realistische Flamme.<br \/>\nDer dreidimensionale Feuereffekt und die gl\u00fchenden, halbtransparenten Holzscheite lassen den Kamin wie einen nat\u00fcrlichen Kamin wirken \u2013 ohne Rauch und Asche.<\/p>\n<p><img decoding=\"async\" class=\"aligncenter wp-image-18292 size-full\" src=\"https:\/\/aflamo.shop\/wp-content\/uploads\/2025\/05\/unique_flame_tower.jpg\" alt=\"Der dreidimensionaler Effekt Flammen in einem Texel-Kamin mit einem Tower 46-Einsatz\" width=\"492\" height=\"300\" srcset=\"https:\/\/aflamo.shop\/wp-content\/uploads\/2025\/05\/unique_flame_tower.jpg 492w, https:\/\/aflamo.shop\/wp-content\/uploads\/2025\/05\/unique_flame_tower-300x183.jpg 300w\" sizes=\"(max-width: 492px) 100vw, 492px\" \/><\/p>\n<ul>\n<li>6 Flammenfarben, 5 Helligkeitsstufen, 3 Geschwindigkeiten<\/li>\n<\/ul>\n<p><img decoding=\"async\" class=\"aligncenter wp-image-18280 size-full\" src=\"https:\/\/aflamo.shop\/wp-content\/uploads\/2025\/05\/Tower_flame_colors.jpg\" alt=\"Flammenfarben des Elektrokamins Texel \u2013 6-Farben-Palette\" width=\"637\" height=\"418\" srcset=\"https:\/\/aflamo.shop\/wp-content\/uploads\/2025\/05\/Tower_flame_colors.jpg 637w, https:\/\/aflamo.shop\/wp-content\/uploads\/2025\/05\/Tower_flame_colors-600x394.jpg 600w, https:\/\/aflamo.shop\/wp-content\/uploads\/2025\/05\/Tower_flame_colors-300x197.jpg 300w\" sizes=\"(max-width: 637px) 100vw, 637px\" \/><\/p>\n<ul>\n<li><strong><span class=\"digit\">10 <\/span><\/strong>Farben der Feuerraumbeleuchtung.<br \/>\n<strong><span class=\"digit\">5 <\/span><\/strong>Helligkeitsstufen der Feuerraumbeleuchtung.<\/li>\n<\/ul>\n<p><img loading=\"lazy\" decoding=\"async\" class=\"aligncenter wp-image-18298 size-full\" src=\"https:\/\/aflamo.shop\/wp-content\/uploads\/2025\/05\/unique_logs_tower-1.jpg\" alt=\"Durchscheinende Holzscheite im Texel-Kamin \u2013 eine realistische Feuerstelle\" width=\"492\" height=\"300\" srcset=\"https:\/\/aflamo.shop\/wp-content\/uploads\/2025\/05\/unique_logs_tower-1.jpg 492w, https:\/\/aflamo.shop\/wp-content\/uploads\/2025\/05\/unique_logs_tower-1-300x183.jpg 300w\" sizes=\"(max-width: 492px) 100vw, 492px\" \/><\/p>\n<h2>Soundeffekt \u2013 H\u00f6ren Sie das Knistern des Feuers<\/h2>\n<p>Dank des eingebauten Lautsprechers h\u00f6ren Sie das realistische <strong>Ger\u00e4usch von brennendem Holz,<\/strong> was den Eindruck eines echten Kamins verst\u00e4rkt.<br \/>\nEs ist die perfekte Kulisse f\u00fcr entspannte Abende, ein Buch oder ein romantisches Abendessen.<\/p>\n<p><img loading=\"lazy\" decoding=\"async\" class=\"aligncenter wp-image-18421 size-full\" src=\"https:\/\/aflamo.shop\/wp-content\/uploads\/2025\/05\/unique_sound_texel-white.jpg\" alt=\"\" width=\"492\" height=\"300\" srcset=\"https:\/\/aflamo.shop\/wp-content\/uploads\/2025\/05\/unique_sound_texel-white.jpg 492w, https:\/\/aflamo.shop\/wp-content\/uploads\/2025\/05\/unique_sound_texel-white-300x183.jpg 300w\" sizes=\"(max-width: 492px) 100vw, 492px\" \/><\/p>\n<p>&nbsp;<\/p>\n<h2>Steuerung per App und Sprachbefehl<\/h2>\n<p>Sie k\u00f6nnen den freistehenden Elektrokamin Texel auf mehrere Arten bedienen:<\/p>\n<ul>\n<li><strong>Fernsteuerung<\/strong><\/li>\n<li><strong>Mobile App<\/strong> (Android und iOS)<\/li>\n<li><strong>Sprachbefehle <\/strong>mit Amazon Alexa<\/li>\n<\/ul>\n<p><img loading=\"lazy\" decoding=\"async\" class=\"aligncenter wp-image-18415 size-full\" src=\"https:\/\/aflamo.shop\/wp-content\/uploads\/2025\/05\/unique_app_texel-white.jpg\" alt=\"\" width=\"492\" height=\"300\" srcset=\"https:\/\/aflamo.shop\/wp-content\/uploads\/2025\/05\/unique_app_texel-white.jpg 492w, https:\/\/aflamo.shop\/wp-content\/uploads\/2025\/05\/unique_app_texel-white-300x183.jpg 300w\" sizes=\"(max-width: 492px) 100vw, 492px\" \/><\/p>\n<p>&nbsp;<\/p>\n<h2>Heizfunktion \u2013 Komfort das ganze Jahr \u00fcber<\/h2>\n<p>Texel sieht nicht nur gut aus, es h\u00e4lt Sie auch <strong>warm<\/strong>, wenn Sie es brauchen. Es arbeitet mit zwei Leistungsstufen und<br \/>\n<strong>Thermostat (18\u201330 \u00b0C)<\/strong>, der den Raum schnell aufheizt und eine angenehme Temperatur h\u00e4lt.<\/p>\n<ul>\n<li>Keine Bel\u00fcftung erforderlich<\/li>\n<li>Kein Ru\u00df, Rauch oder Abgase<\/li>\n<li>M\u00f6glichkeit, die Flamme <strong>ohne Heizung zu nutzen<\/strong> \u2013 auch im Sommer<\/li>\n<\/ul>\n<h2>Sicherheit f\u00fcr Kinder und Tiere<\/h2>\n<p>Das Glas des Kamins<strong> erhitzt sich nicht <\/strong>und ist daher f\u00fcr Kinder und Haustiere v\u00f6llig sicher.<br \/>\n<strong>Der Sicherheitssensor<\/strong> schaltet die Heizung automatisch ab, wenn die Steckdose abgedeckt ist.<\/p>\n<h2>\u00d6kologische und \u00f6konomische Wahl<\/h2>\n<p>Elektrokamine sind <strong>emissionsfrei <\/strong>\u2013 sie sto\u00dfen kein CO\u2082 aus und produzieren weder Asche noch Ru\u00df.<br \/>\nDank LED-Technik betragen die Kosten f\u00fcr den Flammeneffekt lediglich <strong>1-2 Cent pro Stunde.<\/strong><\/p>\n<h2>Inhalt des Sets:<\/h2>\n<ul>\n<li>Freistehender Elektrokamin Texel<\/li>\n<li>Fernsteuerung<\/li>\n<li>Feuerstellen-Set mit Holzscheiten<\/li>\n<li>Montagezubeh\u00f6r<\/li>\n<li>Bedienungs- und Montageanleitung<\/li>\n<li>Styropor-Schutzprofile<\/li>\n<\/ul>\n<h2>Warum einen Texel-Kamin w\u00e4hlen?<\/h2>\n<ul>\n<li>Modernes Design in zwei Farben<\/li>\n<li>Realistische Flammen- und Soundeffekte<\/li>\n<li>Eingebaute Heizung und Thermostat<\/li>\n<li>Sicherheit und \u00d6kologie<\/li>\n<li>Einfache Bedienung \u2013 Fernbedienung, App, Sprachbefehle<\/li>\n<\/ul>\n<p><strong>Der freistehende Elektrokamin Texel<\/strong> ist eine Kombination aus moderner Technik und gem\u00fctlicher Atmosph\u00e4re.<br \/>\nSicher, elegant und funktional \u2013 perfekt f\u00fcr Wohnzimmer, Schlafzimmer oder B\u00fcro.<\/p>\n<p><strong>\ud83d\uded2 Jetzt bestellen und die Magie des Feuers sp\u00fcren \u2013 ohne Asche, Rauch und Probleme!<\/strong><\/p>\n<\/div>\n<h2>Technische Zeichnung<\/h2>\n<p><img loading=\"lazy\" decoding=\"async\" class=\"aligncenter wp-image-18323 size-full\" src=\"https:\/\/aflamo.shop\/wp-content\/uploads\/2025\/05\/Texel.png\" alt=\"\" width=\"907\" height=\"800\" srcset=\"https:\/\/aflamo.shop\/wp-content\/uploads\/2025\/05\/Texel.png 907w, https:\/\/aflamo.shop\/wp-content\/uploads\/2025\/05\/Texel-600x529.png 600w, https:\/\/aflamo.shop\/wp-content\/uploads\/2025\/05\/Texel-300x265.png 300w, https:\/\/aflamo.shop\/wp-content\/uploads\/2025\/05\/Texel-768x677.png 768w\" sizes=\"(max-width: 907px) 100vw, 907px\" \/><\/p>\n","protected":false},"excerpt":{"rendered":"<p>Hersteller: Aflamo<\/p>\n<p>GETIN: 05908283562916<\/p>\n<p>Freistehender elektrischer Kamin<\/p>\n<p><b>Farbe<\/b><\/p>\n<ul>\n<li><a href=\"https:\/\/aflamo.shop\/de\/p\/aflamo-texel-schwarz-freistehender-elektrischer-kamin\/\">Schwarz<\/a><\/li>\n<li><a href=\"https:\/\/aflamo.shop\/de\/p\/aflamo-texel-weiss-freistehender-elektrokamin\/\">Wei\u00df<\/a><\/li>\n<\/ul>\n<p><a href=\"https:\/\/aflamo.shop\/wp-content\/uploads\/2025\/05\/Texel.pdf\">Geh\u00e4usemontage<\/a><\/p>\n<p><a href=\"https:\/\/aflamo.shop\/wp-content\/uploads\/2025\/02\/Tower_EN-PL-DE-IT-ES-FR-CS-SK-NL-1-skompresowany.pdf\">Unterweisung und Sicherheit<\/a><\/p>\n<p><b>Ma\u00dfe: 60x110x33 cm<\/b><\/p>\n","protected":false},"featured_media":18346,"comment_status":"open","ping_status":"closed","template":"","meta":[],"product_brand":[],"product_cat":[799,800,802,834],"product_tag":[],"class_list":{"0":"post-18524","1":"product","2":"type-product","3":"status-publish","4":"has-post-thumbnail","6":"product_cat-aflamo-de","7":"product_cat-elektrische-kamine","8":"product_cat-led-elektrokamine-mit-heizfunktion","9":"product_cat-freistehende-led-kamine","11":"first","12":"instock","13":"shipping-taxable","14":"purchasable","15":"product-type-simple"},"yoast_head":"<!-- This site is optimized with the Yoast SEO plugin v27.1.1 - https:\/\/yoast.com\/product\/yoast-seo-wordpress\/ -->\n<title>Aflamo Texel wei\u00df - freistehender Elektrokamin - aflamo.shop-zertifizierter aflamo-H\u00e4ndler<\/title>\n<meta name=\"description\" content=\"Der freistehende Elektrokamin Texel ist die perfekte L\u00f6sung f\u00fcr alle, die von einem Kaminfeuer zu Hause ohne den \u00c4rger mit Brennstoff und Rauch tr\u00e4umen.\" \/>\n<meta name=\"robots\" content=\"index, follow, max-snippet:-1, max-image-preview:large, max-video-preview:-1\" \/>\n<link rel=\"canonical\" href=\"https:\/\/aflamo.shop\/de\/p\/aflamo-texel-weiss-freistehender-elektrokamin\/\" \/>\n<meta property=\"og:locale\" content=\"de_DE\" \/>\n<meta property=\"og:type\" content=\"article\" \/>\n<meta property=\"og:title\" content=\"Aflamo Texel wei\u00df - freistehender Elektrokamin - aflamo.shop-zertifizierter aflamo-H\u00e4ndler\" \/>\n<meta property=\"og:description\" content=\"Der freistehende Elektrokamin Texel ist die perfekte L\u00f6sung f\u00fcr alle, die von einem Kaminfeuer zu Hause ohne den \u00c4rger mit Brennstoff und Rauch tr\u00e4umen.\" \/>\n<meta property=\"og:url\" content=\"https:\/\/aflamo.shop\/de\/p\/aflamo-texel-weiss-freistehender-elektrokamin\/\" \/>\n<meta property=\"og:site_name\" content=\"aflamo.shop-zertifizierter aflamo-H\u00e4ndler\" \/>\n<meta property=\"article:modified_time\" content=\"2025-06-06T08:55:47+00:00\" \/>\n<meta property=\"og:image\" content=\"https:\/\/aflamo.shop\/wp-content\/uploads\/2025\/05\/Texel_White_front_1-1.jpg\" \/>\n\t<meta property=\"og:image:width\" content=\"2048\" \/>\n\t<meta property=\"og:image:height\" content=\"2048\" \/>\n\t<meta property=\"og:image:type\" content=\"image\/jpeg\" \/>\n<meta name=\"twitter:card\" content=\"summary_large_image\" \/>\n<meta name=\"twitter:label1\" content=\"Gesch\u00e4tzte Lesezeit\" \/>\n\t<meta name=\"twitter:data1\" content=\"5\u00a0Minuten\" \/>\n<script type=\"application\/ld+json\" class=\"yoast-schema-graph\">{\"@context\":\"https:\/\/schema.org\",\"@graph\":[{\"@type\":\"WebPage\",\"@id\":\"https:\/\/aflamo.shop\/de\/p\/aflamo-texel-weiss-freistehender-elektrokamin\/\",\"url\":\"https:\/\/aflamo.shop\/de\/p\/aflamo-texel-weiss-freistehender-elektrokamin\/\",\"name\":\"Aflamo Texel wei\u00df - freistehender Elektrokamin - aflamo.shop-zertifizierter aflamo-H\u00e4ndler\",\"isPartOf\":{\"@id\":\"https:\/\/aflamo.shop\/de\/#website\"},\"primaryImageOfPage\":{\"@id\":\"https:\/\/aflamo.shop\/de\/p\/aflamo-texel-weiss-freistehender-elektrokamin\/#primaryimage\"},\"image\":{\"@id\":\"https:\/\/aflamo.shop\/de\/p\/aflamo-texel-weiss-freistehender-elektrokamin\/#primaryimage\"},\"thumbnailUrl\":\"https:\/\/aflamo.shop\/wp-content\/uploads\/2025\/05\/Texel_White_front_1-1.jpg\",\"datePublished\":\"2025-05-19T11:18:55+00:00\",\"dateModified\":\"2025-06-06T08:55:47+00:00\",\"description\":\"Der freistehende Elektrokamin Texel ist die perfekte L\u00f6sung f\u00fcr alle, die von einem Kaminfeuer zu Hause ohne den \u00c4rger mit Brennstoff und Rauch tr\u00e4umen.\",\"breadcrumb\":{\"@id\":\"https:\/\/aflamo.shop\/de\/p\/aflamo-texel-weiss-freistehender-elektrokamin\/#breadcrumb\"},\"inLanguage\":\"de\",\"potentialAction\":[{\"@type\":\"ReadAction\",\"target\":[\"https:\/\/aflamo.shop\/de\/p\/aflamo-texel-weiss-freistehender-elektrokamin\/\"]}]},{\"@type\":\"ImageObject\",\"inLanguage\":\"de\",\"@id\":\"https:\/\/aflamo.shop\/de\/p\/aflamo-texel-weiss-freistehender-elektrokamin\/#primaryimage\",\"url\":\"https:\/\/aflamo.shop\/wp-content\/uploads\/2025\/05\/Texel_White_front_1-1.jpg\",\"contentUrl\":\"https:\/\/aflamo.shop\/wp-content\/uploads\/2025\/05\/Texel_White_front_1-1.jpg\",\"width\":2048,\"height\":2048},{\"@type\":\"BreadcrumbList\",\"@id\":\"https:\/\/aflamo.shop\/de\/p\/aflamo-texel-weiss-freistehender-elektrokamin\/#breadcrumb\",\"itemListElement\":[{\"@type\":\"ListItem\",\"position\":1,\"name\":\"Strona g\u0142\u00f3wna\",\"item\":\"https:\/\/aflamo.shop\/de\/startseite\/\"},{\"@type\":\"ListItem\",\"position\":2,\"name\":\"Shop\",\"item\":\"https:\/\/aflamo.shop\/shop\/\"},{\"@type\":\"ListItem\",\"position\":3,\"name\":\"Elektrische Kamine\",\"item\":\"https:\/\/aflamo.shop\/de\/s\/elektrische-kamine\/\"},{\"@type\":\"ListItem\",\"position\":4,\"name\":\"Elektrokamine mit Heizfunktion\",\"item\":\"https:\/\/aflamo.shop\/de\/s\/elektrische-kamine\/led-elektrokamine-mit-heizfunktion\/\"},{\"@type\":\"ListItem\",\"position\":5,\"name\":\"Aflamo Texel wei\u00df &#8211; freistehender Elektrokamin\"}]},{\"@type\":\"WebSite\",\"@id\":\"https:\/\/aflamo.shop\/de\/#website\",\"url\":\"https:\/\/aflamo.shop\/de\/\",\"name\":\"aflamo.shop-zertifizierter aflamo-H\u00e4ndler\",\"description\":\"Kominki elektryczne Aflamo i Emotion Flame z funkcj\u0105 grzania\",\"potentialAction\":[{\"@type\":\"SearchAction\",\"target\":{\"@type\":\"EntryPoint\",\"urlTemplate\":\"https:\/\/aflamo.shop\/de\/?s={search_term_string}\"},\"query-input\":{\"@type\":\"PropertyValueSpecification\",\"valueRequired\":true,\"valueName\":\"search_term_string\"}}],\"inLanguage\":\"de\"}]}<\/script>\n<!-- \/ Yoast SEO plugin. -->","yoast_head_json":{"title":"Aflamo Texel wei\u00df - freistehender Elektrokamin - aflamo.shop-zertifizierter aflamo-H\u00e4ndler","description":"Der freistehende Elektrokamin Texel ist die perfekte L\u00f6sung f\u00fcr alle, die von einem Kaminfeuer zu Hause ohne den \u00c4rger mit Brennstoff und Rauch tr\u00e4umen.","robots":{"index":"index","follow":"follow","max-snippet":"max-snippet:-1","max-image-preview":"max-image-preview:large","max-video-preview":"max-video-preview:-1"},"canonical":"https:\/\/aflamo.shop\/de\/p\/aflamo-texel-weiss-freistehender-elektrokamin\/","og_locale":"de_DE","og_type":"article","og_title":"Aflamo Texel wei\u00df - freistehender Elektrokamin - aflamo.shop-zertifizierter aflamo-H\u00e4ndler","og_description":"Der freistehende Elektrokamin Texel ist die perfekte L\u00f6sung f\u00fcr alle, die von einem Kaminfeuer zu Hause ohne den \u00c4rger mit Brennstoff und Rauch tr\u00e4umen.","og_url":"https:\/\/aflamo.shop\/de\/p\/aflamo-texel-weiss-freistehender-elektrokamin\/","og_site_name":"aflamo.shop-zertifizierter aflamo-H\u00e4ndler","article_modified_time":"2025-06-06T08:55:47+00:00","og_image":[{"width":2048,"height":2048,"url":"https:\/\/aflamo.shop\/wp-content\/uploads\/2025\/05\/Texel_White_front_1-1.jpg","type":"image\/jpeg"}],"twitter_card":"summary_large_image","twitter_misc":{"Gesch\u00e4tzte Lesezeit":"5\u00a0Minuten"},"schema":{"@context":"https:\/\/schema.org","@graph":[{"@type":"WebPage","@id":"https:\/\/aflamo.shop\/de\/p\/aflamo-texel-weiss-freistehender-elektrokamin\/","url":"https:\/\/aflamo.shop\/de\/p\/aflamo-texel-weiss-freistehender-elektrokamin\/","name":"Aflamo Texel wei\u00df - freistehender Elektrokamin - aflamo.shop-zertifizierter aflamo-H\u00e4ndler","isPartOf":{"@id":"https:\/\/aflamo.shop\/de\/#website"},"primaryImageOfPage":{"@id":"https:\/\/aflamo.shop\/de\/p\/aflamo-texel-weiss-freistehender-elektrokamin\/#primaryimage"},"image":{"@id":"https:\/\/aflamo.shop\/de\/p\/aflamo-texel-weiss-freistehender-elektrokamin\/#primaryimage"},"thumbnailUrl":"https:\/\/aflamo.shop\/wp-content\/uploads\/2025\/05\/Texel_White_front_1-1.jpg","datePublished":"2025-05-19T11:18:55+00:00","dateModified":"2025-06-06T08:55:47+00:00","description":"Der freistehende Elektrokamin Texel ist die perfekte L\u00f6sung f\u00fcr alle, die von einem Kaminfeuer zu Hause ohne den \u00c4rger mit Brennstoff und Rauch tr\u00e4umen.","breadcrumb":{"@id":"https:\/\/aflamo.shop\/de\/p\/aflamo-texel-weiss-freistehender-elektrokamin\/#breadcrumb"},"inLanguage":"de","potentialAction":[{"@type":"ReadAction","target":["https:\/\/aflamo.shop\/de\/p\/aflamo-texel-weiss-freistehender-elektrokamin\/"]}]},{"@type":"ImageObject","inLanguage":"de","@id":"https:\/\/aflamo.shop\/de\/p\/aflamo-texel-weiss-freistehender-elektrokamin\/#primaryimage","url":"https:\/\/aflamo.shop\/wp-content\/uploads\/2025\/05\/Texel_White_front_1-1.jpg","contentUrl":"https:\/\/aflamo.shop\/wp-content\/uploads\/2025\/05\/Texel_White_front_1-1.jpg","width":2048,"height":2048},{"@type":"BreadcrumbList","@id":"https:\/\/aflamo.shop\/de\/p\/aflamo-texel-weiss-freistehender-elektrokamin\/#breadcrumb","itemListElement":[{"@type":"ListItem","position":1,"name":"Strona g\u0142\u00f3wna","item":"https:\/\/aflamo.shop\/de\/startseite\/"},{"@type":"ListItem","position":2,"name":"Shop","item":"https:\/\/aflamo.shop\/shop\/"},{"@type":"ListItem","position":3,"name":"Elektrische Kamine","item":"https:\/\/aflamo.shop\/de\/s\/elektrische-kamine\/"},{"@type":"ListItem","position":4,"name":"Elektrokamine mit Heizfunktion","item":"https:\/\/aflamo.shop\/de\/s\/elektrische-kamine\/led-elektrokamine-mit-heizfunktion\/"},{"@type":"ListItem","position":5,"name":"Aflamo Texel wei\u00df &#8211; freistehender Elektrokamin"}]},{"@type":"WebSite","@id":"https:\/\/aflamo.shop\/de\/#website","url":"https:\/\/aflamo.shop\/de\/","name":"aflamo.shop-zertifizierter aflamo-H\u00e4ndler","description":"Kominki elektryczne Aflamo i Emotion Flame z funkcj\u0105 grzania","potentialAction":[{"@type":"SearchAction","target":{"@type":"EntryPoint","urlTemplate":"https:\/\/aflamo.shop\/de\/?s={search_term_string}"},"query-input":{"@type":"PropertyValueSpecification","valueRequired":true,"valueName":"search_term_string"}}],"inLanguage":"de"}]}},"_links":{"self":[{"href":"https:\/\/aflamo.shop\/de\/wp-json\/wp\/v2\/product\/18524","targetHints":{"allow":["GET"]}}],"collection":[{"href":"https:\/\/aflamo.shop\/de\/wp-json\/wp\/v2\/product"}],"about":[{"href":"https:\/\/aflamo.shop\/de\/wp-json\/wp\/v2\/types\/product"}],"replies":[{"embeddable":true,"href":"https:\/\/aflamo.shop\/de\/wp-json\/wp\/v2\/comments?post=18524"}],"wp:featuredmedia":[{"embeddable":true,"href":"https:\/\/aflamo.shop\/de\/wp-json\/wp\/v2\/media\/18346"}],"wp:attachment":[{"href":"https:\/\/aflamo.shop\/de\/wp-json\/wp\/v2\/media?parent=18524"}],"wp:term":[{"taxonomy":"product_brand","embeddable":true,"href":"https:\/\/aflamo.shop\/de\/wp-json\/wp\/v2\/product_brand?post=18524"},{"taxonomy":"product_cat","embeddable":true,"href":"https:\/\/aflamo.shop\/de\/wp-json\/wp\/v2\/product_cat?post=18524"},{"taxonomy":"product_tag","embeddable":true,"href":"https:\/\/aflamo.shop\/de\/wp-json\/wp\/v2\/product_tag?post=18524"}],"curies":[{"name":"wp","href":"https:\/\/api.w.org\/{rel}","templated":true}]}}