{"id":17581,"date":"2023-05-21T15:22:31","date_gmt":"2023-05-21T15:22:31","guid":{"rendered":"https:\/\/aflamo.shop\/p\/aflamo-70-pro-led-elektroeinsatz\/"},"modified":"2023-05-21T15:22:31","modified_gmt":"2023-05-21T15:22:31","slug":"aflamo-70-pro-led-elektroeinsatz","status":"publish","type":"product","link":"https:\/\/aflamo.shop\/de\/p\/aflamo-70-pro-led-elektroeinsatz\/","title":{"rendered":"Aflamo 70 PRO LED Elektroeinsatz"},"content":{"rendered":"<p><iframe title=\"YouTube-Video-Player\" src=\"https:\/\/www.youtube.com\/embed\/VvBdOtan1kA\" width=\"560\" height=\"315\" frameborder=\"0\" allowfullscreen=\"allowfullscreen\"><\/iframe><\/p>\n<h6><\/h6>\n<p>&nbsp;<\/p>\n<h3><\/h3>\n<h3 style=\"text-align: left;\"><strong>Eigenschaften des Kamins <\/strong><\/h3>\n<h3 style=\"text-align: left;\"><\/h3>\n<h3 style=\"text-align: left;\"><\/h3>\n<p>&nbsp;<\/p>\n<ol>\n<li>Realistische und energiesparende Flamme in LED PRO Technologie<\/li>\n<li>3 Farben, 4 Flammenhelligkeiten<\/li>\n<li>3 Arten von Feuer: Holzscheite, Kristalle, Steine<\/li>\n<li>Heizleistung: 750 \/ 1500 W<\/li>\n<li>Temperaturregelbereich: 18 bis 30\u00b0C<\/li>\n<li>Fernsteuerung<\/li>\n<li>Sensor f\u00fcr offene Fenster<\/li>\n<li>Flammenunabh\u00e4ngige Heizfunktion<\/li>\n<li>\u00dcberhitzungsschutz<\/li>\n<\/ol>\n<p>&nbsp;<\/p>\n<h3 style=\"text-align: left;\"><strong>Installation<\/strong><\/h3>\n<p>&nbsp;<\/p>\n<p style=\"text-align: left;\">Der Kamin kann auf drei Arten montiert werden<\/p>\n<p style=\"text-align: left;\"><img fetchpriority=\"high\" decoding=\"async\" class=\"aligncenter wp-image-2581 size-full\" src=\"https:\/\/aflamo.shop\/wp-content\/uploads\/2023\/05\/zamontuj-jak-chcesz-1.png\" alt=\"\" width=\"1159\" height=\"368\" srcset=\"https:\/\/aflamo.shop\/wp-content\/uploads\/2023\/05\/zamontuj-jak-chcesz-1.png 1159w, https:\/\/aflamo.shop\/wp-content\/uploads\/2023\/05\/zamontuj-jak-chcesz-1-600x191.png 600w, https:\/\/aflamo.shop\/wp-content\/uploads\/2023\/05\/zamontuj-jak-chcesz-1-300x95.png 300w, https:\/\/aflamo.shop\/wp-content\/uploads\/2023\/05\/zamontuj-jak-chcesz-1-1024x325.png 1024w, https:\/\/aflamo.shop\/wp-content\/uploads\/2023\/05\/zamontuj-jak-chcesz-1-768x244.png 768w\" sizes=\"(max-width: 1159px) 100vw, 1159px\" \/><\/p>\n<h3><\/h3>\n<p>&nbsp;<\/p>\n<h3 style=\"text-align: left;\"><strong>Flamme<\/strong><\/h3>\n<p>&nbsp;<\/p>\n<p>Die Flamme hat:<\/p>\n<p><strong>3 <\/strong>Farben<br \/>\n<strong><span class=\"digit\">4 <\/span><\/strong><span class=\"digit\">Helligkeit<\/span><\/p>\n<p style=\"text-align: left;\"><img decoding=\"async\" class=\"wp-image-2842 size-full alignright\" src=\"https:\/\/aflamo.shop\/wp-content\/uploads\/2023\/05\/plomien-majestic.png\" alt=\"\" width=\"510\" height=\"533\" srcset=\"https:\/\/aflamo.shop\/wp-content\/uploads\/2023\/05\/plomien-majestic.png 510w, https:\/\/aflamo.shop\/wp-content\/uploads\/2023\/05\/plomien-majestic-287x300.png 287w\" sizes=\"(max-width: 510px) 100vw, 510px\" \/><\/p>\n<h3><\/h3>\n<h3><\/h3>\n<p>&nbsp;<\/p>\n<h3 style=\"text-align: left;\"><strong>Palenisko<\/strong><\/h3>\n<p>&nbsp;<\/p>\n<h3 style=\"text-align: left;\"><img decoding=\"async\" class=\"alignright wp-image-2836 size-full\" src=\"https:\/\/aflamo.shop\/wp-content\/uploads\/2023\/05\/palenisko-majestic.png\" alt=\"\" width=\"515\" height=\"538\" srcset=\"https:\/\/aflamo.shop\/wp-content\/uploads\/2023\/05\/palenisko-majestic.png 515w, https:\/\/aflamo.shop\/wp-content\/uploads\/2023\/05\/palenisko-majestic-287x300.png 287w\" sizes=\"(max-width: 515px) 100vw, 515px\" \/><\/h3>\n<p style=\"text-align: left;\"><span class=\"digit\"><strong>3<\/strong> Kaminarten enthalten: Holzscheite, Kristalle und Steine.<br \/>\n<strong>3<\/strong> Farben der Feuerraumbeleuchtung.<br \/>\n<strong>5<\/strong> Helligkeitsstufen.<\/span><\/p>\n<h3><\/h3>\n<p>&nbsp;<\/p>\n<h3 style=\"text-align: left;\"><strong>Heizung<\/strong><\/h3>\n<p>&nbsp;<\/p>\n<p style=\"text-align: left;\">Die Heizfunktion ist unabh\u00e4ngig vom Flammeneffekt. Sie k\u00f6nnen die Heizung jederzeit ein- oder ausschalten und so das ganze Jahr \u00fcber vor dem Kamin entspannen. <\/p>\n<ul style=\"text-align: left;\">\n<li>2 Heizleistungsstufen (750\/1500W)<\/li>\n<li>Mit dem Thermostat k\u00f6nnen Sie eine angenehme Temperatur im Bereich von 18-30\u00b0C erreichen und halten<\/li>\n<li>\u00dcberhitzungsschutz<\/li>\n<li>Sensor f\u00fcr offene Fenster<\/li>\n<\/ul>\n<p>&nbsp;<\/p>\n<h3 style=\"text-align: left;\"><strong>Komfort und Bequemlichkeit<\/strong><\/h3>\n<p>&nbsp;<\/p>\n<p style=\"text-align: left;\">Ein elektrischer Kamin dient vor allem der Entspannung.<\/p>\n<div class=\"feature\">\n<ul style=\"text-align: left;\">\n<li>Kamin mit Fernbedienung steuerbar.<\/li>\n<li>Dank der innovativen Abluftheizungsfunktion k\u00f6nnen Sie den Raum sehr schnell aufheizen und konstant eine bestimmte Temperatur halten.<\/li>\n<li>Mit dem Schalter\/Timer k\u00f6nnen Sie den Kamin automatisch ausschalten. Sie m\u00fcssen lediglich die entsprechende Uhrzeit einstellen und m\u00fcssen sich keine Sorgen machen, dass das Ger\u00e4t st\u00e4ndig eingeschaltet ist. <\/li>\n<\/ul>\n<p>&nbsp;<\/p>\n<h3><strong>Technische Daten<\/strong><\/h3>\n<\/div>\n<p>&nbsp;<\/p>\n<table width=\"548\" cellspacing=\"0\" cellpadding=\"2\">\n<colgroup>\n<col width=\"216\">\n<col width=\"324\"><\/colgroup>\n<tbody>\n<tr>\n<td width=\"216\">\n<table width=\"548\" cellspacing=\"0\" cellpadding=\"2\">\n<colgroup>\n<col width=\"216\">\n<col width=\"324\"><\/colgroup>\n<tbody>\n<tr>\n<td width=\"216\">Installationsmethoden<\/td>\n<td width=\"324\">f\u00fcr Einbau-\/Wandmontage<\/td>\n<\/tr>\n<tr>\n<td width=\"216\">Einzigartiges Merkmal\n<\/td>\n<td width=\"324\">gro\u00dfe schwarze Front<\/td>\n<\/tr>\n<tr>\n<td width=\"216\">Flammeneffekt<\/td>\n<td width=\"324\">LED<\/td>\n<\/tr>\n<tr>\n<td width=\"216\">Mobile Anwendung<\/td>\n<td width=\"324\">nicht<\/td>\n<\/tr>\n<tr>\n<td width=\"216\">Fernsteuerung<\/td>\n<td width=\"324\">ja<\/td>\n<\/tr>\n<tr>\n<td width=\"216\">Farbe\/Finish<\/td>\n<td width=\"324\">Metall, Glas, schwarz<\/td>\n<\/tr>\n<tr>\n<td width=\"216\">Zeitschaltuhr (Timer)<\/td>\n<td width=\"324\">ja<\/td>\n<\/tr>\n<tr>\n<td width=\"216\">W\u00f6chentlicher Programmierer<\/td>\n<td width=\"324\">ja<\/td>\n<\/tr>\n<tr>\n<td width=\"216\">Heizfunktion<\/td>\n<td width=\"324\">ja<\/td>\n<\/tr>\n<tr>\n<td width=\"216\">Flamme unabh\u00e4ngig von der Heizfunktion<\/td>\n<td width=\"324\">ja<\/td>\n<\/tr>\n<tr>\n<td width=\"216\">Heizleistung<\/td>\n<td width=\"324\">750 \/ 1500 W<\/td>\n<\/tr>\n<tr>\n<td width=\"216\">Temperaturkontrolle\n<\/td>\n<td width=\"324\">von 18 bis 30\u00b0C<\/td>\n<\/tr>\n<tr>\n<td width=\"216\">Schutz vor \u00dcberhitzung<\/td>\n<td width=\"324\">ja<\/td>\n<\/tr>\n<tr>\n<td width=\"216\">Thermostat<\/td>\n<td width=\"324\">ja<\/td>\n<\/tr>\n<tr>\n<td width=\"216\">Flammenfarben:<\/p>\n<p>&nbsp;<\/p>\n<p>Feuerstelle:<\/td>\n<td width=\"324\">\n3 Flammenfarben<br \/>\n4 Flammenhelligkeiten. 3 Feuerraumtypen enthalten: Holzscheite, Kristalle, Steine.<br \/>\n10 Farben der Feuerraumbeleuchtung.<br \/>\n5 Stufen der Feuerraumhelligkeit<\/td>\n<\/tr>\n<tr>\n<td width=\"216\">Garantie<\/td>\n<td width=\"324\">2 Jahre<\/td>\n<\/tr>\n<tr>\n<td width=\"216\">L\u00e4nge des Netzkabels<\/td>\n<td width=\"324\">1,8 m<\/td>\n<\/tr>\n<tr>\n<td width=\"216\">Spannung<\/td>\n<td width=\"324\">220 V<\/td>\n<\/tr>\n<\/tbody>\n<\/table>\n<\/td>\n<\/tr>\n<\/tbody>\n<\/table>\n<h6><\/h6>\n<p>Der elektrische Kamineinsatz Aflamo 70 PRO LED ist eine revolution\u00e4re Kombination aus fortschrittlicher Technologie, Funktionalit\u00e4t und der Sch\u00f6nheit der Flamme, die Ihrem Interieur eine einzigartige Lagerfeueratmosph\u00e4re verleiht. Dieser Einsatz ist eine Vision des Kamins der Zukunft und bietet sowohl ein \u00e4sthetisches Erlebnis als auch Nutzungskomfort. <\/p>\n<p>Die realistische LED-Flamme ist ein wahres Meisterwerk, das den Innenraum zum Leben erweckt und die Illusion von brennendem Holz erzeugt. Der Aflamo 70 PRO Einsatz bietet bis zu drei Flammenfarben, die in vier Helligkeitsstufen eingestellt werden k\u00f6nnen. So k\u00f6nnen Sie die Atmosph\u00e4re an jede Stimmung anpassen und so einen einzigartigen visuellen Effekt erzeugen.  <\/p>\n<p>Drei verschiedene Feuerraumtypen (Holzscheite, Kristalle, Steine) erm\u00f6glichen eine noch st\u00e4rkere Personalisierung und Anpassung des Einsatzes an Ihre eigenen Vorlieben. Jeder Kamintyp erzeugt eine einzigartige Aura und verleiht dem Kamin einen individuellen Charakter. <\/p>\n<p>Die Heizleistung des Aflamo 70 PRO Einsatzes betr\u00e4gt 750W bzw. 1500W, wodurch Sie die W\u00e4rmeintensit\u00e4t an die aktuellen Bed\u00fcrfnisse und Gegebenheiten im Raum anpassen k\u00f6nnen. Dar\u00fcber hinaus erm\u00f6glicht die Temperaturregulierung von 18 bis 30 \u00b0C eine pr\u00e4zise Anpassung des thermischen Komforts. <\/p>\n<p>Ein praktisches Feature ist die Fernbedienung, mit der Sie Flamme, Heizfunktion und Temperatureinstellung bequem von einem bequemen Standort aus steuern k\u00f6nnen. So haben Sie die volle Kontrolle \u00fcber die Kaminatmosph\u00e4re, ohne aufstehen zu m\u00fcssen. <\/p>\n<p>Der Fenster-offen-Sensor ist eine intelligente Sicherheitsfunktion, die den Einsatz automatisch ausschaltet, wenn ein Fenster ge\u00f6ffnet wird. Dies spart nicht nur Energie, sondern gew\u00e4hrleistet auch eine sichere Anwendung. <\/p>\n<p>Durch die von der Heizfunktion unabh\u00e4ngige Flamme k\u00f6nnen Sie die Sch\u00f6nheit des Feuers genie\u00dfen, ohne heizen zu m\u00fcssen, was den Kamin Aflamo 70 PRO das ganze Jahr \u00fcber zur idealen Wahl macht.<\/p>\n<p>Ein \u00dcberhitzungsschutz ist eine weitere Funktion, die eine sichere Verwendung des Einsatzes und des Ger\u00e4ts gew\u00e4hrleistet und das Risiko m\u00f6glicher Gefahrensituationen ausschlie\u00dft.<\/p>\n<p>Zusammenfassend l\u00e4sst sich sagen, dass der elektrische Kamineinsatz Aflamo 70 PRO LED eine Kombination aus hervorragendem Design, Effizienz, Funktionalit\u00e4t und Sicherheit ist. Seine fortschrittliche Flamme, die vielseitigen Feuerraumoptionen, die zwei Heizleistungseinstellungen, die Temperaturregelung, die Fernbedienung und der Fenster-offen-Sensor sorgen f\u00fcr ein komplettes Kaminerlebnis. Es ist nicht nur eine Quelle der Sch\u00f6nheit, sondern auch der W\u00e4rme und Behaglichkeit, die jedes Interieur mit der Atmosph\u00e4re eines echten Kamins bereichert.  <\/p>\n<p>&nbsp;<\/p>\n<div class=\"feature\">\n<h6 style=\"text-align: left;\"><strong>Technische Zeichnungen<\/strong><\/h6>\n<p>&nbsp;<\/p>\n<p>Aflamo 70 PRO LED Elektroeinsatz<\/p>\n<p><img loading=\"lazy\" decoding=\"async\" class=\"alignnone wp-image-2856 size-full\" src=\"https:\/\/aflamo.shop\/wp-content\/uploads\/2023\/05\/fireplace-aflamo-majestic-26-led-70-pro.jpg\" alt=\"\" width=\"1046\" height=\"806\" srcset=\"https:\/\/aflamo.shop\/wp-content\/uploads\/2023\/05\/fireplace-aflamo-majestic-26-led-70-pro.jpg 1046w, https:\/\/aflamo.shop\/wp-content\/uploads\/2023\/05\/fireplace-aflamo-majestic-26-led-70-pro-600x462.jpg 600w, https:\/\/aflamo.shop\/wp-content\/uploads\/2023\/05\/fireplace-aflamo-majestic-26-led-70-pro-300x231.jpg 300w, https:\/\/aflamo.shop\/wp-content\/uploads\/2023\/05\/fireplace-aflamo-majestic-26-led-70-pro-1024x789.jpg 1024w, https:\/\/aflamo.shop\/wp-content\/uploads\/2023\/05\/fireplace-aflamo-majestic-26-led-70-pro-768x592.jpg 768w\" sizes=\"(max-width: 1046px) 100vw, 1046px\" \/><\/p>\n<p>&nbsp;<\/p>\n<p>&nbsp;<\/p>\n<\/div>\n","protected":false},"excerpt":{"rendered":"<p>f\u00fcr Einbau\/Wandmontage mit Heizfunktion<\/p>\n<p><a href=\"https:\/\/aflamo.shop\/wp-content\/uploads\/2023\/05\/Aflamo-LED-50-70-80-PRO-manual-3.pdf\">Benutzerhandbuch und wichtige Sicherheitsinformationen<\/a><\/p>\n<p><b>Abmessungen: 66 x 40 x 12 cm<\/b><\/p>\n","protected":false},"featured_media":17582,"comment_status":"open","ping_status":"closed","template":"","meta":[],"product_brand":[],"product_cat":[799,801,800,803,802],"product_tag":[],"class_list":{"0":"post-17581","1":"product","2":"type-product","3":"status-publish","4":"has-post-thumbnail","6":"product_cat-aflamo-de","7":"product_cat-eingebaute-led-elektrokamine","8":"product_cat-elektrische-kamine","9":"product_cat-elektrische-led-einsatze","10":"product_cat-led-elektrokamine-mit-heizfunktion","12":"first","13":"instock","14":"shipping-taxable","15":"purchasable","16":"product-type-simple"},"yoast_head":"<!-- This site is optimized with the Yoast SEO plugin v27.1.1 - https:\/\/yoast.com\/product\/yoast-seo-wordpress\/ -->\n<title>Aflamo 70 PRO LED Elektroeinsatz - aflamo.shop-zertifizierter aflamo-H\u00e4ndler<\/title>\n<meta name=\"robots\" content=\"index, follow, max-snippet:-1, max-image-preview:large, max-video-preview:-1\" \/>\n<link rel=\"canonical\" href=\"https:\/\/aflamo.shop\/de\/p\/aflamo-70-pro-led-elektroeinsatz\/\" \/>\n<meta property=\"og:locale\" content=\"de_DE\" \/>\n<meta property=\"og:type\" content=\"article\" \/>\n<meta property=\"og:title\" content=\"Aflamo 70 PRO LED Elektroeinsatz - aflamo.shop-zertifizierter aflamo-H\u00e4ndler\" \/>\n<meta property=\"og:description\" content=\"f\u00fcr Einbau\/Wandmontage mit Heizfunktion Benutzerhandbuch und wichtige Sicherheitsinformationen Abmessungen: 66 x 40 x 12 cm\" \/>\n<meta property=\"og:url\" content=\"https:\/\/aflamo.shop\/de\/p\/aflamo-70-pro-led-elektroeinsatz\/\" \/>\n<meta property=\"og:site_name\" content=\"aflamo.shop-zertifizierter aflamo-H\u00e4ndler\" \/>\n<meta property=\"og:image\" content=\"https:\/\/aflamo.shop\/wp-content\/uploads\/2023\/05\/aflamo-led-70-pro-6.jpg\" \/>\n\t<meta property=\"og:image:width\" content=\"2048\" \/>\n\t<meta property=\"og:image:height\" content=\"2048\" \/>\n\t<meta property=\"og:image:type\" content=\"image\/jpeg\" \/>\n<meta name=\"twitter:card\" content=\"summary_large_image\" \/>\n<meta name=\"twitter:label1\" content=\"Gesch\u00e4tzte Lesezeit\" \/>\n\t<meta name=\"twitter:data1\" content=\"3\u00a0Minuten\" \/>\n<script type=\"application\/ld+json\" class=\"yoast-schema-graph\">{\"@context\":\"https:\/\/schema.org\",\"@graph\":[{\"@type\":\"WebPage\",\"@id\":\"https:\/\/aflamo.shop\/de\/p\/aflamo-70-pro-led-elektroeinsatz\/\",\"url\":\"https:\/\/aflamo.shop\/de\/p\/aflamo-70-pro-led-elektroeinsatz\/\",\"name\":\"Aflamo 70 PRO LED Elektroeinsatz - aflamo.shop-zertifizierter aflamo-H\u00e4ndler\",\"isPartOf\":{\"@id\":\"https:\/\/aflamo.shop\/de\/#website\"},\"primaryImageOfPage\":{\"@id\":\"https:\/\/aflamo.shop\/de\/p\/aflamo-70-pro-led-elektroeinsatz\/#primaryimage\"},\"image\":{\"@id\":\"https:\/\/aflamo.shop\/de\/p\/aflamo-70-pro-led-elektroeinsatz\/#primaryimage\"},\"thumbnailUrl\":\"https:\/\/aflamo.shop\/wp-content\/uploads\/2023\/05\/aflamo-led-70-pro-6.jpg\",\"datePublished\":\"2023-05-21T15:22:31+00:00\",\"breadcrumb\":{\"@id\":\"https:\/\/aflamo.shop\/de\/p\/aflamo-70-pro-led-elektroeinsatz\/#breadcrumb\"},\"inLanguage\":\"de\",\"potentialAction\":[{\"@type\":\"ReadAction\",\"target\":[\"https:\/\/aflamo.shop\/de\/p\/aflamo-70-pro-led-elektroeinsatz\/\"]}]},{\"@type\":\"ImageObject\",\"inLanguage\":\"de\",\"@id\":\"https:\/\/aflamo.shop\/de\/p\/aflamo-70-pro-led-elektroeinsatz\/#primaryimage\",\"url\":\"https:\/\/aflamo.shop\/wp-content\/uploads\/2023\/05\/aflamo-led-70-pro-6.jpg\",\"contentUrl\":\"https:\/\/aflamo.shop\/wp-content\/uploads\/2023\/05\/aflamo-led-70-pro-6.jpg\",\"width\":2048,\"height\":2048},{\"@type\":\"BreadcrumbList\",\"@id\":\"https:\/\/aflamo.shop\/de\/p\/aflamo-70-pro-led-elektroeinsatz\/#breadcrumb\",\"itemListElement\":[{\"@type\":\"ListItem\",\"position\":1,\"name\":\"Strona g\u0142\u00f3wna\",\"item\":\"https:\/\/aflamo.shop\/de\/startseite\/\"},{\"@type\":\"ListItem\",\"position\":2,\"name\":\"Shop\",\"item\":\"https:\/\/aflamo.shop\/shop\/\"},{\"@type\":\"ListItem\",\"position\":3,\"name\":\"Elektrische Kamine\",\"item\":\"https:\/\/aflamo.shop\/de\/s\/elektrische-kamine\/\"},{\"@type\":\"ListItem\",\"position\":4,\"name\":\"Aflamo 70 PRO LED Elektroeinsatz\"}]},{\"@type\":\"WebSite\",\"@id\":\"https:\/\/aflamo.shop\/de\/#website\",\"url\":\"https:\/\/aflamo.shop\/de\/\",\"name\":\"aflamo.shop-zertifizierter aflamo-H\u00e4ndler\",\"description\":\"Kominki elektryczne Aflamo i Emotion Flame z funkcj\u0105 grzania\",\"potentialAction\":[{\"@type\":\"SearchAction\",\"target\":{\"@type\":\"EntryPoint\",\"urlTemplate\":\"https:\/\/aflamo.shop\/de\/?s={search_term_string}\"},\"query-input\":{\"@type\":\"PropertyValueSpecification\",\"valueRequired\":true,\"valueName\":\"search_term_string\"}}],\"inLanguage\":\"de\"}]}<\/script>\n<!-- \/ Yoast SEO plugin. -->","yoast_head_json":{"title":"Aflamo 70 PRO LED Elektroeinsatz - aflamo.shop-zertifizierter aflamo-H\u00e4ndler","robots":{"index":"index","follow":"follow","max-snippet":"max-snippet:-1","max-image-preview":"max-image-preview:large","max-video-preview":"max-video-preview:-1"},"canonical":"https:\/\/aflamo.shop\/de\/p\/aflamo-70-pro-led-elektroeinsatz\/","og_locale":"de_DE","og_type":"article","og_title":"Aflamo 70 PRO LED Elektroeinsatz - aflamo.shop-zertifizierter aflamo-H\u00e4ndler","og_description":"f\u00fcr Einbau\/Wandmontage mit Heizfunktion Benutzerhandbuch und wichtige Sicherheitsinformationen Abmessungen: 66 x 40 x 12 cm","og_url":"https:\/\/aflamo.shop\/de\/p\/aflamo-70-pro-led-elektroeinsatz\/","og_site_name":"aflamo.shop-zertifizierter aflamo-H\u00e4ndler","og_image":[{"width":2048,"height":2048,"url":"https:\/\/aflamo.shop\/wp-content\/uploads\/2023\/05\/aflamo-led-70-pro-6.jpg","type":"image\/jpeg"}],"twitter_card":"summary_large_image","twitter_misc":{"Gesch\u00e4tzte Lesezeit":"3\u00a0Minuten"},"schema":{"@context":"https:\/\/schema.org","@graph":[{"@type":"WebPage","@id":"https:\/\/aflamo.shop\/de\/p\/aflamo-70-pro-led-elektroeinsatz\/","url":"https:\/\/aflamo.shop\/de\/p\/aflamo-70-pro-led-elektroeinsatz\/","name":"Aflamo 70 PRO LED Elektroeinsatz - aflamo.shop-zertifizierter aflamo-H\u00e4ndler","isPartOf":{"@id":"https:\/\/aflamo.shop\/de\/#website"},"primaryImageOfPage":{"@id":"https:\/\/aflamo.shop\/de\/p\/aflamo-70-pro-led-elektroeinsatz\/#primaryimage"},"image":{"@id":"https:\/\/aflamo.shop\/de\/p\/aflamo-70-pro-led-elektroeinsatz\/#primaryimage"},"thumbnailUrl":"https:\/\/aflamo.shop\/wp-content\/uploads\/2023\/05\/aflamo-led-70-pro-6.jpg","datePublished":"2023-05-21T15:22:31+00:00","breadcrumb":{"@id":"https:\/\/aflamo.shop\/de\/p\/aflamo-70-pro-led-elektroeinsatz\/#breadcrumb"},"inLanguage":"de","potentialAction":[{"@type":"ReadAction","target":["https:\/\/aflamo.shop\/de\/p\/aflamo-70-pro-led-elektroeinsatz\/"]}]},{"@type":"ImageObject","inLanguage":"de","@id":"https:\/\/aflamo.shop\/de\/p\/aflamo-70-pro-led-elektroeinsatz\/#primaryimage","url":"https:\/\/aflamo.shop\/wp-content\/uploads\/2023\/05\/aflamo-led-70-pro-6.jpg","contentUrl":"https:\/\/aflamo.shop\/wp-content\/uploads\/2023\/05\/aflamo-led-70-pro-6.jpg","width":2048,"height":2048},{"@type":"BreadcrumbList","@id":"https:\/\/aflamo.shop\/de\/p\/aflamo-70-pro-led-elektroeinsatz\/#breadcrumb","itemListElement":[{"@type":"ListItem","position":1,"name":"Strona g\u0142\u00f3wna","item":"https:\/\/aflamo.shop\/de\/startseite\/"},{"@type":"ListItem","position":2,"name":"Shop","item":"https:\/\/aflamo.shop\/shop\/"},{"@type":"ListItem","position":3,"name":"Elektrische Kamine","item":"https:\/\/aflamo.shop\/de\/s\/elektrische-kamine\/"},{"@type":"ListItem","position":4,"name":"Aflamo 70 PRO LED Elektroeinsatz"}]},{"@type":"WebSite","@id":"https:\/\/aflamo.shop\/de\/#website","url":"https:\/\/aflamo.shop\/de\/","name":"aflamo.shop-zertifizierter aflamo-H\u00e4ndler","description":"Kominki elektryczne Aflamo i Emotion Flame z funkcj\u0105 grzania","potentialAction":[{"@type":"SearchAction","target":{"@type":"EntryPoint","urlTemplate":"https:\/\/aflamo.shop\/de\/?s={search_term_string}"},"query-input":{"@type":"PropertyValueSpecification","valueRequired":true,"valueName":"search_term_string"}}],"inLanguage":"de"}]}},"_links":{"self":[{"href":"https:\/\/aflamo.shop\/de\/wp-json\/wp\/v2\/product\/17581","targetHints":{"allow":["GET"]}}],"collection":[{"href":"https:\/\/aflamo.shop\/de\/wp-json\/wp\/v2\/product"}],"about":[{"href":"https:\/\/aflamo.shop\/de\/wp-json\/wp\/v2\/types\/product"}],"replies":[{"embeddable":true,"href":"https:\/\/aflamo.shop\/de\/wp-json\/wp\/v2\/comments?post=17581"}],"wp:featuredmedia":[{"embeddable":true,"href":"https:\/\/aflamo.shop\/de\/wp-json\/wp\/v2\/media\/17582"}],"wp:attachment":[{"href":"https:\/\/aflamo.shop\/de\/wp-json\/wp\/v2\/media?parent=17581"}],"wp:term":[{"taxonomy":"product_brand","embeddable":true,"href":"https:\/\/aflamo.shop\/de\/wp-json\/wp\/v2\/product_brand?post=17581"},{"taxonomy":"product_cat","embeddable":true,"href":"https:\/\/aflamo.shop\/de\/wp-json\/wp\/v2\/product_cat?post=17581"},{"taxonomy":"product_tag","embeddable":true,"href":"https:\/\/aflamo.shop\/de\/wp-json\/wp\/v2\/product_tag?post=17581"}],"curies":[{"name":"wp","href":"https:\/\/api.w.org\/{rel}","templated":true}]}}