{"id":17542,"date":"2023-05-24T08:45:55","date_gmt":"2023-05-24T08:45:55","guid":{"rendered":"https:\/\/aflamo.shop\/p\/led-elektrokamin-aflamo-lex-3d\/"},"modified":"2023-05-24T08:45:55","modified_gmt":"2023-05-24T08:45:55","slug":"led-elektrokamin-aflamo-lex-3d","status":"publish","type":"product","link":"https:\/\/aflamo.shop\/de\/p\/led-elektrokamin-aflamo-lex-3d\/","title":{"rendered":"LED-Elektrokamin Aflamo Lex 3D"},"content":{"rendered":"<p><iframe title=\"YouTube-Video-Player\" src=\"https:\/\/www.youtube.com\/embed\/NicL-3pxgw8?si=X9vzCREVgTdfvtcx\" width=\"560\" height=\"315\" frameborder=\"0\" allowfullscreen=\"allowfullscreen\"><\/iframe><\/p>\n<h3><\/h3>\n<h3><\/h3>\n<h3><strong>Eigenschaften des Kamins<\/strong><\/h3>\n<p>&nbsp;<\/p>\n<p>Ein klassischer wei\u00dfer Kamin f\u00fcr Menschen, die etwas Einzigartiges suchen.<\/p>\n<p>Es verf\u00fcgt \u00fcber ein Medaillon auf der Vorderseite des Kamins, die Ecken des Kamins sind als Schwanenfl\u00fcgel stilisiert und die Enden des Kamins sind mit Akanthusbl\u00e4ttern verziert.<\/p>\n<p>&nbsp;<\/p>\n<p><strong>LED 60 3D Elektroeinsatz <\/strong><strong> <img fetchpriority=\"high\" decoding=\"async\" class=\"alignright wp-image-4531 \" src=\"https:\/\/aflamo.shop\/wp-content\/uploads\/2023\/05\/unique_led60-3d-infografika-2-300x183.jpg\" alt=\"\" width=\"387\" height=\"236\" srcset=\"https:\/\/aflamo.shop\/wp-content\/uploads\/2023\/05\/unique_led60-3d-infografika-2-300x183.jpg 300w, https:\/\/aflamo.shop\/wp-content\/uploads\/2023\/05\/unique_led60-3d-infografika-2.jpg 492w\" sizes=\"(max-width: 387px) 100vw, 387px\" \/>                          <\/strong><\/p>\n<ol class=\"numlist\">\n<li>5 Flammenfarben (Orange, Gelb, Gelb-Orange, Lila, Blau), 5 Flammenhelligkeiten, 5 Flammengeschwindigkeiten<\/li>\n<li>Realistische und energiesparende 3D-LED-Flamme<\/li>\n<li>Heizfunktion durch Infrarot-Technologie<\/li>\n<li>2 Heizleistungsstufen 1800-2000 W<\/li>\n<li>Temperaturregelung von 18 bis 30\u00b0C<\/li>\n<li>Fernsteuerung<\/li>\n<li>Sensor f\u00fcr offene Fenster<\/li>\n<li>\u00dcberhitzungsschutz<\/li>\n<li>Flammenunabh\u00e4ngige Heizfunktion<\/li>\n<\/ol>\n<h3><\/h3>\n<h3><\/h3>\n<p>&nbsp;<\/p>\n<h3><\/h3>\n<h3><strong>Heizung<\/strong><\/h3>\n<p>&nbsp;<\/p>\n<p>Die flammenunabh\u00e4ngige Heizung erm\u00f6glicht es Ihnen, den Kamin das ganze Jahr \u00fcber zu benutzen, auch an hei\u00dfen Tagen.<br \/>\nSie k\u00f6nnen die Heizung jederzeit ein- oder ausschalten.<\/p>\n<ul>\n<li>Der Sensor f\u00fcr offene Fenster schaltet die Heizung aus, wenn er einen pl\u00f6tzlichen Temperaturabfall feststellt.<\/li>\n<li>Der Heizstrahler verf\u00fcgt \u00fcber 2 Heizleistungsstufen 1800-2000W<\/li>\n<li>Temperatureinstellung von 18 bis 30\u00b0C.<\/li>\n<\/ul>\n<h3><\/h3>\n<h3><\/h3>\n<h3><strong>Sicherheit<\/strong><\/h3>\n<p>&nbsp;<\/p>\n<div class=\"col-12 col-md-6 cecha-col naprzemienne-txt naprzemienne-opis\">\n<ul>\n<li>Das Glas des Kamins erhitzt sich nicht und ist sicher f\u00fcr Kinder und Haustiere.<\/li>\n<li>Der Sicherheitssensor des Ofens schaltet die Heizung aus, wenn der Warmluftaustritt verstopft ist.<\/li>\n<\/ul>\n<\/div>\n<h3><\/h3>\n<h3><\/h3>\n<h3><strong>Komfort und Bequemlichkeit<\/strong><\/h3>\n<p>&nbsp;<\/p>\n<div class=\"col-12 col-md-6 cecha-col naprzemienne-txt naprzemienne-opis\">\n<ul>\n<li>Mit der Fernbedienung k\u00f6nnen Sie die Funktionen aus der Ferne steuern. So k\u00f6nnen Sie das Ger\u00e4t bequem bedienen, ohne vom Sofa aufstehen zu m\u00fcssen. <\/li>\n<\/ul>\n<\/div>\n<div class=\"col-12 col-md-6 cecha-col naprzemienne-txt naprzemienne-opis\">\n<ul>\n<li>Timer \/ Der Timer schaltet den Kamin automatisch aus. Sie stellen es ein und vergessen es.  Wenn Sie einschlafen, m\u00fcssen Sie sich keine Sorgen machen, dass der Kamin die ganze Nacht an bleibt.<\/li>\n<\/ul>\n<\/div>\n<div class=\"col-12 col-md-6 cecha-col naprzemienne-txt naprzemienne-opis\">\n<ul>\n<li>Mit der Schnellheizfunktion k\u00f6nnen Sie den Raum sofort wieder aufw\u00e4rmen und eine angenehme Temperatur beibehalten.<\/li>\n<\/ul>\n<\/div>\n<h3><\/h3>\n<h3><strong>Technische Daten<\/strong><\/h3>\n<p>&nbsp;<\/p>\n<table width=\"548\" cellspacing=\"0\" cellpadding=\"2\">\n<tbody>\n<tr>\n<td width=\"216\">Flammeneffekt<\/td>\n<td width=\"324\">LED<\/td>\n<\/tr>\n<tr>\n<td width=\"216\">Mobile Anwendung<\/td>\n<td width=\"324\">nicht<\/td>\n<\/tr>\n<tr>\n<td width=\"216\">Fernsteuerung<\/td>\n<td width=\"324\">ja<\/td>\n<\/tr>\n<tr>\n<td width=\"216\">Farbe \/ Ausf\u00fchrung<\/td>\n<td width=\"324\">wei\u00dfes Geh\u00e4use<\/td>\n<\/tr>\n<tr>\n<td width=\"216\">Zeitschaltuhr (Timer)<\/td>\n<td width=\"324\">ja<\/td>\n<\/tr>\n<tr>\n<td width=\"216\">W\u00f6chentlicher Programmierer<\/td>\n<td width=\"324\">ja<\/td>\n<\/tr>\n<tr>\n<td width=\"216\">Heizfunktion<\/td>\n<td width=\"324\">ja<\/td>\n<\/tr>\n<tr>\n<td width=\"216\">Flamme unabh\u00e4ngig von der Heizfunktion<\/td>\n<td width=\"324\">ja<\/td>\n<\/tr>\n<tr>\n<td width=\"216\">Heizleistung\n<\/td>\n<td width=\"324\">1800 \/ 2000 W<\/td>\n<\/tr>\n<tr>\n<td width=\"216\">Temperaturkontrolle\n<\/td>\n<td width=\"324\">von 18 bis 30\u00b0C<\/td>\n<\/tr>\n<tr>\n<td width=\"216\">Schutz vor \u00dcberhitzung<\/td>\n<td width=\"324\">ja<\/td>\n<\/tr>\n<tr>\n<td width=\"216\">Thermostat<\/td>\n<td width=\"324\">ja<\/td>\n<\/tr>\n<tr>\n<td width=\"216\">Flamme<\/p>\n<p>Feuerstelle<\/td>\n<td width=\"324\">5 Flammenfarben (Orange, Gelb, Gelb-Orange, Lila, Blau), 5 Flammenhelligkeiten, 5 Flammengeschwindigkeiten<\/p>\n<p>Clearing<\/td>\n<\/tr>\n<tr>\n<td width=\"216\">Garantie<\/td>\n<td width=\"324\">2 Jahre<\/td>\n<\/tr>\n<tr>\n<td width=\"216\">L\u00e4nge des Netzkabels<\/td>\n<td width=\"324\">1,8 m<\/td>\n<\/tr>\n<tr>\n<td width=\"216\">Spannung<\/td>\n<td width=\"324\">220 V<\/td>\n<\/tr>\n<\/tbody>\n<\/table>\n<p>&nbsp;<\/p>\n<p>Der LED-Elektrokamin mit Geh\u00e4use namens Lex ist ein wahres Schmuckst\u00fcck f\u00fcr Liebhaber klassischer Innenr\u00e4ume, die etwas Einzigartiges und Elegantes suchen. Sein klassischer Look in Wei\u00df begeistert mit Details, die ihm einen einzigartigen Charakter verleihen. <\/p>\n<p>Die Frontplatte des Kamins ist mit einem bezaubernden Medaillon versehen, das dem Kamin Lex einen einzigartigen Stil und Eleganz verleiht. Die als Schwanenfl\u00fcgel stilisierten Ecken des Kamins verleihen ihm subtilen Charme und Zartheit. Die mit Akanthusblattmuster verzierten Kaminenden sind eine Hommage an Tradition und raffiniertes Design.  <\/p>\n<p>Der Kamin Lex ist ein technologisches Meisterwerk mit einer realistischen und energiesparenden 3D-LED-Flamme. Diese Flamme erweckt den Innenraum zum Leben und erzeugt die Illusion eines echten Feuers, das an individuelle Vorlieben angepasst werden kann. F\u00fcnf Flammenfarben, f\u00fcnf Flammenhelligkeitsstufen und f\u00fcnf Flammengeschwindigkeiten erm\u00f6glichen es Ihnen, unterschiedliche Atmosph\u00e4ren im Raum zu schaffen.  <\/p>\n<p>Der Kamin Lex bietet eine Heizfunktion mit fortschrittlicher Infrarot-Technologie, die ihn \u00e4u\u00dferst effektiv und sparsam macht. Zwei Heizleistungsstufen (1800\u20132000 W) und eine Temperaturregelung von 18 bis 30 \u00b0C erm\u00f6glichen eine pr\u00e4zise Anpassung des thermischen Komforts. <\/p>\n<p>Die Fernbedienung ist ein praktisches Tool, das die vollst\u00e4ndige Steuerung des Kamins von \u00fcberall im Raum aus erm\u00f6glicht. Dar\u00fcber hinaus ist der Lex-Kamin mit einem Fenster-Offen-Sensor ausgestattet, der f\u00fcr Sicherheit und Energieeinsparungen sorgt. <\/p>\n<p>Ein \u00dcberhitzungsschutz ist ein zus\u00e4tzliches Element, das f\u00fcr Ruhe und Sicherheit bei der Nutzung des Kamins sorgt. Und durch die von der Heizfunktion unabh\u00e4ngige Flamme k\u00f6nnen Sie das ganze Jahr \u00fcber Kaminatmosph\u00e4re genie\u00dfen. <\/p>\n<p>Zusammenfassend ist der LED-Elektrokamin mit Lex-Geh\u00e4use eine Kombination aus klassischem Design, fortschrittlicher Technologie und au\u00dfergew\u00f6hnlicher Eleganz. Seine realistische Flamme, Heizfunktion, Temperaturregelung, Fernbedienung und zahlreiche Sicherheitsfunktionen sorgen f\u00fcr ein umfassendes Erlebnis, das sowohl Sch\u00f6nheit als auch Komfort bietet. Es ist nicht nur ein Kamin, sondern ein Meisterwerk an Stil und Funktionalit\u00e4t, das den einzigartigen Charakter jedes Interieurs unterstreicht.  <\/p>\n<p>&nbsp;<\/p>\n<h6><strong>Technische Zeichnung<\/strong><\/h6>\n<p>&nbsp;<\/p>\n<p>&nbsp;<\/p>\n<p><img decoding=\"async\" class=\"alignnone wp-image-4693 size-full\" src=\"https:\/\/aflamo.shop\/wp-content\/uploads\/2023\/05\/Lex1.png\" alt=\"\" width=\"1015\" height=\"971\" srcset=\"https:\/\/aflamo.shop\/wp-content\/uploads\/2023\/05\/Lex1.png 1015w, https:\/\/aflamo.shop\/wp-content\/uploads\/2023\/05\/Lex1-600x574.png 600w, https:\/\/aflamo.shop\/wp-content\/uploads\/2023\/05\/Lex1-300x287.png 300w, https:\/\/aflamo.shop\/wp-content\/uploads\/2023\/05\/Lex1-768x735.png 768w\" sizes=\"(max-width: 1015px) 100vw, 1015px\" \/><\/p>\n<p>&nbsp;<\/p>\n<p>&nbsp;<\/p>\n<p>&nbsp;<\/p>\n","protected":false},"excerpt":{"rendered":"<p>Hersteller: Aflamo<\/p>\n<p>GETIN: 5908283562503<\/p>\n<p>LED-Elektrokamin mit Geh\u00e4use mit Heizfunktion.<\/p>\n<p><a href=\"https:\/\/aflamo.shop\/wp-content\/uploads\/2023\/07\/Aflamo-LED-60-3D-manual-EN-PL-NL-1.pdf\">Betriebsanleitung und Sicherheitshinweise<\/a><\/p>\n<p><b>Abmessungen: 102 x 90 x 30 cm<\/b><\/p>\n","protected":false},"featured_media":22344,"comment_status":"open","ping_status":"closed","template":"","meta":[],"product_brand":[],"product_cat":[799,800,887],"product_tag":[],"class_list":{"0":"post-17542","1":"product","2":"type-product","3":"status-publish","4":"has-post-thumbnail","6":"product_cat-aflamo-de","7":"product_cat-elektrische-kamine","8":"product_cat-elektrokamine-mit-holzverkleidung","10":"first","11":"outofstock","12":"shipping-taxable","13":"purchasable","14":"product-type-simple"},"yoast_head":"<!-- This site is optimized with the Yoast SEO plugin v27.1.1 - https:\/\/yoast.com\/product\/yoast-seo-wordpress\/ -->\n<title>LED-Elektrokamin Aflamo Lex 3D - aflamo.shop-zertifizierter aflamo-H\u00e4ndler<\/title>\n<meta name=\"robots\" content=\"index, follow, max-snippet:-1, max-image-preview:large, max-video-preview:-1\" \/>\n<link rel=\"canonical\" href=\"https:\/\/aflamo.shop\/de\/p\/led-elektrokamin-aflamo-lex-3d\/\" \/>\n<meta property=\"og:locale\" content=\"de_DE\" \/>\n<meta property=\"og:type\" content=\"article\" \/>\n<meta property=\"og:title\" content=\"LED-Elektrokamin Aflamo Lex 3D - aflamo.shop-zertifizierter aflamo-H\u00e4ndler\" \/>\n<meta property=\"og:description\" content=\"Hersteller: Aflamo GETIN: 5908283562503 LED-Elektrokamin mit Geh\u00e4use mit Heizfunktion. Betriebsanleitung und Sicherheitshinweise Abmessungen: 102 x 90 x 30 cm\" \/>\n<meta property=\"og:url\" content=\"https:\/\/aflamo.shop\/de\/p\/led-elektrokamin-aflamo-lex-3d\/\" \/>\n<meta property=\"og:site_name\" content=\"aflamo.shop-zertifizierter aflamo-H\u00e4ndler\" \/>\n<meta property=\"og:image\" content=\"https:\/\/aflamo.shop\/wp-content\/uploads\/2023\/05\/Lex_1.jpg\" \/>\n\t<meta property=\"og:image:width\" content=\"519\" \/>\n\t<meta property=\"og:image:height\" content=\"456\" \/>\n\t<meta property=\"og:image:type\" content=\"image\/jpeg\" \/>\n<meta name=\"twitter:card\" content=\"summary_large_image\" \/>\n<meta name=\"twitter:label1\" content=\"Gesch\u00e4tzte Lesezeit\" \/>\n\t<meta name=\"twitter:data1\" content=\"3\u00a0Minuten\" \/>\n<script type=\"application\/ld+json\" class=\"yoast-schema-graph\">{\"@context\":\"https:\/\/schema.org\",\"@graph\":[{\"@type\":\"WebPage\",\"@id\":\"https:\/\/aflamo.shop\/de\/p\/led-elektrokamin-aflamo-lex-3d\/\",\"url\":\"https:\/\/aflamo.shop\/de\/p\/led-elektrokamin-aflamo-lex-3d\/\",\"name\":\"LED-Elektrokamin Aflamo Lex 3D - aflamo.shop-zertifizierter aflamo-H\u00e4ndler\",\"isPartOf\":{\"@id\":\"https:\/\/aflamo.shop\/de\/#website\"},\"primaryImageOfPage\":{\"@id\":\"https:\/\/aflamo.shop\/de\/p\/led-elektrokamin-aflamo-lex-3d\/#primaryimage\"},\"image\":{\"@id\":\"https:\/\/aflamo.shop\/de\/p\/led-elektrokamin-aflamo-lex-3d\/#primaryimage\"},\"thumbnailUrl\":\"https:\/\/aflamo.shop\/wp-content\/uploads\/2023\/05\/Projekt-bez-nazwy61.png\",\"datePublished\":\"2023-05-24T08:45:55+00:00\",\"breadcrumb\":{\"@id\":\"https:\/\/aflamo.shop\/de\/p\/led-elektrokamin-aflamo-lex-3d\/#breadcrumb\"},\"inLanguage\":\"de\",\"potentialAction\":[{\"@type\":\"ReadAction\",\"target\":[\"https:\/\/aflamo.shop\/de\/p\/led-elektrokamin-aflamo-lex-3d\/\"]}]},{\"@type\":\"ImageObject\",\"inLanguage\":\"de\",\"@id\":\"https:\/\/aflamo.shop\/de\/p\/led-elektrokamin-aflamo-lex-3d\/#primaryimage\",\"url\":\"https:\/\/aflamo.shop\/wp-content\/uploads\/2023\/05\/Projekt-bez-nazwy61.png\",\"contentUrl\":\"https:\/\/aflamo.shop\/wp-content\/uploads\/2023\/05\/Projekt-bez-nazwy61.png\",\"width\":2048,\"height\":2048},{\"@type\":\"BreadcrumbList\",\"@id\":\"https:\/\/aflamo.shop\/de\/p\/led-elektrokamin-aflamo-lex-3d\/#breadcrumb\",\"itemListElement\":[{\"@type\":\"ListItem\",\"position\":1,\"name\":\"Strona g\u0142\u00f3wna\",\"item\":\"https:\/\/aflamo.shop\/de\/startseite\/\"},{\"@type\":\"ListItem\",\"position\":2,\"name\":\"Shop\",\"item\":\"https:\/\/aflamo.shop\/shop\/\"},{\"@type\":\"ListItem\",\"position\":3,\"name\":\"Elektrische Kamine\",\"item\":\"https:\/\/aflamo.shop\/de\/s\/elektrische-kamine\/\"},{\"@type\":\"ListItem\",\"position\":4,\"name\":\"Elektrokamine mit Holzverkleidung\",\"item\":\"https:\/\/aflamo.shop\/de\/s\/elektrische-kamine\/elektrokamine-mit-holzverkleidung\/\"},{\"@type\":\"ListItem\",\"position\":5,\"name\":\"LED-Elektrokamin Aflamo Lex 3D\"}]},{\"@type\":\"WebSite\",\"@id\":\"https:\/\/aflamo.shop\/de\/#website\",\"url\":\"https:\/\/aflamo.shop\/de\/\",\"name\":\"aflamo.shop-zertifizierter aflamo-H\u00e4ndler\",\"description\":\"Kominki elektryczne Aflamo i Emotion Flame z funkcj\u0105 grzania\",\"potentialAction\":[{\"@type\":\"SearchAction\",\"target\":{\"@type\":\"EntryPoint\",\"urlTemplate\":\"https:\/\/aflamo.shop\/de\/?s={search_term_string}\"},\"query-input\":{\"@type\":\"PropertyValueSpecification\",\"valueRequired\":true,\"valueName\":\"search_term_string\"}}],\"inLanguage\":\"de\"}]}<\/script>\n<!-- \/ Yoast SEO plugin. -->","yoast_head_json":{"title":"LED-Elektrokamin Aflamo Lex 3D - aflamo.shop-zertifizierter aflamo-H\u00e4ndler","robots":{"index":"index","follow":"follow","max-snippet":"max-snippet:-1","max-image-preview":"max-image-preview:large","max-video-preview":"max-video-preview:-1"},"canonical":"https:\/\/aflamo.shop\/de\/p\/led-elektrokamin-aflamo-lex-3d\/","og_locale":"de_DE","og_type":"article","og_title":"LED-Elektrokamin Aflamo Lex 3D - aflamo.shop-zertifizierter aflamo-H\u00e4ndler","og_description":"Hersteller: Aflamo GETIN: 5908283562503 LED-Elektrokamin mit Geh\u00e4use mit Heizfunktion. Betriebsanleitung und Sicherheitshinweise Abmessungen: 102 x 90 x 30 cm","og_url":"https:\/\/aflamo.shop\/de\/p\/led-elektrokamin-aflamo-lex-3d\/","og_site_name":"aflamo.shop-zertifizierter aflamo-H\u00e4ndler","og_image":[{"width":519,"height":456,"url":"https:\/\/aflamo.shop\/wp-content\/uploads\/2023\/05\/Lex_1.jpg","type":"image\/jpeg"}],"twitter_card":"summary_large_image","twitter_misc":{"Gesch\u00e4tzte Lesezeit":"3\u00a0Minuten"},"schema":{"@context":"https:\/\/schema.org","@graph":[{"@type":"WebPage","@id":"https:\/\/aflamo.shop\/de\/p\/led-elektrokamin-aflamo-lex-3d\/","url":"https:\/\/aflamo.shop\/de\/p\/led-elektrokamin-aflamo-lex-3d\/","name":"LED-Elektrokamin Aflamo Lex 3D - aflamo.shop-zertifizierter aflamo-H\u00e4ndler","isPartOf":{"@id":"https:\/\/aflamo.shop\/de\/#website"},"primaryImageOfPage":{"@id":"https:\/\/aflamo.shop\/de\/p\/led-elektrokamin-aflamo-lex-3d\/#primaryimage"},"image":{"@id":"https:\/\/aflamo.shop\/de\/p\/led-elektrokamin-aflamo-lex-3d\/#primaryimage"},"thumbnailUrl":"https:\/\/aflamo.shop\/wp-content\/uploads\/2023\/05\/Projekt-bez-nazwy61.png","datePublished":"2023-05-24T08:45:55+00:00","breadcrumb":{"@id":"https:\/\/aflamo.shop\/de\/p\/led-elektrokamin-aflamo-lex-3d\/#breadcrumb"},"inLanguage":"de","potentialAction":[{"@type":"ReadAction","target":["https:\/\/aflamo.shop\/de\/p\/led-elektrokamin-aflamo-lex-3d\/"]}]},{"@type":"ImageObject","inLanguage":"de","@id":"https:\/\/aflamo.shop\/de\/p\/led-elektrokamin-aflamo-lex-3d\/#primaryimage","url":"https:\/\/aflamo.shop\/wp-content\/uploads\/2023\/05\/Projekt-bez-nazwy61.png","contentUrl":"https:\/\/aflamo.shop\/wp-content\/uploads\/2023\/05\/Projekt-bez-nazwy61.png","width":2048,"height":2048},{"@type":"BreadcrumbList","@id":"https:\/\/aflamo.shop\/de\/p\/led-elektrokamin-aflamo-lex-3d\/#breadcrumb","itemListElement":[{"@type":"ListItem","position":1,"name":"Strona g\u0142\u00f3wna","item":"https:\/\/aflamo.shop\/de\/startseite\/"},{"@type":"ListItem","position":2,"name":"Shop","item":"https:\/\/aflamo.shop\/shop\/"},{"@type":"ListItem","position":3,"name":"Elektrische Kamine","item":"https:\/\/aflamo.shop\/de\/s\/elektrische-kamine\/"},{"@type":"ListItem","position":4,"name":"Elektrokamine mit Holzverkleidung","item":"https:\/\/aflamo.shop\/de\/s\/elektrische-kamine\/elektrokamine-mit-holzverkleidung\/"},{"@type":"ListItem","position":5,"name":"LED-Elektrokamin Aflamo Lex 3D"}]},{"@type":"WebSite","@id":"https:\/\/aflamo.shop\/de\/#website","url":"https:\/\/aflamo.shop\/de\/","name":"aflamo.shop-zertifizierter aflamo-H\u00e4ndler","description":"Kominki elektryczne Aflamo i Emotion Flame z funkcj\u0105 grzania","potentialAction":[{"@type":"SearchAction","target":{"@type":"EntryPoint","urlTemplate":"https:\/\/aflamo.shop\/de\/?s={search_term_string}"},"query-input":{"@type":"PropertyValueSpecification","valueRequired":true,"valueName":"search_term_string"}}],"inLanguage":"de"}]}},"_links":{"self":[{"href":"https:\/\/aflamo.shop\/de\/wp-json\/wp\/v2\/product\/17542","targetHints":{"allow":["GET"]}}],"collection":[{"href":"https:\/\/aflamo.shop\/de\/wp-json\/wp\/v2\/product"}],"about":[{"href":"https:\/\/aflamo.shop\/de\/wp-json\/wp\/v2\/types\/product"}],"replies":[{"embeddable":true,"href":"https:\/\/aflamo.shop\/de\/wp-json\/wp\/v2\/comments?post=17542"}],"wp:featuredmedia":[{"embeddable":true,"href":"https:\/\/aflamo.shop\/de\/wp-json\/wp\/v2\/media\/22344"}],"wp:attachment":[{"href":"https:\/\/aflamo.shop\/de\/wp-json\/wp\/v2\/media?parent=17542"}],"wp:term":[{"taxonomy":"product_brand","embeddable":true,"href":"https:\/\/aflamo.shop\/de\/wp-json\/wp\/v2\/product_brand?post=17542"},{"taxonomy":"product_cat","embeddable":true,"href":"https:\/\/aflamo.shop\/de\/wp-json\/wp\/v2\/product_cat?post=17542"},{"taxonomy":"product_tag","embeddable":true,"href":"https:\/\/aflamo.shop\/de\/wp-json\/wp\/v2\/product_tag?post=17542"}],"curies":[{"name":"wp","href":"https:\/\/api.w.org\/{rel}","templated":true}]}}