{"id":17524,"date":"2023-05-22T14:09:41","date_gmt":"2023-05-22T14:09:41","guid":{"rendered":"https:\/\/aflamo.shop\/p\/aflamo-duke-led-elektrokamin\/"},"modified":"2023-05-22T14:09:41","modified_gmt":"2023-05-22T14:09:41","slug":"aflamo-duke-led-elektrokamin","status":"publish","type":"product","link":"https:\/\/aflamo.shop\/de\/p\/aflamo-duke-led-elektrokamin\/","title":{"rendered":"Aflamo Duke LED-Elektrokamin"},"content":{"rendered":"<p><iframe title=\"YouTube-Video-Player\" src=\"https:\/\/www.youtube.com\/embed\/xaeJxNAVScg\" width=\"560\" height=\"315\" frameborder=\"0\" allowfullscreen=\"allowfullscreen\"><\/iframe><\/p>\n<h3><\/h3>\n<h3><\/h3>\n<h3><strong>Eigenschaften des Kamins<\/strong><\/h3>\n<p>&nbsp;<\/p>\n<p>Wei\u00dfes Geh\u00e4use im schlichten, zeitlosen Stil.<\/p>\n<p>&nbsp;<\/p>\n<p><strong>Elektroeinsatz 80 LED Classic <img fetchpriority=\"high\" decoding=\"async\" class=\"alignright wp-image-4444 \" src=\"https:\/\/aflamo.shop\/wp-content\/uploads\/2023\/05\/unique_led90-classic-300x183.jpg\" alt=\"\" width=\"372\" height=\"227\" srcset=\"https:\/\/aflamo.shop\/wp-content\/uploads\/2023\/05\/unique_led90-classic-300x183.jpg 300w, https:\/\/aflamo.shop\/wp-content\/uploads\/2023\/05\/unique_led90-classic.jpg 492w\" sizes=\"(max-width: 372px) 100vw, 372px\" \/><\/strong><\/p>\n<ol class=\"numlist\">\n<li>Realistische und energiesparende Flamme (nur 4 W)<\/li>\n<li>Sensor f\u00fcr offene Fenster<\/li>\n<li>2 Heizleistungsstufen: 900W \/ 1800W<\/li>\n<li>Heizfunktion mit Temperaturregelung von 10 bis 30\u00b0C<\/li>\n<li>Fernsteuerung<\/li>\n<\/ol>\n<h3><\/h3>\n<h3><\/h3>\n<h3><\/h3>\n<h3><strong>Heizung<\/strong><\/h3>\n<p>&nbsp;<\/p>\n<p>Die flammenunabh\u00e4ngige Heizung erm\u00f6glicht es Ihnen, den Kamin das ganze Jahr \u00fcber zu benutzen, auch an hei\u00dfen Tagen.<br \/>\nSie k\u00f6nnen die Heizung jederzeit ein- oder ausschalten.<\/p>\n<ul>\n<li>Der Sensor f\u00fcr offene Fenster schaltet die Heizung aus, wenn er einen pl\u00f6tzlichen Temperaturabfall feststellt.<\/li>\n<li>Der Heizstrahler verf\u00fcgt \u00fcber 2 Heizleistungsstufen 900-1800W<\/li>\n<li>Temperaturkontrolle von 10 bis 30\u00b0C.<\/li>\n<\/ul>\n<h3><\/h3>\n<h3><\/h3>\n<h3><\/h3>\n<h3><\/h3>\n<h3><strong>Sicherheit<\/strong><\/h3>\n<p>&nbsp;<\/p>\n<div class=\"col-12 col-md-6 cecha-col naprzemienne-txt naprzemienne-opis\">\n<ul>\n<li>Das Glas des Kamins erhitzt sich nicht und ist sicher f\u00fcr Kinder und Haustiere.<\/li>\n<li>Der Sicherheitssensor des Ofens schaltet die Heizung aus, wenn der Warmluftaustritt verstopft ist.<\/li>\n<\/ul>\n<\/div>\n<h3><\/h3>\n<h3><\/h3>\n<h3><strong>Komfort und Bequemlichkeit<\/strong><\/h3>\n<p>&nbsp;<\/p>\n<div class=\"col-12 col-md-6 cecha-col naprzemienne-txt naprzemienne-opis\">\n<ul>\n<li>Mit der Fernbedienung k\u00f6nnen Sie die Funktionen aus der Ferne steuern. So k\u00f6nnen Sie das Ger\u00e4t bequem bedienen, ohne vom Sofa aufstehen zu m\u00fcssen. <\/li>\n<\/ul>\n<\/div>\n<div class=\"col-12 col-md-6 cecha-col naprzemienne-txt naprzemienne-opis\">\n<ul>\n<li>Timer \/ Der Timer schaltet den Kamin automatisch aus. Sie stellen es ein und vergessen es.  Wenn Sie einschlafen, m\u00fcssen Sie sich keine Sorgen machen, dass der Kamin die ganze Nacht an bleibt.<\/li>\n<\/ul>\n<\/div>\n<div class=\"col-12 col-md-6 cecha-col naprzemienne-txt naprzemienne-opis\">\n<ul>\n<li>Mit der Schnellheizfunktion k\u00f6nnen Sie den Raum sofort wieder aufw\u00e4rmen und eine angenehme Temperatur beibehalten.<\/li>\n<\/ul>\n<\/div>\n<h3><\/h3>\n<h3><strong>Technische Daten<\/strong><\/h3>\n<p>&nbsp;<\/p>\n<table width=\"548\" cellspacing=\"0\" cellpadding=\"2\">\n<tbody>\n<tr>\n<td width=\"216\">Flammeneffekt<\/td>\n<td width=\"324\">LED<\/td>\n<\/tr>\n<tr>\n<td width=\"216\">Mobile Anwendung<\/td>\n<td width=\"324\">nicht<\/td>\n<\/tr>\n<tr>\n<td width=\"216\">Fernsteuerung<\/td>\n<td width=\"324\">ja<\/td>\n<\/tr>\n<tr>\n<td width=\"216\">Farbe \/ Ausf\u00fchrung<\/td>\n<td width=\"324\">wei\u00dfes Geh\u00e4use<\/td>\n<\/tr>\n<tr>\n<td width=\"216\">Zeitschaltuhr (Timer)<\/td>\n<td width=\"324\">ja<\/td>\n<\/tr>\n<tr>\n<td width=\"216\">W\u00f6chentlicher Programmierer<\/td>\n<td width=\"324\">ja<\/td>\n<\/tr>\n<tr>\n<td width=\"216\">Heizfunktion<\/td>\n<td width=\"324\">ja<\/td>\n<\/tr>\n<tr>\n<td width=\"216\">Flamme unabh\u00e4ngig von der Heizfunktion<\/td>\n<td width=\"324\">ja<\/td>\n<\/tr>\n<tr>\n<td width=\"216\">Heizleistung<\/td>\n<td width=\"324\">900 \/ 1800 W<\/td>\n<\/tr>\n<tr>\n<td width=\"216\">Temperaturkontrolle<\/td>\n<td width=\"324\">10 bis 30\u00b0C<\/td>\n<\/tr>\n<tr>\n<td width=\"216\">Schutz vor \u00dcberhitzung<\/td>\n<td width=\"324\">ja<\/td>\n<\/tr>\n<tr>\n<td width=\"216\">Thermostat<\/td>\n<td width=\"324\">ja<\/td>\n<\/tr>\n<tr>\n<td width=\"216\">Flamme<\/p>\n<p>Feuerstelle<\/td>\n<td width=\"324\">1 Flamme Farbe-orange<\/p>\n<p>Glade<\/td>\n<\/tr>\n<tr>\n<td width=\"216\">Garantie<\/td>\n<td width=\"324\">2 Jahre<\/td>\n<\/tr>\n<tr>\n<td width=\"216\">L\u00e4nge des Netzkabels<\/td>\n<td width=\"324\">1,8 m<\/td>\n<\/tr>\n<tr>\n<td width=\"216\">Spannung<\/td>\n<td width=\"324\">220 V<\/td>\n<\/tr>\n<\/tbody>\n<\/table>\n<p>&nbsp;<\/p>\n<p>Der elektrische LED-Kamin Duke ist ein Ausdruck von klassischem Stil und Eleganz, der Ihrem Interieur eine Atmosph\u00e4re von W\u00e4rme und Charme verleiht. Durch sein wei\u00dfes Geh\u00e4use im schlichten und zeitlosen Stil passt er perfekt in die unterschiedlichsten Arrangements und verleiht ihnen einen einzigartigen Charakter. <\/p>\n<p>Einer der Hauptvorteile des Duke-Kamins ist seine realistische und energiesparende Flamme bei einem Verbrauch von nur 4 W. Dieser einzigartige LED-Effekt erweckt Ihr Interieur zum Leben, indem er die Illusion von brennendem Holz erzeugt, ohne Ihre Stromrechnung zu belasten. Das ist das Sch\u00f6ne an einer Lagerfeuerflamme, ohne dass Holz oder Kohle verbrannt werden muss.  <\/p>\n<p>Der Kamin Duke ist mit einem Fenster-Offen-Sensor ausgestattet, das hei\u00dft, er schaltet sich automatisch aus, wenn das Fenster ge\u00f6ffnet ist. Dies spart nicht nur Energie, sondern gew\u00e4hrleistet auch eine sichere Anwendung. <\/p>\n<p>Durch die zwei verf\u00fcgbaren Heizleistungen (900W und 1800W) k\u00f6nnen Sie die W\u00e4rmeintensit\u00e4t Ihren aktuellen Bed\u00fcrfnissen und Raumbedingungen anpassen. Die Heizfunktion ist zus\u00e4tzlich mit einer Temperaturregelung von 10 bis 30 \u00b0C ausgestattet, die es Ihnen erm\u00f6glicht, den W\u00e4rmekomfort genau an Ihre eigenen Vorlieben anzupassen. <\/p>\n<p>Ein praktisches Feature ist die Fernbedienung, mit der Sie Ihren Kamin bequem von \u00fcberall im Raum aus steuern k\u00f6nnen. Damit haben Sie die volle Kontrolle \u00fcber Flamme, Heizfunktion und Temperaturregulierung, ohne Ihren Platz verlassen zu m\u00fcssen. <\/p>\n<p>Zusammenfassend ist der Elektrokamin Duke LED eine harmonische Kombination aus \u00c4sthetik, Komfort und moderner Technologie. Sein schlichtes Geh\u00e4use, die realistische Flamme, der Fenster-offen-Sensor, zwei Heizstufen, die Temperaturregelung und die Fernbedienung sorgen f\u00fcr ein umfassendes und vielseitiges Erlebnis. Es ist nicht nur eine Quelle der Sch\u00f6nheit, sondern auch der W\u00e4rme und Behaglichkeit, die jedem Innenraum die Atmosph\u00e4re eines echten Kamins verleiht.  <\/p>\n<p>&nbsp;<\/p>\n<h6><strong>Technische Zeichnung<\/strong><\/h6>\n<p>&nbsp;<\/p>\n<p><img decoding=\"async\" class=\"alignnone wp-image-4450 size-full\" src=\"https:\/\/aflamo.shop\/wp-content\/uploads\/2023\/05\/duke-white.png\" alt=\"\" width=\"1286\" height=\"732\" srcset=\"https:\/\/aflamo.shop\/wp-content\/uploads\/2023\/05\/duke-white.png 1286w, https:\/\/aflamo.shop\/wp-content\/uploads\/2023\/05\/duke-white-600x342.png 600w, https:\/\/aflamo.shop\/wp-content\/uploads\/2023\/05\/duke-white-300x171.png 300w, https:\/\/aflamo.shop\/wp-content\/uploads\/2023\/05\/duke-white-1024x583.png 1024w, https:\/\/aflamo.shop\/wp-content\/uploads\/2023\/05\/duke-white-768x437.png 768w\" sizes=\"(max-width: 1286px) 100vw, 1286px\" \/><\/p>\n<p>&nbsp;<\/p>\n","protected":false},"excerpt":{"rendered":"<p>Hersteller: Aflamo<\/p>\n<p>GETIN:5908283562299<\/p>\n<p>LED-Elektrokamin mit Geh\u00e4use mit Heizfunktion.<\/p>\n<p><a href=\"https:\/\/aflamo.shop\/wp-content\/uploads\/2023\/05\/Aflamo-LED-50-60-70-80-90-CLASSIC-manual_EN-PL-CZ-SK-NL-3.pdf\">Betriebsanleitung und Sicherheitshinweise<\/a><\/p>\n<p><b>Abmessungen: 120 x 93 x 34 cm<\/b><\/p>\n","protected":false},"featured_media":22356,"comment_status":"open","ping_status":"closed","template":"","meta":[],"product_brand":[],"product_cat":[799,800,887],"product_tag":[],"class_list":{"0":"post-17524","1":"product","2":"type-product","3":"status-publish","4":"has-post-thumbnail","6":"product_cat-aflamo-de","7":"product_cat-elektrische-kamine","8":"product_cat-elektrokamine-mit-holzverkleidung","10":"first","11":"instock","12":"shipping-taxable","13":"purchasable","14":"product-type-simple"},"yoast_head":"<!-- This site is optimized with the Yoast SEO plugin v27.1.1 - https:\/\/yoast.com\/product\/yoast-seo-wordpress\/ -->\n<title>Aflamo Duke LED-Elektrokamin - aflamo.shop-zertifizierter aflamo-H\u00e4ndler<\/title>\n<meta name=\"robots\" content=\"index, follow, max-snippet:-1, max-image-preview:large, max-video-preview:-1\" \/>\n<link rel=\"canonical\" href=\"https:\/\/aflamo.shop\/de\/p\/aflamo-duke-led-elektrokamin\/\" \/>\n<meta property=\"og:locale\" content=\"de_DE\" \/>\n<meta property=\"og:type\" content=\"article\" \/>\n<meta property=\"og:title\" content=\"Aflamo Duke LED-Elektrokamin - aflamo.shop-zertifizierter aflamo-H\u00e4ndler\" \/>\n<meta property=\"og:description\" content=\"Hersteller: Aflamo GETIN:5908283562299 LED-Elektrokamin mit Geh\u00e4use mit Heizfunktion. Betriebsanleitung und Sicherheitshinweise Abmessungen: 120 x 93 x 34 cm\" \/>\n<meta property=\"og:url\" content=\"https:\/\/aflamo.shop\/de\/p\/aflamo-duke-led-elektrokamin\/\" \/>\n<meta property=\"og:site_name\" content=\"aflamo.shop-zertifizierter aflamo-H\u00e4ndler\" \/>\n<meta property=\"og:image\" content=\"https:\/\/aflamo.shop\/wp-content\/uploads\/2023\/05\/Duke_front_LED80Classic.jpg\" \/>\n\t<meta property=\"og:image:width\" content=\"2048\" \/>\n\t<meta property=\"og:image:height\" content=\"1687\" \/>\n\t<meta property=\"og:image:type\" content=\"image\/jpeg\" \/>\n<meta name=\"twitter:card\" content=\"summary_large_image\" \/>\n<meta name=\"twitter:label1\" content=\"Gesch\u00e4tzte Lesezeit\" \/>\n\t<meta name=\"twitter:data1\" content=\"3\u00a0Minuten\" \/>\n<script type=\"application\/ld+json\" class=\"yoast-schema-graph\">{\"@context\":\"https:\/\/schema.org\",\"@graph\":[{\"@type\":\"WebPage\",\"@id\":\"https:\/\/aflamo.shop\/de\/p\/aflamo-duke-led-elektrokamin\/\",\"url\":\"https:\/\/aflamo.shop\/de\/p\/aflamo-duke-led-elektrokamin\/\",\"name\":\"Aflamo Duke LED-Elektrokamin - aflamo.shop-zertifizierter aflamo-H\u00e4ndler\",\"isPartOf\":{\"@id\":\"https:\/\/aflamo.shop\/de\/#website\"},\"primaryImageOfPage\":{\"@id\":\"https:\/\/aflamo.shop\/de\/p\/aflamo-duke-led-elektrokamin\/#primaryimage\"},\"image\":{\"@id\":\"https:\/\/aflamo.shop\/de\/p\/aflamo-duke-led-elektrokamin\/#primaryimage\"},\"thumbnailUrl\":\"https:\/\/aflamo.shop\/wp-content\/uploads\/2023\/05\/Projekt-bez-nazwy63.png\",\"datePublished\":\"2023-05-22T14:09:41+00:00\",\"breadcrumb\":{\"@id\":\"https:\/\/aflamo.shop\/de\/p\/aflamo-duke-led-elektrokamin\/#breadcrumb\"},\"inLanguage\":\"de\",\"potentialAction\":[{\"@type\":\"ReadAction\",\"target\":[\"https:\/\/aflamo.shop\/de\/p\/aflamo-duke-led-elektrokamin\/\"]}]},{\"@type\":\"ImageObject\",\"inLanguage\":\"de\",\"@id\":\"https:\/\/aflamo.shop\/de\/p\/aflamo-duke-led-elektrokamin\/#primaryimage\",\"url\":\"https:\/\/aflamo.shop\/wp-content\/uploads\/2023\/05\/Projekt-bez-nazwy63.png\",\"contentUrl\":\"https:\/\/aflamo.shop\/wp-content\/uploads\/2023\/05\/Projekt-bez-nazwy63.png\",\"width\":2048,\"height\":2048},{\"@type\":\"BreadcrumbList\",\"@id\":\"https:\/\/aflamo.shop\/de\/p\/aflamo-duke-led-elektrokamin\/#breadcrumb\",\"itemListElement\":[{\"@type\":\"ListItem\",\"position\":1,\"name\":\"Strona g\u0142\u00f3wna\",\"item\":\"https:\/\/aflamo.shop\/de\/startseite\/\"},{\"@type\":\"ListItem\",\"position\":2,\"name\":\"Shop\",\"item\":\"https:\/\/aflamo.shop\/shop\/\"},{\"@type\":\"ListItem\",\"position\":3,\"name\":\"Elektrische Kamine\",\"item\":\"https:\/\/aflamo.shop\/de\/s\/elektrische-kamine\/\"},{\"@type\":\"ListItem\",\"position\":4,\"name\":\"Aflamo Duke LED-Elektrokamin\"}]},{\"@type\":\"WebSite\",\"@id\":\"https:\/\/aflamo.shop\/de\/#website\",\"url\":\"https:\/\/aflamo.shop\/de\/\",\"name\":\"aflamo.shop-zertifizierter aflamo-H\u00e4ndler\",\"description\":\"Kominki elektryczne Aflamo i Emotion Flame z funkcj\u0105 grzania\",\"potentialAction\":[{\"@type\":\"SearchAction\",\"target\":{\"@type\":\"EntryPoint\",\"urlTemplate\":\"https:\/\/aflamo.shop\/de\/?s={search_term_string}\"},\"query-input\":{\"@type\":\"PropertyValueSpecification\",\"valueRequired\":true,\"valueName\":\"search_term_string\"}}],\"inLanguage\":\"de\"}]}<\/script>\n<!-- \/ Yoast SEO plugin. -->","yoast_head_json":{"title":"Aflamo Duke LED-Elektrokamin - aflamo.shop-zertifizierter aflamo-H\u00e4ndler","robots":{"index":"index","follow":"follow","max-snippet":"max-snippet:-1","max-image-preview":"max-image-preview:large","max-video-preview":"max-video-preview:-1"},"canonical":"https:\/\/aflamo.shop\/de\/p\/aflamo-duke-led-elektrokamin\/","og_locale":"de_DE","og_type":"article","og_title":"Aflamo Duke LED-Elektrokamin - aflamo.shop-zertifizierter aflamo-H\u00e4ndler","og_description":"Hersteller: Aflamo GETIN:5908283562299 LED-Elektrokamin mit Geh\u00e4use mit Heizfunktion. Betriebsanleitung und Sicherheitshinweise Abmessungen: 120 x 93 x 34 cm","og_url":"https:\/\/aflamo.shop\/de\/p\/aflamo-duke-led-elektrokamin\/","og_site_name":"aflamo.shop-zertifizierter aflamo-H\u00e4ndler","og_image":[{"width":2048,"height":1687,"url":"https:\/\/aflamo.shop\/wp-content\/uploads\/2023\/05\/Duke_front_LED80Classic.jpg","type":"image\/jpeg"}],"twitter_card":"summary_large_image","twitter_misc":{"Gesch\u00e4tzte Lesezeit":"3\u00a0Minuten"},"schema":{"@context":"https:\/\/schema.org","@graph":[{"@type":"WebPage","@id":"https:\/\/aflamo.shop\/de\/p\/aflamo-duke-led-elektrokamin\/","url":"https:\/\/aflamo.shop\/de\/p\/aflamo-duke-led-elektrokamin\/","name":"Aflamo Duke LED-Elektrokamin - aflamo.shop-zertifizierter aflamo-H\u00e4ndler","isPartOf":{"@id":"https:\/\/aflamo.shop\/de\/#website"},"primaryImageOfPage":{"@id":"https:\/\/aflamo.shop\/de\/p\/aflamo-duke-led-elektrokamin\/#primaryimage"},"image":{"@id":"https:\/\/aflamo.shop\/de\/p\/aflamo-duke-led-elektrokamin\/#primaryimage"},"thumbnailUrl":"https:\/\/aflamo.shop\/wp-content\/uploads\/2023\/05\/Projekt-bez-nazwy63.png","datePublished":"2023-05-22T14:09:41+00:00","breadcrumb":{"@id":"https:\/\/aflamo.shop\/de\/p\/aflamo-duke-led-elektrokamin\/#breadcrumb"},"inLanguage":"de","potentialAction":[{"@type":"ReadAction","target":["https:\/\/aflamo.shop\/de\/p\/aflamo-duke-led-elektrokamin\/"]}]},{"@type":"ImageObject","inLanguage":"de","@id":"https:\/\/aflamo.shop\/de\/p\/aflamo-duke-led-elektrokamin\/#primaryimage","url":"https:\/\/aflamo.shop\/wp-content\/uploads\/2023\/05\/Projekt-bez-nazwy63.png","contentUrl":"https:\/\/aflamo.shop\/wp-content\/uploads\/2023\/05\/Projekt-bez-nazwy63.png","width":2048,"height":2048},{"@type":"BreadcrumbList","@id":"https:\/\/aflamo.shop\/de\/p\/aflamo-duke-led-elektrokamin\/#breadcrumb","itemListElement":[{"@type":"ListItem","position":1,"name":"Strona g\u0142\u00f3wna","item":"https:\/\/aflamo.shop\/de\/startseite\/"},{"@type":"ListItem","position":2,"name":"Shop","item":"https:\/\/aflamo.shop\/shop\/"},{"@type":"ListItem","position":3,"name":"Elektrische Kamine","item":"https:\/\/aflamo.shop\/de\/s\/elektrische-kamine\/"},{"@type":"ListItem","position":4,"name":"Aflamo Duke LED-Elektrokamin"}]},{"@type":"WebSite","@id":"https:\/\/aflamo.shop\/de\/#website","url":"https:\/\/aflamo.shop\/de\/","name":"aflamo.shop-zertifizierter aflamo-H\u00e4ndler","description":"Kominki elektryczne Aflamo i Emotion Flame z funkcj\u0105 grzania","potentialAction":[{"@type":"SearchAction","target":{"@type":"EntryPoint","urlTemplate":"https:\/\/aflamo.shop\/de\/?s={search_term_string}"},"query-input":{"@type":"PropertyValueSpecification","valueRequired":true,"valueName":"search_term_string"}}],"inLanguage":"de"}]}},"_links":{"self":[{"href":"https:\/\/aflamo.shop\/de\/wp-json\/wp\/v2\/product\/17524","targetHints":{"allow":["GET"]}}],"collection":[{"href":"https:\/\/aflamo.shop\/de\/wp-json\/wp\/v2\/product"}],"about":[{"href":"https:\/\/aflamo.shop\/de\/wp-json\/wp\/v2\/types\/product"}],"replies":[{"embeddable":true,"href":"https:\/\/aflamo.shop\/de\/wp-json\/wp\/v2\/comments?post=17524"}],"wp:featuredmedia":[{"embeddable":true,"href":"https:\/\/aflamo.shop\/de\/wp-json\/wp\/v2\/media\/22356"}],"wp:attachment":[{"href":"https:\/\/aflamo.shop\/de\/wp-json\/wp\/v2\/media?parent=17524"}],"wp:term":[{"taxonomy":"product_brand","embeddable":true,"href":"https:\/\/aflamo.shop\/de\/wp-json\/wp\/v2\/product_brand?post=17524"},{"taxonomy":"product_cat","embeddable":true,"href":"https:\/\/aflamo.shop\/de\/wp-json\/wp\/v2\/product_cat?post=17524"},{"taxonomy":"product_tag","embeddable":true,"href":"https:\/\/aflamo.shop\/de\/wp-json\/wp\/v2\/product_tag?post=17524"}],"curies":[{"name":"wp","href":"https:\/\/api.w.org\/{rel}","templated":true}]}}