{"id":17513,"date":"2023-05-24T10:58:12","date_gmt":"2023-05-24T10:58:12","guid":{"rendered":"https:\/\/aflamo.shop\/p\/led-elektrokamin-aflamo-rivia-weis-2d\/"},"modified":"2025-05-15T12:54:42","modified_gmt":"2025-05-15T12:54:42","slug":"led-elektrokamin-aflamo-rivia-weis-2d","status":"publish","type":"product","link":"https:\/\/aflamo.shop\/de\/p\/led-elektrokamin-aflamo-rivia-weis-2d\/","title":{"rendered":"LED Elektrokamin Aflamo Rivia wei\u00df 2D"},"content":{"rendered":"<p><iframe title=\"YouTube-Video-Player\" src=\"https:\/\/www.youtube.com\/embed\/zsTZbs6NaR4\" width=\"560\" height=\"315\" frameborder=\"0\" allowfullscreen=\"allowfullscreen\"><\/iframe><\/p>\n<h3><\/h3>\n<h3><\/h3>\n<h3><strong>Eigenschaften des Kamins <img fetchpriority=\"high\" decoding=\"async\" class=\"alignright wp-image-4870 \" src=\"https:\/\/aflamo.shop\/wp-content\/uploads\/2023\/05\/unique_rivia-300x183.jpg\" alt=\"\" width=\"516\" height=\"315\" srcset=\"https:\/\/aflamo.shop\/wp-content\/uploads\/2023\/05\/unique_rivia-300x183.jpg 300w, https:\/\/aflamo.shop\/wp-content\/uploads\/2023\/05\/unique_rivia.jpg 492w\" sizes=\"(max-width: 516px) 100vw, 516px\" \/><br \/>\n<\/strong><\/h3>\n<p>&nbsp;<\/p>\n<p>Edles Geh\u00e4use. An der Vorderseite des Kamins befinden sich Verzierungen. <\/p>\n<p>Der Kamin ist in den Farben Wei\u00df und Walnuss erh\u00e4ltlich.<\/p>\n<p>&nbsp;<\/p>\n<p>&nbsp;<\/p>\n<p>&nbsp;<\/p>\n<p>&nbsp;<\/p>\n<p>&nbsp;<\/p>\n<p>&nbsp;<\/p>\n<p>&nbsp;<\/p>\n<p>&nbsp;<\/p>\n<p><strong>Elektroeinsatz LED 60 Classic <\/strong><strong> <img decoding=\"async\" class=\"alignright wp-image-4525 \" src=\"https:\/\/aflamo.shop\/wp-content\/uploads\/2023\/05\/led_60_classic_cyf-300x183.jpg\" alt=\"\" width=\"533\" height=\"325\" srcset=\"https:\/\/aflamo.shop\/wp-content\/uploads\/2023\/05\/led_60_classic_cyf-300x183.jpg 300w, https:\/\/aflamo.shop\/wp-content\/uploads\/2023\/05\/led_60_classic_cyf.jpg 492w\" sizes=\"(max-width: 533px) 100vw, 533px\" \/>                          <\/strong><\/p>\n<ol class=\"numlist\">\n<li>3 Flammenfarben (Gelb, Orange, Gelb-Orange), 5 Flammenhelligkeiten<\/li>\n<li>Realistische und energiesparende LED-Flamme<\/li>\n<li>2 Heizleistungsstufen: 900W \/ 1800W<\/li>\n<li>Temperaturregelung von 10 bis 30\u00b0C<\/li>\n<li>Fernsteuerung<\/li>\n<li>Sensor f\u00fcr offene Fenster<\/li>\n<li>\u00dcberhitzungsschutz<\/li>\n<li>Flammenunabh\u00e4ngige Heizfunktion<\/li>\n<\/ol>\n<h3><\/h3>\n<h3><\/h3>\n<p>&nbsp;<\/p>\n<h3><\/h3>\n<h3><strong>Heizung<\/strong><\/h3>\n<p>&nbsp;<\/p>\n<p>Die flammenunabh\u00e4ngige Heizung erm\u00f6glicht es Ihnen, den Kamin das ganze Jahr \u00fcber zu benutzen, auch an hei\u00dfen Tagen.<br \/>\nSie k\u00f6nnen die Heizung jederzeit ein- oder ausschalten.<\/p>\n<ul>\n<li>Der Sensor f\u00fcr offene Fenster schaltet die Heizung aus, wenn er einen pl\u00f6tzlichen Temperaturabfall feststellt.<\/li>\n<li>Der Heizstrahler verf\u00fcgt \u00fcber 2 Heizleistungsstufen 900-1800W<\/li>\n<li>Temperaturkontrolle von 10 bis 30\u00b0C.<\/li>\n<\/ul>\n<h3><\/h3>\n<h3><\/h3>\n<h3><strong>Sicherheit<\/strong><\/h3>\n<p>&nbsp;<\/p>\n<div class=\"col-12 col-md-6 cecha-col naprzemienne-txt naprzemienne-opis\">\n<ul>\n<li>Das Glas des Kamins erhitzt sich nicht und ist sicher f\u00fcr Kinder und Haustiere.<\/li>\n<li>Der Sicherheitssensor des Ofens schaltet die Heizung aus, wenn der Warmluftaustritt verstopft ist.<\/li>\n<\/ul>\n<\/div>\n<h3><\/h3>\n<h3><\/h3>\n<h3><strong>Komfort und Bequemlichkeit<\/strong><\/h3>\n<p>&nbsp;<\/p>\n<div class=\"col-12 col-md-6 cecha-col naprzemienne-txt naprzemienne-opis\">\n<ul>\n<li>Mit der Fernbedienung k\u00f6nnen Sie die Funktionen aus der Ferne steuern. So k\u00f6nnen Sie das Ger\u00e4t bequem bedienen, ohne vom Sofa aufstehen zu m\u00fcssen. <\/li>\n<\/ul>\n<\/div>\n<div class=\"col-12 col-md-6 cecha-col naprzemienne-txt naprzemienne-opis\">\n<ul>\n<li>Timer \/ Der Timer schaltet den Kamin automatisch aus. Sie stellen es ein und vergessen es.  Wenn Sie einschlafen, m\u00fcssen Sie sich keine Sorgen machen, dass der Kamin die ganze Nacht an bleibt.<\/li>\n<\/ul>\n<\/div>\n<div class=\"col-12 col-md-6 cecha-col naprzemienne-txt naprzemienne-opis\">\n<ul>\n<li>Mit der Schnellheizfunktion k\u00f6nnen Sie den Raum sofort wieder aufw\u00e4rmen und eine angenehme Temperatur beibehalten.<\/li>\n<\/ul>\n<\/div>\n<h3><\/h3>\n<h3><strong>Technische Daten<\/strong><\/h3>\n<p>&nbsp;<\/p>\n<table width=\"548\" cellspacing=\"0\" cellpadding=\"2\">\n<tbody>\n<tr>\n<td width=\"216\">Flammeneffekt<\/td>\n<td width=\"324\">LED<\/td>\n<\/tr>\n<tr>\n<td width=\"216\">Mobile Anwendung<\/td>\n<td width=\"324\">nicht<\/td>\n<\/tr>\n<tr>\n<td width=\"216\">Fernsteuerung<\/td>\n<td width=\"324\">ja<\/td>\n<\/tr>\n<tr>\n<td width=\"216\">Farbe \/ Ausf\u00fchrung<\/td>\n<td width=\"324\">wei\u00dfes Geh\u00e4use<\/td>\n<\/tr>\n<tr>\n<td width=\"216\">Zeitschaltuhr (Timer)<\/td>\n<td width=\"324\">ja<\/td>\n<\/tr>\n<tr>\n<td width=\"216\">W\u00f6chentlicher Programmierer<\/td>\n<td width=\"324\">ja<\/td>\n<\/tr>\n<tr>\n<td width=\"216\">Heizfunktion<\/td>\n<td width=\"324\">ja<\/td>\n<\/tr>\n<tr>\n<td width=\"216\">Flamme unabh\u00e4ngig von der Heizfunktion<\/td>\n<td width=\"324\">ja<\/td>\n<\/tr>\n<tr>\n<td width=\"216\">Heizleistung<\/td>\n<td width=\"324\">900 \/ 1800 W<\/td>\n<\/tr>\n<tr>\n<td width=\"216\">Temperaturkontrolle<\/td>\n<td width=\"324\">10 bis 30\u00b0C<\/td>\n<\/tr>\n<tr>\n<td width=\"216\">Schutz vor \u00dcberhitzung<\/td>\n<td width=\"324\">ja<\/td>\n<\/tr>\n<tr>\n<td width=\"216\">Thermostat<\/td>\n<td width=\"324\">ja<\/td>\n<\/tr>\n<tr>\n<td width=\"216\">Flamme<\/p>\n<p>Feuerstelle<\/td>\n<td width=\"324\">1 Flamme Farbe-orange<\/p>\n<p>Glade<\/td>\n<\/tr>\n<tr>\n<td width=\"216\">Garantie<\/td>\n<td width=\"324\">2 Jahre<\/td>\n<\/tr>\n<tr>\n<td width=\"216\">L\u00e4nge des Netzkabels<\/td>\n<td width=\"324\">1,8 m<\/td>\n<\/tr>\n<tr>\n<td width=\"216\">Spannung<\/td>\n<td width=\"324\">220 V<\/td>\n<\/tr>\n<\/tbody>\n<\/table>\n<p>&nbsp;<\/p>\n<p>Der elektrische Kamin Rivia LED ist ein Meisterwerk des Designs und der Technologie, das jedes Interieur mit einer einzigartigen Atmosph\u00e4re und Eleganz bereichert. Sein wei\u00dfes Geh\u00e4use bildet einen harmonischen Hintergrund f\u00fcr die einzigartigen Verzierungen auf der Vorderseite und schafft so ein optisches Element, das die Aufmerksamkeit auf sich zieht. <\/p>\n<p>Rivia ist ein Kamin, bei dem Sie die Wahl haben und der sowohl in Wei\u00df als auch in Walnuss erh\u00e4ltlich ist. Diese Vielfalt erm\u00f6glicht es Ihnen, den Kamin an Ihre individuellen Vorlieben und Ihre Raumgestaltung anzupassen. <\/p>\n<p>Der elektrische 2D-LED-Einsatz ist das Herzst\u00fcck dieses Kamins und sorgt f\u00fcr erstaunliche visuelle Effekte. Drei Flammenfarben und f\u00fcnf Helligkeitsstufen erm\u00f6glichen es Ihnen, die Atmosph\u00e4re Ihrer aktuellen Stimmung anzupassen und so die Illusion eines authentischen LED-Feuers zu erzeugen, das sowohl realistisch als auch energieeffizient ist. <\/p>\n<p>Rivia bietet au\u00dferdem zwei Heizleistungen (900 W und 1800 W) mit einer Temperaturregelung von 10 bis 30 \u00b0C. So k\u00f6nnen Sie den W\u00e4rmekomfort Ihren individuellen W\u00fcnschen und Raumbedingungen anpassen. <\/p>\n<p>Eine komfortable Option ist die Fernbedienung, die die volle Kontrolle \u00fcber Flamme, Heizfunktion und Temperatureinstellung erm\u00f6glicht. Dies gew\u00e4hrleistet eine bequeme Nutzung, ohne dass Sie Ihren bequemen Sitzplatz verlassen m\u00fcssen. <\/p>\n<p>Der Fenster-offen-Sensor ist eine praktische Funktion, die den Status des Fensters \u00fcberwacht und den Kamin automatisch ausschaltet, wenn es ge\u00f6ffnet wird. Dies spart nicht nur Energie, sondern sorgt auch f\u00fcr Sicherheit und Nutzungskomfort. <\/p>\n<p>Sicherheit hat bei Rivia Priorit\u00e4t \u2013 der \u00dcberhitzungsschutz ist ein zus\u00e4tzliches Element, das die Sicherheit des Benutzers und des Ger\u00e4ts gew\u00e4hrleistet.<\/p>\n<p>Rivia ist ein Kamin, der Sch\u00f6nheit, W\u00e4rme und Komfort bietet. Sein elegantes Geh\u00e4use, die LED-Technologie, die Temperaturregelung, die Fernbedienung, der Fenster-Offen-Sensor und der \u00dcberhitzungsschutz machen ihn zu einer umfassenden L\u00f6sung. Es ist nicht nur ein Kamin \u2013 es ist eine Quelle der Sch\u00f6nheit und Behaglichkeit, die in Ihrem Zuhause eine unvergessliche Lagerfeueratmosph\u00e4re schafft.  <\/p>\n<p>&nbsp;<\/p>\n<h6><strong>Technische Zeichnung<\/strong><\/h6>\n<p>&nbsp;<\/p>\n<p>&nbsp;<\/p>\n<p><img decoding=\"async\" class=\"alignnone wp-image-4827 size-full\" src=\"https:\/\/aflamo.shop\/wp-content\/uploads\/2023\/05\/Rivia.png\" alt=\"\" width=\"2185\" height=\"1660\" srcset=\"https:\/\/aflamo.shop\/wp-content\/uploads\/2023\/05\/Rivia.png 2185w, https:\/\/aflamo.shop\/wp-content\/uploads\/2023\/05\/Rivia-600x456.png 600w, https:\/\/aflamo.shop\/wp-content\/uploads\/2023\/05\/Rivia-300x228.png 300w, https:\/\/aflamo.shop\/wp-content\/uploads\/2023\/05\/Rivia-1024x778.png 1024w, https:\/\/aflamo.shop\/wp-content\/uploads\/2023\/05\/Rivia-768x583.png 768w, https:\/\/aflamo.shop\/wp-content\/uploads\/2023\/05\/Rivia-1536x1167.png 1536w, https:\/\/aflamo.shop\/wp-content\/uploads\/2023\/05\/Rivia-2048x1556.png 2048w\" sizes=\"(max-width: 2185px) 100vw, 2185px\" \/><\/p>\n<p>&nbsp;<\/p>\n","protected":false},"excerpt":{"rendered":"<p><b>Verf\u00fcgbare Farben:<\/b><\/p>\n<ul>\n<li><a href=\"https:\/\/aflamo.shop\/de\/p\/led-elektrokamin-aflamo-rivia-weis-2d\/\">Wei\u00df<\/a><\/li>\n<li><a href=\"https:\/\/aflamo.shop\/de\/p\/led-elektrokamin-aflamo-rivia-walnuss-2d\/\">Nuss<\/a><\/li>\n<\/ul>\n<p><b>Beitrag:<\/b><\/p>\n<ul>\n<li><a href=\"https:\/\/aflamo.shop\/de\/p\/led-elektrokamin-aflamo-rivia-weis-2d\/\">2D<\/a><\/li>\n<li><a href=\"https:\/\/aflamo.shop\/de\/p\/led-elektrokamin-aflamo-rivia-weis-3d\/\">3D<\/a><\/li>\n<\/ul>\n<p><a href=\"https:\/\/aflamo.shop\/wp-content\/uploads\/2023\/05\/Aflamo-LED-50-60-70-80-90-CLASSIC-manual_EN-PL-CZ-SK-NL-3.pdf\">Betriebsanleitung und Sicherheitshinweise<\/a><\/p>\n<p><b>Abmessungen: 102&#215;96,4&#215;29 cm<\/b><\/p>\n","protected":false},"featured_media":22338,"comment_status":"open","ping_status":"closed","template":"","meta":[],"product_brand":[],"product_cat":[799,800,887],"product_tag":[],"class_list":{"0":"post-17513","1":"product","2":"type-product","3":"status-publish","4":"has-post-thumbnail","6":"product_cat-aflamo-de","7":"product_cat-elektrische-kamine","8":"product_cat-elektrokamine-mit-holzverkleidung","10":"first","11":"instock","12":"shipping-taxable","13":"purchasable","14":"product-type-simple"},"yoast_head":"<!-- This site is optimized with the Yoast SEO plugin v27.1.1 - https:\/\/yoast.com\/product\/yoast-seo-wordpress\/ -->\n<title>LED Elektrokamin Aflamo Rivia wei\u00df 2D - aflamo.shop-zertifizierter aflamo-H\u00e4ndler<\/title>\n<meta name=\"robots\" content=\"index, follow, max-snippet:-1, max-image-preview:large, max-video-preview:-1\" \/>\n<link rel=\"canonical\" href=\"https:\/\/aflamo.shop\/de\/p\/led-elektrokamin-aflamo-rivia-weis-2d\/\" \/>\n<meta property=\"og:locale\" content=\"de_DE\" \/>\n<meta property=\"og:type\" content=\"article\" \/>\n<meta property=\"og:title\" content=\"LED Elektrokamin Aflamo Rivia wei\u00df 2D - aflamo.shop-zertifizierter aflamo-H\u00e4ndler\" \/>\n<meta property=\"og:description\" content=\"Verf\u00fcgbare Farben:   Wei\u00df  Nuss  Beitrag:   2D  3D  Betriebsanleitung und Sicherheitshinweise Abmessungen: 102x96,4x29 cm\" \/>\n<meta property=\"og:url\" content=\"https:\/\/aflamo.shop\/de\/p\/led-elektrokamin-aflamo-rivia-weis-2d\/\" \/>\n<meta property=\"og:site_name\" content=\"aflamo.shop-zertifizierter aflamo-H\u00e4ndler\" \/>\n<meta property=\"article:modified_time\" content=\"2025-05-15T12:54:42+00:00\" \/>\n<meta property=\"og:image\" content=\"https:\/\/aflamo.shop\/wp-content\/uploads\/2023\/05\/Projekt-bez-nazwy60.png\" \/>\n\t<meta property=\"og:image:width\" content=\"2048\" \/>\n\t<meta property=\"og:image:height\" content=\"2048\" \/>\n\t<meta property=\"og:image:type\" content=\"image\/png\" \/>\n<meta name=\"twitter:card\" content=\"summary_large_image\" \/>\n<meta name=\"twitter:label1\" content=\"Gesch\u00e4tzte Lesezeit\" \/>\n\t<meta name=\"twitter:data1\" content=\"5\u00a0Minuten\" \/>\n<script type=\"application\/ld+json\" class=\"yoast-schema-graph\">{\"@context\":\"https:\/\/schema.org\",\"@graph\":[{\"@type\":\"WebPage\",\"@id\":\"https:\/\/aflamo.shop\/de\/p\/led-elektrokamin-aflamo-rivia-weis-2d\/\",\"url\":\"https:\/\/aflamo.shop\/de\/p\/led-elektrokamin-aflamo-rivia-weis-2d\/\",\"name\":\"LED Elektrokamin Aflamo Rivia wei\u00df 2D - aflamo.shop-zertifizierter aflamo-H\u00e4ndler\",\"isPartOf\":{\"@id\":\"https:\/\/aflamo.shop\/de\/#website\"},\"primaryImageOfPage\":{\"@id\":\"https:\/\/aflamo.shop\/de\/p\/led-elektrokamin-aflamo-rivia-weis-2d\/#primaryimage\"},\"image\":{\"@id\":\"https:\/\/aflamo.shop\/de\/p\/led-elektrokamin-aflamo-rivia-weis-2d\/#primaryimage\"},\"thumbnailUrl\":\"https:\/\/aflamo.shop\/wp-content\/uploads\/2023\/05\/Projekt-bez-nazwy60.png\",\"datePublished\":\"2023-05-24T10:58:12+00:00\",\"dateModified\":\"2025-05-15T12:54:42+00:00\",\"breadcrumb\":{\"@id\":\"https:\/\/aflamo.shop\/de\/p\/led-elektrokamin-aflamo-rivia-weis-2d\/#breadcrumb\"},\"inLanguage\":\"de\",\"potentialAction\":[{\"@type\":\"ReadAction\",\"target\":[\"https:\/\/aflamo.shop\/de\/p\/led-elektrokamin-aflamo-rivia-weis-2d\/\"]}]},{\"@type\":\"ImageObject\",\"inLanguage\":\"de\",\"@id\":\"https:\/\/aflamo.shop\/de\/p\/led-elektrokamin-aflamo-rivia-weis-2d\/#primaryimage\",\"url\":\"https:\/\/aflamo.shop\/wp-content\/uploads\/2023\/05\/Projekt-bez-nazwy60.png\",\"contentUrl\":\"https:\/\/aflamo.shop\/wp-content\/uploads\/2023\/05\/Projekt-bez-nazwy60.png\",\"width\":2048,\"height\":2048},{\"@type\":\"BreadcrumbList\",\"@id\":\"https:\/\/aflamo.shop\/de\/p\/led-elektrokamin-aflamo-rivia-weis-2d\/#breadcrumb\",\"itemListElement\":[{\"@type\":\"ListItem\",\"position\":1,\"name\":\"Strona g\u0142\u00f3wna\",\"item\":\"https:\/\/aflamo.shop\/de\/startseite\/\"},{\"@type\":\"ListItem\",\"position\":2,\"name\":\"Shop\",\"item\":\"https:\/\/aflamo.shop\/shop\/\"},{\"@type\":\"ListItem\",\"position\":3,\"name\":\"Elektrische Kamine\",\"item\":\"https:\/\/aflamo.shop\/de\/s\/elektrische-kamine\/\"},{\"@type\":\"ListItem\",\"position\":4,\"name\":\"Elektrokamine mit Holzverkleidung\",\"item\":\"https:\/\/aflamo.shop\/de\/s\/elektrische-kamine\/elektrokamine-mit-holzverkleidung\/\"},{\"@type\":\"ListItem\",\"position\":5,\"name\":\"LED Elektrokamin Aflamo Rivia wei\u00df 2D\"}]},{\"@type\":\"WebSite\",\"@id\":\"https:\/\/aflamo.shop\/de\/#website\",\"url\":\"https:\/\/aflamo.shop\/de\/\",\"name\":\"aflamo.shop-zertifizierter aflamo-H\u00e4ndler\",\"description\":\"Kominki elektryczne Aflamo i Emotion Flame z funkcj\u0105 grzania\",\"potentialAction\":[{\"@type\":\"SearchAction\",\"target\":{\"@type\":\"EntryPoint\",\"urlTemplate\":\"https:\/\/aflamo.shop\/de\/?s={search_term_string}\"},\"query-input\":{\"@type\":\"PropertyValueSpecification\",\"valueRequired\":true,\"valueName\":\"search_term_string\"}}],\"inLanguage\":\"de\"}]}<\/script>\n<!-- \/ Yoast SEO plugin. -->","yoast_head_json":{"title":"LED Elektrokamin Aflamo Rivia wei\u00df 2D - aflamo.shop-zertifizierter aflamo-H\u00e4ndler","robots":{"index":"index","follow":"follow","max-snippet":"max-snippet:-1","max-image-preview":"max-image-preview:large","max-video-preview":"max-video-preview:-1"},"canonical":"https:\/\/aflamo.shop\/de\/p\/led-elektrokamin-aflamo-rivia-weis-2d\/","og_locale":"de_DE","og_type":"article","og_title":"LED Elektrokamin Aflamo Rivia wei\u00df 2D - aflamo.shop-zertifizierter aflamo-H\u00e4ndler","og_description":"Verf\u00fcgbare Farben:   Wei\u00df  Nuss  Beitrag:   2D  3D  Betriebsanleitung und Sicherheitshinweise Abmessungen: 102x96,4x29 cm","og_url":"https:\/\/aflamo.shop\/de\/p\/led-elektrokamin-aflamo-rivia-weis-2d\/","og_site_name":"aflamo.shop-zertifizierter aflamo-H\u00e4ndler","article_modified_time":"2025-05-15T12:54:42+00:00","og_image":[{"width":2048,"height":2048,"url":"https:\/\/aflamo.shop\/wp-content\/uploads\/2023\/05\/Projekt-bez-nazwy60.png","type":"image\/png"}],"twitter_card":"summary_large_image","twitter_misc":{"Gesch\u00e4tzte Lesezeit":"5\u00a0Minuten"},"schema":{"@context":"https:\/\/schema.org","@graph":[{"@type":"WebPage","@id":"https:\/\/aflamo.shop\/de\/p\/led-elektrokamin-aflamo-rivia-weis-2d\/","url":"https:\/\/aflamo.shop\/de\/p\/led-elektrokamin-aflamo-rivia-weis-2d\/","name":"LED Elektrokamin Aflamo Rivia wei\u00df 2D - aflamo.shop-zertifizierter aflamo-H\u00e4ndler","isPartOf":{"@id":"https:\/\/aflamo.shop\/de\/#website"},"primaryImageOfPage":{"@id":"https:\/\/aflamo.shop\/de\/p\/led-elektrokamin-aflamo-rivia-weis-2d\/#primaryimage"},"image":{"@id":"https:\/\/aflamo.shop\/de\/p\/led-elektrokamin-aflamo-rivia-weis-2d\/#primaryimage"},"thumbnailUrl":"https:\/\/aflamo.shop\/wp-content\/uploads\/2023\/05\/Projekt-bez-nazwy60.png","datePublished":"2023-05-24T10:58:12+00:00","dateModified":"2025-05-15T12:54:42+00:00","breadcrumb":{"@id":"https:\/\/aflamo.shop\/de\/p\/led-elektrokamin-aflamo-rivia-weis-2d\/#breadcrumb"},"inLanguage":"de","potentialAction":[{"@type":"ReadAction","target":["https:\/\/aflamo.shop\/de\/p\/led-elektrokamin-aflamo-rivia-weis-2d\/"]}]},{"@type":"ImageObject","inLanguage":"de","@id":"https:\/\/aflamo.shop\/de\/p\/led-elektrokamin-aflamo-rivia-weis-2d\/#primaryimage","url":"https:\/\/aflamo.shop\/wp-content\/uploads\/2023\/05\/Projekt-bez-nazwy60.png","contentUrl":"https:\/\/aflamo.shop\/wp-content\/uploads\/2023\/05\/Projekt-bez-nazwy60.png","width":2048,"height":2048},{"@type":"BreadcrumbList","@id":"https:\/\/aflamo.shop\/de\/p\/led-elektrokamin-aflamo-rivia-weis-2d\/#breadcrumb","itemListElement":[{"@type":"ListItem","position":1,"name":"Strona g\u0142\u00f3wna","item":"https:\/\/aflamo.shop\/de\/startseite\/"},{"@type":"ListItem","position":2,"name":"Shop","item":"https:\/\/aflamo.shop\/shop\/"},{"@type":"ListItem","position":3,"name":"Elektrische Kamine","item":"https:\/\/aflamo.shop\/de\/s\/elektrische-kamine\/"},{"@type":"ListItem","position":4,"name":"Elektrokamine mit Holzverkleidung","item":"https:\/\/aflamo.shop\/de\/s\/elektrische-kamine\/elektrokamine-mit-holzverkleidung\/"},{"@type":"ListItem","position":5,"name":"LED Elektrokamin Aflamo Rivia wei\u00df 2D"}]},{"@type":"WebSite","@id":"https:\/\/aflamo.shop\/de\/#website","url":"https:\/\/aflamo.shop\/de\/","name":"aflamo.shop-zertifizierter aflamo-H\u00e4ndler","description":"Kominki elektryczne Aflamo i Emotion Flame z funkcj\u0105 grzania","potentialAction":[{"@type":"SearchAction","target":{"@type":"EntryPoint","urlTemplate":"https:\/\/aflamo.shop\/de\/?s={search_term_string}"},"query-input":{"@type":"PropertyValueSpecification","valueRequired":true,"valueName":"search_term_string"}}],"inLanguage":"de"}]}},"_links":{"self":[{"href":"https:\/\/aflamo.shop\/de\/wp-json\/wp\/v2\/product\/17513","targetHints":{"allow":["GET"]}}],"collection":[{"href":"https:\/\/aflamo.shop\/de\/wp-json\/wp\/v2\/product"}],"about":[{"href":"https:\/\/aflamo.shop\/de\/wp-json\/wp\/v2\/types\/product"}],"replies":[{"embeddable":true,"href":"https:\/\/aflamo.shop\/de\/wp-json\/wp\/v2\/comments?post=17513"}],"wp:featuredmedia":[{"embeddable":true,"href":"https:\/\/aflamo.shop\/de\/wp-json\/wp\/v2\/media\/22338"}],"wp:attachment":[{"href":"https:\/\/aflamo.shop\/de\/wp-json\/wp\/v2\/media?parent=17513"}],"wp:term":[{"taxonomy":"product_brand","embeddable":true,"href":"https:\/\/aflamo.shop\/de\/wp-json\/wp\/v2\/product_brand?post=17513"},{"taxonomy":"product_cat","embeddable":true,"href":"https:\/\/aflamo.shop\/de\/wp-json\/wp\/v2\/product_cat?post=17513"},{"taxonomy":"product_tag","embeddable":true,"href":"https:\/\/aflamo.shop\/de\/wp-json\/wp\/v2\/product_tag?post=17513"}],"curies":[{"name":"wp","href":"https:\/\/api.w.org\/{rel}","templated":true}]}}