{"id":17372,"date":"2023-05-30T08:48:48","date_gmt":"2023-05-30T08:48:48","guid":{"rendered":"https:\/\/aflamo.shop\/p\/aflamo-led-60-nh-elektroeinsatz-ohne-heizfunktion\/"},"modified":"2023-05-30T08:48:48","modified_gmt":"2023-05-30T08:48:48","slug":"aflamo-led-60-nh-elektroeinsatz-ohne-heizfunktion","status":"publish","type":"product","link":"https:\/\/aflamo.shop\/de\/p\/aflamo-led-60-nh-elektroeinsatz-ohne-heizfunktion\/","title":{"rendered":"Aflamo LED 60 NH Elektroeinsatz (ohne Heizfunktion)"},"content":{"rendered":"<p><iframe title=\"YouTube-Video-Player\" src=\"https:\/\/www.youtube.com\/embed\/yqobDpBfvtk\" width=\"560\" height=\"315\" frameborder=\"0\" allowfullscreen=\"allowfullscreen\"><\/iframe><\/p>\n<p><iframe title=\"YouTube-Video-Player\" src=\"https:\/\/www.youtube.com\/embed\/r3RsfcfWdpA\" width=\"560\" height=\"315\" frameborder=\"0\" allowfullscreen=\"allowfullscreen\"><\/iframe><\/p>\n<h6><\/h6>\n<p>&nbsp;<\/p>\n<h3><\/h3>\n<h3 style=\"text-align: left;\"><strong>Eigenschaften des Kamins <\/strong><\/h3>\n<p>&nbsp;<\/p>\n<h3 style=\"text-align: left;\"><strong><img fetchpriority=\"high\" decoding=\"async\" class=\"alignright wp-image-6250 \" src=\"https:\/\/aflamo.shop\/wp-content\/uploads\/2023\/05\/unique_led60-nh-300x183.jpg\" alt=\"\" width=\"380\" height=\"232\" srcset=\"https:\/\/aflamo.shop\/wp-content\/uploads\/2023\/05\/unique_led60-nh-300x183.jpg 300w, https:\/\/aflamo.shop\/wp-content\/uploads\/2023\/05\/unique_led60-nh.jpg 492w\" sizes=\"(max-width: 380px) 100vw, 380px\" \/><\/strong><\/h3>\n<ol class=\"numlist\">\n<li>Realistische Flamme in 3 Farben: Orange, Orangeblau, Gelb<\/li>\n<li>D\u00fcnne Rahmen<\/li>\n<li>Abnehmbare Seitenteile \/ kein Frontglas<\/li>\n<li>Fernsteuerung<\/li>\n<\/ol>\n<h3 style=\"text-align: left;\"><\/h3>\n<p>&nbsp;<\/p>\n<p>&nbsp;<\/p>\n<p>Die Kamine k\u00f6nnen in Reihe geschaltet werden, wodurch eine einzigartige, auf Ihre Bed\u00fcrfnisse zugeschnittene Struktur entsteht.<\/p>\n<p>Sie erhalten einen Kamin in den Breiten 60, 120, 180, 240 cm oder sogar noch mehr!<\/p>\n<p><strong>Der Kamin hat keine Frontscheibe.<\/strong><\/p>\n<p>&nbsp;<\/p>\n<p><img decoding=\"async\" class=\"alignnone wp-image-6256 size-large\" src=\"https:\/\/aflamo.shop\/wp-content\/uploads\/2023\/05\/LED_60_NH_B3-1-1024x768.jpg\" alt=\"\" width=\"1024\" height=\"768\" srcset=\"https:\/\/aflamo.shop\/wp-content\/uploads\/2023\/05\/LED_60_NH_B3-1-1024x768.jpg 1024w, https:\/\/aflamo.shop\/wp-content\/uploads\/2023\/05\/LED_60_NH_B3-1-600x450.jpg 600w, https:\/\/aflamo.shop\/wp-content\/uploads\/2023\/05\/LED_60_NH_B3-1-300x225.jpg 300w, https:\/\/aflamo.shop\/wp-content\/uploads\/2023\/05\/LED_60_NH_B3-1-768x576.jpg 768w, https:\/\/aflamo.shop\/wp-content\/uploads\/2023\/05\/LED_60_NH_B3-1-1536x1151.jpg 1536w, https:\/\/aflamo.shop\/wp-content\/uploads\/2023\/05\/LED_60_NH_B3-1.jpg 2048w\" sizes=\"(max-width: 1024px) 100vw, 1024px\" \/><\/p>\n<h3><\/h3>\n<p>&nbsp;<\/p>\n<p>&nbsp;<\/p>\n<h3><strong>Mobile Anwendung <img decoding=\"async\" class=\"alignright wp-image-6262 \" src=\"https:\/\/aflamo.shop\/wp-content\/uploads\/2023\/05\/unique_app_led60nh-300x183.jpg\" alt=\"\" width=\"379\" height=\"231\" srcset=\"https:\/\/aflamo.shop\/wp-content\/uploads\/2023\/05\/unique_app_led60nh-300x183.jpg 300w, https:\/\/aflamo.shop\/wp-content\/uploads\/2023\/05\/unique_app_led60nh.jpg 492w\" sizes=\"(max-width: 379px) 100vw, 379px\" \/><br \/>\n<\/strong><\/h3>\n<p class=\"small-sub-header\"><strong>Verf\u00fcgbar auf Android- und iOS-Ger\u00e4ten<\/strong><\/p>\n<div class=\"naprzemienne-opis\">\n<p>Alle Kaminfunktionen \u00fcber Ihr Telefon verf\u00fcgbar.<\/p>\n<p>Nasz\u0105 aplikacj\u0119 mo\u017cna pobra\u0107 z Google Play oraz Apple Store wyszukuj\u0105c \u201cAFLAMO\u201d.<\/p>\n<\/div>\n<h3><\/h3>\n<p>&nbsp;<\/p>\n<h3 style=\"text-align: left;\"><strong>Installation<\/strong><\/h3>\n<p>&nbsp;<\/p>\n<p style=\"text-align: left;\">Der Kamin kann auf drei Arten montiert werden<\/p>\n<p style=\"text-align: left;\"><img loading=\"lazy\" decoding=\"async\" class=\"aligncenter wp-image-2581 size-full\" src=\"https:\/\/aflamo.shop\/wp-content\/uploads\/2023\/05\/zamontuj-jak-chcesz-1.png\" alt=\"\" width=\"1159\" height=\"368\" srcset=\"https:\/\/aflamo.shop\/wp-content\/uploads\/2023\/05\/zamontuj-jak-chcesz-1.png 1159w, https:\/\/aflamo.shop\/wp-content\/uploads\/2023\/05\/zamontuj-jak-chcesz-1-600x191.png 600w, https:\/\/aflamo.shop\/wp-content\/uploads\/2023\/05\/zamontuj-jak-chcesz-1-300x95.png 300w, https:\/\/aflamo.shop\/wp-content\/uploads\/2023\/05\/zamontuj-jak-chcesz-1-1024x325.png 1024w, https:\/\/aflamo.shop\/wp-content\/uploads\/2023\/05\/zamontuj-jak-chcesz-1-768x244.png 768w\" sizes=\"(max-width: 1159px) 100vw, 1159px\" \/><\/p>\n<h3><\/h3>\n<h3><\/h3>\n<p>&nbsp;<\/p>\n<p>&nbsp;<\/p>\n<h3 style=\"text-align: left;\"><strong>Kamininstallation <\/strong><\/h3>\n<h3 style=\"text-align: left;\"><strong>  <\/strong><\/h3>\n<div class=\"naprzemienne-opis\" style=\"text-align: left;\">\n<ol>\n<li>Installieren Sie den im Kit enthaltenen Aufh\u00e4nger<\/li>\n<li>Den Kamin aufh\u00e4ngen<\/li>\n<li>Genie\u00dfen Sie Ihren Kamin<\/li>\n<\/ol>\n<\/div>\n<p>&nbsp;<\/p>\n<h3 style=\"text-align: left;\"><strong>Flamme<\/strong><\/h3>\n<p>Die Flamme hat:<\/p>\n<p><strong><span class=\"digit\">3<\/span><\/strong> Farben<\/p>\n<p style=\"text-align: left;\"><img loading=\"lazy\" decoding=\"async\" class=\"wp-image-2842 size-full alignright\" src=\"https:\/\/aflamo.shop\/wp-content\/uploads\/2023\/05\/plomien-majestic.png\" alt=\"\" width=\"510\" height=\"533\" srcset=\"https:\/\/aflamo.shop\/wp-content\/uploads\/2023\/05\/plomien-majestic.png 510w, https:\/\/aflamo.shop\/wp-content\/uploads\/2023\/05\/plomien-majestic-287x300.png 287w\" sizes=\"(max-width: 510px) 100vw, 510px\" \/><\/p>\n<h3><\/h3>\n<p>&nbsp;<\/p>\n<h3 style=\"text-align: left;\"><strong>Palenisko<\/strong><\/h3>\n<p>&nbsp;<\/p>\n<h3 style=\"text-align: left;\"><img loading=\"lazy\" decoding=\"async\" class=\"alignright wp-image-2812 size-full\" src=\"https:\/\/aflamo.shop\/wp-content\/uploads\/2023\/05\/polana_krysztaly-e1603875138523.png\" alt=\"\" width=\"413\" height=\"297\" srcset=\"https:\/\/aflamo.shop\/wp-content\/uploads\/2023\/05\/polana_krysztaly-e1603875138523.png 413w, https:\/\/aflamo.shop\/wp-content\/uploads\/2023\/05\/polana_krysztaly-e1603875138523-300x216.png 300w\" sizes=\"(max-width: 413px) 100vw, 413px\" \/><\/h3>\n<p><strong><span class=\"digit\">2 <\/span><\/strong>Arten von Feuerstellen enthalten: Holzscheite, Kristalle.<br \/>\n<strong><span class=\"digit\">10 <\/span><\/strong>Farben der Feuerraumbeleuchtung.<br \/>\n<strong><span class=\"digit\">5 <\/span><\/strong>Helligkeitsstufen.<\/p>\n<p style=\"text-align: left;\"><span class=\"digit\"> <\/span><\/p>\n<h3><\/h3>\n<p>&nbsp;<\/p>\n<h3 style=\"text-align: left;\"><strong>Komfort und Bequemlichkeit<\/strong><\/h3>\n<p style=\"text-align: left;\">Ein elektrischer Kamin dient vor allem der Entspannung.<\/p>\n<div class=\"feature\">\n<ul style=\"text-align: left;\">\n<li>Kamin mit Fernbedienung steuerbar.<\/li>\n<li>Ben\u00f6tigt keine zus\u00e4tzliche Bel\u00fcftung. Es ist nicht erforderlich, den Raum zu l\u00fcften und gleichzeitig kalte oder feuchte Luft hereinzulassen. Sie m\u00fcssen das Fenster nicht \u00f6ffnen und Au\u00dfenger\u00e4usche hereinlassen. <\/li>\n<\/ul>\n<p>&nbsp;<\/p>\n<h3>Technische Daten<\/h3>\n<\/div>\n<p>&nbsp;<\/p>\n<table width=\"548\" cellspacing=\"0\" cellpadding=\"2\">\n<colgroup>\n<col width=\"216\">\n<col width=\"324\"><\/colgroup>\n<tbody>\n<tr>\n<td width=\"216\">\n<table width=\"548\" cellspacing=\"0\" cellpadding=\"2\">\n<colgroup>\n<col width=\"216\">\n<col width=\"324\"><\/colgroup>\n<tbody>\n<tr>\n<td width=\"216\">Installationsmethoden<\/td>\n<td width=\"324\">f\u00fcr Einbau-\/Wandmontage<\/td>\n<\/tr>\n<tr>\n<td width=\"216\">Einzigartiges Merkmal<\/td>\n<td width=\"324\">\n<p class=\"small-sub-header\">modular<\/p>\n<\/td>\n<\/tr>\n<tr>\n<td width=\"216\">Flammeneffekt<\/td>\n<td width=\"324\">LED<\/td>\n<\/tr>\n<tr>\n<td width=\"216\">Mobile Anwendung\n<\/td>\n<td width=\"324\">ja<\/td>\n<\/tr>\n<tr>\n<td width=\"216\">Fernsteuerung<\/td>\n<td width=\"324\">ja<\/td>\n<\/tr>\n<tr>\n<td width=\"216\">Farbe\/Finish<\/td>\n<td width=\"324\">Metall, schwarz<\/td>\n<\/tr>\n<tr>\n<td width=\"216\">Timer<\/td>\n<td width=\"324\">nein<\/td>\n<\/tr>\n<tr>\n<td width=\"216\">W\u00f6chentlicher Programmierer<\/td>\n<td width=\"324\">nein<\/td>\n<\/tr>\n<tr>\n<td width=\"216\">Heizfunktion<\/td>\n<td width=\"324\">nein<\/td>\n<\/tr>\n<tr>\n<td width=\"216\">Flammenunabh\u00e4ngige Heizfunktion<\/td>\n<td width=\"324\">&#8211;<\/td>\n<\/tr>\n<tr>\n<td width=\"216\">Heizleistung<\/td>\n<td width=\"324\">&#8211;<\/td>\n<\/tr>\n<tr>\n<td width=\"216\">Temperaturkontrolle<\/td>\n<td width=\"324\">&#8211;<\/td>\n<\/tr>\n<tr>\n<td width=\"216\">\u00dcberhitzungsschutz\n<\/td>\n<td width=\"324\">&#8211;<\/td>\n<\/tr>\n<tr>\n<td width=\"216\">Thermostat<\/td>\n<td width=\"324\">&#8211;<\/td>\n<\/tr>\n<tr>\n<td width=\"216\">Flammenfarben:<\/p>\n<p>&nbsp;<\/p>\n<p>Feuerstelle:<\/td>\n<td width=\"324\"><span class=\"digit\">3<\/span> Farben,<\/p>\n<p>&nbsp;<\/p>\n<p>Kamine inklusive: Holzscheite, Kristalle,<\/p>\n<p>&nbsp;<\/td>\n<\/tr>\n<tr>\n<td width=\"216\">Garantie<\/td>\n<td width=\"324\">2 Jahre<\/td>\n<\/tr>\n<tr>\n<td width=\"216\">L\u00e4nge des Netzkabels<\/td>\n<td width=\"324\">1,8 m<\/td>\n<\/tr>\n<tr>\n<td width=\"216\">Spannung<\/td>\n<td width=\"324\">220 V<\/td>\n<\/tr>\n<\/tbody>\n<\/table>\n<\/td>\n<\/tr>\n<\/tbody>\n<\/table>\n<p>&nbsp;<\/p>\n<div class=\"flex flex-grow flex-col gap-3\">\n<div class=\"min-h-[20px] flex flex-col items-start gap-3 overflow-x-auto whitespace-pre-wrap break-words\">\n<div class=\"markdown prose w-full break-words dark:prose-invert light\">\n<p>Der LED-Elektrokamineinsatz ohne Heizfunktion ist eine Weiterentwicklung traditioneller Kamine, die \u00c4sthetik, Innovation und Vielseitigkeit vereint. Dieser einzigartige Einsatz ist daf\u00fcr konzipiert, eine Lagerfeueratmosph\u00e4re zu schaffen, ohne dass W\u00e4rme erzeugt werden muss, und ist daher das ganze Jahr \u00fcber die ideale Wahl. <\/p>\n<p>Einer der wichtigsten Vorteile dieses Einsatzes ist die realistische Flamme, die in drei verschiedenen Farben erh\u00e4ltlich ist. Dieser LED-Effekt erzeugt die Illusion von brennendem Holz und ist somit ein wahres visuelles Meisterwerk. Drei Flammenfarben \u2013 vom dezent flackernden Blau bis hin zu warmen Oranget\u00f6nen \u2013 erm\u00f6glichen es Ihnen, die Atmosph\u00e4re Ihren aktuellen Stimmungen und Umst\u00e4nden anzupassen.  <\/p>\n<p>Charakteristisch f\u00fcr den Einsatz sind d\u00fcnne Rahmen, die den Flammenbereich minimalistisch abgrenzen und so seine Authentizit\u00e4t und \u00c4sthetik betonen. Das Fehlen einer Frontscheibe verleiht dem Raum Offenheit und Tiefe und vermittelt den Eindruck einer nahen und nat\u00fcrlichen Flamme, wobei gleichzeitig absolute Sicherheit gew\u00e4hrleistet ist. <\/p>\n<p>Eine praktische Option ist die Fernbedienung, mit der Sie Flammen- und Lichteffekte bequem von zu Hause aus steuern k\u00f6nnen. So haben Sie die volle Kontrolle \u00fcber die Atmosph\u00e4re, ohne Ihren Platz verlassen zu m\u00fcssen. <\/p>\n<p>Aber das ist noch nicht alles \u2013 die M\u00f6glichkeit, Kamineins\u00e4tze in Reihe zu schalten, bietet beispiellose Personalisierungsm\u00f6glichkeiten. Durch die Gestaltung eines Kamins mit Breiten von 60, 120, 180, 240 cm oder noch gr\u00f6\u00dfer sind der Gestaltungsspielraum f\u00fcr kreative Gestaltungen unbegrenzt. So k\u00f6nnen Sie eine Kaminkonstruktion schaffen, die perfekt zum Interieur passt, unabh\u00e4ngig von Gr\u00f6\u00dfe und Charakter.  <\/p>\n<p>Zusammenfassend ist der LED-Elektrokamineinsatz ohne Heizfunktion ein Ausdruck von Modernit\u00e4t, Design und Flexibilit\u00e4t. Seine realistische Flamme in drei Farben, der minimalistische Rahmen, der Verzicht auf Frontglas und die Fernbedienung bieten Ihnen einzigartige M\u00f6glichkeiten, eine Lagerfeueratmosph\u00e4re zu schaffen. Durch die Reihenschaltung entsteht eine optisch eindrucksvolle Struktur, deren Breite sich an jeden Raum anpassen l\u00e4sst. Dies ist ein Kamin, der nicht nur eine Quelle der Sch\u00f6nheit ist, sondern auch eine aufregende M\u00f6glichkeit bietet, Ihren individuellen Stil zum Ausdruck zu bringen.   <\/p>\n<\/div>\n<\/div>\n<\/div>\n<p>&nbsp;<\/p>\n<div class=\"feature\">\n<p style=\"text-align: left;\">Technische Zeichnungen<\/p>\n<p><img loading=\"lazy\" decoding=\"async\" class=\"alignnone wp-image-6388 size-full\" src=\"https:\/\/aflamo.shop\/wp-content\/uploads\/2023\/05\/LED_23_NH-1.png\" alt=\"\" width=\"925\" height=\"935\" srcset=\"https:\/\/aflamo.shop\/wp-content\/uploads\/2023\/05\/LED_23_NH-1.png 925w, https:\/\/aflamo.shop\/wp-content\/uploads\/2023\/05\/LED_23_NH-1-100x100.png 100w, https:\/\/aflamo.shop\/wp-content\/uploads\/2023\/05\/LED_23_NH-1-600x606.png 600w, https:\/\/aflamo.shop\/wp-content\/uploads\/2023\/05\/LED_23_NH-1-297x300.png 297w, https:\/\/aflamo.shop\/wp-content\/uploads\/2023\/05\/LED_23_NH-1-768x776.png 768w\" sizes=\"(max-width: 925px) 100vw, 925px\" \/><\/p>\n<p>&nbsp;<\/p>\n<p>&nbsp;<\/p>\n<p>&nbsp;<\/p>\n<p>&nbsp;<\/p>\n<\/div>\n<p>&nbsp;<\/p>\n<p>&nbsp;<\/p>\n<p>&nbsp;<\/p>\n","protected":false},"excerpt":{"rendered":"<p>Hersteller: Aflamo<\/p>\n<p><a href=\"https:\/\/aflamo.shop\/wp-content\/uploads\/2023\/05\/AV-INS23-NH_EN-PL-DE-IT-ES-FR-CS-SK-NL-4.pdf\">Bedienungs- und Sicherheitshinweise<\/a><\/p>\n<p>Einbau \/ Wandmontage<\/p>\n<p>Abmessungen: 60 x 51 x 23 cm<\/p>\n","protected":false},"featured_media":17373,"comment_status":"closed","ping_status":"closed","template":"","meta":[],"product_brand":[],"product_cat":[799,879,801,800,803,984],"product_tag":[],"class_list":{"0":"post-17372","1":"product","2":"type-product","3":"status-publish","4":"has-post-thumbnail","6":"product_cat-aflamo-de","7":"product_cat-dreiseitige-led-elektrokamine","8":"product_cat-eingebaute-led-elektrokamine","9":"product_cat-elektrische-kamine","10":"product_cat-elektrische-led-einsatze","11":"product_cat-led-elektrokamine-ohne-heizfunktion","13":"first","14":"instock","15":"shipping-taxable","16":"purchasable","17":"product-type-simple"},"yoast_head":"<!-- This site is optimized with the Yoast SEO plugin v27.1.1 - https:\/\/yoast.com\/product\/yoast-seo-wordpress\/ -->\n<title>Aflamo LED 60 NH Elektroeinsatz (ohne Heizfunktion) - aflamo.shop-zertifizierter aflamo-H\u00e4ndler<\/title>\n<meta name=\"robots\" content=\"index, follow, max-snippet:-1, max-image-preview:large, max-video-preview:-1\" \/>\n<link rel=\"canonical\" href=\"https:\/\/aflamo.shop\/de\/p\/aflamo-led-60-nh-elektroeinsatz-ohne-heizfunktion\/\" \/>\n<meta property=\"og:locale\" content=\"de_DE\" \/>\n<meta property=\"og:type\" content=\"article\" \/>\n<meta property=\"og:title\" content=\"Aflamo LED 60 NH Elektroeinsatz (ohne Heizfunktion) - aflamo.shop-zertifizierter aflamo-H\u00e4ndler\" \/>\n<meta property=\"og:description\" content=\"Hersteller: Aflamo Bedienungs- und Sicherheitshinweise Einbau \/ Wandmontage Abmessungen: 60 x 51 x 23 cm\" \/>\n<meta property=\"og:url\" content=\"https:\/\/aflamo.shop\/de\/p\/aflamo-led-60-nh-elektroeinsatz-ohne-heizfunktion\/\" \/>\n<meta property=\"og:site_name\" content=\"aflamo.shop-zertifizierter aflamo-H\u00e4ndler\" \/>\n<meta property=\"og:image\" content=\"https:\/\/aflamo.shop\/wp-content\/uploads\/2023\/05\/aflamo-led-60-nh-bez-grzania-9_sq.jpg\" \/>\n\t<meta property=\"og:image:width\" content=\"2248\" \/>\n\t<meta property=\"og:image:height\" content=\"2248\" \/>\n\t<meta property=\"og:image:type\" content=\"image\/jpeg\" \/>\n<meta name=\"twitter:card\" content=\"summary_large_image\" \/>\n<meta name=\"twitter:label1\" content=\"Gesch\u00e4tzte Lesezeit\" \/>\n\t<meta name=\"twitter:data1\" content=\"3\u00a0Minuten\" \/>\n<script type=\"application\/ld+json\" class=\"yoast-schema-graph\">{\"@context\":\"https:\/\/schema.org\",\"@graph\":[{\"@type\":\"WebPage\",\"@id\":\"https:\/\/aflamo.shop\/de\/p\/aflamo-led-60-nh-elektroeinsatz-ohne-heizfunktion\/\",\"url\":\"https:\/\/aflamo.shop\/de\/p\/aflamo-led-60-nh-elektroeinsatz-ohne-heizfunktion\/\",\"name\":\"Aflamo LED 60 NH Elektroeinsatz (ohne Heizfunktion) - aflamo.shop-zertifizierter aflamo-H\u00e4ndler\",\"isPartOf\":{\"@id\":\"https:\/\/aflamo.shop\/de\/#website\"},\"primaryImageOfPage\":{\"@id\":\"https:\/\/aflamo.shop\/de\/p\/aflamo-led-60-nh-elektroeinsatz-ohne-heizfunktion\/#primaryimage\"},\"image\":{\"@id\":\"https:\/\/aflamo.shop\/de\/p\/aflamo-led-60-nh-elektroeinsatz-ohne-heizfunktion\/#primaryimage\"},\"thumbnailUrl\":\"https:\/\/aflamo.shop\/wp-content\/uploads\/2023\/05\/aflamo-led-60-nh-bez-grzania-9_sq.jpg\",\"datePublished\":\"2023-05-30T08:48:48+00:00\",\"breadcrumb\":{\"@id\":\"https:\/\/aflamo.shop\/de\/p\/aflamo-led-60-nh-elektroeinsatz-ohne-heizfunktion\/#breadcrumb\"},\"inLanguage\":\"de\",\"potentialAction\":[{\"@type\":\"ReadAction\",\"target\":[\"https:\/\/aflamo.shop\/de\/p\/aflamo-led-60-nh-elektroeinsatz-ohne-heizfunktion\/\"]}]},{\"@type\":\"ImageObject\",\"inLanguage\":\"de\",\"@id\":\"https:\/\/aflamo.shop\/de\/p\/aflamo-led-60-nh-elektroeinsatz-ohne-heizfunktion\/#primaryimage\",\"url\":\"https:\/\/aflamo.shop\/wp-content\/uploads\/2023\/05\/aflamo-led-60-nh-bez-grzania-9_sq.jpg\",\"contentUrl\":\"https:\/\/aflamo.shop\/wp-content\/uploads\/2023\/05\/aflamo-led-60-nh-bez-grzania-9_sq.jpg\",\"width\":2248,\"height\":2248},{\"@type\":\"BreadcrumbList\",\"@id\":\"https:\/\/aflamo.shop\/de\/p\/aflamo-led-60-nh-elektroeinsatz-ohne-heizfunktion\/#breadcrumb\",\"itemListElement\":[{\"@type\":\"ListItem\",\"position\":1,\"name\":\"Strona g\u0142\u00f3wna\",\"item\":\"https:\/\/aflamo.shop\/de\/startseite\/\"},{\"@type\":\"ListItem\",\"position\":2,\"name\":\"Shop\",\"item\":\"https:\/\/aflamo.shop\/shop\/\"},{\"@type\":\"ListItem\",\"position\":3,\"name\":\"Elektrische Kamine\",\"item\":\"https:\/\/aflamo.shop\/de\/s\/elektrische-kamine\/\"},{\"@type\":\"ListItem\",\"position\":4,\"name\":\"Dreiseitige LED-Elektrokamine\",\"item\":\"https:\/\/aflamo.shop\/de\/s\/elektrische-kamine\/dreiseitige-led-elektrokamine\/\"},{\"@type\":\"ListItem\",\"position\":5,\"name\":\"Aflamo LED 60 NH Elektroeinsatz (ohne Heizfunktion)\"}]},{\"@type\":\"WebSite\",\"@id\":\"https:\/\/aflamo.shop\/de\/#website\",\"url\":\"https:\/\/aflamo.shop\/de\/\",\"name\":\"aflamo.shop-zertifizierter aflamo-H\u00e4ndler\",\"description\":\"Kominki elektryczne Aflamo i Emotion Flame z funkcj\u0105 grzania\",\"potentialAction\":[{\"@type\":\"SearchAction\",\"target\":{\"@type\":\"EntryPoint\",\"urlTemplate\":\"https:\/\/aflamo.shop\/de\/?s={search_term_string}\"},\"query-input\":{\"@type\":\"PropertyValueSpecification\",\"valueRequired\":true,\"valueName\":\"search_term_string\"}}],\"inLanguage\":\"de\"}]}<\/script>\n<!-- \/ Yoast SEO plugin. -->","yoast_head_json":{"title":"Aflamo LED 60 NH Elektroeinsatz (ohne Heizfunktion) - aflamo.shop-zertifizierter aflamo-H\u00e4ndler","robots":{"index":"index","follow":"follow","max-snippet":"max-snippet:-1","max-image-preview":"max-image-preview:large","max-video-preview":"max-video-preview:-1"},"canonical":"https:\/\/aflamo.shop\/de\/p\/aflamo-led-60-nh-elektroeinsatz-ohne-heizfunktion\/","og_locale":"de_DE","og_type":"article","og_title":"Aflamo LED 60 NH Elektroeinsatz (ohne Heizfunktion) - aflamo.shop-zertifizierter aflamo-H\u00e4ndler","og_description":"Hersteller: Aflamo Bedienungs- und Sicherheitshinweise Einbau \/ Wandmontage Abmessungen: 60 x 51 x 23 cm","og_url":"https:\/\/aflamo.shop\/de\/p\/aflamo-led-60-nh-elektroeinsatz-ohne-heizfunktion\/","og_site_name":"aflamo.shop-zertifizierter aflamo-H\u00e4ndler","og_image":[{"width":2248,"height":2248,"url":"https:\/\/aflamo.shop\/wp-content\/uploads\/2023\/05\/aflamo-led-60-nh-bez-grzania-9_sq.jpg","type":"image\/jpeg"}],"twitter_card":"summary_large_image","twitter_misc":{"Gesch\u00e4tzte Lesezeit":"3\u00a0Minuten"},"schema":{"@context":"https:\/\/schema.org","@graph":[{"@type":"WebPage","@id":"https:\/\/aflamo.shop\/de\/p\/aflamo-led-60-nh-elektroeinsatz-ohne-heizfunktion\/","url":"https:\/\/aflamo.shop\/de\/p\/aflamo-led-60-nh-elektroeinsatz-ohne-heizfunktion\/","name":"Aflamo LED 60 NH Elektroeinsatz (ohne Heizfunktion) - aflamo.shop-zertifizierter aflamo-H\u00e4ndler","isPartOf":{"@id":"https:\/\/aflamo.shop\/de\/#website"},"primaryImageOfPage":{"@id":"https:\/\/aflamo.shop\/de\/p\/aflamo-led-60-nh-elektroeinsatz-ohne-heizfunktion\/#primaryimage"},"image":{"@id":"https:\/\/aflamo.shop\/de\/p\/aflamo-led-60-nh-elektroeinsatz-ohne-heizfunktion\/#primaryimage"},"thumbnailUrl":"https:\/\/aflamo.shop\/wp-content\/uploads\/2023\/05\/aflamo-led-60-nh-bez-grzania-9_sq.jpg","datePublished":"2023-05-30T08:48:48+00:00","breadcrumb":{"@id":"https:\/\/aflamo.shop\/de\/p\/aflamo-led-60-nh-elektroeinsatz-ohne-heizfunktion\/#breadcrumb"},"inLanguage":"de","potentialAction":[{"@type":"ReadAction","target":["https:\/\/aflamo.shop\/de\/p\/aflamo-led-60-nh-elektroeinsatz-ohne-heizfunktion\/"]}]},{"@type":"ImageObject","inLanguage":"de","@id":"https:\/\/aflamo.shop\/de\/p\/aflamo-led-60-nh-elektroeinsatz-ohne-heizfunktion\/#primaryimage","url":"https:\/\/aflamo.shop\/wp-content\/uploads\/2023\/05\/aflamo-led-60-nh-bez-grzania-9_sq.jpg","contentUrl":"https:\/\/aflamo.shop\/wp-content\/uploads\/2023\/05\/aflamo-led-60-nh-bez-grzania-9_sq.jpg","width":2248,"height":2248},{"@type":"BreadcrumbList","@id":"https:\/\/aflamo.shop\/de\/p\/aflamo-led-60-nh-elektroeinsatz-ohne-heizfunktion\/#breadcrumb","itemListElement":[{"@type":"ListItem","position":1,"name":"Strona g\u0142\u00f3wna","item":"https:\/\/aflamo.shop\/de\/startseite\/"},{"@type":"ListItem","position":2,"name":"Shop","item":"https:\/\/aflamo.shop\/shop\/"},{"@type":"ListItem","position":3,"name":"Elektrische Kamine","item":"https:\/\/aflamo.shop\/de\/s\/elektrische-kamine\/"},{"@type":"ListItem","position":4,"name":"Dreiseitige LED-Elektrokamine","item":"https:\/\/aflamo.shop\/de\/s\/elektrische-kamine\/dreiseitige-led-elektrokamine\/"},{"@type":"ListItem","position":5,"name":"Aflamo LED 60 NH Elektroeinsatz (ohne Heizfunktion)"}]},{"@type":"WebSite","@id":"https:\/\/aflamo.shop\/de\/#website","url":"https:\/\/aflamo.shop\/de\/","name":"aflamo.shop-zertifizierter aflamo-H\u00e4ndler","description":"Kominki elektryczne Aflamo i Emotion Flame z funkcj\u0105 grzania","potentialAction":[{"@type":"SearchAction","target":{"@type":"EntryPoint","urlTemplate":"https:\/\/aflamo.shop\/de\/?s={search_term_string}"},"query-input":{"@type":"PropertyValueSpecification","valueRequired":true,"valueName":"search_term_string"}}],"inLanguage":"de"}]}},"_links":{"self":[{"href":"https:\/\/aflamo.shop\/de\/wp-json\/wp\/v2\/product\/17372","targetHints":{"allow":["GET"]}}],"collection":[{"href":"https:\/\/aflamo.shop\/de\/wp-json\/wp\/v2\/product"}],"about":[{"href":"https:\/\/aflamo.shop\/de\/wp-json\/wp\/v2\/types\/product"}],"replies":[{"embeddable":true,"href":"https:\/\/aflamo.shop\/de\/wp-json\/wp\/v2\/comments?post=17372"}],"wp:featuredmedia":[{"embeddable":true,"href":"https:\/\/aflamo.shop\/de\/wp-json\/wp\/v2\/media\/17373"}],"wp:attachment":[{"href":"https:\/\/aflamo.shop\/de\/wp-json\/wp\/v2\/media?parent=17372"}],"wp:term":[{"taxonomy":"product_brand","embeddable":true,"href":"https:\/\/aflamo.shop\/de\/wp-json\/wp\/v2\/product_brand?post=17372"},{"taxonomy":"product_cat","embeddable":true,"href":"https:\/\/aflamo.shop\/de\/wp-json\/wp\/v2\/product_cat?post=17372"},{"taxonomy":"product_tag","embeddable":true,"href":"https:\/\/aflamo.shop\/de\/wp-json\/wp\/v2\/product_tag?post=17372"}],"curies":[{"name":"wp","href":"https:\/\/api.w.org\/{rel}","templated":true}]}}