{"id":17362,"date":"2023-05-30T12:14:00","date_gmt":"2023-05-30T12:14:00","guid":{"rendered":"https:\/\/aflamo.shop\/p\/freistehender-led-kamin-aflamo-cortez\/"},"modified":"2023-05-30T12:14:00","modified_gmt":"2023-05-30T12:14:00","slug":"freistehender-led-kamin-aflamo-cortez","status":"publish","type":"product","link":"https:\/\/aflamo.shop\/de\/p\/freistehender-led-kamin-aflamo-cortez\/","title":{"rendered":"Freistehender LED-Kamin Aflamo Cortez"},"content":{"rendered":"<p><iframe title=\"YouTube-Video-Player\" src=\"https:\/\/www.youtube.com\/embed\/LqfeKG3FuJk\" width=\"560\" height=\"315\" frameborder=\"0\" allowfullscreen=\"allowfullscreen\"><\/iframe><\/p>\n<h3><\/h3>\n<h3><strong>Eigenschaften des Kamins<img fetchpriority=\"high\" decoding=\"async\" class=\"alignright wp-image-6887 \" src=\"https:\/\/aflamo.shop\/wp-content\/uploads\/2023\/05\/cortez-1-264x300.jpg\" alt=\"\" width=\"348\" height=\"395\" srcset=\"https:\/\/aflamo.shop\/wp-content\/uploads\/2023\/05\/cortez-1-264x300.jpg 264w, https:\/\/aflamo.shop\/wp-content\/uploads\/2023\/05\/cortez-1-600x683.jpg 600w, https:\/\/aflamo.shop\/wp-content\/uploads\/2023\/05\/cortez-1-900x1024.jpg 900w, https:\/\/aflamo.shop\/wp-content\/uploads\/2023\/05\/cortez-1-768x874.jpg 768w, https:\/\/aflamo.shop\/wp-content\/uploads\/2023\/05\/cortez-1-1349x1536.jpg 1349w, https:\/\/aflamo.shop\/wp-content\/uploads\/2023\/05\/cortez-1.jpg 1799w\" sizes=\"(max-width: 348px) 100vw, 348px\" \/><br \/>\n<\/strong><\/h3>\n<p>&nbsp;<\/p>\n<ul>\n<li>Freistehender Kamin, Ofen<\/li>\n<li>Schwarzes Stahlgeh\u00e4use<\/li>\n<\/ul>\n<h3><\/h3>\n<p>&nbsp;<\/p>\n<h3><\/h3>\n<p>&nbsp;<\/p>\n<h3><strong>Heizung<\/strong><\/h3>\n<p>&nbsp;<\/p>\n<p>Die flammenunabh\u00e4ngige Heizung erm\u00f6glicht es Ihnen, den Kamin das ganze Jahr \u00fcber zu benutzen, auch an hei\u00dfen Tagen.<br \/>\nSie k\u00f6nnen die Heizung jederzeit ein- oder ausschalten.<\/p>\n<p>&nbsp;<\/p>\n<ul>\n<li>2 Heizleistungsstufen: 750W \/ 1600W<\/li>\n<li>\u00dcberhitzungsschutz<\/li>\n<\/ul>\n<h3><\/h3>\n<h3><\/h3>\n<div class=\"col-12 col-md-6 cecha-col naprzemienne-txt naprzemienne-opis\">\n<h6><strong>Kontrolle<\/strong><br \/>\nSteuerung \u00fcber Tasten am Kamin:<\/h6>\n<ul>\n<li>Ein-\/Ausschalten des Kamins<\/li>\n<li>Heizung ein-\/ausschalten<\/li>\n<li>Heizleistungsstufe w\u00e4hlen<\/li>\n<\/ul>\n<\/div>\n<h3><\/h3>\n<h3><\/h3>\n<p>&nbsp;<\/p>\n<h3><strong>Technische Daten<\/strong><\/h3>\n<p>&nbsp;<\/p>\n<table width=\"548\" cellspacing=\"0\" cellpadding=\"2\">\n<tbody>\n<tr>\n<td width=\"216\">Flammeneffekt<\/td>\n<td width=\"324\">LED<\/td>\n<\/tr>\n<tr>\n<td width=\"216\">Mobile Anwendung<\/td>\n<td width=\"324\">nicht<\/td>\n<\/tr>\n<tr>\n<td width=\"216\">Fernbedienung<\/td>\n<td width=\"324\">nein<\/td>\n<\/tr>\n<tr>\n<td width=\"216\">Farbe\/Finish<\/td>\n<td width=\"324\">czarny<\/td>\n<\/tr>\n<tr>\n<td width=\"216\">Timer<\/td>\n<td width=\"324\">nein<\/td>\n<\/tr>\n<tr>\n<td width=\"216\">W\u00f6chentlicher Programmierer<\/td>\n<td width=\"324\">nein<\/td>\n<\/tr>\n<tr>\n<td width=\"216\">Heizfunktion<\/td>\n<td width=\"324\">ja<\/td>\n<\/tr>\n<tr>\n<td width=\"216\">Flamme unabh\u00e4ngig von der Heizfunktion<\/td>\n<td width=\"324\">ja<\/td>\n<\/tr>\n<tr>\n<td width=\"216\">Heizleistung\n<\/td>\n<td width=\"324\">750 \/ 1600 W<\/td>\n<\/tr>\n<tr>\n<td width=\"216\">Temperaturkontrolle<\/td>\n<td width=\"324\">&#8211;<\/td>\n<\/tr>\n<tr>\n<td width=\"216\">\u00dcberhitzungsschutz\n<\/td>\n<td width=\"324\">&#8211;<\/td>\n<\/tr>\n<tr>\n<td width=\"216\">Thermostat<\/td>\n<td width=\"324\">&#8211;<\/td>\n<\/tr>\n<tr>\n<td width=\"216\">Flamme<\/p>\n<p>Feuerstelle<\/td>\n<td width=\"324\">1 Flamme Farbe-orange<\/p>\n<p>Glade<\/td>\n<\/tr>\n<tr>\n<td width=\"216\">Garantie<\/td>\n<td width=\"324\">2 Jahre<\/td>\n<\/tr>\n<tr>\n<td width=\"216\">L\u00e4nge des Netzkabels<\/td>\n<td width=\"324\">1,8 m<\/td>\n<\/tr>\n<tr>\n<td width=\"216\">Spannung<\/td>\n<td width=\"324\">220 V<\/td>\n<\/tr>\n<\/tbody>\n<\/table>\n<p>&nbsp;<\/p>\n<div class=\"flex flex-grow flex-col gap-3\">\n<div class=\"min-h-[20px] flex flex-col items-start gap-3 overflow-x-auto whitespace-pre-wrap break-words\">\n<div class=\"markdown prose w-full break-words dark:prose-invert light\">\n<p>Der freistehende LED-Elektrokamin namens Cortez ist eine bestechende Kombination aus Eleganz, Innovation und Funktionalit\u00e4t, die dem Interieur einen einzigartigen Charakter und Charme verleiht. Sein schwarzes Stahlgeh\u00e4use bietet nicht nur eine robuste Basis f\u00fcr technologische Elemente, sondern verleiht der Anordnung auch Tiefe und Kontrast. <\/p>\n<p>Der Cortez-Kamin verf\u00fcgt \u00fcber ein fortschrittliches LED-System, das realistische Flammeneffekte erzeugt. Durch die Unabh\u00e4ngigkeit der Flamme von der Heizfunktion ist die Nutzung des Kamins ganzj\u00e4hrig und unabh\u00e4ngig von der Au\u00dfentemperatur m\u00f6glich. Auch an hei\u00dfen Tagen k\u00f6nnen Sie die Sch\u00f6nheit eines brennenden Feuers genie\u00dfen, das eine zauberhafte Atmosph\u00e4re schafft, ohne die Temperatur im Raum zu erh\u00f6hen.  <\/p>\n<p>Sein Design dr\u00fcckt minimalistische Eleganz aus und das schwarze Stahlgeh\u00e4use verleiht ihm ein edles Aussehen. Cortez wird zum Mittelpunkt jedes Interieurs und zieht mit seinem Charme und seiner au\u00dfergew\u00f6hnlichen Wirkung die Blicke auf sich. Es ist mehr als nur ein Kamin \u2013 es ist ein k\u00fcnstlerisches Element, das dem Raum Charakter und tiefe \u00c4sthetik verleiht.  <\/p>\n<p>Mit einer von der Heizung unabh\u00e4ngigen Flamme erm\u00f6glicht Cortez Ihnen, den Charme eines Kamins zu genie\u00dfen, ohne die Heizfunktion nutzen zu m\u00fcssen. Dadurch l\u00e4sst sich die Raumatmosph\u00e4re individuell an die eigenen Vorlieben und Bed\u00fcrfnisse anpassen und ist somit eine vielseitige Erg\u00e4nzung der Inneneinrichtung an kalten wie auch an warmen Tagen. <\/p>\n<p>Zusammenfassend l\u00e4sst sich sagen, dass der elektrische Kamin Cortez LED eine Kombination aus \u00c4sthetik, Technologie und Funktionalit\u00e4t ist. Sein schwarzes Stahlgeh\u00e4use bildet einen Kontrast zum realistischen Flammenbild und die von der Heizung unabh\u00e4ngige Flamme erm\u00f6glicht Ihnen die ganzj\u00e4hrige Nutzung des Kamins. Es ist nicht nur ein Ger\u00e4t, sondern auch eine Quelle der Magie und W\u00e4rme, die die Aufmerksamkeit auf sich zieht und in jedem Interieur eine einzigartige Atmosph\u00e4re schafft.  <\/p>\n<\/div>\n<\/div>\n<\/div>\n<p>&nbsp;<\/p>\n<h6><strong>Technische Zeichnung<\/strong><\/h6>\n<p>&nbsp;<\/p>\n<p><img decoding=\"async\" class=\"alignright wp-image-6893 size-full\" src=\"https:\/\/aflamo.shop\/wp-content\/uploads\/2023\/05\/Cortez.png\" alt=\"\" width=\"1700\" height=\"1589\" srcset=\"https:\/\/aflamo.shop\/wp-content\/uploads\/2023\/05\/Cortez.png 1700w, https:\/\/aflamo.shop\/wp-content\/uploads\/2023\/05\/Cortez-600x561.png 600w, https:\/\/aflamo.shop\/wp-content\/uploads\/2023\/05\/Cortez-300x280.png 300w, https:\/\/aflamo.shop\/wp-content\/uploads\/2023\/05\/Cortez-1024x957.png 1024w, https:\/\/aflamo.shop\/wp-content\/uploads\/2023\/05\/Cortez-768x718.png 768w, https:\/\/aflamo.shop\/wp-content\/uploads\/2023\/05\/Cortez-1536x1436.png 1536w\" sizes=\"(max-width: 1700px) 100vw, 1700px\" \/><\/p>\n<p>&nbsp;<\/p>\n<p>&nbsp;<\/p>\n","protected":false},"excerpt":{"rendered":"<p>Hersteller: Aflamo<\/p>\n<p><a href=\"https:\/\/aflamo.shop\/wp-content\/uploads\/2023\/05\/Cortez_EN-PL.pdf\">Bedienungs- und Sicherheitshinweise<\/a><\/p>\n<p>Abmessungen: 56 x 52 x 22 cm<\/p>\n","protected":false},"featured_media":22392,"comment_status":"open","ping_status":"closed","template":"","meta":[],"product_brand":[],"product_cat":[799,800,834],"product_tag":[],"class_list":{"0":"post-17362","1":"product","2":"type-product","3":"status-publish","4":"has-post-thumbnail","6":"product_cat-aflamo-de","7":"product_cat-elektrische-kamine","8":"product_cat-freistehende-led-kamine","10":"first","11":"instock","12":"shipping-taxable","13":"purchasable","14":"product-type-simple"},"yoast_head":"<!-- This site is optimized with the Yoast SEO plugin v27.1.1 - https:\/\/yoast.com\/product\/yoast-seo-wordpress\/ -->\n<title>Freistehender LED-Kamin Aflamo Cortez - aflamo.shop-zertifizierter aflamo-H\u00e4ndler<\/title>\n<meta name=\"robots\" content=\"index, follow, max-snippet:-1, max-image-preview:large, max-video-preview:-1\" \/>\n<link rel=\"canonical\" href=\"https:\/\/aflamo.shop\/de\/p\/freistehender-led-kamin-aflamo-cortez\/\" \/>\n<meta property=\"og:locale\" content=\"de_DE\" \/>\n<meta property=\"og:type\" content=\"article\" \/>\n<meta property=\"og:title\" content=\"Freistehender LED-Kamin Aflamo Cortez - aflamo.shop-zertifizierter aflamo-H\u00e4ndler\" \/>\n<meta property=\"og:description\" content=\"Hersteller: Aflamo Bedienungs- und Sicherheitshinweise Abmessungen: 56 x 52 x 22 cm\" \/>\n<meta property=\"og:url\" content=\"https:\/\/aflamo.shop\/de\/p\/freistehender-led-kamin-aflamo-cortez\/\" \/>\n<meta property=\"og:site_name\" content=\"aflamo.shop-zertifizierter aflamo-H\u00e4ndler\" \/>\n<meta property=\"og:image\" content=\"https:\/\/aflamo.shop\/wp-content\/uploads\/2023\/05\/cortez.jpg\" \/>\n\t<meta property=\"og:image:width\" content=\"2048\" \/>\n\t<meta property=\"og:image:height\" content=\"1943\" \/>\n\t<meta property=\"og:image:type\" content=\"image\/jpeg\" \/>\n<meta name=\"twitter:card\" content=\"summary_large_image\" \/>\n<meta name=\"twitter:label1\" content=\"Gesch\u00e4tzte Lesezeit\" \/>\n\t<meta name=\"twitter:data1\" content=\"2\u00a0Minuten\" \/>\n<script type=\"application\/ld+json\" class=\"yoast-schema-graph\">{\"@context\":\"https:\/\/schema.org\",\"@graph\":[{\"@type\":\"WebPage\",\"@id\":\"https:\/\/aflamo.shop\/de\/p\/freistehender-led-kamin-aflamo-cortez\/\",\"url\":\"https:\/\/aflamo.shop\/de\/p\/freistehender-led-kamin-aflamo-cortez\/\",\"name\":\"Freistehender LED-Kamin Aflamo Cortez - aflamo.shop-zertifizierter aflamo-H\u00e4ndler\",\"isPartOf\":{\"@id\":\"https:\/\/aflamo.shop\/de\/#website\"},\"primaryImageOfPage\":{\"@id\":\"https:\/\/aflamo.shop\/de\/p\/freistehender-led-kamin-aflamo-cortez\/#primaryimage\"},\"image\":{\"@id\":\"https:\/\/aflamo.shop\/de\/p\/freistehender-led-kamin-aflamo-cortez\/#primaryimage\"},\"thumbnailUrl\":\"https:\/\/aflamo.shop\/wp-content\/uploads\/2023\/05\/Projekt-bez-nazwy69.png\",\"datePublished\":\"2023-05-30T12:14:00+00:00\",\"breadcrumb\":{\"@id\":\"https:\/\/aflamo.shop\/de\/p\/freistehender-led-kamin-aflamo-cortez\/#breadcrumb\"},\"inLanguage\":\"de\",\"potentialAction\":[{\"@type\":\"ReadAction\",\"target\":[\"https:\/\/aflamo.shop\/de\/p\/freistehender-led-kamin-aflamo-cortez\/\"]}]},{\"@type\":\"ImageObject\",\"inLanguage\":\"de\",\"@id\":\"https:\/\/aflamo.shop\/de\/p\/freistehender-led-kamin-aflamo-cortez\/#primaryimage\",\"url\":\"https:\/\/aflamo.shop\/wp-content\/uploads\/2023\/05\/Projekt-bez-nazwy69.png\",\"contentUrl\":\"https:\/\/aflamo.shop\/wp-content\/uploads\/2023\/05\/Projekt-bez-nazwy69.png\",\"width\":2048,\"height\":2048},{\"@type\":\"BreadcrumbList\",\"@id\":\"https:\/\/aflamo.shop\/de\/p\/freistehender-led-kamin-aflamo-cortez\/#breadcrumb\",\"itemListElement\":[{\"@type\":\"ListItem\",\"position\":1,\"name\":\"Strona g\u0142\u00f3wna\",\"item\":\"https:\/\/aflamo.shop\/de\/startseite\/\"},{\"@type\":\"ListItem\",\"position\":2,\"name\":\"Shop\",\"item\":\"https:\/\/aflamo.shop\/shop\/\"},{\"@type\":\"ListItem\",\"position\":3,\"name\":\"Elektrische Kamine\",\"item\":\"https:\/\/aflamo.shop\/de\/s\/elektrische-kamine\/\"},{\"@type\":\"ListItem\",\"position\":4,\"name\":\"Freistehende LED-Kamine\",\"item\":\"https:\/\/aflamo.shop\/de\/s\/elektrische-kamine\/freistehende-led-kamine\/\"},{\"@type\":\"ListItem\",\"position\":5,\"name\":\"Freistehender LED-Kamin Aflamo Cortez\"}]},{\"@type\":\"WebSite\",\"@id\":\"https:\/\/aflamo.shop\/de\/#website\",\"url\":\"https:\/\/aflamo.shop\/de\/\",\"name\":\"aflamo.shop-zertifizierter aflamo-H\u00e4ndler\",\"description\":\"Kominki elektryczne Aflamo i Emotion Flame z funkcj\u0105 grzania\",\"potentialAction\":[{\"@type\":\"SearchAction\",\"target\":{\"@type\":\"EntryPoint\",\"urlTemplate\":\"https:\/\/aflamo.shop\/de\/?s={search_term_string}\"},\"query-input\":{\"@type\":\"PropertyValueSpecification\",\"valueRequired\":true,\"valueName\":\"search_term_string\"}}],\"inLanguage\":\"de\"}]}<\/script>\n<!-- \/ Yoast SEO plugin. -->","yoast_head_json":{"title":"Freistehender LED-Kamin Aflamo Cortez - aflamo.shop-zertifizierter aflamo-H\u00e4ndler","robots":{"index":"index","follow":"follow","max-snippet":"max-snippet:-1","max-image-preview":"max-image-preview:large","max-video-preview":"max-video-preview:-1"},"canonical":"https:\/\/aflamo.shop\/de\/p\/freistehender-led-kamin-aflamo-cortez\/","og_locale":"de_DE","og_type":"article","og_title":"Freistehender LED-Kamin Aflamo Cortez - aflamo.shop-zertifizierter aflamo-H\u00e4ndler","og_description":"Hersteller: Aflamo Bedienungs- und Sicherheitshinweise Abmessungen: 56 x 52 x 22 cm","og_url":"https:\/\/aflamo.shop\/de\/p\/freistehender-led-kamin-aflamo-cortez\/","og_site_name":"aflamo.shop-zertifizierter aflamo-H\u00e4ndler","og_image":[{"width":2048,"height":1943,"url":"https:\/\/aflamo.shop\/wp-content\/uploads\/2023\/05\/cortez.jpg","type":"image\/jpeg"}],"twitter_card":"summary_large_image","twitter_misc":{"Gesch\u00e4tzte Lesezeit":"2\u00a0Minuten"},"schema":{"@context":"https:\/\/schema.org","@graph":[{"@type":"WebPage","@id":"https:\/\/aflamo.shop\/de\/p\/freistehender-led-kamin-aflamo-cortez\/","url":"https:\/\/aflamo.shop\/de\/p\/freistehender-led-kamin-aflamo-cortez\/","name":"Freistehender LED-Kamin Aflamo Cortez - aflamo.shop-zertifizierter aflamo-H\u00e4ndler","isPartOf":{"@id":"https:\/\/aflamo.shop\/de\/#website"},"primaryImageOfPage":{"@id":"https:\/\/aflamo.shop\/de\/p\/freistehender-led-kamin-aflamo-cortez\/#primaryimage"},"image":{"@id":"https:\/\/aflamo.shop\/de\/p\/freistehender-led-kamin-aflamo-cortez\/#primaryimage"},"thumbnailUrl":"https:\/\/aflamo.shop\/wp-content\/uploads\/2023\/05\/Projekt-bez-nazwy69.png","datePublished":"2023-05-30T12:14:00+00:00","breadcrumb":{"@id":"https:\/\/aflamo.shop\/de\/p\/freistehender-led-kamin-aflamo-cortez\/#breadcrumb"},"inLanguage":"de","potentialAction":[{"@type":"ReadAction","target":["https:\/\/aflamo.shop\/de\/p\/freistehender-led-kamin-aflamo-cortez\/"]}]},{"@type":"ImageObject","inLanguage":"de","@id":"https:\/\/aflamo.shop\/de\/p\/freistehender-led-kamin-aflamo-cortez\/#primaryimage","url":"https:\/\/aflamo.shop\/wp-content\/uploads\/2023\/05\/Projekt-bez-nazwy69.png","contentUrl":"https:\/\/aflamo.shop\/wp-content\/uploads\/2023\/05\/Projekt-bez-nazwy69.png","width":2048,"height":2048},{"@type":"BreadcrumbList","@id":"https:\/\/aflamo.shop\/de\/p\/freistehender-led-kamin-aflamo-cortez\/#breadcrumb","itemListElement":[{"@type":"ListItem","position":1,"name":"Strona g\u0142\u00f3wna","item":"https:\/\/aflamo.shop\/de\/startseite\/"},{"@type":"ListItem","position":2,"name":"Shop","item":"https:\/\/aflamo.shop\/shop\/"},{"@type":"ListItem","position":3,"name":"Elektrische Kamine","item":"https:\/\/aflamo.shop\/de\/s\/elektrische-kamine\/"},{"@type":"ListItem","position":4,"name":"Freistehende LED-Kamine","item":"https:\/\/aflamo.shop\/de\/s\/elektrische-kamine\/freistehende-led-kamine\/"},{"@type":"ListItem","position":5,"name":"Freistehender LED-Kamin Aflamo Cortez"}]},{"@type":"WebSite","@id":"https:\/\/aflamo.shop\/de\/#website","url":"https:\/\/aflamo.shop\/de\/","name":"aflamo.shop-zertifizierter aflamo-H\u00e4ndler","description":"Kominki elektryczne Aflamo i Emotion Flame z funkcj\u0105 grzania","potentialAction":[{"@type":"SearchAction","target":{"@type":"EntryPoint","urlTemplate":"https:\/\/aflamo.shop\/de\/?s={search_term_string}"},"query-input":{"@type":"PropertyValueSpecification","valueRequired":true,"valueName":"search_term_string"}}],"inLanguage":"de"}]}},"_links":{"self":[{"href":"https:\/\/aflamo.shop\/de\/wp-json\/wp\/v2\/product\/17362","targetHints":{"allow":["GET"]}}],"collection":[{"href":"https:\/\/aflamo.shop\/de\/wp-json\/wp\/v2\/product"}],"about":[{"href":"https:\/\/aflamo.shop\/de\/wp-json\/wp\/v2\/types\/product"}],"replies":[{"embeddable":true,"href":"https:\/\/aflamo.shop\/de\/wp-json\/wp\/v2\/comments?post=17362"}],"wp:featuredmedia":[{"embeddable":true,"href":"https:\/\/aflamo.shop\/de\/wp-json\/wp\/v2\/media\/22392"}],"wp:attachment":[{"href":"https:\/\/aflamo.shop\/de\/wp-json\/wp\/v2\/media?parent=17362"}],"wp:term":[{"taxonomy":"product_brand","embeddable":true,"href":"https:\/\/aflamo.shop\/de\/wp-json\/wp\/v2\/product_brand?post=17362"},{"taxonomy":"product_cat","embeddable":true,"href":"https:\/\/aflamo.shop\/de\/wp-json\/wp\/v2\/product_cat?post=17362"},{"taxonomy":"product_tag","embeddable":true,"href":"https:\/\/aflamo.shop\/de\/wp-json\/wp\/v2\/product_tag?post=17362"}],"curies":[{"name":"wp","href":"https:\/\/api.w.org\/{rel}","templated":true}]}}