{"id":17354,"date":"2023-05-30T12:26:51","date_gmt":"2023-05-30T12:26:51","guid":{"rendered":"https:\/\/aflamo.shop\/p\/freistehender-led-kamin-aflamo-hoover\/"},"modified":"2023-05-30T12:26:51","modified_gmt":"2023-05-30T12:26:51","slug":"freistehender-led-kamin-aflamo-hoover","status":"publish","type":"product","link":"https:\/\/aflamo.shop\/de\/p\/freistehender-led-kamin-aflamo-hoover\/","title":{"rendered":"Freistehender LED-Kamin Aflamo Hoover"},"content":{"rendered":"<h3><\/h3>\n<h3><strong>Eigenschaften des Kamins<img fetchpriority=\"high\" decoding=\"async\" class=\"alignright wp-image-6948 \" src=\"https:\/\/aflamo.shop\/wp-content\/uploads\/2023\/05\/hoover-1-195x300.jpg\" alt=\"\" width=\"264\" height=\"406\" srcset=\"https:\/\/aflamo.shop\/wp-content\/uploads\/2023\/05\/hoover-1-195x300.jpg 195w, https:\/\/aflamo.shop\/wp-content\/uploads\/2023\/05\/hoover-1-600x923.jpg 600w, https:\/\/aflamo.shop\/wp-content\/uploads\/2023\/05\/hoover-1.jpg 666w\" sizes=\"(max-width: 264px) 100vw, 264px\" \/><br \/>\n<\/strong><\/h3>\n<p>&nbsp;<\/p>\n<ul>\n<li>Freistehender Kamin, Ofen<\/li>\n<li>Schwarzes Stahlgeh\u00e4use<\/li>\n<\/ul>\n<h3><\/h3>\n<p>&nbsp;<\/p>\n<h3><strong>Heizung<\/strong><\/h3>\n<p>&nbsp;<\/p>\n<p>Die flammenunabh\u00e4ngige Heizung erm\u00f6glicht es Ihnen, den Kamin das ganze Jahr \u00fcber zu benutzen, auch an hei\u00dfen Tagen.<br \/>\nSie k\u00f6nnen die Heizung jederzeit ein- oder ausschalten.<\/p>\n<ul>\n<li>2 Heizleistungsstufen: 900W \/ 1950W<\/li>\n<li>\u00dcberhitzungsschutz<\/li>\n<\/ul>\n<h3><\/h3>\n<h3><\/h3>\n<h3 class=\"col-12 col-md-6 cecha-col naprzemienne-txt naprzemienne-opis\"><strong>Sterowanie<\/strong><\/h3>\n<div class=\"col-12 col-md-6 cecha-col naprzemienne-txt naprzemienne-opis\">\n<p><strong>Steuerung \u00fcber Tasten am Kamin:<\/strong><\/p>\n<ul>\n<li>Ein-\/Ausschalten des Kamins<\/li>\n<li>Heizung ein-\/ausschalten<\/li>\n<li>Heizleistungsstufe w\u00e4hlen<\/li>\n<\/ul>\n<\/div>\n<h3><\/h3>\n<h3><\/h3>\n<p>&nbsp;<\/p>\n<h3><strong>Technische Daten<\/strong><\/h3>\n<p>&nbsp;<\/p>\n<table width=\"548\" cellspacing=\"0\" cellpadding=\"2\">\n<tbody>\n<tr>\n<td width=\"216\">Flammeneffekt<\/td>\n<td width=\"324\">LED<\/td>\n<\/tr>\n<tr>\n<td width=\"216\">Mobile Anwendung<\/td>\n<td width=\"324\">nicht<\/td>\n<\/tr>\n<tr>\n<td width=\"216\">Fernbedienung<\/td>\n<td width=\"324\">nein<\/td>\n<\/tr>\n<tr>\n<td width=\"216\">Farbe\/Finish<\/td>\n<td width=\"324\">czarny<\/td>\n<\/tr>\n<tr>\n<td width=\"216\">Timer<\/td>\n<td width=\"324\">nein<\/td>\n<\/tr>\n<tr>\n<td width=\"216\">W\u00f6chentlicher Programmierer<\/td>\n<td width=\"324\">nein<\/td>\n<\/tr>\n<tr>\n<td width=\"216\">Heizfunktion<\/td>\n<td width=\"324\">ja<\/td>\n<\/tr>\n<tr>\n<td width=\"216\">Flamme unabh\u00e4ngig von der Heizfunktion<\/td>\n<td width=\"324\">ja<\/td>\n<\/tr>\n<tr>\n<td width=\"216\">Heizleistung\n<\/td>\n<td width=\"324\">900 \/ 1950 W<\/td>\n<\/tr>\n<tr>\n<td width=\"216\">Temperaturkontrolle<\/td>\n<td width=\"324\">&#8211;<\/td>\n<\/tr>\n<tr>\n<td width=\"216\">\u00dcberhitzungsschutz\n<\/td>\n<td width=\"324\">&#8211;<\/td>\n<\/tr>\n<tr>\n<td width=\"216\">Thermostat<\/td>\n<td width=\"324\">&#8211;<\/td>\n<\/tr>\n<tr>\n<td width=\"216\">Flamme<\/p>\n<p>Feuerstelle<\/td>\n<td width=\"324\">1 Flamme Farbe-orange<\/p>\n<p>Glade<\/td>\n<\/tr>\n<tr>\n<td width=\"216\">Garantie<\/td>\n<td width=\"324\">2 Jahre<\/td>\n<\/tr>\n<tr>\n<td width=\"216\">L\u00e4nge des Netzkabels<\/td>\n<td width=\"324\">1,8 m<\/td>\n<\/tr>\n<tr>\n<td width=\"216\">Spannung<\/td>\n<td width=\"324\">220 V<\/td>\n<\/tr>\n<\/tbody>\n<\/table>\n<p>&nbsp;<\/p>\n<div class=\"flex flex-grow flex-col gap-3\">\n<div class=\"min-h-[20px] flex flex-col items-start gap-3 overflow-x-auto whitespace-pre-wrap break-words\">\n<div class=\"markdown prose w-full break-words dark:prose-invert light\">\n<p>Der freistehende elektrische LED-Kamin von Hoover ist eine Kombination aus Funktionalit\u00e4t und au\u00dfergew\u00f6hnlicher \u00c4sthetik, die Ihrem Interieur eine einzigartige Atmosph\u00e4re verleiht. Sein schwarzes Stahlgeh\u00e4use verleiht ihm einen modernen Charakter und setzt einen kontrastreichen und faszinierenden Akzent im Raum. <\/p>\n<p>Der Kamin von Hoover verf\u00fcgt \u00fcber eine innovative LED-Technologie, die ein brennendes Feuer auf \u00e4u\u00dferst realistische Weise imitiert. Diese Illusion ist so \u00fcberzeugend, dass Sie das Gef\u00fchl haben, vor einem echten Kamin zu stehen, und gleichzeitig alle damit verbundenen Sorgen wie Staub und Brennstoff ausschalten. Die Flamme ist unabh\u00e4ngig von der Heizung, wodurch der Kamin ganzj\u00e4hrig und unabh\u00e4ngig von der Jahreszeit genutzt werden kann. Auch an hei\u00dfen Tagen k\u00f6nnen Sie mit Hoover den Charme eines Feuers genie\u00dfen, ohne zus\u00e4tzlich heizen zu m\u00fcssen.   <\/p>\n<p>Das schwarze Stahlgeh\u00e4use verleiht dem Hoover-Kamin einen unverwechselbaren und modernen Charakter. Es handelt sich um eine perfekte Kombination aus langlebigem Material und elegantem Design, die den Kamin zum Mittelpunkt der Einrichtung macht. Die schwarze Farbe ist neutral, bildet jedoch einen perfekten Kontrast zur optischen Wirkung der Flamme und verleiht dem Raum einen einzigartigen Charakter.  <\/p>\n<p>Der freistehende Kamin von Hoover ist mehr als nur eine Quelle f\u00fcr Licht und Atmosph\u00e4re. Es ist eine Einladung zum Entspannen und Genie\u00dfen ruhiger Momente, unabh\u00e4ngig vom Wetter drau\u00dfen. Seine F\u00e4higkeit, ohne zus\u00e4tzliche Heizung die magische Illusion eines Feuers zu erzeugen, macht ihn das ganze Jahr \u00fcber zum perfekten Begleiter und bietet jederzeit die M\u00f6glichkeit zum Entspannen und Abschalten.  <\/p>\n<\/div>\n<\/div>\n<\/div>\n<p>&nbsp;<\/p>\n<h6><strong>Technische Zeichnung<\/strong><\/h6>\n<p>&nbsp;<\/p>\n<p><img decoding=\"async\" class=\"alignnone wp-image-6942 size-full\" src=\"https:\/\/aflamo.shop\/wp-content\/uploads\/2023\/05\/hoover-4.jpg\" alt=\"\" width=\"656\" height=\"775\" srcset=\"https:\/\/aflamo.shop\/wp-content\/uploads\/2023\/05\/hoover-4.jpg 656w, https:\/\/aflamo.shop\/wp-content\/uploads\/2023\/05\/hoover-4-600x709.jpg 600w, https:\/\/aflamo.shop\/wp-content\/uploads\/2023\/05\/hoover-4-254x300.jpg 254w\" sizes=\"(max-width: 656px) 100vw, 656px\" \/><\/p>\n<p>&nbsp;<\/p>\n<p>&nbsp;<\/p>\n","protected":false},"excerpt":{"rendered":"<p>Hersteller: Aflamo<\/p>\n<p><a href=\"https:\/\/aflamo.shop\/wp-content\/uploads\/2023\/05\/Hoover_EN-PL-NL-2.pdf\">Bedienungs- und Sicherheitshinweise<\/a><\/p>\n<p>Abmessungen: 42 x 57 x 26 cm<\/p>\n","protected":false},"featured_media":17355,"comment_status":"closed","ping_status":"closed","template":"","meta":[],"product_brand":[],"product_cat":[799,800,834],"product_tag":[],"class_list":{"0":"post-17354","1":"product","2":"type-product","3":"status-publish","4":"has-post-thumbnail","6":"product_cat-aflamo-de","7":"product_cat-elektrische-kamine","8":"product_cat-freistehende-led-kamine","10":"first","11":"instock","12":"shipping-taxable","13":"purchasable","14":"product-type-simple"},"yoast_head":"<!-- This site is optimized with the Yoast SEO plugin v27.1.1 - https:\/\/yoast.com\/product\/yoast-seo-wordpress\/ -->\n<title>Freistehender LED-Kamin Aflamo Hoover - aflamo.shop-zertifizierter aflamo-H\u00e4ndler<\/title>\n<meta name=\"robots\" content=\"index, follow, max-snippet:-1, max-image-preview:large, max-video-preview:-1\" \/>\n<link rel=\"canonical\" href=\"https:\/\/aflamo.shop\/de\/p\/freistehender-led-kamin-aflamo-hoover\/\" \/>\n<meta property=\"og:locale\" content=\"de_DE\" \/>\n<meta property=\"og:type\" content=\"article\" \/>\n<meta property=\"og:title\" content=\"Freistehender LED-Kamin Aflamo Hoover - aflamo.shop-zertifizierter aflamo-H\u00e4ndler\" \/>\n<meta property=\"og:description\" content=\"Hersteller: Aflamo Bedienungs- und Sicherheitshinweise Abmessungen: 42 x 57 x 26 cm\" \/>\n<meta property=\"og:url\" content=\"https:\/\/aflamo.shop\/de\/p\/freistehender-led-kamin-aflamo-hoover\/\" \/>\n<meta property=\"og:site_name\" content=\"aflamo.shop-zertifizierter aflamo-H\u00e4ndler\" \/>\n<meta property=\"og:image\" content=\"https:\/\/aflamo.shop\/wp-content\/uploads\/2023\/05\/hoover-6_sq.jpg\" \/>\n\t<meta property=\"og:image:width\" content=\"1224\" \/>\n\t<meta property=\"og:image:height\" content=\"1224\" \/>\n\t<meta property=\"og:image:type\" content=\"image\/jpeg\" \/>\n<meta name=\"twitter:card\" content=\"summary_large_image\" \/>\n<meta name=\"twitter:label1\" content=\"Gesch\u00e4tzte Lesezeit\" \/>\n\t<meta name=\"twitter:data1\" content=\"2\u00a0Minuten\" \/>\n<script type=\"application\/ld+json\" class=\"yoast-schema-graph\">{\"@context\":\"https:\/\/schema.org\",\"@graph\":[{\"@type\":\"WebPage\",\"@id\":\"https:\/\/aflamo.shop\/de\/p\/freistehender-led-kamin-aflamo-hoover\/\",\"url\":\"https:\/\/aflamo.shop\/de\/p\/freistehender-led-kamin-aflamo-hoover\/\",\"name\":\"Freistehender LED-Kamin Aflamo Hoover - aflamo.shop-zertifizierter aflamo-H\u00e4ndler\",\"isPartOf\":{\"@id\":\"https:\/\/aflamo.shop\/de\/#website\"},\"primaryImageOfPage\":{\"@id\":\"https:\/\/aflamo.shop\/de\/p\/freistehender-led-kamin-aflamo-hoover\/#primaryimage\"},\"image\":{\"@id\":\"https:\/\/aflamo.shop\/de\/p\/freistehender-led-kamin-aflamo-hoover\/#primaryimage\"},\"thumbnailUrl\":\"https:\/\/aflamo.shop\/wp-content\/uploads\/2023\/05\/hoover-6_sq.jpg\",\"datePublished\":\"2023-05-30T12:26:51+00:00\",\"breadcrumb\":{\"@id\":\"https:\/\/aflamo.shop\/de\/p\/freistehender-led-kamin-aflamo-hoover\/#breadcrumb\"},\"inLanguage\":\"de\",\"potentialAction\":[{\"@type\":\"ReadAction\",\"target\":[\"https:\/\/aflamo.shop\/de\/p\/freistehender-led-kamin-aflamo-hoover\/\"]}]},{\"@type\":\"ImageObject\",\"inLanguage\":\"de\",\"@id\":\"https:\/\/aflamo.shop\/de\/p\/freistehender-led-kamin-aflamo-hoover\/#primaryimage\",\"url\":\"https:\/\/aflamo.shop\/wp-content\/uploads\/2023\/05\/hoover-6_sq.jpg\",\"contentUrl\":\"https:\/\/aflamo.shop\/wp-content\/uploads\/2023\/05\/hoover-6_sq.jpg\",\"width\":1224,\"height\":1224},{\"@type\":\"BreadcrumbList\",\"@id\":\"https:\/\/aflamo.shop\/de\/p\/freistehender-led-kamin-aflamo-hoover\/#breadcrumb\",\"itemListElement\":[{\"@type\":\"ListItem\",\"position\":1,\"name\":\"Strona g\u0142\u00f3wna\",\"item\":\"https:\/\/aflamo.shop\/de\/startseite\/\"},{\"@type\":\"ListItem\",\"position\":2,\"name\":\"Shop\",\"item\":\"https:\/\/aflamo.shop\/shop\/\"},{\"@type\":\"ListItem\",\"position\":3,\"name\":\"Elektrische Kamine\",\"item\":\"https:\/\/aflamo.shop\/de\/s\/elektrische-kamine\/\"},{\"@type\":\"ListItem\",\"position\":4,\"name\":\"Freistehende LED-Kamine\",\"item\":\"https:\/\/aflamo.shop\/de\/s\/elektrische-kamine\/freistehende-led-kamine\/\"},{\"@type\":\"ListItem\",\"position\":5,\"name\":\"Freistehender LED-Kamin Aflamo Hoover\"}]},{\"@type\":\"WebSite\",\"@id\":\"https:\/\/aflamo.shop\/de\/#website\",\"url\":\"https:\/\/aflamo.shop\/de\/\",\"name\":\"aflamo.shop-zertifizierter aflamo-H\u00e4ndler\",\"description\":\"Kominki elektryczne Aflamo i Emotion Flame z funkcj\u0105 grzania\",\"potentialAction\":[{\"@type\":\"SearchAction\",\"target\":{\"@type\":\"EntryPoint\",\"urlTemplate\":\"https:\/\/aflamo.shop\/de\/?s={search_term_string}\"},\"query-input\":{\"@type\":\"PropertyValueSpecification\",\"valueRequired\":true,\"valueName\":\"search_term_string\"}}],\"inLanguage\":\"de\"}]}<\/script>\n<!-- \/ Yoast SEO plugin. -->","yoast_head_json":{"title":"Freistehender LED-Kamin Aflamo Hoover - aflamo.shop-zertifizierter aflamo-H\u00e4ndler","robots":{"index":"index","follow":"follow","max-snippet":"max-snippet:-1","max-image-preview":"max-image-preview:large","max-video-preview":"max-video-preview:-1"},"canonical":"https:\/\/aflamo.shop\/de\/p\/freistehender-led-kamin-aflamo-hoover\/","og_locale":"de_DE","og_type":"article","og_title":"Freistehender LED-Kamin Aflamo Hoover - aflamo.shop-zertifizierter aflamo-H\u00e4ndler","og_description":"Hersteller: Aflamo Bedienungs- und Sicherheitshinweise Abmessungen: 42 x 57 x 26 cm","og_url":"https:\/\/aflamo.shop\/de\/p\/freistehender-led-kamin-aflamo-hoover\/","og_site_name":"aflamo.shop-zertifizierter aflamo-H\u00e4ndler","og_image":[{"width":1224,"height":1224,"url":"https:\/\/aflamo.shop\/wp-content\/uploads\/2023\/05\/hoover-6_sq.jpg","type":"image\/jpeg"}],"twitter_card":"summary_large_image","twitter_misc":{"Gesch\u00e4tzte Lesezeit":"2\u00a0Minuten"},"schema":{"@context":"https:\/\/schema.org","@graph":[{"@type":"WebPage","@id":"https:\/\/aflamo.shop\/de\/p\/freistehender-led-kamin-aflamo-hoover\/","url":"https:\/\/aflamo.shop\/de\/p\/freistehender-led-kamin-aflamo-hoover\/","name":"Freistehender LED-Kamin Aflamo Hoover - aflamo.shop-zertifizierter aflamo-H\u00e4ndler","isPartOf":{"@id":"https:\/\/aflamo.shop\/de\/#website"},"primaryImageOfPage":{"@id":"https:\/\/aflamo.shop\/de\/p\/freistehender-led-kamin-aflamo-hoover\/#primaryimage"},"image":{"@id":"https:\/\/aflamo.shop\/de\/p\/freistehender-led-kamin-aflamo-hoover\/#primaryimage"},"thumbnailUrl":"https:\/\/aflamo.shop\/wp-content\/uploads\/2023\/05\/hoover-6_sq.jpg","datePublished":"2023-05-30T12:26:51+00:00","breadcrumb":{"@id":"https:\/\/aflamo.shop\/de\/p\/freistehender-led-kamin-aflamo-hoover\/#breadcrumb"},"inLanguage":"de","potentialAction":[{"@type":"ReadAction","target":["https:\/\/aflamo.shop\/de\/p\/freistehender-led-kamin-aflamo-hoover\/"]}]},{"@type":"ImageObject","inLanguage":"de","@id":"https:\/\/aflamo.shop\/de\/p\/freistehender-led-kamin-aflamo-hoover\/#primaryimage","url":"https:\/\/aflamo.shop\/wp-content\/uploads\/2023\/05\/hoover-6_sq.jpg","contentUrl":"https:\/\/aflamo.shop\/wp-content\/uploads\/2023\/05\/hoover-6_sq.jpg","width":1224,"height":1224},{"@type":"BreadcrumbList","@id":"https:\/\/aflamo.shop\/de\/p\/freistehender-led-kamin-aflamo-hoover\/#breadcrumb","itemListElement":[{"@type":"ListItem","position":1,"name":"Strona g\u0142\u00f3wna","item":"https:\/\/aflamo.shop\/de\/startseite\/"},{"@type":"ListItem","position":2,"name":"Shop","item":"https:\/\/aflamo.shop\/shop\/"},{"@type":"ListItem","position":3,"name":"Elektrische Kamine","item":"https:\/\/aflamo.shop\/de\/s\/elektrische-kamine\/"},{"@type":"ListItem","position":4,"name":"Freistehende LED-Kamine","item":"https:\/\/aflamo.shop\/de\/s\/elektrische-kamine\/freistehende-led-kamine\/"},{"@type":"ListItem","position":5,"name":"Freistehender LED-Kamin Aflamo Hoover"}]},{"@type":"WebSite","@id":"https:\/\/aflamo.shop\/de\/#website","url":"https:\/\/aflamo.shop\/de\/","name":"aflamo.shop-zertifizierter aflamo-H\u00e4ndler","description":"Kominki elektryczne Aflamo i Emotion Flame z funkcj\u0105 grzania","potentialAction":[{"@type":"SearchAction","target":{"@type":"EntryPoint","urlTemplate":"https:\/\/aflamo.shop\/de\/?s={search_term_string}"},"query-input":{"@type":"PropertyValueSpecification","valueRequired":true,"valueName":"search_term_string"}}],"inLanguage":"de"}]}},"_links":{"self":[{"href":"https:\/\/aflamo.shop\/de\/wp-json\/wp\/v2\/product\/17354","targetHints":{"allow":["GET"]}}],"collection":[{"href":"https:\/\/aflamo.shop\/de\/wp-json\/wp\/v2\/product"}],"about":[{"href":"https:\/\/aflamo.shop\/de\/wp-json\/wp\/v2\/types\/product"}],"replies":[{"embeddable":true,"href":"https:\/\/aflamo.shop\/de\/wp-json\/wp\/v2\/comments?post=17354"}],"wp:featuredmedia":[{"embeddable":true,"href":"https:\/\/aflamo.shop\/de\/wp-json\/wp\/v2\/media\/17355"}],"wp:attachment":[{"href":"https:\/\/aflamo.shop\/de\/wp-json\/wp\/v2\/media?parent=17354"}],"wp:term":[{"taxonomy":"product_brand","embeddable":true,"href":"https:\/\/aflamo.shop\/de\/wp-json\/wp\/v2\/product_brand?post=17354"},{"taxonomy":"product_cat","embeddable":true,"href":"https:\/\/aflamo.shop\/de\/wp-json\/wp\/v2\/product_cat?post=17354"},{"taxonomy":"product_tag","embeddable":true,"href":"https:\/\/aflamo.shop\/de\/wp-json\/wp\/v2\/product_tag?post=17354"}],"curies":[{"name":"wp","href":"https:\/\/api.w.org\/{rel}","templated":true}]}}