{"id":17345,"date":"2023-05-30T12:39:45","date_gmt":"2023-05-30T12:39:45","guid":{"rendered":"https:\/\/aflamo.shop\/p\/freistehender-led-kamin-aflamo-vegas\/"},"modified":"2023-05-30T12:39:45","modified_gmt":"2023-05-30T12:39:45","slug":"freistehender-led-kamin-aflamo-vegas","status":"publish","type":"product","link":"https:\/\/aflamo.shop\/de\/p\/freistehender-led-kamin-aflamo-vegas\/","title":{"rendered":"Freistehender LED-Kamin Aflamo Vegas"},"content":{"rendered":"<h3><\/h3>\n<h3><strong>Eigenschaften des Kamins<img fetchpriority=\"high\" decoding=\"async\" class=\"alignright wp-image-6979 size-medium\" src=\"https:\/\/aflamo.shop\/wp-content\/uploads\/2023\/05\/vegas-2-221x300.jpg\" alt=\"\" width=\"221\" height=\"300\" srcset=\"https:\/\/aflamo.shop\/wp-content\/uploads\/2023\/05\/vegas-2-221x300.jpg 221w, https:\/\/aflamo.shop\/wp-content\/uploads\/2023\/05\/vegas-2-600x814.jpg 600w, https:\/\/aflamo.shop\/wp-content\/uploads\/2023\/05\/vegas-2.jpg 755w\" sizes=\"(max-width: 221px) 100vw, 221px\" \/><br \/>\n<\/strong><\/h3>\n<p>&nbsp;<\/p>\n<ul>\n<li>Freistehender Kamin, Ofen<\/li>\n<li>Schwarzes Stahlgeh\u00e4use<\/li>\n<\/ul>\n<h3><\/h3>\n<p>&nbsp;<\/p>\n<h3><\/h3>\n<p>&nbsp;<\/p>\n<h3><strong>Heizung<\/strong><\/h3>\n<p>&nbsp;<\/p>\n<p>Die flammenunabh\u00e4ngige Heizung erm\u00f6glicht es Ihnen, den Kamin das ganze Jahr \u00fcber zu benutzen, auch an hei\u00dfen Tagen.<br \/>\nSie k\u00f6nnen die Heizung jederzeit ein- oder ausschalten.<\/p>\n<p>&nbsp;<\/p>\n<ul>\n<li>2 Heizleistungsstufen: 750W \/ 1600W<\/li>\n<li>\u00dcberhitzungsschutz<\/li>\n<\/ul>\n<h3><\/h3>\n<h3><\/h3>\n<div class=\"col-12 col-md-6 cecha-col naprzemienne-txt naprzemienne-opis\">\n<h6><strong>Kontrolle<\/strong><br \/>\nSteuerung \u00fcber Tasten am Kamin:<\/h6>\n<ul>\n<li>Ein-\/Ausschalten des Kamins<\/li>\n<li>Heizung ein-\/ausschalten<\/li>\n<li>Heizleistungsstufe w\u00e4hlen<\/li>\n<\/ul>\n<\/div>\n<h3><\/h3>\n<h3><\/h3>\n<p>&nbsp;<\/p>\n<h3><strong>Technische Daten<\/strong><\/h3>\n<p>&nbsp;<\/p>\n<table width=\"548\" cellspacing=\"0\" cellpadding=\"2\">\n<tbody>\n<tr>\n<td width=\"216\">Flammeneffekt<\/td>\n<td width=\"324\">LED<\/td>\n<\/tr>\n<tr>\n<td width=\"216\">Mobile Anwendung<\/td>\n<td width=\"324\">nicht<\/td>\n<\/tr>\n<tr>\n<td width=\"216\">Fernbedienung<\/td>\n<td width=\"324\">nein<\/td>\n<\/tr>\n<tr>\n<td width=\"216\">Farbe\/Finish<\/td>\n<td width=\"324\">czarny<\/td>\n<\/tr>\n<tr>\n<td width=\"216\">Timer<\/td>\n<td width=\"324\">nein<\/td>\n<\/tr>\n<tr>\n<td width=\"216\">W\u00f6chentlicher Programmierer<\/td>\n<td width=\"324\">nein<\/td>\n<\/tr>\n<tr>\n<td width=\"216\">Heizfunktion<\/td>\n<td width=\"324\">ja<\/td>\n<\/tr>\n<tr>\n<td width=\"216\">Flamme unabh\u00e4ngig von der Heizfunktion<\/td>\n<td width=\"324\">ja<\/td>\n<\/tr>\n<tr>\n<td width=\"216\">Heizleistung\n<\/td>\n<td width=\"324\">750 \/ 1600 W<\/td>\n<\/tr>\n<tr>\n<td width=\"216\">Temperaturkontrolle<\/td>\n<td width=\"324\">&#8211;<\/td>\n<\/tr>\n<tr>\n<td width=\"216\">\u00dcberhitzungsschutz\n<\/td>\n<td width=\"324\">&#8211;<\/td>\n<\/tr>\n<tr>\n<td width=\"216\">Thermostat<\/td>\n<td width=\"324\">&#8211;<\/td>\n<\/tr>\n<tr>\n<td width=\"216\">Flamme<\/p>\n<p>Feuerstelle<\/td>\n<td width=\"324\">1 Flamme Farbe-orange<\/p>\n<p>Glade<\/td>\n<\/tr>\n<tr>\n<td width=\"216\">Garantie<\/td>\n<td width=\"324\">2 Jahre<\/td>\n<\/tr>\n<tr>\n<td width=\"216\">L\u00e4nge des Netzkabels<\/td>\n<td width=\"324\">1,8 m<\/td>\n<\/tr>\n<tr>\n<td width=\"216\">Spannung<\/td>\n<td width=\"324\">220 V<\/td>\n<\/tr>\n<\/tbody>\n<\/table>\n<p>&nbsp;<\/p>\n<p>Der freistehende LED-Elektrokamin namens Vegas ist eine beeindruckende Kombination aus moderner Technologie, Funktionalit\u00e4t und Designer-Optik. Sein schwarzes Stahlgeh\u00e4use verleiht ihm Eleganz und ein unverwechselbares, ausdrucksstarkes Aussehen. Es ist nicht nur eine Licht- und W\u00e4rmequelle, sondern auch ein einzigartiges Dekorationselement, das zum Mittelpunkt des Raumes wird, in dem es sich befindet.  <\/p>\n<p>Die Kaminverkleidung Vegas aus schwarzem Stahl besticht durch ihren minimalistischen und dennoch entschiedenen Stil. Die schwarze Farbe verleiht dem Kamin Eleganz und Modernit\u00e4t und bildet einen Kontrast zu den Lichteffekten, die aus dem Innenraum ausgehen. Diese Kombination aus Kontrast und Konsistenz macht den Kamin zu einem Blickfang im Raum, der die Blicke auf sich zieht und Charakter verleiht.  <\/p>\n<p>Die fortschrittliche LED-Technologie im Inneren des Vegas-Kamins erzeugt die Illusion eines lodernden Feuers und flackernder Glut, die wie echte Flammen aussehen. Dieses dynamische Lichtspiel erweckt den Innenraum zum Leben und schafft eine gem\u00fctliche und entspannende Atmosph\u00e4re. Da der Kamin keine W\u00e4rme erzeugt, kann er zu jeder Jahreszeit genutzt werden und verleiht k\u00fchlen Abenden und romantischen Momenten einen besonderen Zauber.  <\/p>\n<p>Da der Vegas-Kamin freistehend ist, k\u00f6nnen Sie ihn \u00fcberall aufstellen, wo Sie m\u00f6chten, unabh\u00e4ngig davon, ob ein herk\u00f6mmlicher Schornstein in der N\u00e4he ist. Seine Ummantelung sch\u00fctzt die Umgebung vor m\u00f6glichen Hitzeeinwirkungen und ist zugleich ein sch\u00f6nes Dekorationselement. <\/p>\n<p>Kurz gesagt, der elektrische Kamin Vegas LED ist eine Kombination aus Modernit\u00e4t, Funktionalit\u00e4t und Design. Das schwarze Stahlgeh\u00e4use verleiht ihm Eleganz und Charakter, w\u00e4hrend die LED-Technologie im Inneren faszinierende visuelle Effekte erzeugt. Es ist mehr als nur ein gew\u00f6hnlicher Kamin \u2013 es ist eine Quelle der Atmosph\u00e4re, Entspannung und Sch\u00f6nheit f\u00fcr Ihr Interieur.  <\/p>\n<p>&nbsp;<\/p>\n<h6><strong>Technische Zeichnung<\/strong><\/h6>\n<p>&nbsp;<\/p>\n<p><img decoding=\"async\" class=\"alignnone wp-image-6985 size-full\" src=\"https:\/\/aflamo.shop\/wp-content\/uploads\/2023\/05\/vegas-1.jpg\" alt=\"\" width=\"908\" height=\"946\" srcset=\"https:\/\/aflamo.shop\/wp-content\/uploads\/2023\/05\/vegas-1.jpg 908w, https:\/\/aflamo.shop\/wp-content\/uploads\/2023\/05\/vegas-1-600x625.jpg 600w, https:\/\/aflamo.shop\/wp-content\/uploads\/2023\/05\/vegas-1-288x300.jpg 288w, https:\/\/aflamo.shop\/wp-content\/uploads\/2023\/05\/vegas-1-768x800.jpg 768w\" sizes=\"(max-width: 908px) 100vw, 908px\" \/><\/p>\n<p>&nbsp;<\/p>\n<p>&nbsp;<\/p>\n","protected":false},"excerpt":{"rendered":"<p>Hersteller: Aflamo<\/p>\n<p><a href=\"https:\/\/aflamo.shop\/wp-content\/uploads\/2023\/05\/Vegas-EN-PL-NL-1.pdf\">Bedienungs- und Sicherheitshinweise<\/a><\/p>\n<p>Abmessungen: 68 x 89 x 30 cm<\/p>\n","protected":false},"featured_media":17346,"comment_status":"closed","ping_status":"closed","template":"","meta":[],"product_brand":[],"product_cat":[799,800,834],"product_tag":[],"class_list":{"0":"post-17345","1":"product","2":"type-product","3":"status-publish","4":"has-post-thumbnail","6":"product_cat-aflamo-de","7":"product_cat-elektrische-kamine","8":"product_cat-freistehende-led-kamine","10":"first","11":"outofstock","12":"shipping-taxable","13":"purchasable","14":"product-type-simple"},"yoast_head":"<!-- This site is optimized with the Yoast SEO plugin v27.1.1 - https:\/\/yoast.com\/product\/yoast-seo-wordpress\/ -->\n<title>Freistehender LED-Kamin Aflamo Vegas - aflamo.shop-zertifizierter aflamo-H\u00e4ndler<\/title>\n<meta name=\"robots\" content=\"index, follow, max-snippet:-1, max-image-preview:large, max-video-preview:-1\" \/>\n<link rel=\"canonical\" href=\"https:\/\/aflamo.shop\/de\/p\/freistehender-led-kamin-aflamo-vegas\/\" \/>\n<meta property=\"og:locale\" content=\"de_DE\" \/>\n<meta property=\"og:type\" content=\"article\" \/>\n<meta property=\"og:title\" content=\"Freistehender LED-Kamin Aflamo Vegas - aflamo.shop-zertifizierter aflamo-H\u00e4ndler\" \/>\n<meta property=\"og:description\" content=\"Hersteller: Aflamo Bedienungs- und Sicherheitshinweise Abmessungen: 68 x 89 x 30 cm\" \/>\n<meta property=\"og:url\" content=\"https:\/\/aflamo.shop\/de\/p\/freistehender-led-kamin-aflamo-vegas\/\" \/>\n<meta property=\"og:site_name\" content=\"aflamo.shop-zertifizierter aflamo-H\u00e4ndler\" \/>\n<meta property=\"og:image\" content=\"https:\/\/aflamo.shop\/wp-content\/uploads\/2023\/05\/vegas-3_sq.jpg\" \/>\n\t<meta property=\"og:image:width\" content=\"1224\" \/>\n\t<meta property=\"og:image:height\" content=\"1224\" \/>\n\t<meta property=\"og:image:type\" content=\"image\/jpeg\" \/>\n<meta name=\"twitter:card\" content=\"summary_large_image\" \/>\n<meta name=\"twitter:label1\" content=\"Gesch\u00e4tzte Lesezeit\" \/>\n\t<meta name=\"twitter:data1\" content=\"2\u00a0Minuten\" \/>\n<script type=\"application\/ld+json\" class=\"yoast-schema-graph\">{\"@context\":\"https:\/\/schema.org\",\"@graph\":[{\"@type\":\"WebPage\",\"@id\":\"https:\/\/aflamo.shop\/de\/p\/freistehender-led-kamin-aflamo-vegas\/\",\"url\":\"https:\/\/aflamo.shop\/de\/p\/freistehender-led-kamin-aflamo-vegas\/\",\"name\":\"Freistehender LED-Kamin Aflamo Vegas - aflamo.shop-zertifizierter aflamo-H\u00e4ndler\",\"isPartOf\":{\"@id\":\"https:\/\/aflamo.shop\/de\/#website\"},\"primaryImageOfPage\":{\"@id\":\"https:\/\/aflamo.shop\/de\/p\/freistehender-led-kamin-aflamo-vegas\/#primaryimage\"},\"image\":{\"@id\":\"https:\/\/aflamo.shop\/de\/p\/freistehender-led-kamin-aflamo-vegas\/#primaryimage\"},\"thumbnailUrl\":\"https:\/\/aflamo.shop\/wp-content\/uploads\/2023\/05\/vegas-3_sq.jpg\",\"datePublished\":\"2023-05-30T12:39:45+00:00\",\"breadcrumb\":{\"@id\":\"https:\/\/aflamo.shop\/de\/p\/freistehender-led-kamin-aflamo-vegas\/#breadcrumb\"},\"inLanguage\":\"de\",\"potentialAction\":[{\"@type\":\"ReadAction\",\"target\":[\"https:\/\/aflamo.shop\/de\/p\/freistehender-led-kamin-aflamo-vegas\/\"]}]},{\"@type\":\"ImageObject\",\"inLanguage\":\"de\",\"@id\":\"https:\/\/aflamo.shop\/de\/p\/freistehender-led-kamin-aflamo-vegas\/#primaryimage\",\"url\":\"https:\/\/aflamo.shop\/wp-content\/uploads\/2023\/05\/vegas-3_sq.jpg\",\"contentUrl\":\"https:\/\/aflamo.shop\/wp-content\/uploads\/2023\/05\/vegas-3_sq.jpg\",\"width\":1224,\"height\":1224},{\"@type\":\"BreadcrumbList\",\"@id\":\"https:\/\/aflamo.shop\/de\/p\/freistehender-led-kamin-aflamo-vegas\/#breadcrumb\",\"itemListElement\":[{\"@type\":\"ListItem\",\"position\":1,\"name\":\"Strona g\u0142\u00f3wna\",\"item\":\"https:\/\/aflamo.shop\/de\/startseite\/\"},{\"@type\":\"ListItem\",\"position\":2,\"name\":\"Shop\",\"item\":\"https:\/\/aflamo.shop\/shop\/\"},{\"@type\":\"ListItem\",\"position\":3,\"name\":\"Elektrische Kamine\",\"item\":\"https:\/\/aflamo.shop\/de\/s\/elektrische-kamine\/\"},{\"@type\":\"ListItem\",\"position\":4,\"name\":\"Freistehende LED-Kamine\",\"item\":\"https:\/\/aflamo.shop\/de\/s\/elektrische-kamine\/freistehende-led-kamine\/\"},{\"@type\":\"ListItem\",\"position\":5,\"name\":\"Freistehender LED-Kamin Aflamo Vegas\"}]},{\"@type\":\"WebSite\",\"@id\":\"https:\/\/aflamo.shop\/de\/#website\",\"url\":\"https:\/\/aflamo.shop\/de\/\",\"name\":\"aflamo.shop-zertifizierter aflamo-H\u00e4ndler\",\"description\":\"Kominki elektryczne Aflamo i Emotion Flame z funkcj\u0105 grzania\",\"potentialAction\":[{\"@type\":\"SearchAction\",\"target\":{\"@type\":\"EntryPoint\",\"urlTemplate\":\"https:\/\/aflamo.shop\/de\/?s={search_term_string}\"},\"query-input\":{\"@type\":\"PropertyValueSpecification\",\"valueRequired\":true,\"valueName\":\"search_term_string\"}}],\"inLanguage\":\"de\"}]}<\/script>\n<!-- \/ Yoast SEO plugin. -->","yoast_head_json":{"title":"Freistehender LED-Kamin Aflamo Vegas - aflamo.shop-zertifizierter aflamo-H\u00e4ndler","robots":{"index":"index","follow":"follow","max-snippet":"max-snippet:-1","max-image-preview":"max-image-preview:large","max-video-preview":"max-video-preview:-1"},"canonical":"https:\/\/aflamo.shop\/de\/p\/freistehender-led-kamin-aflamo-vegas\/","og_locale":"de_DE","og_type":"article","og_title":"Freistehender LED-Kamin Aflamo Vegas - aflamo.shop-zertifizierter aflamo-H\u00e4ndler","og_description":"Hersteller: Aflamo Bedienungs- und Sicherheitshinweise Abmessungen: 68 x 89 x 30 cm","og_url":"https:\/\/aflamo.shop\/de\/p\/freistehender-led-kamin-aflamo-vegas\/","og_site_name":"aflamo.shop-zertifizierter aflamo-H\u00e4ndler","og_image":[{"width":1224,"height":1224,"url":"https:\/\/aflamo.shop\/wp-content\/uploads\/2023\/05\/vegas-3_sq.jpg","type":"image\/jpeg"}],"twitter_card":"summary_large_image","twitter_misc":{"Gesch\u00e4tzte Lesezeit":"2\u00a0Minuten"},"schema":{"@context":"https:\/\/schema.org","@graph":[{"@type":"WebPage","@id":"https:\/\/aflamo.shop\/de\/p\/freistehender-led-kamin-aflamo-vegas\/","url":"https:\/\/aflamo.shop\/de\/p\/freistehender-led-kamin-aflamo-vegas\/","name":"Freistehender LED-Kamin Aflamo Vegas - aflamo.shop-zertifizierter aflamo-H\u00e4ndler","isPartOf":{"@id":"https:\/\/aflamo.shop\/de\/#website"},"primaryImageOfPage":{"@id":"https:\/\/aflamo.shop\/de\/p\/freistehender-led-kamin-aflamo-vegas\/#primaryimage"},"image":{"@id":"https:\/\/aflamo.shop\/de\/p\/freistehender-led-kamin-aflamo-vegas\/#primaryimage"},"thumbnailUrl":"https:\/\/aflamo.shop\/wp-content\/uploads\/2023\/05\/vegas-3_sq.jpg","datePublished":"2023-05-30T12:39:45+00:00","breadcrumb":{"@id":"https:\/\/aflamo.shop\/de\/p\/freistehender-led-kamin-aflamo-vegas\/#breadcrumb"},"inLanguage":"de","potentialAction":[{"@type":"ReadAction","target":["https:\/\/aflamo.shop\/de\/p\/freistehender-led-kamin-aflamo-vegas\/"]}]},{"@type":"ImageObject","inLanguage":"de","@id":"https:\/\/aflamo.shop\/de\/p\/freistehender-led-kamin-aflamo-vegas\/#primaryimage","url":"https:\/\/aflamo.shop\/wp-content\/uploads\/2023\/05\/vegas-3_sq.jpg","contentUrl":"https:\/\/aflamo.shop\/wp-content\/uploads\/2023\/05\/vegas-3_sq.jpg","width":1224,"height":1224},{"@type":"BreadcrumbList","@id":"https:\/\/aflamo.shop\/de\/p\/freistehender-led-kamin-aflamo-vegas\/#breadcrumb","itemListElement":[{"@type":"ListItem","position":1,"name":"Strona g\u0142\u00f3wna","item":"https:\/\/aflamo.shop\/de\/startseite\/"},{"@type":"ListItem","position":2,"name":"Shop","item":"https:\/\/aflamo.shop\/shop\/"},{"@type":"ListItem","position":3,"name":"Elektrische Kamine","item":"https:\/\/aflamo.shop\/de\/s\/elektrische-kamine\/"},{"@type":"ListItem","position":4,"name":"Freistehende LED-Kamine","item":"https:\/\/aflamo.shop\/de\/s\/elektrische-kamine\/freistehende-led-kamine\/"},{"@type":"ListItem","position":5,"name":"Freistehender LED-Kamin Aflamo Vegas"}]},{"@type":"WebSite","@id":"https:\/\/aflamo.shop\/de\/#website","url":"https:\/\/aflamo.shop\/de\/","name":"aflamo.shop-zertifizierter aflamo-H\u00e4ndler","description":"Kominki elektryczne Aflamo i Emotion Flame z funkcj\u0105 grzania","potentialAction":[{"@type":"SearchAction","target":{"@type":"EntryPoint","urlTemplate":"https:\/\/aflamo.shop\/de\/?s={search_term_string}"},"query-input":{"@type":"PropertyValueSpecification","valueRequired":true,"valueName":"search_term_string"}}],"inLanguage":"de"}]}},"_links":{"self":[{"href":"https:\/\/aflamo.shop\/de\/wp-json\/wp\/v2\/product\/17345","targetHints":{"allow":["GET"]}}],"collection":[{"href":"https:\/\/aflamo.shop\/de\/wp-json\/wp\/v2\/product"}],"about":[{"href":"https:\/\/aflamo.shop\/de\/wp-json\/wp\/v2\/types\/product"}],"replies":[{"embeddable":true,"href":"https:\/\/aflamo.shop\/de\/wp-json\/wp\/v2\/comments?post=17345"}],"wp:featuredmedia":[{"embeddable":true,"href":"https:\/\/aflamo.shop\/de\/wp-json\/wp\/v2\/media\/17346"}],"wp:attachment":[{"href":"https:\/\/aflamo.shop\/de\/wp-json\/wp\/v2\/media?parent=17345"}],"wp:term":[{"taxonomy":"product_brand","embeddable":true,"href":"https:\/\/aflamo.shop\/de\/wp-json\/wp\/v2\/product_brand?post=17345"},{"taxonomy":"product_cat","embeddable":true,"href":"https:\/\/aflamo.shop\/de\/wp-json\/wp\/v2\/product_cat?post=17345"},{"taxonomy":"product_tag","embeddable":true,"href":"https:\/\/aflamo.shop\/de\/wp-json\/wp\/v2\/product_tag?post=17345"}],"curies":[{"name":"wp","href":"https:\/\/api.w.org\/{rel}","templated":true}]}}