{"id":17239,"date":"2023-06-07T10:47:08","date_gmt":"2023-06-07T10:47:08","guid":{"rendered":"https:\/\/aflamo.shop\/p\/aflamo-vigo-led-elektrokamin-eiche-hell-2d\/"},"modified":"2023-06-07T10:47:08","modified_gmt":"2023-06-07T10:47:08","slug":"aflamo-vigo-led-elektrokamin-eiche-hell-2d","status":"publish","type":"product","link":"https:\/\/aflamo.shop\/de\/p\/aflamo-vigo-led-elektrokamin-eiche-hell-2d\/","title":{"rendered":"Aflamo Vigo LED Elektrokamin Eiche hell 2D"},"content":{"rendered":"<h3><strong>Eigenschaften des Kamins <img fetchpriority=\"high\" decoding=\"async\" class=\"alignright wp-image-5367 \" src=\"https:\/\/aflamo.shop\/wp-content\/uploads\/2023\/05\/unique_vigo-bialy-classic-300x183.jpg\" alt=\"\" width=\"379\" height=\"231\" srcset=\"https:\/\/aflamo.shop\/wp-content\/uploads\/2023\/05\/unique_vigo-bialy-classic-300x183.jpg 300w, https:\/\/aflamo.shop\/wp-content\/uploads\/2023\/05\/unique_vigo-bialy-classic.jpg 492w\" sizes=\"(max-width: 379px) 100vw, 379px\" \/><br \/>\n<\/strong><\/h3>\n<p>&nbsp;<\/p>\n<p>Klassisches Geh\u00e4use.<\/p>\n<p>Es vereint Eleganz und Modernit\u00e4t.<\/p>\n<p>Der Vigo-Kamin wird mit 2 verschiedenen Oberteilen geliefert.<\/p>\n<p>Der Kamin ist in vielen Farben erh\u00e4ltlich: Wei\u00df, Beton, Eiche, helle Eiche, Walnuss, Schwarz.<\/p>\n<p>&nbsp;<\/p>\n<p>&nbsp;<\/p>\n<p><strong>Elektroeinsatz LED 60 Classic <\/strong><strong> <img decoding=\"async\" class=\"alignright wp-image-4525 \" src=\"https:\/\/aflamo.shop\/wp-content\/uploads\/2023\/05\/led_60_classic_cyf-300x183.jpg\" alt=\"\" width=\"405\" height=\"247\" srcset=\"https:\/\/aflamo.shop\/wp-content\/uploads\/2023\/05\/led_60_classic_cyf-300x183.jpg 300w, https:\/\/aflamo.shop\/wp-content\/uploads\/2023\/05\/led_60_classic_cyf.jpg 492w\" sizes=\"(max-width: 405px) 100vw, 405px\" \/>                          <\/strong><\/p>\n<ol class=\"numlist\">\n<li>3 Flammenfarben (Gelb, Orange, Gelb-Orange), 5 Flammenhelligkeiten<\/li>\n<li>Realistische und energiesparende LED-Flamme<\/li>\n<li>2 Heizleistungsstufen: 900W \/ 1800W<\/li>\n<li>Temperaturregelung von 10 bis 30\u00b0C<\/li>\n<li>Fernsteuerung<\/li>\n<li>Sensor f\u00fcr offene Fenster<\/li>\n<li>\u00dcberhitzungsschutz<\/li>\n<li>Flammenunabh\u00e4ngige Heizfunktion<\/li>\n<\/ol>\n<p>&nbsp;<\/p>\n<h3><\/h3>\n<h3><strong>Heizung<\/strong><\/h3>\n<p>&nbsp;<\/p>\n<p>Die flammenunabh\u00e4ngige Heizung erm\u00f6glicht es Ihnen, den Kamin das ganze Jahr \u00fcber zu benutzen, auch an hei\u00dfen Tagen.<br \/>\nSie k\u00f6nnen die Heizung jederzeit ein- oder ausschalten.<\/p>\n<ul>\n<li>Der Sensor f\u00fcr offene Fenster schaltet die Heizung aus, wenn er einen pl\u00f6tzlichen Temperaturabfall feststellt.<\/li>\n<li>Der Heizstrahler verf\u00fcgt \u00fcber 2 Heizleistungsstufen 900-1800W<\/li>\n<li>Temperaturkontrolle von 10 bis 30\u00b0C.<\/li>\n<\/ul>\n<h3><\/h3>\n<h3><\/h3>\n<h3><strong>Sicherheit<\/strong><\/h3>\n<p>&nbsp;<\/p>\n<div class=\"col-12 col-md-6 cecha-col naprzemienne-txt naprzemienne-opis\">\n<ul>\n<li>Das Glas des Kamins erhitzt sich nicht und ist sicher f\u00fcr Kinder und Haustiere.<\/li>\n<li>Der Sicherheitssensor des Ofens schaltet die Heizung aus, wenn der Warmluftaustritt verstopft ist.<\/li>\n<\/ul>\n<\/div>\n<h3><\/h3>\n<h3><\/h3>\n<h3><strong>Komfort und Bequemlichkeit<\/strong><\/h3>\n<p>&nbsp;<\/p>\n<div class=\"col-12 col-md-6 cecha-col naprzemienne-txt naprzemienne-opis\">\n<ul>\n<li>Mit der Fernbedienung k\u00f6nnen Sie die Funktionen aus der Ferne steuern. So k\u00f6nnen Sie das Ger\u00e4t bequem bedienen, ohne vom Sofa aufstehen zu m\u00fcssen. <\/li>\n<\/ul>\n<\/div>\n<div class=\"col-12 col-md-6 cecha-col naprzemienne-txt naprzemienne-opis\">\n<ul>\n<li>Timer \/ Der Timer schaltet den Kamin automatisch aus. Sie stellen es ein und vergessen es.  Wenn Sie einschlafen, m\u00fcssen Sie sich keine Sorgen machen, dass der Kamin die ganze Nacht an bleibt.<\/li>\n<\/ul>\n<\/div>\n<div class=\"col-12 col-md-6 cecha-col naprzemienne-txt naprzemienne-opis\">\n<ul>\n<li>Mit der Schnellheizfunktion k\u00f6nnen Sie den Raum sofort wieder aufw\u00e4rmen und eine angenehme Temperatur beibehalten.<\/li>\n<\/ul>\n<\/div>\n<h3><\/h3>\n<h3><strong>Technische Daten<\/strong><\/h3>\n<p>&nbsp;<\/p>\n<table width=\"548\" cellspacing=\"0\" cellpadding=\"2\">\n<tbody>\n<tr>\n<td width=\"216\">Flammeneffekt<\/td>\n<td width=\"324\">LED<\/td>\n<\/tr>\n<tr>\n<td width=\"216\">Mobile Anwendung<\/td>\n<td width=\"324\">nicht<\/td>\n<\/tr>\n<tr>\n<td width=\"216\">Fernsteuerung<\/td>\n<td width=\"324\">ja<\/td>\n<\/tr>\n<tr>\n<td width=\"216\">Farbe\/Finish<\/td>\n<td width=\"324\">2 Arten von Oberteilen enthalten<\/td>\n<\/tr>\n<tr>\n<td width=\"216\">Zeitschaltuhr (Timer)<\/td>\n<td width=\"324\">ja<\/td>\n<\/tr>\n<tr>\n<td width=\"216\">W\u00f6chentlicher Programmierer<\/td>\n<td width=\"324\">ja<\/td>\n<\/tr>\n<tr>\n<td width=\"216\">Heizfunktion<\/td>\n<td width=\"324\">ja<\/td>\n<\/tr>\n<tr>\n<td width=\"216\">Flamme unabh\u00e4ngig von der Heizfunktion<\/td>\n<td width=\"324\">ja<\/td>\n<\/tr>\n<tr>\n<td width=\"216\">Heizleistung<\/td>\n<td width=\"324\">900 \/ 1800 W<\/td>\n<\/tr>\n<tr>\n<td width=\"216\">Temperaturkontrolle<\/td>\n<td width=\"324\">10 bis 30\u00b0C<\/td>\n<\/tr>\n<tr>\n<td width=\"216\">Schutz vor \u00dcberhitzung<\/td>\n<td width=\"324\">ja<\/td>\n<\/tr>\n<tr>\n<td width=\"216\">Thermostat<\/td>\n<td width=\"324\">ja<\/td>\n<\/tr>\n<tr>\n<td width=\"216\">Flamme<\/p>\n<p>Feuerstelle<\/td>\n<td width=\"324\">1 Flamme Farbe-orange<\/p>\n<p>Glade<\/td>\n<\/tr>\n<tr>\n<td width=\"216\">Garantie<\/td>\n<td width=\"324\">2 Jahre<\/td>\n<\/tr>\n<tr>\n<td width=\"216\">L\u00e4nge des Netzkabels<\/td>\n<td width=\"324\">1,8 m<\/td>\n<\/tr>\n<tr>\n<td width=\"216\">Spannung<\/td>\n<td width=\"324\">220 V<\/td>\n<\/tr>\n<\/tbody>\n<\/table>\n<p>&nbsp;<\/p>\n<div class=\"flex flex-grow flex-col gap-3\">\n<div class=\"min-h-[20px] flex flex-col items-start gap-3 overflow-x-auto whitespace-pre-wrap break-words\">\n<div class=\"markdown prose w-full break-words dark:prose-invert light\">\n<p>Vigo ist ein elektrischer LED-Kamin, der Eleganz und Modernit\u00e4t harmonisch kombiniert und Ihrem Interieur einen einzigartigen Akzent verleiht. Mit seinem markanten Geh\u00e4use aus heller Eiche strahlt der Vigo-Kamin die W\u00e4rme und den nat\u00fcrlichen Charme von Holz aus und zeichnet sich gleichzeitig durch ein subtiles und durchdachtes Design aus. <\/p>\n<p>Das Herzst\u00fcck des Vigo-Kamins ist ein fortschrittlicher 2D-Elektroeinsatz, der die Quintessenz optischer Attraktivit\u00e4t darstellt. Die mehrdimensionalen Lichteffekte dieses Einsatzes erzeugen die Illusion von loderndem Feuer und Glut und fangen die realistische Sch\u00f6nheit brennenden Holzes ein. Dieser Einsatz verf\u00fcgt \u00fcber eine \u00e4u\u00dferst pr\u00e4zise Flammenwiedergabe, die Sie nach Ihren eigenen W\u00fcnschen anpassen k\u00f6nnen. Drei Flammenfarben \u2013 Gelb, Orange und eine Kombination aus Gelb und Orange \u2013 und f\u00fcnf Helligkeitsstufen erm\u00f6glichen es Ihnen, den Kamin an die Stimmung und Atmosph\u00e4re im Raum anzupassen.   <\/p>\n<p>Der Kamin Vigo zeichnet sich au\u00dferdem durch seine Vielfalt an Optionen aus, die eine individuelle Anpassung an den Geschmack erm\u00f6glichen. Das Kaminset umfasst zwei Oberteile: ein klassisches, das einen Hauch von Tradition verleiht, und das andere mit modernem Charakter, ideal f\u00fcr alle, die Wert auf innovative L\u00f6sungen legen. Dar\u00fcber hinaus ist Vigo in einer breiten Farbpalette erh\u00e4ltlich, darunter Wei\u00df, Beton, Eiche, helle Eiche, Walnuss und Schwarz. Dank dieser Vielfalt findet jeder eine Kaminform, die perfekt zu seiner Inneneinrichtung passt.   <\/p>\n<p>Zusammenfassend l\u00e4sst sich sagen, dass der Kamin Vigo nicht nur ein elektrisches Ger\u00e4t ist \u2013 er ist ein Element, das Eleganz und Modernit\u00e4t bringt und zum Mittelpunkt des Raumes wird, in dem er sich befindet. Dank seiner Personalisierungsm\u00f6glichkeiten und beeindruckenden Lichteffekte ist der Vigo-Kamin eine perfekte Erg\u00e4nzung f\u00fcr jedes Interieur und schafft eine Atmosph\u00e4re der W\u00e4rme und Behaglichkeit. <\/p>\n<\/div>\n<\/div>\n<\/div>\n<p>&nbsp;<\/p>\n<h6><strong>Technische Zeichnung<\/strong><\/h6>\n<p>&nbsp;<\/p>\n<p>&nbsp;<\/p>\n<p><img decoding=\"async\" class=\"alignnone wp-image-5303 size-large\" src=\"https:\/\/aflamo.shop\/wp-content\/uploads\/2023\/05\/vigo-beton-2-1024x631.jpg\" alt=\"\" width=\"1024\" height=\"631\" srcset=\"https:\/\/aflamo.shop\/wp-content\/uploads\/2023\/05\/vigo-beton-2-1024x631.jpg 1024w, https:\/\/aflamo.shop\/wp-content\/uploads\/2023\/05\/vigo-beton-2-600x370.jpg 600w, https:\/\/aflamo.shop\/wp-content\/uploads\/2023\/05\/vigo-beton-2-300x185.jpg 300w, https:\/\/aflamo.shop\/wp-content\/uploads\/2023\/05\/vigo-beton-2-768x473.jpg 768w, https:\/\/aflamo.shop\/wp-content\/uploads\/2023\/05\/vigo-beton-2.jpg 1034w\" sizes=\"(max-width: 1024px) 100vw, 1024px\" \/> <img loading=\"lazy\" decoding=\"async\" class=\"alignnone wp-image-5309 size-full\" src=\"https:\/\/aflamo.shop\/wp-content\/uploads\/2023\/05\/vigo-beton-3.jpg\" alt=\"\" width=\"1024\" height=\"603\" srcset=\"https:\/\/aflamo.shop\/wp-content\/uploads\/2023\/05\/vigo-beton-3.jpg 1024w, https:\/\/aflamo.shop\/wp-content\/uploads\/2023\/05\/vigo-beton-3-600x353.jpg 600w, https:\/\/aflamo.shop\/wp-content\/uploads\/2023\/05\/vigo-beton-3-300x177.jpg 300w, https:\/\/aflamo.shop\/wp-content\/uploads\/2023\/05\/vigo-beton-3-768x452.jpg 768w\" sizes=\"(max-width: 1024px) 100vw, 1024px\" \/><\/p>\n<p>&nbsp;<\/p>\n","protected":false},"excerpt":{"rendered":"<p>Hersteller: Aflamo<\/p>\n<p><a href=\"https:\/\/aflamo.shop\/wp-content\/uploads\/2023\/05\/Aflamo-LED-50-60-70-80-90-CLASSIC-manual_EN-PL-CZ-SK-NL-3.pdf\">Bedienungs- und Sicherheitshinweise<\/a><\/p>\n<p>Abmessungen: 90x90x30<\/p>\n","protected":false},"featured_media":22326,"comment_status":"open","ping_status":"closed","template":"","meta":[],"product_brand":[],"product_cat":[799,800,887],"product_tag":[],"class_list":{"0":"post-17239","1":"product","2":"type-product","3":"status-publish","4":"has-post-thumbnail","6":"product_cat-aflamo-de","7":"product_cat-elektrische-kamine","8":"product_cat-elektrokamine-mit-holzverkleidung","10":"first","11":"instock","12":"shipping-taxable","13":"purchasable","14":"product-type-simple"},"yoast_head":"<!-- This site is optimized with the Yoast SEO plugin v27.1.1 - https:\/\/yoast.com\/product\/yoast-seo-wordpress\/ -->\n<title>Aflamo Vigo LED Elektrokamin Eiche hell 2D - aflamo.shop-zertifizierter aflamo-H\u00e4ndler<\/title>\n<meta name=\"robots\" content=\"index, follow, max-snippet:-1, max-image-preview:large, max-video-preview:-1\" \/>\n<link rel=\"canonical\" href=\"https:\/\/aflamo.shop\/de\/p\/aflamo-vigo-led-elektrokamin-eiche-hell-2d\/\" \/>\n<meta property=\"og:locale\" content=\"de_DE\" \/>\n<meta property=\"og:type\" content=\"article\" \/>\n<meta property=\"og:title\" content=\"Aflamo Vigo LED Elektrokamin Eiche hell 2D - aflamo.shop-zertifizierter aflamo-H\u00e4ndler\" \/>\n<meta property=\"og:description\" content=\"Hersteller: Aflamo Bedienungs- und Sicherheitshinweise Abmessungen: 90x90x30\" \/>\n<meta property=\"og:url\" content=\"https:\/\/aflamo.shop\/de\/p\/aflamo-vigo-led-elektrokamin-eiche-hell-2d\/\" \/>\n<meta property=\"og:site_name\" content=\"aflamo.shop-zertifizierter aflamo-H\u00e4ndler\" \/>\n<meta property=\"og:image\" content=\"https:\/\/aflamo.shop\/wp-content\/uploads\/2023\/05\/vigo-sonoma-2.jpg\" \/>\n\t<meta property=\"og:image:width\" content=\"1018\" \/>\n\t<meta property=\"og:image:height\" content=\"1024\" \/>\n\t<meta property=\"og:image:type\" content=\"image\/jpeg\" \/>\n<meta name=\"twitter:card\" content=\"summary_large_image\" \/>\n<meta name=\"twitter:label1\" content=\"Gesch\u00e4tzte Lesezeit\" \/>\n\t<meta name=\"twitter:data1\" content=\"3\u00a0Minuten\" \/>\n<script type=\"application\/ld+json\" class=\"yoast-schema-graph\">{\"@context\":\"https:\/\/schema.org\",\"@graph\":[{\"@type\":\"WebPage\",\"@id\":\"https:\/\/aflamo.shop\/de\/p\/aflamo-vigo-led-elektrokamin-eiche-hell-2d\/\",\"url\":\"https:\/\/aflamo.shop\/de\/p\/aflamo-vigo-led-elektrokamin-eiche-hell-2d\/\",\"name\":\"Aflamo Vigo LED Elektrokamin Eiche hell 2D - aflamo.shop-zertifizierter aflamo-H\u00e4ndler\",\"isPartOf\":{\"@id\":\"https:\/\/aflamo.shop\/de\/#website\"},\"primaryImageOfPage\":{\"@id\":\"https:\/\/aflamo.shop\/de\/p\/aflamo-vigo-led-elektrokamin-eiche-hell-2d\/#primaryimage\"},\"image\":{\"@id\":\"https:\/\/aflamo.shop\/de\/p\/aflamo-vigo-led-elektrokamin-eiche-hell-2d\/#primaryimage\"},\"thumbnailUrl\":\"https:\/\/aflamo.shop\/wp-content\/uploads\/2023\/06\/Projekt-bez-nazwy58.png\",\"datePublished\":\"2023-06-07T10:47:08+00:00\",\"breadcrumb\":{\"@id\":\"https:\/\/aflamo.shop\/de\/p\/aflamo-vigo-led-elektrokamin-eiche-hell-2d\/#breadcrumb\"},\"inLanguage\":\"de\",\"potentialAction\":[{\"@type\":\"ReadAction\",\"target\":[\"https:\/\/aflamo.shop\/de\/p\/aflamo-vigo-led-elektrokamin-eiche-hell-2d\/\"]}]},{\"@type\":\"ImageObject\",\"inLanguage\":\"de\",\"@id\":\"https:\/\/aflamo.shop\/de\/p\/aflamo-vigo-led-elektrokamin-eiche-hell-2d\/#primaryimage\",\"url\":\"https:\/\/aflamo.shop\/wp-content\/uploads\/2023\/06\/Projekt-bez-nazwy58.png\",\"contentUrl\":\"https:\/\/aflamo.shop\/wp-content\/uploads\/2023\/06\/Projekt-bez-nazwy58.png\",\"width\":2048,\"height\":2048},{\"@type\":\"BreadcrumbList\",\"@id\":\"https:\/\/aflamo.shop\/de\/p\/aflamo-vigo-led-elektrokamin-eiche-hell-2d\/#breadcrumb\",\"itemListElement\":[{\"@type\":\"ListItem\",\"position\":1,\"name\":\"Strona g\u0142\u00f3wna\",\"item\":\"https:\/\/aflamo.shop\/de\/startseite\/\"},{\"@type\":\"ListItem\",\"position\":2,\"name\":\"Shop\",\"item\":\"https:\/\/aflamo.shop\/shop\/\"},{\"@type\":\"ListItem\",\"position\":3,\"name\":\"Elektrische Kamine\",\"item\":\"https:\/\/aflamo.shop\/de\/s\/elektrische-kamine\/\"},{\"@type\":\"ListItem\",\"position\":4,\"name\":\"Elektrokamine mit Holzverkleidung\",\"item\":\"https:\/\/aflamo.shop\/de\/s\/elektrische-kamine\/elektrokamine-mit-holzverkleidung\/\"},{\"@type\":\"ListItem\",\"position\":5,\"name\":\"Aflamo Vigo LED Elektrokamin Eiche hell 2D\"}]},{\"@type\":\"WebSite\",\"@id\":\"https:\/\/aflamo.shop\/de\/#website\",\"url\":\"https:\/\/aflamo.shop\/de\/\",\"name\":\"aflamo.shop-zertifizierter aflamo-H\u00e4ndler\",\"description\":\"Kominki elektryczne Aflamo i Emotion Flame z funkcj\u0105 grzania\",\"potentialAction\":[{\"@type\":\"SearchAction\",\"target\":{\"@type\":\"EntryPoint\",\"urlTemplate\":\"https:\/\/aflamo.shop\/de\/?s={search_term_string}\"},\"query-input\":{\"@type\":\"PropertyValueSpecification\",\"valueRequired\":true,\"valueName\":\"search_term_string\"}}],\"inLanguage\":\"de\"}]}<\/script>\n<!-- \/ Yoast SEO plugin. -->","yoast_head_json":{"title":"Aflamo Vigo LED Elektrokamin Eiche hell 2D - aflamo.shop-zertifizierter aflamo-H\u00e4ndler","robots":{"index":"index","follow":"follow","max-snippet":"max-snippet:-1","max-image-preview":"max-image-preview:large","max-video-preview":"max-video-preview:-1"},"canonical":"https:\/\/aflamo.shop\/de\/p\/aflamo-vigo-led-elektrokamin-eiche-hell-2d\/","og_locale":"de_DE","og_type":"article","og_title":"Aflamo Vigo LED Elektrokamin Eiche hell 2D - aflamo.shop-zertifizierter aflamo-H\u00e4ndler","og_description":"Hersteller: Aflamo Bedienungs- und Sicherheitshinweise Abmessungen: 90x90x30","og_url":"https:\/\/aflamo.shop\/de\/p\/aflamo-vigo-led-elektrokamin-eiche-hell-2d\/","og_site_name":"aflamo.shop-zertifizierter aflamo-H\u00e4ndler","og_image":[{"width":1018,"height":1024,"url":"https:\/\/aflamo.shop\/wp-content\/uploads\/2023\/05\/vigo-sonoma-2.jpg","type":"image\/jpeg"}],"twitter_card":"summary_large_image","twitter_misc":{"Gesch\u00e4tzte Lesezeit":"3\u00a0Minuten"},"schema":{"@context":"https:\/\/schema.org","@graph":[{"@type":"WebPage","@id":"https:\/\/aflamo.shop\/de\/p\/aflamo-vigo-led-elektrokamin-eiche-hell-2d\/","url":"https:\/\/aflamo.shop\/de\/p\/aflamo-vigo-led-elektrokamin-eiche-hell-2d\/","name":"Aflamo Vigo LED Elektrokamin Eiche hell 2D - aflamo.shop-zertifizierter aflamo-H\u00e4ndler","isPartOf":{"@id":"https:\/\/aflamo.shop\/de\/#website"},"primaryImageOfPage":{"@id":"https:\/\/aflamo.shop\/de\/p\/aflamo-vigo-led-elektrokamin-eiche-hell-2d\/#primaryimage"},"image":{"@id":"https:\/\/aflamo.shop\/de\/p\/aflamo-vigo-led-elektrokamin-eiche-hell-2d\/#primaryimage"},"thumbnailUrl":"https:\/\/aflamo.shop\/wp-content\/uploads\/2023\/06\/Projekt-bez-nazwy58.png","datePublished":"2023-06-07T10:47:08+00:00","breadcrumb":{"@id":"https:\/\/aflamo.shop\/de\/p\/aflamo-vigo-led-elektrokamin-eiche-hell-2d\/#breadcrumb"},"inLanguage":"de","potentialAction":[{"@type":"ReadAction","target":["https:\/\/aflamo.shop\/de\/p\/aflamo-vigo-led-elektrokamin-eiche-hell-2d\/"]}]},{"@type":"ImageObject","inLanguage":"de","@id":"https:\/\/aflamo.shop\/de\/p\/aflamo-vigo-led-elektrokamin-eiche-hell-2d\/#primaryimage","url":"https:\/\/aflamo.shop\/wp-content\/uploads\/2023\/06\/Projekt-bez-nazwy58.png","contentUrl":"https:\/\/aflamo.shop\/wp-content\/uploads\/2023\/06\/Projekt-bez-nazwy58.png","width":2048,"height":2048},{"@type":"BreadcrumbList","@id":"https:\/\/aflamo.shop\/de\/p\/aflamo-vigo-led-elektrokamin-eiche-hell-2d\/#breadcrumb","itemListElement":[{"@type":"ListItem","position":1,"name":"Strona g\u0142\u00f3wna","item":"https:\/\/aflamo.shop\/de\/startseite\/"},{"@type":"ListItem","position":2,"name":"Shop","item":"https:\/\/aflamo.shop\/shop\/"},{"@type":"ListItem","position":3,"name":"Elektrische Kamine","item":"https:\/\/aflamo.shop\/de\/s\/elektrische-kamine\/"},{"@type":"ListItem","position":4,"name":"Elektrokamine mit Holzverkleidung","item":"https:\/\/aflamo.shop\/de\/s\/elektrische-kamine\/elektrokamine-mit-holzverkleidung\/"},{"@type":"ListItem","position":5,"name":"Aflamo Vigo LED Elektrokamin Eiche hell 2D"}]},{"@type":"WebSite","@id":"https:\/\/aflamo.shop\/de\/#website","url":"https:\/\/aflamo.shop\/de\/","name":"aflamo.shop-zertifizierter aflamo-H\u00e4ndler","description":"Kominki elektryczne Aflamo i Emotion Flame z funkcj\u0105 grzania","potentialAction":[{"@type":"SearchAction","target":{"@type":"EntryPoint","urlTemplate":"https:\/\/aflamo.shop\/de\/?s={search_term_string}"},"query-input":{"@type":"PropertyValueSpecification","valueRequired":true,"valueName":"search_term_string"}}],"inLanguage":"de"}]}},"_links":{"self":[{"href":"https:\/\/aflamo.shop\/de\/wp-json\/wp\/v2\/product\/17239","targetHints":{"allow":["GET"]}}],"collection":[{"href":"https:\/\/aflamo.shop\/de\/wp-json\/wp\/v2\/product"}],"about":[{"href":"https:\/\/aflamo.shop\/de\/wp-json\/wp\/v2\/types\/product"}],"replies":[{"embeddable":true,"href":"https:\/\/aflamo.shop\/de\/wp-json\/wp\/v2\/comments?post=17239"}],"wp:featuredmedia":[{"embeddable":true,"href":"https:\/\/aflamo.shop\/de\/wp-json\/wp\/v2\/media\/22326"}],"wp:attachment":[{"href":"https:\/\/aflamo.shop\/de\/wp-json\/wp\/v2\/media?parent=17239"}],"wp:term":[{"taxonomy":"product_brand","embeddable":true,"href":"https:\/\/aflamo.shop\/de\/wp-json\/wp\/v2\/product_brand?post=17239"},{"taxonomy":"product_cat","embeddable":true,"href":"https:\/\/aflamo.shop\/de\/wp-json\/wp\/v2\/product_cat?post=17239"},{"taxonomy":"product_tag","embeddable":true,"href":"https:\/\/aflamo.shop\/de\/wp-json\/wp\/v2\/product_tag?post=17239"}],"curies":[{"name":"wp","href":"https:\/\/api.w.org\/{rel}","templated":true}]}}