{"id":17236,"date":"2023-06-14T09:10:33","date_gmt":"2023-06-14T09:10:33","guid":{"rendered":"https:\/\/aflamo.shop\/p\/led-elektrokamin-aflamo-vigo-eiche-hell-nh-ohne-heizfunktion\/"},"modified":"2023-06-14T09:10:33","modified_gmt":"2023-06-14T09:10:33","slug":"led-elektrokamin-aflamo-vigo-eiche-hell-nh-ohne-heizfunktion","status":"publish","type":"product","link":"https:\/\/aflamo.shop\/de\/p\/led-elektrokamin-aflamo-vigo-eiche-hell-nh-ohne-heizfunktion\/","title":{"rendered":"LED Elektrokamin Aflamo Vigo Eiche hell NH (ohne Heizfunktion)"},"content":{"rendered":"<p><iframe title=\"YouTube-Video-Player\" src=\"https:\/\/www.youtube.com\/embed\/r3RsfcfWdpA\" width=\"560\" height=\"315\" frameborder=\"0\" allowfullscreen=\"allowfullscreen\"><span style=\"display: inline-block; width: 0px; overflow: hidden; line-height: 0;\" data-mce-type=\"bookmark\" class=\"mce_SELRES_start\"><\/span><\/iframe><\/p>\n<h3><\/h3>\n<h3><strong>Eigenschaften des Kamins <img fetchpriority=\"high\" decoding=\"async\" class=\"alignright wp-image-5537 \" src=\"https:\/\/aflamo.shop\/wp-content\/uploads\/2023\/05\/unique_vigo-bialy-classic-%E2%80%94-kopia-300x183.jpg\" alt=\"\" width=\"387\" height=\"236\"><br \/>\n<\/strong><\/h3>\n<p>&nbsp;<\/p>\n<p>Klassisches Geh\u00e4use.<\/p>\n<p>Es vereint Eleganz und Modernit\u00e4t.<\/p>\n<p>Der Vigo-Kamin wird mit 2 verschiedenen Oberteilen geliefert.<\/p>\n<p>Der Kamin ist in vielen Farben erh\u00e4ltlich: Wei\u00df, Beton, Eiche, helle Eiche, Walnuss, Schwarz.<\/p>\n<p>&nbsp;<\/p>\n<p>&nbsp;<\/p>\n<p>&nbsp;<\/p>\n<p><strong>Elektroeinsatz LED 60 NH <\/strong><strong>     <img decoding=\"async\" class=\"alignright wp-image-6250 \" src=\"https:\/\/aflamo.shop\/wp-content\/uploads\/2023\/05\/unique_led60-nh-300x183.jpg\" alt=\"\" width=\"380\" height=\"232\" srcset=\"https:\/\/aflamo.shop\/wp-content\/uploads\/2023\/05\/unique_led60-nh-300x183.jpg 300w, https:\/\/aflamo.shop\/wp-content\/uploads\/2023\/05\/unique_led60-nh.jpg 492w\" sizes=\"(max-width: 380px) 100vw, 380px\" \/><br \/>\n<\/strong><\/p>\n<ol class=\"numlist\">\n<li>Realistische Flamme in 3 Farben: Orange, Orangeblau, Gelb<\/li>\n<li>D\u00fcnne Rahmen<\/li>\n<li><strong>kein Frontfenster<\/strong><\/li>\n<li>Fernsteuerung<\/li>\n<\/ol>\n<p>&nbsp;<\/p>\n<h3><\/h3>\n<p>&nbsp;<\/p>\n<p>&nbsp;<\/p>\n<p>&nbsp;<\/p>\n<h3><strong>Mobile Anwendung <img decoding=\"async\" class=\"alignright wp-image-7023 \" src=\"https:\/\/aflamo.shop\/wp-content\/uploads\/2023\/05\/unique_app_led60nh-1-300x183.jpg\" alt=\"\" width=\"500\" height=\"305\" srcset=\"https:\/\/aflamo.shop\/wp-content\/uploads\/2023\/05\/unique_app_led60nh-1-300x183.jpg 300w, https:\/\/aflamo.shop\/wp-content\/uploads\/2023\/05\/unique_app_led60nh-1.jpg 492w\" sizes=\"(max-width: 500px) 100vw, 500px\" \/><\/strong><\/h3>\n<p><strong>Verf\u00fcgbar auf Android- und iOS-Ger\u00e4ten<\/strong><\/p>\n<div class=\"naprzemienne-opis\">\n<p>Alle Kaminfunktionen \u00fcber Ihr Telefon verf\u00fcgbar.<\/p>\n<p>Nasz\u0105 aplikacj\u0119 mo\u017cna pobra\u0107 z Google Play oraz Apple Store wyszukuj\u0105c \u201cAFLAMO\u201d.<\/p>\n<\/div>\n<h3><\/h3>\n<p>&nbsp;<\/p>\n<p>&nbsp;<\/p>\n<p>&nbsp;<\/p>\n<p>&nbsp;<\/p>\n<h3><\/h3>\n<h3><strong>Flamme <img loading=\"lazy\" decoding=\"async\" class=\"alignright wp-image-2842 size-full\" src=\"https:\/\/aflamo.shop\/wp-content\/uploads\/2023\/05\/plomien-majestic.png\" alt=\"\" width=\"510\" height=\"533\" srcset=\"https:\/\/aflamo.shop\/wp-content\/uploads\/2023\/05\/plomien-majestic.png 510w, https:\/\/aflamo.shop\/wp-content\/uploads\/2023\/05\/plomien-majestic-287x300.png 287w\" sizes=\"(max-width: 510px) 100vw, 510px\" \/><\/strong><\/h3>\n<p>Die Flamme hat:<\/p>\n<div class=\"naprzemienne-opis\">\n<p><strong><span class=\"digit\">3<\/span><\/strong> Farben<\/p>\n<\/div>\n<h3><\/h3>\n<p>&nbsp;<\/p>\n<p>&nbsp;<\/p>\n<p>&nbsp;<\/p>\n<p>&nbsp;<\/p>\n<h3>Feuerstelle <img loading=\"lazy\" decoding=\"async\" class=\"alignright wp-image-2812 size-full\" src=\"https:\/\/aflamo.shop\/wp-content\/uploads\/2023\/05\/polana_krysztaly-e1603875138523.png\" alt=\"\" width=\"413\" height=\"297\" srcset=\"https:\/\/aflamo.shop\/wp-content\/uploads\/2023\/05\/polana_krysztaly-e1603875138523.png 413w, https:\/\/aflamo.shop\/wp-content\/uploads\/2023\/05\/polana_krysztaly-e1603875138523-300x216.png 300w\" sizes=\"(max-width: 413px) 100vw, 413px\" \/><\/h3>\n<p><strong><span class=\"digit\">2 <\/span><\/strong>Arten von Feuerstellen enthalten: Holzscheite, Kristalle.<br \/>\n<strong><span class=\"digit\">10 <\/span><\/strong>Farben der Feuerraumbeleuchtung.<br \/>\n<strong><span class=\"digit\">5 <\/span><\/strong>Helligkeitsstufen.<\/p>\n<h3><\/h3>\n<h3><\/h3>\n<p>&nbsp;<\/p>\n<h3><\/h3>\n<h3><strong>Kom<\/strong><strong>fort und Bequemlichkeit<\/strong><\/h3>\n<p>&nbsp;<\/p>\n<div class=\"col-12 col-md-6 cecha-col naprzemienne-txt naprzemienne-opis\">\n<ul>\n<li>Mit der Fernbedienung k\u00f6nnen Sie die Funktionen aus der Ferne steuern. So k\u00f6nnen Sie das Ger\u00e4t bequem bedienen, ohne vom Sofa aufstehen zu m\u00fcssen. <\/li>\n<li>Ben\u00f6tigt keine zus\u00e4tzliche Bel\u00fcftung.<\/li>\n<\/ul>\n<\/div>\n<div class=\"col-12 col-md-6 cecha-col naprzemienne-txt naprzemienne-opis\"><\/div>\n<div class=\"col-12 col-md-6 cecha-col naprzemienne-txt naprzemienne-opis\"><\/div>\n<div><\/div>\n<div><\/div>\n<h3><\/h3>\n<h3><strong>Technische Daten<\/strong><\/h3>\n<p>&nbsp;<\/p>\n<table width=\"548\" cellspacing=\"0\" cellpadding=\"2\">\n<tbody>\n<tr>\n<td width=\"216\">Flammeneffekt<\/td>\n<td width=\"324\">LED<\/td>\n<\/tr>\n<tr>\n<td width=\"216\">Mobile Anwendung\n<\/td>\n<td width=\"324\">ja<\/td>\n<\/tr>\n<tr>\n<td width=\"216\">Fernsteuerung<\/td>\n<td width=\"324\">ja<\/td>\n<\/tr>\n<tr>\n<td width=\"216\">Farbe\/Finish<\/td>\n<td width=\"324\">2 Arten von Oberteilen enthalten<\/td>\n<\/tr>\n<tr>\n<td width=\"216\">timer<\/td>\n<td width=\"324\">&#8211;<\/td>\n<\/tr>\n<tr>\n<td width=\"216\">W\u00f6chentlicher Programmierer<\/td>\n<td width=\"324\">&#8211;<\/td>\n<\/tr>\n<tr>\n<td width=\"216\">Heizfunktion<\/td>\n<td width=\"324\">nein<\/td>\n<\/tr>\n<tr>\n<td width=\"216\">Flammenunabh\u00e4ngige Heizfunktion<\/td>\n<td width=\"324\">&#8211;<\/td>\n<\/tr>\n<tr>\n<td width=\"216\">Heizleistung<\/td>\n<td width=\"324\">&#8211;<\/td>\n<\/tr>\n<tr>\n<td width=\"216\">Temperaturkontrolle<\/td>\n<td width=\"324\">&#8211;<\/td>\n<\/tr>\n<tr>\n<td width=\"216\">\u00dcberhitzungsschutz\n<\/td>\n<td width=\"324\">&#8211;<\/td>\n<\/tr>\n<tr>\n<td width=\"216\">Thermostat<\/td>\n<td width=\"324\">&#8211;<\/td>\n<\/tr>\n<tr>\n<td width=\"216\">Flamme<\/p>\n<\/td>\n<p>Palenisko<\/p>\n<td width=\"324\">3 Flammenfarben<\/p>\n<p>Lichtung, Kristalle<\/td>\n<\/tr>\n<tr>\n<td width=\"216\">Garantie<\/td>\n<td width=\"324\">2 Jahre<\/td>\n<\/tr>\n<tr>\n<td width=\"216\">L\u00e4nge des Netzkabels<\/td>\n<td width=\"324\">1,8 m<\/td>\n<\/tr>\n<tr>\n<td width=\"216\">Spannung<\/td>\n<td width=\"324\">220 V<\/td>\n<\/tr>\n<\/tbody>\n<\/table>\n<p>&nbsp;<\/p>\n<div class=\"flex flex-grow flex-col gap-3\">\n<div class=\"min-h-[20px] flex flex-col items-start gap-3 overflow-x-auto whitespace-pre-wrap break-words\">\n<div class=\"markdown prose w-full break-words dark:prose-invert light\">\n<p>Der LED-Elektrokamin namens \u201eVigo Light Oak NH\u201c ist ein Ger\u00e4t, das moderne Technik und elegantes Design vereint. Sein Geh\u00e4use aus heller Eiche verleiht dem Raum eine nat\u00fcrliche und angenehme Ausstrahlung und passt perfekt sowohl zu klassischen als auch zu modernen Inneneinrichtungen. <\/p>\n<p>Dieser Kamin verleiht dem Raum nicht nur Charme und Atmosph\u00e4re, sondern begeistert auch mit dem optischen Spektakel der Feuerillusion. Dank des fortschrittlichen LED-Beleuchtungssystems erzeugt der Kamin \u201eVigo Light Oak NH\u201c den Effekt brennenden Holzes, ohne tats\u00e4chliche W\u00e4rme abzugeben. Die Muster und Lichtreflexe imitieren die sanften Bewegungen von Flammen und Glut und erzeugen so den Eindruck eines authentischen Kamins, ohne dass Holz oder Brennstoff verbrannt werden muss.  <\/p>\n<p>Ein auff\u00e4lliger Aspekt dieses Kamins ist das Fehlen einer Heizfunktion. Dies bedeutet, dass Benutzer den sch\u00f6nen visuellen Effekt unabh\u00e4ngig von der Jahreszeit genie\u00dfen k\u00f6nnen, ohne sich Gedanken \u00fcber eine Erh\u00f6hung der Raumtemperatur machen zu m\u00fcssen. Dies ist eine perfekte L\u00f6sung f\u00fcr Menschen, die die Atmosph\u00e4re eines echten Kamins in ihr Zuhause bringen m\u00f6chten, ohne ihn zum Heizen verwenden zu m\u00fcssen.  <\/p>\n<p>\u201eVigo Light Oak NH\u201c ist nicht nur ein dekoratives Element, sondern auch eine \u00f6kologische Alternative zu herk\u00f6mmlichen Kaminen, da keine Rauch- und Ru\u00dfemissionen entstehen und kein Brennstoff ben\u00f6tigt wird. Dadurch entsteht eine einzigartige Aura der Ruhe und Behaglichkeit und verleiht jedem Innenraum, in dem es aufgestellt wird, einen einzigartigen Charakter. <\/p>\n<\/div>\n<\/div>\n<\/div>\n<p>&nbsp;<\/p>\n<h6><strong>Technische Zeichnung<\/strong><\/h6>\n<p>&nbsp;<\/p>\n<p>&nbsp;<\/p>\n<p><img loading=\"lazy\" decoding=\"async\" class=\"alignnone wp-image-5303 size-large\" src=\"https:\/\/aflamo.shop\/wp-content\/uploads\/2023\/05\/vigo-beton-2-1024x631.jpg\" alt=\"\" width=\"1024\" height=\"631\" srcset=\"https:\/\/aflamo.shop\/wp-content\/uploads\/2023\/05\/vigo-beton-2-1024x631.jpg 1024w, https:\/\/aflamo.shop\/wp-content\/uploads\/2023\/05\/vigo-beton-2-600x370.jpg 600w, https:\/\/aflamo.shop\/wp-content\/uploads\/2023\/05\/vigo-beton-2-300x185.jpg 300w, https:\/\/aflamo.shop\/wp-content\/uploads\/2023\/05\/vigo-beton-2-768x473.jpg 768w, https:\/\/aflamo.shop\/wp-content\/uploads\/2023\/05\/vigo-beton-2.jpg 1034w\" sizes=\"(max-width: 1024px) 100vw, 1024px\" \/> <img loading=\"lazy\" decoding=\"async\" class=\"alignnone wp-image-5309 size-full\" src=\"https:\/\/aflamo.shop\/wp-content\/uploads\/2023\/05\/vigo-beton-3.jpg\" alt=\"\" width=\"1024\" height=\"603\" srcset=\"https:\/\/aflamo.shop\/wp-content\/uploads\/2023\/05\/vigo-beton-3.jpg 1024w, https:\/\/aflamo.shop\/wp-content\/uploads\/2023\/05\/vigo-beton-3-600x353.jpg 600w, https:\/\/aflamo.shop\/wp-content\/uploads\/2023\/05\/vigo-beton-3-300x177.jpg 300w, https:\/\/aflamo.shop\/wp-content\/uploads\/2023\/05\/vigo-beton-3-768x452.jpg 768w\" sizes=\"(max-width: 1024px) 100vw, 1024px\" \/><\/p>\n<p>&nbsp;<\/p>\n","protected":false},"excerpt":{"rendered":"<p>Hersteller: Aflamo<\/p>\n<p><a href=\"https:\/\/aflamo.shop\/wp-content\/uploads\/2023\/05\/AV-INS23-NH_EN-PL-DE-IT-ES-FR-CS-SK-NL-4.pdf\">Bedienungs- und Sicherheitshinweise<\/a><\/p>\n<p>Abmessungen: 90x90x30<\/p>\n","protected":false},"featured_media":17237,"comment_status":"closed","ping_status":"closed","template":"","meta":[],"product_brand":[],"product_cat":[799,800,887],"product_tag":[],"class_list":{"0":"post-17236","1":"product","2":"type-product","3":"status-publish","4":"has-post-thumbnail","6":"product_cat-aflamo-de","7":"product_cat-elektrische-kamine","8":"product_cat-elektrokamine-mit-holzverkleidung","10":"first","11":"outofstock","12":"shipping-taxable","13":"purchasable","14":"product-type-simple"},"yoast_head":"<!-- This site is optimized with the Yoast SEO plugin v27.1.1 - https:\/\/yoast.com\/product\/yoast-seo-wordpress\/ -->\n<title>LED Elektrokamin Aflamo Vigo Eiche hell NH (ohne Heizfunktion) - aflamo.shop-zertifizierter aflamo-H\u00e4ndler<\/title>\n<meta name=\"robots\" content=\"index, follow, max-snippet:-1, max-image-preview:large, max-video-preview:-1\" \/>\n<link rel=\"canonical\" href=\"https:\/\/aflamo.shop\/de\/p\/led-elektrokamin-aflamo-vigo-eiche-hell-nh-ohne-heizfunktion\/\" \/>\n<meta property=\"og:locale\" content=\"de_DE\" \/>\n<meta property=\"og:type\" content=\"article\" \/>\n<meta property=\"og:title\" content=\"LED Elektrokamin Aflamo Vigo Eiche hell NH (ohne Heizfunktion) - aflamo.shop-zertifizierter aflamo-H\u00e4ndler\" \/>\n<meta property=\"og:description\" content=\"Hersteller: Aflamo Bedienungs- und Sicherheitshinweise Abmessungen: 90x90x30\" \/>\n<meta property=\"og:url\" content=\"https:\/\/aflamo.shop\/de\/p\/led-elektrokamin-aflamo-vigo-eiche-hell-nh-ohne-heizfunktion\/\" \/>\n<meta property=\"og:site_name\" content=\"aflamo.shop-zertifizierter aflamo-H\u00e4ndler\" \/>\n<meta property=\"og:image\" content=\"https:\/\/aflamo.shop\/wp-content\/uploads\/2023\/05\/Vigo_sonoma_classic_A1_LED60NH.jpg\" \/>\n\t<meta property=\"og:image:width\" content=\"2036\" \/>\n\t<meta property=\"og:image:height\" content=\"2048\" \/>\n\t<meta property=\"og:image:type\" content=\"image\/jpeg\" \/>\n<meta name=\"twitter:card\" content=\"summary_large_image\" \/>\n<meta name=\"twitter:label1\" content=\"Gesch\u00e4tzte Lesezeit\" \/>\n\t<meta name=\"twitter:data1\" content=\"2\u00a0Minuten\" \/>\n<script type=\"application\/ld+json\" class=\"yoast-schema-graph\">{\"@context\":\"https:\/\/schema.org\",\"@graph\":[{\"@type\":\"WebPage\",\"@id\":\"https:\/\/aflamo.shop\/de\/p\/led-elektrokamin-aflamo-vigo-eiche-hell-nh-ohne-heizfunktion\/\",\"url\":\"https:\/\/aflamo.shop\/de\/p\/led-elektrokamin-aflamo-vigo-eiche-hell-nh-ohne-heizfunktion\/\",\"name\":\"LED Elektrokamin Aflamo Vigo Eiche hell NH (ohne Heizfunktion) - aflamo.shop-zertifizierter aflamo-H\u00e4ndler\",\"isPartOf\":{\"@id\":\"https:\/\/aflamo.shop\/de\/#website\"},\"primaryImageOfPage\":{\"@id\":\"https:\/\/aflamo.shop\/de\/p\/led-elektrokamin-aflamo-vigo-eiche-hell-nh-ohne-heizfunktion\/#primaryimage\"},\"image\":{\"@id\":\"https:\/\/aflamo.shop\/de\/p\/led-elektrokamin-aflamo-vigo-eiche-hell-nh-ohne-heizfunktion\/#primaryimage\"},\"thumbnailUrl\":\"https:\/\/aflamo.shop\/wp-content\/uploads\/2023\/05\/Vigo_sonoma_classic_A1_LED60NH.jpg\",\"datePublished\":\"2023-06-14T09:10:33+00:00\",\"breadcrumb\":{\"@id\":\"https:\/\/aflamo.shop\/de\/p\/led-elektrokamin-aflamo-vigo-eiche-hell-nh-ohne-heizfunktion\/#breadcrumb\"},\"inLanguage\":\"de\",\"potentialAction\":[{\"@type\":\"ReadAction\",\"target\":[\"https:\/\/aflamo.shop\/de\/p\/led-elektrokamin-aflamo-vigo-eiche-hell-nh-ohne-heizfunktion\/\"]}]},{\"@type\":\"ImageObject\",\"inLanguage\":\"de\",\"@id\":\"https:\/\/aflamo.shop\/de\/p\/led-elektrokamin-aflamo-vigo-eiche-hell-nh-ohne-heizfunktion\/#primaryimage\",\"url\":\"https:\/\/aflamo.shop\/wp-content\/uploads\/2023\/05\/Vigo_sonoma_classic_A1_LED60NH.jpg\",\"contentUrl\":\"https:\/\/aflamo.shop\/wp-content\/uploads\/2023\/05\/Vigo_sonoma_classic_A1_LED60NH.jpg\",\"width\":2036,\"height\":2048},{\"@type\":\"BreadcrumbList\",\"@id\":\"https:\/\/aflamo.shop\/de\/p\/led-elektrokamin-aflamo-vigo-eiche-hell-nh-ohne-heizfunktion\/#breadcrumb\",\"itemListElement\":[{\"@type\":\"ListItem\",\"position\":1,\"name\":\"Strona g\u0142\u00f3wna\",\"item\":\"https:\/\/aflamo.shop\/de\/startseite\/\"},{\"@type\":\"ListItem\",\"position\":2,\"name\":\"Shop\",\"item\":\"https:\/\/aflamo.shop\/shop\/\"},{\"@type\":\"ListItem\",\"position\":3,\"name\":\"Elektrische Kamine\",\"item\":\"https:\/\/aflamo.shop\/de\/s\/elektrische-kamine\/\"},{\"@type\":\"ListItem\",\"position\":4,\"name\":\"Elektrokamine mit Holzverkleidung\",\"item\":\"https:\/\/aflamo.shop\/de\/s\/elektrische-kamine\/elektrokamine-mit-holzverkleidung\/\"},{\"@type\":\"ListItem\",\"position\":5,\"name\":\"LED Elektrokamin Aflamo Vigo Eiche hell NH (ohne Heizfunktion)\"}]},{\"@type\":\"WebSite\",\"@id\":\"https:\/\/aflamo.shop\/de\/#website\",\"url\":\"https:\/\/aflamo.shop\/de\/\",\"name\":\"aflamo.shop-zertifizierter aflamo-H\u00e4ndler\",\"description\":\"Kominki elektryczne Aflamo i Emotion Flame z funkcj\u0105 grzania\",\"potentialAction\":[{\"@type\":\"SearchAction\",\"target\":{\"@type\":\"EntryPoint\",\"urlTemplate\":\"https:\/\/aflamo.shop\/de\/?s={search_term_string}\"},\"query-input\":{\"@type\":\"PropertyValueSpecification\",\"valueRequired\":true,\"valueName\":\"search_term_string\"}}],\"inLanguage\":\"de\"}]}<\/script>\n<!-- \/ Yoast SEO plugin. -->","yoast_head_json":{"title":"LED Elektrokamin Aflamo Vigo Eiche hell NH (ohne Heizfunktion) - aflamo.shop-zertifizierter aflamo-H\u00e4ndler","robots":{"index":"index","follow":"follow","max-snippet":"max-snippet:-1","max-image-preview":"max-image-preview:large","max-video-preview":"max-video-preview:-1"},"canonical":"https:\/\/aflamo.shop\/de\/p\/led-elektrokamin-aflamo-vigo-eiche-hell-nh-ohne-heizfunktion\/","og_locale":"de_DE","og_type":"article","og_title":"LED Elektrokamin Aflamo Vigo Eiche hell NH (ohne Heizfunktion) - aflamo.shop-zertifizierter aflamo-H\u00e4ndler","og_description":"Hersteller: Aflamo Bedienungs- und Sicherheitshinweise Abmessungen: 90x90x30","og_url":"https:\/\/aflamo.shop\/de\/p\/led-elektrokamin-aflamo-vigo-eiche-hell-nh-ohne-heizfunktion\/","og_site_name":"aflamo.shop-zertifizierter aflamo-H\u00e4ndler","og_image":[{"width":2036,"height":2048,"url":"https:\/\/aflamo.shop\/wp-content\/uploads\/2023\/05\/Vigo_sonoma_classic_A1_LED60NH.jpg","type":"image\/jpeg"}],"twitter_card":"summary_large_image","twitter_misc":{"Gesch\u00e4tzte Lesezeit":"2\u00a0Minuten"},"schema":{"@context":"https:\/\/schema.org","@graph":[{"@type":"WebPage","@id":"https:\/\/aflamo.shop\/de\/p\/led-elektrokamin-aflamo-vigo-eiche-hell-nh-ohne-heizfunktion\/","url":"https:\/\/aflamo.shop\/de\/p\/led-elektrokamin-aflamo-vigo-eiche-hell-nh-ohne-heizfunktion\/","name":"LED Elektrokamin Aflamo Vigo Eiche hell NH (ohne Heizfunktion) - aflamo.shop-zertifizierter aflamo-H\u00e4ndler","isPartOf":{"@id":"https:\/\/aflamo.shop\/de\/#website"},"primaryImageOfPage":{"@id":"https:\/\/aflamo.shop\/de\/p\/led-elektrokamin-aflamo-vigo-eiche-hell-nh-ohne-heizfunktion\/#primaryimage"},"image":{"@id":"https:\/\/aflamo.shop\/de\/p\/led-elektrokamin-aflamo-vigo-eiche-hell-nh-ohne-heizfunktion\/#primaryimage"},"thumbnailUrl":"https:\/\/aflamo.shop\/wp-content\/uploads\/2023\/05\/Vigo_sonoma_classic_A1_LED60NH.jpg","datePublished":"2023-06-14T09:10:33+00:00","breadcrumb":{"@id":"https:\/\/aflamo.shop\/de\/p\/led-elektrokamin-aflamo-vigo-eiche-hell-nh-ohne-heizfunktion\/#breadcrumb"},"inLanguage":"de","potentialAction":[{"@type":"ReadAction","target":["https:\/\/aflamo.shop\/de\/p\/led-elektrokamin-aflamo-vigo-eiche-hell-nh-ohne-heizfunktion\/"]}]},{"@type":"ImageObject","inLanguage":"de","@id":"https:\/\/aflamo.shop\/de\/p\/led-elektrokamin-aflamo-vigo-eiche-hell-nh-ohne-heizfunktion\/#primaryimage","url":"https:\/\/aflamo.shop\/wp-content\/uploads\/2023\/05\/Vigo_sonoma_classic_A1_LED60NH.jpg","contentUrl":"https:\/\/aflamo.shop\/wp-content\/uploads\/2023\/05\/Vigo_sonoma_classic_A1_LED60NH.jpg","width":2036,"height":2048},{"@type":"BreadcrumbList","@id":"https:\/\/aflamo.shop\/de\/p\/led-elektrokamin-aflamo-vigo-eiche-hell-nh-ohne-heizfunktion\/#breadcrumb","itemListElement":[{"@type":"ListItem","position":1,"name":"Strona g\u0142\u00f3wna","item":"https:\/\/aflamo.shop\/de\/startseite\/"},{"@type":"ListItem","position":2,"name":"Shop","item":"https:\/\/aflamo.shop\/shop\/"},{"@type":"ListItem","position":3,"name":"Elektrische Kamine","item":"https:\/\/aflamo.shop\/de\/s\/elektrische-kamine\/"},{"@type":"ListItem","position":4,"name":"Elektrokamine mit Holzverkleidung","item":"https:\/\/aflamo.shop\/de\/s\/elektrische-kamine\/elektrokamine-mit-holzverkleidung\/"},{"@type":"ListItem","position":5,"name":"LED Elektrokamin Aflamo Vigo Eiche hell NH (ohne Heizfunktion)"}]},{"@type":"WebSite","@id":"https:\/\/aflamo.shop\/de\/#website","url":"https:\/\/aflamo.shop\/de\/","name":"aflamo.shop-zertifizierter aflamo-H\u00e4ndler","description":"Kominki elektryczne Aflamo i Emotion Flame z funkcj\u0105 grzania","potentialAction":[{"@type":"SearchAction","target":{"@type":"EntryPoint","urlTemplate":"https:\/\/aflamo.shop\/de\/?s={search_term_string}"},"query-input":{"@type":"PropertyValueSpecification","valueRequired":true,"valueName":"search_term_string"}}],"inLanguage":"de"}]}},"_links":{"self":[{"href":"https:\/\/aflamo.shop\/de\/wp-json\/wp\/v2\/product\/17236","targetHints":{"allow":["GET"]}}],"collection":[{"href":"https:\/\/aflamo.shop\/de\/wp-json\/wp\/v2\/product"}],"about":[{"href":"https:\/\/aflamo.shop\/de\/wp-json\/wp\/v2\/types\/product"}],"replies":[{"embeddable":true,"href":"https:\/\/aflamo.shop\/de\/wp-json\/wp\/v2\/comments?post=17236"}],"wp:featuredmedia":[{"embeddable":true,"href":"https:\/\/aflamo.shop\/de\/wp-json\/wp\/v2\/media\/17237"}],"wp:attachment":[{"href":"https:\/\/aflamo.shop\/de\/wp-json\/wp\/v2\/media?parent=17236"}],"wp:term":[{"taxonomy":"product_brand","embeddable":true,"href":"https:\/\/aflamo.shop\/de\/wp-json\/wp\/v2\/product_brand?post=17236"},{"taxonomy":"product_cat","embeddable":true,"href":"https:\/\/aflamo.shop\/de\/wp-json\/wp\/v2\/product_cat?post=17236"},{"taxonomy":"product_tag","embeddable":true,"href":"https:\/\/aflamo.shop\/de\/wp-json\/wp\/v2\/product_tag?post=17236"}],"curies":[{"name":"wp","href":"https:\/\/api.w.org\/{rel}","templated":true}]}}