{"id":17081,"date":"2023-06-14T11:11:33","date_gmt":"2023-06-14T11:11:33","guid":{"rendered":"https:\/\/aflamo.shop\/p\/biokamin-aflamo-poker-beton\/"},"modified":"2025-05-15T12:50:01","modified_gmt":"2025-05-15T12:50:01","slug":"biokamin-aflamo-poker-beton","status":"publish","type":"product","link":"https:\/\/aflamo.shop\/de\/p\/biokamin-aflamo-poker-beton\/","title":{"rendered":"Biokamin Aflamo Poker Beton"},"content":{"rendered":"<h3><strong>Eigenschaften des Kamins<img fetchpriority=\"high\" decoding=\"async\" class=\"alignright wp-image-7483 \" src=\"https:\/\/aflamo.shop\/wp-content\/uploads\/2023\/06\/Poker_concrete_front_BIO-scaled-1-291x300.jpg\" alt=\"\" width=\"422\" height=\"435\" srcset=\"https:\/\/aflamo.shop\/wp-content\/uploads\/2023\/06\/Poker_concrete_front_BIO-scaled-1-291x300.jpg 291w, https:\/\/aflamo.shop\/wp-content\/uploads\/2023\/06\/Poker_concrete_front_BIO-scaled-1-600x619.jpg 600w, https:\/\/aflamo.shop\/wp-content\/uploads\/2023\/06\/Poker_concrete_front_BIO-scaled-1-993x1024.jpg 993w, https:\/\/aflamo.shop\/wp-content\/uploads\/2023\/06\/Poker_concrete_front_BIO-scaled-1-768x792.jpg 768w, https:\/\/aflamo.shop\/wp-content\/uploads\/2023\/06\/Poker_concrete_front_BIO-scaled-1-1490x1536.jpg 1490w, https:\/\/aflamo.shop\/wp-content\/uploads\/2023\/06\/Poker_concrete_front_BIO-scaled-1-1986x2048.jpg 1986w\" sizes=\"(max-width: 422px) 100vw, 422px\" \/><\/strong><\/h3>\n<p>&nbsp;<\/p>\n<p>Poker-Biokamine vereinen Modernit\u00e4t und klassischen Stil. Sie eignen sich sowohl f\u00fcr ein modernes Wohnzimmer als auch f\u00fcr ein B\u00fcro oder eine extravagante Einrichtung. Damit l\u00e4sst sich jeder Raum problemlos einrichten.  <\/p>\n<p>Der Kamin ist in den Farben Beton, Wei\u00df, Eiche und Walnuss erh\u00e4ltlich.<\/p>\n<p>&nbsp;<\/p>\n<div class=\"more-info\">\n<div class=\"tab-content\">\n<section id=\"idTab1\" class=\"page-product-box\">\n<div class=\"rte\">\n<div class=\"row\">\n<div id=\"\" class=\"col-xs-12 col-sm-6 \">\n<div id=\"\" class=\"eds-on-scroll eds-scroll-visible animated fadeInUp duration2\">\n<div id=\"\" class=\"eds-on-scroll eds-scroll-visible animated fadeInUp duration2\"><\/div>\n<div class=\"row\">\n<div id=\"\" class=\"col-xs-12 col-sm-6 \">\n<div id=\"\" class=\"eds-on-scroll eds-scroll-visible animated fadeInUp duration2\">\n<p>&nbsp;<\/p>\n<p>&nbsp;<\/p>\n<h3><\/h3>\n<h3><\/h3>\n<h3><\/h3>\n<h3><strong>Beitrag<\/strong><\/h3>\n<p>&nbsp;<\/p>\n<ul>\n<li>Farbe: Mattschwarz<\/li>\n<li>vollst\u00e4ndig aus Stahl gefertigt<\/li>\n<li>mit hitze- und besch\u00e4digungsbest\u00e4ndiger Farbe lackiert<\/li>\n<\/ul>\n<p><strong>Brenner<img decoding=\"async\" class=\"alignright wp-image-7489 \" src=\"https:\/\/aflamo.shop\/wp-content\/uploads\/2023\/06\/BIO_50_front-248x300.jpg\" alt=\"\" width=\"355\" height=\"430\" srcset=\"https:\/\/aflamo.shop\/wp-content\/uploads\/2023\/06\/BIO_50_front-248x300.jpg 248w, https:\/\/aflamo.shop\/wp-content\/uploads\/2023\/06\/BIO_50_front-600x725.jpg 600w, https:\/\/aflamo.shop\/wp-content\/uploads\/2023\/06\/BIO_50_front-847x1024.jpg 847w, https:\/\/aflamo.shop\/wp-content\/uploads\/2023\/06\/BIO_50_front-768x928.jpg 768w, https:\/\/aflamo.shop\/wp-content\/uploads\/2023\/06\/BIO_50_front-1271x1536.jpg 1271w, https:\/\/aflamo.shop\/wp-content\/uploads\/2023\/06\/BIO_50_front.jpg 1486w\" sizes=\"(max-width: 355px) 100vw, 355px\" \/><\/strong><\/p>\n<\/div>\n<\/div>\n<\/div>\n<ul>\n<li>Tresor mit T\u00dcV-Zertifikat<\/li>\n<li>Das ausgekl\u00fcgelte Design gew\u00e4hrleistet eine gleichm\u00e4\u00dfige Verbrennung \u00fcber die gesamte Breite<\/li>\n<li>Keramikeinsatz reduziert das Risiko des Versch\u00fcttens von Biokraftstoff<\/li>\n<li>aus rostfreiem Stahl<\/li>\n<li>Brennerbreite 30,5 cm<\/li>\n<li>Breite der Schusslinie 22 cm<\/li>\n<li>Fassungsverm\u00f6gen 0,9 Liter<\/li>\n<li>Brenndauer 1,5h<\/li>\n<\/ul>\n<p>&nbsp;<\/p>\n<h3><strong>Ausr\u00fcstung<\/strong><\/h3>\n<p>&nbsp;<\/p>\n<ul>\n<li style=\"list-style-type: none;\">\n<ul>\n<li>eingebauter Einsatz<\/li>\n<li>T\u00dcV-zertifizierter Brenner<\/li>\n<li>Biokraftstofftrichter<\/li>\n<li>Montagezubeh\u00f6r<\/li>\n<\/ul>\n<\/li>\n<\/ul>\n<\/div>\n<p>Der Biokamin Poker ist ein einzigartiges Modell, das Modernit\u00e4t mit klassischem Charme harmonisch verbindet. Sein betonfarbenes Geh\u00e4use verleiht ihm einen rauen und modernen Charakter, der perfekt zu verschiedenen Einrichtungsstilen passt. Poker ist ein Biokamin, der den Charakter jedes Raumes unterstreicht, egal ob es sich um ein modernes Wohnzimmer, ein elegantes B\u00fcro oder auch ein extravagantes Interieur handelt.  <\/p>\n<p>Mit einer gro\u00dfen Auswahl an verf\u00fcgbaren Farben, darunter Beton, Wei\u00df, Eiche und Walnuss, bietet Ihnen der Poker-Biokamin die M\u00f6glichkeit, den Farbton auszuw\u00e4hlen, der am besten zu Ihrer Einrichtung passt. Dieses Ger\u00e4t bringt nicht nur stimmungsvolle Flammen in den Raum, sondern dient auch als attraktives Dekorationselement, das Aufmerksamkeit erregt und Charme verleiht. <\/p>\n<p>Wenn Sie von einem Kamin tr\u00e4umen, der Modernit\u00e4t und klassische Sch\u00f6nheit vereint, ist der Biokamin Poker eine ausgezeichnete Wahl. Durch die Farbvielfalt und die M\u00f6glichkeit, es an verschiedene Inneneinrichtungen anzupassen, k\u00f6nnen Sie es problemlos in jedem Raum platzieren und ihm so einen einzigartigen Charakter verleihen. <\/p>\n<div id=\"\" class=\"eds-on-scroll eds-scroll-visible animated fadeInUp duration2\">\n<h3><\/h3>\n<h3><strong>Technische Zeichnungen<\/strong><\/h3>\n<\/div>\n<\/div>\n<p>&nbsp;<\/p>\n<p>&nbsp;<\/p>\n<\/div>\n<\/div>\n<\/section>\n<\/div>\n<\/div>\n<p><img decoding=\"async\" class=\"alignnone wp-image-7495 size-full\" src=\"https:\/\/aflamo.shop\/wp-content\/uploads\/2023\/06\/Poker-900x842-1.png\" alt=\"\" width=\"900\" height=\"842\" srcset=\"https:\/\/aflamo.shop\/wp-content\/uploads\/2023\/06\/Poker-900x842-1.png 900w, https:\/\/aflamo.shop\/wp-content\/uploads\/2023\/06\/Poker-900x842-1-600x561.png 600w, https:\/\/aflamo.shop\/wp-content\/uploads\/2023\/06\/Poker-900x842-1-300x281.png 300w, https:\/\/aflamo.shop\/wp-content\/uploads\/2023\/06\/Poker-900x842-1-768x719.png 768w\" sizes=\"(max-width: 900px) 100vw, 900px\" \/><\/p>\n<p>&nbsp;<\/p>\n<p><strong> <\/strong><\/p>\n<p>&nbsp;<\/p>\n<p>&nbsp;<\/p>\n<p><strong> <\/strong><\/p>\n<p>&nbsp;<\/p>\n","protected":false},"excerpt":{"rendered":"<p><b>Verf\u00fcgbare Farben:<\/b><\/p>\n<ul>\n<li class=\"kp-szary\"><a href=\"https:\/\/aflamo.shop\/de\/p\/biokamin-aflamo-poker-beton\/\"><\/a><\/li>\n<li class=\"kp-bialy\"><a href=\"https:\/\/aflamo.shop\/de\/p\/biokamin-aflamo-poker-weis\/\"><\/a><\/li>\n<\/ul>\n<p><a href=\"https:\/\/aflamo.shop\/wp-content\/uploads\/2023\/06\/BIO_manual_EN-PL-DE-FR.pdf\">Bedienungs- und Sicherheitshinweise<\/a><\/p>\n<p><b>Abmessungen: 74x88x20<\/b><\/p>\n","protected":false},"featured_media":22168,"comment_status":"open","ping_status":"closed","template":"","meta":[],"product_brand":[],"product_cat":[799,991,992],"product_tag":[],"class_list":{"0":"post-17081","1":"product","2":"type-product","3":"status-publish","4":"has-post-thumbnail","6":"product_cat-aflamo-de","7":"product_cat-ethanol-kamin","8":"product_cat-ethanol-kamin-mit-verkleidung","10":"first","11":"instock","12":"shipping-taxable","13":"purchasable","14":"product-type-simple"},"yoast_head":"<!-- This site is optimized with the Yoast SEO plugin v27.1.1 - https:\/\/yoast.com\/product\/yoast-seo-wordpress\/ -->\n<title>Biokamin Aflamo Poker Beton - aflamo.shop-zertifizierter aflamo-H\u00e4ndler<\/title>\n<meta name=\"robots\" content=\"index, follow, max-snippet:-1, max-image-preview:large, max-video-preview:-1\" \/>\n<link rel=\"canonical\" href=\"https:\/\/aflamo.shop\/de\/p\/biokamin-aflamo-poker-beton\/\" \/>\n<meta property=\"og:locale\" content=\"de_DE\" \/>\n<meta property=\"og:type\" content=\"article\" \/>\n<meta property=\"og:title\" content=\"Biokamin Aflamo Poker Beton - aflamo.shop-zertifizierter aflamo-H\u00e4ndler\" \/>\n<meta property=\"og:description\" content=\"Verf\u00fcgbare Farben:       Bedienungs- und Sicherheitshinweise Abmessungen: 74x88x20\" \/>\n<meta property=\"og:url\" content=\"https:\/\/aflamo.shop\/de\/p\/biokamin-aflamo-poker-beton\/\" \/>\n<meta property=\"og:site_name\" content=\"aflamo.shop-zertifizierter aflamo-H\u00e4ndler\" \/>\n<meta property=\"article:modified_time\" content=\"2025-05-15T12:50:01+00:00\" \/>\n<meta property=\"og:image\" content=\"https:\/\/aflamo.shop\/wp-content\/uploads\/2023\/06\/Poker_concrete_front_BIO-scaled-2.jpg\" \/>\n\t<meta property=\"og:image:width\" content=\"2483\" \/>\n\t<meta property=\"og:image:height\" content=\"2560\" \/>\n\t<meta property=\"og:image:type\" content=\"image\/jpeg\" \/>\n<meta name=\"twitter:card\" content=\"summary_large_image\" \/>\n<meta name=\"twitter:label1\" content=\"Gesch\u00e4tzte Lesezeit\" \/>\n\t<meta name=\"twitter:data1\" content=\"3\u00a0Minuten\" \/>\n<script type=\"application\/ld+json\" class=\"yoast-schema-graph\">{\"@context\":\"https:\/\/schema.org\",\"@graph\":[{\"@type\":\"WebPage\",\"@id\":\"https:\/\/aflamo.shop\/de\/p\/biokamin-aflamo-poker-beton\/\",\"url\":\"https:\/\/aflamo.shop\/de\/p\/biokamin-aflamo-poker-beton\/\",\"name\":\"Biokamin Aflamo Poker Beton - aflamo.shop-zertifizierter aflamo-H\u00e4ndler\",\"isPartOf\":{\"@id\":\"https:\/\/aflamo.shop\/de\/#website\"},\"primaryImageOfPage\":{\"@id\":\"https:\/\/aflamo.shop\/de\/p\/biokamin-aflamo-poker-beton\/#primaryimage\"},\"image\":{\"@id\":\"https:\/\/aflamo.shop\/de\/p\/biokamin-aflamo-poker-beton\/#primaryimage\"},\"thumbnailUrl\":\"https:\/\/aflamo.shop\/wp-content\/uploads\/2023\/06\/Projekt-bez-nazwy33.png\",\"datePublished\":\"2023-06-14T11:11:33+00:00\",\"dateModified\":\"2025-05-15T12:50:01+00:00\",\"breadcrumb\":{\"@id\":\"https:\/\/aflamo.shop\/de\/p\/biokamin-aflamo-poker-beton\/#breadcrumb\"},\"inLanguage\":\"de\",\"potentialAction\":[{\"@type\":\"ReadAction\",\"target\":[\"https:\/\/aflamo.shop\/de\/p\/biokamin-aflamo-poker-beton\/\"]}]},{\"@type\":\"ImageObject\",\"inLanguage\":\"de\",\"@id\":\"https:\/\/aflamo.shop\/de\/p\/biokamin-aflamo-poker-beton\/#primaryimage\",\"url\":\"https:\/\/aflamo.shop\/wp-content\/uploads\/2023\/06\/Projekt-bez-nazwy33.png\",\"contentUrl\":\"https:\/\/aflamo.shop\/wp-content\/uploads\/2023\/06\/Projekt-bez-nazwy33.png\",\"width\":2048,\"height\":2048},{\"@type\":\"BreadcrumbList\",\"@id\":\"https:\/\/aflamo.shop\/de\/p\/biokamin-aflamo-poker-beton\/#breadcrumb\",\"itemListElement\":[{\"@type\":\"ListItem\",\"position\":1,\"name\":\"Strona g\u0142\u00f3wna\",\"item\":\"https:\/\/aflamo.shop\/de\/startseite\/\"},{\"@type\":\"ListItem\",\"position\":2,\"name\":\"Shop\",\"item\":\"https:\/\/aflamo.shop\/shop\/\"},{\"@type\":\"ListItem\",\"position\":3,\"name\":\"Aflamo\",\"item\":\"https:\/\/aflamo.shop\/de\/s\/aflamo-de\/\"},{\"@type\":\"ListItem\",\"position\":4,\"name\":\"Biokamin Aflamo Poker Beton\"}]},{\"@type\":\"WebSite\",\"@id\":\"https:\/\/aflamo.shop\/de\/#website\",\"url\":\"https:\/\/aflamo.shop\/de\/\",\"name\":\"aflamo.shop-zertifizierter aflamo-H\u00e4ndler\",\"description\":\"Kominki elektryczne Aflamo i Emotion Flame z funkcj\u0105 grzania\",\"potentialAction\":[{\"@type\":\"SearchAction\",\"target\":{\"@type\":\"EntryPoint\",\"urlTemplate\":\"https:\/\/aflamo.shop\/de\/?s={search_term_string}\"},\"query-input\":{\"@type\":\"PropertyValueSpecification\",\"valueRequired\":true,\"valueName\":\"search_term_string\"}}],\"inLanguage\":\"de\"}]}<\/script>\n<!-- \/ Yoast SEO plugin. -->","yoast_head_json":{"title":"Biokamin Aflamo Poker Beton - aflamo.shop-zertifizierter aflamo-H\u00e4ndler","robots":{"index":"index","follow":"follow","max-snippet":"max-snippet:-1","max-image-preview":"max-image-preview:large","max-video-preview":"max-video-preview:-1"},"canonical":"https:\/\/aflamo.shop\/de\/p\/biokamin-aflamo-poker-beton\/","og_locale":"de_DE","og_type":"article","og_title":"Biokamin Aflamo Poker Beton - aflamo.shop-zertifizierter aflamo-H\u00e4ndler","og_description":"Verf\u00fcgbare Farben:       Bedienungs- und Sicherheitshinweise Abmessungen: 74x88x20","og_url":"https:\/\/aflamo.shop\/de\/p\/biokamin-aflamo-poker-beton\/","og_site_name":"aflamo.shop-zertifizierter aflamo-H\u00e4ndler","article_modified_time":"2025-05-15T12:50:01+00:00","og_image":[{"width":2483,"height":2560,"url":"https:\/\/aflamo.shop\/wp-content\/uploads\/2023\/06\/Poker_concrete_front_BIO-scaled-2.jpg","type":"image\/jpeg"}],"twitter_card":"summary_large_image","twitter_misc":{"Gesch\u00e4tzte Lesezeit":"3\u00a0Minuten"},"schema":{"@context":"https:\/\/schema.org","@graph":[{"@type":"WebPage","@id":"https:\/\/aflamo.shop\/de\/p\/biokamin-aflamo-poker-beton\/","url":"https:\/\/aflamo.shop\/de\/p\/biokamin-aflamo-poker-beton\/","name":"Biokamin Aflamo Poker Beton - aflamo.shop-zertifizierter aflamo-H\u00e4ndler","isPartOf":{"@id":"https:\/\/aflamo.shop\/de\/#website"},"primaryImageOfPage":{"@id":"https:\/\/aflamo.shop\/de\/p\/biokamin-aflamo-poker-beton\/#primaryimage"},"image":{"@id":"https:\/\/aflamo.shop\/de\/p\/biokamin-aflamo-poker-beton\/#primaryimage"},"thumbnailUrl":"https:\/\/aflamo.shop\/wp-content\/uploads\/2023\/06\/Projekt-bez-nazwy33.png","datePublished":"2023-06-14T11:11:33+00:00","dateModified":"2025-05-15T12:50:01+00:00","breadcrumb":{"@id":"https:\/\/aflamo.shop\/de\/p\/biokamin-aflamo-poker-beton\/#breadcrumb"},"inLanguage":"de","potentialAction":[{"@type":"ReadAction","target":["https:\/\/aflamo.shop\/de\/p\/biokamin-aflamo-poker-beton\/"]}]},{"@type":"ImageObject","inLanguage":"de","@id":"https:\/\/aflamo.shop\/de\/p\/biokamin-aflamo-poker-beton\/#primaryimage","url":"https:\/\/aflamo.shop\/wp-content\/uploads\/2023\/06\/Projekt-bez-nazwy33.png","contentUrl":"https:\/\/aflamo.shop\/wp-content\/uploads\/2023\/06\/Projekt-bez-nazwy33.png","width":2048,"height":2048},{"@type":"BreadcrumbList","@id":"https:\/\/aflamo.shop\/de\/p\/biokamin-aflamo-poker-beton\/#breadcrumb","itemListElement":[{"@type":"ListItem","position":1,"name":"Strona g\u0142\u00f3wna","item":"https:\/\/aflamo.shop\/de\/startseite\/"},{"@type":"ListItem","position":2,"name":"Shop","item":"https:\/\/aflamo.shop\/shop\/"},{"@type":"ListItem","position":3,"name":"Aflamo","item":"https:\/\/aflamo.shop\/de\/s\/aflamo-de\/"},{"@type":"ListItem","position":4,"name":"Biokamin Aflamo Poker Beton"}]},{"@type":"WebSite","@id":"https:\/\/aflamo.shop\/de\/#website","url":"https:\/\/aflamo.shop\/de\/","name":"aflamo.shop-zertifizierter aflamo-H\u00e4ndler","description":"Kominki elektryczne Aflamo i Emotion Flame z funkcj\u0105 grzania","potentialAction":[{"@type":"SearchAction","target":{"@type":"EntryPoint","urlTemplate":"https:\/\/aflamo.shop\/de\/?s={search_term_string}"},"query-input":{"@type":"PropertyValueSpecification","valueRequired":true,"valueName":"search_term_string"}}],"inLanguage":"de"}]}},"_links":{"self":[{"href":"https:\/\/aflamo.shop\/de\/wp-json\/wp\/v2\/product\/17081","targetHints":{"allow":["GET"]}}],"collection":[{"href":"https:\/\/aflamo.shop\/de\/wp-json\/wp\/v2\/product"}],"about":[{"href":"https:\/\/aflamo.shop\/de\/wp-json\/wp\/v2\/types\/product"}],"replies":[{"embeddable":true,"href":"https:\/\/aflamo.shop\/de\/wp-json\/wp\/v2\/comments?post=17081"}],"wp:featuredmedia":[{"embeddable":true,"href":"https:\/\/aflamo.shop\/de\/wp-json\/wp\/v2\/media\/22168"}],"wp:attachment":[{"href":"https:\/\/aflamo.shop\/de\/wp-json\/wp\/v2\/media?parent=17081"}],"wp:term":[{"taxonomy":"product_brand","embeddable":true,"href":"https:\/\/aflamo.shop\/de\/wp-json\/wp\/v2\/product_brand?post=17081"},{"taxonomy":"product_cat","embeddable":true,"href":"https:\/\/aflamo.shop\/de\/wp-json\/wp\/v2\/product_cat?post=17081"},{"taxonomy":"product_tag","embeddable":true,"href":"https:\/\/aflamo.shop\/de\/wp-json\/wp\/v2\/product_tag?post=17081"}],"curies":[{"name":"wp","href":"https:\/\/api.w.org\/{rel}","templated":true}]}}