{"id":17078,"date":"2023-06-14T11:41:21","date_gmt":"2023-06-14T11:41:21","guid":{"rendered":"https:\/\/aflamo.shop\/p\/biokamin-aflamo-poker-weis\/"},"modified":"2025-05-15T12:49:27","modified_gmt":"2025-05-15T12:49:27","slug":"biokamin-aflamo-poker-weis","status":"publish","type":"product","link":"https:\/\/aflamo.shop\/de\/p\/biokamin-aflamo-poker-weis\/","title":{"rendered":"Biokamin Aflamo Poker wei\u00df"},"content":{"rendered":"<h3><strong>Eigenschaften des Kamins<img fetchpriority=\"high\" decoding=\"async\" class=\"alignright wp-image-7515 \" src=\"https:\/\/aflamo.shop\/wp-content\/uploads\/2023\/06\/Poker_white__right_LM_BIO-300x300.jpg\" alt=\"\" width=\"383\" height=\"383\" srcset=\"https:\/\/aflamo.shop\/wp-content\/uploads\/2023\/06\/Poker_white__right_LM_BIO-300x300.jpg 300w, https:\/\/aflamo.shop\/wp-content\/uploads\/2023\/06\/Poker_white__right_LM_BIO-100x100.jpg 100w, https:\/\/aflamo.shop\/wp-content\/uploads\/2023\/06\/Poker_white__right_LM_BIO-600x600.jpg 600w, https:\/\/aflamo.shop\/wp-content\/uploads\/2023\/06\/Poker_white__right_LM_BIO-1024x1024.jpg 1024w, https:\/\/aflamo.shop\/wp-content\/uploads\/2023\/06\/Poker_white__right_LM_BIO-150x150.jpg 150w, https:\/\/aflamo.shop\/wp-content\/uploads\/2023\/06\/Poker_white__right_LM_BIO-768x768.jpg 768w, https:\/\/aflamo.shop\/wp-content\/uploads\/2023\/06\/Poker_white__right_LM_BIO-1536x1536.jpg 1536w, https:\/\/aflamo.shop\/wp-content\/uploads\/2023\/06\/Poker_white__right_LM_BIO-2048x2048.jpg 2048w\" sizes=\"(max-width: 383px) 100vw, 383px\" \/><\/strong><\/h3>\n<p>&nbsp;<\/p>\n<p>Poker-Biokamine vereinen Modernit\u00e4t und klassischen Stil. Sie eignen sich sowohl f\u00fcr ein modernes Wohnzimmer als auch f\u00fcr ein B\u00fcro oder eine extravagante Einrichtung. Damit l\u00e4sst sich jeder Raum problemlos einrichten.  <\/p>\n<p>Der Kamin ist in den Farben Beton, Wei\u00df, Eiche und Walnuss erh\u00e4ltlich.<\/p>\n<p>&nbsp;<\/p>\n<div class=\"more-info\">\n<div class=\"tab-content\">\n<section id=\"idTab1\" class=\"page-product-box\">\n<div class=\"rte\">\n<div class=\"row\">\n<div id=\"\" class=\"col-xs-12 col-sm-6 \">\n<div id=\"\" class=\"eds-on-scroll eds-scroll-visible animated fadeInUp duration2\">\n<div id=\"\" class=\"eds-on-scroll eds-scroll-visible animated fadeInUp duration2\"><\/div>\n<div class=\"row\">\n<div id=\"\" class=\"col-xs-12 col-sm-6 \">\n<div id=\"\" class=\"eds-on-scroll eds-scroll-visible animated fadeInUp duration2\">\n<p>&nbsp;<\/p>\n<p>&nbsp;<\/p>\n<h3><\/h3>\n<h3><\/h3>\n<h3><\/h3>\n<h3><strong>Beitrag<\/strong><\/h3>\n<p>&nbsp;<\/p>\n<ul>\n<li>Farbe: Mattschwarz<\/li>\n<li>vollst\u00e4ndig aus Stahl gefertigt<\/li>\n<li>mit hitze- und besch\u00e4digungsbest\u00e4ndiger Farbe lackiert<\/li>\n<\/ul>\n<p><strong>Brenner<img decoding=\"async\" class=\"alignright wp-image-7489 \" src=\"https:\/\/aflamo.shop\/wp-content\/uploads\/2023\/06\/BIO_50_front-248x300.jpg\" alt=\"\" width=\"355\" height=\"430\" srcset=\"https:\/\/aflamo.shop\/wp-content\/uploads\/2023\/06\/BIO_50_front-248x300.jpg 248w, https:\/\/aflamo.shop\/wp-content\/uploads\/2023\/06\/BIO_50_front-600x725.jpg 600w, https:\/\/aflamo.shop\/wp-content\/uploads\/2023\/06\/BIO_50_front-847x1024.jpg 847w, https:\/\/aflamo.shop\/wp-content\/uploads\/2023\/06\/BIO_50_front-768x928.jpg 768w, https:\/\/aflamo.shop\/wp-content\/uploads\/2023\/06\/BIO_50_front-1271x1536.jpg 1271w, https:\/\/aflamo.shop\/wp-content\/uploads\/2023\/06\/BIO_50_front.jpg 1486w\" sizes=\"(max-width: 355px) 100vw, 355px\" \/><\/strong><\/p>\n<\/div>\n<\/div>\n<\/div>\n<ul>\n<li>Tresor mit T\u00dcV-Zertifikat<\/li>\n<li>Das ausgekl\u00fcgelte Design gew\u00e4hrleistet eine gleichm\u00e4\u00dfige Verbrennung \u00fcber die gesamte Breite<\/li>\n<li>Keramikeinsatz reduziert das Risiko des Versch\u00fcttens von Biokraftstoff<\/li>\n<li>aus rostfreiem Stahl<\/li>\n<li>Brennerbreite 30,5 cm<\/li>\n<li>Breite der Schusslinie 22 cm<\/li>\n<li>Fassungsverm\u00f6gen 0,9 Liter<\/li>\n<li>Brenndauer 1,5h<\/li>\n<\/ul>\n<p>&nbsp;<\/p>\n<h3><strong>Ausr\u00fcstung<\/strong><\/h3>\n<p>&nbsp;<\/p>\n<ul>\n<li style=\"list-style-type: none;\">\n<ul>\n<li>eingebauter Einsatz<\/li>\n<li>T\u00dcV-zertifizierter Brenner<\/li>\n<li>Biokraftstofftrichter<\/li>\n<li>Montagezubeh\u00f6r<\/li>\n<\/ul>\n<\/li>\n<\/ul>\n<\/div>\n<p>Der Biokamin Poker ist eine Kombination aus Modernit\u00e4t und klassischem Stil und zeichnet sich durch sein elegantes Design und seine Vielseitigkeit aus. Sein wei\u00dfes Geh\u00e4use verleiht ihm einen dezenten Charakter, der sich perfekt in verschiedene Einrichtungsstile einf\u00fcgt. Poker ist ein Biokamin, der einen wunderbaren dekorativen Akzent setzt und modernen Wohnzimmern, B\u00fcros und extravaganten Innenr\u00e4umen einen einzigartigen Charme verleiht.  <\/p>\n<p>Dank seiner Vielseitigkeit kann der Poker-Biokamin in den unterschiedlichsten R\u00e4umen seinen Platz finden. Seine F\u00e4higkeit, sich harmonisch in jede Umgebung einzuf\u00fcgen, macht es zu einer idealen L\u00f6sung f\u00fcr alle, die eine funktionale und \u00e4sthetische Dekoration suchen. Poker schafft eine warme Atmosph\u00e4re mit Flammen, die sowohl knallig als auch sicher sind.  <\/p>\n<p>Wenn Sie von einem Biokamin tr\u00e4umen, der Modernit\u00e4t und klassischen Stil perfekt widerspiegelt, ist Poker in Wei\u00df eine au\u00dfergew\u00f6hnliche Wahl. Seine F\u00e4higkeit, sich an unterschiedliche Kontexte anzupassen, macht ihn zu einer perfekten Erg\u00e4nzung Ihrer Inneneinrichtung und bringt den Charme von Flammen und Eleganz ein. <\/p>\n<div id=\"\" class=\"eds-on-scroll eds-scroll-visible animated fadeInUp duration2\">\n<h3><\/h3>\n<h3><strong>Technische Zeichnungen<\/strong><\/h3>\n<\/div>\n<\/div>\n<p>&nbsp;<\/p>\n<p>&nbsp;<\/p>\n<\/div>\n<\/div>\n<\/section>\n<\/div>\n<\/div>\n<p><img decoding=\"async\" class=\"alignnone wp-image-7495 size-full\" src=\"https:\/\/aflamo.shop\/wp-content\/uploads\/2023\/06\/Poker-900x842-1.png\" alt=\"\" width=\"900\" height=\"842\" srcset=\"https:\/\/aflamo.shop\/wp-content\/uploads\/2023\/06\/Poker-900x842-1.png 900w, https:\/\/aflamo.shop\/wp-content\/uploads\/2023\/06\/Poker-900x842-1-600x561.png 600w, https:\/\/aflamo.shop\/wp-content\/uploads\/2023\/06\/Poker-900x842-1-300x281.png 300w, https:\/\/aflamo.shop\/wp-content\/uploads\/2023\/06\/Poker-900x842-1-768x719.png 768w\" sizes=\"(max-width: 900px) 100vw, 900px\" \/><\/p>\n<p>&nbsp;<\/p>\n<p><strong> <\/strong><\/p>\n<p>&nbsp;<\/p>\n<p>&nbsp;<\/p>\n<p><strong> <\/strong><\/p>\n<p>&nbsp;<\/p>\n","protected":false},"excerpt":{"rendered":"<p>Hersteller: Aflamo<\/p>\n<p><b>Verf\u00fcgbare Farben:<\/b><\/p>\n<ul>\n<li class=\"kp-szary\"><a href=\"https:\/\/aflamo.shop\/de\/p\/biokamin-aflamo-poker-beton\/\">Beton<\/a><\/li>\n<li class=\"kp-bialy\"><a href=\"https:\/\/aflamo.shop\/de\/p\/biokamin-aflamo-poker-weis\/\">Wei\u00df<\/a><\/li>\n<\/ul>\n<p><a href=\"https:\/\/aflamo.shop\/wp-content\/uploads\/2023\/06\/BIO_manual_EN-PL-DE-FR.pdf\">Bedienungs- und Sicherheitshinweise<\/a><\/p>\n<p><b>Abmessungen: 74x88x20<\/b><\/p>\n","protected":false},"featured_media":22162,"comment_status":"open","ping_status":"closed","template":"","meta":[],"product_brand":[],"product_cat":[799,991,992],"product_tag":[],"class_list":{"0":"post-17078","1":"product","2":"type-product","3":"status-publish","4":"has-post-thumbnail","6":"product_cat-aflamo-de","7":"product_cat-ethanol-kamin","8":"product_cat-ethanol-kamin-mit-verkleidung","10":"first","11":"instock","12":"shipping-taxable","13":"purchasable","14":"product-type-simple"},"yoast_head":"<!-- This site is optimized with the Yoast SEO plugin v27.1.1 - https:\/\/yoast.com\/product\/yoast-seo-wordpress\/ -->\n<title>Biokamin Aflamo Poker wei\u00df - aflamo.shop-zertifizierter aflamo-H\u00e4ndler<\/title>\n<meta name=\"robots\" content=\"index, follow, max-snippet:-1, max-image-preview:large, max-video-preview:-1\" \/>\n<link rel=\"canonical\" href=\"https:\/\/aflamo.shop\/de\/p\/biokamin-aflamo-poker-weis\/\" \/>\n<meta property=\"og:locale\" content=\"de_DE\" \/>\n<meta property=\"og:type\" content=\"article\" \/>\n<meta property=\"og:title\" content=\"Biokamin Aflamo Poker wei\u00df - aflamo.shop-zertifizierter aflamo-H\u00e4ndler\" \/>\n<meta property=\"og:description\" content=\"Hersteller: Aflamo Verf\u00fcgbare Farben:   Beton  Wei\u00df  Bedienungs- und Sicherheitshinweise Abmessungen: 74x88x20\" \/>\n<meta property=\"og:url\" content=\"https:\/\/aflamo.shop\/de\/p\/biokamin-aflamo-poker-weis\/\" \/>\n<meta property=\"og:site_name\" content=\"aflamo.shop-zertifizierter aflamo-H\u00e4ndler\" \/>\n<meta property=\"article:modified_time\" content=\"2025-05-15T12:49:27+00:00\" \/>\n<meta property=\"og:image\" content=\"https:\/\/aflamo.shop\/wp-content\/uploads\/2023\/06\/Poker_white__right_LM_BIO.jpg\" \/>\n\t<meta property=\"og:image:width\" content=\"2500\" \/>\n\t<meta property=\"og:image:height\" content=\"2500\" \/>\n\t<meta property=\"og:image:type\" content=\"image\/jpeg\" \/>\n<meta name=\"twitter:card\" content=\"summary_large_image\" \/>\n<meta name=\"twitter:label1\" content=\"Gesch\u00e4tzte Lesezeit\" \/>\n\t<meta name=\"twitter:data1\" content=\"3\u00a0Minuten\" \/>\n<script type=\"application\/ld+json\" class=\"yoast-schema-graph\">{\"@context\":\"https:\/\/schema.org\",\"@graph\":[{\"@type\":\"WebPage\",\"@id\":\"https:\/\/aflamo.shop\/de\/p\/biokamin-aflamo-poker-weis\/\",\"url\":\"https:\/\/aflamo.shop\/de\/p\/biokamin-aflamo-poker-weis\/\",\"name\":\"Biokamin Aflamo Poker wei\u00df - aflamo.shop-zertifizierter aflamo-H\u00e4ndler\",\"isPartOf\":{\"@id\":\"https:\/\/aflamo.shop\/de\/#website\"},\"primaryImageOfPage\":{\"@id\":\"https:\/\/aflamo.shop\/de\/p\/biokamin-aflamo-poker-weis\/#primaryimage\"},\"image\":{\"@id\":\"https:\/\/aflamo.shop\/de\/p\/biokamin-aflamo-poker-weis\/#primaryimage\"},\"thumbnailUrl\":\"https:\/\/aflamo.shop\/wp-content\/uploads\/2023\/06\/Projekt-bez-nazwy32.png\",\"datePublished\":\"2023-06-14T11:41:21+00:00\",\"dateModified\":\"2025-05-15T12:49:27+00:00\",\"breadcrumb\":{\"@id\":\"https:\/\/aflamo.shop\/de\/p\/biokamin-aflamo-poker-weis\/#breadcrumb\"},\"inLanguage\":\"de\",\"potentialAction\":[{\"@type\":\"ReadAction\",\"target\":[\"https:\/\/aflamo.shop\/de\/p\/biokamin-aflamo-poker-weis\/\"]}]},{\"@type\":\"ImageObject\",\"inLanguage\":\"de\",\"@id\":\"https:\/\/aflamo.shop\/de\/p\/biokamin-aflamo-poker-weis\/#primaryimage\",\"url\":\"https:\/\/aflamo.shop\/wp-content\/uploads\/2023\/06\/Projekt-bez-nazwy32.png\",\"contentUrl\":\"https:\/\/aflamo.shop\/wp-content\/uploads\/2023\/06\/Projekt-bez-nazwy32.png\",\"width\":2048,\"height\":2048},{\"@type\":\"BreadcrumbList\",\"@id\":\"https:\/\/aflamo.shop\/de\/p\/biokamin-aflamo-poker-weis\/#breadcrumb\",\"itemListElement\":[{\"@type\":\"ListItem\",\"position\":1,\"name\":\"Strona g\u0142\u00f3wna\",\"item\":\"https:\/\/aflamo.shop\/de\/startseite\/\"},{\"@type\":\"ListItem\",\"position\":2,\"name\":\"Shop\",\"item\":\"https:\/\/aflamo.shop\/shop\/\"},{\"@type\":\"ListItem\",\"position\":3,\"name\":\"Aflamo\",\"item\":\"https:\/\/aflamo.shop\/de\/s\/aflamo-de\/\"},{\"@type\":\"ListItem\",\"position\":4,\"name\":\"Biokamin Aflamo Poker wei\u00df\"}]},{\"@type\":\"WebSite\",\"@id\":\"https:\/\/aflamo.shop\/de\/#website\",\"url\":\"https:\/\/aflamo.shop\/de\/\",\"name\":\"aflamo.shop-zertifizierter aflamo-H\u00e4ndler\",\"description\":\"Kominki elektryczne Aflamo i Emotion Flame z funkcj\u0105 grzania\",\"potentialAction\":[{\"@type\":\"SearchAction\",\"target\":{\"@type\":\"EntryPoint\",\"urlTemplate\":\"https:\/\/aflamo.shop\/de\/?s={search_term_string}\"},\"query-input\":{\"@type\":\"PropertyValueSpecification\",\"valueRequired\":true,\"valueName\":\"search_term_string\"}}],\"inLanguage\":\"de\"}]}<\/script>\n<!-- \/ Yoast SEO plugin. -->","yoast_head_json":{"title":"Biokamin Aflamo Poker wei\u00df - aflamo.shop-zertifizierter aflamo-H\u00e4ndler","robots":{"index":"index","follow":"follow","max-snippet":"max-snippet:-1","max-image-preview":"max-image-preview:large","max-video-preview":"max-video-preview:-1"},"canonical":"https:\/\/aflamo.shop\/de\/p\/biokamin-aflamo-poker-weis\/","og_locale":"de_DE","og_type":"article","og_title":"Biokamin Aflamo Poker wei\u00df - aflamo.shop-zertifizierter aflamo-H\u00e4ndler","og_description":"Hersteller: Aflamo Verf\u00fcgbare Farben:   Beton  Wei\u00df  Bedienungs- und Sicherheitshinweise Abmessungen: 74x88x20","og_url":"https:\/\/aflamo.shop\/de\/p\/biokamin-aflamo-poker-weis\/","og_site_name":"aflamo.shop-zertifizierter aflamo-H\u00e4ndler","article_modified_time":"2025-05-15T12:49:27+00:00","og_image":[{"width":2500,"height":2500,"url":"https:\/\/aflamo.shop\/wp-content\/uploads\/2023\/06\/Poker_white__right_LM_BIO.jpg","type":"image\/jpeg"}],"twitter_card":"summary_large_image","twitter_misc":{"Gesch\u00e4tzte Lesezeit":"3\u00a0Minuten"},"schema":{"@context":"https:\/\/schema.org","@graph":[{"@type":"WebPage","@id":"https:\/\/aflamo.shop\/de\/p\/biokamin-aflamo-poker-weis\/","url":"https:\/\/aflamo.shop\/de\/p\/biokamin-aflamo-poker-weis\/","name":"Biokamin Aflamo Poker wei\u00df - aflamo.shop-zertifizierter aflamo-H\u00e4ndler","isPartOf":{"@id":"https:\/\/aflamo.shop\/de\/#website"},"primaryImageOfPage":{"@id":"https:\/\/aflamo.shop\/de\/p\/biokamin-aflamo-poker-weis\/#primaryimage"},"image":{"@id":"https:\/\/aflamo.shop\/de\/p\/biokamin-aflamo-poker-weis\/#primaryimage"},"thumbnailUrl":"https:\/\/aflamo.shop\/wp-content\/uploads\/2023\/06\/Projekt-bez-nazwy32.png","datePublished":"2023-06-14T11:41:21+00:00","dateModified":"2025-05-15T12:49:27+00:00","breadcrumb":{"@id":"https:\/\/aflamo.shop\/de\/p\/biokamin-aflamo-poker-weis\/#breadcrumb"},"inLanguage":"de","potentialAction":[{"@type":"ReadAction","target":["https:\/\/aflamo.shop\/de\/p\/biokamin-aflamo-poker-weis\/"]}]},{"@type":"ImageObject","inLanguage":"de","@id":"https:\/\/aflamo.shop\/de\/p\/biokamin-aflamo-poker-weis\/#primaryimage","url":"https:\/\/aflamo.shop\/wp-content\/uploads\/2023\/06\/Projekt-bez-nazwy32.png","contentUrl":"https:\/\/aflamo.shop\/wp-content\/uploads\/2023\/06\/Projekt-bez-nazwy32.png","width":2048,"height":2048},{"@type":"BreadcrumbList","@id":"https:\/\/aflamo.shop\/de\/p\/biokamin-aflamo-poker-weis\/#breadcrumb","itemListElement":[{"@type":"ListItem","position":1,"name":"Strona g\u0142\u00f3wna","item":"https:\/\/aflamo.shop\/de\/startseite\/"},{"@type":"ListItem","position":2,"name":"Shop","item":"https:\/\/aflamo.shop\/shop\/"},{"@type":"ListItem","position":3,"name":"Aflamo","item":"https:\/\/aflamo.shop\/de\/s\/aflamo-de\/"},{"@type":"ListItem","position":4,"name":"Biokamin Aflamo Poker wei\u00df"}]},{"@type":"WebSite","@id":"https:\/\/aflamo.shop\/de\/#website","url":"https:\/\/aflamo.shop\/de\/","name":"aflamo.shop-zertifizierter aflamo-H\u00e4ndler","description":"Kominki elektryczne Aflamo i Emotion Flame z funkcj\u0105 grzania","potentialAction":[{"@type":"SearchAction","target":{"@type":"EntryPoint","urlTemplate":"https:\/\/aflamo.shop\/de\/?s={search_term_string}"},"query-input":{"@type":"PropertyValueSpecification","valueRequired":true,"valueName":"search_term_string"}}],"inLanguage":"de"}]}},"_links":{"self":[{"href":"https:\/\/aflamo.shop\/de\/wp-json\/wp\/v2\/product\/17078","targetHints":{"allow":["GET"]}}],"collection":[{"href":"https:\/\/aflamo.shop\/de\/wp-json\/wp\/v2\/product"}],"about":[{"href":"https:\/\/aflamo.shop\/de\/wp-json\/wp\/v2\/types\/product"}],"replies":[{"embeddable":true,"href":"https:\/\/aflamo.shop\/de\/wp-json\/wp\/v2\/comments?post=17078"}],"wp:featuredmedia":[{"embeddable":true,"href":"https:\/\/aflamo.shop\/de\/wp-json\/wp\/v2\/media\/22162"}],"wp:attachment":[{"href":"https:\/\/aflamo.shop\/de\/wp-json\/wp\/v2\/media?parent=17078"}],"wp:term":[{"taxonomy":"product_brand","embeddable":true,"href":"https:\/\/aflamo.shop\/de\/wp-json\/wp\/v2\/product_brand?post=17078"},{"taxonomy":"product_cat","embeddable":true,"href":"https:\/\/aflamo.shop\/de\/wp-json\/wp\/v2\/product_cat?post=17078"},{"taxonomy":"product_tag","embeddable":true,"href":"https:\/\/aflamo.shop\/de\/wp-json\/wp\/v2\/product_tag?post=17078"}],"curies":[{"name":"wp","href":"https:\/\/api.w.org\/{rel}","templated":true}]}}