{"id":17038,"date":"2023-06-14T12:44:14","date_gmt":"2023-06-14T12:44:14","guid":{"rendered":"https:\/\/aflamo.shop\/p\/biokamin-aflamo-rivia-weis\/"},"modified":"2025-05-15T12:48:51","modified_gmt":"2025-05-15T12:48:51","slug":"biokamin-aflamo-rivia-weis","status":"publish","type":"product","link":"https:\/\/aflamo.shop\/de\/p\/biokamin-aflamo-rivia-weis\/","title":{"rendered":"Biokamin Aflamo Rivia wei\u00df"},"content":{"rendered":"<h3><strong>Eigenschaften des Kamins <img fetchpriority=\"high\" decoding=\"async\" class=\"alignright wp-image-7746 \" src=\"https:\/\/aflamo.shop\/wp-content\/uploads\/2023\/06\/unique_rivia_bio-300x183.jpg\" alt=\"\" width=\"536\" height=\"327\" srcset=\"https:\/\/aflamo.shop\/wp-content\/uploads\/2023\/06\/unique_rivia_bio-300x183.jpg 300w, https:\/\/aflamo.shop\/wp-content\/uploads\/2023\/06\/unique_rivia_bio.jpg 492w\" sizes=\"(max-width: 536px) 100vw, 536px\" \/><\/strong><\/h3>\n<p>&nbsp;<\/p>\n<p>Rivia-Biokamine haben eine interessante Front mit Blumen darauf und die S\u00e4ulen sind mit in das Holz geschnitzten Streifen verziert.<\/p>\n<p>Der Kamin ist in den Farben Wei\u00df und Walnuss erh\u00e4ltlich.<\/p>\n<p>&nbsp;<\/p>\n<div class=\"more-info\">\n<div class=\"tab-content\">\n<section id=\"idTab1\" class=\"page-product-box\">\n<div class=\"rte\">\n<div class=\"row\">\n<div id=\"\" class=\"col-xs-12 col-sm-6 \">\n<div id=\"\" class=\"eds-on-scroll eds-scroll-visible animated fadeInUp duration2\">\n<div id=\"\" class=\"eds-on-scroll eds-scroll-visible animated fadeInUp duration2\"><\/div>\n<div class=\"row\">\n<div id=\"\" class=\"col-xs-12 col-sm-6 \">\n<div id=\"\" class=\"eds-on-scroll eds-scroll-visible animated fadeInUp duration2\">\n<p>&nbsp;<\/p>\n<p>&nbsp;<\/p>\n<h3><\/h3>\n<h3><\/h3>\n<h3><strong>Beitrag<\/strong><\/h3>\n<p>&nbsp;<\/p>\n<ul>\n<li>Farbe: Mattschwarz<\/li>\n<li>vollst\u00e4ndig aus Stahl gefertigt<\/li>\n<li>mit hitze- und besch\u00e4digungsbest\u00e4ndiger Farbe lackiert<\/li>\n<\/ul>\n<p><strong>Brenner<img decoding=\"async\" class=\"alignright wp-image-7163 \" src=\"https:\/\/aflamo.shop\/wp-content\/uploads\/2023\/05\/aflamo-bio-60-2_sq-1-300x300.jpg\" alt=\"\" width=\"401\" height=\"401\" srcset=\"https:\/\/aflamo.shop\/wp-content\/uploads\/2023\/05\/aflamo-bio-60-2_sq-1-300x300.jpg 300w, https:\/\/aflamo.shop\/wp-content\/uploads\/2023\/05\/aflamo-bio-60-2_sq-1-100x100.jpg 100w, https:\/\/aflamo.shop\/wp-content\/uploads\/2023\/05\/aflamo-bio-60-2_sq-1-600x600.jpg 600w, https:\/\/aflamo.shop\/wp-content\/uploads\/2023\/05\/aflamo-bio-60-2_sq-1-1024x1024.jpg 1024w, https:\/\/aflamo.shop\/wp-content\/uploads\/2023\/05\/aflamo-bio-60-2_sq-1-150x150.jpg 150w, https:\/\/aflamo.shop\/wp-content\/uploads\/2023\/05\/aflamo-bio-60-2_sq-1-768x768.jpg 768w, https:\/\/aflamo.shop\/wp-content\/uploads\/2023\/05\/aflamo-bio-60-2_sq-1.jpg 1388w\" sizes=\"(max-width: 401px) 100vw, 401px\" \/><\/strong><\/p>\n<\/div>\n<\/div>\n<\/div>\n<ul>\n<li>Tresor mit T\u00dcV-Zertifikat<\/li>\n<li>Das ausgekl\u00fcgelte Design gew\u00e4hrleistet eine gleichm\u00e4\u00dfige Verbrennung \u00fcber die gesamte Breite<\/li>\n<li>Keramikeinsatz reduziert das Risiko des Versch\u00fcttens von Biokraftstoff<\/li>\n<li>aus rostfreiem Stahl<\/li>\n<li>Brennerbreite 30,5 cm<\/li>\n<li>Breite der Schusslinie 22 cm<\/li>\n<li>Fassungsverm\u00f6gen 0,9 Liter<\/li>\n<li>Brenndauer 1,5h<\/li>\n<\/ul>\n<p>&nbsp;<\/p>\n<h3><strong>Ausr\u00fcstung<\/strong><\/h3>\n<p>&nbsp;<\/p>\n<ul>\n<li style=\"list-style-type: none;\">\n<ul>\n<li>eingebauter Einsatz<\/li>\n<li>T\u00dcV-zertifizierter Brenner<\/li>\n<li>Biokraftstofftrichter<\/li>\n<li>Montagezubeh\u00f6r<\/li>\n<\/ul>\n<\/li>\n<\/ul>\n<\/div>\n<p>Der Biokamin Rivia White ist ein einzigartiges Modell, das durch seine k\u00fcnstlerische Eleganz und raffinierten Details beeindruckt. Seine Vorderseite besticht durch sein au\u00dfergew\u00f6hnliches Design, wo zart eingearbeitete Verzierungen in Blumenform ihm einen subtilen Charme verleihen. Die S\u00e4ulen des Biokamins Rivia sind mit Rillenstreifen versehen, die ihm einen authentischen Charakter verleihen.  <\/p>\n<p>Der Rivia-Biokamin ist in zwei wundersch\u00f6nen Farben erh\u00e4ltlich \u2013 Walnuss und Wei\u00df \u2013 und l\u00e4sst sich an verschiedene Einrichtungsstile anpassen. Es ist nicht nur ein sch\u00f6nes Dekorationselement, sondern auch eine funktionale W\u00e4rmequelle. Der mit hitze- und besch\u00e4digungsbest\u00e4ndiger Farbe lackierte Biokamineinsatz garantiert Haltbarkeit und langfristige Nutzung.  <\/p>\n<p>Ein einzigartiges Merkmal des Rivia Bia\u0142a ist sein raffiniertes Brennerdesign, das eine gleichm\u00e4\u00dfige Verbrennung \u00fcber die gesamte Breite gew\u00e4hrleistet. Dadurch wirken die Flammen nicht nur realistisch, sondern auch wirkungsvoll. Dieser Biokamin schafft nicht nur eine zauberhafte Atmosph\u00e4re, sondern ist auch ein wundersch\u00f6nes Designelement, das jedem Raum Charakter verleiht.  <\/p>\n<h3><\/h3>\n<div id=\"\" class=\"eds-on-scroll eds-scroll-visible animated fadeInUp duration2\">\n<h3><strong>Technische Zeichnungen<\/strong><\/h3>\n<p>&nbsp;<\/p>\n<\/div>\n<p>&nbsp;<\/p>\n<\/div>\n<\/div>\n<\/div>\n<\/section>\n<\/div>\n<p><img decoding=\"async\" class=\"alignnone wp-image-4949 size-full\" src=\"https:\/\/aflamo.shop\/wp-content\/uploads\/2023\/05\/riviera-dab-2.jpg\" alt=\"\" width=\"1581\" height=\"745\" srcset=\"https:\/\/aflamo.shop\/wp-content\/uploads\/2023\/05\/riviera-dab-2.jpg 1581w, https:\/\/aflamo.shop\/wp-content\/uploads\/2023\/05\/riviera-dab-2-600x283.jpg 600w, https:\/\/aflamo.shop\/wp-content\/uploads\/2023\/05\/riviera-dab-2-300x141.jpg 300w, https:\/\/aflamo.shop\/wp-content\/uploads\/2023\/05\/riviera-dab-2-1024x483.jpg 1024w, https:\/\/aflamo.shop\/wp-content\/uploads\/2023\/05\/riviera-dab-2-768x362.jpg 768w, https:\/\/aflamo.shop\/wp-content\/uploads\/2023\/05\/riviera-dab-2-1536x724.jpg 1536w\" sizes=\"(max-width: 1581px) 100vw, 1581px\" \/><\/p>\n<div class=\"tab-content\">\n<section id=\"idTab1\" class=\"page-product-box\">\n<div class=\"rte\">\n<div class=\"row\">\n<p>&nbsp;<\/p>\n<\/div>\n<p>&nbsp;<\/p>\n<div class=\"row\">\n<p>&nbsp;<\/p>\n<\/div>\n<\/div>\n<\/section>\n<\/div>\n<\/div>\n<p>&nbsp;<\/p>\n<p>&nbsp;<\/p>\n<p><strong> <\/strong><\/p>\n<p>&nbsp;<\/p>\n<p>&nbsp;<\/p>\n<p><strong> <\/strong><\/p>\n<p>&nbsp;<\/p>\n","protected":false},"excerpt":{"rendered":"<p>Hersteller: Aflamo<\/p>\n<p>Verf\u00fcgbare Farben<\/p>\n<ul>\n<li class=\"kp-orzech\"><a href=\"https:\/\/aflamo.shop\/de\/p\/biokamin-aflamo-rivia-walnuss\/\">Nuss<\/a><\/li>\n<li class=\"kp-bialy\"><a href=\"https:\/\/aflamo.shop\/de\/p\/biokamin-aflamo-rivia-weis\/\">Wei\u00df<\/a><\/li>\n<\/ul>\n<p><a href=\"https:\/\/aflamo.shop\/wp-content\/uploads\/2023\/06\/BIO_manual_EN-PL-DE-FR.pdf\">Bedienungs- und Sicherheitshinweise<\/a><\/p>\n<p><b>Abmessungen: 102&#215;96,4&#215;29 cm<\/b><\/p>\n","protected":false},"featured_media":17039,"comment_status":"closed","ping_status":"closed","template":"","meta":[],"product_brand":[],"product_cat":[799,991,992],"product_tag":[],"class_list":{"0":"post-17038","1":"product","2":"type-product","3":"status-publish","4":"has-post-thumbnail","6":"product_cat-aflamo-de","7":"product_cat-ethanol-kamin","8":"product_cat-ethanol-kamin-mit-verkleidung","10":"first","11":"outofstock","12":"shipping-taxable","13":"purchasable","14":"product-type-simple"},"yoast_head":"<!-- This site is optimized with the Yoast SEO plugin v27.1.1 - https:\/\/yoast.com\/product\/yoast-seo-wordpress\/ -->\n<title>Biokamin Aflamo Rivia wei\u00df - aflamo.shop-zertifizierter aflamo-H\u00e4ndler<\/title>\n<meta name=\"robots\" content=\"index, follow, max-snippet:-1, max-image-preview:large, max-video-preview:-1\" \/>\n<link rel=\"canonical\" href=\"https:\/\/aflamo.shop\/de\/p\/biokamin-aflamo-rivia-weis\/\" \/>\n<meta property=\"og:locale\" content=\"de_DE\" \/>\n<meta property=\"og:type\" content=\"article\" \/>\n<meta property=\"og:title\" content=\"Biokamin Aflamo Rivia wei\u00df - aflamo.shop-zertifizierter aflamo-H\u00e4ndler\" \/>\n<meta property=\"og:description\" content=\"Hersteller: Aflamo Verf\u00fcgbare Farben      Nuss  Wei\u00df  Bedienungs- und Sicherheitshinweise Abmessungen: 102x96,4x29 cm\" \/>\n<meta property=\"og:url\" content=\"https:\/\/aflamo.shop\/de\/p\/biokamin-aflamo-rivia-weis\/\" \/>\n<meta property=\"og:site_name\" content=\"aflamo.shop-zertifizierter aflamo-H\u00e4ndler\" \/>\n<meta property=\"article:modified_time\" content=\"2025-05-15T12:48:51+00:00\" \/>\n<meta property=\"og:image\" content=\"https:\/\/aflamo.shop\/wp-content\/uploads\/2023\/06\/Rivia_white_front_BIO_sq.jpg\" \/>\n\t<meta property=\"og:image:width\" content=\"2248\" \/>\n\t<meta property=\"og:image:height\" content=\"2248\" \/>\n\t<meta property=\"og:image:type\" content=\"image\/jpeg\" \/>\n<meta name=\"twitter:card\" content=\"summary_large_image\" \/>\n<meta name=\"twitter:label1\" content=\"Gesch\u00e4tzte Lesezeit\" \/>\n\t<meta name=\"twitter:data1\" content=\"3\u00a0Minuten\" \/>\n<script type=\"application\/ld+json\" class=\"yoast-schema-graph\">{\"@context\":\"https:\/\/schema.org\",\"@graph\":[{\"@type\":\"WebPage\",\"@id\":\"https:\/\/aflamo.shop\/de\/p\/biokamin-aflamo-rivia-weis\/\",\"url\":\"https:\/\/aflamo.shop\/de\/p\/biokamin-aflamo-rivia-weis\/\",\"name\":\"Biokamin Aflamo Rivia wei\u00df - aflamo.shop-zertifizierter aflamo-H\u00e4ndler\",\"isPartOf\":{\"@id\":\"https:\/\/aflamo.shop\/de\/#website\"},\"primaryImageOfPage\":{\"@id\":\"https:\/\/aflamo.shop\/de\/p\/biokamin-aflamo-rivia-weis\/#primaryimage\"},\"image\":{\"@id\":\"https:\/\/aflamo.shop\/de\/p\/biokamin-aflamo-rivia-weis\/#primaryimage\"},\"thumbnailUrl\":\"https:\/\/aflamo.shop\/wp-content\/uploads\/2023\/06\/Rivia_white_front_BIO_sq.jpg\",\"datePublished\":\"2023-06-14T12:44:14+00:00\",\"dateModified\":\"2025-05-15T12:48:51+00:00\",\"breadcrumb\":{\"@id\":\"https:\/\/aflamo.shop\/de\/p\/biokamin-aflamo-rivia-weis\/#breadcrumb\"},\"inLanguage\":\"de\",\"potentialAction\":[{\"@type\":\"ReadAction\",\"target\":[\"https:\/\/aflamo.shop\/de\/p\/biokamin-aflamo-rivia-weis\/\"]}]},{\"@type\":\"ImageObject\",\"inLanguage\":\"de\",\"@id\":\"https:\/\/aflamo.shop\/de\/p\/biokamin-aflamo-rivia-weis\/#primaryimage\",\"url\":\"https:\/\/aflamo.shop\/wp-content\/uploads\/2023\/06\/Rivia_white_front_BIO_sq.jpg\",\"contentUrl\":\"https:\/\/aflamo.shop\/wp-content\/uploads\/2023\/06\/Rivia_white_front_BIO_sq.jpg\",\"width\":2248,\"height\":2248},{\"@type\":\"BreadcrumbList\",\"@id\":\"https:\/\/aflamo.shop\/de\/p\/biokamin-aflamo-rivia-weis\/#breadcrumb\",\"itemListElement\":[{\"@type\":\"ListItem\",\"position\":1,\"name\":\"Strona g\u0142\u00f3wna\",\"item\":\"https:\/\/aflamo.shop\/de\/startseite\/\"},{\"@type\":\"ListItem\",\"position\":2,\"name\":\"Shop\",\"item\":\"https:\/\/aflamo.shop\/shop\/\"},{\"@type\":\"ListItem\",\"position\":3,\"name\":\"Aflamo\",\"item\":\"https:\/\/aflamo.shop\/de\/s\/aflamo-de\/\"},{\"@type\":\"ListItem\",\"position\":4,\"name\":\"Biokamin Aflamo Rivia wei\u00df\"}]},{\"@type\":\"WebSite\",\"@id\":\"https:\/\/aflamo.shop\/de\/#website\",\"url\":\"https:\/\/aflamo.shop\/de\/\",\"name\":\"aflamo.shop-zertifizierter aflamo-H\u00e4ndler\",\"description\":\"Kominki elektryczne Aflamo i Emotion Flame z funkcj\u0105 grzania\",\"potentialAction\":[{\"@type\":\"SearchAction\",\"target\":{\"@type\":\"EntryPoint\",\"urlTemplate\":\"https:\/\/aflamo.shop\/de\/?s={search_term_string}\"},\"query-input\":{\"@type\":\"PropertyValueSpecification\",\"valueRequired\":true,\"valueName\":\"search_term_string\"}}],\"inLanguage\":\"de\"}]}<\/script>\n<!-- \/ Yoast SEO plugin. -->","yoast_head_json":{"title":"Biokamin Aflamo Rivia wei\u00df - aflamo.shop-zertifizierter aflamo-H\u00e4ndler","robots":{"index":"index","follow":"follow","max-snippet":"max-snippet:-1","max-image-preview":"max-image-preview:large","max-video-preview":"max-video-preview:-1"},"canonical":"https:\/\/aflamo.shop\/de\/p\/biokamin-aflamo-rivia-weis\/","og_locale":"de_DE","og_type":"article","og_title":"Biokamin Aflamo Rivia wei\u00df - aflamo.shop-zertifizierter aflamo-H\u00e4ndler","og_description":"Hersteller: Aflamo Verf\u00fcgbare Farben      Nuss  Wei\u00df  Bedienungs- und Sicherheitshinweise Abmessungen: 102x96,4x29 cm","og_url":"https:\/\/aflamo.shop\/de\/p\/biokamin-aflamo-rivia-weis\/","og_site_name":"aflamo.shop-zertifizierter aflamo-H\u00e4ndler","article_modified_time":"2025-05-15T12:48:51+00:00","og_image":[{"width":2248,"height":2248,"url":"https:\/\/aflamo.shop\/wp-content\/uploads\/2023\/06\/Rivia_white_front_BIO_sq.jpg","type":"image\/jpeg"}],"twitter_card":"summary_large_image","twitter_misc":{"Gesch\u00e4tzte Lesezeit":"3\u00a0Minuten"},"schema":{"@context":"https:\/\/schema.org","@graph":[{"@type":"WebPage","@id":"https:\/\/aflamo.shop\/de\/p\/biokamin-aflamo-rivia-weis\/","url":"https:\/\/aflamo.shop\/de\/p\/biokamin-aflamo-rivia-weis\/","name":"Biokamin Aflamo Rivia wei\u00df - aflamo.shop-zertifizierter aflamo-H\u00e4ndler","isPartOf":{"@id":"https:\/\/aflamo.shop\/de\/#website"},"primaryImageOfPage":{"@id":"https:\/\/aflamo.shop\/de\/p\/biokamin-aflamo-rivia-weis\/#primaryimage"},"image":{"@id":"https:\/\/aflamo.shop\/de\/p\/biokamin-aflamo-rivia-weis\/#primaryimage"},"thumbnailUrl":"https:\/\/aflamo.shop\/wp-content\/uploads\/2023\/06\/Rivia_white_front_BIO_sq.jpg","datePublished":"2023-06-14T12:44:14+00:00","dateModified":"2025-05-15T12:48:51+00:00","breadcrumb":{"@id":"https:\/\/aflamo.shop\/de\/p\/biokamin-aflamo-rivia-weis\/#breadcrumb"},"inLanguage":"de","potentialAction":[{"@type":"ReadAction","target":["https:\/\/aflamo.shop\/de\/p\/biokamin-aflamo-rivia-weis\/"]}]},{"@type":"ImageObject","inLanguage":"de","@id":"https:\/\/aflamo.shop\/de\/p\/biokamin-aflamo-rivia-weis\/#primaryimage","url":"https:\/\/aflamo.shop\/wp-content\/uploads\/2023\/06\/Rivia_white_front_BIO_sq.jpg","contentUrl":"https:\/\/aflamo.shop\/wp-content\/uploads\/2023\/06\/Rivia_white_front_BIO_sq.jpg","width":2248,"height":2248},{"@type":"BreadcrumbList","@id":"https:\/\/aflamo.shop\/de\/p\/biokamin-aflamo-rivia-weis\/#breadcrumb","itemListElement":[{"@type":"ListItem","position":1,"name":"Strona g\u0142\u00f3wna","item":"https:\/\/aflamo.shop\/de\/startseite\/"},{"@type":"ListItem","position":2,"name":"Shop","item":"https:\/\/aflamo.shop\/shop\/"},{"@type":"ListItem","position":3,"name":"Aflamo","item":"https:\/\/aflamo.shop\/de\/s\/aflamo-de\/"},{"@type":"ListItem","position":4,"name":"Biokamin Aflamo Rivia wei\u00df"}]},{"@type":"WebSite","@id":"https:\/\/aflamo.shop\/de\/#website","url":"https:\/\/aflamo.shop\/de\/","name":"aflamo.shop-zertifizierter aflamo-H\u00e4ndler","description":"Kominki elektryczne Aflamo i Emotion Flame z funkcj\u0105 grzania","potentialAction":[{"@type":"SearchAction","target":{"@type":"EntryPoint","urlTemplate":"https:\/\/aflamo.shop\/de\/?s={search_term_string}"},"query-input":{"@type":"PropertyValueSpecification","valueRequired":true,"valueName":"search_term_string"}}],"inLanguage":"de"}]}},"_links":{"self":[{"href":"https:\/\/aflamo.shop\/de\/wp-json\/wp\/v2\/product\/17038","targetHints":{"allow":["GET"]}}],"collection":[{"href":"https:\/\/aflamo.shop\/de\/wp-json\/wp\/v2\/product"}],"about":[{"href":"https:\/\/aflamo.shop\/de\/wp-json\/wp\/v2\/types\/product"}],"replies":[{"embeddable":true,"href":"https:\/\/aflamo.shop\/de\/wp-json\/wp\/v2\/comments?post=17038"}],"wp:featuredmedia":[{"embeddable":true,"href":"https:\/\/aflamo.shop\/de\/wp-json\/wp\/v2\/media\/17039"}],"wp:attachment":[{"href":"https:\/\/aflamo.shop\/de\/wp-json\/wp\/v2\/media?parent=17038"}],"wp:term":[{"taxonomy":"product_brand","embeddable":true,"href":"https:\/\/aflamo.shop\/de\/wp-json\/wp\/v2\/product_brand?post=17038"},{"taxonomy":"product_cat","embeddable":true,"href":"https:\/\/aflamo.shop\/de\/wp-json\/wp\/v2\/product_cat?post=17038"},{"taxonomy":"product_tag","embeddable":true,"href":"https:\/\/aflamo.shop\/de\/wp-json\/wp\/v2\/product_tag?post=17038"}],"curies":[{"name":"wp","href":"https:\/\/api.w.org\/{rel}","templated":true}]}}