{"id":17030,"date":"2023-06-14T13:25:26","date_gmt":"2023-06-14T13:25:26","guid":{"rendered":"https:\/\/aflamo.shop\/p\/biokamin-aflamo-simple-walnuss\/"},"modified":"2023-06-14T13:25:26","modified_gmt":"2023-06-14T13:25:26","slug":"biokamin-aflamo-simple-walnuss","status":"publish","type":"product","link":"https:\/\/aflamo.shop\/de\/p\/biokamin-aflamo-simple-walnuss\/","title":{"rendered":"Biokamin Aflamo Simple Walnuss"},"content":{"rendered":"<h3><\/h3>\n<p>&nbsp;<\/p>\n<h3><strong>Eigenschaften des Kamins <\/strong><\/h3>\n<h3><strong><img fetchpriority=\"high\" decoding=\"async\" class=\"alignright wp-image-7806 \" src=\"https:\/\/aflamo.shop\/wp-content\/uploads\/2023\/06\/simple-orzech_sq-300x300.jpg\" alt=\"\" width=\"431\" height=\"431\" srcset=\"https:\/\/aflamo.shop\/wp-content\/uploads\/2023\/06\/simple-orzech_sq-300x300.jpg 300w, https:\/\/aflamo.shop\/wp-content\/uploads\/2023\/06\/simple-orzech_sq-100x100.jpg 100w, https:\/\/aflamo.shop\/wp-content\/uploads\/2023\/06\/simple-orzech_sq-600x600.jpg 600w, https:\/\/aflamo.shop\/wp-content\/uploads\/2023\/06\/simple-orzech_sq-1024x1024.jpg 1024w, https:\/\/aflamo.shop\/wp-content\/uploads\/2023\/06\/simple-orzech_sq-150x150.jpg 150w, https:\/\/aflamo.shop\/wp-content\/uploads\/2023\/06\/simple-orzech_sq-768x768.jpg 768w, https:\/\/aflamo.shop\/wp-content\/uploads\/2023\/06\/simple-orzech_sq-1536x1536.jpg 1536w, https:\/\/aflamo.shop\/wp-content\/uploads\/2023\/06\/simple-orzech_sq.jpg 2048w\" sizes=\"(max-width: 431px) 100vw, 431px\" \/><\/strong><\/h3>\n<p>Eine minimalistische Form, die zwei Farben kombiniert.<\/p>\n<p>&nbsp;<\/p>\n<div class=\"more-info\">\n<div class=\"tab-content\">\n<section id=\"idTab1\" class=\"page-product-box\">\n<div class=\"rte\">\n<div class=\"row\">\n<div id=\"\" class=\"col-xs-12 col-sm-6 \">\n<div id=\"\" class=\"eds-on-scroll eds-scroll-visible animated fadeInUp duration2\">\n<div id=\"\" class=\"eds-on-scroll eds-scroll-visible animated fadeInUp duration2\"><\/div>\n<div class=\"row\">\n<div id=\"\" class=\"col-xs-12 col-sm-6 \">\n<div id=\"\" class=\"eds-on-scroll eds-scroll-visible animated fadeInUp duration2\">\n<p>&nbsp;<\/p>\n<p>&nbsp;<\/p>\n<h3><\/h3>\n<h3><\/h3>\n<h3><strong>Beitrag<\/strong><\/h3>\n<p>&nbsp;<\/p>\n<ul>\n<li>Farbe: Mattschwarz<\/li>\n<li>vollst\u00e4ndig aus Stahl gefertigt<\/li>\n<li>mit hitze- und besch\u00e4digungsbest\u00e4ndiger Farbe lackiert<\/li>\n<\/ul>\n<p><strong>Brenner<img decoding=\"async\" class=\"alignright wp-image-7163 \" src=\"https:\/\/aflamo.shop\/wp-content\/uploads\/2023\/05\/aflamo-bio-60-2_sq-1-300x300.jpg\" alt=\"\" width=\"401\" height=\"401\" srcset=\"https:\/\/aflamo.shop\/wp-content\/uploads\/2023\/05\/aflamo-bio-60-2_sq-1-300x300.jpg 300w, https:\/\/aflamo.shop\/wp-content\/uploads\/2023\/05\/aflamo-bio-60-2_sq-1-100x100.jpg 100w, https:\/\/aflamo.shop\/wp-content\/uploads\/2023\/05\/aflamo-bio-60-2_sq-1-600x600.jpg 600w, https:\/\/aflamo.shop\/wp-content\/uploads\/2023\/05\/aflamo-bio-60-2_sq-1-1024x1024.jpg 1024w, https:\/\/aflamo.shop\/wp-content\/uploads\/2023\/05\/aflamo-bio-60-2_sq-1-150x150.jpg 150w, https:\/\/aflamo.shop\/wp-content\/uploads\/2023\/05\/aflamo-bio-60-2_sq-1-768x768.jpg 768w, https:\/\/aflamo.shop\/wp-content\/uploads\/2023\/05\/aflamo-bio-60-2_sq-1.jpg 1388w\" sizes=\"(max-width: 401px) 100vw, 401px\" \/><\/strong><\/p>\n<\/div>\n<\/div>\n<\/div>\n<ul>\n<li>Tresor mit T\u00dcV-Zertifikat<\/li>\n<li>Das ausgekl\u00fcgelte Design gew\u00e4hrleistet eine gleichm\u00e4\u00dfige Verbrennung \u00fcber die gesamte Breite<\/li>\n<li>Keramikeinsatz reduziert das Risiko des Versch\u00fcttens von Biokraftstoff<\/li>\n<li>aus rostfreiem Stahl<\/li>\n<li>Brennerbreite 30,5 cm<\/li>\n<li>Breite der Schusslinie 22 cm<\/li>\n<li>Fassungsverm\u00f6gen 0,9 Liter<\/li>\n<li>Brenndauer 1,5h<\/li>\n<\/ul>\n<p>&nbsp;<\/p>\n<h3><strong>Ausr\u00fcstung<\/strong><\/h3>\n<p>&nbsp;<\/p>\n<ul>\n<li style=\"list-style-type: none;\">\n<ul>\n<li>eingebauter Einsatz<\/li>\n<li>T\u00dcV-zertifizierter Brenner<\/li>\n<li>Biokraftstofftrichter<\/li>\n<li>Montagezubeh\u00f6r<\/li>\n<\/ul>\n<\/li>\n<\/ul>\n<\/div>\n<p>Der Biokamin namens Simple ist eine perfekte Option f\u00fcr Liebhaber minimalistischen Designs und nat\u00fcrlichen Charmes. Sein Walnussgeh\u00e4use verleiht ihm ein warmes, gem\u00fctliches Aussehen, das sich perfekt in eine Vielzahl von Inneneinrichtungen einf\u00fcgt. Im Inneren befindet sich ein mattschwarzer Einsatz, der vollst\u00e4ndig aus Stahl besteht und ihm einen modernen und eleganten Charakter verleiht.  <\/p>\n<p>Was zeichnet den Simple Biokamin aus? Sein Brenner ist nicht nur eine Quelle sch\u00f6ner und realistischer Flammen, sondern auch eine Garantie f\u00fcr Sicherheit. Dieser Brenner ist T\u00dcV-zertifiziert, was seine hohe Qualit\u00e4t und die Einhaltung strenger Sicherheitsstandards best\u00e4tigt. So k\u00f6nnen Sie in aller Ruhe das stimmungsvolle Licht und die W\u00e4rme der Flammen genie\u00dfen.   <\/p>\n<p>Simple ist nicht nur ein Biokamin \u2013 es ist auch ein St\u00fcck Natur und Eleganz in Ihrem Interieur. Seine harmonische Optik, die die Farbe Walnuss mit dem matten Schwarz des Stahls verbindet, erzeugt einen einzigartigen Kontrast, der garantiert die Blicke auf sich zieht. Bringen Sie mit dem Simple-Biokamin nicht nur W\u00e4rme in Ihr Zuhause, sondern auch Sch\u00f6nheit und Stil.  <\/p>\n<h3><\/h3>\n<div id=\"\" class=\"eds-on-scroll eds-scroll-visible animated fadeInUp duration2\">\n<h3><strong>Technische Zeichnungen<\/strong><\/h3>\n<\/div>\n<p>&nbsp;<\/p>\n<div id=\"\" class=\"eds-on-scroll eds-scroll-visible animated fadeInUp duration2\">\n<p><img decoding=\"async\" class=\"alignnone wp-image-5001 size-full\" src=\"https:\/\/aflamo.shop\/wp-content\/uploads\/2023\/05\/simple-bialy-led-60-classic-3.jpg\" alt=\"\" width=\"975\" height=\"697\" srcset=\"https:\/\/aflamo.shop\/wp-content\/uploads\/2023\/05\/simple-bialy-led-60-classic-3.jpg 975w, https:\/\/aflamo.shop\/wp-content\/uploads\/2023\/05\/simple-bialy-led-60-classic-3-600x429.jpg 600w, https:\/\/aflamo.shop\/wp-content\/uploads\/2023\/05\/simple-bialy-led-60-classic-3-300x214.jpg 300w, https:\/\/aflamo.shop\/wp-content\/uploads\/2023\/05\/simple-bialy-led-60-classic-3-768x549.jpg 768w\" sizes=\"(max-width: 975px) 100vw, 975px\" \/><\/p>\n<\/div>\n<p>&nbsp;<\/p>\n<p>&nbsp;<\/p>\n<\/div>\n<\/div>\n<\/div>\n<\/section>\n<\/div>\n<p>&nbsp;<\/p>\n<div class=\"tab-content\">\n<section id=\"idTab1\" class=\"page-product-box\">\n<div class=\"rte\">\n<div class=\"row\">\n<p>&nbsp;<\/p>\n<\/div>\n<p>&nbsp;<\/p>\n<div class=\"row\">\n<p>&nbsp;<\/p>\n<\/div>\n<\/div>\n<\/section>\n<\/div>\n<\/div>\n<p>&nbsp;<\/p>\n<p>&nbsp;<\/p>\n<p><strong> <\/strong><\/p>\n<p>&nbsp;<\/p>\n<p>&nbsp;<\/p>\n<p><strong> <\/strong><\/p>\n<p>&nbsp;<\/p>\n","protected":false},"excerpt":{"rendered":"<p>Hersteller: Aflamo<\/p>\n<p><a href=\"https:\/\/aflamo.shop\/wp-content\/uploads\/2023\/06\/BIO_manual_EN-PL-DE-FR.pdf\">Bedienungs- und Sicherheitshinweise<\/a><\/p>\n<p><b>Abmessungen: 90x96x35<\/b><\/p>\n","protected":false},"featured_media":17031,"comment_status":"closed","ping_status":"closed","template":"","meta":[],"product_brand":[],"product_cat":[799,991,992],"product_tag":[],"class_list":{"0":"post-17030","1":"product","2":"type-product","3":"status-publish","4":"has-post-thumbnail","6":"product_cat-aflamo-de","7":"product_cat-ethanol-kamin","8":"product_cat-ethanol-kamin-mit-verkleidung","10":"first","11":"outofstock","12":"shipping-taxable","13":"purchasable","14":"product-type-simple"},"yoast_head":"<!-- This site is optimized with the Yoast SEO plugin v27.1.1 - https:\/\/yoast.com\/product\/yoast-seo-wordpress\/ -->\n<title>Biokamin Aflamo Simple Walnuss - aflamo.shop-zertifizierter aflamo-H\u00e4ndler<\/title>\n<meta name=\"robots\" content=\"index, follow, max-snippet:-1, max-image-preview:large, max-video-preview:-1\" \/>\n<link rel=\"canonical\" href=\"https:\/\/aflamo.shop\/de\/p\/biokamin-aflamo-simple-walnuss\/\" \/>\n<meta property=\"og:locale\" content=\"de_DE\" \/>\n<meta property=\"og:type\" content=\"article\" \/>\n<meta property=\"og:title\" content=\"Biokamin Aflamo Simple Walnuss - aflamo.shop-zertifizierter aflamo-H\u00e4ndler\" \/>\n<meta property=\"og:description\" content=\"Hersteller: Aflamo Bedienungs- und Sicherheitshinweise Abmessungen: 90x96x35\" \/>\n<meta property=\"og:url\" content=\"https:\/\/aflamo.shop\/de\/p\/biokamin-aflamo-simple-walnuss\/\" \/>\n<meta property=\"og:site_name\" content=\"aflamo.shop-zertifizierter aflamo-H\u00e4ndler\" \/>\n<meta property=\"og:image\" content=\"https:\/\/aflamo.shop\/wp-content\/uploads\/2023\/06\/simple-orzech_sq.jpg\" \/>\n\t<meta property=\"og:image:width\" content=\"2048\" \/>\n\t<meta property=\"og:image:height\" content=\"2048\" \/>\n\t<meta property=\"og:image:type\" content=\"image\/jpeg\" \/>\n<meta name=\"twitter:card\" content=\"summary_large_image\" \/>\n<meta name=\"twitter:label1\" content=\"Gesch\u00e4tzte Lesezeit\" \/>\n\t<meta name=\"twitter:data1\" content=\"1\u00a0Minute\" \/>\n<script type=\"application\/ld+json\" class=\"yoast-schema-graph\">{\"@context\":\"https:\/\/schema.org\",\"@graph\":[{\"@type\":\"WebPage\",\"@id\":\"https:\/\/aflamo.shop\/de\/p\/biokamin-aflamo-simple-walnuss\/\",\"url\":\"https:\/\/aflamo.shop\/de\/p\/biokamin-aflamo-simple-walnuss\/\",\"name\":\"Biokamin Aflamo Simple Walnuss - aflamo.shop-zertifizierter aflamo-H\u00e4ndler\",\"isPartOf\":{\"@id\":\"https:\/\/aflamo.shop\/de\/#website\"},\"primaryImageOfPage\":{\"@id\":\"https:\/\/aflamo.shop\/de\/p\/biokamin-aflamo-simple-walnuss\/#primaryimage\"},\"image\":{\"@id\":\"https:\/\/aflamo.shop\/de\/p\/biokamin-aflamo-simple-walnuss\/#primaryimage\"},\"thumbnailUrl\":\"https:\/\/aflamo.shop\/wp-content\/uploads\/2023\/06\/simple-orzech_sq.jpg\",\"datePublished\":\"2023-06-14T13:25:26+00:00\",\"breadcrumb\":{\"@id\":\"https:\/\/aflamo.shop\/de\/p\/biokamin-aflamo-simple-walnuss\/#breadcrumb\"},\"inLanguage\":\"de\",\"potentialAction\":[{\"@type\":\"ReadAction\",\"target\":[\"https:\/\/aflamo.shop\/de\/p\/biokamin-aflamo-simple-walnuss\/\"]}]},{\"@type\":\"ImageObject\",\"inLanguage\":\"de\",\"@id\":\"https:\/\/aflamo.shop\/de\/p\/biokamin-aflamo-simple-walnuss\/#primaryimage\",\"url\":\"https:\/\/aflamo.shop\/wp-content\/uploads\/2023\/06\/simple-orzech_sq.jpg\",\"contentUrl\":\"https:\/\/aflamo.shop\/wp-content\/uploads\/2023\/06\/simple-orzech_sq.jpg\",\"width\":2048,\"height\":2048},{\"@type\":\"BreadcrumbList\",\"@id\":\"https:\/\/aflamo.shop\/de\/p\/biokamin-aflamo-simple-walnuss\/#breadcrumb\",\"itemListElement\":[{\"@type\":\"ListItem\",\"position\":1,\"name\":\"Strona g\u0142\u00f3wna\",\"item\":\"https:\/\/aflamo.shop\/de\/startseite\/\"},{\"@type\":\"ListItem\",\"position\":2,\"name\":\"Shop\",\"item\":\"https:\/\/aflamo.shop\/shop\/\"},{\"@type\":\"ListItem\",\"position\":3,\"name\":\"Aflamo\",\"item\":\"https:\/\/aflamo.shop\/de\/s\/aflamo-de\/\"},{\"@type\":\"ListItem\",\"position\":4,\"name\":\"Biokamin Aflamo Simple Walnuss\"}]},{\"@type\":\"WebSite\",\"@id\":\"https:\/\/aflamo.shop\/de\/#website\",\"url\":\"https:\/\/aflamo.shop\/de\/\",\"name\":\"aflamo.shop-zertifizierter aflamo-H\u00e4ndler\",\"description\":\"Kominki elektryczne Aflamo i Emotion Flame z funkcj\u0105 grzania\",\"potentialAction\":[{\"@type\":\"SearchAction\",\"target\":{\"@type\":\"EntryPoint\",\"urlTemplate\":\"https:\/\/aflamo.shop\/de\/?s={search_term_string}\"},\"query-input\":{\"@type\":\"PropertyValueSpecification\",\"valueRequired\":true,\"valueName\":\"search_term_string\"}}],\"inLanguage\":\"de\"}]}<\/script>\n<!-- \/ Yoast SEO plugin. -->","yoast_head_json":{"title":"Biokamin Aflamo Simple Walnuss - aflamo.shop-zertifizierter aflamo-H\u00e4ndler","robots":{"index":"index","follow":"follow","max-snippet":"max-snippet:-1","max-image-preview":"max-image-preview:large","max-video-preview":"max-video-preview:-1"},"canonical":"https:\/\/aflamo.shop\/de\/p\/biokamin-aflamo-simple-walnuss\/","og_locale":"de_DE","og_type":"article","og_title":"Biokamin Aflamo Simple Walnuss - aflamo.shop-zertifizierter aflamo-H\u00e4ndler","og_description":"Hersteller: Aflamo Bedienungs- und Sicherheitshinweise Abmessungen: 90x96x35","og_url":"https:\/\/aflamo.shop\/de\/p\/biokamin-aflamo-simple-walnuss\/","og_site_name":"aflamo.shop-zertifizierter aflamo-H\u00e4ndler","og_image":[{"width":2048,"height":2048,"url":"https:\/\/aflamo.shop\/wp-content\/uploads\/2023\/06\/simple-orzech_sq.jpg","type":"image\/jpeg"}],"twitter_card":"summary_large_image","twitter_misc":{"Gesch\u00e4tzte Lesezeit":"1\u00a0Minute"},"schema":{"@context":"https:\/\/schema.org","@graph":[{"@type":"WebPage","@id":"https:\/\/aflamo.shop\/de\/p\/biokamin-aflamo-simple-walnuss\/","url":"https:\/\/aflamo.shop\/de\/p\/biokamin-aflamo-simple-walnuss\/","name":"Biokamin Aflamo Simple Walnuss - aflamo.shop-zertifizierter aflamo-H\u00e4ndler","isPartOf":{"@id":"https:\/\/aflamo.shop\/de\/#website"},"primaryImageOfPage":{"@id":"https:\/\/aflamo.shop\/de\/p\/biokamin-aflamo-simple-walnuss\/#primaryimage"},"image":{"@id":"https:\/\/aflamo.shop\/de\/p\/biokamin-aflamo-simple-walnuss\/#primaryimage"},"thumbnailUrl":"https:\/\/aflamo.shop\/wp-content\/uploads\/2023\/06\/simple-orzech_sq.jpg","datePublished":"2023-06-14T13:25:26+00:00","breadcrumb":{"@id":"https:\/\/aflamo.shop\/de\/p\/biokamin-aflamo-simple-walnuss\/#breadcrumb"},"inLanguage":"de","potentialAction":[{"@type":"ReadAction","target":["https:\/\/aflamo.shop\/de\/p\/biokamin-aflamo-simple-walnuss\/"]}]},{"@type":"ImageObject","inLanguage":"de","@id":"https:\/\/aflamo.shop\/de\/p\/biokamin-aflamo-simple-walnuss\/#primaryimage","url":"https:\/\/aflamo.shop\/wp-content\/uploads\/2023\/06\/simple-orzech_sq.jpg","contentUrl":"https:\/\/aflamo.shop\/wp-content\/uploads\/2023\/06\/simple-orzech_sq.jpg","width":2048,"height":2048},{"@type":"BreadcrumbList","@id":"https:\/\/aflamo.shop\/de\/p\/biokamin-aflamo-simple-walnuss\/#breadcrumb","itemListElement":[{"@type":"ListItem","position":1,"name":"Strona g\u0142\u00f3wna","item":"https:\/\/aflamo.shop\/de\/startseite\/"},{"@type":"ListItem","position":2,"name":"Shop","item":"https:\/\/aflamo.shop\/shop\/"},{"@type":"ListItem","position":3,"name":"Aflamo","item":"https:\/\/aflamo.shop\/de\/s\/aflamo-de\/"},{"@type":"ListItem","position":4,"name":"Biokamin Aflamo Simple Walnuss"}]},{"@type":"WebSite","@id":"https:\/\/aflamo.shop\/de\/#website","url":"https:\/\/aflamo.shop\/de\/","name":"aflamo.shop-zertifizierter aflamo-H\u00e4ndler","description":"Kominki elektryczne Aflamo i Emotion Flame z funkcj\u0105 grzania","potentialAction":[{"@type":"SearchAction","target":{"@type":"EntryPoint","urlTemplate":"https:\/\/aflamo.shop\/de\/?s={search_term_string}"},"query-input":{"@type":"PropertyValueSpecification","valueRequired":true,"valueName":"search_term_string"}}],"inLanguage":"de"}]}},"_links":{"self":[{"href":"https:\/\/aflamo.shop\/de\/wp-json\/wp\/v2\/product\/17030","targetHints":{"allow":["GET"]}}],"collection":[{"href":"https:\/\/aflamo.shop\/de\/wp-json\/wp\/v2\/product"}],"about":[{"href":"https:\/\/aflamo.shop\/de\/wp-json\/wp\/v2\/types\/product"}],"replies":[{"embeddable":true,"href":"https:\/\/aflamo.shop\/de\/wp-json\/wp\/v2\/comments?post=17030"}],"wp:featuredmedia":[{"embeddable":true,"href":"https:\/\/aflamo.shop\/de\/wp-json\/wp\/v2\/media\/17031"}],"wp:attachment":[{"href":"https:\/\/aflamo.shop\/de\/wp-json\/wp\/v2\/media?parent=17030"}],"wp:term":[{"taxonomy":"product_brand","embeddable":true,"href":"https:\/\/aflamo.shop\/de\/wp-json\/wp\/v2\/product_brand?post=17030"},{"taxonomy":"product_cat","embeddable":true,"href":"https:\/\/aflamo.shop\/de\/wp-json\/wp\/v2\/product_cat?post=17030"},{"taxonomy":"product_tag","embeddable":true,"href":"https:\/\/aflamo.shop\/de\/wp-json\/wp\/v2\/product_tag?post=17030"}],"curies":[{"name":"wp","href":"https:\/\/api.w.org\/{rel}","templated":true}]}}