{"id":17027,"date":"2023-06-14T13:29:03","date_gmt":"2023-06-14T13:29:03","guid":{"rendered":"https:\/\/aflamo.shop\/p\/biokamin-aflamo-lagos\/"},"modified":"2023-06-14T13:29:03","modified_gmt":"2023-06-14T13:29:03","slug":"biokamin-aflamo-lagos","status":"publish","type":"product","link":"https:\/\/aflamo.shop\/de\/p\/biokamin-aflamo-lagos\/","title":{"rendered":"Biokamin Aflamo Lagos"},"content":{"rendered":"<h3><\/h3>\n<p>&nbsp;<\/p>\n<h3><strong>Eigenschaften des Kamins <img fetchpriority=\"high\" decoding=\"async\" class=\"alignright wp-image-7815 \" src=\"https:\/\/aflamo.shop\/wp-content\/uploads\/2023\/06\/lagos-white-300x269.jpg\" alt=\"\" width=\"482\" height=\"432\"><\/strong><\/h3>\n<p>&nbsp;<\/p>\n<p>&nbsp;<\/p>\n<p>Damit das Geh\u00e4use optimal zu Ihrem Traum-Interieur passt, k\u00f6nnen Sie es mit verschiedenen geschmackvollen Paneelen verkleiden.<\/p>\n<p>Auch in einer eleganten und modernen wei\u00dfen Ausf\u00fchrung macht es eine gute Figur.<\/p>\n<h3><\/h3>\n<h3><\/h3>\n<h3><\/h3>\n<p>&nbsp;<\/p>\n<div class=\"more-info\">\n<div class=\"tab-content\">\n<section id=\"idTab1\" class=\"page-product-box\">\n<div class=\"rte\">\n<div class=\"row\">\n<div id=\"\" class=\"col-xs-12 col-sm-6 \">\n<div id=\"\" class=\"eds-on-scroll eds-scroll-visible animated fadeInUp duration2\">\n<div class=\"row\">\n<div id=\"\" class=\"col-xs-12 col-sm-6 \">\n<div id=\"\" class=\"eds-on-scroll eds-scroll-visible animated fadeInUp duration2\">\n<h3><\/h3>\n<h3><strong>Beitrag<\/strong><\/h3>\n<p>&nbsp;<\/p>\n<ul>\n<li>Farbe: Mattschwarz<\/li>\n<li>vollst\u00e4ndig aus Stahl gefertigt<\/li>\n<li>mit hitze- und besch\u00e4digungsbest\u00e4ndiger Farbe lackiert<\/li>\n<\/ul>\n<p><strong>Brenner<img decoding=\"async\" class=\"alignright wp-image-7163 \" src=\"https:\/\/aflamo.shop\/wp-content\/uploads\/2023\/05\/aflamo-bio-60-2_sq-1-300x300.jpg\" alt=\"\" width=\"401\" height=\"401\" srcset=\"https:\/\/aflamo.shop\/wp-content\/uploads\/2023\/05\/aflamo-bio-60-2_sq-1-300x300.jpg 300w, https:\/\/aflamo.shop\/wp-content\/uploads\/2023\/05\/aflamo-bio-60-2_sq-1-100x100.jpg 100w, https:\/\/aflamo.shop\/wp-content\/uploads\/2023\/05\/aflamo-bio-60-2_sq-1-600x600.jpg 600w, https:\/\/aflamo.shop\/wp-content\/uploads\/2023\/05\/aflamo-bio-60-2_sq-1-1024x1024.jpg 1024w, https:\/\/aflamo.shop\/wp-content\/uploads\/2023\/05\/aflamo-bio-60-2_sq-1-150x150.jpg 150w, https:\/\/aflamo.shop\/wp-content\/uploads\/2023\/05\/aflamo-bio-60-2_sq-1-768x768.jpg 768w, https:\/\/aflamo.shop\/wp-content\/uploads\/2023\/05\/aflamo-bio-60-2_sq-1.jpg 1388w\" sizes=\"(max-width: 401px) 100vw, 401px\" \/><\/strong><\/p>\n<\/div>\n<\/div>\n<\/div>\n<ul>\n<li>Tresor mit T\u00dcV-Zertifikat<\/li>\n<li>Das ausgekl\u00fcgelte Design gew\u00e4hrleistet eine gleichm\u00e4\u00dfige Verbrennung \u00fcber die gesamte Breite<\/li>\n<li>Keramikeinsatz reduziert das Risiko des Versch\u00fcttens von Biokraftstoff<\/li>\n<li>aus rostfreiem Stahl<\/li>\n<li>Brennerbreite 30,5 cm<\/li>\n<li>Breite der Schusslinie 22 cm<\/li>\n<li>Fassungsverm\u00f6gen 0,9 Liter<\/li>\n<li>Brenndauer 1,5h<\/li>\n<\/ul>\n<p>&nbsp;<\/p>\n<h3><strong>Ausr\u00fcstung<\/strong><\/h3>\n<p>&nbsp;<\/p>\n<ul>\n<li style=\"list-style-type: none;\">\n<ul>\n<li>eingebauter Einsatz<\/li>\n<li>T\u00dcV-zertifizierter Brenner<\/li>\n<li>Biokraftstofftrichter<\/li>\n<li>Montagezubeh\u00f6r<\/li>\n<\/ul>\n<\/li>\n<\/ul>\n<\/div>\n<p>Der Biokamin namens Lagos ist eine wirklich vielseitige Designerl\u00f6sung, mit der Sie einzigartige Arrangements in Ihrem Interieur schaffen k\u00f6nnen. Charakteristisch ist die M\u00f6glichkeit der Personalisierung durch die Auswahl verschiedener, geschmackvoller Verkleidungsteile. Dadurch wird Lagos zur perfekten Erg\u00e4nzung jeder Einrichtung und verbindet Funktionalit\u00e4t mit \u00c4sthetik.  <\/p>\n<p>Was zeichnet den Lagos Biokamin aus? Dabei kommt es nicht nur auf die Anpassungsf\u00e4higkeit an die eigenen Vorlieben an, sondern auch auf Eleganz und Modernit\u00e4t. Wenn Sie von einem Arrangement in Wei\u00dft\u00f6nen tr\u00e4umen, ist Lagos in dieser Farbgebung ein Volltreffer. Seine Form erg\u00e4nzt den eleganten und modernen Stil perfekt und verleiht dem Raum gleichzeitig einen subtilen Hauch von Klasse und W\u00e4rme.   <\/p>\n<p>Die sicheren und realistischen Flammen des Lagos-Biokamins schaffen eine gem\u00fctliche Atmosph\u00e4re, ohne dass traditionelles Holzfeuer n\u00f6tig ist. Dank der M\u00f6glichkeit, das Geh\u00e4use Ihren W\u00fcnschen anzupassen, wird dieser Kamin nicht nur zu einer W\u00e4rmequelle, sondern auch zu einem einzigartigen Dekorationselement, das perfekt in das Interieur Ihrer Tr\u00e4ume passt. <\/p>\n<h3><\/h3>\n<div id=\"\" class=\"eds-on-scroll eds-scroll-visible animated fadeInUp duration2\">\n<h3><strong>Technische Zeichnungen<\/strong><\/h3>\n<\/div>\n<p>&nbsp;<\/p>\n<p>&nbsp;<\/p>\n<div id=\"\" class=\"eds-on-scroll eds-scroll-visible animated fadeInUp duration2\">\n<p><img decoding=\"async\" class=\"alignnone wp-image-4649 size-full\" src=\"https:\/\/aflamo.shop\/wp-content\/uploads\/2023\/05\/Lagos.png\" alt=\"\" width=\"922\" height=\"603\" srcset=\"https:\/\/aflamo.shop\/wp-content\/uploads\/2023\/05\/Lagos.png 922w, https:\/\/aflamo.shop\/wp-content\/uploads\/2023\/05\/Lagos-600x392.png 600w, https:\/\/aflamo.shop\/wp-content\/uploads\/2023\/05\/Lagos-300x196.png 300w, https:\/\/aflamo.shop\/wp-content\/uploads\/2023\/05\/Lagos-768x502.png 768w\" sizes=\"(max-width: 922px) 100vw, 922px\" \/><\/p>\n<\/div>\n<p>&nbsp;<\/p>\n<p>&nbsp;<\/p>\n<\/div>\n<\/div>\n<\/div>\n<\/section>\n<\/div>\n<p>&nbsp;<\/p>\n<div class=\"tab-content\">\n<section id=\"idTab1\" class=\"page-product-box\">\n<div class=\"rte\">\n<div class=\"row\">\n<p>&nbsp;<\/p>\n<\/div>\n<p>&nbsp;<\/p>\n<div class=\"row\">\n<p>&nbsp;<\/p>\n<\/div>\n<\/div>\n<\/section>\n<\/div>\n<\/div>\n<p>&nbsp;<\/p>\n<p>&nbsp;<\/p>\n<p><strong> <\/strong><\/p>\n<p>&nbsp;<\/p>\n<p>&nbsp;<\/p>\n<p><strong> <\/strong><\/p>\n<p>&nbsp;<\/p>\n","protected":false},"excerpt":{"rendered":"<p>Hersteller: Aflamo<\/p>\n<p><a href=\"https:\/\/aflamo.shop\/wp-content\/uploads\/2023\/06\/BIO_manual_EN-PL-DE-FR.pdf\">Bedienungs- und Sicherheitshinweise<\/a><\/p>\n<p><b>Abmessungen: 99 x 85 x 36 cm<\/b><\/p>\n","protected":false},"featured_media":17028,"comment_status":"closed","ping_status":"closed","template":"","meta":[],"product_brand":[],"product_cat":[799,991,992],"product_tag":[],"class_list":{"0":"post-17027","1":"product","2":"type-product","3":"status-publish","4":"has-post-thumbnail","6":"product_cat-aflamo-de","7":"product_cat-ethanol-kamin","8":"product_cat-ethanol-kamin-mit-verkleidung","10":"first","11":"outofstock","12":"shipping-taxable","13":"purchasable","14":"product-type-simple"},"yoast_head":"<!-- This site is optimized with the Yoast SEO plugin v27.1.1 - https:\/\/yoast.com\/product\/yoast-seo-wordpress\/ -->\n<title>Biokamin Aflamo Lagos - aflamo.shop-zertifizierter aflamo-H\u00e4ndler<\/title>\n<meta name=\"robots\" content=\"index, follow, max-snippet:-1, max-image-preview:large, max-video-preview:-1\" \/>\n<link rel=\"canonical\" href=\"https:\/\/aflamo.shop\/de\/p\/biokamin-aflamo-lagos\/\" \/>\n<meta property=\"og:locale\" content=\"de_DE\" \/>\n<meta property=\"og:type\" content=\"article\" \/>\n<meta property=\"og:title\" content=\"Biokamin Aflamo Lagos - aflamo.shop-zertifizierter aflamo-H\u00e4ndler\" \/>\n<meta property=\"og:description\" content=\"Hersteller: Aflamo Bedienungs- und Sicherheitshinweise Abmessungen: 99 x 85 x 36 cm\" \/>\n<meta property=\"og:url\" content=\"https:\/\/aflamo.shop\/de\/p\/biokamin-aflamo-lagos\/\" \/>\n<meta property=\"og:site_name\" content=\"aflamo.shop-zertifizierter aflamo-H\u00e4ndler\" \/>\n<meta property=\"og:image\" content=\"https:\/\/aflamo.shop\/wp-content\/uploads\/2023\/06\/lagos-white.jpg\" \/>\n\t<meta property=\"og:image:width\" content=\"2048\" \/>\n\t<meta property=\"og:image:height\" content=\"1838\" \/>\n\t<meta property=\"og:image:type\" content=\"image\/jpeg\" \/>\n<meta name=\"twitter:card\" content=\"summary_large_image\" \/>\n<meta name=\"twitter:label1\" content=\"Gesch\u00e4tzte Lesezeit\" \/>\n\t<meta name=\"twitter:data1\" content=\"1\u00a0Minute\" \/>\n<script type=\"application\/ld+json\" class=\"yoast-schema-graph\">{\"@context\":\"https:\/\/schema.org\",\"@graph\":[{\"@type\":\"WebPage\",\"@id\":\"https:\/\/aflamo.shop\/de\/p\/biokamin-aflamo-lagos\/\",\"url\":\"https:\/\/aflamo.shop\/de\/p\/biokamin-aflamo-lagos\/\",\"name\":\"Biokamin Aflamo Lagos - aflamo.shop-zertifizierter aflamo-H\u00e4ndler\",\"isPartOf\":{\"@id\":\"https:\/\/aflamo.shop\/de\/#website\"},\"primaryImageOfPage\":{\"@id\":\"https:\/\/aflamo.shop\/de\/p\/biokamin-aflamo-lagos\/#primaryimage\"},\"image\":{\"@id\":\"https:\/\/aflamo.shop\/de\/p\/biokamin-aflamo-lagos\/#primaryimage\"},\"thumbnailUrl\":\"https:\/\/aflamo.shop\/wp-content\/uploads\/2023\/06\/lagos-white-e1772014786146.jpg\",\"datePublished\":\"2023-06-14T13:29:03+00:00\",\"breadcrumb\":{\"@id\":\"https:\/\/aflamo.shop\/de\/p\/biokamin-aflamo-lagos\/#breadcrumb\"},\"inLanguage\":\"de\",\"potentialAction\":[{\"@type\":\"ReadAction\",\"target\":[\"https:\/\/aflamo.shop\/de\/p\/biokamin-aflamo-lagos\/\"]}]},{\"@type\":\"ImageObject\",\"inLanguage\":\"de\",\"@id\":\"https:\/\/aflamo.shop\/de\/p\/biokamin-aflamo-lagos\/#primaryimage\",\"url\":\"https:\/\/aflamo.shop\/wp-content\/uploads\/2023\/06\/lagos-white-e1772014786146.jpg\",\"contentUrl\":\"https:\/\/aflamo.shop\/wp-content\/uploads\/2023\/06\/lagos-white-e1772014786146.jpg\",\"width\":2048,\"height\":1838},{\"@type\":\"BreadcrumbList\",\"@id\":\"https:\/\/aflamo.shop\/de\/p\/biokamin-aflamo-lagos\/#breadcrumb\",\"itemListElement\":[{\"@type\":\"ListItem\",\"position\":1,\"name\":\"Strona g\u0142\u00f3wna\",\"item\":\"https:\/\/aflamo.shop\/de\/startseite\/\"},{\"@type\":\"ListItem\",\"position\":2,\"name\":\"Shop\",\"item\":\"https:\/\/aflamo.shop\/shop\/\"},{\"@type\":\"ListItem\",\"position\":3,\"name\":\"Aflamo\",\"item\":\"https:\/\/aflamo.shop\/de\/s\/aflamo-de\/\"},{\"@type\":\"ListItem\",\"position\":4,\"name\":\"Biokamin Aflamo Lagos\"}]},{\"@type\":\"WebSite\",\"@id\":\"https:\/\/aflamo.shop\/de\/#website\",\"url\":\"https:\/\/aflamo.shop\/de\/\",\"name\":\"aflamo.shop-zertifizierter aflamo-H\u00e4ndler\",\"description\":\"Kominki elektryczne Aflamo i Emotion Flame z funkcj\u0105 grzania\",\"potentialAction\":[{\"@type\":\"SearchAction\",\"target\":{\"@type\":\"EntryPoint\",\"urlTemplate\":\"https:\/\/aflamo.shop\/de\/?s={search_term_string}\"},\"query-input\":{\"@type\":\"PropertyValueSpecification\",\"valueRequired\":true,\"valueName\":\"search_term_string\"}}],\"inLanguage\":\"de\"}]}<\/script>\n<!-- \/ Yoast SEO plugin. -->","yoast_head_json":{"title":"Biokamin Aflamo Lagos - aflamo.shop-zertifizierter aflamo-H\u00e4ndler","robots":{"index":"index","follow":"follow","max-snippet":"max-snippet:-1","max-image-preview":"max-image-preview:large","max-video-preview":"max-video-preview:-1"},"canonical":"https:\/\/aflamo.shop\/de\/p\/biokamin-aflamo-lagos\/","og_locale":"de_DE","og_type":"article","og_title":"Biokamin Aflamo Lagos - aflamo.shop-zertifizierter aflamo-H\u00e4ndler","og_description":"Hersteller: Aflamo Bedienungs- und Sicherheitshinweise Abmessungen: 99 x 85 x 36 cm","og_url":"https:\/\/aflamo.shop\/de\/p\/biokamin-aflamo-lagos\/","og_site_name":"aflamo.shop-zertifizierter aflamo-H\u00e4ndler","og_image":[{"width":2048,"height":1838,"url":"https:\/\/aflamo.shop\/wp-content\/uploads\/2023\/06\/lagos-white.jpg","type":"image\/jpeg"}],"twitter_card":"summary_large_image","twitter_misc":{"Gesch\u00e4tzte Lesezeit":"1\u00a0Minute"},"schema":{"@context":"https:\/\/schema.org","@graph":[{"@type":"WebPage","@id":"https:\/\/aflamo.shop\/de\/p\/biokamin-aflamo-lagos\/","url":"https:\/\/aflamo.shop\/de\/p\/biokamin-aflamo-lagos\/","name":"Biokamin Aflamo Lagos - aflamo.shop-zertifizierter aflamo-H\u00e4ndler","isPartOf":{"@id":"https:\/\/aflamo.shop\/de\/#website"},"primaryImageOfPage":{"@id":"https:\/\/aflamo.shop\/de\/p\/biokamin-aflamo-lagos\/#primaryimage"},"image":{"@id":"https:\/\/aflamo.shop\/de\/p\/biokamin-aflamo-lagos\/#primaryimage"},"thumbnailUrl":"https:\/\/aflamo.shop\/wp-content\/uploads\/2023\/06\/lagos-white-e1772014786146.jpg","datePublished":"2023-06-14T13:29:03+00:00","breadcrumb":{"@id":"https:\/\/aflamo.shop\/de\/p\/biokamin-aflamo-lagos\/#breadcrumb"},"inLanguage":"de","potentialAction":[{"@type":"ReadAction","target":["https:\/\/aflamo.shop\/de\/p\/biokamin-aflamo-lagos\/"]}]},{"@type":"ImageObject","inLanguage":"de","@id":"https:\/\/aflamo.shop\/de\/p\/biokamin-aflamo-lagos\/#primaryimage","url":"https:\/\/aflamo.shop\/wp-content\/uploads\/2023\/06\/lagos-white-e1772014786146.jpg","contentUrl":"https:\/\/aflamo.shop\/wp-content\/uploads\/2023\/06\/lagos-white-e1772014786146.jpg","width":2048,"height":1838},{"@type":"BreadcrumbList","@id":"https:\/\/aflamo.shop\/de\/p\/biokamin-aflamo-lagos\/#breadcrumb","itemListElement":[{"@type":"ListItem","position":1,"name":"Strona g\u0142\u00f3wna","item":"https:\/\/aflamo.shop\/de\/startseite\/"},{"@type":"ListItem","position":2,"name":"Shop","item":"https:\/\/aflamo.shop\/shop\/"},{"@type":"ListItem","position":3,"name":"Aflamo","item":"https:\/\/aflamo.shop\/de\/s\/aflamo-de\/"},{"@type":"ListItem","position":4,"name":"Biokamin Aflamo Lagos"}]},{"@type":"WebSite","@id":"https:\/\/aflamo.shop\/de\/#website","url":"https:\/\/aflamo.shop\/de\/","name":"aflamo.shop-zertifizierter aflamo-H\u00e4ndler","description":"Kominki elektryczne Aflamo i Emotion Flame z funkcj\u0105 grzania","potentialAction":[{"@type":"SearchAction","target":{"@type":"EntryPoint","urlTemplate":"https:\/\/aflamo.shop\/de\/?s={search_term_string}"},"query-input":{"@type":"PropertyValueSpecification","valueRequired":true,"valueName":"search_term_string"}}],"inLanguage":"de"}]}},"_links":{"self":[{"href":"https:\/\/aflamo.shop\/de\/wp-json\/wp\/v2\/product\/17027","targetHints":{"allow":["GET"]}}],"collection":[{"href":"https:\/\/aflamo.shop\/de\/wp-json\/wp\/v2\/product"}],"about":[{"href":"https:\/\/aflamo.shop\/de\/wp-json\/wp\/v2\/types\/product"}],"replies":[{"embeddable":true,"href":"https:\/\/aflamo.shop\/de\/wp-json\/wp\/v2\/comments?post=17027"}],"wp:featuredmedia":[{"embeddable":true,"href":"https:\/\/aflamo.shop\/de\/wp-json\/wp\/v2\/media\/17028"}],"wp:attachment":[{"href":"https:\/\/aflamo.shop\/de\/wp-json\/wp\/v2\/media?parent=17027"}],"wp:term":[{"taxonomy":"product_brand","embeddable":true,"href":"https:\/\/aflamo.shop\/de\/wp-json\/wp\/v2\/product_brand?post=17027"},{"taxonomy":"product_cat","embeddable":true,"href":"https:\/\/aflamo.shop\/de\/wp-json\/wp\/v2\/product_cat?post=17027"},{"taxonomy":"product_tag","embeddable":true,"href":"https:\/\/aflamo.shop\/de\/wp-json\/wp\/v2\/product_tag?post=17027"}],"curies":[{"name":"wp","href":"https:\/\/api.w.org\/{rel}","templated":true}]}}