{"id":17023,"date":"2023-06-26T15:51:08","date_gmt":"2023-06-26T15:51:08","guid":{"rendered":"https:\/\/aflamo.shop\/p\/led-elektrokamin-aflamo-simple-walnuss-2d\/"},"modified":"2023-06-26T15:51:08","modified_gmt":"2023-06-26T15:51:08","slug":"led-elektrokamin-aflamo-simple-walnuss-2d","status":"publish","type":"product","link":"https:\/\/aflamo.shop\/de\/p\/led-elektrokamin-aflamo-simple-walnuss-2d\/","title":{"rendered":"LED Elektrokamin Aflamo Simple Walnuss 2D"},"content":{"rendered":"<h3><strong>Eigenschaften des Kamins<br \/>\n<\/strong><\/h3>\n<p>&nbsp;<\/p>\n<p>Minimalistisches, modernes Geh\u00e4use. Der Kamin ist in den Farben Wei\u00df und Walnuss erh\u00e4ltlich. <\/p>\n<p>&nbsp;<\/p>\n<p>&nbsp;<\/p>\n<p><strong>Elektroeinsatz LED 60 Classic <\/strong><strong> <img fetchpriority=\"high\" decoding=\"async\" class=\"alignright wp-image-4525 \" src=\"https:\/\/aflamo.shop\/wp-content\/uploads\/2023\/05\/led_60_classic_cyf-300x183.jpg\" alt=\"\" width=\"356\" height=\"217\" srcset=\"https:\/\/aflamo.shop\/wp-content\/uploads\/2023\/05\/led_60_classic_cyf-300x183.jpg 300w, https:\/\/aflamo.shop\/wp-content\/uploads\/2023\/05\/led_60_classic_cyf.jpg 492w\" sizes=\"(max-width: 356px) 100vw, 356px\" \/>                          <\/strong><\/p>\n<ol class=\"numlist\">\n<li>3 Flammenfarben (Gelb, Orange, Gelb-Orange), 5 Flammenhelligkeiten<\/li>\n<li>Realistische und energiesparende LED-Flamme<\/li>\n<li>2 Heizleistungsstufen: 900W \/ 1800W<\/li>\n<li>Temperaturregelung von 10 bis 30\u00b0C<\/li>\n<li>Fernsteuerung<\/li>\n<li>Sensor f\u00fcr offene Fenster<\/li>\n<li>\u00dcberhitzungsschutz<\/li>\n<li>Flammenunabh\u00e4ngige Heizfunktion<\/li>\n<\/ol>\n<h3><\/h3>\n<h3><\/h3>\n<p>&nbsp;<\/p>\n<h3><\/h3>\n<h3><strong>Heizung<\/strong><\/h3>\n<p>&nbsp;<\/p>\n<p>Die flammenunabh\u00e4ngige Heizung erm\u00f6glicht es Ihnen, den Kamin das ganze Jahr \u00fcber zu benutzen, auch an hei\u00dfen Tagen.<br \/>\nSie k\u00f6nnen die Heizung jederzeit ein- oder ausschalten.<\/p>\n<ul>\n<li>Der Sensor f\u00fcr offene Fenster schaltet die Heizung aus, wenn er einen pl\u00f6tzlichen Temperaturabfall feststellt.<\/li>\n<li>Der Heizstrahler verf\u00fcgt \u00fcber 2 Heizleistungsstufen 900-1800W<\/li>\n<li>Temperaturkontrolle von 10 bis 30\u00b0C.<\/li>\n<\/ul>\n<h3><\/h3>\n<h3><\/h3>\n<h3><strong>Sicherheit<\/strong><\/h3>\n<p>&nbsp;<\/p>\n<div class=\"col-12 col-md-6 cecha-col naprzemienne-txt naprzemienne-opis\">\n<ul>\n<li>Das Glas des Kamins erhitzt sich nicht und ist sicher f\u00fcr Kinder und Haustiere.<\/li>\n<li>Der Sicherheitssensor des Ofens schaltet die Heizung aus, wenn der Warmluftaustritt verstopft ist.<\/li>\n<\/ul>\n<\/div>\n<h3><\/h3>\n<h3><\/h3>\n<h3><strong>Komfort und Bequemlichkeit<\/strong><\/h3>\n<p>&nbsp;<\/p>\n<div class=\"col-12 col-md-6 cecha-col naprzemienne-txt naprzemienne-opis\">\n<ul>\n<li>Mit der Fernbedienung k\u00f6nnen Sie die Funktionen aus der Ferne steuern. So k\u00f6nnen Sie das Ger\u00e4t bequem bedienen, ohne vom Sofa aufstehen zu m\u00fcssen. <\/li>\n<\/ul>\n<\/div>\n<div class=\"col-12 col-md-6 cecha-col naprzemienne-txt naprzemienne-opis\">\n<ul>\n<li>Timer \/ Der Timer schaltet den Kamin automatisch aus. Sie stellen es ein und vergessen es.  Wenn Sie einschlafen, m\u00fcssen Sie sich keine Sorgen machen, dass der Kamin die ganze Nacht an bleibt.<\/li>\n<\/ul>\n<\/div>\n<div class=\"col-12 col-md-6 cecha-col naprzemienne-txt naprzemienne-opis\">\n<ul>\n<li>Mit der Schnellheizfunktion k\u00f6nnen Sie den Raum sofort wieder aufw\u00e4rmen und eine angenehme Temperatur beibehalten.<\/li>\n<\/ul>\n<\/div>\n<h3><\/h3>\n<h3><strong>Technische Daten<\/strong><\/h3>\n<p>&nbsp;<\/p>\n<table width=\"548\" cellspacing=\"0\" cellpadding=\"2\">\n<tbody>\n<tr>\n<td width=\"216\">Flammeneffekt<\/td>\n<td width=\"324\">LED<\/td>\n<\/tr>\n<tr>\n<td width=\"216\">Mobile Anwendung<\/td>\n<td width=\"324\">nicht<\/td>\n<\/tr>\n<tr>\n<td width=\"216\">Fernsteuerung<\/td>\n<td width=\"324\">ja<\/td>\n<\/tr>\n<tr>\n<td width=\"216\">Farbe\/Finish<\/td>\n<td width=\"324\">minimalistisches Geh\u00e4use<\/td>\n<\/tr>\n<tr>\n<td width=\"216\">Zeitschaltuhr (Timer)<\/td>\n<td width=\"324\">ja<\/td>\n<\/tr>\n<tr>\n<td width=\"216\">W\u00f6chentlicher Programmierer<\/td>\n<td width=\"324\">ja<\/td>\n<\/tr>\n<tr>\n<td width=\"216\">Heizfunktion<\/td>\n<td width=\"324\">ja<\/td>\n<\/tr>\n<tr>\n<td width=\"216\">Flamme unabh\u00e4ngig von der Heizfunktion<\/td>\n<td width=\"324\">ja<\/td>\n<\/tr>\n<tr>\n<td width=\"216\">Heizleistung<\/td>\n<td width=\"324\">900 \/ 1800 W<\/td>\n<\/tr>\n<tr>\n<td width=\"216\">Temperaturkontrolle<\/td>\n<td width=\"324\">10 bis 30\u00b0C<\/td>\n<\/tr>\n<tr>\n<td width=\"216\">Schutz vor \u00dcberhitzung<\/td>\n<td width=\"324\">ja<\/td>\n<\/tr>\n<tr>\n<td width=\"216\">Thermostat<\/td>\n<td width=\"324\">ja<\/td>\n<\/tr>\n<tr>\n<td width=\"216\">Flamme<\/p>\n<p>Feuerstelle<\/td>\n<td width=\"324\">1 Flamme Farbe-orange<\/p>\n<p>Glade<\/td>\n<\/tr>\n<tr>\n<td width=\"216\">Garantie<\/td>\n<td width=\"324\">2 Jahre<\/td>\n<\/tr>\n<tr>\n<td width=\"216\">L\u00e4nge des Netzkabels<\/td>\n<td width=\"324\">1,8 m<\/td>\n<\/tr>\n<tr>\n<td width=\"216\">Spannung<\/td>\n<td width=\"324\">220 V<\/td>\n<\/tr>\n<\/tbody>\n<\/table>\n<p>&nbsp;<\/p>\n<p>Das Interessante an den LED-Elektrokaminen mit Walnussgeh\u00e4use und 2D-Elektroeinsatz ist, dass solche Kamine eine innovative Kombination aus moderner Technik und traditionellem Design darstellen. Das walnussfarbene Geh\u00e4use erinnert an die warme und gem\u00fctliche Atmosph\u00e4re traditioneller Holzkamine, doch dank LED-Technologie und 2D-Elektroeinsatz k\u00f6nnen Sie die Illusion eines brennenden Feuers genie\u00dfen, ohne echtes Holz oder Brennstoff verwenden zu m\u00fcssen. <\/p>\n<p>Der 2D-Elektroeinsatz verf\u00fcgt \u00fcber ein fortschrittliches optisches Designsystem, das den Eindruck von dreidimensionalem, realistischem Feuer und Glut erzeugt. Durch die Verwendung verschiedener Lichteffekte, Flackern und Reflexionen vermittelt dieser Kamintyp die visuelle Darstellung von brennendem Holz oder Kohle und verleiht dem Raum Charme, ohne Rauch, Ru\u00df oder Hitze abzugeben. <\/p>\n<p>Durch die Kombination aus Walnussgeh\u00e4use und fortschrittlicher LED-Technologie entsteht eine einzigartige Kombination aus traditioneller Kaminoptik mit modernen Annehmlichkeiten und \u00c4sthetik. Damit wird den Anspr\u00fcchen von Menschen, die in ihrer Inneneinrichtung sowohl Funktionalit\u00e4t als auch stimmungsvolles Design suchen, perfekt entsprochen.<\/p>\n<p>&nbsp;<\/p>\n<h6><strong>Technische Zeichnung<\/strong><\/h6>\n<p>&nbsp;<\/p>\n<p>&nbsp;<\/p>\n<p><img decoding=\"async\" class=\"alignnone wp-image-5001 size-full\" src=\"https:\/\/aflamo.shop\/wp-content\/uploads\/2023\/05\/simple-bialy-led-60-classic-3.jpg\" alt=\"\" width=\"975\" height=\"697\" srcset=\"https:\/\/aflamo.shop\/wp-content\/uploads\/2023\/05\/simple-bialy-led-60-classic-3.jpg 975w, https:\/\/aflamo.shop\/wp-content\/uploads\/2023\/05\/simple-bialy-led-60-classic-3-600x429.jpg 600w, https:\/\/aflamo.shop\/wp-content\/uploads\/2023\/05\/simple-bialy-led-60-classic-3-300x214.jpg 300w, https:\/\/aflamo.shop\/wp-content\/uploads\/2023\/05\/simple-bialy-led-60-classic-3-768x549.jpg 768w\" sizes=\"(max-width: 975px) 100vw, 975px\" \/><\/p>\n<p>&nbsp;<\/p>\n","protected":false},"excerpt":{"rendered":"<p>Hersteller: Aflamo<\/p>\n<p>GETIN:5908283561933<\/p>\n<p>LED-Elektrokamin mit Geh\u00e4use mit Heizfunktion.<\/p>\n<p><a href=\"https:\/\/aflamo.shop\/wp-content\/uploads\/2023\/05\/Aflamo-LED-50-60-70-80-90-CLASSIC-manual_EN-PL-CZ-SK-NL-3.pdf\">Bedienungs- und Sicherheitshinweise<\/a><\/p>\n<p><b>Abmessungen: 90x96x35 cm<\/b><\/p>\n","protected":false},"featured_media":22288,"comment_status":"open","ping_status":"closed","template":"","meta":[],"product_brand":[],"product_cat":[799,800,887],"product_tag":[],"class_list":{"0":"post-17023","1":"product","2":"type-product","3":"status-publish","4":"has-post-thumbnail","6":"product_cat-aflamo-de","7":"product_cat-elektrische-kamine","8":"product_cat-elektrokamine-mit-holzverkleidung","10":"first","11":"instock","12":"shipping-taxable","13":"purchasable","14":"product-type-simple"},"yoast_head":"<!-- This site is optimized with the Yoast SEO plugin v27.1.1 - https:\/\/yoast.com\/product\/yoast-seo-wordpress\/ -->\n<title>LED Elektrokamin Aflamo Simple Walnuss 2D - aflamo.shop-zertifizierter aflamo-H\u00e4ndler<\/title>\n<meta name=\"robots\" content=\"index, follow, max-snippet:-1, max-image-preview:large, max-video-preview:-1\" \/>\n<link rel=\"canonical\" href=\"https:\/\/aflamo.shop\/de\/p\/led-elektrokamin-aflamo-simple-walnuss-2d\/\" \/>\n<meta property=\"og:locale\" content=\"de_DE\" \/>\n<meta property=\"og:type\" content=\"article\" \/>\n<meta property=\"og:title\" content=\"LED Elektrokamin Aflamo Simple Walnuss 2D - aflamo.shop-zertifizierter aflamo-H\u00e4ndler\" \/>\n<meta property=\"og:description\" content=\"Hersteller: Aflamo GETIN:5908283561933 LED-Elektrokamin mit Geh\u00e4use mit Heizfunktion. Bedienungs- und Sicherheitshinweise Abmessungen: 90x96x35 cm\" \/>\n<meta property=\"og:url\" content=\"https:\/\/aflamo.shop\/de\/p\/led-elektrokamin-aflamo-simple-walnuss-2d\/\" \/>\n<meta property=\"og:site_name\" content=\"aflamo.shop-zertifizierter aflamo-H\u00e4ndler\" \/>\n<meta property=\"og:image\" content=\"https:\/\/aflamo.shop\/wp-content\/uploads\/2023\/06\/Projekt-bez-nazwy53.png\" \/>\n\t<meta property=\"og:image:width\" content=\"2048\" \/>\n\t<meta property=\"og:image:height\" content=\"2048\" \/>\n\t<meta property=\"og:image:type\" content=\"image\/png\" \/>\n<meta name=\"twitter:card\" content=\"summary_large_image\" \/>\n<meta name=\"twitter:label1\" content=\"Gesch\u00e4tzte Lesezeit\" \/>\n\t<meta name=\"twitter:data1\" content=\"2\u00a0Minuten\" \/>\n<script type=\"application\/ld+json\" class=\"yoast-schema-graph\">{\"@context\":\"https:\/\/schema.org\",\"@graph\":[{\"@type\":\"WebPage\",\"@id\":\"https:\/\/aflamo.shop\/de\/p\/led-elektrokamin-aflamo-simple-walnuss-2d\/\",\"url\":\"https:\/\/aflamo.shop\/de\/p\/led-elektrokamin-aflamo-simple-walnuss-2d\/\",\"name\":\"LED Elektrokamin Aflamo Simple Walnuss 2D - aflamo.shop-zertifizierter aflamo-H\u00e4ndler\",\"isPartOf\":{\"@id\":\"https:\/\/aflamo.shop\/de\/#website\"},\"primaryImageOfPage\":{\"@id\":\"https:\/\/aflamo.shop\/de\/p\/led-elektrokamin-aflamo-simple-walnuss-2d\/#primaryimage\"},\"image\":{\"@id\":\"https:\/\/aflamo.shop\/de\/p\/led-elektrokamin-aflamo-simple-walnuss-2d\/#primaryimage\"},\"thumbnailUrl\":\"https:\/\/aflamo.shop\/wp-content\/uploads\/2023\/06\/Projekt-bez-nazwy53.png\",\"datePublished\":\"2023-06-26T15:51:08+00:00\",\"breadcrumb\":{\"@id\":\"https:\/\/aflamo.shop\/de\/p\/led-elektrokamin-aflamo-simple-walnuss-2d\/#breadcrumb\"},\"inLanguage\":\"de\",\"potentialAction\":[{\"@type\":\"ReadAction\",\"target\":[\"https:\/\/aflamo.shop\/de\/p\/led-elektrokamin-aflamo-simple-walnuss-2d\/\"]}]},{\"@type\":\"ImageObject\",\"inLanguage\":\"de\",\"@id\":\"https:\/\/aflamo.shop\/de\/p\/led-elektrokamin-aflamo-simple-walnuss-2d\/#primaryimage\",\"url\":\"https:\/\/aflamo.shop\/wp-content\/uploads\/2023\/06\/Projekt-bez-nazwy53.png\",\"contentUrl\":\"https:\/\/aflamo.shop\/wp-content\/uploads\/2023\/06\/Projekt-bez-nazwy53.png\",\"width\":2048,\"height\":2048},{\"@type\":\"BreadcrumbList\",\"@id\":\"https:\/\/aflamo.shop\/de\/p\/led-elektrokamin-aflamo-simple-walnuss-2d\/#breadcrumb\",\"itemListElement\":[{\"@type\":\"ListItem\",\"position\":1,\"name\":\"Strona g\u0142\u00f3wna\",\"item\":\"https:\/\/aflamo.shop\/de\/startseite\/\"},{\"@type\":\"ListItem\",\"position\":2,\"name\":\"Shop\",\"item\":\"https:\/\/aflamo.shop\/shop\/\"},{\"@type\":\"ListItem\",\"position\":3,\"name\":\"Elektrische Kamine\",\"item\":\"https:\/\/aflamo.shop\/de\/s\/elektrische-kamine\/\"},{\"@type\":\"ListItem\",\"position\":4,\"name\":\"Elektrokamine mit Holzverkleidung\",\"item\":\"https:\/\/aflamo.shop\/de\/s\/elektrische-kamine\/elektrokamine-mit-holzverkleidung\/\"},{\"@type\":\"ListItem\",\"position\":5,\"name\":\"LED Elektrokamin Aflamo Simple Walnuss 2D\"}]},{\"@type\":\"WebSite\",\"@id\":\"https:\/\/aflamo.shop\/de\/#website\",\"url\":\"https:\/\/aflamo.shop\/de\/\",\"name\":\"aflamo.shop-zertifizierter aflamo-H\u00e4ndler\",\"description\":\"Kominki elektryczne Aflamo i Emotion Flame z funkcj\u0105 grzania\",\"potentialAction\":[{\"@type\":\"SearchAction\",\"target\":{\"@type\":\"EntryPoint\",\"urlTemplate\":\"https:\/\/aflamo.shop\/de\/?s={search_term_string}\"},\"query-input\":{\"@type\":\"PropertyValueSpecification\",\"valueRequired\":true,\"valueName\":\"search_term_string\"}}],\"inLanguage\":\"de\"}]}<\/script>\n<!-- \/ Yoast SEO plugin. -->","yoast_head_json":{"title":"LED Elektrokamin Aflamo Simple Walnuss 2D - aflamo.shop-zertifizierter aflamo-H\u00e4ndler","robots":{"index":"index","follow":"follow","max-snippet":"max-snippet:-1","max-image-preview":"max-image-preview:large","max-video-preview":"max-video-preview:-1"},"canonical":"https:\/\/aflamo.shop\/de\/p\/led-elektrokamin-aflamo-simple-walnuss-2d\/","og_locale":"de_DE","og_type":"article","og_title":"LED Elektrokamin Aflamo Simple Walnuss 2D - aflamo.shop-zertifizierter aflamo-H\u00e4ndler","og_description":"Hersteller: Aflamo GETIN:5908283561933 LED-Elektrokamin mit Geh\u00e4use mit Heizfunktion. Bedienungs- und Sicherheitshinweise Abmessungen: 90x96x35 cm","og_url":"https:\/\/aflamo.shop\/de\/p\/led-elektrokamin-aflamo-simple-walnuss-2d\/","og_site_name":"aflamo.shop-zertifizierter aflamo-H\u00e4ndler","og_image":[{"width":2048,"height":2048,"url":"https:\/\/aflamo.shop\/wp-content\/uploads\/2023\/06\/Projekt-bez-nazwy53.png","type":"image\/png"}],"twitter_card":"summary_large_image","twitter_misc":{"Gesch\u00e4tzte Lesezeit":"2\u00a0Minuten"},"schema":{"@context":"https:\/\/schema.org","@graph":[{"@type":"WebPage","@id":"https:\/\/aflamo.shop\/de\/p\/led-elektrokamin-aflamo-simple-walnuss-2d\/","url":"https:\/\/aflamo.shop\/de\/p\/led-elektrokamin-aflamo-simple-walnuss-2d\/","name":"LED Elektrokamin Aflamo Simple Walnuss 2D - aflamo.shop-zertifizierter aflamo-H\u00e4ndler","isPartOf":{"@id":"https:\/\/aflamo.shop\/de\/#website"},"primaryImageOfPage":{"@id":"https:\/\/aflamo.shop\/de\/p\/led-elektrokamin-aflamo-simple-walnuss-2d\/#primaryimage"},"image":{"@id":"https:\/\/aflamo.shop\/de\/p\/led-elektrokamin-aflamo-simple-walnuss-2d\/#primaryimage"},"thumbnailUrl":"https:\/\/aflamo.shop\/wp-content\/uploads\/2023\/06\/Projekt-bez-nazwy53.png","datePublished":"2023-06-26T15:51:08+00:00","breadcrumb":{"@id":"https:\/\/aflamo.shop\/de\/p\/led-elektrokamin-aflamo-simple-walnuss-2d\/#breadcrumb"},"inLanguage":"de","potentialAction":[{"@type":"ReadAction","target":["https:\/\/aflamo.shop\/de\/p\/led-elektrokamin-aflamo-simple-walnuss-2d\/"]}]},{"@type":"ImageObject","inLanguage":"de","@id":"https:\/\/aflamo.shop\/de\/p\/led-elektrokamin-aflamo-simple-walnuss-2d\/#primaryimage","url":"https:\/\/aflamo.shop\/wp-content\/uploads\/2023\/06\/Projekt-bez-nazwy53.png","contentUrl":"https:\/\/aflamo.shop\/wp-content\/uploads\/2023\/06\/Projekt-bez-nazwy53.png","width":2048,"height":2048},{"@type":"BreadcrumbList","@id":"https:\/\/aflamo.shop\/de\/p\/led-elektrokamin-aflamo-simple-walnuss-2d\/#breadcrumb","itemListElement":[{"@type":"ListItem","position":1,"name":"Strona g\u0142\u00f3wna","item":"https:\/\/aflamo.shop\/de\/startseite\/"},{"@type":"ListItem","position":2,"name":"Shop","item":"https:\/\/aflamo.shop\/shop\/"},{"@type":"ListItem","position":3,"name":"Elektrische Kamine","item":"https:\/\/aflamo.shop\/de\/s\/elektrische-kamine\/"},{"@type":"ListItem","position":4,"name":"Elektrokamine mit Holzverkleidung","item":"https:\/\/aflamo.shop\/de\/s\/elektrische-kamine\/elektrokamine-mit-holzverkleidung\/"},{"@type":"ListItem","position":5,"name":"LED Elektrokamin Aflamo Simple Walnuss 2D"}]},{"@type":"WebSite","@id":"https:\/\/aflamo.shop\/de\/#website","url":"https:\/\/aflamo.shop\/de\/","name":"aflamo.shop-zertifizierter aflamo-H\u00e4ndler","description":"Kominki elektryczne Aflamo i Emotion Flame z funkcj\u0105 grzania","potentialAction":[{"@type":"SearchAction","target":{"@type":"EntryPoint","urlTemplate":"https:\/\/aflamo.shop\/de\/?s={search_term_string}"},"query-input":{"@type":"PropertyValueSpecification","valueRequired":true,"valueName":"search_term_string"}}],"inLanguage":"de"}]}},"_links":{"self":[{"href":"https:\/\/aflamo.shop\/de\/wp-json\/wp\/v2\/product\/17023","targetHints":{"allow":["GET"]}}],"collection":[{"href":"https:\/\/aflamo.shop\/de\/wp-json\/wp\/v2\/product"}],"about":[{"href":"https:\/\/aflamo.shop\/de\/wp-json\/wp\/v2\/types\/product"}],"replies":[{"embeddable":true,"href":"https:\/\/aflamo.shop\/de\/wp-json\/wp\/v2\/comments?post=17023"}],"wp:featuredmedia":[{"embeddable":true,"href":"https:\/\/aflamo.shop\/de\/wp-json\/wp\/v2\/media\/22288"}],"wp:attachment":[{"href":"https:\/\/aflamo.shop\/de\/wp-json\/wp\/v2\/media?parent=17023"}],"wp:term":[{"taxonomy":"product_brand","embeddable":true,"href":"https:\/\/aflamo.shop\/de\/wp-json\/wp\/v2\/product_brand?post=17023"},{"taxonomy":"product_cat","embeddable":true,"href":"https:\/\/aflamo.shop\/de\/wp-json\/wp\/v2\/product_cat?post=17023"},{"taxonomy":"product_tag","embeddable":true,"href":"https:\/\/aflamo.shop\/de\/wp-json\/wp\/v2\/product_tag?post=17023"}],"curies":[{"name":"wp","href":"https:\/\/api.w.org\/{rel}","templated":true}]}}