{"id":17022,"date":"2023-09-15T12:00:51","date_gmt":"2023-09-15T12:00:51","guid":{"rendered":"https:\/\/aflamo.shop\/p\/aflamo-unique-nh-100-led-elektrokamin-wand-einbau\/"},"modified":"2025-05-15T12:44:15","modified_gmt":"2025-05-15T12:44:15","slug":"aflamo-unique-nh-100-led-elektrokamin-wand-einbau","status":"publish","type":"product","link":"https:\/\/aflamo.shop\/de\/p\/aflamo-unique-nh-100-led-elektrokamin-wand-einbau\/","title":{"rendered":"Aflamo Unique NH &#8211; 100 LED Elektrokamin Wand\/Einbau"},"content":{"rendered":"<p><iframe title=\"YouTube-Video-Player\" src=\"https:\/\/www.youtube.com\/embed\/GMbhnINRFgQ?si=QRU0VohPHxMJXQIv\" width=\"560\" height=\"315\" frameborder=\"0\" allowfullscreen=\"allowfullscreen\"><span data-mce-type=\"bookmark\" style=\"display: inline-block; width: 0px; overflow: hidden; line-height: 0;\" class=\"mce_SELRES_start\"><\/span><\/iframe><\/p>\n<div class=\"flex-shrink-0 flex flex-col relative items-end\">\n<div class=\"pt-0\">\n<div class=\"gizmo-shadow-stroke flex h-8 w-8 items-center justify-center overflow-hidden rounded-full\">\n<div class=\"h-full w-full\">\n<div class=\"gizmo-shadow-stroke overflow-hidden rounded-full\"><\/div>\n<\/div>\n<\/div>\n<\/div>\n<\/div>\n<div class=\"group\/conversation-turn relative flex w-full min-w-0 flex-col agent-turn\">\n<div class=\"flex-col gap-1 md:gap-3\">\n<div class=\"flex max-w-full flex-col flex-grow\">\n<div class=\"min-h-8 text-message flex w-full flex-col items-end gap-2 whitespace-normal break-words [.text-message+&amp;]:mt-5\" dir=\"auto\" data-message-author-role=\"assistant\" data-message-id=\"54d54e75-f83b-4acd-b251-aa1a7dbd0119\" data-message-model-slug=\"gpt-4o\">\n<div class=\"flex w-full flex-col gap-1 empty:hidden first:pt-[3px]\">\n<div class=\"markdown prose w-full break-words dark:prose-invert light\">\n<h3><strong>LED-Elektro-Wandkamin Unique NH \u2013 Sch\u00f6nheit und Realismus in Ihrem Interieur<\/strong><\/h3>\n<p><strong>Der elektrische Wandkamin Unique NH LED<\/strong> ist die perfekte Wahl f\u00fcr alle, die ein auff\u00e4lliges Dekorationselement ohne Heizfunktion suchen. Dank seines modernen Designs und der dreiseitigen Feuerkammer zieht Unique NH die Aufmerksamkeit auf sich und bringt die Magie eines realistischen Feuers in den Innenraum, wodurch eine einzigartige Atmosph\u00e4re entsteht. <\/p>\n<h4><strong>Merkmale:<\/strong><\/h4>\n<h4><strong>Flammeneffekt<\/strong><\/h4>\n<p>Unique NH bietet eine breite Palette visueller M\u00f6glichkeiten:<\/p>\n<ul>\n<li><strong>6 Flammenfarben<\/strong> \u2013 Sorgen Sie mit verschiedenen Flammenfarben f\u00fcr die richtige Stimmung.<\/li>\n<li><strong>11 Farben f\u00fcr die Beleuchtung von Oberseite und Feuerraum<\/strong> \u2013 Verbesserte Lichteffekte unterstreichen die Magie des Feuers.<\/li>\n<\/ul>\n<p><img fetchpriority=\"high\" decoding=\"async\" class=\"aligncenter wp-image-11296 size-full\" src=\"https:\/\/aflamo.shop\/wp-content\/uploads\/2023\/09\/flames_unique-nh_6.jpg\" alt=\"\" width=\"555\" height=\"425\" srcset=\"https:\/\/aflamo.shop\/wp-content\/uploads\/2023\/09\/flames_unique-nh_6.jpg 555w, https:\/\/aflamo.shop\/wp-content\/uploads\/2023\/09\/flames_unique-nh_6-300x230.jpg 300w\" sizes=\"(max-width: 555px) 100vw, 555px\" \/><\/p>\n<p>&nbsp;<\/p>\n<ul>\n<li><strong>2 Arten von Feuerstellen <\/strong>\u2013 Das Set umfasst Holzscheite und Kristalle, die je nach Einrichtungsstil ausgetauscht werden k\u00f6nnen.<\/li>\n<li><strong>10 Feuerraum-Beleuchtungsfarben<\/strong> und <strong>5 Helligkeitsstufen<\/strong> \u2013 Personalisieren Sie den Feuereffekt nach Ihren W\u00fcnschen.<\/li>\n<\/ul>\n<p><img decoding=\"async\" class=\"aligncenter wp-image-10691 size-full\" src=\"https:\/\/aflamo.shop\/wp-content\/uploads\/2024\/06\/polana_krysztaly-e1603875138523.png\" alt=\"\" width=\"413\" height=\"297\" srcset=\"https:\/\/aflamo.shop\/wp-content\/uploads\/2024\/06\/polana_krysztaly-e1603875138523.png 413w, https:\/\/aflamo.shop\/wp-content\/uploads\/2024\/06\/polana_krysztaly-e1603875138523-300x216.png 300w\" sizes=\"(max-width: 413px) 100vw, 413px\" \/><\/p>\n<p>&nbsp;<\/p>\n<ul>\n<li><strong>Keramikscheite <\/strong>\u2013 Eine neue Qualit\u00e4t des Kaminfeuers dank realistischer Keramikscheite, die im Feuer echtem Holz \u00e4hneln. Diese langlebigen und \u00e4sthetischen Elemente verleihen dem Flammeneffekt Authentizit\u00e4t und Tiefe. <\/li>\n<\/ul>\n<p><img decoding=\"async\" class=\"aligncenter wp-image-8902 size-full\" src=\"https:\/\/aflamo.shop\/wp-content\/uploads\/2023\/08\/Unique_NH_logs_closeup.jpg\" alt=\"\" width=\"492\" height=\"300\" srcset=\"https:\/\/aflamo.shop\/wp-content\/uploads\/2023\/08\/Unique_NH_logs_closeup.jpg 492w, https:\/\/aflamo.shop\/wp-content\/uploads\/2023\/08\/Unique_NH_logs_closeup-300x183.jpg 300w\" sizes=\"(max-width: 492px) 100vw, 492px\" \/><\/p>\n<ul>\n<li><strong>In vielen Gr\u00f6\u00dfen erh\u00e4ltlich <\/strong>\u2013 W\u00e4hlen Sie die Gr\u00f6\u00dfe, die zu Ihrer Einrichtung passt: 100, 120, 140, 160 oder 180 cm.<\/li>\n<\/ul>\n<p><img loading=\"lazy\" decoding=\"async\" class=\"aligncenter wp-image-8866 size-full\" src=\"https:\/\/aflamo.shop\/wp-content\/uploads\/2023\/08\/unique_unique-nh.jpg\" alt=\"\" width=\"492\" height=\"300\" srcset=\"https:\/\/aflamo.shop\/wp-content\/uploads\/2023\/08\/unique_unique-nh.jpg 492w, https:\/\/aflamo.shop\/wp-content\/uploads\/2023\/08\/unique_unique-nh-300x183.jpg 300w\" sizes=\"(max-width: 492px) 100vw, 492px\" \/><\/p>\n<h4><strong>Mobile Anwendung <\/strong><\/h4>\n<p><iframe width=\"560\" height=\"315\" src=\"https:\/\/www.youtube.com\/embed\/H9frj9fGZnY?si=YHNoy3_uQ_P_q10N\" title=\"YouTube-Video-Player\" frameborder=\"0\" allow=\"accelerometer; autoplay; clipboard-write; encrypted-media; gyroscope; picture-in-picture; web-share\" referrerpolicy=\"strict-origin-when-cross-origin\" allowfullscreen=\"\"><\/iframe><br \/>\nDer Unique NH Kamin bietet moderne Steuerungsm\u00f6glichkeiten:<\/p>\n<ul>\n<li><strong>Mobile App<\/strong> \u2013 Verf\u00fcgbar f\u00fcr Android- und iOS-Ger\u00e4te, bietet vollst\u00e4ndige Kontrolle \u00fcber die Kaminfunktionen \u00fcber Ihr Telefon. Die App kann von Google Play oder dem Apple Store heruntergeladen werden, indem Sie nach \u201eAFLAMO\u201c suchen. <\/li>\n<li><strong>Sprachbefehle <\/strong>\u2013 Schalten Sie Ihren Kamin bequem per Sprachsteuerung mit Amazon Alexa ein und aus.<\/li>\n<\/ul>\n<p><img loading=\"lazy\" decoding=\"async\" class=\"aligncenter wp-image-8869 size-full\" src=\"https:\/\/aflamo.shop\/wp-content\/uploads\/2023\/08\/unique_app_unique-nh.jpg\" alt=\"\" width=\"492\" height=\"300\" srcset=\"https:\/\/aflamo.shop\/wp-content\/uploads\/2023\/08\/unique_app_unique-nh.jpg 492w, https:\/\/aflamo.shop\/wp-content\/uploads\/2023\/08\/unique_app_unique-nh-300x183.jpg 300w\" sizes=\"(max-width: 492px) 100vw, 492px\" \/><\/p>\n<h4><strong>Installation<\/strong><\/h4>\n<p>Der Unique NH-Kamin kann auf drei Arten installiert werden:<\/p>\n<ol>\n<li>F\u00fcr integrierte<\/li>\n<li>Teilweise in die Wand eingebaut<\/li>\n<li>An der Wand h\u00e4ngen<\/li>\n<\/ol>\n<h4><strong>Zusammenfassung<\/strong><\/h4>\n<p><strong>Der elektrische Wandkamin Unique NH LED<\/strong> ist die perfekte Wahl f\u00fcr Menschen, die Wert auf \u00c4sthetik, Eleganz und moderne Technologien legen. Der dreiseitige Feuerraum, die d\u00fcnnen Rahmen und die Keramikscheite erzeugen einen beeindruckenden Feuereffekt, ohne dass eine Heizung erforderlich ist. Dank der mobilen App und Sprachsteuerung ist Unique NH ein Kamin, der volle Kontrolle und au\u00dfergew\u00f6hnlichen Bedienkomfort bietet. Es ist mehr als nur ein Kamin \u2013 es ist eine Sch\u00f6nheit, die den Innenraum mit der Magie der Flammen bereichert.   <\/p>\n<p><strong style=\"font-size: 16px;\">Technische Zeichnungen<\/strong><br \/>\nUnique NH 80<\/p>\n<p><img loading=\"lazy\" decoding=\"async\" class=\"aligncenter wp-image-12563 size-full\" src=\"https:\/\/aflamo.shop\/wp-content\/uploads\/2025\/01\/unique-80-nh.png\" alt=\"\" width=\"1430\" height=\"820\" srcset=\"https:\/\/aflamo.shop\/wp-content\/uploads\/2025\/01\/unique-80-nh.png 1430w, https:\/\/aflamo.shop\/wp-content\/uploads\/2025\/01\/unique-80-nh-600x344.png 600w, https:\/\/aflamo.shop\/wp-content\/uploads\/2025\/01\/unique-80-nh-300x172.png 300w, https:\/\/aflamo.shop\/wp-content\/uploads\/2025\/01\/unique-80-nh-1024x587.png 1024w, https:\/\/aflamo.shop\/wp-content\/uploads\/2025\/01\/unique-80-nh-768x440.png 768w\" sizes=\"(max-width: 1430px) 100vw, 1430px\" \/><br \/>\nUnique NH 100<\/p>\n<p><img loading=\"lazy\" decoding=\"async\" class=\"aligncenter wp-image-8905 size-full\" src=\"https:\/\/aflamo.shop\/wp-content\/uploads\/2023\/08\/Unique_NH_100.png\" alt=\"\" width=\"1423\" height=\"491\" srcset=\"https:\/\/aflamo.shop\/wp-content\/uploads\/2023\/08\/Unique_NH_100.png 1423w, https:\/\/aflamo.shop\/wp-content\/uploads\/2023\/08\/Unique_NH_100-600x207.png 600w, https:\/\/aflamo.shop\/wp-content\/uploads\/2023\/08\/Unique_NH_100-300x104.png 300w, https:\/\/aflamo.shop\/wp-content\/uploads\/2023\/08\/Unique_NH_100-1024x353.png 1024w, https:\/\/aflamo.shop\/wp-content\/uploads\/2023\/08\/Unique_NH_100-768x265.png 768w\" sizes=\"(max-width: 1423px) 100vw, 1423px\" \/><\/p>\n<p>Unique NH 120<\/p>\n<p><img loading=\"lazy\" decoding=\"async\" class=\"aligncenter wp-image-8908 size-full\" src=\"https:\/\/aflamo.shop\/wp-content\/uploads\/2023\/08\/Unique_NH_120.png\" alt=\"\" width=\"1463\" height=\"454\" srcset=\"https:\/\/aflamo.shop\/wp-content\/uploads\/2023\/08\/Unique_NH_120.png 1463w, https:\/\/aflamo.shop\/wp-content\/uploads\/2023\/08\/Unique_NH_120-600x186.png 600w, https:\/\/aflamo.shop\/wp-content\/uploads\/2023\/08\/Unique_NH_120-300x93.png 300w, https:\/\/aflamo.shop\/wp-content\/uploads\/2023\/08\/Unique_NH_120-1024x318.png 1024w, https:\/\/aflamo.shop\/wp-content\/uploads\/2023\/08\/Unique_NH_120-768x238.png 768w\" sizes=\"(max-width: 1463px) 100vw, 1463px\" \/><\/p>\n<p>Unique NH 140<\/p>\n<p><img loading=\"lazy\" decoding=\"async\" class=\"aligncenter wp-image-8911 size-full\" src=\"https:\/\/aflamo.shop\/wp-content\/uploads\/2023\/08\/Unique_NH_140.png\" alt=\"\" width=\"1534\" height=\"434\" srcset=\"https:\/\/aflamo.shop\/wp-content\/uploads\/2023\/08\/Unique_NH_140.png 1534w, https:\/\/aflamo.shop\/wp-content\/uploads\/2023\/08\/Unique_NH_140-600x170.png 600w, https:\/\/aflamo.shop\/wp-content\/uploads\/2023\/08\/Unique_NH_140-300x85.png 300w, https:\/\/aflamo.shop\/wp-content\/uploads\/2023\/08\/Unique_NH_140-1024x290.png 1024w, https:\/\/aflamo.shop\/wp-content\/uploads\/2023\/08\/Unique_NH_140-768x217.png 768w\" sizes=\"(max-width: 1534px) 100vw, 1534px\" \/><\/p>\n<\/div>\n<\/div>\n<\/div>\n<\/div>\n<\/div>\n<\/div>\n<p>&nbsp;<\/p>\n<p>Unique NH 160<\/p>\n<p>&nbsp;<\/p>\n<p><img loading=\"lazy\" decoding=\"async\" class=\"alignnone wp-image-8914 size-full\" src=\"https:\/\/aflamo.shop\/wp-content\/uploads\/2023\/08\/Unique_NH_160.png\" alt=\"\" width=\"1542\" height=\"399\" srcset=\"https:\/\/aflamo.shop\/wp-content\/uploads\/2023\/08\/Unique_NH_160.png 1542w, https:\/\/aflamo.shop\/wp-content\/uploads\/2023\/08\/Unique_NH_160-600x155.png 600w, https:\/\/aflamo.shop\/wp-content\/uploads\/2023\/08\/Unique_NH_160-300x78.png 300w, https:\/\/aflamo.shop\/wp-content\/uploads\/2023\/08\/Unique_NH_160-1024x265.png 1024w, https:\/\/aflamo.shop\/wp-content\/uploads\/2023\/08\/Unique_NH_160-768x199.png 768w, https:\/\/aflamo.shop\/wp-content\/uploads\/2023\/08\/Unique_NH_160-1536x397.png 1536w\" sizes=\"(max-width: 1542px) 100vw, 1542px\" \/><\/p>\n<p>&nbsp;<\/p>\n<p>Unique NH 180<\/p>\n<p><img loading=\"lazy\" decoding=\"async\" class=\"aligncenter wp-image-8917 size-full\" src=\"https:\/\/aflamo.shop\/wp-content\/uploads\/2023\/08\/Unique_NH_180.png\" alt=\"\" width=\"1559\" height=\"365\" srcset=\"https:\/\/aflamo.shop\/wp-content\/uploads\/2023\/08\/Unique_NH_180.png 1559w, https:\/\/aflamo.shop\/wp-content\/uploads\/2023\/08\/Unique_NH_180-600x140.png 600w, https:\/\/aflamo.shop\/wp-content\/uploads\/2023\/08\/Unique_NH_180-300x70.png 300w, https:\/\/aflamo.shop\/wp-content\/uploads\/2023\/08\/Unique_NH_180-1024x240.png 1024w, https:\/\/aflamo.shop\/wp-content\/uploads\/2023\/08\/Unique_NH_180-768x180.png 768w, https:\/\/aflamo.shop\/wp-content\/uploads\/2023\/08\/Unique_NH_180-1536x360.png 1536w\" sizes=\"(max-width: 1559px) 100vw, 1559px\" \/><\/p>\n<p>&nbsp;<\/p>\n","protected":false},"excerpt":{"rendered":"<p>Hersteller: Aflamo<\/p>\n<p>GETIN:5908283562398<\/p>\n<p>Elektrokamin zum Einbau\/Wandaufbau ohne Heizfunktion.<\/p>\n<p><b>Modell:<\/b><\/p>\n<ul>\n<li><a href=\"https:\/\/aflamo.shop\/de\/p\/aflamo-unique-nh-80-wand-einbau-led-elektrokamin\/\">80<\/a><\/li>\n<li><a href=\"https:\/\/aflamo.shop\/de\/p\/aflamo-unique-nh-100-wand-einbau-led-elektrokamin\/\">100<\/a><\/li>\n<li><a href=\"https:\/\/aflamo.shop\/de\/p\/aflamo-unique-nh-120-wand-einbau-led-elektrokamin\/\">120<\/a><\/li>\n<\/ul>\n<ul>\n<li><a href=\"https:\/\/aflamo.shop\/de\/p\/aflamo-unique-nh-140-wand-einbau-led-elektrokamin\/\">140<\/a><\/li>\n<li><a href=\"https:\/\/aflamo.shop\/de\/p\/aflamo-unique-nh-160-wand-einbau-led-elektrokamin\/\">160<\/a><\/li>\n<li><a href=\"https:\/\/aflamo.shop\/de\/p\/aflamo-unique-nh-180-wand-einbau-led-elektrokamin\/\">180<\/a><\/li>\n<\/ul>\n<p><a href=\"https:\/\/aflamo.shop\/wp-content\/uploads\/2023\/09\/UNIQUE-NH_TuyaAPP_EN-PL-DE-IT-ES-FR-CS-SK-NL.pdf\">Bedienungs- und Sicherheitshinweise<\/a><\/p>\n<p><b>Abmessungen<\/b>: 100 x 46 x 23 cm<\/p>\n","protected":false},"featured_media":16879,"comment_status":"open","ping_status":"closed","template":"","meta":[],"product_brand":[],"product_cat":[799,879,801,800,806,804,803,984],"product_tag":[],"class_list":{"0":"post-17022","1":"product","2":"type-product","3":"status-publish","4":"has-post-thumbnail","6":"product_cat-aflamo-de","7":"product_cat-dreiseitige-led-elektrokamine","8":"product_cat-eingebaute-led-elektrokamine","9":"product_cat-elektrische-kamine","10":"product_cat-elektrische-kamine-mit-mobiler-app","11":"product_cat-elektrische-kamine-zum-aufhangen-an-der-wand","12":"product_cat-elektrische-led-einsatze","13":"product_cat-led-elektrokamine-ohne-heizfunktion","15":"first","16":"instock","17":"shipping-taxable","18":"purchasable","19":"product-type-simple"},"yoast_head":"<!-- This site is optimized with the Yoast SEO plugin v27.1.1 - https:\/\/yoast.com\/product\/yoast-seo-wordpress\/ -->\n<title>Aflamo Unique NH - 100 LED Elektrokamin Wand\/Einbau - aflamo.shop-zertifizierter aflamo-H\u00e4ndler<\/title>\n<meta name=\"description\" content=\"Einzigartiger NH-LED-Kamin \u2013 dreiseitiger Feuerraum, d\u00fcnne Rahmen und Keramikscheite. Moderne Technik, mobile Steuerung und Feuereffekt ohne Heizung.\" \/>\n<meta name=\"robots\" content=\"index, follow, max-snippet:-1, max-image-preview:large, max-video-preview:-1\" \/>\n<link rel=\"canonical\" href=\"https:\/\/aflamo.shop\/de\/p\/aflamo-unique-nh-100-led-elektrokamin-wand-einbau\/\" \/>\n<meta property=\"og:locale\" content=\"de_DE\" \/>\n<meta property=\"og:type\" content=\"article\" \/>\n<meta property=\"og:title\" content=\"Aflamo Unique NH - 100 LED Elektrokamin Wand\/Einbau - aflamo.shop-zertifizierter aflamo-H\u00e4ndler\" \/>\n<meta property=\"og:description\" content=\"Einzigartiger NH-LED-Kamin \u2013 dreiseitiger Feuerraum, d\u00fcnne Rahmen und Keramikscheite. Moderne Technik, mobile Steuerung und Feuereffekt ohne Heizung.\" \/>\n<meta property=\"og:url\" content=\"https:\/\/aflamo.shop\/de\/p\/aflamo-unique-nh-100-led-elektrokamin-wand-einbau\/\" \/>\n<meta property=\"og:site_name\" content=\"aflamo.shop-zertifizierter aflamo-H\u00e4ndler\" \/>\n<meta property=\"article:modified_time\" content=\"2025-05-15T12:44:15+00:00\" \/>\n<meta property=\"og:image\" content=\"https:\/\/aflamo.shop\/wp-content\/uploads\/2023\/08\/Unique_NH_front_1_sq.jpg\" \/>\n\t<meta property=\"og:image:width\" content=\"2248\" \/>\n\t<meta property=\"og:image:height\" content=\"2248\" \/>\n\t<meta property=\"og:image:type\" content=\"image\/jpeg\" \/>\n<meta name=\"twitter:card\" content=\"summary_large_image\" \/>\n<meta name=\"twitter:label1\" content=\"Gesch\u00e4tzte Lesezeit\" \/>\n\t<meta name=\"twitter:data1\" content=\"5\u00a0Minuten\" \/>\n<script type=\"application\/ld+json\" class=\"yoast-schema-graph\">{\"@context\":\"https:\/\/schema.org\",\"@graph\":[{\"@type\":\"WebPage\",\"@id\":\"https:\/\/aflamo.shop\/de\/p\/aflamo-unique-nh-100-led-elektrokamin-wand-einbau\/\",\"url\":\"https:\/\/aflamo.shop\/de\/p\/aflamo-unique-nh-100-led-elektrokamin-wand-einbau\/\",\"name\":\"Aflamo Unique NH - 100 LED Elektrokamin Wand\/Einbau - aflamo.shop-zertifizierter aflamo-H\u00e4ndler\",\"isPartOf\":{\"@id\":\"https:\/\/aflamo.shop\/de\/#website\"},\"primaryImageOfPage\":{\"@id\":\"https:\/\/aflamo.shop\/de\/p\/aflamo-unique-nh-100-led-elektrokamin-wand-einbau\/#primaryimage\"},\"image\":{\"@id\":\"https:\/\/aflamo.shop\/de\/p\/aflamo-unique-nh-100-led-elektrokamin-wand-einbau\/#primaryimage\"},\"thumbnailUrl\":\"https:\/\/aflamo.shop\/wp-content\/uploads\/2023\/08\/Unique_NH_front_1_sq.jpg\",\"datePublished\":\"2023-09-15T12:00:51+00:00\",\"dateModified\":\"2025-05-15T12:44:15+00:00\",\"description\":\"Einzigartiger NH-LED-Kamin \u2013 dreiseitiger Feuerraum, d\u00fcnne Rahmen und Keramikscheite. Moderne Technik, mobile Steuerung und Feuereffekt ohne Heizung.\",\"breadcrumb\":{\"@id\":\"https:\/\/aflamo.shop\/de\/p\/aflamo-unique-nh-100-led-elektrokamin-wand-einbau\/#breadcrumb\"},\"inLanguage\":\"de\",\"potentialAction\":[{\"@type\":\"ReadAction\",\"target\":[\"https:\/\/aflamo.shop\/de\/p\/aflamo-unique-nh-100-led-elektrokamin-wand-einbau\/\"]}]},{\"@type\":\"ImageObject\",\"inLanguage\":\"de\",\"@id\":\"https:\/\/aflamo.shop\/de\/p\/aflamo-unique-nh-100-led-elektrokamin-wand-einbau\/#primaryimage\",\"url\":\"https:\/\/aflamo.shop\/wp-content\/uploads\/2023\/08\/Unique_NH_front_1_sq.jpg\",\"contentUrl\":\"https:\/\/aflamo.shop\/wp-content\/uploads\/2023\/08\/Unique_NH_front_1_sq.jpg\",\"width\":2248,\"height\":2248},{\"@type\":\"BreadcrumbList\",\"@id\":\"https:\/\/aflamo.shop\/de\/p\/aflamo-unique-nh-100-led-elektrokamin-wand-einbau\/#breadcrumb\",\"itemListElement\":[{\"@type\":\"ListItem\",\"position\":1,\"name\":\"Strona g\u0142\u00f3wna\",\"item\":\"https:\/\/aflamo.shop\/de\/startseite\/\"},{\"@type\":\"ListItem\",\"position\":2,\"name\":\"Shop\",\"item\":\"https:\/\/aflamo.shop\/shop\/\"},{\"@type\":\"ListItem\",\"position\":3,\"name\":\"Elektrische Kamine\",\"item\":\"https:\/\/aflamo.shop\/de\/s\/elektrische-kamine\/\"},{\"@type\":\"ListItem\",\"position\":4,\"name\":\"Dreiseitige LED-Elektrokamine\",\"item\":\"https:\/\/aflamo.shop\/de\/s\/elektrische-kamine\/dreiseitige-led-elektrokamine\/\"},{\"@type\":\"ListItem\",\"position\":5,\"name\":\"Aflamo Unique NH &#8211; 100 LED Elektrokamin Wand\/Einbau\"}]},{\"@type\":\"WebSite\",\"@id\":\"https:\/\/aflamo.shop\/de\/#website\",\"url\":\"https:\/\/aflamo.shop\/de\/\",\"name\":\"aflamo.shop-zertifizierter aflamo-H\u00e4ndler\",\"description\":\"Kominki elektryczne Aflamo i Emotion Flame z funkcj\u0105 grzania\",\"potentialAction\":[{\"@type\":\"SearchAction\",\"target\":{\"@type\":\"EntryPoint\",\"urlTemplate\":\"https:\/\/aflamo.shop\/de\/?s={search_term_string}\"},\"query-input\":{\"@type\":\"PropertyValueSpecification\",\"valueRequired\":true,\"valueName\":\"search_term_string\"}}],\"inLanguage\":\"de\"}]}<\/script>\n<!-- \/ Yoast SEO plugin. -->","yoast_head_json":{"title":"Aflamo Unique NH - 100 LED Elektrokamin Wand\/Einbau - aflamo.shop-zertifizierter aflamo-H\u00e4ndler","description":"Einzigartiger NH-LED-Kamin \u2013 dreiseitiger Feuerraum, d\u00fcnne Rahmen und Keramikscheite. Moderne Technik, mobile Steuerung und Feuereffekt ohne Heizung.","robots":{"index":"index","follow":"follow","max-snippet":"max-snippet:-1","max-image-preview":"max-image-preview:large","max-video-preview":"max-video-preview:-1"},"canonical":"https:\/\/aflamo.shop\/de\/p\/aflamo-unique-nh-100-led-elektrokamin-wand-einbau\/","og_locale":"de_DE","og_type":"article","og_title":"Aflamo Unique NH - 100 LED Elektrokamin Wand\/Einbau - aflamo.shop-zertifizierter aflamo-H\u00e4ndler","og_description":"Einzigartiger NH-LED-Kamin \u2013 dreiseitiger Feuerraum, d\u00fcnne Rahmen und Keramikscheite. Moderne Technik, mobile Steuerung und Feuereffekt ohne Heizung.","og_url":"https:\/\/aflamo.shop\/de\/p\/aflamo-unique-nh-100-led-elektrokamin-wand-einbau\/","og_site_name":"aflamo.shop-zertifizierter aflamo-H\u00e4ndler","article_modified_time":"2025-05-15T12:44:15+00:00","og_image":[{"width":2248,"height":2248,"url":"https:\/\/aflamo.shop\/wp-content\/uploads\/2023\/08\/Unique_NH_front_1_sq.jpg","type":"image\/jpeg"}],"twitter_card":"summary_large_image","twitter_misc":{"Gesch\u00e4tzte Lesezeit":"5\u00a0Minuten"},"schema":{"@context":"https:\/\/schema.org","@graph":[{"@type":"WebPage","@id":"https:\/\/aflamo.shop\/de\/p\/aflamo-unique-nh-100-led-elektrokamin-wand-einbau\/","url":"https:\/\/aflamo.shop\/de\/p\/aflamo-unique-nh-100-led-elektrokamin-wand-einbau\/","name":"Aflamo Unique NH - 100 LED Elektrokamin Wand\/Einbau - aflamo.shop-zertifizierter aflamo-H\u00e4ndler","isPartOf":{"@id":"https:\/\/aflamo.shop\/de\/#website"},"primaryImageOfPage":{"@id":"https:\/\/aflamo.shop\/de\/p\/aflamo-unique-nh-100-led-elektrokamin-wand-einbau\/#primaryimage"},"image":{"@id":"https:\/\/aflamo.shop\/de\/p\/aflamo-unique-nh-100-led-elektrokamin-wand-einbau\/#primaryimage"},"thumbnailUrl":"https:\/\/aflamo.shop\/wp-content\/uploads\/2023\/08\/Unique_NH_front_1_sq.jpg","datePublished":"2023-09-15T12:00:51+00:00","dateModified":"2025-05-15T12:44:15+00:00","description":"Einzigartiger NH-LED-Kamin \u2013 dreiseitiger Feuerraum, d\u00fcnne Rahmen und Keramikscheite. Moderne Technik, mobile Steuerung und Feuereffekt ohne Heizung.","breadcrumb":{"@id":"https:\/\/aflamo.shop\/de\/p\/aflamo-unique-nh-100-led-elektrokamin-wand-einbau\/#breadcrumb"},"inLanguage":"de","potentialAction":[{"@type":"ReadAction","target":["https:\/\/aflamo.shop\/de\/p\/aflamo-unique-nh-100-led-elektrokamin-wand-einbau\/"]}]},{"@type":"ImageObject","inLanguage":"de","@id":"https:\/\/aflamo.shop\/de\/p\/aflamo-unique-nh-100-led-elektrokamin-wand-einbau\/#primaryimage","url":"https:\/\/aflamo.shop\/wp-content\/uploads\/2023\/08\/Unique_NH_front_1_sq.jpg","contentUrl":"https:\/\/aflamo.shop\/wp-content\/uploads\/2023\/08\/Unique_NH_front_1_sq.jpg","width":2248,"height":2248},{"@type":"BreadcrumbList","@id":"https:\/\/aflamo.shop\/de\/p\/aflamo-unique-nh-100-led-elektrokamin-wand-einbau\/#breadcrumb","itemListElement":[{"@type":"ListItem","position":1,"name":"Strona g\u0142\u00f3wna","item":"https:\/\/aflamo.shop\/de\/startseite\/"},{"@type":"ListItem","position":2,"name":"Shop","item":"https:\/\/aflamo.shop\/shop\/"},{"@type":"ListItem","position":3,"name":"Elektrische Kamine","item":"https:\/\/aflamo.shop\/de\/s\/elektrische-kamine\/"},{"@type":"ListItem","position":4,"name":"Dreiseitige LED-Elektrokamine","item":"https:\/\/aflamo.shop\/de\/s\/elektrische-kamine\/dreiseitige-led-elektrokamine\/"},{"@type":"ListItem","position":5,"name":"Aflamo Unique NH &#8211; 100 LED Elektrokamin Wand\/Einbau"}]},{"@type":"WebSite","@id":"https:\/\/aflamo.shop\/de\/#website","url":"https:\/\/aflamo.shop\/de\/","name":"aflamo.shop-zertifizierter aflamo-H\u00e4ndler","description":"Kominki elektryczne Aflamo i Emotion Flame z funkcj\u0105 grzania","potentialAction":[{"@type":"SearchAction","target":{"@type":"EntryPoint","urlTemplate":"https:\/\/aflamo.shop\/de\/?s={search_term_string}"},"query-input":{"@type":"PropertyValueSpecification","valueRequired":true,"valueName":"search_term_string"}}],"inLanguage":"de"}]}},"_links":{"self":[{"href":"https:\/\/aflamo.shop\/de\/wp-json\/wp\/v2\/product\/17022","targetHints":{"allow":["GET"]}}],"collection":[{"href":"https:\/\/aflamo.shop\/de\/wp-json\/wp\/v2\/product"}],"about":[{"href":"https:\/\/aflamo.shop\/de\/wp-json\/wp\/v2\/types\/product"}],"replies":[{"embeddable":true,"href":"https:\/\/aflamo.shop\/de\/wp-json\/wp\/v2\/comments?post=17022"}],"wp:featuredmedia":[{"embeddable":true,"href":"https:\/\/aflamo.shop\/de\/wp-json\/wp\/v2\/media\/16879"}],"wp:attachment":[{"href":"https:\/\/aflamo.shop\/de\/wp-json\/wp\/v2\/media?parent=17022"}],"wp:term":[{"taxonomy":"product_brand","embeddable":true,"href":"https:\/\/aflamo.shop\/de\/wp-json\/wp\/v2\/product_brand?post=17022"},{"taxonomy":"product_cat","embeddable":true,"href":"https:\/\/aflamo.shop\/de\/wp-json\/wp\/v2\/product_cat?post=17022"},{"taxonomy":"product_tag","embeddable":true,"href":"https:\/\/aflamo.shop\/de\/wp-json\/wp\/v2\/product_tag?post=17022"}],"curies":[{"name":"wp","href":"https:\/\/api.w.org\/{rel}","templated":true}]}}