{"id":16996,"date":"2023-09-16T15:21:12","date_gmt":"2023-09-16T15:21:12","guid":{"rendered":"https:\/\/aflamo.shop\/p\/aflamo-royal-72-wand-einbau-led-elektrokamin\/"},"modified":"2025-05-15T12:45:26","modified_gmt":"2025-05-15T12:45:26","slug":"aflamo-royal-72-wand-einbau-led-elektrokamin","status":"publish","type":"product","link":"https:\/\/aflamo.shop\/de\/p\/aflamo-royal-72-wand-einbau-led-elektrokamin\/","title":{"rendered":"Aflamo Royal 72 &#8211; Wand-\/Einbau-LED-Elektrokamin"},"content":{"rendered":"<p style=\"text-align: center;\"><iframe title=\"YouTube-Video-Player\" src=\"https:\/\/www.youtube.com\/embed\/f2DyPqOBHS4\" width=\"560\" height=\"315\" frameborder=\"0\" allowfullscreen=\"allowfullscreen\"><\/iframe><\/p>\n<h2><strong>Royal LED Elektrokamin \u2013 Eleganz und Komfort im modernen Stil<\/strong><\/h2>\n<p><strong>Der Elektrokamin Royal LED<\/strong> ist Ausdruck modernen Designs und Funktionalit\u00e4t, der den Innenraum mit W\u00e4rme und einer einzigartigen Atmosph\u00e4re bereichert. Minimalistische, d\u00fcnne Rahmen heben den Flammenbereich dezent hervor und erzeugen so eine elegante Optik, die jeden Einrichtungsstil harmonisch erg\u00e4nzt. <\/p>\n<p><strong>Eigenschaften<\/strong><\/p>\n<p>Der Royal-Kamin bietet eine ganze Reihe fortschrittlicher Funktionen, mit denen Sie seinen Betrieb an Ihre individuellen Bed\u00fcrfnisse anpassen k\u00f6nnen:<\/p>\n<p><strong>Verschiedene Flammeneffekte<\/strong><\/p>\n<p>Schaffen Sie die perfekte Atmosph\u00e4re, indem Sie aus einer Vielzahl von Flammeneinstellungen w\u00e4hlen:<\/p>\n<ul>\n<li><strong>6 Flammenfarben<\/strong>: von k\u00fchlen bis zu warmen Farbt\u00f6nen, sodass Sie die Atmosph\u00e4re ganz einfach an Ihre Stimmung anpassen k\u00f6nnen.<\/li>\n<li><strong>3 Flammengeschwindigkeitsstufen: <\/strong>Passen Sie die Feuerdynamik an \u2013 von sanften, wohltuenden Flammen bis hin zu intensivem Flackern.<\/li>\n<li><strong>5 Flammenhelligkeitsstufen:<\/strong> Passen Sie die Lichtintensit\u00e4t an, von einem dezenten Gl\u00fchen bis zu einer auff\u00e4lligen Flamme.<\/li>\n<\/ul>\n<p style=\"text-align: center;\"><img fetchpriority=\"high\" decoding=\"async\" class=\"aligncenter wp-image-11269 size-full\" src=\"https:\/\/aflamo.shop\/wp-content\/uploads\/2023\/09\/flames_2x3-1-1-1.jpg\" alt=\"\" width=\"555\" height=\"425\" srcset=\"https:\/\/aflamo.shop\/wp-content\/uploads\/2023\/09\/flames_2x3-1-1-1.jpg 555w, https:\/\/aflamo.shop\/wp-content\/uploads\/2023\/09\/flames_2x3-1-1-1-300x230.jpg 300w\" sizes=\"(max-width: 555px) 100vw, 555px\" \/><\/p>\n<p><strong>Vielseitiger Kamin<\/strong><\/p>\n<p>Royal bietet zwei verschiedene Feuerraumstile an, sodass Sie das Aussehen Ihres Kamins individuell gestalten k\u00f6nnen:<\/p>\n<ul>\n<li><strong>Traditionelle Holzscheite:<\/strong> verleihen einen klassischen, gem\u00fctlichen Charakter.<\/li>\n<li><strong>Kristalle<\/strong>: ein eleganter, moderner Akzent f\u00fcr minimalistische Innenr\u00e4ume.<\/li>\n<\/ul>\n<p style=\"text-align: center;\"><img decoding=\"async\" class=\"aligncenter wp-image-10691 size-full\" src=\"https:\/\/aflamo.shop\/wp-content\/uploads\/2024\/06\/polana_krysztaly-e1603875138523.png\" alt=\"\" width=\"413\" height=\"297\" srcset=\"https:\/\/aflamo.shop\/wp-content\/uploads\/2024\/06\/polana_krysztaly-e1603875138523.png 413w, https:\/\/aflamo.shop\/wp-content\/uploads\/2024\/06\/polana_krysztaly-e1603875138523-300x216.png 300w\" sizes=\"(max-width: 413px) 100vw, 413px\" \/><\/p>\n<p>Zus\u00e4tzlich erm\u00f6glichen <strong>10 Farben der Feuerraumbeleuchtung<\/strong> und 5 Helligkeitsstufen eine noch st\u00e4rkere Personalisierung und Betonung des Einrichtungsstils.<\/p>\n<div class=\"montaz-opis\">\n<h3><strong>Installationsmethoden<\/strong><\/h3>\n<ol>\n<li><strong>#1 Komplett in der Wand<\/strong> \u2013 ideal f\u00fcr den Einbau in eine Wand, Gipskartonplatte oder M\u00f6belplatte. M\u00f6glichkeit der Veredelung mit Fliesen, Paneelen, Putz \u2013 Ihrer Fantasie sind keine Grenzen gesetzt! <\/li>\n<li><strong>#2 Teilweise in der Wand<\/strong><\/li>\n<li><strong>#3 An der Wand<\/strong> \u2013 Installation direkt an der Wand, keine Installation erforderlich. Schnell, einfach, effektiv. <\/li>\n<\/ol>\n<p>Der Kamin ben\u00f6tigt keine zus\u00e4tzliche Bel\u00fcftung.<\/p>\n<p><img decoding=\"async\" class=\"aligncenter wp-image-16238 size-full\" src=\"https:\/\/aflamo.shop\/wp-content\/uploads\/2023\/09\/royal-42-4.jpg\" alt=\"\" width=\"2048\" height=\"1448\" srcset=\"https:\/\/aflamo.shop\/wp-content\/uploads\/2023\/09\/royal-42-4.jpg 2048w, https:\/\/aflamo.shop\/wp-content\/uploads\/2023\/09\/royal-42-4-600x424.jpg 600w, https:\/\/aflamo.shop\/wp-content\/uploads\/2023\/09\/royal-42-4-300x212.jpg 300w, https:\/\/aflamo.shop\/wp-content\/uploads\/2023\/09\/royal-42-4-1024x724.jpg 1024w, https:\/\/aflamo.shop\/wp-content\/uploads\/2023\/09\/royal-42-4-768x543.jpg 768w, https:\/\/aflamo.shop\/wp-content\/uploads\/2023\/09\/royal-42-4-1536x1086.jpg 1536w\" sizes=\"(max-width: 2048px) 100vw, 2048px\" \/><\/p>\n<p>Im Set ist ein <strong>Montageb\u00fcgel enthalten<\/strong>, der die Installation erleichtert.<\/p>\n<\/div>\n<p><strong>Heizung<\/strong><\/p>\n<ul>\n<li><strong>2 Heizstufen<\/strong>: Durch die Wahl zwischen zwei Leistungsstufen (750\/1500W) k\u00f6nnen Sie die W\u00e4rme pr\u00e4zise an die Bedingungen und Vorlieben anpassen.<\/li>\n<li><strong>Fenster-offen-Sensor<\/strong>: intelligenter Schutz, der den Kamin automatisch ausschaltet, wenn ein Fenster ge\u00f6ffnet wird, und so die Sicherheit und Energieeffizienz erh\u00f6ht.<\/li>\n<li><strong>Digitaler Thermostat:<\/strong> Erm\u00f6glicht eine pr\u00e4zise Temperaturregelung zwischen 18 und 30 \u00b0C und sorgt so f\u00fcr optimalen thermischen Komfort.<\/li>\n<li><strong>Bedienfeld und Fernbedienung:<\/strong> Einfache Bedienung aller Funktionen, einschlie\u00dflich Flammenintensit\u00e4t und -farbe, \u00fcber die praktische Fernbedienung.<\/li>\n<\/ul>\n<p><strong>Komfort das ganze Jahr \u00fcber<\/strong><\/p>\n<p>Die Heizfunktion ist unabh\u00e4ngig vom Flammeneffekt, sodass Sie den Kamin das ganze Jahr \u00fcber nutzen und die optische Wirkung des Feuers genie\u00dfen k\u00f6nnen. Dar\u00fcber hinaus k\u00f6nnen Sie den Kamin mit <strong>dem Timer<\/strong> und <strong>dem Wochenprogramm so programmieren<\/strong>, dass er entsprechend Ihrem Zeitplan funktioniert. <\/p>\n<p><strong>Der Royal LED-Kamin<\/strong> ist eine perfekte Kombination aus Eleganz, Komfort und modernen Technologien. Mit Flammenregulierung, einer Vielzahl von Feuerraumoptionen und erweiterten Sicherheits- und Kontrollfunktionen bringt Royal nicht nur die magische Atmosph\u00e4re eines Lagerfeuers in den Innenraum, sondern wird auch zu einem einzigartigen Dekorationselement. <\/p>\n<div class=\"feature\">\n<p style=\"text-align: left;\"><strong>Technische Zeichnungen<\/strong><\/p>\n<p>Royal 42<\/p>\n<p style=\"text-align: center;\"><img loading=\"lazy\" decoding=\"async\" class=\"aligncenter wp-image-2617 size-full\" src=\"https:\/\/aflamo.shop\/wp-content\/uploads\/2023\/05\/royal-42-7-1.jpg\" alt=\"\" width=\"1244\" height=\"731\" srcset=\"https:\/\/aflamo.shop\/wp-content\/uploads\/2023\/05\/royal-42-7-1.jpg 1244w, https:\/\/aflamo.shop\/wp-content\/uploads\/2023\/05\/royal-42-7-1-600x353.jpg 600w, https:\/\/aflamo.shop\/wp-content\/uploads\/2023\/05\/royal-42-7-1-300x176.jpg 300w, https:\/\/aflamo.shop\/wp-content\/uploads\/2023\/05\/royal-42-7-1-1024x602.jpg 1024w, https:\/\/aflamo.shop\/wp-content\/uploads\/2023\/05\/royal-42-7-1-768x451.jpg 768w\" sizes=\"(max-width: 1244px) 100vw, 1244px\" \/><\/p>\n<p>Royal 50<\/p>\n<p style=\"text-align: center;\"><img loading=\"lazy\" decoding=\"async\" class=\"aligncenter wp-image-2648 size-full\" src=\"https:\/\/aflamo.shop\/wp-content\/uploads\/2023\/05\/royal-50-9-1.jpg\" alt=\"\" width=\"1332\" height=\"699\" srcset=\"https:\/\/aflamo.shop\/wp-content\/uploads\/2023\/05\/royal-50-9-1.jpg 1332w, https:\/\/aflamo.shop\/wp-content\/uploads\/2023\/05\/royal-50-9-1-600x315.jpg 600w, https:\/\/aflamo.shop\/wp-content\/uploads\/2023\/05\/royal-50-9-1-300x157.jpg 300w, https:\/\/aflamo.shop\/wp-content\/uploads\/2023\/05\/royal-50-9-1-1024x537.jpg 1024w, https:\/\/aflamo.shop\/wp-content\/uploads\/2023\/05\/royal-50-9-1-768x403.jpg 768w\" sizes=\"(max-width: 1332px) 100vw, 1332px\" \/><\/p>\n<p>Royal 60<\/p>\n<p style=\"text-align: center;\"><img loading=\"lazy\" decoding=\"async\" class=\"aligncenter wp-image-2654 size-full\" src=\"https:\/\/aflamo.shop\/wp-content\/uploads\/2023\/05\/royal-60-7-1.jpg\" alt=\"\" width=\"1369\" height=\"634\" srcset=\"https:\/\/aflamo.shop\/wp-content\/uploads\/2023\/05\/royal-60-7-1.jpg 1369w, https:\/\/aflamo.shop\/wp-content\/uploads\/2023\/05\/royal-60-7-1-600x278.jpg 600w, https:\/\/aflamo.shop\/wp-content\/uploads\/2023\/05\/royal-60-7-1-300x139.jpg 300w, https:\/\/aflamo.shop\/wp-content\/uploads\/2023\/05\/royal-60-7-1-1024x474.jpg 1024w, https:\/\/aflamo.shop\/wp-content\/uploads\/2023\/05\/royal-60-7-1-768x356.jpg 768w\" sizes=\"(max-width: 1369px) 100vw, 1369px\" \/><\/p>\n<p>Royal 65<\/p>\n<p style=\"text-align: center;\"><img loading=\"lazy\" decoding=\"async\" class=\"aligncenter wp-image-2660 size-full\" src=\"https:\/\/aflamo.shop\/wp-content\/uploads\/2023\/05\/royal-65-5-1.jpg\" alt=\"\" width=\"1346\" height=\"594\" srcset=\"https:\/\/aflamo.shop\/wp-content\/uploads\/2023\/05\/royal-65-5-1.jpg 1346w, https:\/\/aflamo.shop\/wp-content\/uploads\/2023\/05\/royal-65-5-1-600x265.jpg 600w, https:\/\/aflamo.shop\/wp-content\/uploads\/2023\/05\/royal-65-5-1-300x132.jpg 300w, https:\/\/aflamo.shop\/wp-content\/uploads\/2023\/05\/royal-65-5-1-1024x452.jpg 1024w, https:\/\/aflamo.shop\/wp-content\/uploads\/2023\/05\/royal-65-5-1-768x339.jpg 768w\" sizes=\"(max-width: 1346px) 100vw, 1346px\" \/><\/p>\n<p>Royal 72<\/p>\n<p style=\"text-align: center;\"><img loading=\"lazy\" decoding=\"async\" class=\"alignnone wp-image-2666 size-full\" src=\"https:\/\/aflamo.shop\/wp-content\/uploads\/2023\/05\/royal-72-7-1.jpg\" alt=\"\" width=\"1414\" height=\"573\" srcset=\"https:\/\/aflamo.shop\/wp-content\/uploads\/2023\/05\/royal-72-7-1.jpg 1414w, https:\/\/aflamo.shop\/wp-content\/uploads\/2023\/05\/royal-72-7-1-600x243.jpg 600w, https:\/\/aflamo.shop\/wp-content\/uploads\/2023\/05\/royal-72-7-1-300x122.jpg 300w, https:\/\/aflamo.shop\/wp-content\/uploads\/2023\/05\/royal-72-7-1-1024x415.jpg 1024w, https:\/\/aflamo.shop\/wp-content\/uploads\/2023\/05\/royal-72-7-1-768x311.jpg 768w\" sizes=\"(max-width: 1414px) 100vw, 1414px\" \/><\/p>\n<\/div>\n","protected":false},"excerpt":{"rendered":"<p>Hersteller: Aflamo<\/p>\n<p>Elektrischer Kamin zum Einbau\/Wandmontage mit Heizfunktion.<\/p>\n<p><b>Modell:<\/b><\/p>\n<ul>\n<li><a href=\"https:\/\/aflamo.shop\/de\/p\/aflamo-royal-42-wand-einbau-led-elektrokamin\/\">42<\/a><\/li>\n<li><a href=\"https:\/\/aflamo.shop\/de\/p\/aflamo-royal-50-wand-einbau-led-elektrokamin\/\">50<\/a><\/li>\n<li><a href=\"https:\/\/aflamo.shop\/de\/p\/aflamo-royal-60-wand-einbau-led-elektrokamin\/\">60<\/a><\/li>\n<li><a href=\"https:\/\/aflamo.shop\/de\/p\/aflamo-royal-65-wand-einbau-led-elektrokamin\/\">65<\/a><\/li>\n<li><a href=\"https:\/\/aflamo.shop\/de\/p\/aflamo-royal-72-wand-einbau-led-elektrokamin\/\">72<\/a><\/li>\n<\/ul>\n<p><a href=\"https:\/\/aflamo.shop\/wp-content\/uploads\/2023\/09\/ROYAL_EN-PL-DE-IT-ES-FR-CS-SK-NL-3.pdf\">Bedienungs- und Sicherheitshinweise<\/a><\/p>\n<p><b>Abmessungen<\/b>: 182 x 43 x 15 cm<\/p>\n","protected":false},"featured_media":16997,"comment_status":"open","ping_status":"closed","template":"","meta":[],"product_brand":[],"product_cat":[799,801,800,804,803,802],"product_tag":[807],"class_list":{"0":"post-16996","1":"product","2":"type-product","3":"status-publish","4":"has-post-thumbnail","6":"product_cat-aflamo-de","7":"product_cat-eingebaute-led-elektrokamine","8":"product_cat-elektrische-kamine","9":"product_cat-elektrische-kamine-zum-aufhangen-an-der-wand","10":"product_cat-elektrische-led-einsatze","11":"product_cat-led-elektrokamine-mit-heizfunktion","12":"product_tag-max-de","14":"first","15":"instock","16":"shipping-taxable","17":"purchasable","18":"product-type-simple"},"yoast_head":"<!-- This site is optimized with the Yoast SEO plugin v27.1.1 - https:\/\/yoast.com\/product\/yoast-seo-wordpress\/ -->\n<title>Aflamo Royal 72 - Wand-\/Einbau-LED-Elektrokamin - aflamo.shop-zertifizierter aflamo-H\u00e4ndler<\/title>\n<meta name=\"description\" content=\"Royal LED-Kamin \u2013 Eleganz, Komfort und moderne Technologien. Flammenkontrolle, Feueroptionen und Sicherheitsfunktionen schaffen eine magische Atmosph\u00e4re\" \/>\n<meta name=\"robots\" content=\"index, follow, max-snippet:-1, max-image-preview:large, max-video-preview:-1\" \/>\n<link rel=\"canonical\" href=\"https:\/\/aflamo.shop\/de\/p\/aflamo-royal-72-wand-einbau-led-elektrokamin\/\" \/>\n<meta property=\"og:locale\" content=\"de_DE\" \/>\n<meta property=\"og:type\" content=\"article\" \/>\n<meta property=\"og:title\" content=\"Aflamo Royal 72 - Wand-\/Einbau-LED-Elektrokamin - aflamo.shop-zertifizierter aflamo-H\u00e4ndler\" \/>\n<meta property=\"og:description\" content=\"Royal LED-Kamin \u2013 Eleganz, Komfort und moderne Technologien. Flammenkontrolle, Feueroptionen und Sicherheitsfunktionen schaffen eine magische Atmosph\u00e4re\" \/>\n<meta property=\"og:url\" content=\"https:\/\/aflamo.shop\/de\/p\/aflamo-royal-72-wand-einbau-led-elektrokamin\/\" \/>\n<meta property=\"og:site_name\" content=\"aflamo.shop-zertifizierter aflamo-H\u00e4ndler\" \/>\n<meta property=\"article:modified_time\" content=\"2025-05-15T12:45:26+00:00\" \/>\n<meta property=\"og:image\" content=\"https:\/\/aflamo.shop\/wp-content\/uploads\/2023\/05\/royal-60-2_sq-1.jpg\" \/>\n\t<meta property=\"og:image:width\" content=\"2248\" \/>\n\t<meta property=\"og:image:height\" content=\"2248\" \/>\n\t<meta property=\"og:image:type\" content=\"image\/jpeg\" \/>\n<meta name=\"twitter:card\" content=\"summary_large_image\" \/>\n<meta name=\"twitter:label1\" content=\"Gesch\u00e4tzte Lesezeit\" \/>\n\t<meta name=\"twitter:data1\" content=\"5\u00a0Minuten\" \/>\n<script type=\"application\/ld+json\" class=\"yoast-schema-graph\">{\"@context\":\"https:\/\/schema.org\",\"@graph\":[{\"@type\":\"WebPage\",\"@id\":\"https:\/\/aflamo.shop\/de\/p\/aflamo-royal-72-wand-einbau-led-elektrokamin\/\",\"url\":\"https:\/\/aflamo.shop\/de\/p\/aflamo-royal-72-wand-einbau-led-elektrokamin\/\",\"name\":\"Aflamo Royal 72 - Wand-\/Einbau-LED-Elektrokamin - aflamo.shop-zertifizierter aflamo-H\u00e4ndler\",\"isPartOf\":{\"@id\":\"https:\/\/aflamo.shop\/de\/#website\"},\"primaryImageOfPage\":{\"@id\":\"https:\/\/aflamo.shop\/de\/p\/aflamo-royal-72-wand-einbau-led-elektrokamin\/#primaryimage\"},\"image\":{\"@id\":\"https:\/\/aflamo.shop\/de\/p\/aflamo-royal-72-wand-einbau-led-elektrokamin\/#primaryimage\"},\"thumbnailUrl\":\"https:\/\/aflamo.shop\/wp-content\/uploads\/2023\/05\/royal-60-2_sq-1.jpg\",\"datePublished\":\"2023-09-16T15:21:12+00:00\",\"dateModified\":\"2025-05-15T12:45:26+00:00\",\"description\":\"Royal LED-Kamin \u2013 Eleganz, Komfort und moderne Technologien. Flammenkontrolle, Feueroptionen und Sicherheitsfunktionen schaffen eine magische Atmosph\u00e4re\",\"breadcrumb\":{\"@id\":\"https:\/\/aflamo.shop\/de\/p\/aflamo-royal-72-wand-einbau-led-elektrokamin\/#breadcrumb\"},\"inLanguage\":\"de\",\"potentialAction\":[{\"@type\":\"ReadAction\",\"target\":[\"https:\/\/aflamo.shop\/de\/p\/aflamo-royal-72-wand-einbau-led-elektrokamin\/\"]}]},{\"@type\":\"ImageObject\",\"inLanguage\":\"de\",\"@id\":\"https:\/\/aflamo.shop\/de\/p\/aflamo-royal-72-wand-einbau-led-elektrokamin\/#primaryimage\",\"url\":\"https:\/\/aflamo.shop\/wp-content\/uploads\/2023\/05\/royal-60-2_sq-1.jpg\",\"contentUrl\":\"https:\/\/aflamo.shop\/wp-content\/uploads\/2023\/05\/royal-60-2_sq-1.jpg\",\"width\":2248,\"height\":2248},{\"@type\":\"BreadcrumbList\",\"@id\":\"https:\/\/aflamo.shop\/de\/p\/aflamo-royal-72-wand-einbau-led-elektrokamin\/#breadcrumb\",\"itemListElement\":[{\"@type\":\"ListItem\",\"position\":1,\"name\":\"Strona g\u0142\u00f3wna\",\"item\":\"https:\/\/aflamo.shop\/de\/startseite\/\"},{\"@type\":\"ListItem\",\"position\":2,\"name\":\"Shop\",\"item\":\"https:\/\/aflamo.shop\/shop\/\"},{\"@type\":\"ListItem\",\"position\":3,\"name\":\"Elektrische Kamine\",\"item\":\"https:\/\/aflamo.shop\/de\/s\/elektrische-kamine\/\"},{\"@type\":\"ListItem\",\"position\":4,\"name\":\"Eingebaute LED-Elektrokamine\",\"item\":\"https:\/\/aflamo.shop\/de\/s\/elektrische-kamine\/eingebaute-led-elektrokamine\/\"},{\"@type\":\"ListItem\",\"position\":5,\"name\":\"Aflamo Royal 72 &#8211; Wand-\/Einbau-LED-Elektrokamin\"}]},{\"@type\":\"WebSite\",\"@id\":\"https:\/\/aflamo.shop\/de\/#website\",\"url\":\"https:\/\/aflamo.shop\/de\/\",\"name\":\"aflamo.shop-zertifizierter aflamo-H\u00e4ndler\",\"description\":\"Kominki elektryczne Aflamo i Emotion Flame z funkcj\u0105 grzania\",\"potentialAction\":[{\"@type\":\"SearchAction\",\"target\":{\"@type\":\"EntryPoint\",\"urlTemplate\":\"https:\/\/aflamo.shop\/de\/?s={search_term_string}\"},\"query-input\":{\"@type\":\"PropertyValueSpecification\",\"valueRequired\":true,\"valueName\":\"search_term_string\"}}],\"inLanguage\":\"de\"}]}<\/script>\n<!-- \/ Yoast SEO plugin. -->","yoast_head_json":{"title":"Aflamo Royal 72 - Wand-\/Einbau-LED-Elektrokamin - aflamo.shop-zertifizierter aflamo-H\u00e4ndler","description":"Royal LED-Kamin \u2013 Eleganz, Komfort und moderne Technologien. Flammenkontrolle, Feueroptionen und Sicherheitsfunktionen schaffen eine magische Atmosph\u00e4re","robots":{"index":"index","follow":"follow","max-snippet":"max-snippet:-1","max-image-preview":"max-image-preview:large","max-video-preview":"max-video-preview:-1"},"canonical":"https:\/\/aflamo.shop\/de\/p\/aflamo-royal-72-wand-einbau-led-elektrokamin\/","og_locale":"de_DE","og_type":"article","og_title":"Aflamo Royal 72 - Wand-\/Einbau-LED-Elektrokamin - aflamo.shop-zertifizierter aflamo-H\u00e4ndler","og_description":"Royal LED-Kamin \u2013 Eleganz, Komfort und moderne Technologien. Flammenkontrolle, Feueroptionen und Sicherheitsfunktionen schaffen eine magische Atmosph\u00e4re","og_url":"https:\/\/aflamo.shop\/de\/p\/aflamo-royal-72-wand-einbau-led-elektrokamin\/","og_site_name":"aflamo.shop-zertifizierter aflamo-H\u00e4ndler","article_modified_time":"2025-05-15T12:45:26+00:00","og_image":[{"width":2248,"height":2248,"url":"https:\/\/aflamo.shop\/wp-content\/uploads\/2023\/05\/royal-60-2_sq-1.jpg","type":"image\/jpeg"}],"twitter_card":"summary_large_image","twitter_misc":{"Gesch\u00e4tzte Lesezeit":"5\u00a0Minuten"},"schema":{"@context":"https:\/\/schema.org","@graph":[{"@type":"WebPage","@id":"https:\/\/aflamo.shop\/de\/p\/aflamo-royal-72-wand-einbau-led-elektrokamin\/","url":"https:\/\/aflamo.shop\/de\/p\/aflamo-royal-72-wand-einbau-led-elektrokamin\/","name":"Aflamo Royal 72 - Wand-\/Einbau-LED-Elektrokamin - aflamo.shop-zertifizierter aflamo-H\u00e4ndler","isPartOf":{"@id":"https:\/\/aflamo.shop\/de\/#website"},"primaryImageOfPage":{"@id":"https:\/\/aflamo.shop\/de\/p\/aflamo-royal-72-wand-einbau-led-elektrokamin\/#primaryimage"},"image":{"@id":"https:\/\/aflamo.shop\/de\/p\/aflamo-royal-72-wand-einbau-led-elektrokamin\/#primaryimage"},"thumbnailUrl":"https:\/\/aflamo.shop\/wp-content\/uploads\/2023\/05\/royal-60-2_sq-1.jpg","datePublished":"2023-09-16T15:21:12+00:00","dateModified":"2025-05-15T12:45:26+00:00","description":"Royal LED-Kamin \u2013 Eleganz, Komfort und moderne Technologien. Flammenkontrolle, Feueroptionen und Sicherheitsfunktionen schaffen eine magische Atmosph\u00e4re","breadcrumb":{"@id":"https:\/\/aflamo.shop\/de\/p\/aflamo-royal-72-wand-einbau-led-elektrokamin\/#breadcrumb"},"inLanguage":"de","potentialAction":[{"@type":"ReadAction","target":["https:\/\/aflamo.shop\/de\/p\/aflamo-royal-72-wand-einbau-led-elektrokamin\/"]}]},{"@type":"ImageObject","inLanguage":"de","@id":"https:\/\/aflamo.shop\/de\/p\/aflamo-royal-72-wand-einbau-led-elektrokamin\/#primaryimage","url":"https:\/\/aflamo.shop\/wp-content\/uploads\/2023\/05\/royal-60-2_sq-1.jpg","contentUrl":"https:\/\/aflamo.shop\/wp-content\/uploads\/2023\/05\/royal-60-2_sq-1.jpg","width":2248,"height":2248},{"@type":"BreadcrumbList","@id":"https:\/\/aflamo.shop\/de\/p\/aflamo-royal-72-wand-einbau-led-elektrokamin\/#breadcrumb","itemListElement":[{"@type":"ListItem","position":1,"name":"Strona g\u0142\u00f3wna","item":"https:\/\/aflamo.shop\/de\/startseite\/"},{"@type":"ListItem","position":2,"name":"Shop","item":"https:\/\/aflamo.shop\/shop\/"},{"@type":"ListItem","position":3,"name":"Elektrische Kamine","item":"https:\/\/aflamo.shop\/de\/s\/elektrische-kamine\/"},{"@type":"ListItem","position":4,"name":"Eingebaute LED-Elektrokamine","item":"https:\/\/aflamo.shop\/de\/s\/elektrische-kamine\/eingebaute-led-elektrokamine\/"},{"@type":"ListItem","position":5,"name":"Aflamo Royal 72 &#8211; Wand-\/Einbau-LED-Elektrokamin"}]},{"@type":"WebSite","@id":"https:\/\/aflamo.shop\/de\/#website","url":"https:\/\/aflamo.shop\/de\/","name":"aflamo.shop-zertifizierter aflamo-H\u00e4ndler","description":"Kominki elektryczne Aflamo i Emotion Flame z funkcj\u0105 grzania","potentialAction":[{"@type":"SearchAction","target":{"@type":"EntryPoint","urlTemplate":"https:\/\/aflamo.shop\/de\/?s={search_term_string}"},"query-input":{"@type":"PropertyValueSpecification","valueRequired":true,"valueName":"search_term_string"}}],"inLanguage":"de"}]}},"_links":{"self":[{"href":"https:\/\/aflamo.shop\/de\/wp-json\/wp\/v2\/product\/16996","targetHints":{"allow":["GET"]}}],"collection":[{"href":"https:\/\/aflamo.shop\/de\/wp-json\/wp\/v2\/product"}],"about":[{"href":"https:\/\/aflamo.shop\/de\/wp-json\/wp\/v2\/types\/product"}],"replies":[{"embeddable":true,"href":"https:\/\/aflamo.shop\/de\/wp-json\/wp\/v2\/comments?post=16996"}],"wp:featuredmedia":[{"embeddable":true,"href":"https:\/\/aflamo.shop\/de\/wp-json\/wp\/v2\/media\/16997"}],"wp:attachment":[{"href":"https:\/\/aflamo.shop\/de\/wp-json\/wp\/v2\/media?parent=16996"}],"wp:term":[{"taxonomy":"product_brand","embeddable":true,"href":"https:\/\/aflamo.shop\/de\/wp-json\/wp\/v2\/product_brand?post=16996"},{"taxonomy":"product_cat","embeddable":true,"href":"https:\/\/aflamo.shop\/de\/wp-json\/wp\/v2\/product_cat?post=16996"},{"taxonomy":"product_tag","embeddable":true,"href":"https:\/\/aflamo.shop\/de\/wp-json\/wp\/v2\/product_tag?post=16996"}],"curies":[{"name":"wp","href":"https:\/\/api.w.org\/{rel}","templated":true}]}}