{"id":16870,"date":"2023-09-16T19:47:13","date_gmt":"2023-09-16T19:47:13","guid":{"rendered":"https:\/\/aflamo.shop\/p\/aflamo-pride-s-165-wand-einbau-led-elektrokamin\/"},"modified":"2025-05-15T12:41:10","modified_gmt":"2025-05-15T12:41:10","slug":"aflamo-pride-s-165-wand-einbau-led-elektrokamin","status":"publish","type":"product","link":"https:\/\/aflamo.shop\/de\/p\/aflamo-pride-s-165-wand-einbau-led-elektrokamin\/","title":{"rendered":"Aflamo Pride S 165 &#8211; Wand-\/Einbau-LED-Elektrokamin"},"content":{"rendered":"<p><iframe title=\"YouTube-Video-Player\" src=\"https:\/\/www.youtube.com\/embed\/3T4WXjnasos\" width=\"560\" height=\"315\" frameborder=\"0\" allowfullscreen=\"allowfullscreen\"><span data-mce-type=\"bookmark\" style=\"display: inline-block; width: 0px; overflow: hidden; line-height: 0;\" class=\"mce_SELRES_start\"><\/span><span style=\"display: inline-block; width: 0px; overflow: hidden; line-height: 0;\" data-mce-type=\"bookmark\" class=\"mce_SELRES_start\"><\/span><\/iframe><\/p>\n<p>&nbsp;<\/p>\n<h1>Pride S \u2013 Moderne Eleganz und Komfort in einem Kamin<\/h1>\n<p>Der elektrische Wandkamin <strong>Pride S<\/strong> LED ist ein Symbol f\u00fcr modernen Stil und Funktionalit\u00e4t, der jeden Innenraum in einen gem\u00fctlichen Raum voller Eleganz und Raffinesse verwandelt. Dank seines d\u00fcnnen, minimalistischen Rahmens passt der Kamin perfekt zu jedem Einrichtungsstil und verleiht dem Innenraum Klasse und Ruhe. Perfekt f\u00fcr Wohnzimmer, Schlafzimmer und B\u00fcro gleicherma\u00dfen, ist Pride S nicht nur ein dekoratives Element, sondern auch eine Quelle einer angenehmen, entspannenden Atmosph\u00e4re.<br \/>\n<strong>Seine Tiefe betr\u00e4gt nur 13 cm!<\/strong><\/p>\n<p><img fetchpriority=\"high\" decoding=\"async\" class=\"aligncenter wp-image-3634 size-full\" src=\"https:\/\/aflamo.shop\/wp-content\/uploads\/2023\/05\/pride-s115-28.jpg\" alt=\"\" width=\"2048\" height=\"789\" srcset=\"https:\/\/aflamo.shop\/wp-content\/uploads\/2023\/05\/pride-s115-28.jpg 2048w, https:\/\/aflamo.shop\/wp-content\/uploads\/2023\/05\/pride-s115-28-600x231.jpg 600w, https:\/\/aflamo.shop\/wp-content\/uploads\/2023\/05\/pride-s115-28-300x116.jpg 300w, https:\/\/aflamo.shop\/wp-content\/uploads\/2023\/05\/pride-s115-28-1024x395.jpg 1024w, https:\/\/aflamo.shop\/wp-content\/uploads\/2023\/05\/pride-s115-28-768x296.jpg 768w, https:\/\/aflamo.shop\/wp-content\/uploads\/2023\/05\/pride-s115-28-1536x592.jpg 1536w\" sizes=\"(max-width: 2048px) 100vw, 2048px\" \/><\/p>\n<p>&nbsp;<\/p>\n<p>&nbsp;<\/p>\n<h2>Eigenschaften des Kamins:<\/h2>\n<p>Eines der einzigartigsten Merkmale des <strong>Pride S<\/strong>-Kamins ist die M\u00f6glichkeit, den Flammeneffekt vollst\u00e4ndig zu personalisieren. Sie k\u00f6nnen das Aussehen des Feuers individuell anpassen, sodass es perfekt zu Ihrer Stimmung, Ihrem Anlass oder Ihrer Tageszeit passt. Zur Auswahl stehen:  <\/p>\n<ul>\n<li><strong>3 Flammenfarben<\/strong>: k\u00fchles, beruhigendes Blau; warmes, gem\u00fctliches Orange; und stimmungsvolles, romantisches Rot. Mit jeder dieser Farben k\u00f6nnen Sie eine andere Atmosph\u00e4re schaffen, die zu verschiedenen Situationen passt. <\/li>\n<li><strong>4 Flammengeschwindigkeitsstufen <\/strong>\u2013 von sanften, subtilen Flammen bis hin zu dynamischem und intensivem Flammenflackern.<\/li>\n<li><strong>5 Flammenhelligkeitsstufen<\/strong>, mit denen Sie die Lichtintensit\u00e4t anpassen k\u00f6nnen, von einem sanften Schein, der perfekt zum Entspannen ist, bis zu einer hellen Flamme, die jeden Raum zum Leben erweckt.<\/li>\n<\/ul>\n<p><img decoding=\"async\" class=\"aligncenter wp-image-8872 size-full\" src=\"https:\/\/aflamo.shop\/wp-content\/uploads\/2023\/08\/flames_unique-nh.jpg\" alt=\"\" width=\"506\" height=\"531\" srcset=\"https:\/\/aflamo.shop\/wp-content\/uploads\/2023\/08\/flames_unique-nh.jpg 506w, https:\/\/aflamo.shop\/wp-content\/uploads\/2023\/08\/flames_unique-nh-286x300.jpg 286w\" sizes=\"(max-width: 506px) 100vw, 506px\" \/><\/p>\n<h2>Auswahl eines Kamins:<\/h2>\n<p>Auch bei der Wahl der Feuerstelle \u00fcberzeugt der Kamin<strong> Pride S<\/strong> durch seine Vielseitigkeit. Das Set beinhaltet: <\/p>\n<ul>\n<li><strong>Traditionelle Holzscheite<\/strong> \u2013 perfekt, wenn Sie den Effekt eines authentischen, klassischen Kamins erzielen m\u00f6chten, der an die W\u00e4rme eines Herdes erinnert.<\/li>\n<li><strong>Kristalle <\/strong>\u2013 moderne, funkelnde Elemente, die dem Kamin ein elegantes, modernes Aussehen verleihen.<\/li>\n<li><strong>Kieselsteine <\/strong>\u200b\u200b\u2013 eine nat\u00fcrliche Wahl f\u00fcr alle, die einen ged\u00e4mpfteren, minimalistischeren Effekt bevorzugen.<\/li>\n<\/ul>\n<p><img decoding=\"async\" class=\"aligncenter wp-image-2836 size-full\" src=\"https:\/\/aflamo.shop\/wp-content\/uploads\/2023\/05\/palenisko-majestic.png\" alt=\"\" width=\"515\" height=\"538\" srcset=\"https:\/\/aflamo.shop\/wp-content\/uploads\/2023\/05\/palenisko-majestic.png 515w, https:\/\/aflamo.shop\/wp-content\/uploads\/2023\/05\/palenisko-majestic-287x300.png 287w\" sizes=\"(max-width: 515px) 100vw, 515px\" \/><\/p>\n<p>Mit diesen drei Feuerraum-Optionen k\u00f6nnen Sie den Stil Ihres Kamins komplett ver\u00e4ndern und ihn an den Charakter Ihrer Inneneinrichtung anpassen \u2013 ganz gleich, ob Sie es lieber klassisch, elegant oder nat\u00fcrlich schlicht m\u00f6gen.<\/p>\n<ul>\n<li>4 Stufen der Flammengeschwindigkeit und 5 Stufen der Helligkeit: Passen Sie den Feuereffekt vollst\u00e4ndig an.<\/li>\n<\/ul>\n<h2>Installation:<\/h2>\n<p>Der <strong>Pride S<\/strong>-Kamin bietet eine flexible Installation und passt problemlos in Ihren Raum. Sie k\u00f6nnen zwischen drei Montagemethoden w\u00e4hlen: <\/p>\n<ul>\n<li><strong>An der Wand<\/strong> h\u00e4ngend wird der Kamin zum Mittelpunkt des Raumes, zieht die Blicke auf sich und verleiht ihm Eleganz.<\/li>\n<li><strong>Teilweise in die Wand eingebaut<\/strong> \u2013 ideal f\u00fcr alle, die einen subtileren, integrierteren Effekt suchen.<\/li>\n<li><strong>Komplett in die Wand integriert <\/strong>\u2013 der Kamin verschmilzt vollst\u00e4ndig mit der Wand und erzeugt so einen modernen, minimalistischen Look, der dem Interieur Harmonie und Koh\u00e4renz verleiht.<\/li>\n<\/ul>\n<p>Im Set ist ein Montageb\u00fcgel enthalten, der die Installation erleichtert. Sobald Sie den Kamin aufgeh\u00e4ngt haben, k\u00f6nnen Sie sich sofort an seinem einzigartigen Aussehen und den Lichteffekten erfreuen. <\/p>\n<h2>Komfort und Bequemlichkeit:<\/h2>\n<ul>\n<li><strong>Mit der Fernbedienung<\/strong> k\u00f6nnen Sie Ihren Kamin bequem steuern, ohne aufstehen zu m\u00fcssen.<\/li>\n<li>Der Kamin ben\u00f6tigt keine Bel\u00fcftung, Sie m\u00fcssen also weder die Fenster \u00f6ffnen noch kalte Luft oder Au\u00dfenger\u00e4usche hereinlassen.<\/li>\n<\/ul>\n<h2>Zusammenfassung:<\/h2>\n<p><strong>Pride S<\/strong> ist ein eleganter Kamin, der modernes Design, verschiedene Optionen zur Personalisierung der Flamme und Bedienkomfort vereint. Es ist eine ausgezeichnete Wahl f\u00fcr Menschen, die ihrem Interieur den Stil und die Atmosph\u00e4re eines echten Kamins verleihen m\u00f6chten, ohne einen herk\u00f6mmlichen Kamin installieren zu m\u00fcssen. <\/p>\n<p>&nbsp;<\/p>\n<h2>Technische Zeichnungen<\/h2>\n<p>Pride S 92<\/p>\n<p><img loading=\"lazy\" decoding=\"async\" class=\"alignnone wp-image-3568 size-full\" src=\"https:\/\/aflamo.shop\/wp-content\/uploads\/2023\/05\/kominek-scienny-aflamo-pride-s92.png\" alt=\"\" width=\"662\" height=\"447\" srcset=\"https:\/\/aflamo.shop\/wp-content\/uploads\/2023\/05\/kominek-scienny-aflamo-pride-s92.png 662w, https:\/\/aflamo.shop\/wp-content\/uploads\/2023\/05\/kominek-scienny-aflamo-pride-s92-600x405.png 600w, https:\/\/aflamo.shop\/wp-content\/uploads\/2023\/05\/kominek-scienny-aflamo-pride-s92-300x203.png 300w\" sizes=\"(max-width: 662px) 100vw, 662px\" \/><\/p>\n<p>&nbsp;<\/p>\n<p>&nbsp;<\/p>\n<p>Pride S 115<\/p>\n<p><img loading=\"lazy\" decoding=\"async\" class=\"alignnone wp-image-3598 size-full\" src=\"https:\/\/aflamo.shop\/wp-content\/uploads\/2023\/05\/kominek-scienny-aflamo-pride-s115.png\" alt=\"\" width=\"766\" height=\"447\" srcset=\"https:\/\/aflamo.shop\/wp-content\/uploads\/2023\/05\/kominek-scienny-aflamo-pride-s115.png 766w, https:\/\/aflamo.shop\/wp-content\/uploads\/2023\/05\/kominek-scienny-aflamo-pride-s115-600x350.png 600w, https:\/\/aflamo.shop\/wp-content\/uploads\/2023\/05\/kominek-scienny-aflamo-pride-s115-300x175.png 300w\" sizes=\"(max-width: 766px) 100vw, 766px\" \/><\/p>\n<p>&nbsp;<\/p>\n<p>&nbsp;<\/p>\n<p>Pride S 127<\/p>\n<p><img loading=\"lazy\" decoding=\"async\" class=\"alignnone wp-image-3574 size-full\" src=\"https:\/\/aflamo.shop\/wp-content\/uploads\/2023\/05\/kominek-scienny-aflamo-pride-s127.png\" alt=\"\" width=\"789\" height=\"422\" srcset=\"https:\/\/aflamo.shop\/wp-content\/uploads\/2023\/05\/kominek-scienny-aflamo-pride-s127.png 789w, https:\/\/aflamo.shop\/wp-content\/uploads\/2023\/05\/kominek-scienny-aflamo-pride-s127-600x321.png 600w, https:\/\/aflamo.shop\/wp-content\/uploads\/2023\/05\/kominek-scienny-aflamo-pride-s127-300x160.png 300w, https:\/\/aflamo.shop\/wp-content\/uploads\/2023\/05\/kominek-scienny-aflamo-pride-s127-768x411.png 768w\" sizes=\"(max-width: 789px) 100vw, 789px\" \/><\/p>\n<p>&nbsp;<\/p>\n<p>&nbsp;<\/p>\n<p>Pride S 153<\/p>\n<p>&nbsp;<\/p>\n<p><img loading=\"lazy\" decoding=\"async\" class=\"alignnone wp-image-3580 size-full\" src=\"https:\/\/aflamo.shop\/wp-content\/uploads\/2023\/05\/kominek-scienny-aflamo-pride-s153.png\" alt=\"\" width=\"795\" height=\"346\" srcset=\"https:\/\/aflamo.shop\/wp-content\/uploads\/2023\/05\/kominek-scienny-aflamo-pride-s153.png 795w, https:\/\/aflamo.shop\/wp-content\/uploads\/2023\/05\/kominek-scienny-aflamo-pride-s153-600x261.png 600w, https:\/\/aflamo.shop\/wp-content\/uploads\/2023\/05\/kominek-scienny-aflamo-pride-s153-300x131.png 300w, https:\/\/aflamo.shop\/wp-content\/uploads\/2023\/05\/kominek-scienny-aflamo-pride-s153-768x334.png 768w\" sizes=\"(max-width: 795px) 100vw, 795px\" \/><\/p>\n<p>&nbsp;<\/p>\n<p>Pride S 165<\/p>\n<p>&nbsp;<\/p>\n<p><img loading=\"lazy\" decoding=\"async\" class=\"alignnone wp-image-3586 size-full\" src=\"https:\/\/aflamo.shop\/wp-content\/uploads\/2023\/05\/kominek-scienny-aflamo-pride-s165.png\" alt=\"\" width=\"800\" height=\"352\" srcset=\"https:\/\/aflamo.shop\/wp-content\/uploads\/2023\/05\/kominek-scienny-aflamo-pride-s165.png 800w, https:\/\/aflamo.shop\/wp-content\/uploads\/2023\/05\/kominek-scienny-aflamo-pride-s165-600x264.png 600w, https:\/\/aflamo.shop\/wp-content\/uploads\/2023\/05\/kominek-scienny-aflamo-pride-s165-300x132.png 300w, https:\/\/aflamo.shop\/wp-content\/uploads\/2023\/05\/kominek-scienny-aflamo-pride-s165-768x338.png 768w\" sizes=\"(max-width: 800px) 100vw, 800px\" \/><\/p>\n<p>&nbsp;<\/p>\n<p>Pride S 183<\/p>\n<p>&nbsp;<\/p>\n<p><img loading=\"lazy\" decoding=\"async\" class=\"alignnone wp-image-3592 size-full\" src=\"https:\/\/aflamo.shop\/wp-content\/uploads\/2023\/05\/kominek-scienny-aflamo-pride-s183.png\" alt=\"\" width=\"847\" height=\"332\" srcset=\"https:\/\/aflamo.shop\/wp-content\/uploads\/2023\/05\/kominek-scienny-aflamo-pride-s183.png 847w, https:\/\/aflamo.shop\/wp-content\/uploads\/2023\/05\/kominek-scienny-aflamo-pride-s183-600x235.png 600w, https:\/\/aflamo.shop\/wp-content\/uploads\/2023\/05\/kominek-scienny-aflamo-pride-s183-300x118.png 300w, https:\/\/aflamo.shop\/wp-content\/uploads\/2023\/05\/kominek-scienny-aflamo-pride-s183-768x301.png 768w\" sizes=\"(max-width: 847px) 100vw, 847px\" \/><\/p>\n<p>&nbsp;<\/p>\n<p>&nbsp;<\/p>\n<p>&nbsp;<\/p>\n","protected":false},"excerpt":{"rendered":"<p>Hersteller: Aflamo<\/p>\n<p>Einbau-\/Wand-Elektrokamin ohne Heizfunktion<\/p>\n<ul>\n<li><a href=\"https:\/\/aflamo.shop\/de\/p\/aflamo-pride-s-92-wand-einbau-led-elektrokamin\/\">92<\/a><\/li>\n<li><a href=\"https:\/\/aflamo.shop\/de\/p\/aflamo-pride-s-115-wand-einbau-led-elektrokamin\/\">115<\/a><\/li>\n<li><a href=\"https:\/\/aflamo.shop\/de\/p\/aflamo-pride-s-127-wand-einbau-led-elektrokamin\/\">127<\/a><\/li>\n<\/ul>\n<ul>\n<li><a href=\"https:\/\/aflamo.shop\/de\/p\/aflamo-pride-s-153-wand-einbau-led-elektrokamin\/\">153<\/a><\/li>\n<li><a href=\"https:\/\/aflamo.shop\/de\/p\/aflamo-pride-s-165-wand-einbau-led-elektrokamin\/\">165<\/a><\/li>\n<li><a href=\"https:\/\/aflamo.shop\/de\/p\/aflamo-pride-s-183-wand-einbau-led-elektrokamin\/\">183<\/a><\/li>\n<\/ul>\n<p><a href=\"https:\/\/aflamo.shop\/wp-content\/uploads\/2023\/09\/Pride_EN-PL-DE-IT-ES-FR-CS-SK-NL-12.pdf\">Bedienungs- und Sicherheitshinweise<\/a><\/p>\n<p><b>Abmessungen<\/b>: 165 x 42 x 12,8 cm<\/p>\n","protected":false},"featured_media":16856,"comment_status":"open","ping_status":"closed","template":"","meta":[],"product_brand":[],"product_cat":[799,801,800,804,803,984],"product_tag":[807],"class_list":{"0":"post-16870","1":"product","2":"type-product","3":"status-publish","4":"has-post-thumbnail","6":"product_cat-aflamo-de","7":"product_cat-eingebaute-led-elektrokamine","8":"product_cat-elektrische-kamine","9":"product_cat-elektrische-kamine-zum-aufhangen-an-der-wand","10":"product_cat-elektrische-led-einsatze","11":"product_cat-led-elektrokamine-ohne-heizfunktion","12":"product_tag-max-de","14":"first","15":"instock","16":"shipping-taxable","17":"purchasable","18":"product-type-simple"},"yoast_head":"<!-- This site is optimized with the Yoast SEO plugin v27.1.1 - https:\/\/yoast.com\/product\/yoast-seo-wordpress\/ -->\n<title>Aflamo Pride S 165 - Wand-\/Einbau-LED-Elektrokamin - aflamo.shop-zertifizierter aflamo-H\u00e4ndler<\/title>\n<meta name=\"description\" content=\"Elektrokamin Pride S LED \u2013 moderner Stil, Eleganz und Komfort. Minimalistisches Design, perfekt f\u00fcr jedes Interieur, schafft eine gem\u00fctliche Atmosph\u00e4re\" \/>\n<meta name=\"robots\" content=\"index, follow, max-snippet:-1, max-image-preview:large, max-video-preview:-1\" \/>\n<link rel=\"canonical\" href=\"https:\/\/aflamo.shop\/de\/p\/aflamo-pride-s-165-wand-einbau-led-elektrokamin\/\" \/>\n<meta property=\"og:locale\" content=\"de_DE\" \/>\n<meta property=\"og:type\" content=\"article\" \/>\n<meta property=\"og:title\" content=\"Aflamo Pride S 165 - Wand-\/Einbau-LED-Elektrokamin - aflamo.shop-zertifizierter aflamo-H\u00e4ndler\" \/>\n<meta property=\"og:description\" content=\"Elektrokamin Pride S LED \u2013 moderner Stil, Eleganz und Komfort. Minimalistisches Design, perfekt f\u00fcr jedes Interieur, schafft eine gem\u00fctliche Atmosph\u00e4re\" \/>\n<meta property=\"og:url\" content=\"https:\/\/aflamo.shop\/de\/p\/aflamo-pride-s-165-wand-einbau-led-elektrokamin\/\" \/>\n<meta property=\"og:site_name\" content=\"aflamo.shop-zertifizierter aflamo-H\u00e4ndler\" \/>\n<meta property=\"article:modified_time\" content=\"2025-05-15T12:41:10+00:00\" \/>\n<meta property=\"og:image\" content=\"https:\/\/aflamo.shop\/wp-content\/uploads\/2023\/05\/pride-s165-2_sq.jpg\" \/>\n\t<meta property=\"og:image:width\" content=\"2248\" \/>\n\t<meta property=\"og:image:height\" content=\"2248\" \/>\n\t<meta property=\"og:image:type\" content=\"image\/jpeg\" \/>\n<meta name=\"twitter:card\" content=\"summary_large_image\" \/>\n<meta name=\"twitter:label1\" content=\"Gesch\u00e4tzte Lesezeit\" \/>\n\t<meta name=\"twitter:data1\" content=\"6\u00a0Minuten\" \/>\n<script type=\"application\/ld+json\" class=\"yoast-schema-graph\">{\"@context\":\"https:\/\/schema.org\",\"@graph\":[{\"@type\":\"WebPage\",\"@id\":\"https:\/\/aflamo.shop\/de\/p\/aflamo-pride-s-165-wand-einbau-led-elektrokamin\/\",\"url\":\"https:\/\/aflamo.shop\/de\/p\/aflamo-pride-s-165-wand-einbau-led-elektrokamin\/\",\"name\":\"Aflamo Pride S 165 - Wand-\/Einbau-LED-Elektrokamin - aflamo.shop-zertifizierter aflamo-H\u00e4ndler\",\"isPartOf\":{\"@id\":\"https:\/\/aflamo.shop\/de\/#website\"},\"primaryImageOfPage\":{\"@id\":\"https:\/\/aflamo.shop\/de\/p\/aflamo-pride-s-165-wand-einbau-led-elektrokamin\/#primaryimage\"},\"image\":{\"@id\":\"https:\/\/aflamo.shop\/de\/p\/aflamo-pride-s-165-wand-einbau-led-elektrokamin\/#primaryimage\"},\"thumbnailUrl\":\"https:\/\/aflamo.shop\/wp-content\/uploads\/2023\/05\/pride-s165-2_sq.jpg\",\"datePublished\":\"2023-09-16T19:47:13+00:00\",\"dateModified\":\"2025-05-15T12:41:10+00:00\",\"description\":\"Elektrokamin Pride S LED \u2013 moderner Stil, Eleganz und Komfort. Minimalistisches Design, perfekt f\u00fcr jedes Interieur, schafft eine gem\u00fctliche Atmosph\u00e4re\",\"breadcrumb\":{\"@id\":\"https:\/\/aflamo.shop\/de\/p\/aflamo-pride-s-165-wand-einbau-led-elektrokamin\/#breadcrumb\"},\"inLanguage\":\"de\",\"potentialAction\":[{\"@type\":\"ReadAction\",\"target\":[\"https:\/\/aflamo.shop\/de\/p\/aflamo-pride-s-165-wand-einbau-led-elektrokamin\/\"]}]},{\"@type\":\"ImageObject\",\"inLanguage\":\"de\",\"@id\":\"https:\/\/aflamo.shop\/de\/p\/aflamo-pride-s-165-wand-einbau-led-elektrokamin\/#primaryimage\",\"url\":\"https:\/\/aflamo.shop\/wp-content\/uploads\/2023\/05\/pride-s165-2_sq.jpg\",\"contentUrl\":\"https:\/\/aflamo.shop\/wp-content\/uploads\/2023\/05\/pride-s165-2_sq.jpg\",\"width\":2248,\"height\":2248},{\"@type\":\"BreadcrumbList\",\"@id\":\"https:\/\/aflamo.shop\/de\/p\/aflamo-pride-s-165-wand-einbau-led-elektrokamin\/#breadcrumb\",\"itemListElement\":[{\"@type\":\"ListItem\",\"position\":1,\"name\":\"Strona g\u0142\u00f3wna\",\"item\":\"https:\/\/aflamo.shop\/de\/startseite\/\"},{\"@type\":\"ListItem\",\"position\":2,\"name\":\"Shop\",\"item\":\"https:\/\/aflamo.shop\/shop\/\"},{\"@type\":\"ListItem\",\"position\":3,\"name\":\"Elektrische Kamine\",\"item\":\"https:\/\/aflamo.shop\/de\/s\/elektrische-kamine\/\"},{\"@type\":\"ListItem\",\"position\":4,\"name\":\"Eingebaute LED-Elektrokamine\",\"item\":\"https:\/\/aflamo.shop\/de\/s\/elektrische-kamine\/eingebaute-led-elektrokamine\/\"},{\"@type\":\"ListItem\",\"position\":5,\"name\":\"Aflamo Pride S 165 &#8211; Wand-\/Einbau-LED-Elektrokamin\"}]},{\"@type\":\"WebSite\",\"@id\":\"https:\/\/aflamo.shop\/de\/#website\",\"url\":\"https:\/\/aflamo.shop\/de\/\",\"name\":\"aflamo.shop-zertifizierter aflamo-H\u00e4ndler\",\"description\":\"Kominki elektryczne Aflamo i Emotion Flame z funkcj\u0105 grzania\",\"potentialAction\":[{\"@type\":\"SearchAction\",\"target\":{\"@type\":\"EntryPoint\",\"urlTemplate\":\"https:\/\/aflamo.shop\/de\/?s={search_term_string}\"},\"query-input\":{\"@type\":\"PropertyValueSpecification\",\"valueRequired\":true,\"valueName\":\"search_term_string\"}}],\"inLanguage\":\"de\"}]}<\/script>\n<!-- \/ Yoast SEO plugin. -->","yoast_head_json":{"title":"Aflamo Pride S 165 - Wand-\/Einbau-LED-Elektrokamin - aflamo.shop-zertifizierter aflamo-H\u00e4ndler","description":"Elektrokamin Pride S LED \u2013 moderner Stil, Eleganz und Komfort. Minimalistisches Design, perfekt f\u00fcr jedes Interieur, schafft eine gem\u00fctliche Atmosph\u00e4re","robots":{"index":"index","follow":"follow","max-snippet":"max-snippet:-1","max-image-preview":"max-image-preview:large","max-video-preview":"max-video-preview:-1"},"canonical":"https:\/\/aflamo.shop\/de\/p\/aflamo-pride-s-165-wand-einbau-led-elektrokamin\/","og_locale":"de_DE","og_type":"article","og_title":"Aflamo Pride S 165 - Wand-\/Einbau-LED-Elektrokamin - aflamo.shop-zertifizierter aflamo-H\u00e4ndler","og_description":"Elektrokamin Pride S LED \u2013 moderner Stil, Eleganz und Komfort. Minimalistisches Design, perfekt f\u00fcr jedes Interieur, schafft eine gem\u00fctliche Atmosph\u00e4re","og_url":"https:\/\/aflamo.shop\/de\/p\/aflamo-pride-s-165-wand-einbau-led-elektrokamin\/","og_site_name":"aflamo.shop-zertifizierter aflamo-H\u00e4ndler","article_modified_time":"2025-05-15T12:41:10+00:00","og_image":[{"width":2248,"height":2248,"url":"https:\/\/aflamo.shop\/wp-content\/uploads\/2023\/05\/pride-s165-2_sq.jpg","type":"image\/jpeg"}],"twitter_card":"summary_large_image","twitter_misc":{"Gesch\u00e4tzte Lesezeit":"6\u00a0Minuten"},"schema":{"@context":"https:\/\/schema.org","@graph":[{"@type":"WebPage","@id":"https:\/\/aflamo.shop\/de\/p\/aflamo-pride-s-165-wand-einbau-led-elektrokamin\/","url":"https:\/\/aflamo.shop\/de\/p\/aflamo-pride-s-165-wand-einbau-led-elektrokamin\/","name":"Aflamo Pride S 165 - Wand-\/Einbau-LED-Elektrokamin - aflamo.shop-zertifizierter aflamo-H\u00e4ndler","isPartOf":{"@id":"https:\/\/aflamo.shop\/de\/#website"},"primaryImageOfPage":{"@id":"https:\/\/aflamo.shop\/de\/p\/aflamo-pride-s-165-wand-einbau-led-elektrokamin\/#primaryimage"},"image":{"@id":"https:\/\/aflamo.shop\/de\/p\/aflamo-pride-s-165-wand-einbau-led-elektrokamin\/#primaryimage"},"thumbnailUrl":"https:\/\/aflamo.shop\/wp-content\/uploads\/2023\/05\/pride-s165-2_sq.jpg","datePublished":"2023-09-16T19:47:13+00:00","dateModified":"2025-05-15T12:41:10+00:00","description":"Elektrokamin Pride S LED \u2013 moderner Stil, Eleganz und Komfort. Minimalistisches Design, perfekt f\u00fcr jedes Interieur, schafft eine gem\u00fctliche Atmosph\u00e4re","breadcrumb":{"@id":"https:\/\/aflamo.shop\/de\/p\/aflamo-pride-s-165-wand-einbau-led-elektrokamin\/#breadcrumb"},"inLanguage":"de","potentialAction":[{"@type":"ReadAction","target":["https:\/\/aflamo.shop\/de\/p\/aflamo-pride-s-165-wand-einbau-led-elektrokamin\/"]}]},{"@type":"ImageObject","inLanguage":"de","@id":"https:\/\/aflamo.shop\/de\/p\/aflamo-pride-s-165-wand-einbau-led-elektrokamin\/#primaryimage","url":"https:\/\/aflamo.shop\/wp-content\/uploads\/2023\/05\/pride-s165-2_sq.jpg","contentUrl":"https:\/\/aflamo.shop\/wp-content\/uploads\/2023\/05\/pride-s165-2_sq.jpg","width":2248,"height":2248},{"@type":"BreadcrumbList","@id":"https:\/\/aflamo.shop\/de\/p\/aflamo-pride-s-165-wand-einbau-led-elektrokamin\/#breadcrumb","itemListElement":[{"@type":"ListItem","position":1,"name":"Strona g\u0142\u00f3wna","item":"https:\/\/aflamo.shop\/de\/startseite\/"},{"@type":"ListItem","position":2,"name":"Shop","item":"https:\/\/aflamo.shop\/shop\/"},{"@type":"ListItem","position":3,"name":"Elektrische Kamine","item":"https:\/\/aflamo.shop\/de\/s\/elektrische-kamine\/"},{"@type":"ListItem","position":4,"name":"Eingebaute LED-Elektrokamine","item":"https:\/\/aflamo.shop\/de\/s\/elektrische-kamine\/eingebaute-led-elektrokamine\/"},{"@type":"ListItem","position":5,"name":"Aflamo Pride S 165 &#8211; Wand-\/Einbau-LED-Elektrokamin"}]},{"@type":"WebSite","@id":"https:\/\/aflamo.shop\/de\/#website","url":"https:\/\/aflamo.shop\/de\/","name":"aflamo.shop-zertifizierter aflamo-H\u00e4ndler","description":"Kominki elektryczne Aflamo i Emotion Flame z funkcj\u0105 grzania","potentialAction":[{"@type":"SearchAction","target":{"@type":"EntryPoint","urlTemplate":"https:\/\/aflamo.shop\/de\/?s={search_term_string}"},"query-input":{"@type":"PropertyValueSpecification","valueRequired":true,"valueName":"search_term_string"}}],"inLanguage":"de"}]}},"_links":{"self":[{"href":"https:\/\/aflamo.shop\/de\/wp-json\/wp\/v2\/product\/16870","targetHints":{"allow":["GET"]}}],"collection":[{"href":"https:\/\/aflamo.shop\/de\/wp-json\/wp\/v2\/product"}],"about":[{"href":"https:\/\/aflamo.shop\/de\/wp-json\/wp\/v2\/types\/product"}],"replies":[{"embeddable":true,"href":"https:\/\/aflamo.shop\/de\/wp-json\/wp\/v2\/comments?post=16870"}],"wp:featuredmedia":[{"embeddable":true,"href":"https:\/\/aflamo.shop\/de\/wp-json\/wp\/v2\/media\/16856"}],"wp:attachment":[{"href":"https:\/\/aflamo.shop\/de\/wp-json\/wp\/v2\/media?parent=16870"}],"wp:term":[{"taxonomy":"product_brand","embeddable":true,"href":"https:\/\/aflamo.shop\/de\/wp-json\/wp\/v2\/product_brand?post=16870"},{"taxonomy":"product_cat","embeddable":true,"href":"https:\/\/aflamo.shop\/de\/wp-json\/wp\/v2\/product_cat?post=16870"},{"taxonomy":"product_tag","embeddable":true,"href":"https:\/\/aflamo.shop\/de\/wp-json\/wp\/v2\/product_tag?post=16870"}],"curies":[{"name":"wp","href":"https:\/\/api.w.org\/{rel}","templated":true}]}}