{"id":16850,"date":"2023-09-17T14:54:58","date_gmt":"2023-09-17T14:54:58","guid":{"rendered":"https:\/\/aflamo.shop\/p\/aflamo-majestic-36-wand-einbau-elektrokamin-mit-led\/"},"modified":"2025-05-15T12:39:38","modified_gmt":"2025-05-15T12:39:38","slug":"aflamo-majestic-36-wand-einbau-elektrokamin-mit-led","status":"publish","type":"product","link":"https:\/\/aflamo.shop\/de\/p\/aflamo-majestic-36-wand-einbau-elektrokamin-mit-led\/","title":{"rendered":"Aflamo Majestic 36 &#8211; Wand-\/Einbau-Elektrokamin mit LED"},"content":{"rendered":"<p><iframe title=\"YouTube-Video-Player\" src=\"https:\/\/www.youtube.com\/embed\/dABaqJ4VIMs\" width=\"560\" height=\"315\" frameborder=\"0\" allowfullscreen=\"allowfullscreen\"><\/iframe><\/p>\n<p><strong>Majestic LED Elektrokamin \u2013 Die perfekte Wahl f\u00fcr Ihr Interieur<\/strong><\/p>\n<p>Der elektrische LED-Kamin <strong>Majestic <\/strong>ist die Essenz von Modernit\u00e4t und Eleganz und kombiniert die \u00c4sthetik eines traditionellen Kamins mit modernen Technologien. Dank seiner Funktionalit\u00e4t und seines Designs wird es nicht nur zu einer W\u00e4rmequelle, sondern auch zum Mittelpunkt jedes Raumes und verleiht ihm einen einzigartigen Charakter und eine einzigartige Atmosph\u00e4re. <\/p>\n<h2><strong>Merkmale:<\/strong><\/h2>\n<p><strong>Einzigartiges Design und exklusive Verarbeitung<\/strong><\/p>\n<p>Der Majestic f\u00e4llt durch seine <strong>gro\u00dfe Windschutzscheibe aus schwarzem Glas auf<\/strong>, die ihm ein modernes und luxuri\u00f6ses Aussehen verleiht. Durch die vollst\u00e4ndig aus Glas gefertigte Front f\u00fcgt sich der Kamin perfekt in jedes Interieur ein \u2013 von minimalistischen R\u00e4umen bis hin zu eher klassischen Arrangements. <strong>Mit einer Tiefe von nur 14 cm <\/strong>ist er ein Kamin mit au\u00dfergew\u00f6hnlich schlankem Profil, perfekt f\u00fcr R\u00e4ume jeder Gr\u00f6\u00dfe. <\/p>\n<p>Dank des <strong>schwarzen Rahmens<\/strong>, der den Feuerraum umgibt, sieht der Kamin stilvoll und modern aus und verleiht dem Interieur Eleganz und subtile Ausdruckskraft.<\/p>\n<p><img fetchpriority=\"high\" decoding=\"async\" class=\"aligncenter wp-image-11281 size-full\" src=\"https:\/\/aflamo.shop\/wp-content\/uploads\/2023\/09\/majestic-36-czarny-1.jpg\" alt=\"\" width=\"2048\" height=\"1289\" srcset=\"https:\/\/aflamo.shop\/wp-content\/uploads\/2023\/09\/majestic-36-czarny-1.jpg 2048w, https:\/\/aflamo.shop\/wp-content\/uploads\/2023\/09\/majestic-36-czarny-1-600x378.jpg 600w, https:\/\/aflamo.shop\/wp-content\/uploads\/2023\/09\/majestic-36-czarny-1-300x189.jpg 300w, https:\/\/aflamo.shop\/wp-content\/uploads\/2023\/09\/majestic-36-czarny-1-1024x645.jpg 1024w, https:\/\/aflamo.shop\/wp-content\/uploads\/2023\/09\/majestic-36-czarny-1-768x483.jpg 768w, https:\/\/aflamo.shop\/wp-content\/uploads\/2023\/09\/majestic-36-czarny-1-1536x967.jpg 1536w\" sizes=\"(max-width: 2048px) 100vw, 2048px\" \/><\/p>\n<p>&nbsp;<\/p>\n<p><strong>Realistischer Flammeneffekt<\/strong><\/p>\n<p>Eines der wichtigsten Merkmale des Majestic-Kamins ist sein <strong>realistischer Flammeneffekt<\/strong>, der Ihren W\u00fcnschen entsprechend individuell angepasst werden kann. Sie k\u00f6nnen aus<strong> drei Flammenfarben w\u00e4hlen<\/strong> \u2013 warmes Orange, entspannendes Blau und gemischt, die nat\u00fcrliches Feuer perfekt imitieren. Zus\u00e4tzlich k\u00f6nnen Sie aus<strong> vier Helligkeitsstufen<\/strong> w\u00e4hlen und so die perfekte Atmosph\u00e4re schaffen \u2013 vom dezenten Schein bis hin zu intensiven Flammen.  <\/p>\n<p><img decoding=\"async\" class=\"aligncenter wp-image-2842 size-full\" src=\"https:\/\/aflamo.shop\/wp-content\/uploads\/2023\/05\/plomien-majestic.png\" alt=\"Majest\u00e4tischer Flammeneffekt\" width=\"510\" height=\"533\" srcset=\"https:\/\/aflamo.shop\/wp-content\/uploads\/2023\/05\/plomien-majestic.png 510w, https:\/\/aflamo.shop\/wp-content\/uploads\/2023\/05\/plomien-majestic-287x300.png 287w\" sizes=\"(max-width: 510px) 100vw, 510px\" \/><\/p>\n<p>Der Kamin bietet au\u00dferdem<strong> drei Arten von Feuerr\u00e4umen<\/strong>: <strong>Holzscheite<\/strong>, die klassisches Holz imitieren, <strong>Kristalle <\/strong>f\u00fcr einen modernen Look und <strong>Steine<\/strong>, die dem Interieur einen nat\u00fcrlichen Akzent verleihen. Jedes dieser Elemente verleiht dem Kamin einen einzigartigen Charakter und erm\u00f6glicht Ihnen, sein Erscheinungsbild individuell zu gestalten. <\/p>\n<p><img decoding=\"async\" class=\"aligncenter wp-image-2836 size-full\" src=\"https:\/\/aflamo.shop\/wp-content\/uploads\/2023\/05\/palenisko-majestic.png\" alt=\"Arten von Majestic-Kaminen\" width=\"515\" height=\"538\" srcset=\"https:\/\/aflamo.shop\/wp-content\/uploads\/2023\/05\/palenisko-majestic.png 515w, https:\/\/aflamo.shop\/wp-content\/uploads\/2023\/05\/palenisko-majestic-287x300.png 287w\" sizes=\"(max-width: 515px) 100vw, 515px\" \/><\/p>\n<p><strong>Einfach zu installieren und vielseitig<\/strong><\/p>\n<p>Majestic ist hinsichtlich der Installation \u00e4u\u00dferst vielseitig. Sie k\u00f6nnen es auf drei Arten montieren: <\/p>\n<ol>\n<li><strong>Einbaukamin<\/strong>: Dieser l\u00e4sst sich in die Wand integrieren und schafft so eine moderne und minimalistische Anordnung.<\/li>\n<li><strong>An der Wand <\/strong>wird es so zur wirkungsvollen Innendekoration.<\/li>\n<li><strong>Die Aufh\u00e4ngung <\/strong>erfolgt \u00fcber einen im Set enthaltenen Aufh\u00e4nger, der eine schnelle und einfache Montage ohne aufwendige Arbeiten erm\u00f6glicht.<\/li>\n<\/ol>\n<p><strong>Heizung<\/strong><\/p>\n<p>Der Majestic Kamin bietet <strong>zwei Heizleistungsstufen<\/strong> \u2013 750 W und 1500 W \u2013 wodurch Sie die Heizintensit\u00e4t an Ihren aktuellen Bedarf anpassen k\u00f6nnen. Dank <strong>der digitalen Thermostatfunktion <\/strong>k\u00f6nnen Sie eine angenehme Temperatur zwischen 18 \u00b0C und 30 \u00b0C pr\u00e4zise einstellen und halten. <\/p>\n<p><strong>Durch die Unabh\u00e4ngigkeit der Heizfunktion vom Flammeneffekt<\/strong> haben Sie die M\u00f6glichkeit, das ganze Jahr \u00fcber und unabh\u00e4ngig vom Wetter eine angenehme Flammenvisualisierung zu genie\u00dfen. Genie\u00dfen Sie an k\u00e4lteren Tagen die wohlige W\u00e4rme oder schaffen Sie einfach eine gem\u00fctliche Atmosph\u00e4re ohne zus\u00e4tzliche Heizung. <\/p>\n<p><strong>Der Fenster-offen-Sensor<\/strong> ist eine intelligente Funktion, die die Heizung automatisch abschaltet, wenn sie einen Temperaturabfall durch ein offenes Fenster erkennt. Diese praktische L\u00f6sung spart Energie und gew\u00e4hrleistet eine sichere Anwendung. <\/p>\n<p><strong>Bedienkomfort und moderne Steuerung<\/strong><\/p>\n<p>Bei der Entwicklung des Majestic-Kamins stand die komfortable Nutzung im Vordergrund. Dank der <strong>Fernbedienung <\/strong>k\u00f6nnen Sie s\u00e4mtliche Kaminfunktionen bequem von \u00fcberall im Raum steuern. Mit wenigen Klicks k\u00f6nnen Sie die Helligkeit der Flamme regulieren, ihre Farbe \u00e4ndern, die Heizung ein- oder ausschalten oder den Timer einstellen.  <\/p>\n<p><strong>Eine weitere Innovation<\/strong> ist das im Kamin integrierte Touchpanel. Bei Ber\u00fchrung erm\u00f6glicht es einen schnellen Zugriff auf die wichtigsten Funktionen und verschwindet bei Nichtgebrauch nach 10 Sekunden, ohne die \u00c4sthetik des Ger\u00e4ts zu beeintr\u00e4chtigen. <\/p>\n<p><strong>Zusammenfassung<\/strong><\/p>\n<p>Der elektrische LED-Kamin Majestic ist ein Synonym f\u00fcr moderne Eleganz und Komfort. Seine Funktionalit\u00e4t, \u00c4sthetik und Benutzerfreundlichkeit machen es zur idealen L\u00f6sung f\u00fcr alle, die sowohl Wert auf Sch\u00f6nheit als auch auf Zweckm\u00e4\u00dfigkeit legen. Unabh\u00e4ngig davon, ob Sie nach einer M\u00f6glichkeit suchen, Ihr Interieur aufzuw\u00e4rmen oder ihm eine einzigartige Atmosph\u00e4re zu verleihen, wird Majestic Ihre Erwartungen erf\u00fcllen und die Magie des Feuers in einer modernen Version in Ihr Zuhause bringen.  <\/p>\n<div class=\"feature\">\n<p style=\"text-align: left;\"><strong>Technische Zeichnungen<\/strong><\/p>\n<p>Majestic 26<\/p>\n<p><img loading=\"lazy\" decoding=\"async\" class=\"alignnone wp-image-2856 size-full\" src=\"https:\/\/aflamo.shop\/wp-content\/uploads\/2023\/05\/fireplace-aflamo-majestic-26-led-70-pro.jpg\" alt=\"Majestic 26\" width=\"1046\" height=\"806\" srcset=\"https:\/\/aflamo.shop\/wp-content\/uploads\/2023\/05\/fireplace-aflamo-majestic-26-led-70-pro.jpg 1046w, https:\/\/aflamo.shop\/wp-content\/uploads\/2023\/05\/fireplace-aflamo-majestic-26-led-70-pro-600x462.jpg 600w, https:\/\/aflamo.shop\/wp-content\/uploads\/2023\/05\/fireplace-aflamo-majestic-26-led-70-pro-300x231.jpg 300w, https:\/\/aflamo.shop\/wp-content\/uploads\/2023\/05\/fireplace-aflamo-majestic-26-led-70-pro-1024x789.jpg 1024w, https:\/\/aflamo.shop\/wp-content\/uploads\/2023\/05\/fireplace-aflamo-majestic-26-led-70-pro-768x592.jpg 768w\" sizes=\"(max-width: 1046px) 100vw, 1046px\" \/><\/p>\n<p>Majestic 36<\/p>\n<p><img loading=\"lazy\" decoding=\"async\" class=\"alignnone wp-image-2862 size-full\" src=\"https:\/\/aflamo.shop\/wp-content\/uploads\/2023\/05\/fireplace-aflamo-majestic-36.jpg\" alt=\"Majestic 36\" width=\"1048\" height=\"681\" srcset=\"https:\/\/aflamo.shop\/wp-content\/uploads\/2023\/05\/fireplace-aflamo-majestic-36.jpg 1048w, https:\/\/aflamo.shop\/wp-content\/uploads\/2023\/05\/fireplace-aflamo-majestic-36-600x390.jpg 600w, https:\/\/aflamo.shop\/wp-content\/uploads\/2023\/05\/fireplace-aflamo-majestic-36-300x195.jpg 300w, https:\/\/aflamo.shop\/wp-content\/uploads\/2023\/05\/fireplace-aflamo-majestic-36-1024x665.jpg 1024w, https:\/\/aflamo.shop\/wp-content\/uploads\/2023\/05\/fireplace-aflamo-majestic-36-768x499.jpg 768w\" sizes=\"(max-width: 1048px) 100vw, 1048px\" \/><\/p>\n<p>Majestic 45<\/p>\n<p><img loading=\"lazy\" decoding=\"async\" class=\"alignnone wp-image-2868 size-full\" src=\"https:\/\/aflamo.shop\/wp-content\/uploads\/2023\/05\/fireplace-aflamo-majestic-45.jpg\" alt=\"Majestic 45\" width=\"1073\" height=\"602\" srcset=\"https:\/\/aflamo.shop\/wp-content\/uploads\/2023\/05\/fireplace-aflamo-majestic-45.jpg 1073w, https:\/\/aflamo.shop\/wp-content\/uploads\/2023\/05\/fireplace-aflamo-majestic-45-600x337.jpg 600w, https:\/\/aflamo.shop\/wp-content\/uploads\/2023\/05\/fireplace-aflamo-majestic-45-300x168.jpg 300w, https:\/\/aflamo.shop\/wp-content\/uploads\/2023\/05\/fireplace-aflamo-majestic-45-1024x575.jpg 1024w, https:\/\/aflamo.shop\/wp-content\/uploads\/2023\/05\/fireplace-aflamo-majestic-45-768x431.jpg 768w\" sizes=\"(max-width: 1073px) 100vw, 1073px\" \/><\/p>\n<p>Majestic 50<\/p>\n<p><img loading=\"lazy\" decoding=\"async\" class=\"alignnone wp-image-2874 size-full\" src=\"https:\/\/aflamo.shop\/wp-content\/uploads\/2023\/05\/fireplace-aflamo-majestic-50.jpg\" alt=\"Majestic 50\" width=\"1033\" height=\"532\" srcset=\"https:\/\/aflamo.shop\/wp-content\/uploads\/2023\/05\/fireplace-aflamo-majestic-50.jpg 1033w, https:\/\/aflamo.shop\/wp-content\/uploads\/2023\/05\/fireplace-aflamo-majestic-50-600x309.jpg 600w, https:\/\/aflamo.shop\/wp-content\/uploads\/2023\/05\/fireplace-aflamo-majestic-50-300x155.jpg 300w, https:\/\/aflamo.shop\/wp-content\/uploads\/2023\/05\/fireplace-aflamo-majestic-50-1024x527.jpg 1024w, https:\/\/aflamo.shop\/wp-content\/uploads\/2023\/05\/fireplace-aflamo-majestic-50-768x396.jpg 768w\" sizes=\"(max-width: 1033px) 100vw, 1033px\" \/><\/p>\n<p>Majestic 72<\/p>\n<p><img loading=\"lazy\" decoding=\"async\" class=\"alignnone wp-image-2892 size-full\" src=\"https:\/\/aflamo.shop\/wp-content\/uploads\/2023\/05\/fireplace-aflamo-majestic-72.jpg\" alt=\"Majestic 72\" width=\"1039\" height=\"411\" srcset=\"https:\/\/aflamo.shop\/wp-content\/uploads\/2023\/05\/fireplace-aflamo-majestic-72.jpg 1039w, https:\/\/aflamo.shop\/wp-content\/uploads\/2023\/05\/fireplace-aflamo-majestic-72-600x237.jpg 600w, https:\/\/aflamo.shop\/wp-content\/uploads\/2023\/05\/fireplace-aflamo-majestic-72-300x119.jpg 300w, https:\/\/aflamo.shop\/wp-content\/uploads\/2023\/05\/fireplace-aflamo-majestic-72-1024x405.jpg 1024w, https:\/\/aflamo.shop\/wp-content\/uploads\/2023\/05\/fireplace-aflamo-majestic-72-768x304.jpg 768w\" sizes=\"(max-width: 1039px) 100vw, 1039px\" \/><\/p>\n<\/div>\n","protected":false},"excerpt":{"rendered":"<p>Hersteller: Aflamo<\/p>\n<p>Elektrischer Kamin zum Einbau\/Wandmontage mit Heizfunktion.<\/p>\n<p><b>Modell:<\/b><\/p>\n<ul>\n<li><a href=\"https:\/\/aflamo.shop\/de\/p\/aflamo-majestic-26-wand-einbau-led-elektrokamin\/\">26<\/a><\/li>\n<li><a href=\"https:\/\/aflamo.shop\/de\/p\/aflamo-majestic-36-wand-einbau-led-elektrokamin\/\">36<\/a><\/li>\n<li><a href=\"https:\/\/aflamo.shop\/de\/p\/aflamo-majestic-45-wand-einbau-led-elektrokamin\/\">45<\/a><\/li>\n<li><a href=\"https:\/\/aflamo.shop\/de\/p\/aflamo-majestic-50-wand-einbau-led-elektrokamin\/\">50<\/a><\/li>\n<li><a href=\"https:\/\/aflamo.shop\/de\/p\/aflamo-majestic-72-wand-einbau-led-elektrokamin\/\">72<\/a><\/li>\n<\/ul>\n<p><a href=\"https:\/\/aflamo.shop\/wp-content\/uploads\/2023\/09\/Aflamo-MAJESTIC-EN-PL-DE-IT-ES-FR-CS-SK-NL-4.pdf\">Bedienungs- und Sicherheitshinweise<\/a><\/p>\n<p><b>Abmessungen<\/b>: 91,5 x 54,4 x 14 cm<\/p>\n","protected":false},"featured_media":16833,"comment_status":"open","ping_status":"closed","template":"","meta":[],"product_brand":[],"product_cat":[799,801,800,804,803,802],"product_tag":[807],"class_list":{"0":"post-16850","1":"product","2":"type-product","3":"status-publish","4":"has-post-thumbnail","6":"product_cat-aflamo-de","7":"product_cat-eingebaute-led-elektrokamine","8":"product_cat-elektrische-kamine","9":"product_cat-elektrische-kamine-zum-aufhangen-an-der-wand","10":"product_cat-elektrische-led-einsatze","11":"product_cat-led-elektrokamine-mit-heizfunktion","12":"product_tag-max-de","14":"first","15":"instock","16":"shipping-taxable","17":"purchasable","18":"product-type-simple"},"yoast_head":"<!-- This site is optimized with the Yoast SEO plugin v27.1.1 - https:\/\/yoast.com\/product\/yoast-seo-wordpress\/ -->\n<title>Aflamo Majestic 36 - Wand-\/Einbau-Elektrokamin mit LED - aflamo.shop-zertifizierter aflamo-H\u00e4ndler<\/title>\n<meta name=\"description\" content=\"Majestic LED-Elektrokamin \u2013 moderne Eleganz und Komfort. Es kombiniert eine Heizfunktion mit einer dekorativen Flamme und schafft so eine einzigartige Atmosph\u00e4re in Ihrem Zuhause.\" \/>\n<meta name=\"robots\" content=\"index, follow, max-snippet:-1, max-image-preview:large, max-video-preview:-1\" \/>\n<link rel=\"canonical\" href=\"https:\/\/aflamo.shop\/de\/p\/aflamo-majestic-36-wand-einbau-elektrokamin-mit-led\/\" \/>\n<meta property=\"og:locale\" content=\"de_DE\" \/>\n<meta property=\"og:type\" content=\"article\" \/>\n<meta property=\"og:title\" content=\"Aflamo Majestic 36 - Wand-\/Einbau-Elektrokamin mit LED - aflamo.shop-zertifizierter aflamo-H\u00e4ndler\" \/>\n<meta property=\"og:description\" content=\"Majestic LED-Elektrokamin \u2013 moderne Eleganz und Komfort. Es kombiniert eine Heizfunktion mit einer dekorativen Flamme und schafft so eine einzigartige Atmosph\u00e4re in Ihrem Zuhause.\" \/>\n<meta property=\"og:url\" content=\"https:\/\/aflamo.shop\/de\/p\/aflamo-majestic-36-wand-einbau-elektrokamin-mit-led\/\" \/>\n<meta property=\"og:site_name\" content=\"aflamo.shop-zertifizierter aflamo-H\u00e4ndler\" \/>\n<meta property=\"article:modified_time\" content=\"2025-05-15T12:39:38+00:00\" \/>\n<meta property=\"og:image\" content=\"https:\/\/aflamo.shop\/wp-content\/uploads\/2023\/05\/majestic-100-czarny-2_sq.jpg\" \/>\n\t<meta property=\"og:image:width\" content=\"2248\" \/>\n\t<meta property=\"og:image:height\" content=\"2248\" \/>\n\t<meta property=\"og:image:type\" content=\"image\/jpeg\" \/>\n<meta name=\"twitter:card\" content=\"summary_large_image\" \/>\n<meta name=\"twitter:label1\" content=\"Gesch\u00e4tzte Lesezeit\" \/>\n\t<meta name=\"twitter:data1\" content=\"6\u00a0Minuten\" \/>\n<script type=\"application\/ld+json\" class=\"yoast-schema-graph\">{\"@context\":\"https:\/\/schema.org\",\"@graph\":[{\"@type\":\"WebPage\",\"@id\":\"https:\/\/aflamo.shop\/de\/p\/aflamo-majestic-36-wand-einbau-elektrokamin-mit-led\/\",\"url\":\"https:\/\/aflamo.shop\/de\/p\/aflamo-majestic-36-wand-einbau-elektrokamin-mit-led\/\",\"name\":\"Aflamo Majestic 36 - Wand-\/Einbau-Elektrokamin mit LED - aflamo.shop-zertifizierter aflamo-H\u00e4ndler\",\"isPartOf\":{\"@id\":\"https:\/\/aflamo.shop\/de\/#website\"},\"primaryImageOfPage\":{\"@id\":\"https:\/\/aflamo.shop\/de\/p\/aflamo-majestic-36-wand-einbau-elektrokamin-mit-led\/#primaryimage\"},\"image\":{\"@id\":\"https:\/\/aflamo.shop\/de\/p\/aflamo-majestic-36-wand-einbau-elektrokamin-mit-led\/#primaryimage\"},\"thumbnailUrl\":\"https:\/\/aflamo.shop\/wp-content\/uploads\/2023\/05\/majestic-100-czarny-2_sq.jpg\",\"datePublished\":\"2023-09-17T14:54:58+00:00\",\"dateModified\":\"2025-05-15T12:39:38+00:00\",\"description\":\"Majestic LED-Elektrokamin \u2013 moderne Eleganz und Komfort. Es kombiniert eine Heizfunktion mit einer dekorativen Flamme und schafft so eine einzigartige Atmosph\u00e4re in Ihrem Zuhause.\",\"breadcrumb\":{\"@id\":\"https:\/\/aflamo.shop\/de\/p\/aflamo-majestic-36-wand-einbau-elektrokamin-mit-led\/#breadcrumb\"},\"inLanguage\":\"de\",\"potentialAction\":[{\"@type\":\"ReadAction\",\"target\":[\"https:\/\/aflamo.shop\/de\/p\/aflamo-majestic-36-wand-einbau-elektrokamin-mit-led\/\"]}]},{\"@type\":\"ImageObject\",\"inLanguage\":\"de\",\"@id\":\"https:\/\/aflamo.shop\/de\/p\/aflamo-majestic-36-wand-einbau-elektrokamin-mit-led\/#primaryimage\",\"url\":\"https:\/\/aflamo.shop\/wp-content\/uploads\/2023\/05\/majestic-100-czarny-2_sq.jpg\",\"contentUrl\":\"https:\/\/aflamo.shop\/wp-content\/uploads\/2023\/05\/majestic-100-czarny-2_sq.jpg\",\"width\":2248,\"height\":2248},{\"@type\":\"BreadcrumbList\",\"@id\":\"https:\/\/aflamo.shop\/de\/p\/aflamo-majestic-36-wand-einbau-elektrokamin-mit-led\/#breadcrumb\",\"itemListElement\":[{\"@type\":\"ListItem\",\"position\":1,\"name\":\"Strona g\u0142\u00f3wna\",\"item\":\"https:\/\/aflamo.shop\/de\/startseite\/\"},{\"@type\":\"ListItem\",\"position\":2,\"name\":\"Shop\",\"item\":\"https:\/\/aflamo.shop\/shop\/\"},{\"@type\":\"ListItem\",\"position\":3,\"name\":\"Elektrische Kamine\",\"item\":\"https:\/\/aflamo.shop\/de\/s\/elektrische-kamine\/\"},{\"@type\":\"ListItem\",\"position\":4,\"name\":\"Eingebaute LED-Elektrokamine\",\"item\":\"https:\/\/aflamo.shop\/de\/s\/elektrische-kamine\/eingebaute-led-elektrokamine\/\"},{\"@type\":\"ListItem\",\"position\":5,\"name\":\"Aflamo Majestic 36 &#8211; Wand-\/Einbau-Elektrokamin mit LED\"}]},{\"@type\":\"WebSite\",\"@id\":\"https:\/\/aflamo.shop\/de\/#website\",\"url\":\"https:\/\/aflamo.shop\/de\/\",\"name\":\"aflamo.shop-zertifizierter aflamo-H\u00e4ndler\",\"description\":\"Kominki elektryczne Aflamo i Emotion Flame z funkcj\u0105 grzania\",\"potentialAction\":[{\"@type\":\"SearchAction\",\"target\":{\"@type\":\"EntryPoint\",\"urlTemplate\":\"https:\/\/aflamo.shop\/de\/?s={search_term_string}\"},\"query-input\":{\"@type\":\"PropertyValueSpecification\",\"valueRequired\":true,\"valueName\":\"search_term_string\"}}],\"inLanguage\":\"de\"}]}<\/script>\n<!-- \/ Yoast SEO plugin. -->","yoast_head_json":{"title":"Aflamo Majestic 36 - Wand-\/Einbau-Elektrokamin mit LED - aflamo.shop-zertifizierter aflamo-H\u00e4ndler","description":"Majestic LED-Elektrokamin \u2013 moderne Eleganz und Komfort. Es kombiniert eine Heizfunktion mit einer dekorativen Flamme und schafft so eine einzigartige Atmosph\u00e4re in Ihrem Zuhause.","robots":{"index":"index","follow":"follow","max-snippet":"max-snippet:-1","max-image-preview":"max-image-preview:large","max-video-preview":"max-video-preview:-1"},"canonical":"https:\/\/aflamo.shop\/de\/p\/aflamo-majestic-36-wand-einbau-elektrokamin-mit-led\/","og_locale":"de_DE","og_type":"article","og_title":"Aflamo Majestic 36 - Wand-\/Einbau-Elektrokamin mit LED - aflamo.shop-zertifizierter aflamo-H\u00e4ndler","og_description":"Majestic LED-Elektrokamin \u2013 moderne Eleganz und Komfort. Es kombiniert eine Heizfunktion mit einer dekorativen Flamme und schafft so eine einzigartige Atmosph\u00e4re in Ihrem Zuhause.","og_url":"https:\/\/aflamo.shop\/de\/p\/aflamo-majestic-36-wand-einbau-elektrokamin-mit-led\/","og_site_name":"aflamo.shop-zertifizierter aflamo-H\u00e4ndler","article_modified_time":"2025-05-15T12:39:38+00:00","og_image":[{"width":2248,"height":2248,"url":"https:\/\/aflamo.shop\/wp-content\/uploads\/2023\/05\/majestic-100-czarny-2_sq.jpg","type":"image\/jpeg"}],"twitter_card":"summary_large_image","twitter_misc":{"Gesch\u00e4tzte Lesezeit":"6\u00a0Minuten"},"schema":{"@context":"https:\/\/schema.org","@graph":[{"@type":"WebPage","@id":"https:\/\/aflamo.shop\/de\/p\/aflamo-majestic-36-wand-einbau-elektrokamin-mit-led\/","url":"https:\/\/aflamo.shop\/de\/p\/aflamo-majestic-36-wand-einbau-elektrokamin-mit-led\/","name":"Aflamo Majestic 36 - Wand-\/Einbau-Elektrokamin mit LED - aflamo.shop-zertifizierter aflamo-H\u00e4ndler","isPartOf":{"@id":"https:\/\/aflamo.shop\/de\/#website"},"primaryImageOfPage":{"@id":"https:\/\/aflamo.shop\/de\/p\/aflamo-majestic-36-wand-einbau-elektrokamin-mit-led\/#primaryimage"},"image":{"@id":"https:\/\/aflamo.shop\/de\/p\/aflamo-majestic-36-wand-einbau-elektrokamin-mit-led\/#primaryimage"},"thumbnailUrl":"https:\/\/aflamo.shop\/wp-content\/uploads\/2023\/05\/majestic-100-czarny-2_sq.jpg","datePublished":"2023-09-17T14:54:58+00:00","dateModified":"2025-05-15T12:39:38+00:00","description":"Majestic LED-Elektrokamin \u2013 moderne Eleganz und Komfort. Es kombiniert eine Heizfunktion mit einer dekorativen Flamme und schafft so eine einzigartige Atmosph\u00e4re in Ihrem Zuhause.","breadcrumb":{"@id":"https:\/\/aflamo.shop\/de\/p\/aflamo-majestic-36-wand-einbau-elektrokamin-mit-led\/#breadcrumb"},"inLanguage":"de","potentialAction":[{"@type":"ReadAction","target":["https:\/\/aflamo.shop\/de\/p\/aflamo-majestic-36-wand-einbau-elektrokamin-mit-led\/"]}]},{"@type":"ImageObject","inLanguage":"de","@id":"https:\/\/aflamo.shop\/de\/p\/aflamo-majestic-36-wand-einbau-elektrokamin-mit-led\/#primaryimage","url":"https:\/\/aflamo.shop\/wp-content\/uploads\/2023\/05\/majestic-100-czarny-2_sq.jpg","contentUrl":"https:\/\/aflamo.shop\/wp-content\/uploads\/2023\/05\/majestic-100-czarny-2_sq.jpg","width":2248,"height":2248},{"@type":"BreadcrumbList","@id":"https:\/\/aflamo.shop\/de\/p\/aflamo-majestic-36-wand-einbau-elektrokamin-mit-led\/#breadcrumb","itemListElement":[{"@type":"ListItem","position":1,"name":"Strona g\u0142\u00f3wna","item":"https:\/\/aflamo.shop\/de\/startseite\/"},{"@type":"ListItem","position":2,"name":"Shop","item":"https:\/\/aflamo.shop\/shop\/"},{"@type":"ListItem","position":3,"name":"Elektrische Kamine","item":"https:\/\/aflamo.shop\/de\/s\/elektrische-kamine\/"},{"@type":"ListItem","position":4,"name":"Eingebaute LED-Elektrokamine","item":"https:\/\/aflamo.shop\/de\/s\/elektrische-kamine\/eingebaute-led-elektrokamine\/"},{"@type":"ListItem","position":5,"name":"Aflamo Majestic 36 &#8211; Wand-\/Einbau-Elektrokamin mit LED"}]},{"@type":"WebSite","@id":"https:\/\/aflamo.shop\/de\/#website","url":"https:\/\/aflamo.shop\/de\/","name":"aflamo.shop-zertifizierter aflamo-H\u00e4ndler","description":"Kominki elektryczne Aflamo i Emotion Flame z funkcj\u0105 grzania","potentialAction":[{"@type":"SearchAction","target":{"@type":"EntryPoint","urlTemplate":"https:\/\/aflamo.shop\/de\/?s={search_term_string}"},"query-input":{"@type":"PropertyValueSpecification","valueRequired":true,"valueName":"search_term_string"}}],"inLanguage":"de"}]}},"_links":{"self":[{"href":"https:\/\/aflamo.shop\/de\/wp-json\/wp\/v2\/product\/16850","targetHints":{"allow":["GET"]}}],"collection":[{"href":"https:\/\/aflamo.shop\/de\/wp-json\/wp\/v2\/product"}],"about":[{"href":"https:\/\/aflamo.shop\/de\/wp-json\/wp\/v2\/types\/product"}],"replies":[{"embeddable":true,"href":"https:\/\/aflamo.shop\/de\/wp-json\/wp\/v2\/comments?post=16850"}],"wp:featuredmedia":[{"embeddable":true,"href":"https:\/\/aflamo.shop\/de\/wp-json\/wp\/v2\/media\/16833"}],"wp:attachment":[{"href":"https:\/\/aflamo.shop\/de\/wp-json\/wp\/v2\/media?parent=16850"}],"wp:term":[{"taxonomy":"product_brand","embeddable":true,"href":"https:\/\/aflamo.shop\/de\/wp-json\/wp\/v2\/product_brand?post=16850"},{"taxonomy":"product_cat","embeddable":true,"href":"https:\/\/aflamo.shop\/de\/wp-json\/wp\/v2\/product_cat?post=16850"},{"taxonomy":"product_tag","embeddable":true,"href":"https:\/\/aflamo.shop\/de\/wp-json\/wp\/v2\/product_tag?post=16850"}],"curies":[{"name":"wp","href":"https:\/\/api.w.org\/{rel}","templated":true}]}}