{"id":16829,"date":"2023-09-17T15:35:16","date_gmt":"2023-09-17T15:35:16","guid":{"rendered":"https:\/\/aflamo.shop\/p\/aflamo-imperial-50-wand-einbau-led-elektrokamin\/"},"modified":"2025-05-15T12:37:22","modified_gmt":"2025-05-15T12:37:22","slug":"aflamo-imperial-50-wand-einbau-led-elektrokamin","status":"publish","type":"product","link":"https:\/\/aflamo.shop\/de\/p\/aflamo-imperial-50-wand-einbau-led-elektrokamin\/","title":{"rendered":"Aflamo Imperial 50 &#8211; Wand-\/Einbau-LED-Elektrokamin"},"content":{"rendered":"<p><iframe title=\"YouTube-Video-Player\" src=\"https:\/\/www.youtube.com\/embed\/5A5Ryu9sdnU\" width=\"560\" height=\"315\" frameborder=\"0\" allowfullscreen=\"allowfullscreen\"><\/iframe><\/p>\n<h6><\/h6>\n<p><strong>Imperial LED Elektrokamin \u2013 Luxus und Modernit\u00e4t in Ihrem Zuhause<\/strong><\/p>\n<p>Der elektrische Wandkamin <strong>Imperial <\/strong>LED ist eine perfekte Kombination aus Eleganz, Funktionalit\u00e4t und modernem Design. Dieser Kamin wurde entwickelt, um W\u00e4rme und ein einzigartiges visuelles Erlebnis zu bieten. Er wird zum Mittelpunkt jedes Innenraums und schafft eine Atmosph\u00e4re von Komfort und Luxus. <\/p>\n<p><strong>Merkmale des Imperial Kamins<\/strong><\/p>\n<p><strong>Flamme und Herd<\/strong><\/p>\n<p>Der <strong>Imperial<\/strong>-Kamin bietet:<\/p>\n<ul>\n<li><strong>Drei Flammenfarben<\/strong>: Orange, Blau und Gelb \u2013 so k\u00f6nnen Sie die Feuererscheinung Ihrer Stimmung anpassen.<\/li>\n<li><strong>F\u00fcnf Flammenhelligkeitsstufen<\/strong>: Vom sanften Gl\u00fchen bis zu intensiven Flammen.<\/li>\n<\/ul>\n<p><img fetchpriority=\"high\" decoding=\"async\" class=\"aligncenter wp-image-2842 size-full\" src=\"https:\/\/aflamo.shop\/wp-content\/uploads\/2023\/05\/plomien-majestic.png\" alt=\"Flammeneffekt\" width=\"510\" height=\"533\" srcset=\"https:\/\/aflamo.shop\/wp-content\/uploads\/2023\/05\/plomien-majestic.png 510w, https:\/\/aflamo.shop\/wp-content\/uploads\/2023\/05\/plomien-majestic-287x300.png 287w\" sizes=\"(max-width: 510px) 100vw, 510px\" \/><\/p>\n<p>&nbsp;<\/p>\n<ul>\n<li><strong>Zwei Kamintypen im Lieferumfang enthalten<\/strong>: <strong>Holzscheit <\/strong>\u2013 f\u00fcr einen klassischen Look und <strong>Kristalle <\/strong>\u2013 f\u00fcr einen modernen Charakter.<\/li>\n<li><strong>Zehn Feuerraumbeleuchtungsfarben<\/strong> und<strong> f\u00fcnf Helligkeitsstufen <\/strong>erm\u00f6glichen eine vollst\u00e4ndige Anpassung der visuellen Effekte.<\/li>\n<li><strong>Dreiseitiger Feuerraum<\/strong>: Eine au\u00dfergew\u00f6hnliche Funktion, die es Ihnen erm\u00f6glicht, die Sch\u00f6nheit der Flammen aus verschiedenen Perspektiven im Raum zu genie\u00dfen und so f\u00fcr Tiefe und Dynamik zu sorgen.<\/li>\n<\/ul>\n<p><img decoding=\"async\" class=\"aligncenter wp-image-10691 size-full\" src=\"https:\/\/aflamo.shop\/wp-content\/uploads\/2024\/06\/polana_krysztaly-e1603875138523.png\" alt=\"Kamin - Lichtung und Kristalle\" width=\"413\" height=\"297\" srcset=\"https:\/\/aflamo.shop\/wp-content\/uploads\/2024\/06\/polana_krysztaly-e1603875138523.png 413w, https:\/\/aflamo.shop\/wp-content\/uploads\/2024\/06\/polana_krysztaly-e1603875138523-300x216.png 300w\" sizes=\"(max-width: 413px) 100vw, 413px\" \/><\/p>\n<p><strong>Unabh\u00e4ngige Heizung mit Flammeneffekt<\/strong><\/p>\n<ul>\n<li>Dank der unabh\u00e4ngigen Heizfunktion k\u00f6nnen Sie mit dem Kamin <strong>Imperial <\/strong>das ganze Jahr \u00fcber die Sch\u00f6nheit der Flammen genie\u00dfen. Sie k\u00f6nnen die Heizung an k\u00e4lteren Tagen einschalten oder ausschalten, sodass nur der optische Effekt der Flammen f\u00fcr eine gem\u00fctliche Atmosph\u00e4re sorgt. <\/li>\n<li><strong>Zwei Heizstufen:<\/strong> M\u00f6glichkeit zwischen 750W und 1500W zu w\u00e4hlen und so die Leistung dem aktuellen Bedarf anzupassen.<\/li>\n<li><strong>Digitaler Thermostat:<\/strong> Pr\u00e4zise Temperatureinstellung von 18\u00b0C \u200b\u200bbis 30\u00b0C f\u00fcr optimalen W\u00e4rmekomfort.<\/li>\n<li><strong>Erkennung offener Flammen:<\/strong> Eine Sicherheitsfunktion, die Flammen \u00fcberwacht und f\u00fcr ein beruhigendes Gef\u00fchl sorgt.<\/li>\n<\/ul>\n<p><strong>Montage und Installation<\/strong><\/p>\n<p>Der <strong>Imperial<\/strong>-Kamin kann auf drei Arten installiert werden:<\/p>\n<ol>\n<li><strong>Eingebaut <\/strong>\u2013 ideal f\u00fcr die Integration in ein modernes Interieur.<\/li>\n<li><strong>An der Wand <\/strong>\u2013 als dekoratives Element des Raumes.<\/li>\n<li><strong>Aufh\u00e4ngung an einem Kleiderb\u00fcgel <\/strong>\u2013 schnelle und einfache Montage mit einem Montagesatz.<\/li>\n<\/ol>\n<p><strong>Komfort und Bequemlichkeit<\/strong><\/p>\n<ul>\n<li><strong>\u00dcberhitzungsschutz<\/strong>: Garantiert eine sichere Anwendung.<\/li>\n<li><strong>Timer <\/strong>und <strong>Wochenprogrammierer<\/strong>: Erm\u00f6glicht das automatische Ausschalten des Kamins und die Planung seines Betriebs.<\/li>\n<li><strong>Bedienfeld<\/strong>: Intuitive Steuerung aller Kaminfunktionen.<\/li>\n<li><strong>Fernbedienung<\/strong>: Steuern Sie Ihr Ger\u00e4t bequem von \u00fcberall im Raum.<\/li>\n<\/ul>\n<p>&nbsp;<\/p>\n<p><strong>Zusammenfassung<\/strong><\/p>\n<p>Der elektrische LED-Kamin <strong>Imperial <\/strong>ist mehr als nur ein Heizger\u00e4t. Sein <strong>dreiseitiger Feuerraum<\/strong>, die modernen Funktionen und die Personalisierungsm\u00f6glichkeiten machen ihn zur idealen Wahl f\u00fcr alle, die Wert auf \u00c4sthetik und Komfort legen. Es ist eine gro\u00dfartige M\u00f6glichkeit, Ihrem Zuhause W\u00e4rme und eine einzigartige Atmosph\u00e4re zu verleihen.  <\/p>\n<p>&nbsp;<\/p>\n<p><strong>Technische Zeichnungen<\/strong><\/p>\n<p>&nbsp;<\/p>\n<p>Imperial 36<\/p>\n<p><img decoding=\"async\" class=\"alignnone wp-image-3063 size-full\" src=\"https:\/\/aflamo.shop\/wp-content\/uploads\/2023\/05\/imperial-36-16.jpg\" alt=\"Imperial 36\" width=\"987\" height=\"624\" srcset=\"https:\/\/aflamo.shop\/wp-content\/uploads\/2023\/05\/imperial-36-16.jpg 987w, https:\/\/aflamo.shop\/wp-content\/uploads\/2023\/05\/imperial-36-16-600x379.jpg 600w, https:\/\/aflamo.shop\/wp-content\/uploads\/2023\/05\/imperial-36-16-300x190.jpg 300w, https:\/\/aflamo.shop\/wp-content\/uploads\/2023\/05\/imperial-36-16-768x486.jpg 768w\" sizes=\"(max-width: 987px) 100vw, 987px\" \/><\/p>\n<p>&nbsp;<\/p>\n<p>Imperial 43<\/p>\n<p><img loading=\"lazy\" decoding=\"async\" class=\"alignnone wp-image-3069 size-full\" src=\"https:\/\/aflamo.shop\/wp-content\/uploads\/2023\/05\/imperial-43.jpg\" alt=\"Imperial 43\" width=\"1054\" height=\"601\" srcset=\"https:\/\/aflamo.shop\/wp-content\/uploads\/2023\/05\/imperial-43.jpg 1054w, https:\/\/aflamo.shop\/wp-content\/uploads\/2023\/05\/imperial-43-600x342.jpg 600w, https:\/\/aflamo.shop\/wp-content\/uploads\/2023\/05\/imperial-43-300x171.jpg 300w, https:\/\/aflamo.shop\/wp-content\/uploads\/2023\/05\/imperial-43-1024x584.jpg 1024w, https:\/\/aflamo.shop\/wp-content\/uploads\/2023\/05\/imperial-43-768x438.jpg 768w\" sizes=\"(max-width: 1054px) 100vw, 1054px\" \/><\/p>\n<p>&nbsp;<\/p>\n<p>Imperial 50<\/p>\n<p><img loading=\"lazy\" decoding=\"async\" class=\"alignnone wp-image-3075 size-full\" src=\"https:\/\/aflamo.shop\/wp-content\/uploads\/2023\/05\/imperial-50.jpg\" alt=\"Imperial 50\" width=\"1066\" height=\"555\" srcset=\"https:\/\/aflamo.shop\/wp-content\/uploads\/2023\/05\/imperial-50.jpg 1066w, https:\/\/aflamo.shop\/wp-content\/uploads\/2023\/05\/imperial-50-600x312.jpg 600w, https:\/\/aflamo.shop\/wp-content\/uploads\/2023\/05\/imperial-50-300x156.jpg 300w, https:\/\/aflamo.shop\/wp-content\/uploads\/2023\/05\/imperial-50-1024x533.jpg 1024w, https:\/\/aflamo.shop\/wp-content\/uploads\/2023\/05\/imperial-50-768x400.jpg 768w\" sizes=\"(max-width: 1066px) 100vw, 1066px\" \/><\/p>\n<p>&nbsp;<\/p>\n<p>Imperial 60<\/p>\n<p><img loading=\"lazy\" decoding=\"async\" class=\"alignnone wp-image-3081 size-full\" src=\"https:\/\/aflamo.shop\/wp-content\/uploads\/2023\/05\/imperial-60.jpg\" alt=\"Imperial 60\" width=\"1067\" height=\"493\" srcset=\"https:\/\/aflamo.shop\/wp-content\/uploads\/2023\/05\/imperial-60.jpg 1067w, https:\/\/aflamo.shop\/wp-content\/uploads\/2023\/05\/imperial-60-600x277.jpg 600w, https:\/\/aflamo.shop\/wp-content\/uploads\/2023\/05\/imperial-60-300x139.jpg 300w, https:\/\/aflamo.shop\/wp-content\/uploads\/2023\/05\/imperial-60-1024x473.jpg 1024w, https:\/\/aflamo.shop\/wp-content\/uploads\/2023\/05\/imperial-60-768x355.jpg 768w\" sizes=\"(max-width: 1067px) 100vw, 1067px\" \/><\/p>\n<p>&nbsp;<\/p>\n<p>Imperial 72<\/p>\n<p><img loading=\"lazy\" decoding=\"async\" class=\"alignnone wp-image-3087 size-full\" src=\"https:\/\/aflamo.shop\/wp-content\/uploads\/2023\/05\/imperial-72.jpg\" alt=\"Imperial 72\" width=\"1495\" height=\"618\" srcset=\"https:\/\/aflamo.shop\/wp-content\/uploads\/2023\/05\/imperial-72.jpg 1495w, https:\/\/aflamo.shop\/wp-content\/uploads\/2023\/05\/imperial-72-600x248.jpg 600w, https:\/\/aflamo.shop\/wp-content\/uploads\/2023\/05\/imperial-72-300x124.jpg 300w, https:\/\/aflamo.shop\/wp-content\/uploads\/2023\/05\/imperial-72-1024x423.jpg 1024w, https:\/\/aflamo.shop\/wp-content\/uploads\/2023\/05\/imperial-72-768x317.jpg 768w\" sizes=\"(max-width: 1495px) 100vw, 1495px\" \/><\/p>\n<p>&nbsp;<\/p>\n<div class=\"feature\">\n<p style=\"text-align: left;\">\n<\/div>\n","protected":false},"excerpt":{"rendered":"<p>Hersteller: Aflamo<\/p>\n<p>Elektrischer Kamin zum Einbau\/Wandmontage mit Heizfunktion.<\/p>\n<p><b>Modell:<\/b><\/p>\n<ul>\n<li><a href=\"https:\/\/aflamo.shop\/de\/p\/aflamo-imperial-36-einbau-wandkamin-mit-led-beleuchtung\/\">36<\/a><\/li>\n<li><a href=\"https:\/\/aflamo.shop\/de\/p\/aflamo-imperial-43-einbau-wandkamin-mit-led-beleuchtung\/\">43<\/a><\/li>\n<li><a href=\"https:\/\/aflamo.shop\/de\/p\/aflamo-imperial-50-einbau-wandkamin-mit-led-beleuchtung\/\">50<\/a><\/li>\n<li><a href=\"https:\/\/aflamo.shop\/de\/p\/aflamo-imperial-60-einbau-wandkamin-mit-led-beleuchtung\/\">60<\/a><\/li>\n<li><a href=\"https:\/\/aflamo.shop\/de\/p\/aflamo-imperial-72-einbau-wandkamin-mit-led-beleuchtung\/\">72<\/a><\/li>\n<\/ul>\n<p><a href=\"https:\/\/aflamo.shop\/wp-content\/uploads\/2023\/09\/Aflamo-IMPERIAL-EN-PL-DE-IT-ES-FR-CS-SK-NL-2.pdf\">Bedienungs- und Sicherheitshinweise<\/a><\/p>\n<p><b>Abmessungen<\/b>: 127 x 49 x 20 cm<\/p>\n","protected":false},"featured_media":16810,"comment_status":"closed","ping_status":"closed","template":"","meta":[],"product_brand":[],"product_cat":[799,879,801,800,804,803,802],"product_tag":[],"class_list":{"0":"post-16829","1":"product","2":"type-product","3":"status-publish","4":"has-post-thumbnail","6":"product_cat-aflamo-de","7":"product_cat-dreiseitige-led-elektrokamine","8":"product_cat-eingebaute-led-elektrokamine","9":"product_cat-elektrische-kamine","10":"product_cat-elektrische-kamine-zum-aufhangen-an-der-wand","11":"product_cat-elektrische-led-einsatze","12":"product_cat-led-elektrokamine-mit-heizfunktion","14":"first","15":"outofstock","16":"shipping-taxable","17":"purchasable","18":"product-type-simple"},"yoast_head":"<!-- This site is optimized with the Yoast SEO plugin v27.1.1 - https:\/\/yoast.com\/product\/yoast-seo-wordpress\/ -->\n<title>Aflamo Imperial 50 - Wand-\/Einbau-LED-Elektrokamin - aflamo.shop-zertifizierter aflamo-H\u00e4ndler<\/title>\n<meta name=\"description\" content=\"Elektrischer LED-Kamin Imperial \u2013 dreiseitiger Feuerraum, moderne Funktionen und Personalisierung. W\u00e4rme und Stil in Ihrem Zuhause.\" \/>\n<meta name=\"robots\" content=\"index, follow, max-snippet:-1, max-image-preview:large, max-video-preview:-1\" \/>\n<link rel=\"canonical\" href=\"https:\/\/aflamo.shop\/de\/p\/aflamo-imperial-50-wand-einbau-led-elektrokamin\/\" \/>\n<meta property=\"og:locale\" content=\"de_DE\" \/>\n<meta property=\"og:type\" content=\"article\" \/>\n<meta property=\"og:title\" content=\"Aflamo Imperial 50 - Wand-\/Einbau-LED-Elektrokamin - aflamo.shop-zertifizierter aflamo-H\u00e4ndler\" \/>\n<meta property=\"og:description\" content=\"Elektrischer LED-Kamin Imperial \u2013 dreiseitiger Feuerraum, moderne Funktionen und Personalisierung. W\u00e4rme und Stil in Ihrem Zuhause.\" \/>\n<meta property=\"og:url\" content=\"https:\/\/aflamo.shop\/de\/p\/aflamo-imperial-50-wand-einbau-led-elektrokamin\/\" \/>\n<meta property=\"og:site_name\" content=\"aflamo.shop-zertifizierter aflamo-H\u00e4ndler\" \/>\n<meta property=\"article:modified_time\" content=\"2025-05-15T12:37:22+00:00\" \/>\n<meta property=\"og:image\" content=\"https:\/\/aflamo.shop\/wp-content\/uploads\/2023\/05\/Imperial_front_logs_1.jpg\" \/>\n\t<meta property=\"og:image:width\" content=\"1024\" \/>\n\t<meta property=\"og:image:height\" content=\"1024\" \/>\n\t<meta property=\"og:image:type\" content=\"image\/jpeg\" \/>\n<meta name=\"twitter:card\" content=\"summary_large_image\" \/>\n<meta name=\"twitter:label1\" content=\"Gesch\u00e4tzte Lesezeit\" \/>\n\t<meta name=\"twitter:data1\" content=\"4\u00a0Minuten\" \/>\n<script type=\"application\/ld+json\" class=\"yoast-schema-graph\">{\"@context\":\"https:\/\/schema.org\",\"@graph\":[{\"@type\":\"WebPage\",\"@id\":\"https:\/\/aflamo.shop\/de\/p\/aflamo-imperial-50-wand-einbau-led-elektrokamin\/\",\"url\":\"https:\/\/aflamo.shop\/de\/p\/aflamo-imperial-50-wand-einbau-led-elektrokamin\/\",\"name\":\"Aflamo Imperial 50 - Wand-\/Einbau-LED-Elektrokamin - aflamo.shop-zertifizierter aflamo-H\u00e4ndler\",\"isPartOf\":{\"@id\":\"https:\/\/aflamo.shop\/de\/#website\"},\"primaryImageOfPage\":{\"@id\":\"https:\/\/aflamo.shop\/de\/p\/aflamo-imperial-50-wand-einbau-led-elektrokamin\/#primaryimage\"},\"image\":{\"@id\":\"https:\/\/aflamo.shop\/de\/p\/aflamo-imperial-50-wand-einbau-led-elektrokamin\/#primaryimage\"},\"thumbnailUrl\":\"https:\/\/aflamo.shop\/wp-content\/uploads\/2023\/05\/Imperial_front_logs_1.jpg\",\"datePublished\":\"2023-09-17T15:35:16+00:00\",\"dateModified\":\"2025-05-15T12:37:22+00:00\",\"description\":\"Elektrischer LED-Kamin Imperial \u2013 dreiseitiger Feuerraum, moderne Funktionen und Personalisierung. W\u00e4rme und Stil in Ihrem Zuhause.\",\"breadcrumb\":{\"@id\":\"https:\/\/aflamo.shop\/de\/p\/aflamo-imperial-50-wand-einbau-led-elektrokamin\/#breadcrumb\"},\"inLanguage\":\"de\",\"potentialAction\":[{\"@type\":\"ReadAction\",\"target\":[\"https:\/\/aflamo.shop\/de\/p\/aflamo-imperial-50-wand-einbau-led-elektrokamin\/\"]}]},{\"@type\":\"ImageObject\",\"inLanguage\":\"de\",\"@id\":\"https:\/\/aflamo.shop\/de\/p\/aflamo-imperial-50-wand-einbau-led-elektrokamin\/#primaryimage\",\"url\":\"https:\/\/aflamo.shop\/wp-content\/uploads\/2023\/05\/Imperial_front_logs_1.jpg\",\"contentUrl\":\"https:\/\/aflamo.shop\/wp-content\/uploads\/2023\/05\/Imperial_front_logs_1.jpg\",\"width\":1024,\"height\":1024},{\"@type\":\"BreadcrumbList\",\"@id\":\"https:\/\/aflamo.shop\/de\/p\/aflamo-imperial-50-wand-einbau-led-elektrokamin\/#breadcrumb\",\"itemListElement\":[{\"@type\":\"ListItem\",\"position\":1,\"name\":\"Strona g\u0142\u00f3wna\",\"item\":\"https:\/\/aflamo.shop\/de\/startseite\/\"},{\"@type\":\"ListItem\",\"position\":2,\"name\":\"Shop\",\"item\":\"https:\/\/aflamo.shop\/shop\/\"},{\"@type\":\"ListItem\",\"position\":3,\"name\":\"Elektrische Kamine\",\"item\":\"https:\/\/aflamo.shop\/de\/s\/elektrische-kamine\/\"},{\"@type\":\"ListItem\",\"position\":4,\"name\":\"Dreiseitige LED-Elektrokamine\",\"item\":\"https:\/\/aflamo.shop\/de\/s\/elektrische-kamine\/dreiseitige-led-elektrokamine\/\"},{\"@type\":\"ListItem\",\"position\":5,\"name\":\"Aflamo Imperial 50 &#8211; Wand-\/Einbau-LED-Elektrokamin\"}]},{\"@type\":\"WebSite\",\"@id\":\"https:\/\/aflamo.shop\/de\/#website\",\"url\":\"https:\/\/aflamo.shop\/de\/\",\"name\":\"aflamo.shop-zertifizierter aflamo-H\u00e4ndler\",\"description\":\"Kominki elektryczne Aflamo i Emotion Flame z funkcj\u0105 grzania\",\"potentialAction\":[{\"@type\":\"SearchAction\",\"target\":{\"@type\":\"EntryPoint\",\"urlTemplate\":\"https:\/\/aflamo.shop\/de\/?s={search_term_string}\"},\"query-input\":{\"@type\":\"PropertyValueSpecification\",\"valueRequired\":true,\"valueName\":\"search_term_string\"}}],\"inLanguage\":\"de\"}]}<\/script>\n<!-- \/ Yoast SEO plugin. -->","yoast_head_json":{"title":"Aflamo Imperial 50 - Wand-\/Einbau-LED-Elektrokamin - aflamo.shop-zertifizierter aflamo-H\u00e4ndler","description":"Elektrischer LED-Kamin Imperial \u2013 dreiseitiger Feuerraum, moderne Funktionen und Personalisierung. W\u00e4rme und Stil in Ihrem Zuhause.","robots":{"index":"index","follow":"follow","max-snippet":"max-snippet:-1","max-image-preview":"max-image-preview:large","max-video-preview":"max-video-preview:-1"},"canonical":"https:\/\/aflamo.shop\/de\/p\/aflamo-imperial-50-wand-einbau-led-elektrokamin\/","og_locale":"de_DE","og_type":"article","og_title":"Aflamo Imperial 50 - Wand-\/Einbau-LED-Elektrokamin - aflamo.shop-zertifizierter aflamo-H\u00e4ndler","og_description":"Elektrischer LED-Kamin Imperial \u2013 dreiseitiger Feuerraum, moderne Funktionen und Personalisierung. W\u00e4rme und Stil in Ihrem Zuhause.","og_url":"https:\/\/aflamo.shop\/de\/p\/aflamo-imperial-50-wand-einbau-led-elektrokamin\/","og_site_name":"aflamo.shop-zertifizierter aflamo-H\u00e4ndler","article_modified_time":"2025-05-15T12:37:22+00:00","og_image":[{"width":1024,"height":1024,"url":"https:\/\/aflamo.shop\/wp-content\/uploads\/2023\/05\/Imperial_front_logs_1.jpg","type":"image\/jpeg"}],"twitter_card":"summary_large_image","twitter_misc":{"Gesch\u00e4tzte Lesezeit":"4\u00a0Minuten"},"schema":{"@context":"https:\/\/schema.org","@graph":[{"@type":"WebPage","@id":"https:\/\/aflamo.shop\/de\/p\/aflamo-imperial-50-wand-einbau-led-elektrokamin\/","url":"https:\/\/aflamo.shop\/de\/p\/aflamo-imperial-50-wand-einbau-led-elektrokamin\/","name":"Aflamo Imperial 50 - Wand-\/Einbau-LED-Elektrokamin - aflamo.shop-zertifizierter aflamo-H\u00e4ndler","isPartOf":{"@id":"https:\/\/aflamo.shop\/de\/#website"},"primaryImageOfPage":{"@id":"https:\/\/aflamo.shop\/de\/p\/aflamo-imperial-50-wand-einbau-led-elektrokamin\/#primaryimage"},"image":{"@id":"https:\/\/aflamo.shop\/de\/p\/aflamo-imperial-50-wand-einbau-led-elektrokamin\/#primaryimage"},"thumbnailUrl":"https:\/\/aflamo.shop\/wp-content\/uploads\/2023\/05\/Imperial_front_logs_1.jpg","datePublished":"2023-09-17T15:35:16+00:00","dateModified":"2025-05-15T12:37:22+00:00","description":"Elektrischer LED-Kamin Imperial \u2013 dreiseitiger Feuerraum, moderne Funktionen und Personalisierung. W\u00e4rme und Stil in Ihrem Zuhause.","breadcrumb":{"@id":"https:\/\/aflamo.shop\/de\/p\/aflamo-imperial-50-wand-einbau-led-elektrokamin\/#breadcrumb"},"inLanguage":"de","potentialAction":[{"@type":"ReadAction","target":["https:\/\/aflamo.shop\/de\/p\/aflamo-imperial-50-wand-einbau-led-elektrokamin\/"]}]},{"@type":"ImageObject","inLanguage":"de","@id":"https:\/\/aflamo.shop\/de\/p\/aflamo-imperial-50-wand-einbau-led-elektrokamin\/#primaryimage","url":"https:\/\/aflamo.shop\/wp-content\/uploads\/2023\/05\/Imperial_front_logs_1.jpg","contentUrl":"https:\/\/aflamo.shop\/wp-content\/uploads\/2023\/05\/Imperial_front_logs_1.jpg","width":1024,"height":1024},{"@type":"BreadcrumbList","@id":"https:\/\/aflamo.shop\/de\/p\/aflamo-imperial-50-wand-einbau-led-elektrokamin\/#breadcrumb","itemListElement":[{"@type":"ListItem","position":1,"name":"Strona g\u0142\u00f3wna","item":"https:\/\/aflamo.shop\/de\/startseite\/"},{"@type":"ListItem","position":2,"name":"Shop","item":"https:\/\/aflamo.shop\/shop\/"},{"@type":"ListItem","position":3,"name":"Elektrische Kamine","item":"https:\/\/aflamo.shop\/de\/s\/elektrische-kamine\/"},{"@type":"ListItem","position":4,"name":"Dreiseitige LED-Elektrokamine","item":"https:\/\/aflamo.shop\/de\/s\/elektrische-kamine\/dreiseitige-led-elektrokamine\/"},{"@type":"ListItem","position":5,"name":"Aflamo Imperial 50 &#8211; Wand-\/Einbau-LED-Elektrokamin"}]},{"@type":"WebSite","@id":"https:\/\/aflamo.shop\/de\/#website","url":"https:\/\/aflamo.shop\/de\/","name":"aflamo.shop-zertifizierter aflamo-H\u00e4ndler","description":"Kominki elektryczne Aflamo i Emotion Flame z funkcj\u0105 grzania","potentialAction":[{"@type":"SearchAction","target":{"@type":"EntryPoint","urlTemplate":"https:\/\/aflamo.shop\/de\/?s={search_term_string}"},"query-input":{"@type":"PropertyValueSpecification","valueRequired":true,"valueName":"search_term_string"}}],"inLanguage":"de"}]}},"_links":{"self":[{"href":"https:\/\/aflamo.shop\/de\/wp-json\/wp\/v2\/product\/16829","targetHints":{"allow":["GET"]}}],"collection":[{"href":"https:\/\/aflamo.shop\/de\/wp-json\/wp\/v2\/product"}],"about":[{"href":"https:\/\/aflamo.shop\/de\/wp-json\/wp\/v2\/types\/product"}],"replies":[{"embeddable":true,"href":"https:\/\/aflamo.shop\/de\/wp-json\/wp\/v2\/comments?post=16829"}],"wp:featuredmedia":[{"embeddable":true,"href":"https:\/\/aflamo.shop\/de\/wp-json\/wp\/v2\/media\/16810"}],"wp:attachment":[{"href":"https:\/\/aflamo.shop\/de\/wp-json\/wp\/v2\/media?parent=16829"}],"wp:term":[{"taxonomy":"product_brand","embeddable":true,"href":"https:\/\/aflamo.shop\/de\/wp-json\/wp\/v2\/product_brand?post=16829"},{"taxonomy":"product_cat","embeddable":true,"href":"https:\/\/aflamo.shop\/de\/wp-json\/wp\/v2\/product_cat?post=16829"},{"taxonomy":"product_tag","embeddable":true,"href":"https:\/\/aflamo.shop\/de\/wp-json\/wp\/v2\/product_tag?post=16829"}],"curies":[{"name":"wp","href":"https:\/\/api.w.org\/{rel}","templated":true}]}}