{"id":16790,"date":"2023-09-17T18:43:01","date_gmt":"2023-09-17T18:43:01","guid":{"rendered":"https:\/\/aflamo.shop\/p\/aflamo-unique-166-wand-einbau-led-elektrokamin\/"},"modified":"2025-05-15T12:34:42","modified_gmt":"2025-05-15T12:34:42","slug":"aflamo-unique-166-wand-einbau-led-elektrokamin","status":"publish","type":"product","link":"https:\/\/aflamo.shop\/de\/p\/aflamo-unique-166-wand-einbau-led-elektrokamin\/","title":{"rendered":"Aflamo Unique 166 &#8211; Wand-\/Einbau-LED-Elektrokamin"},"content":{"rendered":"<p><iframe title=\"YouTube-Video-Player\" src=\"https:\/\/www.youtube.com\/embed\/5_aWbRuIkEU\" width=\"560\" height=\"315\" frameborder=\"0\" allowfullscreen=\"allowfullscreen\"><span style=\"display: inline-block; width: 0px; overflow: hidden; line-height: 0;\" data-mce-type=\"bookmark\" class=\"mce_SELRES_start\"><\/span><\/iframe><\/p>\n<h2><strong>Dreiseitiger LED-Elektrokamin Unique \u2013 Modernit\u00e4t, Design und Funktionalit\u00e4t<\/strong><\/h2>\n<p><strong>Der Elektrokamin Unique <\/strong>ist ein modernes Ger\u00e4t mit<strong> dreiseitigem Feuerraum<\/strong>, der es Ihnen erm\u00f6glicht, die Flammen aus drei verschiedenen Perspektiven zu bewundern. Dadurch wird es zum Mittelpunkt jedes Interieurs \u2013 es strahlt Licht, Bewegung und W\u00e4rme aus und schafft eine einzigartige Atmosph\u00e4re. <\/p>\n<p>Durch die dreiseitige Bauweise ist eine Montage des Kamins sowohl in einer Ecke als auch mittig an einer Wand m\u00f6glich. Die einzigartige Kombination aus Glas und Metall verleiht ihm Eleganz und futuristischen Charakter. <\/p>\n<h3><strong>Merkmale des einzigartigen dreiseitigen Elektrokamins<\/strong><\/h3>\n<h4><strong>Flammeneffekt<\/strong><\/h4>\n<ul>\n<li>6 Flammenfarben \u2013 vom klassischen Orange bis hin zu modernen, farbenfrohen Effekten.<\/li>\n<li>5 Helligkeitsstufen \u2013 passen Sie die Intensit\u00e4t Ihrer Stimmung an.<\/li>\n<li>Realistischer Feuereffekt \u2013 ganz ohne Holz oder Kamin.<\/li>\n<\/ul>\n<p><img fetchpriority=\"high\" decoding=\"async\" class=\"aligncenter\" src=\"https:\/\/aflamo.shop\/wp-content\/uploads\/2023\/09\/flames_2x3-1.jpg\" alt=\"Flammeneffekt im Unique Elektrokamin\" width=\"462\" height=\"354\"><\/p>\n<h4><strong>Beeindruckende Feuerstelle<\/strong><\/h4>\n<p>Sie k\u00f6nnen zwischen zwei Varianten w\u00e4hlen:<\/p>\n<ul>\n<li><strong>Keramikscheite <\/strong>\u2013 realistische Holznachbildung, in verschiedenen Formen erh\u00e4ltlich.<\/li>\n<li><strong>Dekorative Kristalle<\/strong> \u2013 f\u00fcr eine moderne, elegante Lichtwirkung.<\/li>\n<\/ul>\n<p><img decoding=\"async\" class=\"aligncenter\" src=\"https:\/\/aflamo.shop\/wp-content\/uploads\/2024\/06\/polana_krysztaly-e1603875138523.png\" alt=\"Kamin mit Holzscheiten und Kristallen\" width=\"413\" height=\"297\"><\/p>\n<h4><strong>Gr\u00f6\u00dfenvarianten<\/strong><\/h4>\n<p>Verf\u00fcgbare Kaminl\u00e4ngen:<strong> 107 cm, 127 cm, 153 cm, 165 cm, 183 cm<\/strong>. Dadurch l\u00e4sst es sich perfekt an jedes Interieur anpassen \u2013 vom kleinen Wohnzimmer bis zum gro\u00dfz\u00fcgigen Loft. <\/p>\n<p><img decoding=\"async\" class=\"aligncenter\" src=\"https:\/\/aflamo.shop\/wp-content\/uploads\/2023\/09\/unique_unique2.jpg\" alt=\"Visualisierung des Unique - Kamins\" width=\"492\" height=\"300\"><\/p>\n<h3><strong>Funktionen und Komfort<\/strong><\/h3>\n<ul>\n<li><strong>Mobile Anwendung <\/strong>\u2013 volle Kontrolle \u00fcber Smartphone (Android\/iOS).<\/li>\n<li><strong>Intuitive Benutzeroberfl\u00e4che<\/strong> \u2013 einfache Steuerung von Flamme, Temperatur, Licht.<\/li>\n<\/ul>\n<p><iframe title=\"Pr\u00e4sentation des Unique-Kamins\" src=\"https:\/\/www.youtube.com\/embed\/H9frj9fGZnY?si=YHNoy3_uQ_P_q10N\" width=\"560\" height=\"315\" frameborder=\"0\" allowfullscreen=\"allowfullscreen\"><\/iframe><br \/>\n<img loading=\"lazy\" decoding=\"async\" class=\"aligncenter\" src=\"https:\/\/aflamo.shop\/wp-content\/uploads\/2023\/09\/unique_app_unique.jpg\" alt=\"Mobile App f\u00fcr Kamine Unique\" width=\"492\" height=\"300\"><\/p>\n<div class=\"montaz-opis\">\n<h3>\ud83d\udee0\ufe0f <strong>Installationsmethoden<\/strong><\/h3>\n<ol>\n<li><strong>#1 Komplett in der Wand<\/strong> \u2013 ideal f\u00fcr den Einbau in eine Wand, Gipskartonplatte oder M\u00f6belplatte. M\u00f6glichkeit der Veredelung mit Fliesen, Paneelen, Putz \u2013 Ihrer Fantasie sind keine Grenzen gesetzt! <\/li>\n<li><strong>#2 Teilweise in der Wand.<\/strong><\/li>\n<li><strong>#3 An der Wand<\/strong> \u2013 Installation direkt an der Wand, keine Installation erforderlich. Schnell, einfach, effektiv. <\/li>\n<\/ol>\n<\/div>\n<h3><strong>Heizung und Sicherheit<\/strong><\/h3>\n<ul>\n<li><strong>Zwei Heizmodi:<\/strong> 750 W und 1500 W \u2013 perfekt f\u00fcr jede Jahreszeit.<\/li>\n<li><strong>Temperaturbereich<\/strong>: einstellbar von 18\u00b0C \u200b\u200bbis 30\u00b0C.<\/li>\n<li><strong>\u00dcberhitzungsschutz <\/strong>und Fenster-Offen-Sensor \u2013 f\u00fcr absolute Sicherheit.<\/li>\n<li><strong>Keine zus\u00e4tzliche Bel\u00fcftung erforderlich.<\/strong><\/li>\n<\/ul>\n<h3><strong>Bedienkomfort<\/strong><\/h3>\n<ul>\n<li><strong>Fernbedienung <\/strong>\u2013 Steuerung, ohne die Couch zu verlassen.<\/li>\n<li><strong>Timer und Wochenprogrammierer<\/strong> \u2013 Stellen Sie den Kamin nach Ihrem Tages- und Wochenrhythmus ein.<\/li>\n<\/ul>\n<h3><strong>Zusammenfassung \u2013 dreiseitiger Elektrokamin Unique<\/strong><\/h3>\n<p><strong>Der Unique-Kamin<\/strong> ist ein moderner, stilvoller und funktionaler <strong>dreiseitiger Elektrokamin<\/strong>, der perfekt in jedes Interieur passt. Seine innovativen Funktionen, sein elegantes Design und seine individuelle Gestaltung machen ihn zu mehr als nur Dekoration \u2013 er ist das wahre Herz des Zuhauses. <\/p>\n<p>Wenn Sie von der W\u00e4rme eines Kaminfeuers tr\u00e4umen, sich aber keine Gedanken \u00fcber Holz, Ru\u00df und Rauch machen m\u00f6chten, ist der <strong>dreiseitige Elektrokamin Unique <\/strong>die perfekte Wahl. Die Installation ist einfach, die Bedienung bequem und die Wirkung spektakul\u00e4r. <\/p>\n<h3><strong>Technische Zeichnungen<\/strong><\/h3>\n<p>&nbsp;<\/p>\n<ul>\n<li><strong>Einzigartig 90<\/strong><\/li>\n<\/ul>\n<p><img loading=\"lazy\" decoding=\"async\" class=\"aligncenter wp-image-12557 size-full\" src=\"https:\/\/aflamo.shop\/wp-content\/uploads\/2025\/01\/Unique_90.png\" alt=\"\" width=\"1215\" height=\"695\" srcset=\"https:\/\/aflamo.shop\/wp-content\/uploads\/2025\/01\/Unique_90.png 1215w, https:\/\/aflamo.shop\/wp-content\/uploads\/2025\/01\/Unique_90-600x343.png 600w, https:\/\/aflamo.shop\/wp-content\/uploads\/2025\/01\/Unique_90-300x172.png 300w, https:\/\/aflamo.shop\/wp-content\/uploads\/2025\/01\/Unique_90-1024x586.png 1024w, https:\/\/aflamo.shop\/wp-content\/uploads\/2025\/01\/Unique_90-768x439.png 768w\" sizes=\"(max-width: 1215px) 100vw, 1215px\" \/><\/p>\n<ul>\n<li><strong>Einzigartig 107<\/strong><\/li>\n<\/ul>\n<p><img loading=\"lazy\" decoding=\"async\" class=\"aligncenter wp-image-3230 size-full\" src=\"https:\/\/aflamo.shop\/wp-content\/uploads\/2023\/05\/unique-107-12.png\" alt=\"\" width=\"1026\" height=\"514\" srcset=\"https:\/\/aflamo.shop\/wp-content\/uploads\/2023\/05\/unique-107-12.png 1026w, https:\/\/aflamo.shop\/wp-content\/uploads\/2023\/05\/unique-107-12-600x301.png 600w, https:\/\/aflamo.shop\/wp-content\/uploads\/2023\/05\/unique-107-12-300x150.png 300w, https:\/\/aflamo.shop\/wp-content\/uploads\/2023\/05\/unique-107-12-1024x513.png 1024w, https:\/\/aflamo.shop\/wp-content\/uploads\/2023\/05\/unique-107-12-768x385.png 768w\" sizes=\"(max-width: 1026px) 100vw, 1026px\" \/><\/p>\n<ul>\n<li><strong>Einzigartig 127<\/strong><\/li>\n<\/ul>\n<p><img loading=\"lazy\" decoding=\"async\" class=\"aligncenter wp-image-3236 size-full\" src=\"https:\/\/aflamo.shop\/wp-content\/uploads\/2023\/05\/unique-127.png\" alt=\"\" width=\"1047\" height=\"497\" srcset=\"https:\/\/aflamo.shop\/wp-content\/uploads\/2023\/05\/unique-127.png 1047w, https:\/\/aflamo.shop\/wp-content\/uploads\/2023\/05\/unique-127-600x285.png 600w, https:\/\/aflamo.shop\/wp-content\/uploads\/2023\/05\/unique-127-300x142.png 300w, https:\/\/aflamo.shop\/wp-content\/uploads\/2023\/05\/unique-127-1024x486.png 1024w, https:\/\/aflamo.shop\/wp-content\/uploads\/2023\/05\/unique-127-768x365.png 768w\" sizes=\"(max-width: 1047px) 100vw, 1047px\" \/><\/p>\n<ul>\n<li><strong>Einzigartig 153<\/strong><\/li>\n<\/ul>\n<p><img loading=\"lazy\" decoding=\"async\" class=\"aligncenter wp-image-3242 size-full\" src=\"https:\/\/aflamo.shop\/wp-content\/uploads\/2023\/05\/unique-153.png\" alt=\"\" width=\"1560\" height=\"657\" srcset=\"https:\/\/aflamo.shop\/wp-content\/uploads\/2023\/05\/unique-153.png 1560w, https:\/\/aflamo.shop\/wp-content\/uploads\/2023\/05\/unique-153-600x253.png 600w, https:\/\/aflamo.shop\/wp-content\/uploads\/2023\/05\/unique-153-300x126.png 300w, https:\/\/aflamo.shop\/wp-content\/uploads\/2023\/05\/unique-153-1024x431.png 1024w, https:\/\/aflamo.shop\/wp-content\/uploads\/2023\/05\/unique-153-768x323.png 768w, https:\/\/aflamo.shop\/wp-content\/uploads\/2023\/05\/unique-153-1536x647.png 1536w\" sizes=\"(max-width: 1560px) 100vw, 1560px\" \/><\/p>\n<ul>\n<li><strong>Einzigartig 165<\/strong><\/li>\n<\/ul>\n<p><img loading=\"lazy\" decoding=\"async\" class=\"aligncenter wp-image-3248 size-full\" src=\"https:\/\/aflamo.shop\/wp-content\/uploads\/2023\/05\/unique-166.png\" alt=\"\" width=\"1563\" height=\"620\" srcset=\"https:\/\/aflamo.shop\/wp-content\/uploads\/2023\/05\/unique-166.png 1563w, https:\/\/aflamo.shop\/wp-content\/uploads\/2023\/05\/unique-166-600x238.png 600w, https:\/\/aflamo.shop\/wp-content\/uploads\/2023\/05\/unique-166-300x119.png 300w, https:\/\/aflamo.shop\/wp-content\/uploads\/2023\/05\/unique-166-1024x406.png 1024w, https:\/\/aflamo.shop\/wp-content\/uploads\/2023\/05\/unique-166-768x305.png 768w, https:\/\/aflamo.shop\/wp-content\/uploads\/2023\/05\/unique-166-1536x609.png 1536w\" sizes=\"(max-width: 1563px) 100vw, 1563px\" \/><\/p>\n<ul>\n<li><strong>Einzigartig 183<\/strong><\/li>\n<\/ul>\n<p><img loading=\"lazy\" decoding=\"async\" class=\"aligncenter wp-image-3254 size-full\" src=\"https:\/\/aflamo.shop\/wp-content\/uploads\/2023\/05\/unique-183-9.png\" alt=\"\" width=\"1611\" height=\"592\" srcset=\"https:\/\/aflamo.shop\/wp-content\/uploads\/2023\/05\/unique-183-9.png 1611w, https:\/\/aflamo.shop\/wp-content\/uploads\/2023\/05\/unique-183-9-600x220.png 600w, https:\/\/aflamo.shop\/wp-content\/uploads\/2023\/05\/unique-183-9-300x110.png 300w, https:\/\/aflamo.shop\/wp-content\/uploads\/2023\/05\/unique-183-9-1024x376.png 1024w, https:\/\/aflamo.shop\/wp-content\/uploads\/2023\/05\/unique-183-9-768x282.png 768w, https:\/\/aflamo.shop\/wp-content\/uploads\/2023\/05\/unique-183-9-1536x564.png 1536w\" sizes=\"(max-width: 1611px) 100vw, 1611px\" \/><\/p>\n<p>&nbsp;<\/p>\n","protected":false},"excerpt":{"rendered":"<p>Hersteller: Aflamo<\/p>\n<p>Elektrischer Kamin zum Einbau\/Wandmontage mit Heizfunktion.<\/p>\n<p><b>Modell:<\/b><\/p>\n<ul>\n<li><a href=\"https:\/\/aflamo.shop\/de\/p\/aflamo-unique-90-elektrischer-led-kamin-wand-einbau\/\">90<\/a><\/li>\n<li><a href=\"https:\/\/aflamo.shop\/de\/p\/aflamo-unique-107-elektrischer-led-kamin-wand-einbau\/\">107<\/a><\/li>\n<li><a href=\"https:\/\/aflamo.shop\/de\/p\/aflamo-unique-127-elektrischer-led-kamin-wand-einbau\/\">127<\/a><\/li>\n<\/ul>\n<ul>\n<li><a href=\"https:\/\/aflamo.shop\/de\/p\/aflamo-unique-153-elektrischer-led-kamin-wand-einbau\/\">153<\/a><\/li>\n<li><a href=\"https:\/\/aflamo.shop\/de\/p\/aflamo-unique-166-elektrischer-led-kamin-wand-einbau\/\">166<\/a><\/li>\n<li><a href=\"https:\/\/aflamo.shop\/de\/p\/aflamo-unique-183-elektrischer-led-kamin-wand-einbau\/\">183<\/a><\/li>\n<\/ul>\n<p><a href=\"https:\/\/aflamo.shop\/wp-content\/uploads\/2023\/09\/UNIQUE_TuyaAPP_EN-PL-DE-IT-ES-FR-CS-SK-NL.pdf\">Bedienungs- und Sicherheitshinweise<\/a><\/p>\n<p><b>Abmessungen<\/b>: 165 x 44 x 20 cm<\/p>\n","protected":false},"featured_media":20456,"comment_status":"open","ping_status":"closed","template":"","meta":[],"product_brand":[],"product_cat":[799,879,801,800,806,804,803,802],"product_tag":[807],"class_list":{"0":"post-16790","1":"product","2":"type-product","3":"status-publish","4":"has-post-thumbnail","6":"product_cat-aflamo-de","7":"product_cat-dreiseitige-led-elektrokamine","8":"product_cat-eingebaute-led-elektrokamine","9":"product_cat-elektrische-kamine","10":"product_cat-elektrische-kamine-mit-mobiler-app","11":"product_cat-elektrische-kamine-zum-aufhangen-an-der-wand","12":"product_cat-elektrische-led-einsatze","13":"product_cat-led-elektrokamine-mit-heizfunktion","14":"product_tag-max-de","16":"first","17":"instock","18":"shipping-taxable","19":"purchasable","20":"product-type-simple"},"yoast_head":"<!-- This site is optimized with the Yoast SEO plugin v27.1.1 - https:\/\/yoast.com\/product\/yoast-seo-wordpress\/ -->\n<title>Aflamo Unique 166 - Wand-\/Einbau-LED-Elektrokamin - aflamo.shop-zertifizierter aflamo-H\u00e4ndler<\/title>\n<meta name=\"description\" content=\"Einzigartiger Kamin \u2013 Stil, Funktionalit\u00e4t und W\u00e4rme. Flammenpersonalisierung, Heizfunktion und modernes Design \u2013 Feuerzauber ohne Komplikationen.\" \/>\n<meta name=\"robots\" content=\"index, follow, max-snippet:-1, max-image-preview:large, max-video-preview:-1\" \/>\n<link rel=\"canonical\" href=\"https:\/\/aflamo.shop\/de\/p\/aflamo-unique-166-wand-einbau-led-elektrokamin\/\" \/>\n<meta property=\"og:locale\" content=\"de_DE\" \/>\n<meta property=\"og:type\" content=\"article\" \/>\n<meta property=\"og:title\" content=\"Aflamo Unique 166 - Wand-\/Einbau-LED-Elektrokamin - aflamo.shop-zertifizierter aflamo-H\u00e4ndler\" \/>\n<meta property=\"og:description\" content=\"Einzigartiger Kamin \u2013 Stil, Funktionalit\u00e4t und W\u00e4rme. Flammenpersonalisierung, Heizfunktion und modernes Design \u2013 Feuerzauber ohne Komplikationen.\" \/>\n<meta property=\"og:url\" content=\"https:\/\/aflamo.shop\/de\/p\/aflamo-unique-166-wand-einbau-led-elektrokamin\/\" \/>\n<meta property=\"og:site_name\" content=\"aflamo.shop-zertifizierter aflamo-H\u00e4ndler\" \/>\n<meta property=\"article:modified_time\" content=\"2025-05-15T12:34:42+00:00\" \/>\n<meta property=\"og:image\" content=\"https:\/\/aflamo.shop\/wp-content\/uploads\/2025\/01\/Unique_ceramic_logs.jpg\" \/>\n\t<meta property=\"og:image:width\" content=\"2048\" \/>\n\t<meta property=\"og:image:height\" content=\"2048\" \/>\n\t<meta property=\"og:image:type\" content=\"image\/jpeg\" \/>\n<meta name=\"twitter:card\" content=\"summary_large_image\" \/>\n<meta name=\"twitter:label1\" content=\"Gesch\u00e4tzte Lesezeit\" \/>\n\t<meta name=\"twitter:data1\" content=\"5\u00a0Minuten\" \/>\n<script type=\"application\/ld+json\" class=\"yoast-schema-graph\">{\"@context\":\"https:\/\/schema.org\",\"@graph\":[{\"@type\":\"WebPage\",\"@id\":\"https:\/\/aflamo.shop\/de\/p\/aflamo-unique-166-wand-einbau-led-elektrokamin\/\",\"url\":\"https:\/\/aflamo.shop\/de\/p\/aflamo-unique-166-wand-einbau-led-elektrokamin\/\",\"name\":\"Aflamo Unique 166 - Wand-\/Einbau-LED-Elektrokamin - aflamo.shop-zertifizierter aflamo-H\u00e4ndler\",\"isPartOf\":{\"@id\":\"https:\/\/aflamo.shop\/de\/#website\"},\"primaryImageOfPage\":{\"@id\":\"https:\/\/aflamo.shop\/de\/p\/aflamo-unique-166-wand-einbau-led-elektrokamin\/#primaryimage\"},\"image\":{\"@id\":\"https:\/\/aflamo.shop\/de\/p\/aflamo-unique-166-wand-einbau-led-elektrokamin\/#primaryimage\"},\"thumbnailUrl\":\"https:\/\/aflamo.shop\/wp-content\/uploads\/2025\/01\/Unique_ceramic_logs.jpg\",\"datePublished\":\"2023-09-17T18:43:01+00:00\",\"dateModified\":\"2025-05-15T12:34:42+00:00\",\"description\":\"Einzigartiger Kamin \u2013 Stil, Funktionalit\u00e4t und W\u00e4rme. Flammenpersonalisierung, Heizfunktion und modernes Design \u2013 Feuerzauber ohne Komplikationen.\",\"breadcrumb\":{\"@id\":\"https:\/\/aflamo.shop\/de\/p\/aflamo-unique-166-wand-einbau-led-elektrokamin\/#breadcrumb\"},\"inLanguage\":\"de\",\"potentialAction\":[{\"@type\":\"ReadAction\",\"target\":[\"https:\/\/aflamo.shop\/de\/p\/aflamo-unique-166-wand-einbau-led-elektrokamin\/\"]}]},{\"@type\":\"ImageObject\",\"inLanguage\":\"de\",\"@id\":\"https:\/\/aflamo.shop\/de\/p\/aflamo-unique-166-wand-einbau-led-elektrokamin\/#primaryimage\",\"url\":\"https:\/\/aflamo.shop\/wp-content\/uploads\/2025\/01\/Unique_ceramic_logs.jpg\",\"contentUrl\":\"https:\/\/aflamo.shop\/wp-content\/uploads\/2025\/01\/Unique_ceramic_logs.jpg\",\"width\":2048,\"height\":2048},{\"@type\":\"BreadcrumbList\",\"@id\":\"https:\/\/aflamo.shop\/de\/p\/aflamo-unique-166-wand-einbau-led-elektrokamin\/#breadcrumb\",\"itemListElement\":[{\"@type\":\"ListItem\",\"position\":1,\"name\":\"Strona g\u0142\u00f3wna\",\"item\":\"https:\/\/aflamo.shop\/de\/startseite\/\"},{\"@type\":\"ListItem\",\"position\":2,\"name\":\"Shop\",\"item\":\"https:\/\/aflamo.shop\/shop\/\"},{\"@type\":\"ListItem\",\"position\":3,\"name\":\"Elektrische Kamine\",\"item\":\"https:\/\/aflamo.shop\/de\/s\/elektrische-kamine\/\"},{\"@type\":\"ListItem\",\"position\":4,\"name\":\"Dreiseitige LED-Elektrokamine\",\"item\":\"https:\/\/aflamo.shop\/de\/s\/elektrische-kamine\/dreiseitige-led-elektrokamine\/\"},{\"@type\":\"ListItem\",\"position\":5,\"name\":\"Aflamo Unique 166 &#8211; Wand-\/Einbau-LED-Elektrokamin\"}]},{\"@type\":\"WebSite\",\"@id\":\"https:\/\/aflamo.shop\/de\/#website\",\"url\":\"https:\/\/aflamo.shop\/de\/\",\"name\":\"aflamo.shop-zertifizierter aflamo-H\u00e4ndler\",\"description\":\"Kominki elektryczne Aflamo i Emotion Flame z funkcj\u0105 grzania\",\"potentialAction\":[{\"@type\":\"SearchAction\",\"target\":{\"@type\":\"EntryPoint\",\"urlTemplate\":\"https:\/\/aflamo.shop\/de\/?s={search_term_string}\"},\"query-input\":{\"@type\":\"PropertyValueSpecification\",\"valueRequired\":true,\"valueName\":\"search_term_string\"}}],\"inLanguage\":\"de\"}]}<\/script>\n<!-- \/ Yoast SEO plugin. -->","yoast_head_json":{"title":"Aflamo Unique 166 - Wand-\/Einbau-LED-Elektrokamin - aflamo.shop-zertifizierter aflamo-H\u00e4ndler","description":"Einzigartiger Kamin \u2013 Stil, Funktionalit\u00e4t und W\u00e4rme. Flammenpersonalisierung, Heizfunktion und modernes Design \u2013 Feuerzauber ohne Komplikationen.","robots":{"index":"index","follow":"follow","max-snippet":"max-snippet:-1","max-image-preview":"max-image-preview:large","max-video-preview":"max-video-preview:-1"},"canonical":"https:\/\/aflamo.shop\/de\/p\/aflamo-unique-166-wand-einbau-led-elektrokamin\/","og_locale":"de_DE","og_type":"article","og_title":"Aflamo Unique 166 - Wand-\/Einbau-LED-Elektrokamin - aflamo.shop-zertifizierter aflamo-H\u00e4ndler","og_description":"Einzigartiger Kamin \u2013 Stil, Funktionalit\u00e4t und W\u00e4rme. Flammenpersonalisierung, Heizfunktion und modernes Design \u2013 Feuerzauber ohne Komplikationen.","og_url":"https:\/\/aflamo.shop\/de\/p\/aflamo-unique-166-wand-einbau-led-elektrokamin\/","og_site_name":"aflamo.shop-zertifizierter aflamo-H\u00e4ndler","article_modified_time":"2025-05-15T12:34:42+00:00","og_image":[{"width":2048,"height":2048,"url":"https:\/\/aflamo.shop\/wp-content\/uploads\/2025\/01\/Unique_ceramic_logs.jpg","type":"image\/jpeg"}],"twitter_card":"summary_large_image","twitter_misc":{"Gesch\u00e4tzte Lesezeit":"5\u00a0Minuten"},"schema":{"@context":"https:\/\/schema.org","@graph":[{"@type":"WebPage","@id":"https:\/\/aflamo.shop\/de\/p\/aflamo-unique-166-wand-einbau-led-elektrokamin\/","url":"https:\/\/aflamo.shop\/de\/p\/aflamo-unique-166-wand-einbau-led-elektrokamin\/","name":"Aflamo Unique 166 - Wand-\/Einbau-LED-Elektrokamin - aflamo.shop-zertifizierter aflamo-H\u00e4ndler","isPartOf":{"@id":"https:\/\/aflamo.shop\/de\/#website"},"primaryImageOfPage":{"@id":"https:\/\/aflamo.shop\/de\/p\/aflamo-unique-166-wand-einbau-led-elektrokamin\/#primaryimage"},"image":{"@id":"https:\/\/aflamo.shop\/de\/p\/aflamo-unique-166-wand-einbau-led-elektrokamin\/#primaryimage"},"thumbnailUrl":"https:\/\/aflamo.shop\/wp-content\/uploads\/2025\/01\/Unique_ceramic_logs.jpg","datePublished":"2023-09-17T18:43:01+00:00","dateModified":"2025-05-15T12:34:42+00:00","description":"Einzigartiger Kamin \u2013 Stil, Funktionalit\u00e4t und W\u00e4rme. Flammenpersonalisierung, Heizfunktion und modernes Design \u2013 Feuerzauber ohne Komplikationen.","breadcrumb":{"@id":"https:\/\/aflamo.shop\/de\/p\/aflamo-unique-166-wand-einbau-led-elektrokamin\/#breadcrumb"},"inLanguage":"de","potentialAction":[{"@type":"ReadAction","target":["https:\/\/aflamo.shop\/de\/p\/aflamo-unique-166-wand-einbau-led-elektrokamin\/"]}]},{"@type":"ImageObject","inLanguage":"de","@id":"https:\/\/aflamo.shop\/de\/p\/aflamo-unique-166-wand-einbau-led-elektrokamin\/#primaryimage","url":"https:\/\/aflamo.shop\/wp-content\/uploads\/2025\/01\/Unique_ceramic_logs.jpg","contentUrl":"https:\/\/aflamo.shop\/wp-content\/uploads\/2025\/01\/Unique_ceramic_logs.jpg","width":2048,"height":2048},{"@type":"BreadcrumbList","@id":"https:\/\/aflamo.shop\/de\/p\/aflamo-unique-166-wand-einbau-led-elektrokamin\/#breadcrumb","itemListElement":[{"@type":"ListItem","position":1,"name":"Strona g\u0142\u00f3wna","item":"https:\/\/aflamo.shop\/de\/startseite\/"},{"@type":"ListItem","position":2,"name":"Shop","item":"https:\/\/aflamo.shop\/shop\/"},{"@type":"ListItem","position":3,"name":"Elektrische Kamine","item":"https:\/\/aflamo.shop\/de\/s\/elektrische-kamine\/"},{"@type":"ListItem","position":4,"name":"Dreiseitige LED-Elektrokamine","item":"https:\/\/aflamo.shop\/de\/s\/elektrische-kamine\/dreiseitige-led-elektrokamine\/"},{"@type":"ListItem","position":5,"name":"Aflamo Unique 166 &#8211; Wand-\/Einbau-LED-Elektrokamin"}]},{"@type":"WebSite","@id":"https:\/\/aflamo.shop\/de\/#website","url":"https:\/\/aflamo.shop\/de\/","name":"aflamo.shop-zertifizierter aflamo-H\u00e4ndler","description":"Kominki elektryczne Aflamo i Emotion Flame z funkcj\u0105 grzania","potentialAction":[{"@type":"SearchAction","target":{"@type":"EntryPoint","urlTemplate":"https:\/\/aflamo.shop\/de\/?s={search_term_string}"},"query-input":{"@type":"PropertyValueSpecification","valueRequired":true,"valueName":"search_term_string"}}],"inLanguage":"de"}]}},"_links":{"self":[{"href":"https:\/\/aflamo.shop\/de\/wp-json\/wp\/v2\/product\/16790","targetHints":{"allow":["GET"]}}],"collection":[{"href":"https:\/\/aflamo.shop\/de\/wp-json\/wp\/v2\/product"}],"about":[{"href":"https:\/\/aflamo.shop\/de\/wp-json\/wp\/v2\/types\/product"}],"replies":[{"embeddable":true,"href":"https:\/\/aflamo.shop\/de\/wp-json\/wp\/v2\/comments?post=16790"}],"wp:featuredmedia":[{"embeddable":true,"href":"https:\/\/aflamo.shop\/de\/wp-json\/wp\/v2\/media\/20456"}],"wp:attachment":[{"href":"https:\/\/aflamo.shop\/de\/wp-json\/wp\/v2\/media?parent=16790"}],"wp:term":[{"taxonomy":"product_brand","embeddable":true,"href":"https:\/\/aflamo.shop\/de\/wp-json\/wp\/v2\/product_brand?post=16790"},{"taxonomy":"product_cat","embeddable":true,"href":"https:\/\/aflamo.shop\/de\/wp-json\/wp\/v2\/product_cat?post=16790"},{"taxonomy":"product_tag","embeddable":true,"href":"https:\/\/aflamo.shop\/de\/wp-json\/wp\/v2\/product_tag?post=16790"}],"curies":[{"name":"wp","href":"https:\/\/api.w.org\/{rel}","templated":true}]}}