{"id":16775,"date":"2023-09-18T06:47:23","date_gmt":"2023-09-18T06:47:23","guid":{"rendered":"https:\/\/aflamo.shop\/p\/aflamo-pride-b-140-wand-einbau-led-elektrokamin-ohne-heizfunktion\/"},"modified":"2025-05-15T12:32:57","modified_gmt":"2025-05-15T12:32:57","slug":"aflamo-pride-b-140-wand-einbau-led-elektrokamin-ohne-heizfunktion","status":"publish","type":"product","link":"https:\/\/aflamo.shop\/de\/p\/aflamo-pride-b-140-wand-einbau-led-elektrokamin-ohne-heizfunktion\/","title":{"rendered":"Aflamo Pride B 140 &#8211; Wand-\/Einbau-LED-Elektrokamin ohne Heizfunktion"},"content":{"rendered":"<p><iframe title=\"YouTube-Video-Player\" src=\"https:\/\/www.youtube.com\/embed\/voY5_e4aL_4\" width=\"560\" height=\"315\" frameborder=\"0\" allowfullscreen=\"allowfullscreen\"><\/iframe><\/p>\n<h1><strong>Pride B<\/strong><\/h1>\n<p>Der LED-Wandkamin <strong>Pride B ohne Heizfunktion<\/strong> ist die Quintessenz modernen Designs und bringt die Eleganz und Atmosph\u00e4re eines echten Lagerfeuers in den Innenraum. Dank seines symmetrischen Rahmens f\u00fcgt sich der Kamin harmonisch in jeden Raum ein und verleiht ihm einen einzigartigen Charakter voller Ruhe und Klasse. <\/p>\n<p>&lt;h2<strong>Eigenschaften<\/strong>:&lt;\/h2<br \/>\n<strong>Flamme:<br \/>\n<\/strong>Der Kamin verf\u00fcgt \u00fcber:<\/p>\n<ul>\n<li><strong>3 Flammenfarben,<\/strong><\/li>\n<li><strong>5 Helligkeitsstufen,<\/strong><\/li>\n<li><strong>4 Flammengeschwindigkeiten<\/strong> geben Ihnen die volle Kontrolle \u00fcber den visuellen Effekt.<\/li>\n<\/ul>\n<p><img fetchpriority=\"high\" decoding=\"async\" class=\"aligncenter\" src=\"https:\/\/aflamo.shop\/wp-content\/uploads\/2023\/08\/flames_unique-nh.jpg\" alt=\"Pride B Kaminflamme\" width=\"506\" height=\"531\"><\/p>\n<h2>Ofen:<\/h2>\n<p>Das Set umfasst<strong> 3 Arten von Feuerstellen<\/strong>: Holzscheite, Kristalle und Steine, sodass Sie den Look w\u00e4hlen k\u00f6nnen, der am besten zu Ihrer Inneneinrichtung passt.<\/p>\n<p><img decoding=\"async\" class=\"aligncenter\" src=\"https:\/\/aflamo.shop\/wp-content\/uploads\/2023\/05\/palenisko-majestic.png\" alt=\"Pride B Kaminherd\" width=\"515\" height=\"538\"><\/p>\n<div class=\"montaz-opis\">\n<h3><strong>Installationsmethoden<\/strong><\/h3>\n<ol>\n<li><strong>#1 Komplett in der Wand<\/strong> \u2013 ideal f\u00fcr den Einbau in eine Wand, Gipskartonplatte oder M\u00f6belplatte. M\u00f6glichkeit der Veredelung mit Fliesen, Paneelen, Putz \u2013 Ihrer Fantasie sind keine Grenzen gesetzt! <\/li>\n<li><strong>#2 Teilweise in der Wand<\/strong><\/li>\n<li><strong>#3 An der Wand<\/strong> \u2013 Installation direkt an der Wand, keine Installation erforderlich. Schnell, einfach, effektiv. <\/li>\n<\/ol>\n<p>Der Kamin ben\u00f6tigt keine zus\u00e4tzliche Bel\u00fcftung.<\/p>\n<p><img decoding=\"async\" class=\"aligncenter wp-image-10612 size-full\" src=\"https:\/\/aflamo.shop\/wp-content\/uploads\/2024\/06\/MAJESTIC_PRO_aranzacja_1.jpg\" alt=\"\" width=\"2058\" height=\"1185\" srcset=\"https:\/\/aflamo.shop\/wp-content\/uploads\/2024\/06\/MAJESTIC_PRO_aranzacja_1.jpg 2058w, https:\/\/aflamo.shop\/wp-content\/uploads\/2024\/06\/MAJESTIC_PRO_aranzacja_1-600x345.jpg 600w, https:\/\/aflamo.shop\/wp-content\/uploads\/2024\/06\/MAJESTIC_PRO_aranzacja_1-300x173.jpg 300w, https:\/\/aflamo.shop\/wp-content\/uploads\/2024\/06\/MAJESTIC_PRO_aranzacja_1-1024x590.jpg 1024w, https:\/\/aflamo.shop\/wp-content\/uploads\/2024\/06\/MAJESTIC_PRO_aranzacja_1-768x442.jpg 768w, https:\/\/aflamo.shop\/wp-content\/uploads\/2024\/06\/MAJESTIC_PRO_aranzacja_1-1536x884.jpg 1536w, https:\/\/aflamo.shop\/wp-content\/uploads\/2024\/06\/MAJESTIC_PRO_aranzacja_1-2048x1179.jpg 2048w\" sizes=\"(max-width: 2058px) 100vw, 2058px\" \/><\/p>\n<\/div>\n<h2>Komfort und Bequemlichkeit:<\/h2>\n<p>Pride B ist die perfekte L\u00f6sung f\u00fcr Menschen, die Wert auf Entspannung legen. Der Kamin ben\u00f6tigt keine zus\u00e4tzliche Bel\u00fcftung, sodass Sie kein Fenster \u00f6ffnen und keine Au\u00dfenger\u00e4usche hereinlassen m\u00fcssen. Mit der Fernbedienung steuern Sie Ihren Kamin schnell und bequem.  <\/p>\n<p>Zusammenfassend ist <strong>der Kamin Pride B<\/strong> eine Kombination aus Eleganz, Modernit\u00e4t und Komfort. Drei Flammenfarben, vier Geschwindigkeitsstufen und f\u00fcnf Helligkeitsstufen erm\u00f6glichen eine vollst\u00e4ndige Personalisierung, w\u00e4hrend die Vielfalt der Feuerstellen daf\u00fcr sorgt, dass der Kamin in jedes Interieur passt. Es ist die ideale Wahl f\u00fcr Menschen, die das Vergn\u00fcgen der Flammen genie\u00dfen m\u00f6chten, ohne einen herk\u00f6mmlichen Kamin installieren zu m\u00fcssen.  <\/p>\n<h3>Technische Zeichnungen:<\/h3>\n<p><strong>Pride B 140<\/strong><br \/>\n<img loading=\"lazy\" decoding=\"async\" class=\"alignnone\" src=\"https:\/\/aflamo.shop\/wp-content\/uploads\/2023\/05\/Pride_B140-1.png\" alt=\"Pride B 140\" width=\"885\" height=\"504\"><\/p>\n<p><strong>Pride B 166<\/strong><br \/>\n<img loading=\"lazy\" decoding=\"async\" class=\"alignnone\" src=\"https:\/\/aflamo.shop\/wp-content\/uploads\/2023\/05\/Pride_B166-1.png\" alt=\"Pride B 166\" width=\"873\" height=\"460\"><\/p>\n<p><strong>Pride B 176<\/strong><br \/>\n<img loading=\"lazy\" decoding=\"async\" class=\"alignnone\" src=\"https:\/\/aflamo.shop\/wp-content\/uploads\/2023\/05\/Pride_B178-1.png\" alt=\"Pride B 176\" width=\"824\" height=\"431\"><\/p>\n<p>&nbsp;<\/p>\n","protected":false},"excerpt":{"rendered":"<p>Hersteller: Aflamo<\/p>\n<p>GETIN:5908283561742<\/p>\n<p>Elektrokamin zum Einbau\/Wandaufbau ohne Heizfunktion.<\/p>\n<p><b>Modell:<\/b><\/p>\n<ul>\n<li><a href=\"https:\/\/aflamo.shop\/de\/p\/aflamo-pride-b-140-wand-einbau-led-elektrokamin-ohne-heizfunktion\/\">140<\/a><\/li>\n<li><a href=\"https:\/\/aflamo.shop\/de\/p\/aflamo-pride-b-166-wand-einbau-led-elektrokamin-ohne-heizfunktion\/\">166<\/a><\/li>\n<li><a href=\"https:\/\/aflamo.shop\/de\/p\/aflamo-pride-b-178-wand-einbau-led-elektrokamin-ohne-heizfunktion\/\">178<\/a><\/li>\n<\/ul>\n<p><a href=\"https:\/\/aflamo.shop\/wp-content\/uploads\/2023\/09\/Pride_EN-PL-DE-IT-ES-FR-CS-SK-NL-12.pdf\">Bedienungs- und Sicherheitshinweise<\/a><\/p>\n<p><b>Abmessungen<\/b>: 140 x 55 x 13 cm<\/b><\/p>\n","protected":false},"featured_media":16669,"comment_status":"open","ping_status":"closed","template":"","meta":[],"product_brand":[],"product_cat":[799,801,800,804,803,984],"product_tag":[],"class_list":{"0":"post-16775","1":"product","2":"type-product","3":"status-publish","4":"has-post-thumbnail","6":"product_cat-aflamo-de","7":"product_cat-eingebaute-led-elektrokamine","8":"product_cat-elektrische-kamine","9":"product_cat-elektrische-kamine-zum-aufhangen-an-der-wand","10":"product_cat-elektrische-led-einsatze","11":"product_cat-led-elektrokamine-ohne-heizfunktion","13":"first","14":"instock","15":"shipping-taxable","16":"purchasable","17":"product-type-simple"},"yoast_head":"<!-- This site is optimized with the Yoast SEO plugin v27.1.1 - https:\/\/yoast.com\/product\/yoast-seo-wordpress\/ -->\n<title>Aflamo Pride B 140 - Wand-\/Einbau-LED-Elektrokamin ohne Heizfunktion - aflamo.shop-zertifizierter aflamo-H\u00e4ndler<\/title>\n<meta name=\"description\" content=\"Kamin Pride B \u2013 Eleganz und Modernit\u00e4t. Einstellen von Farbe, Helligkeit und Geschwindigkeit der Flamme, verschiedene Feuerstellen \u2013 perfekt f\u00fcr jedes Interieur.\" \/>\n<meta name=\"robots\" content=\"index, follow, max-snippet:-1, max-image-preview:large, max-video-preview:-1\" \/>\n<link rel=\"canonical\" href=\"https:\/\/aflamo.shop\/de\/p\/aflamo-pride-b-140-wand-einbau-led-elektrokamin-ohne-heizfunktion\/\" \/>\n<meta property=\"og:locale\" content=\"de_DE\" \/>\n<meta property=\"og:type\" content=\"article\" \/>\n<meta property=\"og:title\" content=\"Aflamo Pride B 140 - Wand-\/Einbau-LED-Elektrokamin ohne Heizfunktion - aflamo.shop-zertifizierter aflamo-H\u00e4ndler\" \/>\n<meta property=\"og:description\" content=\"Kamin Pride B \u2013 Eleganz und Modernit\u00e4t. Einstellen von Farbe, Helligkeit und Geschwindigkeit der Flamme, verschiedene Feuerstellen \u2013 perfekt f\u00fcr jedes Interieur.\" \/>\n<meta property=\"og:url\" content=\"https:\/\/aflamo.shop\/de\/p\/aflamo-pride-b-140-wand-einbau-led-elektrokamin-ohne-heizfunktion\/\" \/>\n<meta property=\"og:site_name\" content=\"aflamo.shop-zertifizierter aflamo-H\u00e4ndler\" \/>\n<meta property=\"article:modified_time\" content=\"2025-05-15T12:32:57+00:00\" \/>\n<meta property=\"og:image\" content=\"https:\/\/aflamo.shop\/wp-content\/uploads\/2023\/05\/pride-b178-5_sq-1.jpg\" \/>\n\t<meta property=\"og:image:width\" content=\"2248\" \/>\n\t<meta property=\"og:image:height\" content=\"2248\" \/>\n\t<meta property=\"og:image:type\" content=\"image\/jpeg\" \/>\n<meta name=\"twitter:card\" content=\"summary_large_image\" \/>\n<meta name=\"twitter:label1\" content=\"Gesch\u00e4tzte Lesezeit\" \/>\n\t<meta name=\"twitter:data1\" content=\"3\u00a0Minuten\" \/>\n<script type=\"application\/ld+json\" class=\"yoast-schema-graph\">{\"@context\":\"https:\/\/schema.org\",\"@graph\":[{\"@type\":\"WebPage\",\"@id\":\"https:\/\/aflamo.shop\/de\/p\/aflamo-pride-b-140-wand-einbau-led-elektrokamin-ohne-heizfunktion\/\",\"url\":\"https:\/\/aflamo.shop\/de\/p\/aflamo-pride-b-140-wand-einbau-led-elektrokamin-ohne-heizfunktion\/\",\"name\":\"Aflamo Pride B 140 - Wand-\/Einbau-LED-Elektrokamin ohne Heizfunktion - aflamo.shop-zertifizierter aflamo-H\u00e4ndler\",\"isPartOf\":{\"@id\":\"https:\/\/aflamo.shop\/de\/#website\"},\"primaryImageOfPage\":{\"@id\":\"https:\/\/aflamo.shop\/de\/p\/aflamo-pride-b-140-wand-einbau-led-elektrokamin-ohne-heizfunktion\/#primaryimage\"},\"image\":{\"@id\":\"https:\/\/aflamo.shop\/de\/p\/aflamo-pride-b-140-wand-einbau-led-elektrokamin-ohne-heizfunktion\/#primaryimage\"},\"thumbnailUrl\":\"https:\/\/aflamo.shop\/wp-content\/uploads\/2023\/05\/pride-b178-5_sq-1.jpg\",\"datePublished\":\"2023-09-18T06:47:23+00:00\",\"dateModified\":\"2025-05-15T12:32:57+00:00\",\"description\":\"Kamin Pride B \u2013 Eleganz und Modernit\u00e4t. Einstellen von Farbe, Helligkeit und Geschwindigkeit der Flamme, verschiedene Feuerstellen \u2013 perfekt f\u00fcr jedes Interieur.\",\"breadcrumb\":{\"@id\":\"https:\/\/aflamo.shop\/de\/p\/aflamo-pride-b-140-wand-einbau-led-elektrokamin-ohne-heizfunktion\/#breadcrumb\"},\"inLanguage\":\"de\",\"potentialAction\":[{\"@type\":\"ReadAction\",\"target\":[\"https:\/\/aflamo.shop\/de\/p\/aflamo-pride-b-140-wand-einbau-led-elektrokamin-ohne-heizfunktion\/\"]}]},{\"@type\":\"ImageObject\",\"inLanguage\":\"de\",\"@id\":\"https:\/\/aflamo.shop\/de\/p\/aflamo-pride-b-140-wand-einbau-led-elektrokamin-ohne-heizfunktion\/#primaryimage\",\"url\":\"https:\/\/aflamo.shop\/wp-content\/uploads\/2023\/05\/pride-b178-5_sq-1.jpg\",\"contentUrl\":\"https:\/\/aflamo.shop\/wp-content\/uploads\/2023\/05\/pride-b178-5_sq-1.jpg\",\"width\":2248,\"height\":2248},{\"@type\":\"BreadcrumbList\",\"@id\":\"https:\/\/aflamo.shop\/de\/p\/aflamo-pride-b-140-wand-einbau-led-elektrokamin-ohne-heizfunktion\/#breadcrumb\",\"itemListElement\":[{\"@type\":\"ListItem\",\"position\":1,\"name\":\"Strona g\u0142\u00f3wna\",\"item\":\"https:\/\/aflamo.shop\/de\/startseite\/\"},{\"@type\":\"ListItem\",\"position\":2,\"name\":\"Shop\",\"item\":\"https:\/\/aflamo.shop\/shop\/\"},{\"@type\":\"ListItem\",\"position\":3,\"name\":\"Elektrische Kamine\",\"item\":\"https:\/\/aflamo.shop\/de\/s\/elektrische-kamine\/\"},{\"@type\":\"ListItem\",\"position\":4,\"name\":\"Eingebaute LED-Elektrokamine\",\"item\":\"https:\/\/aflamo.shop\/de\/s\/elektrische-kamine\/eingebaute-led-elektrokamine\/\"},{\"@type\":\"ListItem\",\"position\":5,\"name\":\"Aflamo Pride B 140 &#8211; Wand-\/Einbau-LED-Elektrokamin ohne Heizfunktion\"}]},{\"@type\":\"WebSite\",\"@id\":\"https:\/\/aflamo.shop\/de\/#website\",\"url\":\"https:\/\/aflamo.shop\/de\/\",\"name\":\"aflamo.shop-zertifizierter aflamo-H\u00e4ndler\",\"description\":\"Kominki elektryczne Aflamo i Emotion Flame z funkcj\u0105 grzania\",\"potentialAction\":[{\"@type\":\"SearchAction\",\"target\":{\"@type\":\"EntryPoint\",\"urlTemplate\":\"https:\/\/aflamo.shop\/de\/?s={search_term_string}\"},\"query-input\":{\"@type\":\"PropertyValueSpecification\",\"valueRequired\":true,\"valueName\":\"search_term_string\"}}],\"inLanguage\":\"de\"}]}<\/script>\n<!-- \/ Yoast SEO plugin. -->","yoast_head_json":{"title":"Aflamo Pride B 140 - Wand-\/Einbau-LED-Elektrokamin ohne Heizfunktion - aflamo.shop-zertifizierter aflamo-H\u00e4ndler","description":"Kamin Pride B \u2013 Eleganz und Modernit\u00e4t. Einstellen von Farbe, Helligkeit und Geschwindigkeit der Flamme, verschiedene Feuerstellen \u2013 perfekt f\u00fcr jedes Interieur.","robots":{"index":"index","follow":"follow","max-snippet":"max-snippet:-1","max-image-preview":"max-image-preview:large","max-video-preview":"max-video-preview:-1"},"canonical":"https:\/\/aflamo.shop\/de\/p\/aflamo-pride-b-140-wand-einbau-led-elektrokamin-ohne-heizfunktion\/","og_locale":"de_DE","og_type":"article","og_title":"Aflamo Pride B 140 - Wand-\/Einbau-LED-Elektrokamin ohne Heizfunktion - aflamo.shop-zertifizierter aflamo-H\u00e4ndler","og_description":"Kamin Pride B \u2013 Eleganz und Modernit\u00e4t. Einstellen von Farbe, Helligkeit und Geschwindigkeit der Flamme, verschiedene Feuerstellen \u2013 perfekt f\u00fcr jedes Interieur.","og_url":"https:\/\/aflamo.shop\/de\/p\/aflamo-pride-b-140-wand-einbau-led-elektrokamin-ohne-heizfunktion\/","og_site_name":"aflamo.shop-zertifizierter aflamo-H\u00e4ndler","article_modified_time":"2025-05-15T12:32:57+00:00","og_image":[{"width":2248,"height":2248,"url":"https:\/\/aflamo.shop\/wp-content\/uploads\/2023\/05\/pride-b178-5_sq-1.jpg","type":"image\/jpeg"}],"twitter_card":"summary_large_image","twitter_misc":{"Gesch\u00e4tzte Lesezeit":"3\u00a0Minuten"},"schema":{"@context":"https:\/\/schema.org","@graph":[{"@type":"WebPage","@id":"https:\/\/aflamo.shop\/de\/p\/aflamo-pride-b-140-wand-einbau-led-elektrokamin-ohne-heizfunktion\/","url":"https:\/\/aflamo.shop\/de\/p\/aflamo-pride-b-140-wand-einbau-led-elektrokamin-ohne-heizfunktion\/","name":"Aflamo Pride B 140 - Wand-\/Einbau-LED-Elektrokamin ohne Heizfunktion - aflamo.shop-zertifizierter aflamo-H\u00e4ndler","isPartOf":{"@id":"https:\/\/aflamo.shop\/de\/#website"},"primaryImageOfPage":{"@id":"https:\/\/aflamo.shop\/de\/p\/aflamo-pride-b-140-wand-einbau-led-elektrokamin-ohne-heizfunktion\/#primaryimage"},"image":{"@id":"https:\/\/aflamo.shop\/de\/p\/aflamo-pride-b-140-wand-einbau-led-elektrokamin-ohne-heizfunktion\/#primaryimage"},"thumbnailUrl":"https:\/\/aflamo.shop\/wp-content\/uploads\/2023\/05\/pride-b178-5_sq-1.jpg","datePublished":"2023-09-18T06:47:23+00:00","dateModified":"2025-05-15T12:32:57+00:00","description":"Kamin Pride B \u2013 Eleganz und Modernit\u00e4t. Einstellen von Farbe, Helligkeit und Geschwindigkeit der Flamme, verschiedene Feuerstellen \u2013 perfekt f\u00fcr jedes Interieur.","breadcrumb":{"@id":"https:\/\/aflamo.shop\/de\/p\/aflamo-pride-b-140-wand-einbau-led-elektrokamin-ohne-heizfunktion\/#breadcrumb"},"inLanguage":"de","potentialAction":[{"@type":"ReadAction","target":["https:\/\/aflamo.shop\/de\/p\/aflamo-pride-b-140-wand-einbau-led-elektrokamin-ohne-heizfunktion\/"]}]},{"@type":"ImageObject","inLanguage":"de","@id":"https:\/\/aflamo.shop\/de\/p\/aflamo-pride-b-140-wand-einbau-led-elektrokamin-ohne-heizfunktion\/#primaryimage","url":"https:\/\/aflamo.shop\/wp-content\/uploads\/2023\/05\/pride-b178-5_sq-1.jpg","contentUrl":"https:\/\/aflamo.shop\/wp-content\/uploads\/2023\/05\/pride-b178-5_sq-1.jpg","width":2248,"height":2248},{"@type":"BreadcrumbList","@id":"https:\/\/aflamo.shop\/de\/p\/aflamo-pride-b-140-wand-einbau-led-elektrokamin-ohne-heizfunktion\/#breadcrumb","itemListElement":[{"@type":"ListItem","position":1,"name":"Strona g\u0142\u00f3wna","item":"https:\/\/aflamo.shop\/de\/startseite\/"},{"@type":"ListItem","position":2,"name":"Shop","item":"https:\/\/aflamo.shop\/shop\/"},{"@type":"ListItem","position":3,"name":"Elektrische Kamine","item":"https:\/\/aflamo.shop\/de\/s\/elektrische-kamine\/"},{"@type":"ListItem","position":4,"name":"Eingebaute LED-Elektrokamine","item":"https:\/\/aflamo.shop\/de\/s\/elektrische-kamine\/eingebaute-led-elektrokamine\/"},{"@type":"ListItem","position":5,"name":"Aflamo Pride B 140 &#8211; Wand-\/Einbau-LED-Elektrokamin ohne Heizfunktion"}]},{"@type":"WebSite","@id":"https:\/\/aflamo.shop\/de\/#website","url":"https:\/\/aflamo.shop\/de\/","name":"aflamo.shop-zertifizierter aflamo-H\u00e4ndler","description":"Kominki elektryczne Aflamo i Emotion Flame z funkcj\u0105 grzania","potentialAction":[{"@type":"SearchAction","target":{"@type":"EntryPoint","urlTemplate":"https:\/\/aflamo.shop\/de\/?s={search_term_string}"},"query-input":{"@type":"PropertyValueSpecification","valueRequired":true,"valueName":"search_term_string"}}],"inLanguage":"de"}]}},"_links":{"self":[{"href":"https:\/\/aflamo.shop\/de\/wp-json\/wp\/v2\/product\/16775","targetHints":{"allow":["GET"]}}],"collection":[{"href":"https:\/\/aflamo.shop\/de\/wp-json\/wp\/v2\/product"}],"about":[{"href":"https:\/\/aflamo.shop\/de\/wp-json\/wp\/v2\/types\/product"}],"replies":[{"embeddable":true,"href":"https:\/\/aflamo.shop\/de\/wp-json\/wp\/v2\/comments?post=16775"}],"wp:featuredmedia":[{"embeddable":true,"href":"https:\/\/aflamo.shop\/de\/wp-json\/wp\/v2\/media\/16669"}],"wp:attachment":[{"href":"https:\/\/aflamo.shop\/de\/wp-json\/wp\/v2\/media?parent=16775"}],"wp:term":[{"taxonomy":"product_brand","embeddable":true,"href":"https:\/\/aflamo.shop\/de\/wp-json\/wp\/v2\/product_brand?post=16775"},{"taxonomy":"product_cat","embeddable":true,"href":"https:\/\/aflamo.shop\/de\/wp-json\/wp\/v2\/product_cat?post=16775"},{"taxonomy":"product_tag","embeddable":true,"href":"https:\/\/aflamo.shop\/de\/wp-json\/wp\/v2\/product_tag?post=16775"}],"curies":[{"name":"wp","href":"https:\/\/api.w.org\/{rel}","templated":true}]}}