{"id":16584,"date":"2023-09-18T07:10:00","date_gmt":"2023-09-18T07:10:00","guid":{"rendered":"https:\/\/aflamo.shop\/p\/aflamo-diamond-183-einbau-elektrokamin-mit-led\/"},"modified":"2025-05-15T12:29:14","modified_gmt":"2025-05-15T12:29:14","slug":"aflamo-diamond-183-einbau-elektrokamin-mit-led","status":"publish","type":"product","link":"https:\/\/aflamo.shop\/de\/p\/aflamo-diamond-183-einbau-elektrokamin-mit-led\/","title":{"rendered":"Aflamo Diamond 183 &#8211; Einbau-Elektrokamin mit LED"},"content":{"rendered":"<p><iframe title=\"YouTube-Video-Player\" src=\"https:\/\/www.youtube.com\/embed\/dUqi2OBJZIg\" width=\"560\" height=\"315\" frameborder=\"0\" allowfullscreen=\"allowfullscreen\"><span data-mce-type=\"bookmark\" style=\"display: inline-block; width: 0px; overflow: hidden; line-height: 0;\" class=\"mce_SELRES_start\"><\/span><\/iframe><\/p>\n<h2><strong>Diamond LED Elektrokamin \u2013 Modernit\u00e4t, tiefer Feuerraum und volle Funktionalit\u00e4t<\/strong><\/h2>\n<p><strong>Diamond <\/strong>ist ein eleganter Kamin mit einer tiefen Feuerkammer, der zum Mittelpunkt jedes Interieurs werden soll. Dank seines abnehmbaren Rahmens kann es vollst\u00e4ndig in die Wand eingelassen werden, wodurch ein rahmenloser, minimalistischer Look entsteht. Es ist eine perfekte Kombination aus innovativen Technologien, \u00c4sthetik und Funktionalit\u00e4t, die <strong>Diamond <\/strong>zur perfekten Wahl f\u00fcr alle macht, die Wert auf Eleganz und Komfort legen.  <\/p>\n<h3><strong>Merkmale:<\/strong><\/h3>\n<h4><strong>Flamme<\/strong><\/h4>\n<ul>\n<li>Durch die M\u00f6glichkeit, aus 3 Flammenfarben zu w\u00e4hlen, k\u00f6nnen Sie die Atmosph\u00e4re des Innenraums anpassen \u2013 von klassischen, warmen T\u00f6nen bis hin zu moderneren, ausdrucksstarken Lichteffekten.<\/li>\n<li>Mit 3 Flammengeschwindigkeitsstufen k\u00f6nnen Sie die Dynamik des Effekts steuern und die Flammenbewegung an Ihre bevorzugte Stimmung anpassen \u2013 ruhige Entspannung oder intensivere Empfindungen.<\/li>\n<\/ul>\n<p><img fetchpriority=\"high\" decoding=\"async\" class=\"aligncenter wp-image-2842 size-full\" src=\"https:\/\/aflamo.shop\/wp-content\/uploads\/2023\/05\/plomien-majestic.png\" alt=\"\" width=\"510\" height=\"533\" srcset=\"https:\/\/aflamo.shop\/wp-content\/uploads\/2023\/05\/plomien-majestic.png 510w, https:\/\/aflamo.shop\/wp-content\/uploads\/2023\/05\/plomien-majestic-287x300.png 287w\" sizes=\"(max-width: 510px) 100vw, 510px\" \/><\/p>\n<h4><strong>Beeindruckende Feuerstelle<\/strong><\/h4>\n<p>F\u00fcr den <strong>Diamond<\/strong>-Kamin stehen zwei Feuerraumtypen zur Auswahl: Keramikscheite, die echtes Holz imitieren, oder elegante Kristalle, die den Innenraum mit einem einzigartigen Schein erhellen. Dar\u00fcber hinaus haben Sie dank der 10 Farben der Feuerraumbeleuchtung die volle Kontrolle \u00fcber die optische Wirkung des Kamins. <\/p>\n<p><img decoding=\"async\" class=\"aligncenter wp-image-10691 size-full\" src=\"https:\/\/aflamo.shop\/wp-content\/uploads\/2024\/06\/polana_krysztaly-e1603875138523.png\" alt=\"\" width=\"413\" height=\"297\" srcset=\"https:\/\/aflamo.shop\/wp-content\/uploads\/2024\/06\/polana_krysztaly-e1603875138523.png 413w, https:\/\/aflamo.shop\/wp-content\/uploads\/2024\/06\/polana_krysztaly-e1603875138523-300x216.png 300w\" sizes=\"(max-width: 413px) 100vw, 413px\" \/><\/p>\n<h4><strong>Viele Gr\u00f6\u00dfenvarianten<\/strong><\/h4>\n<p>Diamond ist in mehreren Gr\u00f6\u00dfen erh\u00e4ltlich:<strong> 115 cm, 128 cm, 153 cm, 165 cm, 183 cm<\/strong>, wodurch der Kamin perfekt in jedes Interieur und jeden Raum passt. Unabh\u00e4ngig von der Gr\u00f6\u00dfe des Raumes bietet dieser Kamin eine elegante Optik und hervorragende Funktionalit\u00e4t. <\/p>\n<p><img decoding=\"async\" class=\"aligncenter wp-image-11042 size-full\" src=\"https:\/\/aflamo.shop\/wp-content\/uploads\/2023\/09\/unique_diamond2.jpg\" alt=\"\" width=\"492\" height=\"300\" srcset=\"https:\/\/aflamo.shop\/wp-content\/uploads\/2023\/09\/unique_diamond2.jpg 492w, https:\/\/aflamo.shop\/wp-content\/uploads\/2023\/09\/unique_diamond2-300x183.jpg 300w\" sizes=\"(max-width: 492px) 100vw, 492px\" \/><\/p>\n<h3><strong>Funktionen und Komfort<\/strong><\/h3>\n<ul>\n<li style=\"list-style-type: none;\">\n<ul>\n<li><strong>Mobile Anwendung:<\/strong><\/li>\n<\/ul>\n<\/li>\n<\/ul>\n<p><iframe title=\"YouTube-Video-Player\" src=\"https:\/\/www.youtube.com\/embed\/H9frj9fGZnY?si=YHNoy3_uQ_P_q10N\" width=\"560\" height=\"315\" frameborder=\"0\" allowfullscreen=\"allowfullscreen\"><\/iframe><\/p>\n<p>Volle Kontrolle \u00fcber Ihren Kamin von Ihrem Smartphone aus. Dank der f\u00fcr Android und iOS verf\u00fcgbaren Anwendung k\u00f6nnen Sie Flamme, Helligkeit und Beleuchtung der Feuerstelle regulieren, egal wo Sie sich befinden.<br \/>\n<img loading=\"lazy\" decoding=\"async\" class=\"aligncenter wp-image-3370 size-full\" src=\"https:\/\/aflamo.shop\/wp-content\/uploads\/2023\/05\/unique_app_diamond.jpg\" alt=\"\" width=\"492\" height=\"300\" srcset=\"https:\/\/aflamo.shop\/wp-content\/uploads\/2023\/05\/unique_app_diamond.jpg 492w, https:\/\/aflamo.shop\/wp-content\/uploads\/2023\/05\/unique_app_diamond-300x183.jpg 300w\" sizes=\"(max-width: 492px) 100vw, 492px\" \/><\/p>\n<h3><strong>Installationsmethoden<\/strong><\/h3>\n<div class=\"montaz-opis\">\n<ol>\n<li style=\"list-style-type: none;\">\n<ol>\n<li><strong>Wandmontage <\/strong>\u2013 Einbau in Gipskarton, M\u00f6belbauplatten oder Ziegel m\u00f6glich. Die Oberfl\u00e4che k\u00f6nnen Sie individuell w\u00e4hlen: Fliesen, Platten, Architekturbeton\u2026 <\/li>\n<\/ol>\n<\/li>\n<\/ol>\n<p><img loading=\"lazy\" decoding=\"async\" class=\"aligncenter wp-image-3466 size-full\" src=\"https:\/\/aflamo.shop\/wp-content\/uploads\/2023\/05\/Diamond_B.jpg\" alt=\"\" width=\"2048\" height=\"1365\" srcset=\"https:\/\/aflamo.shop\/wp-content\/uploads\/2023\/05\/Diamond_B.jpg 2048w, https:\/\/aflamo.shop\/wp-content\/uploads\/2023\/05\/Diamond_B-600x400.jpg 600w, https:\/\/aflamo.shop\/wp-content\/uploads\/2023\/05\/Diamond_B-300x200.jpg 300w, https:\/\/aflamo.shop\/wp-content\/uploads\/2023\/05\/Diamond_B-1024x683.jpg 1024w, https:\/\/aflamo.shop\/wp-content\/uploads\/2023\/05\/Diamond_B-768x512.jpg 768w, https:\/\/aflamo.shop\/wp-content\/uploads\/2023\/05\/Diamond_B-1536x1024.jpg 1536w\" sizes=\"(max-width: 2048px) 100vw, 2048px\" \/><\/p>\n<h3><strong>Heizung und Sicherheit<\/strong><\/h3>\n<ul>\n<li><strong>Heizfunktion<\/strong>: Der Kamin Diamond verf\u00fcgt \u00fcber zwei Heizleistungsstufen (750W und 1500W), dank denen Sie die W\u00e4rmeintensit\u00e4t Ihren Bed\u00fcrfnissen anpassen k\u00f6nnen. Sie k\u00f6nnen den Kamin auch ohne eingeschaltete Heizung nutzen und so das ganze Jahr \u00fcber den Anblick der Flammen genie\u00dfen. <\/li>\n<li><strong>Erweiterte Sicherheitsfunktionen:<\/strong> Integrierte Sicherheitsfunktionen wie ein \u00dcberhitzungsschutz und ein Fenster-offen-Sensor sorgen f\u00fcr eine sichere Nutzung, indem sie die Heizung bei Bedarf abschalten.<\/li>\n<li><strong>Thermische Effizienz:<\/strong> Die innovative W\u00e4rmeblasfunktion erm\u00f6glicht eine schnelle Erw\u00e4rmung des Raumes, w\u00e4hrend der Thermostat eine stabile und angenehme Temperatur zwischen 18 \u00b0C und 30 \u00b0C aufrechterh\u00e4lt.<\/li>\n<\/ul>\n<h3><strong>Komfort und Bequemlichkeit<\/strong><\/h3>\n<ul>\n<li><strong>Fernbedienung<\/strong>: Im Set ist eine Fernbedienung enthalten, die die volle Kontrolle \u00fcber den Kamin erm\u00f6glicht, ohne dass man sich dem Ger\u00e4t n\u00e4hern muss.<\/li>\n<li><strong>Wochentimer und -programmierer:<\/strong> M\u00f6glichkeit, den Kamin so zu programmieren, dass er sich f\u00fcr jeden Wochentag automatisch ein- und ausschaltet, um Komfort und Energieeinsparungen zu gew\u00e4hrleisten.<\/li>\n<\/ul>\n<h3><strong>Zusammenfassung<\/strong><\/h3>\n<p>Der <strong>Diamond<\/strong>-Kamin ist mehr als nur Dekoration. Es ist ein modernes, innovatives Ger\u00e4t, das Funktionalit\u00e4t, \u00c4sthetik und Sicherheit vereint. Mit umfangreichen Optionen zur individuellen Flammen- und Beleuchtungsanpassung, erweiterten Heizfunktionen und modernen Sicherheitsmerkmalen ist <strong>Diamond <\/strong>die perfekte Wahl sowohl f\u00fcr elegante als auch f\u00fcr avantgardistischere Innenr\u00e4ume. Wenn Sie von einem gem\u00fctlichen Kamin tr\u00e4umen, der moderne Technologie und stilvolles Design bietet, wird <strong>Diamond <\/strong>all diese Erwartungen erf\u00fcllen.   <\/p>\n<p>&nbsp;<\/p>\n<h3><strong>Technische Zeichnungen<\/strong><\/h3>\n<p><strong>Diamond 115<\/strong><\/p>\n<p><img loading=\"lazy\" decoding=\"async\" class=\"alignnone wp-image-3424 size-full\" src=\"https:\/\/aflamo.shop\/wp-content\/uploads\/2023\/05\/diamond-115rys.png\" alt=\"\" width=\"1563\" height=\"750\" srcset=\"https:\/\/aflamo.shop\/wp-content\/uploads\/2023\/05\/diamond-115rys.png 1563w, https:\/\/aflamo.shop\/wp-content\/uploads\/2023\/05\/diamond-115rys-600x288.png 600w, https:\/\/aflamo.shop\/wp-content\/uploads\/2023\/05\/diamond-115rys-300x144.png 300w, https:\/\/aflamo.shop\/wp-content\/uploads\/2023\/05\/diamond-115rys-1024x491.png 1024w, https:\/\/aflamo.shop\/wp-content\/uploads\/2023\/05\/diamond-115rys-768x369.png 768w, https:\/\/aflamo.shop\/wp-content\/uploads\/2023\/05\/diamond-115rys-1536x737.png 1536w\" sizes=\"(max-width: 1563px) 100vw, 1563px\" \/><\/p>\n<p>&nbsp;<\/p>\n<p><strong>Diamond 128<\/strong><\/p>\n<p><img loading=\"lazy\" decoding=\"async\" class=\"alignnone wp-image-3430 size-full\" src=\"https:\/\/aflamo.shop\/wp-content\/uploads\/2023\/05\/diamond-128-rys.png\" alt=\"\" width=\"1662\" height=\"753\" srcset=\"https:\/\/aflamo.shop\/wp-content\/uploads\/2023\/05\/diamond-128-rys.png 1662w, https:\/\/aflamo.shop\/wp-content\/uploads\/2023\/05\/diamond-128-rys-600x272.png 600w, https:\/\/aflamo.shop\/wp-content\/uploads\/2023\/05\/diamond-128-rys-300x136.png 300w, https:\/\/aflamo.shop\/wp-content\/uploads\/2023\/05\/diamond-128-rys-1024x464.png 1024w, https:\/\/aflamo.shop\/wp-content\/uploads\/2023\/05\/diamond-128-rys-768x348.png 768w, https:\/\/aflamo.shop\/wp-content\/uploads\/2023\/05\/diamond-128-rys-1536x696.png 1536w\" sizes=\"(max-width: 1662px) 100vw, 1662px\" \/><\/p>\n<p>&nbsp;<\/p>\n<p>&nbsp;<\/p>\n<p><strong>Diamond 153<\/strong><\/p>\n<p><img loading=\"lazy\" decoding=\"async\" class=\"alignnone wp-image-3436 size-full\" src=\"https:\/\/aflamo.shop\/wp-content\/uploads\/2023\/05\/diamond-153-rys.png\" alt=\"\" width=\"1663\" height=\"675\" srcset=\"https:\/\/aflamo.shop\/wp-content\/uploads\/2023\/05\/diamond-153-rys.png 1663w, https:\/\/aflamo.shop\/wp-content\/uploads\/2023\/05\/diamond-153-rys-600x244.png 600w, https:\/\/aflamo.shop\/wp-content\/uploads\/2023\/05\/diamond-153-rys-300x122.png 300w, https:\/\/aflamo.shop\/wp-content\/uploads\/2023\/05\/diamond-153-rys-1024x416.png 1024w, https:\/\/aflamo.shop\/wp-content\/uploads\/2023\/05\/diamond-153-rys-768x312.png 768w, https:\/\/aflamo.shop\/wp-content\/uploads\/2023\/05\/diamond-153-rys-1536x623.png 1536w\" sizes=\"(max-width: 1663px) 100vw, 1663px\" \/><\/p>\n<p>&nbsp;<\/p>\n<p><strong>Diamond 165<\/strong><\/p>\n<p>&nbsp;<\/p>\n<p><img loading=\"lazy\" decoding=\"async\" class=\"alignnone wp-image-3442 size-full\" src=\"https:\/\/aflamo.shop\/wp-content\/uploads\/2023\/05\/diamond-165-rys.png\" alt=\"\" width=\"1644\" height=\"624\" srcset=\"https:\/\/aflamo.shop\/wp-content\/uploads\/2023\/05\/diamond-165-rys.png 1644w, https:\/\/aflamo.shop\/wp-content\/uploads\/2023\/05\/diamond-165-rys-600x228.png 600w, https:\/\/aflamo.shop\/wp-content\/uploads\/2023\/05\/diamond-165-rys-300x114.png 300w, https:\/\/aflamo.shop\/wp-content\/uploads\/2023\/05\/diamond-165-rys-1024x389.png 1024w, https:\/\/aflamo.shop\/wp-content\/uploads\/2023\/05\/diamond-165-rys-768x292.png 768w, https:\/\/aflamo.shop\/wp-content\/uploads\/2023\/05\/diamond-165-rys-1536x583.png 1536w\" sizes=\"(max-width: 1644px) 100vw, 1644px\" \/><\/p>\n<p>&nbsp;<\/p>\n<p><strong>Diamond 183<\/strong><\/p>\n<p><img loading=\"lazy\" decoding=\"async\" class=\"alignnone wp-image-3448 size-full\" src=\"https:\/\/aflamo.shop\/wp-content\/uploads\/2023\/05\/diamond-183-rys.png\" alt=\"\" width=\"1604\" height=\"570\" srcset=\"https:\/\/aflamo.shop\/wp-content\/uploads\/2023\/05\/diamond-183-rys.png 1604w, https:\/\/aflamo.shop\/wp-content\/uploads\/2023\/05\/diamond-183-rys-600x213.png 600w, https:\/\/aflamo.shop\/wp-content\/uploads\/2023\/05\/diamond-183-rys-300x107.png 300w, https:\/\/aflamo.shop\/wp-content\/uploads\/2023\/05\/diamond-183-rys-1024x364.png 1024w, https:\/\/aflamo.shop\/wp-content\/uploads\/2023\/05\/diamond-183-rys-768x273.png 768w, https:\/\/aflamo.shop\/wp-content\/uploads\/2023\/05\/diamond-183-rys-1536x546.png 1536w\" sizes=\"(max-width: 1604px) 100vw, 1604px\" \/><\/p>\n<p>&nbsp;<\/p>\n<p>&nbsp;<\/p>\n<\/div>\n","protected":false},"excerpt":{"rendered":"<p>Hersteller: Aflamo<\/p>\n<p>GETIN:5908283562275<\/p>\n<p>Eingebauter elektrischer LED-Kamin<\/p>\n<p><b>Modell:<\/b><\/p>\n<ul>\n<li><a href=\"https:\/\/aflamo.shop\/de\/p\/aflamo-diamond-115-einbau-elektrokamin-mit-led\/\">115<\/a><\/li>\n<li><a href=\"https:\/\/aflamo.shop\/de\/p\/aflamo-diamond-128-einbau-elektrokamin-mit-led\/\">128<\/a><\/li>\n<li><a href=\"https:\/\/aflamo.shop\/de\/p\/aflamo-diamond-153-einbau-elektrokamin-mit-led\/\">153<\/a><\/li>\n<li><a href=\"https:\/\/aflamo.shop\/de\/p\/aflamo-diamond-165-einbau-elektrokamin-mit-led\/\">165<\/a><\/li>\n<li><a href=\"https:\/\/aflamo.shop\/de\/p\/aflamo-diamond-183-einbau-elektrokamin-mit-led\/\">183<\/a><\/li>\n<\/ul>\n<p><a href=\"https:\/\/aflamo.shop\/wp-content\/uploads\/2023\/09\/DIAMOND_TuyaAPP_EN-PL-DE-IT-ES-FR-CS-SK-NL.pdf\">Bedienungs- und Sicherheitshinweise<\/a><\/p>\n<p><b>Abmessungen<\/b>: 183 x 45 x 17 cm<\/p>\n","protected":false},"featured_media":16585,"comment_status":"closed","ping_status":"closed","template":"","meta":[],"product_brand":[],"product_cat":[799,801,800,806,803,802],"product_tag":[807],"class_list":{"0":"post-16584","1":"product","2":"type-product","3":"status-publish","4":"has-post-thumbnail","6":"product_cat-aflamo-de","7":"product_cat-eingebaute-led-elektrokamine","8":"product_cat-elektrische-kamine","9":"product_cat-elektrische-kamine-mit-mobiler-app","10":"product_cat-elektrische-led-einsatze","11":"product_cat-led-elektrokamine-mit-heizfunktion","12":"product_tag-max-de","14":"first","15":"outofstock","16":"shipping-taxable","17":"purchasable","18":"product-type-simple"},"yoast_head":"<!-- This site is optimized with the Yoast SEO plugin v27.1.1 - https:\/\/yoast.com\/product\/yoast-seo-wordpress\/ -->\n<title>Aflamo Diamond 183 - Einbau-Elektrokamin mit LED - aflamo.shop-zertifizierter aflamo-H\u00e4ndler<\/title>\n<meta name=\"description\" content=\"Der Diamond-Kamin ist mehr als nur Dekoration. Es ist ein modernes, innovatives Ger\u00e4t, das Funktionalit\u00e4t, \u00c4sthetik und Sicherheit vereint.\" \/>\n<meta name=\"robots\" content=\"index, follow, max-snippet:-1, max-image-preview:large, max-video-preview:-1\" \/>\n<link rel=\"canonical\" href=\"https:\/\/aflamo.shop\/de\/p\/aflamo-diamond-183-einbau-elektrokamin-mit-led\/\" \/>\n<meta property=\"og:locale\" content=\"de_DE\" \/>\n<meta property=\"og:type\" content=\"article\" \/>\n<meta property=\"og:title\" content=\"Aflamo Diamond 183 - Einbau-Elektrokamin mit LED - aflamo.shop-zertifizierter aflamo-H\u00e4ndler\" \/>\n<meta property=\"og:description\" content=\"Der Diamond-Kamin ist mehr als nur Dekoration. Es ist ein modernes, innovatives Ger\u00e4t, das Funktionalit\u00e4t, \u00c4sthetik und Sicherheit vereint.\" \/>\n<meta property=\"og:url\" content=\"https:\/\/aflamo.shop\/de\/p\/aflamo-diamond-183-einbau-elektrokamin-mit-led\/\" \/>\n<meta property=\"og:site_name\" content=\"aflamo.shop-zertifizierter aflamo-H\u00e4ndler\" \/>\n<meta property=\"article:modified_time\" content=\"2025-05-15T12:29:14+00:00\" \/>\n<meta property=\"og:image\" content=\"https:\/\/aflamo.shop\/wp-content\/uploads\/2023\/05\/diamond-115-3_sq-1.jpg\" \/>\n\t<meta property=\"og:image:width\" content=\"2248\" \/>\n\t<meta property=\"og:image:height\" content=\"2248\" \/>\n\t<meta property=\"og:image:type\" content=\"image\/jpeg\" \/>\n<meta name=\"twitter:card\" content=\"summary_large_image\" \/>\n<meta name=\"twitter:label1\" content=\"Gesch\u00e4tzte Lesezeit\" \/>\n\t<meta name=\"twitter:data1\" content=\"6\u00a0Minuten\" \/>\n<script type=\"application\/ld+json\" class=\"yoast-schema-graph\">{\"@context\":\"https:\/\/schema.org\",\"@graph\":[{\"@type\":\"WebPage\",\"@id\":\"https:\/\/aflamo.shop\/de\/p\/aflamo-diamond-183-einbau-elektrokamin-mit-led\/\",\"url\":\"https:\/\/aflamo.shop\/de\/p\/aflamo-diamond-183-einbau-elektrokamin-mit-led\/\",\"name\":\"Aflamo Diamond 183 - Einbau-Elektrokamin mit LED - aflamo.shop-zertifizierter aflamo-H\u00e4ndler\",\"isPartOf\":{\"@id\":\"https:\/\/aflamo.shop\/de\/#website\"},\"primaryImageOfPage\":{\"@id\":\"https:\/\/aflamo.shop\/de\/p\/aflamo-diamond-183-einbau-elektrokamin-mit-led\/#primaryimage\"},\"image\":{\"@id\":\"https:\/\/aflamo.shop\/de\/p\/aflamo-diamond-183-einbau-elektrokamin-mit-led\/#primaryimage\"},\"thumbnailUrl\":\"https:\/\/aflamo.shop\/wp-content\/uploads\/2023\/05\/diamond-115-3_sq-1.jpg\",\"datePublished\":\"2023-09-18T07:10:00+00:00\",\"dateModified\":\"2025-05-15T12:29:14+00:00\",\"description\":\"Der Diamond-Kamin ist mehr als nur Dekoration. Es ist ein modernes, innovatives Ger\u00e4t, das Funktionalit\u00e4t, \u00c4sthetik und Sicherheit vereint.\",\"breadcrumb\":{\"@id\":\"https:\/\/aflamo.shop\/de\/p\/aflamo-diamond-183-einbau-elektrokamin-mit-led\/#breadcrumb\"},\"inLanguage\":\"de\",\"potentialAction\":[{\"@type\":\"ReadAction\",\"target\":[\"https:\/\/aflamo.shop\/de\/p\/aflamo-diamond-183-einbau-elektrokamin-mit-led\/\"]}]},{\"@type\":\"ImageObject\",\"inLanguage\":\"de\",\"@id\":\"https:\/\/aflamo.shop\/de\/p\/aflamo-diamond-183-einbau-elektrokamin-mit-led\/#primaryimage\",\"url\":\"https:\/\/aflamo.shop\/wp-content\/uploads\/2023\/05\/diamond-115-3_sq-1.jpg\",\"contentUrl\":\"https:\/\/aflamo.shop\/wp-content\/uploads\/2023\/05\/diamond-115-3_sq-1.jpg\",\"width\":2248,\"height\":2248},{\"@type\":\"BreadcrumbList\",\"@id\":\"https:\/\/aflamo.shop\/de\/p\/aflamo-diamond-183-einbau-elektrokamin-mit-led\/#breadcrumb\",\"itemListElement\":[{\"@type\":\"ListItem\",\"position\":1,\"name\":\"Strona g\u0142\u00f3wna\",\"item\":\"https:\/\/aflamo.shop\/de\/startseite\/\"},{\"@type\":\"ListItem\",\"position\":2,\"name\":\"Shop\",\"item\":\"https:\/\/aflamo.shop\/shop\/\"},{\"@type\":\"ListItem\",\"position\":3,\"name\":\"Elektrische Kamine\",\"item\":\"https:\/\/aflamo.shop\/de\/s\/elektrische-kamine\/\"},{\"@type\":\"ListItem\",\"position\":4,\"name\":\"Eingebaute LED-Elektrokamine\",\"item\":\"https:\/\/aflamo.shop\/de\/s\/elektrische-kamine\/eingebaute-led-elektrokamine\/\"},{\"@type\":\"ListItem\",\"position\":5,\"name\":\"Aflamo Diamond 183 &#8211; Einbau-Elektrokamin mit LED\"}]},{\"@type\":\"WebSite\",\"@id\":\"https:\/\/aflamo.shop\/de\/#website\",\"url\":\"https:\/\/aflamo.shop\/de\/\",\"name\":\"aflamo.shop-zertifizierter aflamo-H\u00e4ndler\",\"description\":\"Kominki elektryczne Aflamo i Emotion Flame z funkcj\u0105 grzania\",\"potentialAction\":[{\"@type\":\"SearchAction\",\"target\":{\"@type\":\"EntryPoint\",\"urlTemplate\":\"https:\/\/aflamo.shop\/de\/?s={search_term_string}\"},\"query-input\":{\"@type\":\"PropertyValueSpecification\",\"valueRequired\":true,\"valueName\":\"search_term_string\"}}],\"inLanguage\":\"de\"}]}<\/script>\n<!-- \/ Yoast SEO plugin. -->","yoast_head_json":{"title":"Aflamo Diamond 183 - Einbau-Elektrokamin mit LED - aflamo.shop-zertifizierter aflamo-H\u00e4ndler","description":"Der Diamond-Kamin ist mehr als nur Dekoration. Es ist ein modernes, innovatives Ger\u00e4t, das Funktionalit\u00e4t, \u00c4sthetik und Sicherheit vereint.","robots":{"index":"index","follow":"follow","max-snippet":"max-snippet:-1","max-image-preview":"max-image-preview:large","max-video-preview":"max-video-preview:-1"},"canonical":"https:\/\/aflamo.shop\/de\/p\/aflamo-diamond-183-einbau-elektrokamin-mit-led\/","og_locale":"de_DE","og_type":"article","og_title":"Aflamo Diamond 183 - Einbau-Elektrokamin mit LED - aflamo.shop-zertifizierter aflamo-H\u00e4ndler","og_description":"Der Diamond-Kamin ist mehr als nur Dekoration. Es ist ein modernes, innovatives Ger\u00e4t, das Funktionalit\u00e4t, \u00c4sthetik und Sicherheit vereint.","og_url":"https:\/\/aflamo.shop\/de\/p\/aflamo-diamond-183-einbau-elektrokamin-mit-led\/","og_site_name":"aflamo.shop-zertifizierter aflamo-H\u00e4ndler","article_modified_time":"2025-05-15T12:29:14+00:00","og_image":[{"width":2248,"height":2248,"url":"https:\/\/aflamo.shop\/wp-content\/uploads\/2023\/05\/diamond-115-3_sq-1.jpg","type":"image\/jpeg"}],"twitter_card":"summary_large_image","twitter_misc":{"Gesch\u00e4tzte Lesezeit":"6\u00a0Minuten"},"schema":{"@context":"https:\/\/schema.org","@graph":[{"@type":"WebPage","@id":"https:\/\/aflamo.shop\/de\/p\/aflamo-diamond-183-einbau-elektrokamin-mit-led\/","url":"https:\/\/aflamo.shop\/de\/p\/aflamo-diamond-183-einbau-elektrokamin-mit-led\/","name":"Aflamo Diamond 183 - Einbau-Elektrokamin mit LED - aflamo.shop-zertifizierter aflamo-H\u00e4ndler","isPartOf":{"@id":"https:\/\/aflamo.shop\/de\/#website"},"primaryImageOfPage":{"@id":"https:\/\/aflamo.shop\/de\/p\/aflamo-diamond-183-einbau-elektrokamin-mit-led\/#primaryimage"},"image":{"@id":"https:\/\/aflamo.shop\/de\/p\/aflamo-diamond-183-einbau-elektrokamin-mit-led\/#primaryimage"},"thumbnailUrl":"https:\/\/aflamo.shop\/wp-content\/uploads\/2023\/05\/diamond-115-3_sq-1.jpg","datePublished":"2023-09-18T07:10:00+00:00","dateModified":"2025-05-15T12:29:14+00:00","description":"Der Diamond-Kamin ist mehr als nur Dekoration. Es ist ein modernes, innovatives Ger\u00e4t, das Funktionalit\u00e4t, \u00c4sthetik und Sicherheit vereint.","breadcrumb":{"@id":"https:\/\/aflamo.shop\/de\/p\/aflamo-diamond-183-einbau-elektrokamin-mit-led\/#breadcrumb"},"inLanguage":"de","potentialAction":[{"@type":"ReadAction","target":["https:\/\/aflamo.shop\/de\/p\/aflamo-diamond-183-einbau-elektrokamin-mit-led\/"]}]},{"@type":"ImageObject","inLanguage":"de","@id":"https:\/\/aflamo.shop\/de\/p\/aflamo-diamond-183-einbau-elektrokamin-mit-led\/#primaryimage","url":"https:\/\/aflamo.shop\/wp-content\/uploads\/2023\/05\/diamond-115-3_sq-1.jpg","contentUrl":"https:\/\/aflamo.shop\/wp-content\/uploads\/2023\/05\/diamond-115-3_sq-1.jpg","width":2248,"height":2248},{"@type":"BreadcrumbList","@id":"https:\/\/aflamo.shop\/de\/p\/aflamo-diamond-183-einbau-elektrokamin-mit-led\/#breadcrumb","itemListElement":[{"@type":"ListItem","position":1,"name":"Strona g\u0142\u00f3wna","item":"https:\/\/aflamo.shop\/de\/startseite\/"},{"@type":"ListItem","position":2,"name":"Shop","item":"https:\/\/aflamo.shop\/shop\/"},{"@type":"ListItem","position":3,"name":"Elektrische Kamine","item":"https:\/\/aflamo.shop\/de\/s\/elektrische-kamine\/"},{"@type":"ListItem","position":4,"name":"Eingebaute LED-Elektrokamine","item":"https:\/\/aflamo.shop\/de\/s\/elektrische-kamine\/eingebaute-led-elektrokamine\/"},{"@type":"ListItem","position":5,"name":"Aflamo Diamond 183 &#8211; Einbau-Elektrokamin mit LED"}]},{"@type":"WebSite","@id":"https:\/\/aflamo.shop\/de\/#website","url":"https:\/\/aflamo.shop\/de\/","name":"aflamo.shop-zertifizierter aflamo-H\u00e4ndler","description":"Kominki elektryczne Aflamo i Emotion Flame z funkcj\u0105 grzania","potentialAction":[{"@type":"SearchAction","target":{"@type":"EntryPoint","urlTemplate":"https:\/\/aflamo.shop\/de\/?s={search_term_string}"},"query-input":{"@type":"PropertyValueSpecification","valueRequired":true,"valueName":"search_term_string"}}],"inLanguage":"de"}]}},"_links":{"self":[{"href":"https:\/\/aflamo.shop\/de\/wp-json\/wp\/v2\/product\/16584","targetHints":{"allow":["GET"]}}],"collection":[{"href":"https:\/\/aflamo.shop\/de\/wp-json\/wp\/v2\/product"}],"about":[{"href":"https:\/\/aflamo.shop\/de\/wp-json\/wp\/v2\/types\/product"}],"replies":[{"embeddable":true,"href":"https:\/\/aflamo.shop\/de\/wp-json\/wp\/v2\/comments?post=16584"}],"wp:featuredmedia":[{"embeddable":true,"href":"https:\/\/aflamo.shop\/de\/wp-json\/wp\/v2\/media\/16585"}],"wp:attachment":[{"href":"https:\/\/aflamo.shop\/de\/wp-json\/wp\/v2\/media?parent=16584"}],"wp:term":[{"taxonomy":"product_brand","embeddable":true,"href":"https:\/\/aflamo.shop\/de\/wp-json\/wp\/v2\/product_brand?post=16584"},{"taxonomy":"product_cat","embeddable":true,"href":"https:\/\/aflamo.shop\/de\/wp-json\/wp\/v2\/product_cat?post=16584"},{"taxonomy":"product_tag","embeddable":true,"href":"https:\/\/aflamo.shop\/de\/wp-json\/wp\/v2\/product_tag?post=16584"}],"curies":[{"name":"wp","href":"https:\/\/api.w.org\/{rel}","templated":true}]}}