{"id":16581,"date":"2023-09-18T07:49:10","date_gmt":"2023-09-18T07:49:10","guid":{"rendered":"https:\/\/aflamo.shop\/p\/aflamo-albion-nh-42-elektrischer-led-wandkamin-ohne-heizfunktion\/"},"modified":"2025-05-15T12:27:22","modified_gmt":"2025-05-15T12:27:22","slug":"aflamo-albion-nh-42-elektrischer-led-wandkamin-ohne-heizfunktion","status":"publish","type":"product","link":"https:\/\/aflamo.shop\/de\/p\/aflamo-albion-nh-42-elektrischer-led-wandkamin-ohne-heizfunktion\/","title":{"rendered":"Aflamo Albion NH 42 &#8211; Elektrischer LED-Wandkamin ohne Heizfunktion"},"content":{"rendered":"<p><iframe title=\"YouTube-Video-Player\" src=\"https:\/\/www.youtube.com\/embed\/EiwW_cf_13g\" width=\"560\" height=\"315\" frameborder=\"0\" allowfullscreen=\"allowfullscreen\"><\/iframe><\/p>\n<h6><\/h6>\n<p>&nbsp;<\/p>\n<h3><\/h3>\n<h3 style=\"text-align: left;\"><strong>Eigenschaften des Kamins<\/strong><\/h3>\n<p>&nbsp;<\/p>\n<p>Modernes Design.<\/p>\n<p>Die Frontplatte besteht komplett aus Glas.<br \/>\nDer gro\u00dfe schwarze Rahmen um das Feuer unterstreicht seinen exklusiven Charakter.<\/p>\n<p>Die Tiefe des Kamins betr\u00e4gt nur <strong>14cm<\/strong><\/p>\n<h3 style=\"text-align: left;\"><\/h3>\n<p>&nbsp;<\/p>\n<h3 style=\"text-align: left;\"><strong>Installation<\/strong><\/h3>\n<p>&nbsp;<\/p>\n<p style=\"text-align: left;\">Der Kamin kann auf drei Arten montiert werden<\/p>\n<p style=\"text-align: left;\"><img fetchpriority=\"high\" decoding=\"async\" class=\"aligncenter wp-image-2581 size-full\" src=\"https:\/\/aflamo.shop\/wp-content\/uploads\/2023\/05\/zamontuj-jak-chcesz-1.png\" alt=\"\" width=\"1159\" height=\"368\" srcset=\"https:\/\/aflamo.shop\/wp-content\/uploads\/2023\/05\/zamontuj-jak-chcesz-1.png 1159w, https:\/\/aflamo.shop\/wp-content\/uploads\/2023\/05\/zamontuj-jak-chcesz-1-600x191.png 600w, https:\/\/aflamo.shop\/wp-content\/uploads\/2023\/05\/zamontuj-jak-chcesz-1-300x95.png 300w, https:\/\/aflamo.shop\/wp-content\/uploads\/2023\/05\/zamontuj-jak-chcesz-1-1024x325.png 1024w, https:\/\/aflamo.shop\/wp-content\/uploads\/2023\/05\/zamontuj-jak-chcesz-1-768x244.png 768w\" sizes=\"(max-width: 1159px) 100vw, 1159px\" \/><\/p>\n<p>&nbsp;<\/p>\n<p>&nbsp;<\/p>\n<p>&nbsp;<\/p>\n<h3 style=\"text-align: left;\"><strong>Kamininstallation <\/strong><\/h3>\n<h3 style=\"text-align: left;\"><strong>  <\/strong><\/h3>\n<div class=\"naprzemienne-opis\" style=\"text-align: left;\">\n<ol>\n<li>Installieren Sie den im Kit enthaltenen Aufh\u00e4nger<\/li>\n<li>Den Kamin aufh\u00e4ngen<\/li>\n<li>Genie\u00dfen Sie Ihren Kamin<\/li>\n<\/ol>\n<\/div>\n<p>&nbsp;<\/p>\n<h3 style=\"text-align: left;\"><strong>Flamme<\/strong><\/h3>\n<p>Die Flamme hat:<\/p>\n<p><span class=\"digit\">1 Farbe<\/span><\/p>\n<p style=\"text-align: left;\"><img decoding=\"async\" class=\"wp-image-4266 size-full alignright\" src=\"https:\/\/aflamo.shop\/wp-content\/uploads\/2023\/05\/plomien-albion-1.jpg\" alt=\"\" width=\"413\" height=\"144\" srcset=\"https:\/\/aflamo.shop\/wp-content\/uploads\/2023\/05\/plomien-albion-1.jpg 413w, https:\/\/aflamo.shop\/wp-content\/uploads\/2023\/05\/plomien-albion-1-300x105.jpg 300w\" sizes=\"(max-width: 413px) 100vw, 413px\" \/><\/p>\n<h3><\/h3>\n<h3><\/h3>\n<p>&nbsp;<\/p>\n<p>&nbsp;<\/p>\n<h3 style=\"text-align: left;\"><strong>Palenisko<img decoding=\"async\" class=\"alignright wp-image-4272 size-full\" src=\"https:\/\/aflamo.shop\/wp-content\/uploads\/2023\/05\/albion_polana-1.jpg\" alt=\"\" width=\"400\" height=\"133\" srcset=\"https:\/\/aflamo.shop\/wp-content\/uploads\/2023\/05\/albion_polana-1.jpg 400w, https:\/\/aflamo.shop\/wp-content\/uploads\/2023\/05\/albion_polana-1-300x100.jpg 300w\" sizes=\"(max-width: 400px) 100vw, 400px\" \/><\/strong><\/h3>\n<p>1 Kamin: Holzscheit<\/p>\n<p style=\"text-align: left;\"><span class=\"digit\"> <\/span><\/p>\n<h3><\/h3>\n<p>&nbsp;<\/p>\n<h3 style=\"text-align: left;\"><strong>Komfort und Bequemlichkeit<\/strong><\/h3>\n<p style=\"text-align: left;\">Ein elektrischer Kamin dient vor allem der Entspannung.<\/p>\n<div class=\"feature\">\n<ul style=\"text-align: left;\">\n<li>Kamin mit Fernbedienung steuerbar.<\/li>\n<li>Ben\u00f6tigt keine zus\u00e4tzliche Bel\u00fcftung. Es ist nicht erforderlich, den Raum zu l\u00fcften und gleichzeitig kalte oder feuchte Luft hereinzulassen. Sie m\u00fcssen das Fenster nicht \u00f6ffnen und Au\u00dfenger\u00e4usche hereinlassen. <\/li>\n<\/ul>\n<p>&nbsp;<\/p>\n<h3>Technische Daten<\/h3>\n<\/div>\n<p>&nbsp;<\/p>\n<table width=\"548\" cellspacing=\"0\" cellpadding=\"2\">\n<colgroup>\n<col width=\"216\">\n<col width=\"324\"><\/colgroup>\n<tbody>\n<tr>\n<td width=\"216\">\n<table width=\"548\" cellspacing=\"0\" cellpadding=\"2\">\n<colgroup>\n<col width=\"216\">\n<col width=\"324\"><\/colgroup>\n<tbody>\n<tr>\n<td width=\"216\">Installationsmethoden<\/td>\n<td width=\"324\">f\u00fcr Einbau-\/Wandmontage<\/td>\n<\/tr>\n<tr>\n<td width=\"216\">Einzigartiges Merkmal<\/td>\n<td width=\"324\">Die Frontplatte besteht komplett aus Glas.<\/td>\n<\/tr>\n<tr>\n<td width=\"216\">Flammeneffekt<\/td>\n<td width=\"324\">LED<\/td>\n<\/tr>\n<tr>\n<td width=\"216\">Mobile Anwendung<\/td>\n<td width=\"324\">nicht<\/td>\n<\/tr>\n<tr>\n<td width=\"216\">Fernsteuerung<\/td>\n<td width=\"324\">ja<\/td>\n<\/tr>\n<tr>\n<td width=\"216\">Farbe\/Finish<\/td>\n<td width=\"324\">Metall, Glas, schwarz<\/td>\n<\/tr>\n<tr>\n<td width=\"216\">Timer<\/td>\n<td width=\"324\">nein<\/td>\n<\/tr>\n<tr>\n<td width=\"216\">W\u00f6chentlicher Programmierer<\/td>\n<td width=\"324\">nein<\/td>\n<\/tr>\n<tr>\n<td width=\"216\">Heizfunktion<\/td>\n<td width=\"324\">nein<\/td>\n<\/tr>\n<tr>\n<td width=\"216\">Flammenunabh\u00e4ngige Heizfunktion<\/td>\n<td width=\"324\">&#8211;<\/td>\n<\/tr>\n<tr>\n<td width=\"216\">Heizleistung<\/td>\n<td width=\"324\">&#8211;<\/td>\n<\/tr>\n<tr>\n<td width=\"216\">Temperaturkontrolle<\/td>\n<td width=\"324\">&#8211;<\/td>\n<\/tr>\n<tr>\n<td width=\"216\">\u00dcberhitzungsschutz\n<\/td>\n<td width=\"324\">&#8211;<\/td>\n<\/tr>\n<tr>\n<td width=\"216\">Thermostat<\/td>\n<td width=\"324\">&#8211;<\/td>\n<\/tr>\n<tr>\n<td width=\"216\">Flammenfarben::<\/p>\n<p>&nbsp;<\/p>\n<\/td>\n<p>Feuerstelle<\/p>\n<td width=\"324\"><span class=\"digit\">1<\/span> Farbe<br \/>\nFeuerstellen inklusive: Holzscheit.<\/td>\n<\/tr>\n<tr>\n<td width=\"216\">Garantie<\/td>\n<td width=\"324\">2 Jahre<\/td>\n<\/tr>\n<tr>\n<td width=\"216\">L\u00e4nge des Netzkabels<\/td>\n<td width=\"324\">1,8 m<\/td>\n<\/tr>\n<tr>\n<td width=\"216\">Spannung<\/td>\n<td width=\"324\">220 V<\/td>\n<\/tr>\n<\/tbody>\n<\/table>\n<\/td>\n<\/tr>\n<\/tbody>\n<\/table>\n<p>&nbsp;<\/p>\n<div class=\"flex flex-grow flex-col gap-3\">\n<div class=\"min-h-[20px] flex flex-col items-start gap-3 overflow-x-auto whitespace-pre-wrap break-words\">\n<div class=\"markdown prose w-full break-words dark:prose-invert light\">\n<p>Der elektrische LED-Wandkamin namens Albion NH ist eine Kombination aus modernem Design und fortschrittlicher Technologie, die eine wunderbare Dekoration der Wandfl\u00e4che schafft. Sein minimalistisches Design und die au\u00dfergew\u00f6hnlichen Details machen Albion NH zu einem einzigartigen Element jeder Inneneinrichtung. <\/p>\n<p>Der Kamin Albion NH ist f\u00fcr die Wandmontage konzipiert, wodurch der Effekt eines \u201eh\u00e4ngenden Feuers\u201c entsteht und der Eindruck entsteht, dass die Flamme ein integraler Bestandteil der Architektur ist. Diese innovative L\u00f6sung sorgt nicht nur f\u00fcr eine \u00e4sthetische Abwechslung im Raum, sondern verleiht ihm auch einen einzigartigen Charme. <\/p>\n<p>Die Frontplatte des Kamins besteht vollst\u00e4ndig aus Glas, was ihm Subtilit\u00e4t und Eleganz verleiht. Die Glasoberfl\u00e4che bildet den perfekten Hintergrund f\u00fcr den LED-Flammeneffekt, der den Mittelpunkt dieses Ger\u00e4ts bildet. Die realistische Flamme, die in mehreren Farben erh\u00e4ltlich ist, schafft eine einzigartige Atmosph\u00e4re und sorgt f\u00fcr ein visuelles Erlebnis, das einem echten Kamin \u00e4hnelt.  <\/p>\n<p>Der gro\u00dfe schwarze Rahmen um die Feuerstelle verleiht dem Kamin Kontrast und einen exklusiven Charakter. Dieses subtile Finish unterstreicht seine Einzigartigkeit und macht Albion NH zu einem unverwechselbaren Element des Arrangements. <\/p>\n<p>Die geringe Tiefe des Kamins (nur 14 cm) macht ihn zu einer platzsparenden L\u00f6sung, ideal f\u00fcr kleinere R\u00e4ume oder wenn jeder Zentimeter Platz z\u00e4hlt.<\/p>\n<p>Zusammenfassend l\u00e4sst sich sagen, dass der wandmontierte elektrische Kamin Albion NH LED eine Kombination aus Minimalismus, Modernit\u00e4t und einem einzigartigen visuellen Effekt ist. Seine Glasoberfl\u00e4che, der kontrastierende schwarze Rahmen und die geringe Tiefe schaffen eine wundervolle Atmosph\u00e4re, die die Blicke auf sich zieht und dem Raum einen einzigartigen Charakter verleiht. Dabei handelt es sich um einen Kamin, der nicht nur die Wand schm\u00fcckt, sondern auch den Zauber der Flammen erzeugt, ohne dass eine Heizfunktion erforderlich ist.  <\/p>\n<\/div>\n<\/div>\n<\/div>\n<p>&nbsp;<\/p>\n<div class=\"feature\">\n<p style=\"text-align: left;\">Technische Zeichnungen<\/p>\n<p>Albion 36 NH<\/p>\n<p>&nbsp;<\/p>\n<p><img loading=\"lazy\" decoding=\"async\" class=\"alignnone wp-image-4290 size-full\" src=\"https:\/\/aflamo.shop\/wp-content\/uploads\/2023\/05\/Albion_36.png\" alt=\"\" width=\"1424\" height=\"791\" srcset=\"https:\/\/aflamo.shop\/wp-content\/uploads\/2023\/05\/Albion_36.png 1424w, https:\/\/aflamo.shop\/wp-content\/uploads\/2023\/05\/Albion_36-600x333.png 600w, https:\/\/aflamo.shop\/wp-content\/uploads\/2023\/05\/Albion_36-300x167.png 300w, https:\/\/aflamo.shop\/wp-content\/uploads\/2023\/05\/Albion_36-1024x569.png 1024w, https:\/\/aflamo.shop\/wp-content\/uploads\/2023\/05\/Albion_36-768x427.png 768w\" sizes=\"(max-width: 1424px) 100vw, 1424px\" \/><\/p>\n<p>&nbsp;<\/p>\n<p>Albion 42NH<\/p>\n<p><img loading=\"lazy\" decoding=\"async\" class=\"alignnone wp-image-4278 size-full\" src=\"https:\/\/aflamo.shop\/wp-content\/uploads\/2023\/05\/Albion_42.png\" alt=\"\" width=\"1431\" height=\"865\" srcset=\"https:\/\/aflamo.shop\/wp-content\/uploads\/2023\/05\/Albion_42.png 1431w, https:\/\/aflamo.shop\/wp-content\/uploads\/2023\/05\/Albion_42-600x363.png 600w, https:\/\/aflamo.shop\/wp-content\/uploads\/2023\/05\/Albion_42-300x181.png 300w, https:\/\/aflamo.shop\/wp-content\/uploads\/2023\/05\/Albion_42-1024x619.png 1024w, https:\/\/aflamo.shop\/wp-content\/uploads\/2023\/05\/Albion_42-768x464.png 768w\" sizes=\"(max-width: 1431px) 100vw, 1431px\" \/><\/p>\n<p>&nbsp;<\/p>\n<\/div>\n<p>&nbsp;<\/p>\n<p>Albion 50 NH<\/p>\n<p><img loading=\"lazy\" decoding=\"async\" class=\"alignnone wp-image-4284 size-full\" src=\"https:\/\/aflamo.shop\/wp-content\/uploads\/2023\/05\/Albion_50.png\" alt=\"\" width=\"1048\" height=\"574\" srcset=\"https:\/\/aflamo.shop\/wp-content\/uploads\/2023\/05\/Albion_50.png 1048w, https:\/\/aflamo.shop\/wp-content\/uploads\/2023\/05\/Albion_50-600x329.png 600w, https:\/\/aflamo.shop\/wp-content\/uploads\/2023\/05\/Albion_50-300x164.png 300w, https:\/\/aflamo.shop\/wp-content\/uploads\/2023\/05\/Albion_50-1024x561.png 1024w, https:\/\/aflamo.shop\/wp-content\/uploads\/2023\/05\/Albion_50-768x421.png 768w\" sizes=\"(max-width: 1048px) 100vw, 1048px\" \/><\/p>\n<p>&nbsp;<\/p>\n<p>&nbsp;<\/p>\n<p>&nbsp;<\/p>\n<p>&nbsp;<\/p>\n","protected":false},"excerpt":{"rendered":"<p>Hersteller: Aflamo<\/p>\n<p>GETIN:5908283561964<\/p>\n<p>Elektrokamin zum Einbau\/Wandaufbau ohne Heizfunktion.<\/p>\n<p><b>Modell:<\/b><\/p>\n<ul>\n<li><a href=\"https:\/\/aflamo.shop\/de\/p\/aflamo-albion-nh-36-elektrischer-led-wandkamin-ohne-heizfunktion\/\">36<\/a><\/li>\n<li><a href=\"https:\/\/aflamo.shop\/de\/p\/aflamo-albion-nh-42-elektrischer-led-wandkamin-ohne-heizfunktion\/\">42<\/a><\/li>\n<li><a href=\"https:\/\/aflamo.shop\/de\/p\/aflamo-albion-nh-50-elektrischer-led-wandkamin-ohne-heizfunktion\/\">50<\/a><\/li>\n<\/ul>\n<p><a href=\"https:\/\/aflamo.shop\/wp-content\/uploads\/2023\/09\/Aflamo-ALBION-36-42-50-NH_EN-PL-DE-IT-ES-FR-CS-SK-NL-1.pdf\">Betriebsanleitung und Sicherheitshinweise<\/a><\/p>\n<p><b>Abmessungen<\/b>: 110 x 49 x 14 cm<\/p>\n","protected":false},"featured_media":16557,"comment_status":"closed","ping_status":"closed","template":"","meta":[],"product_brand":[],"product_cat":[799,801,800,804,803,984],"product_tag":[],"class_list":{"0":"post-16581","1":"product","2":"type-product","3":"status-publish","4":"has-post-thumbnail","6":"product_cat-aflamo-de","7":"product_cat-eingebaute-led-elektrokamine","8":"product_cat-elektrische-kamine","9":"product_cat-elektrische-kamine-zum-aufhangen-an-der-wand","10":"product_cat-elektrische-led-einsatze","11":"product_cat-led-elektrokamine-ohne-heizfunktion","13":"first","14":"instock","15":"shipping-taxable","16":"purchasable","17":"product-type-simple"},"yoast_head":"<!-- This site is optimized with the Yoast SEO plugin v27.1.1 - https:\/\/yoast.com\/product\/yoast-seo-wordpress\/ -->\n<title>Aflamo Albion NH 42 - Elektrischer LED-Wandkamin ohne Heizfunktion - aflamo.shop-zertifizierter aflamo-H\u00e4ndler<\/title>\n<meta name=\"description\" content=\"Albion NH LED-Wandkamin \u2013 modernes Design, Glasoberfl\u00e4che und schwarzer Rahmen. Erzeugt einen Flammeneffekt ohne Heizfunktion.\" \/>\n<meta name=\"robots\" content=\"index, follow, max-snippet:-1, max-image-preview:large, max-video-preview:-1\" \/>\n<link rel=\"canonical\" href=\"https:\/\/aflamo.shop\/de\/p\/aflamo-albion-nh-42-elektrischer-led-wandkamin-ohne-heizfunktion\/\" \/>\n<meta property=\"og:locale\" content=\"de_DE\" \/>\n<meta property=\"og:type\" content=\"article\" \/>\n<meta property=\"og:title\" content=\"Aflamo Albion NH 42 - Elektrischer LED-Wandkamin ohne Heizfunktion - aflamo.shop-zertifizierter aflamo-H\u00e4ndler\" \/>\n<meta property=\"og:description\" content=\"Albion NH LED-Wandkamin \u2013 modernes Design, Glasoberfl\u00e4che und schwarzer Rahmen. Erzeugt einen Flammeneffekt ohne Heizfunktion.\" \/>\n<meta property=\"og:url\" content=\"https:\/\/aflamo.shop\/de\/p\/aflamo-albion-nh-42-elektrischer-led-wandkamin-ohne-heizfunktion\/\" \/>\n<meta property=\"og:site_name\" content=\"aflamo.shop-zertifizierter aflamo-H\u00e4ndler\" \/>\n<meta property=\"article:modified_time\" content=\"2025-05-15T12:27:22+00:00\" \/>\n<meta property=\"og:image\" content=\"https:\/\/aflamo.shop\/wp-content\/uploads\/2023\/09\/albion-95-czarny_sq.jpg\" \/>\n\t<meta property=\"og:image:width\" content=\"2248\" \/>\n\t<meta property=\"og:image:height\" content=\"2248\" \/>\n\t<meta property=\"og:image:type\" content=\"image\/jpeg\" \/>\n<meta name=\"twitter:card\" content=\"summary_large_image\" \/>\n<meta name=\"twitter:label1\" content=\"Gesch\u00e4tzte Lesezeit\" \/>\n\t<meta name=\"twitter:data1\" content=\"5\u00a0Minuten\" \/>\n<script type=\"application\/ld+json\" class=\"yoast-schema-graph\">{\"@context\":\"https:\/\/schema.org\",\"@graph\":[{\"@type\":\"WebPage\",\"@id\":\"https:\/\/aflamo.shop\/de\/p\/aflamo-albion-nh-42-elektrischer-led-wandkamin-ohne-heizfunktion\/\",\"url\":\"https:\/\/aflamo.shop\/de\/p\/aflamo-albion-nh-42-elektrischer-led-wandkamin-ohne-heizfunktion\/\",\"name\":\"Aflamo Albion NH 42 - Elektrischer LED-Wandkamin ohne Heizfunktion - aflamo.shop-zertifizierter aflamo-H\u00e4ndler\",\"isPartOf\":{\"@id\":\"https:\/\/aflamo.shop\/de\/#website\"},\"primaryImageOfPage\":{\"@id\":\"https:\/\/aflamo.shop\/de\/p\/aflamo-albion-nh-42-elektrischer-led-wandkamin-ohne-heizfunktion\/#primaryimage\"},\"image\":{\"@id\":\"https:\/\/aflamo.shop\/de\/p\/aflamo-albion-nh-42-elektrischer-led-wandkamin-ohne-heizfunktion\/#primaryimage\"},\"thumbnailUrl\":\"https:\/\/aflamo.shop\/wp-content\/uploads\/2023\/09\/albion-95-czarny_sq.jpg\",\"datePublished\":\"2023-09-18T07:49:10+00:00\",\"dateModified\":\"2025-05-15T12:27:22+00:00\",\"description\":\"Albion NH LED-Wandkamin \u2013 modernes Design, Glasoberfl\u00e4che und schwarzer Rahmen. Erzeugt einen Flammeneffekt ohne Heizfunktion.\",\"breadcrumb\":{\"@id\":\"https:\/\/aflamo.shop\/de\/p\/aflamo-albion-nh-42-elektrischer-led-wandkamin-ohne-heizfunktion\/#breadcrumb\"},\"inLanguage\":\"de\",\"potentialAction\":[{\"@type\":\"ReadAction\",\"target\":[\"https:\/\/aflamo.shop\/de\/p\/aflamo-albion-nh-42-elektrischer-led-wandkamin-ohne-heizfunktion\/\"]}]},{\"@type\":\"ImageObject\",\"inLanguage\":\"de\",\"@id\":\"https:\/\/aflamo.shop\/de\/p\/aflamo-albion-nh-42-elektrischer-led-wandkamin-ohne-heizfunktion\/#primaryimage\",\"url\":\"https:\/\/aflamo.shop\/wp-content\/uploads\/2023\/09\/albion-95-czarny_sq.jpg\",\"contentUrl\":\"https:\/\/aflamo.shop\/wp-content\/uploads\/2023\/09\/albion-95-czarny_sq.jpg\",\"width\":2248,\"height\":2248},{\"@type\":\"BreadcrumbList\",\"@id\":\"https:\/\/aflamo.shop\/de\/p\/aflamo-albion-nh-42-elektrischer-led-wandkamin-ohne-heizfunktion\/#breadcrumb\",\"itemListElement\":[{\"@type\":\"ListItem\",\"position\":1,\"name\":\"Strona g\u0142\u00f3wna\",\"item\":\"https:\/\/aflamo.shop\/de\/startseite\/\"},{\"@type\":\"ListItem\",\"position\":2,\"name\":\"Shop\",\"item\":\"https:\/\/aflamo.shop\/shop\/\"},{\"@type\":\"ListItem\",\"position\":3,\"name\":\"Elektrische Kamine\",\"item\":\"https:\/\/aflamo.shop\/de\/s\/elektrische-kamine\/\"},{\"@type\":\"ListItem\",\"position\":4,\"name\":\"Eingebaute LED-Elektrokamine\",\"item\":\"https:\/\/aflamo.shop\/de\/s\/elektrische-kamine\/eingebaute-led-elektrokamine\/\"},{\"@type\":\"ListItem\",\"position\":5,\"name\":\"Aflamo Albion NH 42 &#8211; Elektrischer LED-Wandkamin ohne Heizfunktion\"}]},{\"@type\":\"WebSite\",\"@id\":\"https:\/\/aflamo.shop\/de\/#website\",\"url\":\"https:\/\/aflamo.shop\/de\/\",\"name\":\"aflamo.shop-zertifizierter aflamo-H\u00e4ndler\",\"description\":\"Kominki elektryczne Aflamo i Emotion Flame z funkcj\u0105 grzania\",\"potentialAction\":[{\"@type\":\"SearchAction\",\"target\":{\"@type\":\"EntryPoint\",\"urlTemplate\":\"https:\/\/aflamo.shop\/de\/?s={search_term_string}\"},\"query-input\":{\"@type\":\"PropertyValueSpecification\",\"valueRequired\":true,\"valueName\":\"search_term_string\"}}],\"inLanguage\":\"de\"}]}<\/script>\n<!-- \/ Yoast SEO plugin. -->","yoast_head_json":{"title":"Aflamo Albion NH 42 - Elektrischer LED-Wandkamin ohne Heizfunktion - aflamo.shop-zertifizierter aflamo-H\u00e4ndler","description":"Albion NH LED-Wandkamin \u2013 modernes Design, Glasoberfl\u00e4che und schwarzer Rahmen. Erzeugt einen Flammeneffekt ohne Heizfunktion.","robots":{"index":"index","follow":"follow","max-snippet":"max-snippet:-1","max-image-preview":"max-image-preview:large","max-video-preview":"max-video-preview:-1"},"canonical":"https:\/\/aflamo.shop\/de\/p\/aflamo-albion-nh-42-elektrischer-led-wandkamin-ohne-heizfunktion\/","og_locale":"de_DE","og_type":"article","og_title":"Aflamo Albion NH 42 - Elektrischer LED-Wandkamin ohne Heizfunktion - aflamo.shop-zertifizierter aflamo-H\u00e4ndler","og_description":"Albion NH LED-Wandkamin \u2013 modernes Design, Glasoberfl\u00e4che und schwarzer Rahmen. Erzeugt einen Flammeneffekt ohne Heizfunktion.","og_url":"https:\/\/aflamo.shop\/de\/p\/aflamo-albion-nh-42-elektrischer-led-wandkamin-ohne-heizfunktion\/","og_site_name":"aflamo.shop-zertifizierter aflamo-H\u00e4ndler","article_modified_time":"2025-05-15T12:27:22+00:00","og_image":[{"width":2248,"height":2248,"url":"https:\/\/aflamo.shop\/wp-content\/uploads\/2023\/09\/albion-95-czarny_sq.jpg","type":"image\/jpeg"}],"twitter_card":"summary_large_image","twitter_misc":{"Gesch\u00e4tzte Lesezeit":"5\u00a0Minuten"},"schema":{"@context":"https:\/\/schema.org","@graph":[{"@type":"WebPage","@id":"https:\/\/aflamo.shop\/de\/p\/aflamo-albion-nh-42-elektrischer-led-wandkamin-ohne-heizfunktion\/","url":"https:\/\/aflamo.shop\/de\/p\/aflamo-albion-nh-42-elektrischer-led-wandkamin-ohne-heizfunktion\/","name":"Aflamo Albion NH 42 - Elektrischer LED-Wandkamin ohne Heizfunktion - aflamo.shop-zertifizierter aflamo-H\u00e4ndler","isPartOf":{"@id":"https:\/\/aflamo.shop\/de\/#website"},"primaryImageOfPage":{"@id":"https:\/\/aflamo.shop\/de\/p\/aflamo-albion-nh-42-elektrischer-led-wandkamin-ohne-heizfunktion\/#primaryimage"},"image":{"@id":"https:\/\/aflamo.shop\/de\/p\/aflamo-albion-nh-42-elektrischer-led-wandkamin-ohne-heizfunktion\/#primaryimage"},"thumbnailUrl":"https:\/\/aflamo.shop\/wp-content\/uploads\/2023\/09\/albion-95-czarny_sq.jpg","datePublished":"2023-09-18T07:49:10+00:00","dateModified":"2025-05-15T12:27:22+00:00","description":"Albion NH LED-Wandkamin \u2013 modernes Design, Glasoberfl\u00e4che und schwarzer Rahmen. Erzeugt einen Flammeneffekt ohne Heizfunktion.","breadcrumb":{"@id":"https:\/\/aflamo.shop\/de\/p\/aflamo-albion-nh-42-elektrischer-led-wandkamin-ohne-heizfunktion\/#breadcrumb"},"inLanguage":"de","potentialAction":[{"@type":"ReadAction","target":["https:\/\/aflamo.shop\/de\/p\/aflamo-albion-nh-42-elektrischer-led-wandkamin-ohne-heizfunktion\/"]}]},{"@type":"ImageObject","inLanguage":"de","@id":"https:\/\/aflamo.shop\/de\/p\/aflamo-albion-nh-42-elektrischer-led-wandkamin-ohne-heizfunktion\/#primaryimage","url":"https:\/\/aflamo.shop\/wp-content\/uploads\/2023\/09\/albion-95-czarny_sq.jpg","contentUrl":"https:\/\/aflamo.shop\/wp-content\/uploads\/2023\/09\/albion-95-czarny_sq.jpg","width":2248,"height":2248},{"@type":"BreadcrumbList","@id":"https:\/\/aflamo.shop\/de\/p\/aflamo-albion-nh-42-elektrischer-led-wandkamin-ohne-heizfunktion\/#breadcrumb","itemListElement":[{"@type":"ListItem","position":1,"name":"Strona g\u0142\u00f3wna","item":"https:\/\/aflamo.shop\/de\/startseite\/"},{"@type":"ListItem","position":2,"name":"Shop","item":"https:\/\/aflamo.shop\/shop\/"},{"@type":"ListItem","position":3,"name":"Elektrische Kamine","item":"https:\/\/aflamo.shop\/de\/s\/elektrische-kamine\/"},{"@type":"ListItem","position":4,"name":"Eingebaute LED-Elektrokamine","item":"https:\/\/aflamo.shop\/de\/s\/elektrische-kamine\/eingebaute-led-elektrokamine\/"},{"@type":"ListItem","position":5,"name":"Aflamo Albion NH 42 &#8211; Elektrischer LED-Wandkamin ohne Heizfunktion"}]},{"@type":"WebSite","@id":"https:\/\/aflamo.shop\/de\/#website","url":"https:\/\/aflamo.shop\/de\/","name":"aflamo.shop-zertifizierter aflamo-H\u00e4ndler","description":"Kominki elektryczne Aflamo i Emotion Flame z funkcj\u0105 grzania","potentialAction":[{"@type":"SearchAction","target":{"@type":"EntryPoint","urlTemplate":"https:\/\/aflamo.shop\/de\/?s={search_term_string}"},"query-input":{"@type":"PropertyValueSpecification","valueRequired":true,"valueName":"search_term_string"}}],"inLanguage":"de"}]}},"_links":{"self":[{"href":"https:\/\/aflamo.shop\/de\/wp-json\/wp\/v2\/product\/16581","targetHints":{"allow":["GET"]}}],"collection":[{"href":"https:\/\/aflamo.shop\/de\/wp-json\/wp\/v2\/product"}],"about":[{"href":"https:\/\/aflamo.shop\/de\/wp-json\/wp\/v2\/types\/product"}],"replies":[{"embeddable":true,"href":"https:\/\/aflamo.shop\/de\/wp-json\/wp\/v2\/comments?post=16581"}],"wp:featuredmedia":[{"embeddable":true,"href":"https:\/\/aflamo.shop\/de\/wp-json\/wp\/v2\/media\/16557"}],"wp:attachment":[{"href":"https:\/\/aflamo.shop\/de\/wp-json\/wp\/v2\/media?parent=16581"}],"wp:term":[{"taxonomy":"product_brand","embeddable":true,"href":"https:\/\/aflamo.shop\/de\/wp-json\/wp\/v2\/product_brand?post=16581"},{"taxonomy":"product_cat","embeddable":true,"href":"https:\/\/aflamo.shop\/de\/wp-json\/wp\/v2\/product_cat?post=16581"},{"taxonomy":"product_tag","embeddable":true,"href":"https:\/\/aflamo.shop\/de\/wp-json\/wp\/v2\/product_tag?post=16581"}],"curies":[{"name":"wp","href":"https:\/\/api.w.org\/{rel}","templated":true}]}}