{"id":16576,"date":"2023-09-18T08:03:35","date_gmt":"2023-09-18T08:03:35","guid":{"rendered":"https:\/\/aflamo.shop\/p\/aflamo-albion-36-led-elektrokamin-fur-die-wand\/"},"modified":"2025-05-15T12:25:05","modified_gmt":"2025-05-15T12:25:05","slug":"aflamo-albion-36-led-elektrokamin-fur-die-wand","status":"publish","type":"product","link":"https:\/\/aflamo.shop\/de\/p\/aflamo-albion-36-led-elektrokamin-fur-die-wand\/","title":{"rendered":"Aflamo Albion 36 &#8211; LED-Elektrokamin f\u00fcr die Wand"},"content":{"rendered":"<p><iframe title=\"YouTube-Video-Player\" src=\"https:\/\/www.youtube.com\/embed\/EiwW_cf_13g\" width=\"560\" height=\"315\" frameborder=\"0\" allowfullscreen=\"allowfullscreen\"><\/iframe><\/p>\n<h6><\/h6>\n<p>&nbsp;<\/p>\n<h3><\/h3>\n<h3 style=\"text-align: left;\"><strong>Eigenschaften des Kamins <img fetchpriority=\"high\" decoding=\"async\" class=\"alignright wp-image-4342 \" src=\"https:\/\/aflamo.shop\/wp-content\/uploads\/2023\/05\/Albion-infografika_kolka-1-300x131.jpg\" alt=\"\" width=\"444\" height=\"194\" srcset=\"https:\/\/aflamo.shop\/wp-content\/uploads\/2023\/05\/Albion-infografika_kolka-1-300x131.jpg 300w, https:\/\/aflamo.shop\/wp-content\/uploads\/2023\/05\/Albion-infografika_kolka-1-600x261.jpg 600w, https:\/\/aflamo.shop\/wp-content\/uploads\/2023\/05\/Albion-infografika_kolka-1-768x334.jpg 768w, https:\/\/aflamo.shop\/wp-content\/uploads\/2023\/05\/Albion-infografika_kolka-1.jpg 800w\" sizes=\"(max-width: 444px) 100vw, 444px\" \/><br \/>\n<\/strong><\/h3>\n<p>&nbsp;<\/p>\n<ol class=\"numlist\">\n<li>2 Heizstufen: 750 \/ 1500 W<\/li>\n<li>Offene Flammensensor<\/li>\n<li>digitaler Thermostat<\/li>\n<li>Fernbedienung<\/li>\n<li>Bedienfeld<\/li>\n<li>Kamin inklusive: Holzscheit<\/li>\n<li>4 Stufen der Flammenhelligkeit<\/li>\n<li>Flammenfarbe: orange<\/li>\n<li>Kamin f\u00fcr 4 Jahreszeiten<\/li>\n<\/ol>\n<h3 style=\"text-align: left;\"><\/h3>\n<p>&nbsp;<\/p>\n<h3 style=\"text-align: left;\"><strong>Installation<\/strong><\/h3>\n<p style=\"text-align: left;\"><strong>Kamin zum Aufh\u00e4ngen an der Wand.<\/strong><\/p>\n<p>&nbsp;<\/p>\n<h3 style=\"text-align: left;\"><strong>Kamininstallation <\/strong><\/h3>\n<h3 style=\"text-align: left;\"><strong>  <\/strong><\/h3>\n<div class=\"naprzemienne-opis\" style=\"text-align: left;\">\n<ol>\n<li>Installieren Sie den im Kit enthaltenen Aufh\u00e4nger<\/li>\n<li>Den Kamin aufh\u00e4ngen<\/li>\n<li>Genie\u00dfen Sie Ihren Kamin<\/li>\n<\/ol>\n<\/div>\n<p>&nbsp;<\/p>\n<h3 style=\"text-align: left;\"><strong>Flamme<\/strong><\/h3>\n<p>Die Flamme hat:<\/p>\n<p><span class=\"digit\">1 Farbe<\/span><\/p>\n<p style=\"text-align: left;\"><img decoding=\"async\" class=\"wp-image-4266 size-full alignright\" src=\"https:\/\/aflamo.shop\/wp-content\/uploads\/2023\/05\/plomien-albion-1.jpg\" alt=\"\" width=\"413\" height=\"144\" srcset=\"https:\/\/aflamo.shop\/wp-content\/uploads\/2023\/05\/plomien-albion-1.jpg 413w, https:\/\/aflamo.shop\/wp-content\/uploads\/2023\/05\/plomien-albion-1-300x105.jpg 300w\" sizes=\"(max-width: 413px) 100vw, 413px\" \/><\/p>\n<h3><\/h3>\n<h3><\/h3>\n<p>&nbsp;<\/p>\n<p>&nbsp;<\/p>\n<h3 style=\"text-align: left;\"><strong>Palenisko<img decoding=\"async\" class=\"alignright wp-image-4272 size-full\" src=\"https:\/\/aflamo.shop\/wp-content\/uploads\/2023\/05\/albion_polana-1.jpg\" alt=\"\" width=\"400\" height=\"133\" srcset=\"https:\/\/aflamo.shop\/wp-content\/uploads\/2023\/05\/albion_polana-1.jpg 400w, https:\/\/aflamo.shop\/wp-content\/uploads\/2023\/05\/albion_polana-1-300x100.jpg 300w\" sizes=\"(max-width: 400px) 100vw, 400px\" \/><\/strong><\/h3>\n<p>1 Kamin: Holzscheit<\/p>\n<p style=\"text-align: left;\"><span class=\"digit\"> <\/span><\/p>\n<h3><\/h3>\n<h3><strong>Heizung<\/strong><\/h3>\n<ul>\n<li>Die Erw\u00e4rmung erfolgt unabh\u00e4ngig von der Flamme. Sie k\u00f6nnen es jederzeit ein- und ausschalten. <\/li>\n<li>2 Heizstufen: 750\/1500 W<\/li>\n<li>Der Sensor f\u00fcr offene Fenster schaltet die Heizung aus, wenn er einen pl\u00f6tzlichen Temperaturabfall feststellt.<\/li>\n<\/ul>\n<h3><\/h3>\n<h3 style=\"text-align: left;\"><strong>Komfort und Bequemlichkeit<\/strong><\/h3>\n<p style=\"text-align: left;\">Ein elektrischer Kamin dient vor allem der Entspannung.<\/p>\n<div class=\"feature\">\n<ul style=\"text-align: left;\">\n<li>Kamin mit Fernbedienung steuerbar.<\/li>\n<li>Ben\u00f6tigt keine zus\u00e4tzliche Bel\u00fcftung. Es ist nicht erforderlich, den Raum zu l\u00fcften und gleichzeitig kalte oder feuchte Luft hereinzulassen. Sie m\u00fcssen das Fenster nicht \u00f6ffnen und Au\u00dfenger\u00e4usche hereinlassen. <\/li>\n<li>Timer \/ Der Timer schaltet den Kamin automatisch aus. Sie stellen es ein und vergessen es. <\/li>\n<\/ul>\n<p>&nbsp;<\/p>\n<h3>Technische Daten<\/h3>\n<\/div>\n<p>&nbsp;<\/p>\n<table width=\"548\" cellspacing=\"0\" cellpadding=\"2\">\n<colgroup>\n<col width=\"216\">\n<col width=\"324\"><\/colgroup>\n<tbody>\n<tr>\n<td width=\"216\">\n<table width=\"548\" cellspacing=\"0\" cellpadding=\"2\">\n<colgroup>\n<col width=\"216\">\n<col width=\"324\"><\/colgroup>\n<tbody>\n<tr>\n<td width=\"216\">Installationsmethoden<\/td>\n<td width=\"324\">an der Wand h\u00e4ngen<\/td>\n<\/tr>\n<tr>\n<td width=\"216\">Einzigartiges Merkmal<\/td>\n<td width=\"324\">Die Frontplatte besteht komplett aus Glas.<\/td>\n<\/tr>\n<tr>\n<td width=\"216\">Flammeneffekt<\/td>\n<td width=\"324\">LED<\/td>\n<\/tr>\n<tr>\n<td width=\"216\">Mobile Anwendung<\/td>\n<td width=\"324\">nicht<\/td>\n<\/tr>\n<tr>\n<td width=\"216\">Fernsteuerung<\/td>\n<td width=\"324\">ja<\/td>\n<\/tr>\n<tr>\n<td width=\"216\">Farbe\/Finish<\/td>\n<td width=\"324\">Metall, Glas, schwarz<\/td>\n<\/tr>\n<tr>\n<td width=\"216\">Zeitschaltuhr (Timer)<\/td>\n<td width=\"324\">ja<\/td>\n<\/tr>\n<tr>\n<td width=\"216\">W\u00f6chentlicher Programmierer<\/td>\n<td width=\"324\">nein<\/td>\n<\/tr>\n<tr>\n<td width=\"216\">Heizfunktion<\/td>\n<td width=\"324\">ja<\/td>\n<\/tr>\n<tr>\n<td width=\"216\">Flamme unabh\u00e4ngig von der Heizfunktion<\/td>\n<td width=\"324\">ja<\/td>\n<\/tr>\n<tr>\n<td width=\"216\">Heizleistung<\/td>\n<td width=\"324\">750\/1500 W<\/td>\n<\/tr>\n<tr>\n<td width=\"216\">Temperaturkontrolle<\/td>\n<td width=\"324\">von 18 bis 30\u00b0 C<\/td>\n<\/tr>\n<tr>\n<td width=\"216\">Schutz vor \u00dcberhitzung<\/td>\n<td width=\"324\">ja<\/td>\n<\/tr>\n<tr>\n<td width=\"216\">Thermostat<\/td>\n<td width=\"324\">ja<\/td>\n<\/tr>\n<tr>\n<td width=\"216\">Flammenfarben::<\/p>\n<p>&nbsp;<\/p>\n<\/td>\n<p>Feuerstelle<\/p>\n<td width=\"324\"><span class=\"digit\">1<\/span> Farbe<br \/>\nFeuerstellen inklusive: Holzscheit.<\/td>\n<\/tr>\n<tr>\n<td width=\"216\">Garantie<\/td>\n<td width=\"324\">2 Jahre<\/td>\n<\/tr>\n<tr>\n<td width=\"216\">L\u00e4nge des Netzkabels<\/td>\n<td width=\"324\">1,8 m<\/td>\n<\/tr>\n<tr>\n<td width=\"216\">Spannung<\/td>\n<td width=\"324\">220 V<\/td>\n<\/tr>\n<\/tbody>\n<\/table>\n<\/td>\n<\/tr>\n<\/tbody>\n<\/table>\n<p>&nbsp;<\/p>\n<p>Albion, der elektrische Wandkamin mit LED-Beleuchtung, ist die Quintessenz aus Modernit\u00e4t und Funktionalit\u00e4t und wurde entwickelt, um Ihrem Interieur au\u00dfergew\u00f6hnlichen Charme und Komfort zu verleihen. Dank seines wandmontierten Designs ist der Kamin Albion nicht nur eine Quelle der Sch\u00f6nheit, sondern spart auch Platz. <\/p>\n<p>Eines der markanten Elemente des Kamins Albion ist das zweistufige Heizsystem mit einer Leistung von 750W oder 1500W, das es Ihnen erm\u00f6glicht, die W\u00e4rme an die aktuellen Bed\u00fcrfnisse und Bedingungen im Raum anzupassen. Erg\u00e4nzt wird diese Funktion durch einen digitalen Thermostat, der eine pr\u00e4zise Einstellung der gew\u00fcnschten Temperatur erm\u00f6glicht und so f\u00fcr thermischen Komfort auf h\u00f6chstem Niveau sorgt. <\/p>\n<p>Der Kamin Albion ist mit einem offenen Feuersensor ausgestattet, was bedeutet, dass er sich automatisch ausschaltet, wenn ein Fenster ge\u00f6ffnet wird. Dies ist ein intelligenter Schutz sowohl f\u00fcr den Benutzer als auch f\u00fcr das Ger\u00e4t selbst. <\/p>\n<p>Dank des praktischen Bedienfelds und der Fernbedienung ist der Kamin Albion ganz einfach zu bedienen und erm\u00f6glicht Ihnen die Einstellung der Flammenfunktion, der W\u00e4rmestufe und der Flammenhelligkeit von einem bequemen Ort aus.<\/p>\n<p>Die im Lieferumfang des Kamins enthaltene Feuerbox ist ein attraktives Holzscheit, das dem Kamin einen nat\u00fcrlichen Charme verleiht. Mit 4 Flammenhelligkeitsstufen k\u00f6nnen Sie die Flammenintensit\u00e4t an Ihre Stimmung und Atmosph\u00e4re anpassen und die orange Flammenfarbe erzeugt die Illusion von echtem Feuer. <\/p>\n<p>Hervorzuheben ist, dass es sich beim Kamin Albion um einen 4-Jahreszeiten-Kamin handelt, das hei\u00dft, die Heizung erfolgt unabh\u00e4ngig von der Flamme. Dies ist eine perfekte L\u00f6sung, die es Ihnen erm\u00f6glicht, das ganze Jahr \u00fcber die Sch\u00f6nheit eines brennenden Feuers zu genie\u00dfen, unabh\u00e4ngig von der Au\u00dfentemperatur. <\/p>\n<p>Zusammenfassend ist der Wandkamin Albion ein einzigartiges Dekorationselement und eine Quelle der Behaglichkeit. Sein zweistufiges Heizsystem, der offene Flammensensor, der digitale Thermostat, die Fernbedienung, das Bedienfeld, das attraktive Holzscheit, die einstellbare Flammenhelligkeit und Flammenfarbe in Kombination mit der unabh\u00e4ngigen Heizung machen ihn das ganze Jahr \u00fcber zu einem gro\u00dfartigen Begleiter. Es ist nicht nur ein Kamin, sondern ein aufregendes visuelles und thermisches Erlebnis, das jedem Raum eine einzigartige Atmosph\u00e4re verleiht.  <\/p>\n<p>&nbsp;<\/p>\n<div class=\"feature\">\n<p style=\"text-align: left;\">Technische Zeichnungen<\/p>\n<p>Albion 33<\/p>\n<p><img loading=\"lazy\" decoding=\"async\" class=\"alignnone wp-image-4348 size-full\" src=\"https:\/\/aflamo.shop\/wp-content\/uploads\/2023\/05\/albion-33-bialy-4.jpg\" alt=\"\" width=\"924\" height=\"605\" srcset=\"https:\/\/aflamo.shop\/wp-content\/uploads\/2023\/05\/albion-33-bialy-4.jpg 924w, https:\/\/aflamo.shop\/wp-content\/uploads\/2023\/05\/albion-33-bialy-4-600x393.jpg 600w, https:\/\/aflamo.shop\/wp-content\/uploads\/2023\/05\/albion-33-bialy-4-300x196.jpg 300w, https:\/\/aflamo.shop\/wp-content\/uploads\/2023\/05\/albion-33-bialy-4-768x503.jpg 768w\" sizes=\"(max-width: 924px) 100vw, 924px\" \/><\/p>\n<p>Albion 36<\/p>\n<p>&nbsp;<\/p>\n<p><img loading=\"lazy\" decoding=\"async\" class=\"alignnone wp-image-4290 size-full\" src=\"https:\/\/aflamo.shop\/wp-content\/uploads\/2023\/05\/Albion_36.png\" alt=\"\" width=\"1424\" height=\"791\" srcset=\"https:\/\/aflamo.shop\/wp-content\/uploads\/2023\/05\/Albion_36.png 1424w, https:\/\/aflamo.shop\/wp-content\/uploads\/2023\/05\/Albion_36-600x333.png 600w, https:\/\/aflamo.shop\/wp-content\/uploads\/2023\/05\/Albion_36-300x167.png 300w, https:\/\/aflamo.shop\/wp-content\/uploads\/2023\/05\/Albion_36-1024x569.png 1024w, https:\/\/aflamo.shop\/wp-content\/uploads\/2023\/05\/Albion_36-768x427.png 768w\" sizes=\"(max-width: 1424px) 100vw, 1424px\" \/><\/p>\n<p>&nbsp;<\/p>\n<p>Albion 42<\/p>\n<p><img loading=\"lazy\" decoding=\"async\" class=\"alignnone wp-image-4278 size-full\" src=\"https:\/\/aflamo.shop\/wp-content\/uploads\/2023\/05\/Albion_42.png\" alt=\"\" width=\"1431\" height=\"865\" srcset=\"https:\/\/aflamo.shop\/wp-content\/uploads\/2023\/05\/Albion_42.png 1431w, https:\/\/aflamo.shop\/wp-content\/uploads\/2023\/05\/Albion_42-600x363.png 600w, https:\/\/aflamo.shop\/wp-content\/uploads\/2023\/05\/Albion_42-300x181.png 300w, https:\/\/aflamo.shop\/wp-content\/uploads\/2023\/05\/Albion_42-1024x619.png 1024w, https:\/\/aflamo.shop\/wp-content\/uploads\/2023\/05\/Albion_42-768x464.png 768w\" sizes=\"(max-width: 1431px) 100vw, 1431px\" \/><\/p>\n<p>&nbsp;<\/p>\n<\/div>\n<p>&nbsp;<\/p>\n<p>Albion 50<\/p>\n<p><img loading=\"lazy\" decoding=\"async\" class=\"alignnone wp-image-4284 size-full\" src=\"https:\/\/aflamo.shop\/wp-content\/uploads\/2023\/05\/Albion_50.png\" alt=\"\" width=\"1048\" height=\"574\" srcset=\"https:\/\/aflamo.shop\/wp-content\/uploads\/2023\/05\/Albion_50.png 1048w, https:\/\/aflamo.shop\/wp-content\/uploads\/2023\/05\/Albion_50-600x329.png 600w, https:\/\/aflamo.shop\/wp-content\/uploads\/2023\/05\/Albion_50-300x164.png 300w, https:\/\/aflamo.shop\/wp-content\/uploads\/2023\/05\/Albion_50-1024x561.png 1024w, https:\/\/aflamo.shop\/wp-content\/uploads\/2023\/05\/Albion_50-768x421.png 768w\" sizes=\"(max-width: 1048px) 100vw, 1048px\" \/><\/p>\n<p>&nbsp;<\/p>\n<p>&nbsp;<\/p>\n<p>&nbsp;<\/p>\n<p>&nbsp;<\/p>\n","protected":false},"excerpt":{"rendered":"<p>Wandkamin mit Heizfunktion<\/p>\n<p><b>Modell:<\/b><\/p>\n<ul>\n<li><a href=\"https:\/\/aflamo.shop\/de\/p\/aflamo-albion-33-led-elektrokamin-fur-die-wand\/\">33<\/a><\/li>\n<li><a href=\"https:\/\/aflamo.shop\/de\/p\/aflamo-albion-36-led-elektrokamin-fur-die-wand\/\">36<\/a><\/li>\n<li><a href=\"https:\/\/aflamo.shop\/de\/p\/aflamo-albion-42-led-elektrokamin-fur-die-wand\/\">42<\/a><\/li>\n<li><a href=\"https:\/\/aflamo.shop\/de\/p\/aflamo-albion-50-led-elektrokamin-fur-die-wand\/\">50<\/a><\/li>\n<\/ul>\n<p><a href=\"https:\/\/aflamo.shop\/wp-content\/uploads\/2023\/09\/Aflamo-ALBION-EN-PL-DE-IT-ES-FR-CS-SK-NL-4.pdf\">Anweisungen und wichtige Sicherheitsinformationen<\/a><\/p>\n<p><b>Abmessungen<\/b>: 91,5 x 45,5 x 14 cm<\/p>\n","protected":false},"featured_media":16557,"comment_status":"closed","ping_status":"closed","template":"","meta":[],"product_brand":[],"product_cat":[799,800,804,802],"product_tag":[],"class_list":{"0":"post-16576","1":"product","2":"type-product","3":"status-publish","4":"has-post-thumbnail","6":"product_cat-aflamo-de","7":"product_cat-elektrische-kamine","8":"product_cat-elektrische-kamine-zum-aufhangen-an-der-wand","9":"product_cat-led-elektrokamine-mit-heizfunktion","11":"first","12":"outofstock","13":"shipping-taxable","14":"purchasable","15":"product-type-simple"},"yoast_head":"<!-- This site is optimized with the Yoast SEO plugin v27.1.1 - https:\/\/yoast.com\/product\/yoast-seo-wordpress\/ -->\n<title>Aflamo Albion 36 - LED-Elektrokamin f\u00fcr die Wand - aflamo.shop-zertifizierter aflamo-H\u00e4ndler<\/title>\n<meta name=\"description\" content=\"Wandkamin Albion \u2013 Dekoration und Komfort in einem. Zweistufige Heizung, Thermostat, Fernbedienung, Helligkeits- und Flammenfarbeneinstellung\" \/>\n<meta name=\"robots\" content=\"index, follow, max-snippet:-1, max-image-preview:large, max-video-preview:-1\" \/>\n<link rel=\"canonical\" href=\"https:\/\/aflamo.shop\/de\/p\/aflamo-albion-36-led-elektrokamin-fur-die-wand\/\" \/>\n<meta property=\"og:locale\" content=\"de_DE\" \/>\n<meta property=\"og:type\" content=\"article\" \/>\n<meta property=\"og:title\" content=\"Aflamo Albion 36 - LED-Elektrokamin f\u00fcr die Wand - aflamo.shop-zertifizierter aflamo-H\u00e4ndler\" \/>\n<meta property=\"og:description\" content=\"Wandkamin Albion \u2013 Dekoration und Komfort in einem. Zweistufige Heizung, Thermostat, Fernbedienung, Helligkeits- und Flammenfarbeneinstellung\" \/>\n<meta property=\"og:url\" content=\"https:\/\/aflamo.shop\/de\/p\/aflamo-albion-36-led-elektrokamin-fur-die-wand\/\" \/>\n<meta property=\"og:site_name\" content=\"aflamo.shop-zertifizierter aflamo-H\u00e4ndler\" \/>\n<meta property=\"article:modified_time\" content=\"2025-05-15T12:25:05+00:00\" \/>\n<meta property=\"og:image\" content=\"https:\/\/aflamo.shop\/wp-content\/uploads\/2023\/09\/albion-95-czarny_sq.jpg\" \/>\n\t<meta property=\"og:image:width\" content=\"2248\" \/>\n\t<meta property=\"og:image:height\" content=\"2248\" \/>\n\t<meta property=\"og:image:type\" content=\"image\/jpeg\" \/>\n<meta name=\"twitter:card\" content=\"summary_large_image\" \/>\n<meta name=\"twitter:label1\" content=\"Gesch\u00e4tzte Lesezeit\" \/>\n\t<meta name=\"twitter:data1\" content=\"5\u00a0Minuten\" \/>\n<script type=\"application\/ld+json\" class=\"yoast-schema-graph\">{\"@context\":\"https:\/\/schema.org\",\"@graph\":[{\"@type\":\"WebPage\",\"@id\":\"https:\/\/aflamo.shop\/de\/p\/aflamo-albion-36-led-elektrokamin-fur-die-wand\/\",\"url\":\"https:\/\/aflamo.shop\/de\/p\/aflamo-albion-36-led-elektrokamin-fur-die-wand\/\",\"name\":\"Aflamo Albion 36 - LED-Elektrokamin f\u00fcr die Wand - aflamo.shop-zertifizierter aflamo-H\u00e4ndler\",\"isPartOf\":{\"@id\":\"https:\/\/aflamo.shop\/de\/#website\"},\"primaryImageOfPage\":{\"@id\":\"https:\/\/aflamo.shop\/de\/p\/aflamo-albion-36-led-elektrokamin-fur-die-wand\/#primaryimage\"},\"image\":{\"@id\":\"https:\/\/aflamo.shop\/de\/p\/aflamo-albion-36-led-elektrokamin-fur-die-wand\/#primaryimage\"},\"thumbnailUrl\":\"https:\/\/aflamo.shop\/wp-content\/uploads\/2023\/09\/albion-95-czarny_sq.jpg\",\"datePublished\":\"2023-09-18T08:03:35+00:00\",\"dateModified\":\"2025-05-15T12:25:05+00:00\",\"description\":\"Wandkamin Albion \u2013 Dekoration und Komfort in einem. Zweistufige Heizung, Thermostat, Fernbedienung, Helligkeits- und Flammenfarbeneinstellung\",\"breadcrumb\":{\"@id\":\"https:\/\/aflamo.shop\/de\/p\/aflamo-albion-36-led-elektrokamin-fur-die-wand\/#breadcrumb\"},\"inLanguage\":\"de\",\"potentialAction\":[{\"@type\":\"ReadAction\",\"target\":[\"https:\/\/aflamo.shop\/de\/p\/aflamo-albion-36-led-elektrokamin-fur-die-wand\/\"]}]},{\"@type\":\"ImageObject\",\"inLanguage\":\"de\",\"@id\":\"https:\/\/aflamo.shop\/de\/p\/aflamo-albion-36-led-elektrokamin-fur-die-wand\/#primaryimage\",\"url\":\"https:\/\/aflamo.shop\/wp-content\/uploads\/2023\/09\/albion-95-czarny_sq.jpg\",\"contentUrl\":\"https:\/\/aflamo.shop\/wp-content\/uploads\/2023\/09\/albion-95-czarny_sq.jpg\",\"width\":2248,\"height\":2248},{\"@type\":\"BreadcrumbList\",\"@id\":\"https:\/\/aflamo.shop\/de\/p\/aflamo-albion-36-led-elektrokamin-fur-die-wand\/#breadcrumb\",\"itemListElement\":[{\"@type\":\"ListItem\",\"position\":1,\"name\":\"Strona g\u0142\u00f3wna\",\"item\":\"https:\/\/aflamo.shop\/de\/startseite\/\"},{\"@type\":\"ListItem\",\"position\":2,\"name\":\"Shop\",\"item\":\"https:\/\/aflamo.shop\/shop\/\"},{\"@type\":\"ListItem\",\"position\":3,\"name\":\"Elektrische Kamine\",\"item\":\"https:\/\/aflamo.shop\/de\/s\/elektrische-kamine\/\"},{\"@type\":\"ListItem\",\"position\":4,\"name\":\"Elektrische Kamine zum Aufh\u00e4ngen an der Wand\",\"item\":\"https:\/\/aflamo.shop\/de\/s\/elektrische-kamine\/elektrische-kamine-zum-aufhangen-an-der-wand\/\"},{\"@type\":\"ListItem\",\"position\":5,\"name\":\"Aflamo Albion 36 &#8211; LED-Elektrokamin f\u00fcr die Wand\"}]},{\"@type\":\"WebSite\",\"@id\":\"https:\/\/aflamo.shop\/de\/#website\",\"url\":\"https:\/\/aflamo.shop\/de\/\",\"name\":\"aflamo.shop-zertifizierter aflamo-H\u00e4ndler\",\"description\":\"Kominki elektryczne Aflamo i Emotion Flame z funkcj\u0105 grzania\",\"potentialAction\":[{\"@type\":\"SearchAction\",\"target\":{\"@type\":\"EntryPoint\",\"urlTemplate\":\"https:\/\/aflamo.shop\/de\/?s={search_term_string}\"},\"query-input\":{\"@type\":\"PropertyValueSpecification\",\"valueRequired\":true,\"valueName\":\"search_term_string\"}}],\"inLanguage\":\"de\"}]}<\/script>\n<!-- \/ Yoast SEO plugin. -->","yoast_head_json":{"title":"Aflamo Albion 36 - LED-Elektrokamin f\u00fcr die Wand - aflamo.shop-zertifizierter aflamo-H\u00e4ndler","description":"Wandkamin Albion \u2013 Dekoration und Komfort in einem. Zweistufige Heizung, Thermostat, Fernbedienung, Helligkeits- und Flammenfarbeneinstellung","robots":{"index":"index","follow":"follow","max-snippet":"max-snippet:-1","max-image-preview":"max-image-preview:large","max-video-preview":"max-video-preview:-1"},"canonical":"https:\/\/aflamo.shop\/de\/p\/aflamo-albion-36-led-elektrokamin-fur-die-wand\/","og_locale":"de_DE","og_type":"article","og_title":"Aflamo Albion 36 - LED-Elektrokamin f\u00fcr die Wand - aflamo.shop-zertifizierter aflamo-H\u00e4ndler","og_description":"Wandkamin Albion \u2013 Dekoration und Komfort in einem. Zweistufige Heizung, Thermostat, Fernbedienung, Helligkeits- und Flammenfarbeneinstellung","og_url":"https:\/\/aflamo.shop\/de\/p\/aflamo-albion-36-led-elektrokamin-fur-die-wand\/","og_site_name":"aflamo.shop-zertifizierter aflamo-H\u00e4ndler","article_modified_time":"2025-05-15T12:25:05+00:00","og_image":[{"width":2248,"height":2248,"url":"https:\/\/aflamo.shop\/wp-content\/uploads\/2023\/09\/albion-95-czarny_sq.jpg","type":"image\/jpeg"}],"twitter_card":"summary_large_image","twitter_misc":{"Gesch\u00e4tzte Lesezeit":"5\u00a0Minuten"},"schema":{"@context":"https:\/\/schema.org","@graph":[{"@type":"WebPage","@id":"https:\/\/aflamo.shop\/de\/p\/aflamo-albion-36-led-elektrokamin-fur-die-wand\/","url":"https:\/\/aflamo.shop\/de\/p\/aflamo-albion-36-led-elektrokamin-fur-die-wand\/","name":"Aflamo Albion 36 - LED-Elektrokamin f\u00fcr die Wand - aflamo.shop-zertifizierter aflamo-H\u00e4ndler","isPartOf":{"@id":"https:\/\/aflamo.shop\/de\/#website"},"primaryImageOfPage":{"@id":"https:\/\/aflamo.shop\/de\/p\/aflamo-albion-36-led-elektrokamin-fur-die-wand\/#primaryimage"},"image":{"@id":"https:\/\/aflamo.shop\/de\/p\/aflamo-albion-36-led-elektrokamin-fur-die-wand\/#primaryimage"},"thumbnailUrl":"https:\/\/aflamo.shop\/wp-content\/uploads\/2023\/09\/albion-95-czarny_sq.jpg","datePublished":"2023-09-18T08:03:35+00:00","dateModified":"2025-05-15T12:25:05+00:00","description":"Wandkamin Albion \u2013 Dekoration und Komfort in einem. Zweistufige Heizung, Thermostat, Fernbedienung, Helligkeits- und Flammenfarbeneinstellung","breadcrumb":{"@id":"https:\/\/aflamo.shop\/de\/p\/aflamo-albion-36-led-elektrokamin-fur-die-wand\/#breadcrumb"},"inLanguage":"de","potentialAction":[{"@type":"ReadAction","target":["https:\/\/aflamo.shop\/de\/p\/aflamo-albion-36-led-elektrokamin-fur-die-wand\/"]}]},{"@type":"ImageObject","inLanguage":"de","@id":"https:\/\/aflamo.shop\/de\/p\/aflamo-albion-36-led-elektrokamin-fur-die-wand\/#primaryimage","url":"https:\/\/aflamo.shop\/wp-content\/uploads\/2023\/09\/albion-95-czarny_sq.jpg","contentUrl":"https:\/\/aflamo.shop\/wp-content\/uploads\/2023\/09\/albion-95-czarny_sq.jpg","width":2248,"height":2248},{"@type":"BreadcrumbList","@id":"https:\/\/aflamo.shop\/de\/p\/aflamo-albion-36-led-elektrokamin-fur-die-wand\/#breadcrumb","itemListElement":[{"@type":"ListItem","position":1,"name":"Strona g\u0142\u00f3wna","item":"https:\/\/aflamo.shop\/de\/startseite\/"},{"@type":"ListItem","position":2,"name":"Shop","item":"https:\/\/aflamo.shop\/shop\/"},{"@type":"ListItem","position":3,"name":"Elektrische Kamine","item":"https:\/\/aflamo.shop\/de\/s\/elektrische-kamine\/"},{"@type":"ListItem","position":4,"name":"Elektrische Kamine zum Aufh\u00e4ngen an der Wand","item":"https:\/\/aflamo.shop\/de\/s\/elektrische-kamine\/elektrische-kamine-zum-aufhangen-an-der-wand\/"},{"@type":"ListItem","position":5,"name":"Aflamo Albion 36 &#8211; LED-Elektrokamin f\u00fcr die Wand"}]},{"@type":"WebSite","@id":"https:\/\/aflamo.shop\/de\/#website","url":"https:\/\/aflamo.shop\/de\/","name":"aflamo.shop-zertifizierter aflamo-H\u00e4ndler","description":"Kominki elektryczne Aflamo i Emotion Flame z funkcj\u0105 grzania","potentialAction":[{"@type":"SearchAction","target":{"@type":"EntryPoint","urlTemplate":"https:\/\/aflamo.shop\/de\/?s={search_term_string}"},"query-input":{"@type":"PropertyValueSpecification","valueRequired":true,"valueName":"search_term_string"}}],"inLanguage":"de"}]}},"_links":{"self":[{"href":"https:\/\/aflamo.shop\/de\/wp-json\/wp\/v2\/product\/16576","targetHints":{"allow":["GET"]}}],"collection":[{"href":"https:\/\/aflamo.shop\/de\/wp-json\/wp\/v2\/product"}],"about":[{"href":"https:\/\/aflamo.shop\/de\/wp-json\/wp\/v2\/types\/product"}],"replies":[{"embeddable":true,"href":"https:\/\/aflamo.shop\/de\/wp-json\/wp\/v2\/comments?post=16576"}],"wp:featuredmedia":[{"embeddable":true,"href":"https:\/\/aflamo.shop\/de\/wp-json\/wp\/v2\/media\/16557"}],"wp:attachment":[{"href":"https:\/\/aflamo.shop\/de\/wp-json\/wp\/v2\/media?parent=16576"}],"wp:term":[{"taxonomy":"product_brand","embeddable":true,"href":"https:\/\/aflamo.shop\/de\/wp-json\/wp\/v2\/product_brand?post=16576"},{"taxonomy":"product_cat","embeddable":true,"href":"https:\/\/aflamo.shop\/de\/wp-json\/wp\/v2\/product_cat?post=16576"},{"taxonomy":"product_tag","embeddable":true,"href":"https:\/\/aflamo.shop\/de\/wp-json\/wp\/v2\/product_tag?post=16576"}],"curies":[{"name":"wp","href":"https:\/\/api.w.org\/{rel}","templated":true}]}}